{"id":23846,"date":"2019-03-01T09:13:59","date_gmt":"2019-03-01T09:13:59","guid":{"rendered":"https:\/\/www.eveline.hu\/2016\/?post_type=product&#038;p=23846"},"modified":"2023-07-10T14:11:28","modified_gmt":"2023-07-10T12:11:28","slug":"magical-gel-2-lepeses-manikur-2x5ml","status":"publish","type":"product","link":"https:\/\/www.eveline.hu\/2016\/eveline-kozmetikumok-szepsegapolas\/smink\/korom\/szines-koromlakkok\/magical-gel-2-lepeses-manikur-2x5ml\/","title":{"rendered":"MAGICAL  GEL  2 l\u00e9p\u00e9ses manik\u0171r 2x5ml t\u00f6bb sz\u00ednben"},"content":{"rendered":"<p>MAGICAL\u00a0 GEL\u00a0 2 l\u00e9p\u00e9ses manik\u0171r<\/p>\n<p>A term\u00e9szetes f\u00e9ny hat\u00e1s\u00e1ra kem\u00e9ny\u00edti a g\u00e9lt. A k\u00e9t l\u00e9p\u00e9ses k\u00e9sz\u00edtm\u00e9ny, g\u00e9l manik\u0171r hat\u00e1st biztos\u00edt. A k\u00f6rm\u00f6knek magas f\u00e9nyt ny\u00fajt, felsz\u00edn\u00fck ide\u00e1lisan sima lesz, rendk\u00edv\u00fclien ellen\u00e1ll\u00f3 a kop\u00e1sra \u00e9s lepattog\u00e1sra.<\/p>\n<p>Alkalmaz\u00e1s:<\/p>\n<ol>\n<li>l\u00e9p\u00e9s: Haszn\u00e1lja a COLOR MAGICAL g\u00e9lt egy vagy k\u00e9t r\u00e9tegben a megtiszt\u00edtott, zs\u00edrtalan\u00edtott sz\u00e1raz k\u00f6rm\u00f6k\u00f6n. (gyeng\u00e9den r\u00e1zza fel az \u00fcveget haszn\u00e1lat el\u0151tt)\u00a0 Ne siessen a m\u00e1sodik r\u00e9teg felvitel\u00e9vel, hagyja j\u00f3l megsz\u00e1radni az els\u0151t.<\/li>\n<\/ol>\n<ol start=\"2\">\n<li>l\u00e9p\u00e9s: Gondosan, v\u00e9kony r\u00e9tegben vigye fel a TOP COAT MAGICAL g\u00e9lt a teljesen megsz\u00e1radt COLOR MAGICAL g\u00e9lre. 5 perc ut\u00e1n a manik\u0171r sz\u00e1raz lesz. V\u00e1rjon t\u00f6bb mint 10 percet a g\u00e9l teljes kem\u00e9nyed\u00e9s\u00e9ig.<\/li>\n<\/ol>\n<p>Nincs sz\u00fcks\u00e9g UV\/LED l\u00e1mp\u00e1ra.<\/p>\n","protected":false},"excerpt":{"rendered":"<p>MAGICAL\u00a0 GEL\u00a0 2 l\u00e9p\u00e9ses manik\u0171r A term\u00e9szetes f\u00e9ny hat\u00e1s\u00e1ra kem\u00e9ny\u00edti a g\u00e9lt. A k\u00e9t l\u00e9p\u00e9ses k\u00e9sz\u00edtm\u00e9ny, g\u00e9l manik\u0171r hat\u00e1st biztos\u00edt. A k\u00f6rm\u00f6knek magas f\u00e9nyt ny\u00fajt, felsz\u00edn\u00fck ide\u00e1lisan sima lesz, rendk\u00edv\u00fclien ellen\u00e1ll\u00f3 a kop\u00e1sra \u00e9s lepattog\u00e1sra. Alkalmaz\u00e1s: l\u00e9p\u00e9s: Haszn\u00e1lja a COLOR [&hellip;]<\/p>\n","protected":false},"featured_media":23858,"comment_status":"open","ping_status":"closed","template":"","meta":[],"product_cat":[130,156,157],"product_tag":[],"yoast_head":"<!-- This site is optimized with the Yoast SEO plugin v22.2 - https:\/\/yoast.com\/wordpress\/plugins\/seo\/ -->\n<title>MAGICAL GEL 2 l\u00e9p\u00e9ses manik\u0171r 2x5ml t\u00f6bb sz\u00ednben - Eveline Cosmetics Magyarorsz\u00e1g<\/title>\n<meta name=\"robots\" content=\"index, follow, max-snippet:-1, max-image-preview:large, max-video-preview:-1\" \/>\n<link rel=\"canonical\" href=\"https:\/\/www.eveline.hu\/2016\/eveline-kozmetikumok-szepsegapolas\/smink\/korom\/szines-koromlakkok\/magical-gel-2-lepeses-manikur-2x5ml\/\" \/>\n<meta property=\"og:locale\" content=\"hu_HU\" \/>\n<meta property=\"og:type\" content=\"article\" \/>\n<meta property=\"og:title\" content=\"MAGICAL GEL 2 l\u00e9p\u00e9ses manik\u0171r 2x5ml t\u00f6bb sz\u00ednben - Eveline Cosmetics Magyarorsz\u00e1g\" \/>\n<meta property=\"og:description\" content=\"MAGICAL\u00a0 GEL\u00a0 2 l\u00e9p\u00e9ses manik\u0171r A term\u00e9szetes f\u00e9ny hat\u00e1s\u00e1ra kem\u00e9ny\u00edti a g\u00e9lt. A k\u00e9t l\u00e9p\u00e9ses k\u00e9sz\u00edtm\u00e9ny, g\u00e9l manik\u0171r hat\u00e1st biztos\u00edt. A k\u00f6rm\u00f6knek magas f\u00e9nyt ny\u00fajt, felsz\u00edn\u00fck ide\u00e1lisan sima lesz, rendk\u00edv\u00fclien ellen\u00e1ll\u00f3 a kop\u00e1sra \u00e9s lepattog\u00e1sra. Alkalmaz\u00e1s: l\u00e9p\u00e9s: Haszn\u00e1lja a COLOR [&hellip;]\" \/>\n<meta property=\"og:url\" content=\"https:\/\/www.eveline.hu\/2016\/eveline-kozmetikumok-szepsegapolas\/smink\/korom\/szines-koromlakkok\/magical-gel-2-lepeses-manikur-2x5ml\/\" \/>\n<meta property=\"og:site_name\" content=\"Eveline Cosmetics Magyarorsz\u00e1g\" \/>\n<meta property=\"article:modified_time\" content=\"2023-07-10T12:11:28+00:00\" \/>\n<meta property=\"og:image\" content=\"https:\/\/www.eveline.hu\/2016\/wp-content\/uploads\/2019\/03\/MagicGel_8.png\" \/>\n\t<meta property=\"og:image:width\" content=\"750\" \/>\n\t<meta property=\"og:image:height\" content=\"750\" \/>\n\t<meta property=\"og:image:type\" content=\"image\/png\" \/>\n<meta name=\"twitter:card\" content=\"summary_large_image\" \/>\n<meta name=\"twitter:label1\" content=\"Becs\u00fclt olvas\u00e1si id\u0151\" \/>\n\t<meta name=\"twitter:data1\" content=\"1 perc\" \/>\n<script type=\"application\/ld+json\" class=\"yoast-schema-graph\">{\"@context\":\"https:\/\/schema.org\",\"@graph\":[{\"@type\":\"WebPage\",\"@id\":\"https:\/\/www.eveline.hu\/2016\/eveline-kozmetikumok-szepsegapolas\/smink\/korom\/szines-koromlakkok\/magical-gel-2-lepeses-manikur-2x5ml\/\",\"url\":\"https:\/\/www.eveline.hu\/2016\/eveline-kozmetikumok-szepsegapolas\/smink\/korom\/szines-koromlakkok\/magical-gel-2-lepeses-manikur-2x5ml\/\",\"name\":\"MAGICAL GEL 2 l\u00e9p\u00e9ses manik\u0171r 2x5ml t\u00f6bb sz\u00ednben - Eveline Cosmetics Magyarorsz\u00e1g\",\"isPartOf\":{\"@id\":\"https:\/\/www.eveline.hu\/2016\/#website\"},\"primaryImageOfPage\":{\"@id\":\"https:\/\/www.eveline.hu\/2016\/eveline-kozmetikumok-szepsegapolas\/smink\/korom\/szines-koromlakkok\/magical-gel-2-lepeses-manikur-2x5ml\/#primaryimage\"},\"image\":{\"@id\":\"https:\/\/www.eveline.hu\/2016\/eveline-kozmetikumok-szepsegapolas\/smink\/korom\/szines-koromlakkok\/magical-gel-2-lepeses-manikur-2x5ml\/#primaryimage\"},\"thumbnailUrl\":\"https:\/\/www.eveline.hu\/2016\/wp-content\/uploads\/2019\/03\/MagicGel_8.png\",\"datePublished\":\"2019-03-01T09:13:59+00:00\",\"dateModified\":\"2023-07-10T12:11:28+00:00\",\"breadcrumb\":{\"@id\":\"https:\/\/www.eveline.hu\/2016\/eveline-kozmetikumok-szepsegapolas\/smink\/korom\/szines-koromlakkok\/magical-gel-2-lepeses-manikur-2x5ml\/#breadcrumb\"},\"inLanguage\":\"hu\",\"potentialAction\":[{\"@type\":\"ReadAction\",\"target\":[\"https:\/\/www.eveline.hu\/2016\/eveline-kozmetikumok-szepsegapolas\/smink\/korom\/szines-koromlakkok\/magical-gel-2-lepeses-manikur-2x5ml\/\"]}]},{\"@type\":\"ImageObject\",\"inLanguage\":\"hu\",\"@id\":\"https:\/\/www.eveline.hu\/2016\/eveline-kozmetikumok-szepsegapolas\/smink\/korom\/szines-koromlakkok\/magical-gel-2-lepeses-manikur-2x5ml\/#primaryimage\",\"url\":\"https:\/\/www.eveline.hu\/2016\/wp-content\/uploads\/2019\/03\/MagicGel_8.png\",\"contentUrl\":\"https:\/\/www.eveline.hu\/2016\/wp-content\/uploads\/2019\/03\/MagicGel_8.png\",\"width\":750,\"height\":750},{\"@type\":\"BreadcrumbList\",\"@id\":\"https:\/\/www.eveline.hu\/2016\/eveline-kozmetikumok-szepsegapolas\/smink\/korom\/szines-koromlakkok\/magical-gel-2-lepeses-manikur-2x5ml\/#breadcrumb\",\"itemListElement\":[{\"@type\":\"ListItem\",\"position\":1,\"name\":\"Home\",\"item\":\"https:\/\/www.eveline.hu\/2016\/\"},{\"@type\":\"ListItem\",\"position\":2,\"name\":\"Term\u00e9kek\",\"item\":\"https:\/\/www.eveline.hu\/2016\/shop\/\"},{\"@type\":\"ListItem\",\"position\":3,\"name\":\"MAGICAL GEL 2 l\u00e9p\u00e9ses manik\u0171r 2x5ml t\u00f6bb sz\u00ednben\"}]},{\"@type\":\"WebSite\",\"@id\":\"https:\/\/www.eveline.hu\/2016\/#website\",\"url\":\"https:\/\/www.eveline.hu\/2016\/\",\"name\":\"Eveline Cosmetics Magyarorsz\u00e1g\",\"description\":\"Min\u0151s\u00e9gi kozmetikumok Lengyelorsz\u00e1gb\u00f3l\",\"potentialAction\":[{\"@type\":\"SearchAction\",\"target\":{\"@type\":\"EntryPoint\",\"urlTemplate\":\"https:\/\/www.eveline.hu\/2016\/?s={search_term_string}\"},\"query-input\":\"required name=search_term_string\"}],\"inLanguage\":\"hu\"}]}<\/script>\n<!-- \/ Yoast SEO plugin. -->","yoast_head_json":{"title":"MAGICAL GEL 2 l\u00e9p\u00e9ses manik\u0171r 2x5ml t\u00f6bb sz\u00ednben - Eveline Cosmetics Magyarorsz\u00e1g","robots":{"index":"index","follow":"follow","max-snippet":"max-snippet:-1","max-image-preview":"max-image-preview:large","max-video-preview":"max-video-preview:-1"},"canonical":"https:\/\/www.eveline.hu\/2016\/eveline-kozmetikumok-szepsegapolas\/smink\/korom\/szines-koromlakkok\/magical-gel-2-lepeses-manikur-2x5ml\/","og_locale":"hu_HU","og_type":"article","og_title":"MAGICAL GEL 2 l\u00e9p\u00e9ses manik\u0171r 2x5ml t\u00f6bb sz\u00ednben - Eveline Cosmetics Magyarorsz\u00e1g","og_description":"MAGICAL\u00a0 GEL\u00a0 2 l\u00e9p\u00e9ses manik\u0171r A term\u00e9szetes f\u00e9ny hat\u00e1s\u00e1ra kem\u00e9ny\u00edti a g\u00e9lt. A k\u00e9t l\u00e9p\u00e9ses k\u00e9sz\u00edtm\u00e9ny, g\u00e9l manik\u0171r hat\u00e1st biztos\u00edt. A k\u00f6rm\u00f6knek magas f\u00e9nyt ny\u00fajt, felsz\u00edn\u00fck ide\u00e1lisan sima lesz, rendk\u00edv\u00fclien ellen\u00e1ll\u00f3 a kop\u00e1sra \u00e9s lepattog\u00e1sra. Alkalmaz\u00e1s: l\u00e9p\u00e9s: Haszn\u00e1lja a COLOR [&hellip;]","og_url":"https:\/\/www.eveline.hu\/2016\/eveline-kozmetikumok-szepsegapolas\/smink\/korom\/szines-koromlakkok\/magical-gel-2-lepeses-manikur-2x5ml\/","og_site_name":"Eveline Cosmetics Magyarorsz\u00e1g","article_modified_time":"2023-07-10T12:11:28+00:00","og_image":[{"width":750,"height":750,"url":"https:\/\/www.eveline.hu\/2016\/wp-content\/uploads\/2019\/03\/MagicGel_8.png","type":"image\/png"}],"twitter_card":"summary_large_image","twitter_misc":{"Becs\u00fclt olvas\u00e1si id\u0151":"1 perc"},"schema":{"@context":"https:\/\/schema.org","@graph":[{"@type":"WebPage","@id":"https:\/\/www.eveline.hu\/2016\/eveline-kozmetikumok-szepsegapolas\/smink\/korom\/szines-koromlakkok\/magical-gel-2-lepeses-manikur-2x5ml\/","url":"https:\/\/www.eveline.hu\/2016\/eveline-kozmetikumok-szepsegapolas\/smink\/korom\/szines-koromlakkok\/magical-gel-2-lepeses-manikur-2x5ml\/","name":"MAGICAL GEL 2 l\u00e9p\u00e9ses manik\u0171r 2x5ml t\u00f6bb sz\u00ednben - Eveline Cosmetics Magyarorsz\u00e1g","isPartOf":{"@id":"https:\/\/www.eveline.hu\/2016\/#website"},"primaryImageOfPage":{"@id":"https:\/\/www.eveline.hu\/2016\/eveline-kozmetikumok-szepsegapolas\/smink\/korom\/szines-koromlakkok\/magical-gel-2-lepeses-manikur-2x5ml\/#primaryimage"},"image":{"@id":"https:\/\/www.eveline.hu\/2016\/eveline-kozmetikumok-szepsegapolas\/smink\/korom\/szines-koromlakkok\/magical-gel-2-lepeses-manikur-2x5ml\/#primaryimage"},"thumbnailUrl":"https:\/\/www.eveline.hu\/2016\/wp-content\/uploads\/2019\/03\/MagicGel_8.png","datePublished":"2019-03-01T09:13:59+00:00","dateModified":"2023-07-10T12:11:28+00:00","breadcrumb":{"@id":"https:\/\/www.eveline.hu\/2016\/eveline-kozmetikumok-szepsegapolas\/smink\/korom\/szines-koromlakkok\/magical-gel-2-lepeses-manikur-2x5ml\/#breadcrumb"},"inLanguage":"hu","potentialAction":[{"@type":"ReadAction","target":["https:\/\/www.eveline.hu\/2016\/eveline-kozmetikumok-szepsegapolas\/smink\/korom\/szines-koromlakkok\/magical-gel-2-lepeses-manikur-2x5ml\/"]}]},{"@type":"ImageObject","inLanguage":"hu","@id":"https:\/\/www.eveline.hu\/2016\/eveline-kozmetikumok-szepsegapolas\/smink\/korom\/szines-koromlakkok\/magical-gel-2-lepeses-manikur-2x5ml\/#primaryimage","url":"https:\/\/www.eveline.hu\/2016\/wp-content\/uploads\/2019\/03\/MagicGel_8.png","contentUrl":"https:\/\/www.eveline.hu\/2016\/wp-content\/uploads\/2019\/03\/MagicGel_8.png","width":750,"height":750},{"@type":"BreadcrumbList","@id":"https:\/\/www.eveline.hu\/2016\/eveline-kozmetikumok-szepsegapolas\/smink\/korom\/szines-koromlakkok\/magical-gel-2-lepeses-manikur-2x5ml\/#breadcrumb","itemListElement":[{"@type":"ListItem","position":1,"name":"Home","item":"https:\/\/www.eveline.hu\/2016\/"},{"@type":"ListItem","position":2,"name":"Term\u00e9kek","item":"https:\/\/www.eveline.hu\/2016\/shop\/"},{"@type":"ListItem","position":3,"name":"MAGICAL GEL 2 l\u00e9p\u00e9ses manik\u0171r 2x5ml t\u00f6bb sz\u00ednben"}]},{"@type":"WebSite","@id":"https:\/\/www.eveline.hu\/2016\/#website","url":"https:\/\/www.eveline.hu\/2016\/","name":"Eveline Cosmetics Magyarorsz\u00e1g","description":"Min\u0151s\u00e9gi kozmetikumok Lengyelorsz\u00e1gb\u00f3l","potentialAction":[{"@type":"SearchAction","target":{"@type":"EntryPoint","urlTemplate":"https:\/\/www.eveline.hu\/2016\/?s={search_term_string}"},"query-input":"required name=search_term_string"}],"inLanguage":"hu"}]}},"_links":{"self":[{"href":"https:\/\/www.eveline.hu\/2016\/wp-json\/wp\/v2\/product\/23846"}],"collection":[{"href":"https:\/\/www.eveline.hu\/2016\/wp-json\/wp\/v2\/product"}],"about":[{"href":"https:\/\/www.eveline.hu\/2016\/wp-json\/wp\/v2\/types\/product"}],"replies":[{"embeddable":true,"href":"https:\/\/www.eveline.hu\/2016\/wp-json\/wp\/v2\/comments?post=23846"}],"wp:featuredmedia":[{"embeddable":true,"href":"https:\/\/www.eveline.hu\/2016\/wp-json\/wp\/v2\/media\/23858"}],"wp:attachment":[{"href":"https:\/\/www.eveline.hu\/2016\/wp-json\/wp\/v2\/media?parent=23846"}],"wp:term":[{"taxonomy":"product_cat","embeddable":true,"href":"https:\/\/www.eveline.hu\/2016\/wp-json\/wp\/v2\/product_cat?post=23846"},{"taxonomy":"product_tag","embeddable":true,"href":"https:\/\/www.eveline.hu\/2016\/wp-json\/wp\/v2\/product_tag?post=23846"}],"curies":[{"name":"wp","href":"https:\/\/api.w.org\/{rel}","templated":true}]}}