{"id":23826,"date":"2019-02-24T17:54:32","date_gmt":"2019-02-24T16:54:32","guid":{"rendered":"https:\/\/www.eveline.hu\/2016\/?post_type=product&#038;p=23826"},"modified":"2023-05-19T13:03:55","modified_gmt":"2023-05-19T11:03:55","slug":"luxury-expert-vanilia-melyen-hidratalo-testapolo-350ml","status":"publish","type":"product","link":"https:\/\/www.eveline.hu\/2016\/eveline-kozmetikumok-szepsegapolas\/szepsegapolas\/testapolas\/luxury-expert-vanilia-melyen-hidratalo-testapolo-350ml\/","title":{"rendered":"LUXURY EXPERT Van\u00edlia M\u00e9lyen Hidrat\u00e1l\u00f3 Test\u00e1pol\u00f3 350ml"},"content":{"rendered":"<p><strong>LUXURY EXPERT M\u00e9lyen Hidrat\u00e1l\u00f3 \u00a0Test\u00e1pol\u00f3<\/strong><\/p>\n<p>sz\u00e1raz \u00e9s \u00e9rz\u00e9keny b\u0151rre<\/p>\n<p>Professzion\u00e1lis b\u0151r\u00e1pol\u00e1st ny\u00fajt \u00e9s megsz\u00fcnteti a b\u0151rsz\u00e1razs\u00e1g 6 t\u00fcnet\u00e9t:<\/p>\n<p>\u00e9rdess\u00e9g, h\u00e1ml\u00e1s, viszket\u00e9s, fesz\u00fcl\u00e9s \u00e9rz\u00e9se, rugalmass\u00e1g cs\u00f6kken\u00e9se, b\u0151rp\u00edr.<\/p>\n<p>Akt\u00edv \u00f6sszetev\u0151k: Royal Orchidea kivonat, n\u00f6v\u00e9nyi kollag\u00e9n, Royal Kavi\u00e1r \u00e9s Van\u00edlia kivonat, Shea vaj.<\/p>\n","protected":false},"excerpt":{"rendered":"<p>350ml ( 5854 Ft\/l )<\/p>\n","protected":false},"featured_media":29624,"comment_status":"open","ping_status":"closed","template":"","meta":[],"product_cat":[226,125,127,80],"product_tag":[],"yoast_head":"<!-- This site is optimized with the Yoast SEO plugin v22.2 - https:\/\/yoast.com\/wordpress\/plugins\/seo\/ -->\n<title>LUXURY EXPERT Van\u00edlia M\u00e9lyen Hidrat\u00e1l\u00f3 Test\u00e1pol\u00f3 350ml - Eveline Cosmetics Magyarorsz\u00e1g<\/title>\n<meta name=\"robots\" content=\"index, follow, max-snippet:-1, max-image-preview:large, max-video-preview:-1\" \/>\n<link rel=\"canonical\" href=\"https:\/\/www.eveline.hu\/2016\/eveline-kozmetikumok-szepsegapolas\/szepsegapolas\/testapolas\/luxury-expert-vanilia-melyen-hidratalo-testapolo-350ml\/\" \/>\n<meta property=\"og:locale\" content=\"hu_HU\" \/>\n<meta property=\"og:type\" content=\"article\" \/>\n<meta property=\"og:title\" content=\"LUXURY EXPERT Van\u00edlia M\u00e9lyen Hidrat\u00e1l\u00f3 Test\u00e1pol\u00f3 350ml - Eveline Cosmetics Magyarorsz\u00e1g\" \/>\n<meta property=\"og:description\" content=\"350ml ( 5854 Ft\/l )\" \/>\n<meta property=\"og:url\" content=\"https:\/\/www.eveline.hu\/2016\/eveline-kozmetikumok-szepsegapolas\/szepsegapolas\/testapolas\/luxury-expert-vanilia-melyen-hidratalo-testapolo-350ml\/\" \/>\n<meta property=\"og:site_name\" content=\"Eveline Cosmetics Magyarorsz\u00e1g\" \/>\n<meta property=\"article:modified_time\" content=\"2023-05-19T11:03:55+00:00\" \/>\n<meta property=\"og:image\" content=\"https:\/\/www.eveline.hu\/2016\/wp-content\/uploads\/2019\/02\/Luxury-T\u00e1p-Vanilla-w-2.png\" \/>\n\t<meta property=\"og:image:width\" content=\"750\" \/>\n\t<meta property=\"og:image:height\" content=\"750\" \/>\n\t<meta property=\"og:image:type\" content=\"image\/png\" \/>\n<meta name=\"twitter:card\" content=\"summary_large_image\" \/>\n<script type=\"application\/ld+json\" class=\"yoast-schema-graph\">{\"@context\":\"https:\/\/schema.org\",\"@graph\":[{\"@type\":\"WebPage\",\"@id\":\"https:\/\/www.eveline.hu\/2016\/eveline-kozmetikumok-szepsegapolas\/szepsegapolas\/testapolas\/luxury-expert-vanilia-melyen-hidratalo-testapolo-350ml\/\",\"url\":\"https:\/\/www.eveline.hu\/2016\/eveline-kozmetikumok-szepsegapolas\/szepsegapolas\/testapolas\/luxury-expert-vanilia-melyen-hidratalo-testapolo-350ml\/\",\"name\":\"LUXURY EXPERT Van\u00edlia M\u00e9lyen Hidrat\u00e1l\u00f3 Test\u00e1pol\u00f3 350ml - Eveline Cosmetics Magyarorsz\u00e1g\",\"isPartOf\":{\"@id\":\"https:\/\/www.eveline.hu\/2016\/#website\"},\"primaryImageOfPage\":{\"@id\":\"https:\/\/www.eveline.hu\/2016\/eveline-kozmetikumok-szepsegapolas\/szepsegapolas\/testapolas\/luxury-expert-vanilia-melyen-hidratalo-testapolo-350ml\/#primaryimage\"},\"image\":{\"@id\":\"https:\/\/www.eveline.hu\/2016\/eveline-kozmetikumok-szepsegapolas\/szepsegapolas\/testapolas\/luxury-expert-vanilia-melyen-hidratalo-testapolo-350ml\/#primaryimage\"},\"thumbnailUrl\":\"https:\/\/www.eveline.hu\/2016\/wp-content\/uploads\/2019\/02\/Luxury-T\u00e1p-Vanilla-w-2.png\",\"datePublished\":\"2019-02-24T16:54:32+00:00\",\"dateModified\":\"2023-05-19T11:03:55+00:00\",\"breadcrumb\":{\"@id\":\"https:\/\/www.eveline.hu\/2016\/eveline-kozmetikumok-szepsegapolas\/szepsegapolas\/testapolas\/luxury-expert-vanilia-melyen-hidratalo-testapolo-350ml\/#breadcrumb\"},\"inLanguage\":\"hu\",\"potentialAction\":[{\"@type\":\"ReadAction\",\"target\":[\"https:\/\/www.eveline.hu\/2016\/eveline-kozmetikumok-szepsegapolas\/szepsegapolas\/testapolas\/luxury-expert-vanilia-melyen-hidratalo-testapolo-350ml\/\"]}]},{\"@type\":\"ImageObject\",\"inLanguage\":\"hu\",\"@id\":\"https:\/\/www.eveline.hu\/2016\/eveline-kozmetikumok-szepsegapolas\/szepsegapolas\/testapolas\/luxury-expert-vanilia-melyen-hidratalo-testapolo-350ml\/#primaryimage\",\"url\":\"https:\/\/www.eveline.hu\/2016\/wp-content\/uploads\/2019\/02\/Luxury-T\u00e1p-Vanilla-w-2.png\",\"contentUrl\":\"https:\/\/www.eveline.hu\/2016\/wp-content\/uploads\/2019\/02\/Luxury-T\u00e1p-Vanilla-w-2.png\",\"width\":750,\"height\":750},{\"@type\":\"BreadcrumbList\",\"@id\":\"https:\/\/www.eveline.hu\/2016\/eveline-kozmetikumok-szepsegapolas\/szepsegapolas\/testapolas\/luxury-expert-vanilia-melyen-hidratalo-testapolo-350ml\/#breadcrumb\",\"itemListElement\":[{\"@type\":\"ListItem\",\"position\":1,\"name\":\"Home\",\"item\":\"https:\/\/www.eveline.hu\/2016\/\"},{\"@type\":\"ListItem\",\"position\":2,\"name\":\"Term\u00e9kek\",\"item\":\"https:\/\/www.eveline.hu\/2016\/shop\/\"},{\"@type\":\"ListItem\",\"position\":3,\"name\":\"LUXURY EXPERT Van\u00edlia M\u00e9lyen Hidrat\u00e1l\u00f3 Test\u00e1pol\u00f3 350ml\"}]},{\"@type\":\"WebSite\",\"@id\":\"https:\/\/www.eveline.hu\/2016\/#website\",\"url\":\"https:\/\/www.eveline.hu\/2016\/\",\"name\":\"Eveline Cosmetics Magyarorsz\u00e1g\",\"description\":\"Min\u0151s\u00e9gi kozmetikumok Lengyelorsz\u00e1gb\u00f3l\",\"potentialAction\":[{\"@type\":\"SearchAction\",\"target\":{\"@type\":\"EntryPoint\",\"urlTemplate\":\"https:\/\/www.eveline.hu\/2016\/?s={search_term_string}\"},\"query-input\":\"required name=search_term_string\"}],\"inLanguage\":\"hu\"}]}<\/script>\n<!-- \/ Yoast SEO plugin. -->","yoast_head_json":{"title":"LUXURY EXPERT Van\u00edlia M\u00e9lyen Hidrat\u00e1l\u00f3 Test\u00e1pol\u00f3 350ml - Eveline Cosmetics Magyarorsz\u00e1g","robots":{"index":"index","follow":"follow","max-snippet":"max-snippet:-1","max-image-preview":"max-image-preview:large","max-video-preview":"max-video-preview:-1"},"canonical":"https:\/\/www.eveline.hu\/2016\/eveline-kozmetikumok-szepsegapolas\/szepsegapolas\/testapolas\/luxury-expert-vanilia-melyen-hidratalo-testapolo-350ml\/","og_locale":"hu_HU","og_type":"article","og_title":"LUXURY EXPERT Van\u00edlia M\u00e9lyen Hidrat\u00e1l\u00f3 Test\u00e1pol\u00f3 350ml - Eveline Cosmetics Magyarorsz\u00e1g","og_description":"350ml ( 5854 Ft\/l )","og_url":"https:\/\/www.eveline.hu\/2016\/eveline-kozmetikumok-szepsegapolas\/szepsegapolas\/testapolas\/luxury-expert-vanilia-melyen-hidratalo-testapolo-350ml\/","og_site_name":"Eveline Cosmetics Magyarorsz\u00e1g","article_modified_time":"2023-05-19T11:03:55+00:00","og_image":[{"width":750,"height":750,"url":"https:\/\/www.eveline.hu\/2016\/wp-content\/uploads\/2019\/02\/Luxury-T\u00e1p-Vanilla-w-2.png","type":"image\/png"}],"twitter_card":"summary_large_image","schema":{"@context":"https:\/\/schema.org","@graph":[{"@type":"WebPage","@id":"https:\/\/www.eveline.hu\/2016\/eveline-kozmetikumok-szepsegapolas\/szepsegapolas\/testapolas\/luxury-expert-vanilia-melyen-hidratalo-testapolo-350ml\/","url":"https:\/\/www.eveline.hu\/2016\/eveline-kozmetikumok-szepsegapolas\/szepsegapolas\/testapolas\/luxury-expert-vanilia-melyen-hidratalo-testapolo-350ml\/","name":"LUXURY EXPERT Van\u00edlia M\u00e9lyen Hidrat\u00e1l\u00f3 Test\u00e1pol\u00f3 350ml - Eveline Cosmetics Magyarorsz\u00e1g","isPartOf":{"@id":"https:\/\/www.eveline.hu\/2016\/#website"},"primaryImageOfPage":{"@id":"https:\/\/www.eveline.hu\/2016\/eveline-kozmetikumok-szepsegapolas\/szepsegapolas\/testapolas\/luxury-expert-vanilia-melyen-hidratalo-testapolo-350ml\/#primaryimage"},"image":{"@id":"https:\/\/www.eveline.hu\/2016\/eveline-kozmetikumok-szepsegapolas\/szepsegapolas\/testapolas\/luxury-expert-vanilia-melyen-hidratalo-testapolo-350ml\/#primaryimage"},"thumbnailUrl":"https:\/\/www.eveline.hu\/2016\/wp-content\/uploads\/2019\/02\/Luxury-T\u00e1p-Vanilla-w-2.png","datePublished":"2019-02-24T16:54:32+00:00","dateModified":"2023-05-19T11:03:55+00:00","breadcrumb":{"@id":"https:\/\/www.eveline.hu\/2016\/eveline-kozmetikumok-szepsegapolas\/szepsegapolas\/testapolas\/luxury-expert-vanilia-melyen-hidratalo-testapolo-350ml\/#breadcrumb"},"inLanguage":"hu","potentialAction":[{"@type":"ReadAction","target":["https:\/\/www.eveline.hu\/2016\/eveline-kozmetikumok-szepsegapolas\/szepsegapolas\/testapolas\/luxury-expert-vanilia-melyen-hidratalo-testapolo-350ml\/"]}]},{"@type":"ImageObject","inLanguage":"hu","@id":"https:\/\/www.eveline.hu\/2016\/eveline-kozmetikumok-szepsegapolas\/szepsegapolas\/testapolas\/luxury-expert-vanilia-melyen-hidratalo-testapolo-350ml\/#primaryimage","url":"https:\/\/www.eveline.hu\/2016\/wp-content\/uploads\/2019\/02\/Luxury-T\u00e1p-Vanilla-w-2.png","contentUrl":"https:\/\/www.eveline.hu\/2016\/wp-content\/uploads\/2019\/02\/Luxury-T\u00e1p-Vanilla-w-2.png","width":750,"height":750},{"@type":"BreadcrumbList","@id":"https:\/\/www.eveline.hu\/2016\/eveline-kozmetikumok-szepsegapolas\/szepsegapolas\/testapolas\/luxury-expert-vanilia-melyen-hidratalo-testapolo-350ml\/#breadcrumb","itemListElement":[{"@type":"ListItem","position":1,"name":"Home","item":"https:\/\/www.eveline.hu\/2016\/"},{"@type":"ListItem","position":2,"name":"Term\u00e9kek","item":"https:\/\/www.eveline.hu\/2016\/shop\/"},{"@type":"ListItem","position":3,"name":"LUXURY EXPERT Van\u00edlia M\u00e9lyen Hidrat\u00e1l\u00f3 Test\u00e1pol\u00f3 350ml"}]},{"@type":"WebSite","@id":"https:\/\/www.eveline.hu\/2016\/#website","url":"https:\/\/www.eveline.hu\/2016\/","name":"Eveline Cosmetics Magyarorsz\u00e1g","description":"Min\u0151s\u00e9gi kozmetikumok Lengyelorsz\u00e1gb\u00f3l","potentialAction":[{"@type":"SearchAction","target":{"@type":"EntryPoint","urlTemplate":"https:\/\/www.eveline.hu\/2016\/?s={search_term_string}"},"query-input":"required name=search_term_string"}],"inLanguage":"hu"}]}},"_links":{"self":[{"href":"https:\/\/www.eveline.hu\/2016\/wp-json\/wp\/v2\/product\/23826"}],"collection":[{"href":"https:\/\/www.eveline.hu\/2016\/wp-json\/wp\/v2\/product"}],"about":[{"href":"https:\/\/www.eveline.hu\/2016\/wp-json\/wp\/v2\/types\/product"}],"replies":[{"embeddable":true,"href":"https:\/\/www.eveline.hu\/2016\/wp-json\/wp\/v2\/comments?post=23826"}],"wp:featuredmedia":[{"embeddable":true,"href":"https:\/\/www.eveline.hu\/2016\/wp-json\/wp\/v2\/media\/29624"}],"wp:attachment":[{"href":"https:\/\/www.eveline.hu\/2016\/wp-json\/wp\/v2\/media?parent=23826"}],"wp:term":[{"taxonomy":"product_cat","embeddable":true,"href":"https:\/\/www.eveline.hu\/2016\/wp-json\/wp\/v2\/product_cat?post=23826"},{"taxonomy":"product_tag","embeddable":true,"href":"https:\/\/www.eveline.hu\/2016\/wp-json\/wp\/v2\/product_tag?post=23826"}],"curies":[{"name":"wp","href":"https:\/\/api.w.org\/{rel}","templated":true}]}}