{"id":23767,"date":"2019-02-10T15:43:07","date_gmt":"2019-02-10T14:43:07","guid":{"rendered":"https:\/\/www.eveline.hu\/2016\/?post_type=product&#038;p=23767"},"modified":"2025-08-12T09:10:25","modified_gmt":"2025-08-12T07:10:25","slug":"extra-soft-biooliva-es-aloe-vera-arc-es-testapolo-krem-175ml","status":"publish","type":"product","link":"https:\/\/www.eveline.hu\/2016\/eveline-kozmetikumok-szepsegapolas\/szepsegapolas\/arcapolas\/extra-soft-biooliva-es-aloe-vera-arc-es-testapolo-krem-175ml\/","title":{"rendered":"Extra Soft bioOliva \u00e9s Aloe Vera Arc- \u00e9s Test\u00e1pol\u00f3 kr\u00e9m 175ml"},"content":{"rendered":"<p><strong>Extra Soft bioOliva \u00e9s Aloe Vera<\/strong>, m\u00e9lyen hidrat\u00e1l\u00f3 \u00e9s nyugtat\u00f3 Arc- \u00e9s Test\u00e1pol\u00f3 kr\u00e9m sz\u00e1raz, \u00e9rz\u00e9keny \u00e9s allergi\u00e1ra hajlamos b\u0151rre<\/p>\n<p>Intenz\u00edven hidrat\u00e1l, nyugtatja az irrit\u00e1ci\u00f3 t\u00fcneteit \u00e9s v\u00e9d a kisz\u00e1rad\u00e1st\u00f3l.<\/p>\n<p>Akt\u00edv \u00f6sszetev\u0151k: Aloe Vera kivonat, Ol\u00edva levelek kivonata, Ol\u00edvaolaj, Selyem, D-panthenol \u00e9s Allantoin.<\/p>\n<p>&nbsp;<\/p>\n<p>\u00f6sszetev\u0151k: Aqua (Water), Paraffinum Liquidum, Cetearyl Alcohol, Ceteareth-20, Petrolatum, Isopropyl Myristate, Glycerin, Dimethicone, Polybutene, Olea Europaea Fruit Oil, Aloe Barbadensis Leaf Extract, Hydrolyzed Silk, Olea Europaea Leaf Extract, Panthenol, Allantoin, Phenoxyethanol, Methylparaben, Butylparaben, Ethylparaben, Propylparaben, DMDM Hydantoin, Parfum (Fragrance), Acrylates\/C10-30 Alkyl Acrylate Crosspolymer, Triethanolamine, Propylene Glycol, Disodium EDTA, Sodium Sulfate, CI 19140, CI 42090.<\/p>\n","protected":false},"excerpt":{"rendered":"<p>175ml ( 7137 Ft\/l )<\/p>\n","protected":false},"featured_media":23768,"comment_status":"open","ping_status":"closed","template":"","meta":[],"product_cat":[125,126,127,80,99],"product_tag":[],"yoast_head":"<!-- This site is optimized with the Yoast SEO plugin v22.2 - https:\/\/yoast.com\/wordpress\/plugins\/seo\/ -->\n<title>Extra Soft bioOliva \u00e9s Aloe Vera Arc- \u00e9s Test\u00e1pol\u00f3 kr\u00e9m 175ml - Eveline Cosmetics Magyarorsz\u00e1g<\/title>\n<meta name=\"robots\" content=\"index, follow, max-snippet:-1, max-image-preview:large, max-video-preview:-1\" \/>\n<link rel=\"canonical\" href=\"https:\/\/www.eveline.hu\/2016\/eveline-kozmetikumok-szepsegapolas\/szepsegapolas\/arcapolas\/extra-soft-biooliva-es-aloe-vera-arc-es-testapolo-krem-175ml\/\" \/>\n<meta property=\"og:locale\" content=\"hu_HU\" \/>\n<meta property=\"og:type\" content=\"article\" \/>\n<meta property=\"og:title\" content=\"Extra Soft bioOliva \u00e9s Aloe Vera Arc- \u00e9s Test\u00e1pol\u00f3 kr\u00e9m 175ml - Eveline Cosmetics Magyarorsz\u00e1g\" \/>\n<meta property=\"og:description\" content=\"175ml ( 7137 Ft\/l )\" \/>\n<meta property=\"og:url\" content=\"https:\/\/www.eveline.hu\/2016\/eveline-kozmetikumok-szepsegapolas\/szepsegapolas\/arcapolas\/extra-soft-biooliva-es-aloe-vera-arc-es-testapolo-krem-175ml\/\" \/>\n<meta property=\"og:site_name\" content=\"Eveline Cosmetics Magyarorsz\u00e1g\" \/>\n<meta property=\"article:modified_time\" content=\"2025-08-12T07:10:25+00:00\" \/>\n<meta property=\"og:image\" content=\"https:\/\/www.eveline.hu\/2016\/wp-content\/uploads\/2019\/02\/extra-soft-oliva-aloe-vera-175ml.png\" \/>\n\t<meta property=\"og:image:width\" content=\"750\" \/>\n\t<meta property=\"og:image:height\" content=\"750\" \/>\n\t<meta property=\"og:image:type\" content=\"image\/png\" \/>\n<meta name=\"twitter:card\" content=\"summary_large_image\" \/>\n<meta name=\"twitter:label1\" content=\"Becs\u00fclt olvas\u00e1si id\u0151\" \/>\n\t<meta name=\"twitter:data1\" content=\"1 perc\" \/>\n<script type=\"application\/ld+json\" class=\"yoast-schema-graph\">{\"@context\":\"https:\/\/schema.org\",\"@graph\":[{\"@type\":\"WebPage\",\"@id\":\"https:\/\/www.eveline.hu\/2016\/eveline-kozmetikumok-szepsegapolas\/szepsegapolas\/arcapolas\/extra-soft-biooliva-es-aloe-vera-arc-es-testapolo-krem-175ml\/\",\"url\":\"https:\/\/www.eveline.hu\/2016\/eveline-kozmetikumok-szepsegapolas\/szepsegapolas\/arcapolas\/extra-soft-biooliva-es-aloe-vera-arc-es-testapolo-krem-175ml\/\",\"name\":\"Extra Soft bioOliva \u00e9s Aloe Vera Arc- \u00e9s Test\u00e1pol\u00f3 kr\u00e9m 175ml - Eveline Cosmetics Magyarorsz\u00e1g\",\"isPartOf\":{\"@id\":\"https:\/\/www.eveline.hu\/2016\/#website\"},\"primaryImageOfPage\":{\"@id\":\"https:\/\/www.eveline.hu\/2016\/eveline-kozmetikumok-szepsegapolas\/szepsegapolas\/arcapolas\/extra-soft-biooliva-es-aloe-vera-arc-es-testapolo-krem-175ml\/#primaryimage\"},\"image\":{\"@id\":\"https:\/\/www.eveline.hu\/2016\/eveline-kozmetikumok-szepsegapolas\/szepsegapolas\/arcapolas\/extra-soft-biooliva-es-aloe-vera-arc-es-testapolo-krem-175ml\/#primaryimage\"},\"thumbnailUrl\":\"https:\/\/www.eveline.hu\/2016\/wp-content\/uploads\/2019\/02\/extra-soft-oliva-aloe-vera-175ml.png\",\"datePublished\":\"2019-02-10T14:43:07+00:00\",\"dateModified\":\"2025-08-12T07:10:25+00:00\",\"breadcrumb\":{\"@id\":\"https:\/\/www.eveline.hu\/2016\/eveline-kozmetikumok-szepsegapolas\/szepsegapolas\/arcapolas\/extra-soft-biooliva-es-aloe-vera-arc-es-testapolo-krem-175ml\/#breadcrumb\"},\"inLanguage\":\"hu\",\"potentialAction\":[{\"@type\":\"ReadAction\",\"target\":[\"https:\/\/www.eveline.hu\/2016\/eveline-kozmetikumok-szepsegapolas\/szepsegapolas\/arcapolas\/extra-soft-biooliva-es-aloe-vera-arc-es-testapolo-krem-175ml\/\"]}]},{\"@type\":\"ImageObject\",\"inLanguage\":\"hu\",\"@id\":\"https:\/\/www.eveline.hu\/2016\/eveline-kozmetikumok-szepsegapolas\/szepsegapolas\/arcapolas\/extra-soft-biooliva-es-aloe-vera-arc-es-testapolo-krem-175ml\/#primaryimage\",\"url\":\"https:\/\/www.eveline.hu\/2016\/wp-content\/uploads\/2019\/02\/extra-soft-oliva-aloe-vera-175ml.png\",\"contentUrl\":\"https:\/\/www.eveline.hu\/2016\/wp-content\/uploads\/2019\/02\/extra-soft-oliva-aloe-vera-175ml.png\",\"width\":750,\"height\":750},{\"@type\":\"BreadcrumbList\",\"@id\":\"https:\/\/www.eveline.hu\/2016\/eveline-kozmetikumok-szepsegapolas\/szepsegapolas\/arcapolas\/extra-soft-biooliva-es-aloe-vera-arc-es-testapolo-krem-175ml\/#breadcrumb\",\"itemListElement\":[{\"@type\":\"ListItem\",\"position\":1,\"name\":\"Home\",\"item\":\"https:\/\/www.eveline.hu\/2016\/\"},{\"@type\":\"ListItem\",\"position\":2,\"name\":\"Term\u00e9kek\",\"item\":\"https:\/\/www.eveline.hu\/2016\/shop\/\"},{\"@type\":\"ListItem\",\"position\":3,\"name\":\"Extra Soft bioOliva \u00e9s Aloe Vera Arc- \u00e9s Test\u00e1pol\u00f3 kr\u00e9m 175ml\"}]},{\"@type\":\"WebSite\",\"@id\":\"https:\/\/www.eveline.hu\/2016\/#website\",\"url\":\"https:\/\/www.eveline.hu\/2016\/\",\"name\":\"Eveline Cosmetics Magyarorsz\u00e1g\",\"description\":\"Min\u0151s\u00e9gi kozmetikumok Lengyelorsz\u00e1gb\u00f3l\",\"potentialAction\":[{\"@type\":\"SearchAction\",\"target\":{\"@type\":\"EntryPoint\",\"urlTemplate\":\"https:\/\/www.eveline.hu\/2016\/?s={search_term_string}\"},\"query-input\":\"required name=search_term_string\"}],\"inLanguage\":\"hu\"}]}<\/script>\n<!-- \/ Yoast SEO plugin. -->","yoast_head_json":{"title":"Extra Soft bioOliva \u00e9s Aloe Vera Arc- \u00e9s Test\u00e1pol\u00f3 kr\u00e9m 175ml - Eveline Cosmetics Magyarorsz\u00e1g","robots":{"index":"index","follow":"follow","max-snippet":"max-snippet:-1","max-image-preview":"max-image-preview:large","max-video-preview":"max-video-preview:-1"},"canonical":"https:\/\/www.eveline.hu\/2016\/eveline-kozmetikumok-szepsegapolas\/szepsegapolas\/arcapolas\/extra-soft-biooliva-es-aloe-vera-arc-es-testapolo-krem-175ml\/","og_locale":"hu_HU","og_type":"article","og_title":"Extra Soft bioOliva \u00e9s Aloe Vera Arc- \u00e9s Test\u00e1pol\u00f3 kr\u00e9m 175ml - Eveline Cosmetics Magyarorsz\u00e1g","og_description":"175ml ( 7137 Ft\/l )","og_url":"https:\/\/www.eveline.hu\/2016\/eveline-kozmetikumok-szepsegapolas\/szepsegapolas\/arcapolas\/extra-soft-biooliva-es-aloe-vera-arc-es-testapolo-krem-175ml\/","og_site_name":"Eveline Cosmetics Magyarorsz\u00e1g","article_modified_time":"2025-08-12T07:10:25+00:00","og_image":[{"width":750,"height":750,"url":"https:\/\/www.eveline.hu\/2016\/wp-content\/uploads\/2019\/02\/extra-soft-oliva-aloe-vera-175ml.png","type":"image\/png"}],"twitter_card":"summary_large_image","twitter_misc":{"Becs\u00fclt olvas\u00e1si id\u0151":"1 perc"},"schema":{"@context":"https:\/\/schema.org","@graph":[{"@type":"WebPage","@id":"https:\/\/www.eveline.hu\/2016\/eveline-kozmetikumok-szepsegapolas\/szepsegapolas\/arcapolas\/extra-soft-biooliva-es-aloe-vera-arc-es-testapolo-krem-175ml\/","url":"https:\/\/www.eveline.hu\/2016\/eveline-kozmetikumok-szepsegapolas\/szepsegapolas\/arcapolas\/extra-soft-biooliva-es-aloe-vera-arc-es-testapolo-krem-175ml\/","name":"Extra Soft bioOliva \u00e9s Aloe Vera Arc- \u00e9s Test\u00e1pol\u00f3 kr\u00e9m 175ml - Eveline Cosmetics Magyarorsz\u00e1g","isPartOf":{"@id":"https:\/\/www.eveline.hu\/2016\/#website"},"primaryImageOfPage":{"@id":"https:\/\/www.eveline.hu\/2016\/eveline-kozmetikumok-szepsegapolas\/szepsegapolas\/arcapolas\/extra-soft-biooliva-es-aloe-vera-arc-es-testapolo-krem-175ml\/#primaryimage"},"image":{"@id":"https:\/\/www.eveline.hu\/2016\/eveline-kozmetikumok-szepsegapolas\/szepsegapolas\/arcapolas\/extra-soft-biooliva-es-aloe-vera-arc-es-testapolo-krem-175ml\/#primaryimage"},"thumbnailUrl":"https:\/\/www.eveline.hu\/2016\/wp-content\/uploads\/2019\/02\/extra-soft-oliva-aloe-vera-175ml.png","datePublished":"2019-02-10T14:43:07+00:00","dateModified":"2025-08-12T07:10:25+00:00","breadcrumb":{"@id":"https:\/\/www.eveline.hu\/2016\/eveline-kozmetikumok-szepsegapolas\/szepsegapolas\/arcapolas\/extra-soft-biooliva-es-aloe-vera-arc-es-testapolo-krem-175ml\/#breadcrumb"},"inLanguage":"hu","potentialAction":[{"@type":"ReadAction","target":["https:\/\/www.eveline.hu\/2016\/eveline-kozmetikumok-szepsegapolas\/szepsegapolas\/arcapolas\/extra-soft-biooliva-es-aloe-vera-arc-es-testapolo-krem-175ml\/"]}]},{"@type":"ImageObject","inLanguage":"hu","@id":"https:\/\/www.eveline.hu\/2016\/eveline-kozmetikumok-szepsegapolas\/szepsegapolas\/arcapolas\/extra-soft-biooliva-es-aloe-vera-arc-es-testapolo-krem-175ml\/#primaryimage","url":"https:\/\/www.eveline.hu\/2016\/wp-content\/uploads\/2019\/02\/extra-soft-oliva-aloe-vera-175ml.png","contentUrl":"https:\/\/www.eveline.hu\/2016\/wp-content\/uploads\/2019\/02\/extra-soft-oliva-aloe-vera-175ml.png","width":750,"height":750},{"@type":"BreadcrumbList","@id":"https:\/\/www.eveline.hu\/2016\/eveline-kozmetikumok-szepsegapolas\/szepsegapolas\/arcapolas\/extra-soft-biooliva-es-aloe-vera-arc-es-testapolo-krem-175ml\/#breadcrumb","itemListElement":[{"@type":"ListItem","position":1,"name":"Home","item":"https:\/\/www.eveline.hu\/2016\/"},{"@type":"ListItem","position":2,"name":"Term\u00e9kek","item":"https:\/\/www.eveline.hu\/2016\/shop\/"},{"@type":"ListItem","position":3,"name":"Extra Soft bioOliva \u00e9s Aloe Vera Arc- \u00e9s Test\u00e1pol\u00f3 kr\u00e9m 175ml"}]},{"@type":"WebSite","@id":"https:\/\/www.eveline.hu\/2016\/#website","url":"https:\/\/www.eveline.hu\/2016\/","name":"Eveline Cosmetics Magyarorsz\u00e1g","description":"Min\u0151s\u00e9gi kozmetikumok Lengyelorsz\u00e1gb\u00f3l","potentialAction":[{"@type":"SearchAction","target":{"@type":"EntryPoint","urlTemplate":"https:\/\/www.eveline.hu\/2016\/?s={search_term_string}"},"query-input":"required name=search_term_string"}],"inLanguage":"hu"}]}},"_links":{"self":[{"href":"https:\/\/www.eveline.hu\/2016\/wp-json\/wp\/v2\/product\/23767"}],"collection":[{"href":"https:\/\/www.eveline.hu\/2016\/wp-json\/wp\/v2\/product"}],"about":[{"href":"https:\/\/www.eveline.hu\/2016\/wp-json\/wp\/v2\/types\/product"}],"replies":[{"embeddable":true,"href":"https:\/\/www.eveline.hu\/2016\/wp-json\/wp\/v2\/comments?post=23767"}],"wp:featuredmedia":[{"embeddable":true,"href":"https:\/\/www.eveline.hu\/2016\/wp-json\/wp\/v2\/media\/23768"}],"wp:attachment":[{"href":"https:\/\/www.eveline.hu\/2016\/wp-json\/wp\/v2\/media?parent=23767"}],"wp:term":[{"taxonomy":"product_cat","embeddable":true,"href":"https:\/\/www.eveline.hu\/2016\/wp-json\/wp\/v2\/product_cat?post=23767"},{"taxonomy":"product_tag","embeddable":true,"href":"https:\/\/www.eveline.hu\/2016\/wp-json\/wp\/v2\/product_tag?post=23767"}],"curies":[{"name":"wp","href":"https:\/\/api.w.org\/{rel}","templated":true}]}}