{"id":23643,"date":"2019-01-02T20:51:15","date_gmt":"2019-01-02T19:51:15","guid":{"rendered":"https:\/\/www.eveline.hu\/2016\/?post_type=product&#038;p=23643"},"modified":"2022-12-26T22:33:31","modified_gmt":"2022-12-26T21:33:31","slug":"hair-clinic-oleo-expert-hajnovekedest-gyorsito-maszk-300ml","status":"publish","type":"product","link":"https:\/\/www.eveline.hu\/2016\/eveline-kozmetikumok-szepsegapolas\/szepsegapolas\/hajapolas\/hair-clinic-oleo-expert-hajnovekedest-gyorsito-maszk-300ml\/","title":{"rendered":"HAIR CLINIC Oleo Expert Hajn\u00f6veked\u00e9st gyors\u00edt\u00f3 maszk 500ml"},"content":{"rendered":"<p><strong>HAIR CLINIC oleo expert fast growth<\/strong><\/p>\n<p><strong>Hajn\u00f6veked\u00e9st gyors\u00edt\u00f3 maszk<\/strong><\/p>\n<p>v\u00e9kony, gyenge \u00e9s hajhull\u00e1sra hajlamos hajra<\/p>\n<p>8az1-ben:<\/p>\n<ol>\n<li>Hajs\u0171r\u0171s\u00e9g n\u00f6vel\u00e9se<\/li>\n<li>Hajhull\u00e1s megel\u0151z\u00e9se<\/li>\n<li>Fejb\u0151r mikrokering\u00e9s\u00e9nek jav\u00edt\u00e1sa<\/li>\n<li>K\u00f6nny\u0171 hajform\u00e1z\u00e1s<\/li>\n<li>F\u00e9s\u00fcl\u00e9s k\u00f6nny\u00edt\u00e9se<\/li>\n<li>Ellen\u00e1ll\u00e1s n\u00f6vel\u00e9se<\/li>\n<li>Hajszerkezet sim\u00edt\u00e1sa<\/li>\n<li>Selymess\u00e9g \u00e9s ragyog\u00e1s<\/li>\n<\/ol>\n","protected":false},"excerpt":{"rendered":"<p>500ml ( 5898 Ft\/l)<\/p>\n","protected":false},"featured_media":23644,"comment_status":"open","ping_status":"closed","template":"","meta":[],"product_cat":[225,125,136,80],"product_tag":[],"yoast_head":"<!-- This site is optimized with the Yoast SEO plugin v22.2 - https:\/\/yoast.com\/wordpress\/plugins\/seo\/ -->\n<title>HAIR CLINIC Oleo Expert Hajn\u00f6veked\u00e9st gyors\u00edt\u00f3 maszk 500ml - Eveline Cosmetics Magyarorsz\u00e1g<\/title>\n<meta name=\"robots\" content=\"index, follow, max-snippet:-1, max-image-preview:large, max-video-preview:-1\" \/>\n<link rel=\"canonical\" href=\"https:\/\/www.eveline.hu\/2016\/eveline-kozmetikumok-szepsegapolas\/szepsegapolas\/hajapolas\/hair-clinic-oleo-expert-hajnovekedest-gyorsito-maszk-300ml\/\" \/>\n<meta property=\"og:locale\" content=\"hu_HU\" \/>\n<meta property=\"og:type\" content=\"article\" \/>\n<meta property=\"og:title\" content=\"HAIR CLINIC Oleo Expert Hajn\u00f6veked\u00e9st gyors\u00edt\u00f3 maszk 500ml - Eveline Cosmetics Magyarorsz\u00e1g\" \/>\n<meta property=\"og:description\" content=\"500ml ( 5898 Ft\/l)\" \/>\n<meta property=\"og:url\" content=\"https:\/\/www.eveline.hu\/2016\/eveline-kozmetikumok-szepsegapolas\/szepsegapolas\/hajapolas\/hair-clinic-oleo-expert-hajnovekedest-gyorsito-maszk-300ml\/\" \/>\n<meta property=\"og:site_name\" content=\"Eveline Cosmetics Magyarorsz\u00e1g\" \/>\n<meta property=\"article:modified_time\" content=\"2022-12-26T21:33:31+00:00\" \/>\n<meta property=\"og:image\" content=\"https:\/\/www.eveline.hu\/2016\/wp-content\/uploads\/2019\/01\/Oleo-maszk-web.png\" \/>\n\t<meta property=\"og:image:width\" content=\"750\" \/>\n\t<meta property=\"og:image:height\" content=\"750\" \/>\n\t<meta property=\"og:image:type\" content=\"image\/png\" \/>\n<meta name=\"twitter:card\" content=\"summary_large_image\" \/>\n<script type=\"application\/ld+json\" class=\"yoast-schema-graph\">{\"@context\":\"https:\/\/schema.org\",\"@graph\":[{\"@type\":\"WebPage\",\"@id\":\"https:\/\/www.eveline.hu\/2016\/eveline-kozmetikumok-szepsegapolas\/szepsegapolas\/hajapolas\/hair-clinic-oleo-expert-hajnovekedest-gyorsito-maszk-300ml\/\",\"url\":\"https:\/\/www.eveline.hu\/2016\/eveline-kozmetikumok-szepsegapolas\/szepsegapolas\/hajapolas\/hair-clinic-oleo-expert-hajnovekedest-gyorsito-maszk-300ml\/\",\"name\":\"HAIR CLINIC Oleo Expert Hajn\u00f6veked\u00e9st gyors\u00edt\u00f3 maszk 500ml - Eveline Cosmetics Magyarorsz\u00e1g\",\"isPartOf\":{\"@id\":\"https:\/\/www.eveline.hu\/2016\/#website\"},\"primaryImageOfPage\":{\"@id\":\"https:\/\/www.eveline.hu\/2016\/eveline-kozmetikumok-szepsegapolas\/szepsegapolas\/hajapolas\/hair-clinic-oleo-expert-hajnovekedest-gyorsito-maszk-300ml\/#primaryimage\"},\"image\":{\"@id\":\"https:\/\/www.eveline.hu\/2016\/eveline-kozmetikumok-szepsegapolas\/szepsegapolas\/hajapolas\/hair-clinic-oleo-expert-hajnovekedest-gyorsito-maszk-300ml\/#primaryimage\"},\"thumbnailUrl\":\"https:\/\/www.eveline.hu\/2016\/wp-content\/uploads\/2019\/01\/Oleo-maszk-web.png\",\"datePublished\":\"2019-01-02T19:51:15+00:00\",\"dateModified\":\"2022-12-26T21:33:31+00:00\",\"breadcrumb\":{\"@id\":\"https:\/\/www.eveline.hu\/2016\/eveline-kozmetikumok-szepsegapolas\/szepsegapolas\/hajapolas\/hair-clinic-oleo-expert-hajnovekedest-gyorsito-maszk-300ml\/#breadcrumb\"},\"inLanguage\":\"hu\",\"potentialAction\":[{\"@type\":\"ReadAction\",\"target\":[\"https:\/\/www.eveline.hu\/2016\/eveline-kozmetikumok-szepsegapolas\/szepsegapolas\/hajapolas\/hair-clinic-oleo-expert-hajnovekedest-gyorsito-maszk-300ml\/\"]}]},{\"@type\":\"ImageObject\",\"inLanguage\":\"hu\",\"@id\":\"https:\/\/www.eveline.hu\/2016\/eveline-kozmetikumok-szepsegapolas\/szepsegapolas\/hajapolas\/hair-clinic-oleo-expert-hajnovekedest-gyorsito-maszk-300ml\/#primaryimage\",\"url\":\"https:\/\/www.eveline.hu\/2016\/wp-content\/uploads\/2019\/01\/Oleo-maszk-web.png\",\"contentUrl\":\"https:\/\/www.eveline.hu\/2016\/wp-content\/uploads\/2019\/01\/Oleo-maszk-web.png\",\"width\":750,\"height\":750},{\"@type\":\"BreadcrumbList\",\"@id\":\"https:\/\/www.eveline.hu\/2016\/eveline-kozmetikumok-szepsegapolas\/szepsegapolas\/hajapolas\/hair-clinic-oleo-expert-hajnovekedest-gyorsito-maszk-300ml\/#breadcrumb\",\"itemListElement\":[{\"@type\":\"ListItem\",\"position\":1,\"name\":\"Home\",\"item\":\"https:\/\/www.eveline.hu\/2016\/\"},{\"@type\":\"ListItem\",\"position\":2,\"name\":\"Term\u00e9kek\",\"item\":\"https:\/\/www.eveline.hu\/2016\/shop\/\"},{\"@type\":\"ListItem\",\"position\":3,\"name\":\"HAIR CLINIC Oleo Expert Hajn\u00f6veked\u00e9st gyors\u00edt\u00f3 maszk 500ml\"}]},{\"@type\":\"WebSite\",\"@id\":\"https:\/\/www.eveline.hu\/2016\/#website\",\"url\":\"https:\/\/www.eveline.hu\/2016\/\",\"name\":\"Eveline Cosmetics Magyarorsz\u00e1g\",\"description\":\"Min\u0151s\u00e9gi kozmetikumok Lengyelorsz\u00e1gb\u00f3l\",\"potentialAction\":[{\"@type\":\"SearchAction\",\"target\":{\"@type\":\"EntryPoint\",\"urlTemplate\":\"https:\/\/www.eveline.hu\/2016\/?s={search_term_string}\"},\"query-input\":\"required name=search_term_string\"}],\"inLanguage\":\"hu\"}]}<\/script>\n<!-- \/ Yoast SEO plugin. -->","yoast_head_json":{"title":"HAIR CLINIC Oleo Expert Hajn\u00f6veked\u00e9st gyors\u00edt\u00f3 maszk 500ml - Eveline Cosmetics Magyarorsz\u00e1g","robots":{"index":"index","follow":"follow","max-snippet":"max-snippet:-1","max-image-preview":"max-image-preview:large","max-video-preview":"max-video-preview:-1"},"canonical":"https:\/\/www.eveline.hu\/2016\/eveline-kozmetikumok-szepsegapolas\/szepsegapolas\/hajapolas\/hair-clinic-oleo-expert-hajnovekedest-gyorsito-maszk-300ml\/","og_locale":"hu_HU","og_type":"article","og_title":"HAIR CLINIC Oleo Expert Hajn\u00f6veked\u00e9st gyors\u00edt\u00f3 maszk 500ml - Eveline Cosmetics Magyarorsz\u00e1g","og_description":"500ml ( 5898 Ft\/l)","og_url":"https:\/\/www.eveline.hu\/2016\/eveline-kozmetikumok-szepsegapolas\/szepsegapolas\/hajapolas\/hair-clinic-oleo-expert-hajnovekedest-gyorsito-maszk-300ml\/","og_site_name":"Eveline Cosmetics Magyarorsz\u00e1g","article_modified_time":"2022-12-26T21:33:31+00:00","og_image":[{"width":750,"height":750,"url":"https:\/\/www.eveline.hu\/2016\/wp-content\/uploads\/2019\/01\/Oleo-maszk-web.png","type":"image\/png"}],"twitter_card":"summary_large_image","schema":{"@context":"https:\/\/schema.org","@graph":[{"@type":"WebPage","@id":"https:\/\/www.eveline.hu\/2016\/eveline-kozmetikumok-szepsegapolas\/szepsegapolas\/hajapolas\/hair-clinic-oleo-expert-hajnovekedest-gyorsito-maszk-300ml\/","url":"https:\/\/www.eveline.hu\/2016\/eveline-kozmetikumok-szepsegapolas\/szepsegapolas\/hajapolas\/hair-clinic-oleo-expert-hajnovekedest-gyorsito-maszk-300ml\/","name":"HAIR CLINIC Oleo Expert Hajn\u00f6veked\u00e9st gyors\u00edt\u00f3 maszk 500ml - Eveline Cosmetics Magyarorsz\u00e1g","isPartOf":{"@id":"https:\/\/www.eveline.hu\/2016\/#website"},"primaryImageOfPage":{"@id":"https:\/\/www.eveline.hu\/2016\/eveline-kozmetikumok-szepsegapolas\/szepsegapolas\/hajapolas\/hair-clinic-oleo-expert-hajnovekedest-gyorsito-maszk-300ml\/#primaryimage"},"image":{"@id":"https:\/\/www.eveline.hu\/2016\/eveline-kozmetikumok-szepsegapolas\/szepsegapolas\/hajapolas\/hair-clinic-oleo-expert-hajnovekedest-gyorsito-maszk-300ml\/#primaryimage"},"thumbnailUrl":"https:\/\/www.eveline.hu\/2016\/wp-content\/uploads\/2019\/01\/Oleo-maszk-web.png","datePublished":"2019-01-02T19:51:15+00:00","dateModified":"2022-12-26T21:33:31+00:00","breadcrumb":{"@id":"https:\/\/www.eveline.hu\/2016\/eveline-kozmetikumok-szepsegapolas\/szepsegapolas\/hajapolas\/hair-clinic-oleo-expert-hajnovekedest-gyorsito-maszk-300ml\/#breadcrumb"},"inLanguage":"hu","potentialAction":[{"@type":"ReadAction","target":["https:\/\/www.eveline.hu\/2016\/eveline-kozmetikumok-szepsegapolas\/szepsegapolas\/hajapolas\/hair-clinic-oleo-expert-hajnovekedest-gyorsito-maszk-300ml\/"]}]},{"@type":"ImageObject","inLanguage":"hu","@id":"https:\/\/www.eveline.hu\/2016\/eveline-kozmetikumok-szepsegapolas\/szepsegapolas\/hajapolas\/hair-clinic-oleo-expert-hajnovekedest-gyorsito-maszk-300ml\/#primaryimage","url":"https:\/\/www.eveline.hu\/2016\/wp-content\/uploads\/2019\/01\/Oleo-maszk-web.png","contentUrl":"https:\/\/www.eveline.hu\/2016\/wp-content\/uploads\/2019\/01\/Oleo-maszk-web.png","width":750,"height":750},{"@type":"BreadcrumbList","@id":"https:\/\/www.eveline.hu\/2016\/eveline-kozmetikumok-szepsegapolas\/szepsegapolas\/hajapolas\/hair-clinic-oleo-expert-hajnovekedest-gyorsito-maszk-300ml\/#breadcrumb","itemListElement":[{"@type":"ListItem","position":1,"name":"Home","item":"https:\/\/www.eveline.hu\/2016\/"},{"@type":"ListItem","position":2,"name":"Term\u00e9kek","item":"https:\/\/www.eveline.hu\/2016\/shop\/"},{"@type":"ListItem","position":3,"name":"HAIR CLINIC Oleo Expert Hajn\u00f6veked\u00e9st gyors\u00edt\u00f3 maszk 500ml"}]},{"@type":"WebSite","@id":"https:\/\/www.eveline.hu\/2016\/#website","url":"https:\/\/www.eveline.hu\/2016\/","name":"Eveline Cosmetics Magyarorsz\u00e1g","description":"Min\u0151s\u00e9gi kozmetikumok Lengyelorsz\u00e1gb\u00f3l","potentialAction":[{"@type":"SearchAction","target":{"@type":"EntryPoint","urlTemplate":"https:\/\/www.eveline.hu\/2016\/?s={search_term_string}"},"query-input":"required name=search_term_string"}],"inLanguage":"hu"}]}},"_links":{"self":[{"href":"https:\/\/www.eveline.hu\/2016\/wp-json\/wp\/v2\/product\/23643"}],"collection":[{"href":"https:\/\/www.eveline.hu\/2016\/wp-json\/wp\/v2\/product"}],"about":[{"href":"https:\/\/www.eveline.hu\/2016\/wp-json\/wp\/v2\/types\/product"}],"replies":[{"embeddable":true,"href":"https:\/\/www.eveline.hu\/2016\/wp-json\/wp\/v2\/comments?post=23643"}],"wp:featuredmedia":[{"embeddable":true,"href":"https:\/\/www.eveline.hu\/2016\/wp-json\/wp\/v2\/media\/23644"}],"wp:attachment":[{"href":"https:\/\/www.eveline.hu\/2016\/wp-json\/wp\/v2\/media?parent=23643"}],"wp:term":[{"taxonomy":"product_cat","embeddable":true,"href":"https:\/\/www.eveline.hu\/2016\/wp-json\/wp\/v2\/product_cat?post=23643"},{"taxonomy":"product_tag","embeddable":true,"href":"https:\/\/www.eveline.hu\/2016\/wp-json\/wp\/v2\/product_tag?post=23643"}],"curies":[{"name":"wp","href":"https:\/\/api.w.org\/{rel}","templated":true}]}}