{"id":23627,"date":"2024-04-18T19:26:03","date_gmt":"2024-04-18T17:26:03","guid":{"rendered":"https:\/\/www.eveline.hu\/2016\/?post_type=product&#038;p=23627"},"modified":"2024-04-19T13:25:28","modified_gmt":"2024-04-19T11:25:28","slug":"royal-snail-40-ranctalanito-nappali-es-ejszakai-krem-50ml","status":"publish","type":"product","link":"https:\/\/www.eveline.hu\/2016\/eveline-kozmetikumok-szepsegapolas\/szepsegapolas\/arcapolas\/royal-snail-40-ranctalanito-nappali-es-ejszakai-krem-50ml\/","title":{"rendered":"Royal Snail 40+ R\u00e1nctalan\u00edt\u00f3 Nappali \u00e9s \u00c9jszakai kr\u00e9m 50ml"},"content":{"rendered":"<p><strong>Royal Snail Koncentr\u00e1lt Intenz\u00edv R\u00e1nctalan\u00edt\u00f3 kr\u00e9m 40+<\/strong><\/p>\n<p>Nappali \u00e9s \u00c9jszakai. Minden b\u0151rt\u00edpusra, \u00e9rz\u00e9kenyre is.<\/p>\n<p><strong>INTENZ\u00cdV HELYRE\u00c1LL\u00cdT\u00d3 AMPULLA<\/strong><\/p>\n<p><strong>A Royal Snail<\/strong> exkluz\u00edv sorozat \u00f6tv\u00f6zi a <strong>csigany\u00e1lka sz\u0171rlet <\/strong>kiv\u00e9teles regener\u00e1l\u00f3 potenci\u00e1lj\u00e1t \u00e9s a<strong>\u00a0<\/strong><strong>PEP-7REPAIR\u2122 <\/strong>a leg\u00fajabb gener\u00e1ci\u00f3s heptapeptidet. Stimul\u00e1lja a b\u0151rregener\u00e1ci\u00f3 \u00e9lettani folyamatait, biztos\u00edtva a nagyfok\u00fa b\u0151rfeszess\u00e9get \u00e9s rugalmass\u00e1got, valamint a teljes meg\u00faj\u00edt\u00f3 hat\u00e1st.<\/p>\n<p><strong>A KONCENTR\u00c1LT INTENZ\u00cdV R\u00c1NCTALAN\u00cdT\u00d3 KR\u00c9M 40+<\/strong> jelent\u0151sen n\u00f6veli a b\u0151r regener\u00e1l\u00f3d\u00e1si k\u00e9pess\u00e9g\u00e9t, <strong>TELJES MEG\u00daJ\u00cdT\u00c1S SERKENT\u0150:<\/strong><\/p>\n<ol>\n<li><strong> T\u00e1mogatja a b\u0151r meg\u00fajul\u00e1si folyamatait<\/strong>:<\/li>\n<\/ol>\n<p>A<strong> Neo-DNA <\/strong><strong>komplex<\/strong> \u00e9s a <strong>PEP-7REPAIR\u2122 <\/strong>\u00a0serkenti a regener\u00e1ci\u00f3s folyamatok megfelel\u0151 menet\u00e9t, \u00edgy a b\u0151r feszesebb\u00e9 \u00e9s rugalmasabb\u00e1 v\u00e1lik.<\/p>\n<ol start=\"2\">\n<li><strong>Korrig\u00e1lja a r\u00e1ncok l\u00e1that\u00f3s\u00e1g\u00e1t<\/strong>:<\/li>\n<\/ol>\n<p>A <strong>Csigany\u00e1lka sz\u0171rlet<\/strong> cs\u00f6kkenti az els\u0151 \u00f6reged\u00e9si t\u00fcnetek l\u00e1that\u00f3s\u00e1g\u00e1t, cs\u00f6kkenti a r\u00e1ncokat \u00e9s megg\u00e1tolja \u00fajak kialakul\u00e1s\u00e1t.<\/p>\n<p>3.<strong>Helyre\u00e1ll\u00edtja a fiatalos feszess\u00e9get \u00e9s fesz\u00fcl\u00e9st<\/strong>:<\/p>\n<p>Az<strong> ARGATENSIVE<sup>TM <\/sup><\/strong>azonnali b\u0151r fesz\u00fcl\u00e9st ny\u00fajt \u00e9s kisim\u00edtja az apr\u00f3 vonalakat.<\/p>\n<p>\u00f6sszetev\u0151k: Aqua (Water), Glycerin, Snail Secretion Filtrate, Isopropyl Myristate, Ceteareth-20, Cetearyl Alcohol, Dimethicone, Butyrospermum Parkii Butter, Persea Gratissima Oil, Triticum Vulgare Germ Oil, Olus Oil, Argania Spinosa Kernel Extract, Malus Domestica Fruit Cell Culture Extract, Cichorium Intybus Leaf Extract, Betaine, Maris Aqua, Sodium Hyaluronate, Adenosine, Tocopheryl Acetate, Tocopherol, Palmitoyl Tripeptide-1, Heptapeptide-7, Palmitoyl Tetrapeptide-7, Sodium Lactate, Caprylyl Glycol, Lecithin, Propanediol, Polyacrylamide, Sodium Polyacrylate, Phenoxyethanol, Methylparaben, Ethylparaben, Propylparaben, Hydroxyacetophenone, Ethylhexylglycerin, Potassium Sorbate, Sodium Benzoate, Parfum (Fragrance), Acrylates\/C10-30 Alkyl Acrylate Crosspolymer, Triethanolamine, C13-14 Isoparaffin, Laureth-7, Caprylyl Glycol, Phenethyl Alcohol, Butylene Glycol, Sodium Cocoyl Glutamate, Hexylene Glycol, Carbomer, Xanthan Gum, Polysorbate 20, Citric Acid, Hexyl Cinnamal, Linalool.<\/p>\n","protected":false},"excerpt":{"rendered":"<p>Royal Snail Koncentr\u00e1lt Intenz\u00edv R\u00e1nctalan\u00edt\u00f3 kr\u00e9m 40+ Nappali \u00e9s \u00c9jszakai. Minden b\u0151rt\u00edpusra, \u00e9rz\u00e9kenyre is. INTENZ\u00cdV HELYRE\u00c1LL\u00cdT\u00d3 AMPULLA A Royal Snail exkluz\u00edv sorozat \u00f6tv\u00f6zi a csigany\u00e1lka sz\u0171rlet kiv\u00e9teles regener\u00e1l\u00f3 potenci\u00e1lj\u00e1t \u00e9s a\u00a0PEP-7REPAIR\u2122 a leg\u00fajabb gener\u00e1ci\u00f3s heptapeptidet. Stimul\u00e1lja a b\u0151rregener\u00e1ci\u00f3 \u00e9lettani folyamatait, [&hellip;]<\/p>\n","protected":false},"featured_media":23628,"comment_status":"open","ping_status":"closed","template":"","meta":[],"product_cat":[224,125,126,80],"product_tag":[],"yoast_head":"<!-- This site is optimized with the Yoast SEO plugin v22.2 - https:\/\/yoast.com\/wordpress\/plugins\/seo\/ -->\n<title>Royal Snail 40+ R\u00e1nctalan\u00edt\u00f3 Nappali \u00e9s \u00c9jszakai kr\u00e9m 50ml - Eveline Cosmetics Magyarorsz\u00e1g<\/title>\n<meta name=\"robots\" content=\"index, follow, max-snippet:-1, max-image-preview:large, max-video-preview:-1\" \/>\n<link rel=\"canonical\" href=\"https:\/\/www.eveline.hu\/2016\/eveline-kozmetikumok-szepsegapolas\/szepsegapolas\/arcapolas\/royal-snail-40-ranctalanito-nappali-es-ejszakai-krem-50ml\/\" \/>\n<meta property=\"og:locale\" content=\"hu_HU\" \/>\n<meta property=\"og:type\" content=\"article\" \/>\n<meta property=\"og:title\" content=\"Royal Snail 40+ R\u00e1nctalan\u00edt\u00f3 Nappali \u00e9s \u00c9jszakai kr\u00e9m 50ml - Eveline Cosmetics Magyarorsz\u00e1g\" \/>\n<meta property=\"og:description\" content=\"Royal Snail Koncentr\u00e1lt Intenz\u00edv R\u00e1nctalan\u00edt\u00f3 kr\u00e9m 40+ Nappali \u00e9s \u00c9jszakai. Minden b\u0151rt\u00edpusra, \u00e9rz\u00e9kenyre is. INTENZ\u00cdV HELYRE\u00c1LL\u00cdT\u00d3 AMPULLA A Royal Snail exkluz\u00edv sorozat \u00f6tv\u00f6zi a csigany\u00e1lka sz\u0171rlet kiv\u00e9teles regener\u00e1l\u00f3 potenci\u00e1lj\u00e1t \u00e9s a\u00a0PEP-7REPAIR\u2122 a leg\u00fajabb gener\u00e1ci\u00f3s heptapeptidet. Stimul\u00e1lja a b\u0151rregener\u00e1ci\u00f3 \u00e9lettani folyamatait, [&hellip;]\" \/>\n<meta property=\"og:url\" content=\"https:\/\/www.eveline.hu\/2016\/eveline-kozmetikumok-szepsegapolas\/szepsegapolas\/arcapolas\/royal-snail-40-ranctalanito-nappali-es-ejszakai-krem-50ml\/\" \/>\n<meta property=\"og:site_name\" content=\"Eveline Cosmetics Magyarorsz\u00e1g\" \/>\n<meta property=\"article:modified_time\" content=\"2024-04-19T11:25:28+00:00\" \/>\n<meta property=\"og:image\" content=\"https:\/\/www.eveline.hu\/2016\/wp-content\/uploads\/2019\/01\/Royal-Snail-kr\u00e9m-40.png\" \/>\n\t<meta property=\"og:image:width\" content=\"750\" \/>\n\t<meta property=\"og:image:height\" content=\"750\" \/>\n\t<meta property=\"og:image:type\" content=\"image\/png\" \/>\n<meta name=\"twitter:card\" content=\"summary_large_image\" \/>\n<meta name=\"twitter:label1\" content=\"Becs\u00fclt olvas\u00e1si id\u0151\" \/>\n\t<meta name=\"twitter:data1\" content=\"2 perc\" \/>\n<script type=\"application\/ld+json\" class=\"yoast-schema-graph\">{\"@context\":\"https:\/\/schema.org\",\"@graph\":[{\"@type\":\"WebPage\",\"@id\":\"https:\/\/www.eveline.hu\/2016\/eveline-kozmetikumok-szepsegapolas\/szepsegapolas\/arcapolas\/royal-snail-40-ranctalanito-nappali-es-ejszakai-krem-50ml\/\",\"url\":\"https:\/\/www.eveline.hu\/2016\/eveline-kozmetikumok-szepsegapolas\/szepsegapolas\/arcapolas\/royal-snail-40-ranctalanito-nappali-es-ejszakai-krem-50ml\/\",\"name\":\"Royal Snail 40+ R\u00e1nctalan\u00edt\u00f3 Nappali \u00e9s \u00c9jszakai kr\u00e9m 50ml - Eveline Cosmetics Magyarorsz\u00e1g\",\"isPartOf\":{\"@id\":\"https:\/\/www.eveline.hu\/2016\/#website\"},\"primaryImageOfPage\":{\"@id\":\"https:\/\/www.eveline.hu\/2016\/eveline-kozmetikumok-szepsegapolas\/szepsegapolas\/arcapolas\/royal-snail-40-ranctalanito-nappali-es-ejszakai-krem-50ml\/#primaryimage\"},\"image\":{\"@id\":\"https:\/\/www.eveline.hu\/2016\/eveline-kozmetikumok-szepsegapolas\/szepsegapolas\/arcapolas\/royal-snail-40-ranctalanito-nappali-es-ejszakai-krem-50ml\/#primaryimage\"},\"thumbnailUrl\":\"https:\/\/www.eveline.hu\/2016\/wp-content\/uploads\/2019\/01\/Royal-Snail-kr\u00e9m-40.png\",\"datePublished\":\"2024-04-18T17:26:03+00:00\",\"dateModified\":\"2024-04-19T11:25:28+00:00\",\"breadcrumb\":{\"@id\":\"https:\/\/www.eveline.hu\/2016\/eveline-kozmetikumok-szepsegapolas\/szepsegapolas\/arcapolas\/royal-snail-40-ranctalanito-nappali-es-ejszakai-krem-50ml\/#breadcrumb\"},\"inLanguage\":\"hu\",\"potentialAction\":[{\"@type\":\"ReadAction\",\"target\":[\"https:\/\/www.eveline.hu\/2016\/eveline-kozmetikumok-szepsegapolas\/szepsegapolas\/arcapolas\/royal-snail-40-ranctalanito-nappali-es-ejszakai-krem-50ml\/\"]}]},{\"@type\":\"ImageObject\",\"inLanguage\":\"hu\",\"@id\":\"https:\/\/www.eveline.hu\/2016\/eveline-kozmetikumok-szepsegapolas\/szepsegapolas\/arcapolas\/royal-snail-40-ranctalanito-nappali-es-ejszakai-krem-50ml\/#primaryimage\",\"url\":\"https:\/\/www.eveline.hu\/2016\/wp-content\/uploads\/2019\/01\/Royal-Snail-kr\u00e9m-40.png\",\"contentUrl\":\"https:\/\/www.eveline.hu\/2016\/wp-content\/uploads\/2019\/01\/Royal-Snail-kr\u00e9m-40.png\",\"width\":750,\"height\":750},{\"@type\":\"BreadcrumbList\",\"@id\":\"https:\/\/www.eveline.hu\/2016\/eveline-kozmetikumok-szepsegapolas\/szepsegapolas\/arcapolas\/royal-snail-40-ranctalanito-nappali-es-ejszakai-krem-50ml\/#breadcrumb\",\"itemListElement\":[{\"@type\":\"ListItem\",\"position\":1,\"name\":\"Home\",\"item\":\"https:\/\/www.eveline.hu\/2016\/\"},{\"@type\":\"ListItem\",\"position\":2,\"name\":\"Term\u00e9kek\",\"item\":\"https:\/\/www.eveline.hu\/2016\/shop\/\"},{\"@type\":\"ListItem\",\"position\":3,\"name\":\"Royal Snail 40+ R\u00e1nctalan\u00edt\u00f3 Nappali \u00e9s \u00c9jszakai kr\u00e9m 50ml\"}]},{\"@type\":\"WebSite\",\"@id\":\"https:\/\/www.eveline.hu\/2016\/#website\",\"url\":\"https:\/\/www.eveline.hu\/2016\/\",\"name\":\"Eveline Cosmetics Magyarorsz\u00e1g\",\"description\":\"Min\u0151s\u00e9gi kozmetikumok Lengyelorsz\u00e1gb\u00f3l\",\"potentialAction\":[{\"@type\":\"SearchAction\",\"target\":{\"@type\":\"EntryPoint\",\"urlTemplate\":\"https:\/\/www.eveline.hu\/2016\/?s={search_term_string}\"},\"query-input\":\"required name=search_term_string\"}],\"inLanguage\":\"hu\"}]}<\/script>\n<!-- \/ Yoast SEO plugin. -->","yoast_head_json":{"title":"Royal Snail 40+ R\u00e1nctalan\u00edt\u00f3 Nappali \u00e9s \u00c9jszakai kr\u00e9m 50ml - Eveline Cosmetics Magyarorsz\u00e1g","robots":{"index":"index","follow":"follow","max-snippet":"max-snippet:-1","max-image-preview":"max-image-preview:large","max-video-preview":"max-video-preview:-1"},"canonical":"https:\/\/www.eveline.hu\/2016\/eveline-kozmetikumok-szepsegapolas\/szepsegapolas\/arcapolas\/royal-snail-40-ranctalanito-nappali-es-ejszakai-krem-50ml\/","og_locale":"hu_HU","og_type":"article","og_title":"Royal Snail 40+ R\u00e1nctalan\u00edt\u00f3 Nappali \u00e9s \u00c9jszakai kr\u00e9m 50ml - Eveline Cosmetics Magyarorsz\u00e1g","og_description":"Royal Snail Koncentr\u00e1lt Intenz\u00edv R\u00e1nctalan\u00edt\u00f3 kr\u00e9m 40+ Nappali \u00e9s \u00c9jszakai. Minden b\u0151rt\u00edpusra, \u00e9rz\u00e9kenyre is. INTENZ\u00cdV HELYRE\u00c1LL\u00cdT\u00d3 AMPULLA A Royal Snail exkluz\u00edv sorozat \u00f6tv\u00f6zi a csigany\u00e1lka sz\u0171rlet kiv\u00e9teles regener\u00e1l\u00f3 potenci\u00e1lj\u00e1t \u00e9s a\u00a0PEP-7REPAIR\u2122 a leg\u00fajabb gener\u00e1ci\u00f3s heptapeptidet. Stimul\u00e1lja a b\u0151rregener\u00e1ci\u00f3 \u00e9lettani folyamatait, [&hellip;]","og_url":"https:\/\/www.eveline.hu\/2016\/eveline-kozmetikumok-szepsegapolas\/szepsegapolas\/arcapolas\/royal-snail-40-ranctalanito-nappali-es-ejszakai-krem-50ml\/","og_site_name":"Eveline Cosmetics Magyarorsz\u00e1g","article_modified_time":"2024-04-19T11:25:28+00:00","og_image":[{"width":750,"height":750,"url":"https:\/\/www.eveline.hu\/2016\/wp-content\/uploads\/2019\/01\/Royal-Snail-kr\u00e9m-40.png","type":"image\/png"}],"twitter_card":"summary_large_image","twitter_misc":{"Becs\u00fclt olvas\u00e1si id\u0151":"2 perc"},"schema":{"@context":"https:\/\/schema.org","@graph":[{"@type":"WebPage","@id":"https:\/\/www.eveline.hu\/2016\/eveline-kozmetikumok-szepsegapolas\/szepsegapolas\/arcapolas\/royal-snail-40-ranctalanito-nappali-es-ejszakai-krem-50ml\/","url":"https:\/\/www.eveline.hu\/2016\/eveline-kozmetikumok-szepsegapolas\/szepsegapolas\/arcapolas\/royal-snail-40-ranctalanito-nappali-es-ejszakai-krem-50ml\/","name":"Royal Snail 40+ R\u00e1nctalan\u00edt\u00f3 Nappali \u00e9s \u00c9jszakai kr\u00e9m 50ml - Eveline Cosmetics Magyarorsz\u00e1g","isPartOf":{"@id":"https:\/\/www.eveline.hu\/2016\/#website"},"primaryImageOfPage":{"@id":"https:\/\/www.eveline.hu\/2016\/eveline-kozmetikumok-szepsegapolas\/szepsegapolas\/arcapolas\/royal-snail-40-ranctalanito-nappali-es-ejszakai-krem-50ml\/#primaryimage"},"image":{"@id":"https:\/\/www.eveline.hu\/2016\/eveline-kozmetikumok-szepsegapolas\/szepsegapolas\/arcapolas\/royal-snail-40-ranctalanito-nappali-es-ejszakai-krem-50ml\/#primaryimage"},"thumbnailUrl":"https:\/\/www.eveline.hu\/2016\/wp-content\/uploads\/2019\/01\/Royal-Snail-kr\u00e9m-40.png","datePublished":"2024-04-18T17:26:03+00:00","dateModified":"2024-04-19T11:25:28+00:00","breadcrumb":{"@id":"https:\/\/www.eveline.hu\/2016\/eveline-kozmetikumok-szepsegapolas\/szepsegapolas\/arcapolas\/royal-snail-40-ranctalanito-nappali-es-ejszakai-krem-50ml\/#breadcrumb"},"inLanguage":"hu","potentialAction":[{"@type":"ReadAction","target":["https:\/\/www.eveline.hu\/2016\/eveline-kozmetikumok-szepsegapolas\/szepsegapolas\/arcapolas\/royal-snail-40-ranctalanito-nappali-es-ejszakai-krem-50ml\/"]}]},{"@type":"ImageObject","inLanguage":"hu","@id":"https:\/\/www.eveline.hu\/2016\/eveline-kozmetikumok-szepsegapolas\/szepsegapolas\/arcapolas\/royal-snail-40-ranctalanito-nappali-es-ejszakai-krem-50ml\/#primaryimage","url":"https:\/\/www.eveline.hu\/2016\/wp-content\/uploads\/2019\/01\/Royal-Snail-kr\u00e9m-40.png","contentUrl":"https:\/\/www.eveline.hu\/2016\/wp-content\/uploads\/2019\/01\/Royal-Snail-kr\u00e9m-40.png","width":750,"height":750},{"@type":"BreadcrumbList","@id":"https:\/\/www.eveline.hu\/2016\/eveline-kozmetikumok-szepsegapolas\/szepsegapolas\/arcapolas\/royal-snail-40-ranctalanito-nappali-es-ejszakai-krem-50ml\/#breadcrumb","itemListElement":[{"@type":"ListItem","position":1,"name":"Home","item":"https:\/\/www.eveline.hu\/2016\/"},{"@type":"ListItem","position":2,"name":"Term\u00e9kek","item":"https:\/\/www.eveline.hu\/2016\/shop\/"},{"@type":"ListItem","position":3,"name":"Royal Snail 40+ R\u00e1nctalan\u00edt\u00f3 Nappali \u00e9s \u00c9jszakai kr\u00e9m 50ml"}]},{"@type":"WebSite","@id":"https:\/\/www.eveline.hu\/2016\/#website","url":"https:\/\/www.eveline.hu\/2016\/","name":"Eveline Cosmetics Magyarorsz\u00e1g","description":"Min\u0151s\u00e9gi kozmetikumok Lengyelorsz\u00e1gb\u00f3l","potentialAction":[{"@type":"SearchAction","target":{"@type":"EntryPoint","urlTemplate":"https:\/\/www.eveline.hu\/2016\/?s={search_term_string}"},"query-input":"required name=search_term_string"}],"inLanguage":"hu"}]}},"_links":{"self":[{"href":"https:\/\/www.eveline.hu\/2016\/wp-json\/wp\/v2\/product\/23627"}],"collection":[{"href":"https:\/\/www.eveline.hu\/2016\/wp-json\/wp\/v2\/product"}],"about":[{"href":"https:\/\/www.eveline.hu\/2016\/wp-json\/wp\/v2\/types\/product"}],"replies":[{"embeddable":true,"href":"https:\/\/www.eveline.hu\/2016\/wp-json\/wp\/v2\/comments?post=23627"}],"wp:featuredmedia":[{"embeddable":true,"href":"https:\/\/www.eveline.hu\/2016\/wp-json\/wp\/v2\/media\/23628"}],"wp:attachment":[{"href":"https:\/\/www.eveline.hu\/2016\/wp-json\/wp\/v2\/media?parent=23627"}],"wp:term":[{"taxonomy":"product_cat","embeddable":true,"href":"https:\/\/www.eveline.hu\/2016\/wp-json\/wp\/v2\/product_cat?post=23627"},{"taxonomy":"product_tag","embeddable":true,"href":"https:\/\/www.eveline.hu\/2016\/wp-json\/wp\/v2\/product_tag?post=23627"}],"curies":[{"name":"wp","href":"https:\/\/api.w.org\/{rel}","templated":true}]}}