{"id":23540,"date":"2018-11-26T15:14:28","date_gmt":"2018-11-26T14:14:28","guid":{"rendered":"https:\/\/www.eveline.hu\/2016\/?post_type=product&#038;p=23540"},"modified":"2025-01-06T14:08:07","modified_gmt":"2025-01-06T13:08:07","slug":"skin-care-expert-melyen-taplalo-es-helyreallito-krem-50ml","status":"publish","type":"product","link":"https:\/\/www.eveline.hu\/2016\/eveline-kozmetikumok-szepsegapolas\/szepsegapolas\/arcapolas\/skin-care-expert-melyen-taplalo-es-helyreallito-krem-50ml\/","title":{"rendered":"SKIN CARE EXPERT 3 OLAJ + PEPTIDEK T\u00e1pl\u00e1l\u00f3 \u00e9s Helyre\u00e1ll\u00edt\u00f3 kr\u00e9m 50ml"},"content":{"rendered":"<p><strong>SKIN CARE EXPERT M\u00e9lyen T\u00e1pl\u00e1l\u00f3 \u00e9s Helyre\u00e1ll\u00edt\u00f3 kr\u00e9m <\/strong><\/p>\n<p>Nappali \u00e9s \u00c9jszakai. \u00c9rett, sz\u00e1raz \u00e9s \u00e9rz\u00e9keny b\u0151rre.<\/p>\n<p><strong>3 OLAJ<\/strong> tsubaki, manuka, makad\u00e1mia <strong>+ PEPTIDEK<\/strong><\/p>\n<p>Intenz\u00edven regener\u00e1l \u00e9s kisim\u00edt. Hidrat\u00e1l \u00e9s feszes\u00edt. Cs\u00f6kkenti a r\u00e1ncokat.<\/p>\n<p>6 fiatal\u00edt\u00f3 \u00f6sszetev\u0151 egyes\u00edt\u00e9se:<\/p>\n<p><strong>3 Olaj (tsubaki, manuka, makad\u00e1mia) egyedi szinergi\u00e1ja<\/strong> seg\u00edt legy\u0151zni a b\u0151r\u00f6reged\u00e9s<\/p>\n<p>jeleit, azonnal feszes\u00edt \u00e9s megg\u00e1tolja a v\u00edzveszt\u00e9st.<\/p>\n<p><strong>Biomimetikus peptidek<\/strong> intenz\u00edv r\u00e1nctalan\u00edt\u00f3 \u00e9s lifting hat\u00e1st biztos\u00edtanak.<\/p>\n<p><strong>Hialuronsav<\/strong> m\u00e9lyen hidrat\u00e1l, megk\u00f6ti a v\u00edzmolekul\u00e1kat \u00e9s megg\u00e1tolja cs\u00f6kken\u00e9s\u00fcket valamint felt\u00f6lti a r\u00e1ncokat.<\/p>\n<p><strong>D-panthenol<\/strong> nyugtatja az irrit\u00e1ci\u00f3 jeleit \u00e9s v\u00e9d a kisz\u00e1rad\u00e1st\u00f3l.<\/p>\n","protected":false},"excerpt":{"rendered":"<p>Intenz\u00edven regener\u00e1l \u00e9s kisim\u00edt&#8230;<\/p>\n","protected":false},"featured_media":23541,"comment_status":"open","ping_status":"closed","template":"","meta":[],"product_cat":[223,125,126,80],"product_tag":[],"yoast_head":"<!-- This site is optimized with the Yoast SEO plugin v22.2 - https:\/\/yoast.com\/wordpress\/plugins\/seo\/ -->\n<title>SKIN CARE EXPERT 3 OLAJ + PEPTIDEK T\u00e1pl\u00e1l\u00f3 \u00e9s Helyre\u00e1ll\u00edt\u00f3 kr\u00e9m 50ml - Eveline Cosmetics Magyarorsz\u00e1g<\/title>\n<meta name=\"robots\" content=\"index, follow, max-snippet:-1, max-image-preview:large, max-video-preview:-1\" \/>\n<link rel=\"canonical\" href=\"https:\/\/www.eveline.hu\/2016\/eveline-kozmetikumok-szepsegapolas\/szepsegapolas\/arcapolas\/skin-care-expert-melyen-taplalo-es-helyreallito-krem-50ml\/\" \/>\n<meta property=\"og:locale\" content=\"hu_HU\" \/>\n<meta property=\"og:type\" content=\"article\" \/>\n<meta property=\"og:title\" content=\"SKIN CARE EXPERT 3 OLAJ + PEPTIDEK T\u00e1pl\u00e1l\u00f3 \u00e9s Helyre\u00e1ll\u00edt\u00f3 kr\u00e9m 50ml - Eveline Cosmetics Magyarorsz\u00e1g\" \/>\n<meta property=\"og:description\" content=\"Intenz\u00edven regener\u00e1l \u00e9s kisim\u00edt...\" \/>\n<meta property=\"og:url\" content=\"https:\/\/www.eveline.hu\/2016\/eveline-kozmetikumok-szepsegapolas\/szepsegapolas\/arcapolas\/skin-care-expert-melyen-taplalo-es-helyreallito-krem-50ml\/\" \/>\n<meta property=\"og:site_name\" content=\"Eveline Cosmetics Magyarorsz\u00e1g\" \/>\n<meta property=\"article:modified_time\" content=\"2025-01-06T13:08:07+00:00\" \/>\n<meta property=\"og:image\" content=\"https:\/\/www.eveline.hu\/2016\/wp-content\/uploads\/2018\/11\/Skin-Care-3-olaj-web.png\" \/>\n\t<meta property=\"og:image:width\" content=\"750\" \/>\n\t<meta property=\"og:image:height\" content=\"750\" \/>\n\t<meta property=\"og:image:type\" content=\"image\/png\" \/>\n<meta name=\"twitter:card\" content=\"summary_large_image\" \/>\n<meta name=\"twitter:label1\" content=\"Becs\u00fclt olvas\u00e1si id\u0151\" \/>\n\t<meta name=\"twitter:data1\" content=\"1 perc\" \/>\n<script type=\"application\/ld+json\" class=\"yoast-schema-graph\">{\"@context\":\"https:\/\/schema.org\",\"@graph\":[{\"@type\":\"WebPage\",\"@id\":\"https:\/\/www.eveline.hu\/2016\/eveline-kozmetikumok-szepsegapolas\/szepsegapolas\/arcapolas\/skin-care-expert-melyen-taplalo-es-helyreallito-krem-50ml\/\",\"url\":\"https:\/\/www.eveline.hu\/2016\/eveline-kozmetikumok-szepsegapolas\/szepsegapolas\/arcapolas\/skin-care-expert-melyen-taplalo-es-helyreallito-krem-50ml\/\",\"name\":\"SKIN CARE EXPERT 3 OLAJ + PEPTIDEK T\u00e1pl\u00e1l\u00f3 \u00e9s Helyre\u00e1ll\u00edt\u00f3 kr\u00e9m 50ml - Eveline Cosmetics Magyarorsz\u00e1g\",\"isPartOf\":{\"@id\":\"https:\/\/www.eveline.hu\/2016\/#website\"},\"primaryImageOfPage\":{\"@id\":\"https:\/\/www.eveline.hu\/2016\/eveline-kozmetikumok-szepsegapolas\/szepsegapolas\/arcapolas\/skin-care-expert-melyen-taplalo-es-helyreallito-krem-50ml\/#primaryimage\"},\"image\":{\"@id\":\"https:\/\/www.eveline.hu\/2016\/eveline-kozmetikumok-szepsegapolas\/szepsegapolas\/arcapolas\/skin-care-expert-melyen-taplalo-es-helyreallito-krem-50ml\/#primaryimage\"},\"thumbnailUrl\":\"https:\/\/www.eveline.hu\/2016\/wp-content\/uploads\/2018\/11\/Skin-Care-3-olaj-web.png\",\"datePublished\":\"2018-11-26T14:14:28+00:00\",\"dateModified\":\"2025-01-06T13:08:07+00:00\",\"breadcrumb\":{\"@id\":\"https:\/\/www.eveline.hu\/2016\/eveline-kozmetikumok-szepsegapolas\/szepsegapolas\/arcapolas\/skin-care-expert-melyen-taplalo-es-helyreallito-krem-50ml\/#breadcrumb\"},\"inLanguage\":\"hu\",\"potentialAction\":[{\"@type\":\"ReadAction\",\"target\":[\"https:\/\/www.eveline.hu\/2016\/eveline-kozmetikumok-szepsegapolas\/szepsegapolas\/arcapolas\/skin-care-expert-melyen-taplalo-es-helyreallito-krem-50ml\/\"]}]},{\"@type\":\"ImageObject\",\"inLanguage\":\"hu\",\"@id\":\"https:\/\/www.eveline.hu\/2016\/eveline-kozmetikumok-szepsegapolas\/szepsegapolas\/arcapolas\/skin-care-expert-melyen-taplalo-es-helyreallito-krem-50ml\/#primaryimage\",\"url\":\"https:\/\/www.eveline.hu\/2016\/wp-content\/uploads\/2018\/11\/Skin-Care-3-olaj-web.png\",\"contentUrl\":\"https:\/\/www.eveline.hu\/2016\/wp-content\/uploads\/2018\/11\/Skin-Care-3-olaj-web.png\",\"width\":750,\"height\":750},{\"@type\":\"BreadcrumbList\",\"@id\":\"https:\/\/www.eveline.hu\/2016\/eveline-kozmetikumok-szepsegapolas\/szepsegapolas\/arcapolas\/skin-care-expert-melyen-taplalo-es-helyreallito-krem-50ml\/#breadcrumb\",\"itemListElement\":[{\"@type\":\"ListItem\",\"position\":1,\"name\":\"Home\",\"item\":\"https:\/\/www.eveline.hu\/2016\/\"},{\"@type\":\"ListItem\",\"position\":2,\"name\":\"Term\u00e9kek\",\"item\":\"https:\/\/www.eveline.hu\/2016\/shop\/\"},{\"@type\":\"ListItem\",\"position\":3,\"name\":\"SKIN CARE EXPERT 3 OLAJ + PEPTIDEK T\u00e1pl\u00e1l\u00f3 \u00e9s Helyre\u00e1ll\u00edt\u00f3 kr\u00e9m 50ml\"}]},{\"@type\":\"WebSite\",\"@id\":\"https:\/\/www.eveline.hu\/2016\/#website\",\"url\":\"https:\/\/www.eveline.hu\/2016\/\",\"name\":\"Eveline Cosmetics Magyarorsz\u00e1g\",\"description\":\"Min\u0151s\u00e9gi kozmetikumok Lengyelorsz\u00e1gb\u00f3l\",\"potentialAction\":[{\"@type\":\"SearchAction\",\"target\":{\"@type\":\"EntryPoint\",\"urlTemplate\":\"https:\/\/www.eveline.hu\/2016\/?s={search_term_string}\"},\"query-input\":\"required name=search_term_string\"}],\"inLanguage\":\"hu\"}]}<\/script>\n<!-- \/ Yoast SEO plugin. -->","yoast_head_json":{"title":"SKIN CARE EXPERT 3 OLAJ + PEPTIDEK T\u00e1pl\u00e1l\u00f3 \u00e9s Helyre\u00e1ll\u00edt\u00f3 kr\u00e9m 50ml - Eveline Cosmetics Magyarorsz\u00e1g","robots":{"index":"index","follow":"follow","max-snippet":"max-snippet:-1","max-image-preview":"max-image-preview:large","max-video-preview":"max-video-preview:-1"},"canonical":"https:\/\/www.eveline.hu\/2016\/eveline-kozmetikumok-szepsegapolas\/szepsegapolas\/arcapolas\/skin-care-expert-melyen-taplalo-es-helyreallito-krem-50ml\/","og_locale":"hu_HU","og_type":"article","og_title":"SKIN CARE EXPERT 3 OLAJ + PEPTIDEK T\u00e1pl\u00e1l\u00f3 \u00e9s Helyre\u00e1ll\u00edt\u00f3 kr\u00e9m 50ml - Eveline Cosmetics Magyarorsz\u00e1g","og_description":"Intenz\u00edven regener\u00e1l \u00e9s kisim\u00edt...","og_url":"https:\/\/www.eveline.hu\/2016\/eveline-kozmetikumok-szepsegapolas\/szepsegapolas\/arcapolas\/skin-care-expert-melyen-taplalo-es-helyreallito-krem-50ml\/","og_site_name":"Eveline Cosmetics Magyarorsz\u00e1g","article_modified_time":"2025-01-06T13:08:07+00:00","og_image":[{"width":750,"height":750,"url":"https:\/\/www.eveline.hu\/2016\/wp-content\/uploads\/2018\/11\/Skin-Care-3-olaj-web.png","type":"image\/png"}],"twitter_card":"summary_large_image","twitter_misc":{"Becs\u00fclt olvas\u00e1si id\u0151":"1 perc"},"schema":{"@context":"https:\/\/schema.org","@graph":[{"@type":"WebPage","@id":"https:\/\/www.eveline.hu\/2016\/eveline-kozmetikumok-szepsegapolas\/szepsegapolas\/arcapolas\/skin-care-expert-melyen-taplalo-es-helyreallito-krem-50ml\/","url":"https:\/\/www.eveline.hu\/2016\/eveline-kozmetikumok-szepsegapolas\/szepsegapolas\/arcapolas\/skin-care-expert-melyen-taplalo-es-helyreallito-krem-50ml\/","name":"SKIN CARE EXPERT 3 OLAJ + PEPTIDEK T\u00e1pl\u00e1l\u00f3 \u00e9s Helyre\u00e1ll\u00edt\u00f3 kr\u00e9m 50ml - Eveline Cosmetics Magyarorsz\u00e1g","isPartOf":{"@id":"https:\/\/www.eveline.hu\/2016\/#website"},"primaryImageOfPage":{"@id":"https:\/\/www.eveline.hu\/2016\/eveline-kozmetikumok-szepsegapolas\/szepsegapolas\/arcapolas\/skin-care-expert-melyen-taplalo-es-helyreallito-krem-50ml\/#primaryimage"},"image":{"@id":"https:\/\/www.eveline.hu\/2016\/eveline-kozmetikumok-szepsegapolas\/szepsegapolas\/arcapolas\/skin-care-expert-melyen-taplalo-es-helyreallito-krem-50ml\/#primaryimage"},"thumbnailUrl":"https:\/\/www.eveline.hu\/2016\/wp-content\/uploads\/2018\/11\/Skin-Care-3-olaj-web.png","datePublished":"2018-11-26T14:14:28+00:00","dateModified":"2025-01-06T13:08:07+00:00","breadcrumb":{"@id":"https:\/\/www.eveline.hu\/2016\/eveline-kozmetikumok-szepsegapolas\/szepsegapolas\/arcapolas\/skin-care-expert-melyen-taplalo-es-helyreallito-krem-50ml\/#breadcrumb"},"inLanguage":"hu","potentialAction":[{"@type":"ReadAction","target":["https:\/\/www.eveline.hu\/2016\/eveline-kozmetikumok-szepsegapolas\/szepsegapolas\/arcapolas\/skin-care-expert-melyen-taplalo-es-helyreallito-krem-50ml\/"]}]},{"@type":"ImageObject","inLanguage":"hu","@id":"https:\/\/www.eveline.hu\/2016\/eveline-kozmetikumok-szepsegapolas\/szepsegapolas\/arcapolas\/skin-care-expert-melyen-taplalo-es-helyreallito-krem-50ml\/#primaryimage","url":"https:\/\/www.eveline.hu\/2016\/wp-content\/uploads\/2018\/11\/Skin-Care-3-olaj-web.png","contentUrl":"https:\/\/www.eveline.hu\/2016\/wp-content\/uploads\/2018\/11\/Skin-Care-3-olaj-web.png","width":750,"height":750},{"@type":"BreadcrumbList","@id":"https:\/\/www.eveline.hu\/2016\/eveline-kozmetikumok-szepsegapolas\/szepsegapolas\/arcapolas\/skin-care-expert-melyen-taplalo-es-helyreallito-krem-50ml\/#breadcrumb","itemListElement":[{"@type":"ListItem","position":1,"name":"Home","item":"https:\/\/www.eveline.hu\/2016\/"},{"@type":"ListItem","position":2,"name":"Term\u00e9kek","item":"https:\/\/www.eveline.hu\/2016\/shop\/"},{"@type":"ListItem","position":3,"name":"SKIN CARE EXPERT 3 OLAJ + PEPTIDEK T\u00e1pl\u00e1l\u00f3 \u00e9s Helyre\u00e1ll\u00edt\u00f3 kr\u00e9m 50ml"}]},{"@type":"WebSite","@id":"https:\/\/www.eveline.hu\/2016\/#website","url":"https:\/\/www.eveline.hu\/2016\/","name":"Eveline Cosmetics Magyarorsz\u00e1g","description":"Min\u0151s\u00e9gi kozmetikumok Lengyelorsz\u00e1gb\u00f3l","potentialAction":[{"@type":"SearchAction","target":{"@type":"EntryPoint","urlTemplate":"https:\/\/www.eveline.hu\/2016\/?s={search_term_string}"},"query-input":"required name=search_term_string"}],"inLanguage":"hu"}]}},"_links":{"self":[{"href":"https:\/\/www.eveline.hu\/2016\/wp-json\/wp\/v2\/product\/23540"}],"collection":[{"href":"https:\/\/www.eveline.hu\/2016\/wp-json\/wp\/v2\/product"}],"about":[{"href":"https:\/\/www.eveline.hu\/2016\/wp-json\/wp\/v2\/types\/product"}],"replies":[{"embeddable":true,"href":"https:\/\/www.eveline.hu\/2016\/wp-json\/wp\/v2\/comments?post=23540"}],"wp:featuredmedia":[{"embeddable":true,"href":"https:\/\/www.eveline.hu\/2016\/wp-json\/wp\/v2\/media\/23541"}],"wp:attachment":[{"href":"https:\/\/www.eveline.hu\/2016\/wp-json\/wp\/v2\/media?parent=23540"}],"wp:term":[{"taxonomy":"product_cat","embeddable":true,"href":"https:\/\/www.eveline.hu\/2016\/wp-json\/wp\/v2\/product_cat?post=23540"},{"taxonomy":"product_tag","embeddable":true,"href":"https:\/\/www.eveline.hu\/2016\/wp-json\/wp\/v2\/product_tag?post=23540"}],"curies":[{"name":"wp","href":"https:\/\/api.w.org\/{rel}","templated":true}]}}