{"id":23475,"date":"2018-11-10T20:49:56","date_gmt":"2018-11-10T19:49:56","guid":{"rendered":"http:\/\/www.eveline.hu\/2016\/?post_type=product&#038;p=23475"},"modified":"2023-02-11T01:04:46","modified_gmt":"2023-02-11T00:04:46","slug":"slim-extreme-4d-scalpel-szuperkoncentralt-szerum-zsirszovet-redukalas-250ml","status":"publish","type":"product","link":"https:\/\/www.eveline.hu\/2016\/eveline-kozmetikumok-szepsegapolas\/szepsegapolas\/testapolas\/slim-extreme-4d-scalpel-szuperkoncentralt-szerum-zsirszovet-redukalas-250ml\/","title":{"rendered":"SLIM EXTREME 4D SCALPEL SZUPERKONCENTR\u00c1LT SZ\u00c9RUM ZS\u00cdRSZ\u00d6VET REDUK\u00c1L\u00c1S 250ML"},"content":{"rendered":"<p>Akci\u00f3 id\u0151tartama: 2023.01.29.- 02.10.<\/p>\n<p><strong>SLIM EXTREME 4D SCALPEL\u00a0<\/strong><strong>SZUPERKONCENTR\u00c1LT SZ\u00c9RUM<\/strong><\/p>\n<p>ZS\u00cdRSZ\u00d6VET REDUK\u00c1L\u00c1S<\/p>\n<p>LAPOS HAS \u2013 V\u00c9KONY COMBOK<\/p>\n<p>Legy\u0151zi az \u00e1lland\u00f3 CELLULITOT.<\/p>\n<p>MELEG\u00cdT\u0150 FORMULA, EXTR\u00c9M ZS\u00cdR\u00c9GET\u0150<\/p>\n<p>A SZUPERKONCENTR\u00c1LT SZ\u00c9RUM megsz\u00fcnteti a felesleges zs\u00edrsz\u00f6veteket, karcs\u00fas\u00edt\u00f3 \u00f6vk\u00e9nt m\u0171k\u00f6dik a der\u00e9kter\u00fcleten\u00a0 \u00e9s cs\u00f6kkenti a combokat k\u00f6r\u00fclvev\u0151 zs\u00edrt. A forradalmi, szabadalmaztatott technol\u00f3gia, a &#8222;felhalmoz\u00f3d\u00f3&#8221; zs\u00edrsejtek, &#8222;\u00e9g\u0151&#8221; zs\u00edrsejtekk\u00e9 t\u00f6rt\u00e9n\u0151 \u00e1talakul\u00e1s\u00e1nak mechanizmus\u00e1t imit\u00e1lja.<\/p>\n<p><strong>FEJLETT AKT\u00cdV \u00d6SSZETEV\u0150K: \u00a0KOFFEIN KOMPLEX, EXTR\u00c9M ZS\u00cdR\u00c9GET\u0150, borosty\u00e1n kivonat, centella asiatica.<\/strong><\/p>\n<p>&nbsp;<\/p>\n<p>\u00f6sszetev\u0151k: Aqua (Water), Glycerin, Cetyl Alcohol, Helianthus Annuus Seed Oil, Dimethicone, Glyceryl Stearate SE, Tocopheryl Acetate, Centella Asiatica Leaf Extract, Propanediol, Caprylic\/Capric Triglyceride, Globularia Cordifolia Callus Culture Extract, Zingiber Zerumbet Extract, Ginkgo Biloba Leaf Extract, Sodium Hyaluronate, Carnitine HCL, Phosphatidylcholine, Caeine, Fisetin, Raspberry Ketone, Plankton Extract, Cholesterol, Sodium Polyacrylate, Propylene Glycol, Phenoxyethanol, Butylene Glycol, DMDM Hydantoin, Methylparaben, Ethylparaben, Butylparaben, Propylparaben, Sodium Benzoate, Sodium Citrate, Citric Acid, Parfum (Fragrance), Butyl Alcohol, Vanillyl Butyl Ether, Vanilin, Vanillyl Alcohol, Sodium Deoxycholate, Benzyl Alcohol, Dehydroacetic Acid, Xanthan Gum, CI 16255, CI 19140.<\/p>\n","protected":false},"excerpt":{"rendered":"<p>250ml ( 9996 Ft\/l )<\/p>\n<p>Legy\u0151zi az \u00e1lland\u00f3 CELLULITOT&#8230;<\/p>\n","protected":false},"featured_media":23476,"comment_status":"open","ping_status":"closed","template":"","meta":[],"product_cat":[125,127,80,104],"product_tag":[],"yoast_head":"<!-- This site is optimized with the Yoast SEO plugin v22.2 - https:\/\/yoast.com\/wordpress\/plugins\/seo\/ -->\n<title>SLIM EXTREME 4D SCALPEL SZUPERKONCENTR\u00c1LT SZ\u00c9RUM ZS\u00cdRSZ\u00d6VET REDUK\u00c1L\u00c1S 250ML - Eveline Cosmetics Magyarorsz\u00e1g<\/title>\n<meta name=\"robots\" content=\"index, follow, max-snippet:-1, max-image-preview:large, max-video-preview:-1\" \/>\n<link rel=\"canonical\" href=\"https:\/\/www.eveline.hu\/2016\/eveline-kozmetikumok-szepsegapolas\/szepsegapolas\/testapolas\/slim-extreme-4d-scalpel-szuperkoncentralt-szerum-zsirszovet-redukalas-250ml\/\" \/>\n<meta property=\"og:locale\" content=\"hu_HU\" \/>\n<meta property=\"og:type\" content=\"article\" \/>\n<meta property=\"og:title\" content=\"SLIM EXTREME 4D SCALPEL SZUPERKONCENTR\u00c1LT SZ\u00c9RUM ZS\u00cdRSZ\u00d6VET REDUK\u00c1L\u00c1S 250ML - Eveline Cosmetics Magyarorsz\u00e1g\" \/>\n<meta property=\"og:description\" content=\"250ml ( 9996 Ft\/l )  Legy\u0151zi az \u00e1lland\u00f3 CELLULITOT...\" \/>\n<meta property=\"og:url\" content=\"https:\/\/www.eveline.hu\/2016\/eveline-kozmetikumok-szepsegapolas\/szepsegapolas\/testapolas\/slim-extreme-4d-scalpel-szuperkoncentralt-szerum-zsirszovet-redukalas-250ml\/\" \/>\n<meta property=\"og:site_name\" content=\"Eveline Cosmetics Magyarorsz\u00e1g\" \/>\n<meta property=\"article:modified_time\" content=\"2023-02-11T00:04:46+00:00\" \/>\n<meta property=\"og:image\" content=\"https:\/\/www.eveline.hu\/2016\/wp-content\/uploads\/2018\/11\/scalpel-fatty-serum-w.png\" \/>\n\t<meta property=\"og:image:width\" content=\"750\" \/>\n\t<meta property=\"og:image:height\" content=\"750\" \/>\n\t<meta property=\"og:image:type\" content=\"image\/png\" \/>\n<meta name=\"twitter:card\" content=\"summary_large_image\" \/>\n<meta name=\"twitter:label1\" content=\"Becs\u00fclt olvas\u00e1si id\u0151\" \/>\n\t<meta name=\"twitter:data1\" content=\"1 perc\" \/>\n<script type=\"application\/ld+json\" class=\"yoast-schema-graph\">{\"@context\":\"https:\/\/schema.org\",\"@graph\":[{\"@type\":\"WebPage\",\"@id\":\"https:\/\/www.eveline.hu\/2016\/eveline-kozmetikumok-szepsegapolas\/szepsegapolas\/testapolas\/slim-extreme-4d-scalpel-szuperkoncentralt-szerum-zsirszovet-redukalas-250ml\/\",\"url\":\"https:\/\/www.eveline.hu\/2016\/eveline-kozmetikumok-szepsegapolas\/szepsegapolas\/testapolas\/slim-extreme-4d-scalpel-szuperkoncentralt-szerum-zsirszovet-redukalas-250ml\/\",\"name\":\"SLIM EXTREME 4D SCALPEL SZUPERKONCENTR\u00c1LT SZ\u00c9RUM ZS\u00cdRSZ\u00d6VET REDUK\u00c1L\u00c1S 250ML - Eveline Cosmetics Magyarorsz\u00e1g\",\"isPartOf\":{\"@id\":\"https:\/\/www.eveline.hu\/2016\/#website\"},\"primaryImageOfPage\":{\"@id\":\"https:\/\/www.eveline.hu\/2016\/eveline-kozmetikumok-szepsegapolas\/szepsegapolas\/testapolas\/slim-extreme-4d-scalpel-szuperkoncentralt-szerum-zsirszovet-redukalas-250ml\/#primaryimage\"},\"image\":{\"@id\":\"https:\/\/www.eveline.hu\/2016\/eveline-kozmetikumok-szepsegapolas\/szepsegapolas\/testapolas\/slim-extreme-4d-scalpel-szuperkoncentralt-szerum-zsirszovet-redukalas-250ml\/#primaryimage\"},\"thumbnailUrl\":\"https:\/\/www.eveline.hu\/2016\/wp-content\/uploads\/2018\/11\/scalpel-fatty-serum-w.png\",\"datePublished\":\"2018-11-10T19:49:56+00:00\",\"dateModified\":\"2023-02-11T00:04:46+00:00\",\"breadcrumb\":{\"@id\":\"https:\/\/www.eveline.hu\/2016\/eveline-kozmetikumok-szepsegapolas\/szepsegapolas\/testapolas\/slim-extreme-4d-scalpel-szuperkoncentralt-szerum-zsirszovet-redukalas-250ml\/#breadcrumb\"},\"inLanguage\":\"hu\",\"potentialAction\":[{\"@type\":\"ReadAction\",\"target\":[\"https:\/\/www.eveline.hu\/2016\/eveline-kozmetikumok-szepsegapolas\/szepsegapolas\/testapolas\/slim-extreme-4d-scalpel-szuperkoncentralt-szerum-zsirszovet-redukalas-250ml\/\"]}]},{\"@type\":\"ImageObject\",\"inLanguage\":\"hu\",\"@id\":\"https:\/\/www.eveline.hu\/2016\/eveline-kozmetikumok-szepsegapolas\/szepsegapolas\/testapolas\/slim-extreme-4d-scalpel-szuperkoncentralt-szerum-zsirszovet-redukalas-250ml\/#primaryimage\",\"url\":\"https:\/\/www.eveline.hu\/2016\/wp-content\/uploads\/2018\/11\/scalpel-fatty-serum-w.png\",\"contentUrl\":\"https:\/\/www.eveline.hu\/2016\/wp-content\/uploads\/2018\/11\/scalpel-fatty-serum-w.png\",\"width\":750,\"height\":750},{\"@type\":\"BreadcrumbList\",\"@id\":\"https:\/\/www.eveline.hu\/2016\/eveline-kozmetikumok-szepsegapolas\/szepsegapolas\/testapolas\/slim-extreme-4d-scalpel-szuperkoncentralt-szerum-zsirszovet-redukalas-250ml\/#breadcrumb\",\"itemListElement\":[{\"@type\":\"ListItem\",\"position\":1,\"name\":\"Home\",\"item\":\"https:\/\/www.eveline.hu\/2016\/\"},{\"@type\":\"ListItem\",\"position\":2,\"name\":\"Term\u00e9kek\",\"item\":\"https:\/\/www.eveline.hu\/2016\/shop\/\"},{\"@type\":\"ListItem\",\"position\":3,\"name\":\"SLIM EXTREME 4D SCALPEL SZUPERKONCENTR\u00c1LT SZ\u00c9RUM ZS\u00cdRSZ\u00d6VET REDUK\u00c1L\u00c1S 250ML\"}]},{\"@type\":\"WebSite\",\"@id\":\"https:\/\/www.eveline.hu\/2016\/#website\",\"url\":\"https:\/\/www.eveline.hu\/2016\/\",\"name\":\"Eveline Cosmetics Magyarorsz\u00e1g\",\"description\":\"Min\u0151s\u00e9gi kozmetikumok Lengyelorsz\u00e1gb\u00f3l\",\"potentialAction\":[{\"@type\":\"SearchAction\",\"target\":{\"@type\":\"EntryPoint\",\"urlTemplate\":\"https:\/\/www.eveline.hu\/2016\/?s={search_term_string}\"},\"query-input\":\"required name=search_term_string\"}],\"inLanguage\":\"hu\"}]}<\/script>\n<!-- \/ Yoast SEO plugin. -->","yoast_head_json":{"title":"SLIM EXTREME 4D SCALPEL SZUPERKONCENTR\u00c1LT SZ\u00c9RUM ZS\u00cdRSZ\u00d6VET REDUK\u00c1L\u00c1S 250ML - Eveline Cosmetics Magyarorsz\u00e1g","robots":{"index":"index","follow":"follow","max-snippet":"max-snippet:-1","max-image-preview":"max-image-preview:large","max-video-preview":"max-video-preview:-1"},"canonical":"https:\/\/www.eveline.hu\/2016\/eveline-kozmetikumok-szepsegapolas\/szepsegapolas\/testapolas\/slim-extreme-4d-scalpel-szuperkoncentralt-szerum-zsirszovet-redukalas-250ml\/","og_locale":"hu_HU","og_type":"article","og_title":"SLIM EXTREME 4D SCALPEL SZUPERKONCENTR\u00c1LT SZ\u00c9RUM ZS\u00cdRSZ\u00d6VET REDUK\u00c1L\u00c1S 250ML - Eveline Cosmetics Magyarorsz\u00e1g","og_description":"250ml ( 9996 Ft\/l )  Legy\u0151zi az \u00e1lland\u00f3 CELLULITOT...","og_url":"https:\/\/www.eveline.hu\/2016\/eveline-kozmetikumok-szepsegapolas\/szepsegapolas\/testapolas\/slim-extreme-4d-scalpel-szuperkoncentralt-szerum-zsirszovet-redukalas-250ml\/","og_site_name":"Eveline Cosmetics Magyarorsz\u00e1g","article_modified_time":"2023-02-11T00:04:46+00:00","og_image":[{"width":750,"height":750,"url":"https:\/\/www.eveline.hu\/2016\/wp-content\/uploads\/2018\/11\/scalpel-fatty-serum-w.png","type":"image\/png"}],"twitter_card":"summary_large_image","twitter_misc":{"Becs\u00fclt olvas\u00e1si id\u0151":"1 perc"},"schema":{"@context":"https:\/\/schema.org","@graph":[{"@type":"WebPage","@id":"https:\/\/www.eveline.hu\/2016\/eveline-kozmetikumok-szepsegapolas\/szepsegapolas\/testapolas\/slim-extreme-4d-scalpel-szuperkoncentralt-szerum-zsirszovet-redukalas-250ml\/","url":"https:\/\/www.eveline.hu\/2016\/eveline-kozmetikumok-szepsegapolas\/szepsegapolas\/testapolas\/slim-extreme-4d-scalpel-szuperkoncentralt-szerum-zsirszovet-redukalas-250ml\/","name":"SLIM EXTREME 4D SCALPEL SZUPERKONCENTR\u00c1LT SZ\u00c9RUM ZS\u00cdRSZ\u00d6VET REDUK\u00c1L\u00c1S 250ML - Eveline Cosmetics Magyarorsz\u00e1g","isPartOf":{"@id":"https:\/\/www.eveline.hu\/2016\/#website"},"primaryImageOfPage":{"@id":"https:\/\/www.eveline.hu\/2016\/eveline-kozmetikumok-szepsegapolas\/szepsegapolas\/testapolas\/slim-extreme-4d-scalpel-szuperkoncentralt-szerum-zsirszovet-redukalas-250ml\/#primaryimage"},"image":{"@id":"https:\/\/www.eveline.hu\/2016\/eveline-kozmetikumok-szepsegapolas\/szepsegapolas\/testapolas\/slim-extreme-4d-scalpel-szuperkoncentralt-szerum-zsirszovet-redukalas-250ml\/#primaryimage"},"thumbnailUrl":"https:\/\/www.eveline.hu\/2016\/wp-content\/uploads\/2018\/11\/scalpel-fatty-serum-w.png","datePublished":"2018-11-10T19:49:56+00:00","dateModified":"2023-02-11T00:04:46+00:00","breadcrumb":{"@id":"https:\/\/www.eveline.hu\/2016\/eveline-kozmetikumok-szepsegapolas\/szepsegapolas\/testapolas\/slim-extreme-4d-scalpel-szuperkoncentralt-szerum-zsirszovet-redukalas-250ml\/#breadcrumb"},"inLanguage":"hu","potentialAction":[{"@type":"ReadAction","target":["https:\/\/www.eveline.hu\/2016\/eveline-kozmetikumok-szepsegapolas\/szepsegapolas\/testapolas\/slim-extreme-4d-scalpel-szuperkoncentralt-szerum-zsirszovet-redukalas-250ml\/"]}]},{"@type":"ImageObject","inLanguage":"hu","@id":"https:\/\/www.eveline.hu\/2016\/eveline-kozmetikumok-szepsegapolas\/szepsegapolas\/testapolas\/slim-extreme-4d-scalpel-szuperkoncentralt-szerum-zsirszovet-redukalas-250ml\/#primaryimage","url":"https:\/\/www.eveline.hu\/2016\/wp-content\/uploads\/2018\/11\/scalpel-fatty-serum-w.png","contentUrl":"https:\/\/www.eveline.hu\/2016\/wp-content\/uploads\/2018\/11\/scalpel-fatty-serum-w.png","width":750,"height":750},{"@type":"BreadcrumbList","@id":"https:\/\/www.eveline.hu\/2016\/eveline-kozmetikumok-szepsegapolas\/szepsegapolas\/testapolas\/slim-extreme-4d-scalpel-szuperkoncentralt-szerum-zsirszovet-redukalas-250ml\/#breadcrumb","itemListElement":[{"@type":"ListItem","position":1,"name":"Home","item":"https:\/\/www.eveline.hu\/2016\/"},{"@type":"ListItem","position":2,"name":"Term\u00e9kek","item":"https:\/\/www.eveline.hu\/2016\/shop\/"},{"@type":"ListItem","position":3,"name":"SLIM EXTREME 4D SCALPEL SZUPERKONCENTR\u00c1LT SZ\u00c9RUM ZS\u00cdRSZ\u00d6VET REDUK\u00c1L\u00c1S 250ML"}]},{"@type":"WebSite","@id":"https:\/\/www.eveline.hu\/2016\/#website","url":"https:\/\/www.eveline.hu\/2016\/","name":"Eveline Cosmetics Magyarorsz\u00e1g","description":"Min\u0151s\u00e9gi kozmetikumok Lengyelorsz\u00e1gb\u00f3l","potentialAction":[{"@type":"SearchAction","target":{"@type":"EntryPoint","urlTemplate":"https:\/\/www.eveline.hu\/2016\/?s={search_term_string}"},"query-input":"required name=search_term_string"}],"inLanguage":"hu"}]}},"_links":{"self":[{"href":"https:\/\/www.eveline.hu\/2016\/wp-json\/wp\/v2\/product\/23475"}],"collection":[{"href":"https:\/\/www.eveline.hu\/2016\/wp-json\/wp\/v2\/product"}],"about":[{"href":"https:\/\/www.eveline.hu\/2016\/wp-json\/wp\/v2\/types\/product"}],"replies":[{"embeddable":true,"href":"https:\/\/www.eveline.hu\/2016\/wp-json\/wp\/v2\/comments?post=23475"}],"wp:featuredmedia":[{"embeddable":true,"href":"https:\/\/www.eveline.hu\/2016\/wp-json\/wp\/v2\/media\/23476"}],"wp:attachment":[{"href":"https:\/\/www.eveline.hu\/2016\/wp-json\/wp\/v2\/media?parent=23475"}],"wp:term":[{"taxonomy":"product_cat","embeddable":true,"href":"https:\/\/www.eveline.hu\/2016\/wp-json\/wp\/v2\/product_cat?post=23475"},{"taxonomy":"product_tag","embeddable":true,"href":"https:\/\/www.eveline.hu\/2016\/wp-json\/wp\/v2\/product_tag?post=23475"}],"curies":[{"name":"wp","href":"https:\/\/api.w.org\/{rel}","templated":true}]}}