{"id":23473,"date":"2018-11-10T20:46:27","date_gmt":"2018-11-10T19:46:27","guid":{"rendered":"http:\/\/www.eveline.hu\/2016\/?post_type=product&#038;p=23473"},"modified":"2023-11-06T10:59:50","modified_gmt":"2023-11-06T09:59:50","slug":"slim-extreme-4d-scalpel-turbo-cellulit-redukalo-250ml","status":"publish","type":"product","link":"https:\/\/www.eveline.hu\/2016\/eveline-kozmetikumok-szepsegapolas\/szepsegapolas\/testapolas\/slim-extreme-4d-scalpel-turbo-cellulit-redukalo-250ml\/","title":{"rendered":"SLIM EXTREME 4D SCALPEL TURB\u00d3 CELLULIT REDUK\u00c1L\u00d3 250ML"},"content":{"rendered":"<p><strong>SLIM EXTREME 4D SCALPEL\u00a0<\/strong><strong>TURB\u00d3 CELLULIT REDUK\u00c1L\u00d3<\/strong><\/p>\n<p><strong>7 NAPOS<\/strong> EXTR\u00c9M SZ\u00c9RUMOS KEZEL\u00c9S<\/p>\n<p>LEBONTJA A K\u00d6T\u00d6TT CELLULITOT,\u00a0 H\u0170S\u00cdT\u0150 FORMULA<\/p>\n<p>A H\u00c1ROMSZOROSAN KONCENTR\u00c1LT TURB\u00d3 CELLULIT REDUK\u00c1L\u00d3 SZ\u00c9RUM hat\u00e9konyan cs\u00f6kkenti a b\u0151r t\u00f6k\u00e9letlens\u00e9geit, reduk\u00e1lja a narancsb\u0151rt, alak\u00edtja a sziluettet, fokozza a b\u0151r rugalmass\u00e1g\u00e1t, kisim\u00edtja az egyenl\u0151tlens\u00e9geket \u00e9s cs\u00f6kkenti a felhalmoz\u00f3dott zs\u00edrsz\u00f6veteket. A forradalmi, szabadalmaztatott technol\u00f3gia, a &#8222;felhalmoz\u00f3d\u00f3&#8221; zs\u00edrsejtek, &#8222;\u00e9g\u0151&#8221; zs\u00edrsejtekk\u00e9 t\u00f6rt\u00e9n\u0151 \u00e1talakul\u00e1s\u00e1nak mechanizmus\u00e1t imit\u00e1lja.<\/p>\n<p><strong>FEJLETT AKT\u00cdV \u00d6SSZETEV\u0150K<\/strong>: SCULPSURE BOOSTER \u2122, LIPOUT \u2122, borosty\u00e1n kivonat, centella asiatica.<\/p>\n<p><strong>Haszn\u00e1lat:<\/strong> naponta egyszer, reggel, massz\u00edrozza k\u00f6rk\u00f6r\u00f6s mozdulatokkal a test probl\u00e9m\u00e1s ter\u00fcleteire (comb, cs\u00edp\u0151, fen\u00e9k, has, v\u00e1ll).<\/p>\n<p>&nbsp;<\/p>\n<p>\u00f6sszetev\u0151k: Aqua (Water), C12-15 Alkyl Benzoate, Glycerin, Ethylhexyl Stearate, Glyceryl Stearates, Isopropyl Myristate, Triolein, Glyceryl Stearate, PEG-100 Stearate, Alcohol Denat., Cetyl Alcohol, Betaine, Centella Asiatica Leaf Extract, Menthol, Hedera Helix Leaf Extract, Laminaria Hyperborea Extract, Tocopheryl Acetate, Triticum Vulgare Germ Oil, Maris Sal, Urea, Caeine, Tocopherol, Fisetin, Cholesterol, Plankton Extract, Sodium Deoxycholate, Raspberry Ketone, Triglyceride, Carnitine HCL, Phosphatidylcholine, Glyceryl Dioleate, Propylene Glycol, Butylene Glycol, Dimethicone, Hydroxyethyl Acrylate\/Sodium Acryloyldimethyl Taurate Copolymer, Hydrogenated Vegetable Oil, Ozokerite, DMDM Hydantoin, Olus Oil, Cera Alba, Hydrogenated Palm Acid, Stearyl Stearate, Synthetic Fluorphogopite, Polysorbate 60, Sorbitan Isostearate, Caprylic\/Capric Propanediol, Potassium Sorbate, Sodium Benzoate, Sodium Citrate, Citric Acid, Sodium Sulfate, Sorbic Acid, Parfum (Fragrance), Phenoxyethanol, Methylparaben, Propylparaben, Butylparaben, Ethylparaben, Benzyl Alcohol, Dehydroacetic Acid, Xanthan Gum, Disodium EDTA, CI 19140, CI 77891, CI 42090.<\/p>\n","protected":false},"excerpt":{"rendered":"<p>250ml ( 9996 Ft\/l )<\/p>\n<p>Lebontja a k\u00f6t\u00f6tt cellulitot&#8230;<\/p>\n","protected":false},"featured_media":23474,"comment_status":"open","ping_status":"closed","template":"","meta":[],"product_cat":[125,127,80,104],"product_tag":[],"yoast_head":"<!-- This site is optimized with the Yoast SEO plugin v22.2 - https:\/\/yoast.com\/wordpress\/plugins\/seo\/ -->\n<title>SLIM EXTREME 4D SCALPEL TURB\u00d3 CELLULIT REDUK\u00c1L\u00d3 250ML - Eveline Cosmetics Magyarorsz\u00e1g<\/title>\n<meta name=\"robots\" content=\"index, follow, max-snippet:-1, max-image-preview:large, max-video-preview:-1\" \/>\n<link rel=\"canonical\" href=\"https:\/\/www.eveline.hu\/2016\/eveline-kozmetikumok-szepsegapolas\/szepsegapolas\/testapolas\/slim-extreme-4d-scalpel-turbo-cellulit-redukalo-250ml\/\" \/>\n<meta property=\"og:locale\" content=\"hu_HU\" \/>\n<meta property=\"og:type\" content=\"article\" \/>\n<meta property=\"og:title\" content=\"SLIM EXTREME 4D SCALPEL TURB\u00d3 CELLULIT REDUK\u00c1L\u00d3 250ML - Eveline Cosmetics Magyarorsz\u00e1g\" \/>\n<meta property=\"og:description\" content=\"250ml ( 9996 Ft\/l )  Lebontja a k\u00f6t\u00f6tt cellulitot...\" \/>\n<meta property=\"og:url\" content=\"https:\/\/www.eveline.hu\/2016\/eveline-kozmetikumok-szepsegapolas\/szepsegapolas\/testapolas\/slim-extreme-4d-scalpel-turbo-cellulit-redukalo-250ml\/\" \/>\n<meta property=\"og:site_name\" content=\"Eveline Cosmetics Magyarorsz\u00e1g\" \/>\n<meta property=\"article:modified_time\" content=\"2023-11-06T09:59:50+00:00\" \/>\n<meta property=\"og:image\" content=\"https:\/\/www.eveline.hu\/2016\/wp-content\/uploads\/2018\/11\/scalpel-reductor-w.png\" \/>\n\t<meta property=\"og:image:width\" content=\"750\" \/>\n\t<meta property=\"og:image:height\" content=\"750\" \/>\n\t<meta property=\"og:image:type\" content=\"image\/png\" \/>\n<meta name=\"twitter:card\" content=\"summary_large_image\" \/>\n<meta name=\"twitter:label1\" content=\"Becs\u00fclt olvas\u00e1si id\u0151\" \/>\n\t<meta name=\"twitter:data1\" content=\"1 perc\" \/>\n<script type=\"application\/ld+json\" class=\"yoast-schema-graph\">{\"@context\":\"https:\/\/schema.org\",\"@graph\":[{\"@type\":\"WebPage\",\"@id\":\"https:\/\/www.eveline.hu\/2016\/eveline-kozmetikumok-szepsegapolas\/szepsegapolas\/testapolas\/slim-extreme-4d-scalpel-turbo-cellulit-redukalo-250ml\/\",\"url\":\"https:\/\/www.eveline.hu\/2016\/eveline-kozmetikumok-szepsegapolas\/szepsegapolas\/testapolas\/slim-extreme-4d-scalpel-turbo-cellulit-redukalo-250ml\/\",\"name\":\"SLIM EXTREME 4D SCALPEL TURB\u00d3 CELLULIT REDUK\u00c1L\u00d3 250ML - Eveline Cosmetics Magyarorsz\u00e1g\",\"isPartOf\":{\"@id\":\"https:\/\/www.eveline.hu\/2016\/#website\"},\"primaryImageOfPage\":{\"@id\":\"https:\/\/www.eveline.hu\/2016\/eveline-kozmetikumok-szepsegapolas\/szepsegapolas\/testapolas\/slim-extreme-4d-scalpel-turbo-cellulit-redukalo-250ml\/#primaryimage\"},\"image\":{\"@id\":\"https:\/\/www.eveline.hu\/2016\/eveline-kozmetikumok-szepsegapolas\/szepsegapolas\/testapolas\/slim-extreme-4d-scalpel-turbo-cellulit-redukalo-250ml\/#primaryimage\"},\"thumbnailUrl\":\"https:\/\/www.eveline.hu\/2016\/wp-content\/uploads\/2018\/11\/scalpel-reductor-w.png\",\"datePublished\":\"2018-11-10T19:46:27+00:00\",\"dateModified\":\"2023-11-06T09:59:50+00:00\",\"breadcrumb\":{\"@id\":\"https:\/\/www.eveline.hu\/2016\/eveline-kozmetikumok-szepsegapolas\/szepsegapolas\/testapolas\/slim-extreme-4d-scalpel-turbo-cellulit-redukalo-250ml\/#breadcrumb\"},\"inLanguage\":\"hu\",\"potentialAction\":[{\"@type\":\"ReadAction\",\"target\":[\"https:\/\/www.eveline.hu\/2016\/eveline-kozmetikumok-szepsegapolas\/szepsegapolas\/testapolas\/slim-extreme-4d-scalpel-turbo-cellulit-redukalo-250ml\/\"]}]},{\"@type\":\"ImageObject\",\"inLanguage\":\"hu\",\"@id\":\"https:\/\/www.eveline.hu\/2016\/eveline-kozmetikumok-szepsegapolas\/szepsegapolas\/testapolas\/slim-extreme-4d-scalpel-turbo-cellulit-redukalo-250ml\/#primaryimage\",\"url\":\"https:\/\/www.eveline.hu\/2016\/wp-content\/uploads\/2018\/11\/scalpel-reductor-w.png\",\"contentUrl\":\"https:\/\/www.eveline.hu\/2016\/wp-content\/uploads\/2018\/11\/scalpel-reductor-w.png\",\"width\":750,\"height\":750},{\"@type\":\"BreadcrumbList\",\"@id\":\"https:\/\/www.eveline.hu\/2016\/eveline-kozmetikumok-szepsegapolas\/szepsegapolas\/testapolas\/slim-extreme-4d-scalpel-turbo-cellulit-redukalo-250ml\/#breadcrumb\",\"itemListElement\":[{\"@type\":\"ListItem\",\"position\":1,\"name\":\"Home\",\"item\":\"https:\/\/www.eveline.hu\/2016\/\"},{\"@type\":\"ListItem\",\"position\":2,\"name\":\"Term\u00e9kek\",\"item\":\"https:\/\/www.eveline.hu\/2016\/shop\/\"},{\"@type\":\"ListItem\",\"position\":3,\"name\":\"SLIM EXTREME 4D SCALPEL TURB\u00d3 CELLULIT REDUK\u00c1L\u00d3 250ML\"}]},{\"@type\":\"WebSite\",\"@id\":\"https:\/\/www.eveline.hu\/2016\/#website\",\"url\":\"https:\/\/www.eveline.hu\/2016\/\",\"name\":\"Eveline Cosmetics Magyarorsz\u00e1g\",\"description\":\"Min\u0151s\u00e9gi kozmetikumok Lengyelorsz\u00e1gb\u00f3l\",\"potentialAction\":[{\"@type\":\"SearchAction\",\"target\":{\"@type\":\"EntryPoint\",\"urlTemplate\":\"https:\/\/www.eveline.hu\/2016\/?s={search_term_string}\"},\"query-input\":\"required name=search_term_string\"}],\"inLanguage\":\"hu\"}]}<\/script>\n<!-- \/ Yoast SEO plugin. -->","yoast_head_json":{"title":"SLIM EXTREME 4D SCALPEL TURB\u00d3 CELLULIT REDUK\u00c1L\u00d3 250ML - Eveline Cosmetics Magyarorsz\u00e1g","robots":{"index":"index","follow":"follow","max-snippet":"max-snippet:-1","max-image-preview":"max-image-preview:large","max-video-preview":"max-video-preview:-1"},"canonical":"https:\/\/www.eveline.hu\/2016\/eveline-kozmetikumok-szepsegapolas\/szepsegapolas\/testapolas\/slim-extreme-4d-scalpel-turbo-cellulit-redukalo-250ml\/","og_locale":"hu_HU","og_type":"article","og_title":"SLIM EXTREME 4D SCALPEL TURB\u00d3 CELLULIT REDUK\u00c1L\u00d3 250ML - Eveline Cosmetics Magyarorsz\u00e1g","og_description":"250ml ( 9996 Ft\/l )  Lebontja a k\u00f6t\u00f6tt cellulitot...","og_url":"https:\/\/www.eveline.hu\/2016\/eveline-kozmetikumok-szepsegapolas\/szepsegapolas\/testapolas\/slim-extreme-4d-scalpel-turbo-cellulit-redukalo-250ml\/","og_site_name":"Eveline Cosmetics Magyarorsz\u00e1g","article_modified_time":"2023-11-06T09:59:50+00:00","og_image":[{"width":750,"height":750,"url":"https:\/\/www.eveline.hu\/2016\/wp-content\/uploads\/2018\/11\/scalpel-reductor-w.png","type":"image\/png"}],"twitter_card":"summary_large_image","twitter_misc":{"Becs\u00fclt olvas\u00e1si id\u0151":"1 perc"},"schema":{"@context":"https:\/\/schema.org","@graph":[{"@type":"WebPage","@id":"https:\/\/www.eveline.hu\/2016\/eveline-kozmetikumok-szepsegapolas\/szepsegapolas\/testapolas\/slim-extreme-4d-scalpel-turbo-cellulit-redukalo-250ml\/","url":"https:\/\/www.eveline.hu\/2016\/eveline-kozmetikumok-szepsegapolas\/szepsegapolas\/testapolas\/slim-extreme-4d-scalpel-turbo-cellulit-redukalo-250ml\/","name":"SLIM EXTREME 4D SCALPEL TURB\u00d3 CELLULIT REDUK\u00c1L\u00d3 250ML - Eveline Cosmetics Magyarorsz\u00e1g","isPartOf":{"@id":"https:\/\/www.eveline.hu\/2016\/#website"},"primaryImageOfPage":{"@id":"https:\/\/www.eveline.hu\/2016\/eveline-kozmetikumok-szepsegapolas\/szepsegapolas\/testapolas\/slim-extreme-4d-scalpel-turbo-cellulit-redukalo-250ml\/#primaryimage"},"image":{"@id":"https:\/\/www.eveline.hu\/2016\/eveline-kozmetikumok-szepsegapolas\/szepsegapolas\/testapolas\/slim-extreme-4d-scalpel-turbo-cellulit-redukalo-250ml\/#primaryimage"},"thumbnailUrl":"https:\/\/www.eveline.hu\/2016\/wp-content\/uploads\/2018\/11\/scalpel-reductor-w.png","datePublished":"2018-11-10T19:46:27+00:00","dateModified":"2023-11-06T09:59:50+00:00","breadcrumb":{"@id":"https:\/\/www.eveline.hu\/2016\/eveline-kozmetikumok-szepsegapolas\/szepsegapolas\/testapolas\/slim-extreme-4d-scalpel-turbo-cellulit-redukalo-250ml\/#breadcrumb"},"inLanguage":"hu","potentialAction":[{"@type":"ReadAction","target":["https:\/\/www.eveline.hu\/2016\/eveline-kozmetikumok-szepsegapolas\/szepsegapolas\/testapolas\/slim-extreme-4d-scalpel-turbo-cellulit-redukalo-250ml\/"]}]},{"@type":"ImageObject","inLanguage":"hu","@id":"https:\/\/www.eveline.hu\/2016\/eveline-kozmetikumok-szepsegapolas\/szepsegapolas\/testapolas\/slim-extreme-4d-scalpel-turbo-cellulit-redukalo-250ml\/#primaryimage","url":"https:\/\/www.eveline.hu\/2016\/wp-content\/uploads\/2018\/11\/scalpel-reductor-w.png","contentUrl":"https:\/\/www.eveline.hu\/2016\/wp-content\/uploads\/2018\/11\/scalpel-reductor-w.png","width":750,"height":750},{"@type":"BreadcrumbList","@id":"https:\/\/www.eveline.hu\/2016\/eveline-kozmetikumok-szepsegapolas\/szepsegapolas\/testapolas\/slim-extreme-4d-scalpel-turbo-cellulit-redukalo-250ml\/#breadcrumb","itemListElement":[{"@type":"ListItem","position":1,"name":"Home","item":"https:\/\/www.eveline.hu\/2016\/"},{"@type":"ListItem","position":2,"name":"Term\u00e9kek","item":"https:\/\/www.eveline.hu\/2016\/shop\/"},{"@type":"ListItem","position":3,"name":"SLIM EXTREME 4D SCALPEL TURB\u00d3 CELLULIT REDUK\u00c1L\u00d3 250ML"}]},{"@type":"WebSite","@id":"https:\/\/www.eveline.hu\/2016\/#website","url":"https:\/\/www.eveline.hu\/2016\/","name":"Eveline Cosmetics Magyarorsz\u00e1g","description":"Min\u0151s\u00e9gi kozmetikumok Lengyelorsz\u00e1gb\u00f3l","potentialAction":[{"@type":"SearchAction","target":{"@type":"EntryPoint","urlTemplate":"https:\/\/www.eveline.hu\/2016\/?s={search_term_string}"},"query-input":"required name=search_term_string"}],"inLanguage":"hu"}]}},"_links":{"self":[{"href":"https:\/\/www.eveline.hu\/2016\/wp-json\/wp\/v2\/product\/23473"}],"collection":[{"href":"https:\/\/www.eveline.hu\/2016\/wp-json\/wp\/v2\/product"}],"about":[{"href":"https:\/\/www.eveline.hu\/2016\/wp-json\/wp\/v2\/types\/product"}],"replies":[{"embeddable":true,"href":"https:\/\/www.eveline.hu\/2016\/wp-json\/wp\/v2\/comments?post=23473"}],"wp:featuredmedia":[{"embeddable":true,"href":"https:\/\/www.eveline.hu\/2016\/wp-json\/wp\/v2\/media\/23474"}],"wp:attachment":[{"href":"https:\/\/www.eveline.hu\/2016\/wp-json\/wp\/v2\/media?parent=23473"}],"wp:term":[{"taxonomy":"product_cat","embeddable":true,"href":"https:\/\/www.eveline.hu\/2016\/wp-json\/wp\/v2\/product_cat?post=23473"},{"taxonomy":"product_tag","embeddable":true,"href":"https:\/\/www.eveline.hu\/2016\/wp-json\/wp\/v2\/product_tag?post=23473"}],"curies":[{"name":"wp","href":"https:\/\/api.w.org\/{rel}","templated":true}]}}