{"id":23415,"date":"2018-10-17T20:08:54","date_gmt":"2018-10-17T18:08:54","guid":{"rendered":"http:\/\/www.eveline.hu\/2016\/?post_type=product&#038;p=23415"},"modified":"2022-12-09T15:39:39","modified_gmt":"2022-12-09T14:39:39","slug":"revitalum-labapolo-krem-borogatas-repedezett-sarkakra-8az1-ben-75ml","status":"publish","type":"product","link":"https:\/\/www.eveline.hu\/2016\/eveline-kozmetikumok-szepsegapolas\/szepsegapolas\/labapolas\/revitalum-labapolo-krem-borogatas-repedezett-sarkakra-8az1-ben-75ml\/","title":{"rendered":"Revitalum l\u00e1b\u00e1pol\u00f3 kr\u00e9m-borogat\u00e1s repedezett sarkakra 8az1-ben 75ml"},"content":{"rendered":"<p><strong>Er\u0151sen regener\u00e1l\u00f3 l\u00e1b\u00e1pol\u00f3 kr\u00e9m-borogat\u00e1s\u00a0<\/strong><strong>8az1-ben, repedezett sarkakra<\/strong><\/p>\n<p>Hat\u00e9konyan regener\u00e1lja a repedezett, \u00e9rdes\u00a0sarkakat \u00e9s a b\u0151rt a l\u00e1bfejen, helyre\u00e1ll\u00edtja b\u00e1rsonyos\u00a0simas\u00e1g\u00e1t \u00e9s puhas\u00e1g\u00e1t.<\/p>\n<p>&nbsp;<\/p>\n<p>\u00f6sszetev\u0151k: Aqua (Water), Urea, Cetearyl Alcohol, Ceteareth-20, Paranum Liquidum, Triacetin, Cera Microcristallina, Glyceryl Stearate SE, Propylene Glycol, Glycerin, Isopropyl Myristate, Hydrogenated Vegetable Oil, Ozokerite, Dimethicone, Cera Alba, Hydrogenated Palm Acid, Stearyl Stearate, Panthenol, Tocopheryl Acetate, Mentha Piperita Leaf Extract, Hydrolyzed Keratin, Alcohol Denat., Phenoxyethanol, DMDM Hydantoin, Methylparaben, Citric Acid, Butylparaben, Ethylparaben, Disodium EDTA, Propylparaben, Potassium Sorbate, Parfum (Fragrance), Alpha-Isomethyl Ionone, Benzyl Salicylate, Butylphenyl Methylpropional, Citronellol, Limonene, Eugenol, Geraniol, Hydroxycitronellal, Hexyl Cinnamal, Linalool.<\/p>\n","protected":false},"excerpt":{"rendered":"<p>75ml ( 14533 Ft\/l )<\/p>\n","protected":false},"featured_media":23416,"comment_status":"open","ping_status":"closed","template":"","meta":[],"product_cat":[125,137,111],"product_tag":[],"yoast_head":"<!-- This site is optimized with the Yoast SEO plugin v22.2 - https:\/\/yoast.com\/wordpress\/plugins\/seo\/ -->\n<title>Revitalum l\u00e1b\u00e1pol\u00f3 kr\u00e9m-borogat\u00e1s repedezett sarkakra 8az1-ben 75ml - Eveline Cosmetics Magyarorsz\u00e1g<\/title>\n<meta name=\"robots\" content=\"index, follow, max-snippet:-1, max-image-preview:large, max-video-preview:-1\" \/>\n<link rel=\"canonical\" href=\"https:\/\/www.eveline.hu\/2016\/eveline-kozmetikumok-szepsegapolas\/szepsegapolas\/labapolas\/revitalum-labapolo-krem-borogatas-repedezett-sarkakra-8az1-ben-75ml\/\" \/>\n<meta property=\"og:locale\" content=\"hu_HU\" \/>\n<meta property=\"og:type\" content=\"article\" \/>\n<meta property=\"og:title\" content=\"Revitalum l\u00e1b\u00e1pol\u00f3 kr\u00e9m-borogat\u00e1s repedezett sarkakra 8az1-ben 75ml - Eveline Cosmetics Magyarorsz\u00e1g\" \/>\n<meta property=\"og:description\" content=\"75ml ( 14533 Ft\/l )\" \/>\n<meta property=\"og:url\" content=\"https:\/\/www.eveline.hu\/2016\/eveline-kozmetikumok-szepsegapolas\/szepsegapolas\/labapolas\/revitalum-labapolo-krem-borogatas-repedezett-sarkakra-8az1-ben-75ml\/\" \/>\n<meta property=\"og:site_name\" content=\"Eveline Cosmetics Magyarorsz\u00e1g\" \/>\n<meta property=\"article:modified_time\" content=\"2022-12-09T14:39:39+00:00\" \/>\n<meta property=\"og:image\" content=\"https:\/\/www.eveline.hu\/2016\/wp-content\/uploads\/2018\/10\/Sarok\u00e1pol\u00f3.png\" \/>\n\t<meta property=\"og:image:width\" content=\"750\" \/>\n\t<meta property=\"og:image:height\" content=\"750\" \/>\n\t<meta property=\"og:image:type\" content=\"image\/png\" \/>\n<meta name=\"twitter:card\" content=\"summary_large_image\" \/>\n<meta name=\"twitter:label1\" content=\"Becs\u00fclt olvas\u00e1si id\u0151\" \/>\n\t<meta name=\"twitter:data1\" content=\"1 perc\" \/>\n<script type=\"application\/ld+json\" class=\"yoast-schema-graph\">{\"@context\":\"https:\/\/schema.org\",\"@graph\":[{\"@type\":\"WebPage\",\"@id\":\"https:\/\/www.eveline.hu\/2016\/eveline-kozmetikumok-szepsegapolas\/szepsegapolas\/labapolas\/revitalum-labapolo-krem-borogatas-repedezett-sarkakra-8az1-ben-75ml\/\",\"url\":\"https:\/\/www.eveline.hu\/2016\/eveline-kozmetikumok-szepsegapolas\/szepsegapolas\/labapolas\/revitalum-labapolo-krem-borogatas-repedezett-sarkakra-8az1-ben-75ml\/\",\"name\":\"Revitalum l\u00e1b\u00e1pol\u00f3 kr\u00e9m-borogat\u00e1s repedezett sarkakra 8az1-ben 75ml - Eveline Cosmetics Magyarorsz\u00e1g\",\"isPartOf\":{\"@id\":\"https:\/\/www.eveline.hu\/2016\/#website\"},\"primaryImageOfPage\":{\"@id\":\"https:\/\/www.eveline.hu\/2016\/eveline-kozmetikumok-szepsegapolas\/szepsegapolas\/labapolas\/revitalum-labapolo-krem-borogatas-repedezett-sarkakra-8az1-ben-75ml\/#primaryimage\"},\"image\":{\"@id\":\"https:\/\/www.eveline.hu\/2016\/eveline-kozmetikumok-szepsegapolas\/szepsegapolas\/labapolas\/revitalum-labapolo-krem-borogatas-repedezett-sarkakra-8az1-ben-75ml\/#primaryimage\"},\"thumbnailUrl\":\"https:\/\/www.eveline.hu\/2016\/wp-content\/uploads\/2018\/10\/Sarok\u00e1pol\u00f3.png\",\"datePublished\":\"2018-10-17T18:08:54+00:00\",\"dateModified\":\"2022-12-09T14:39:39+00:00\",\"breadcrumb\":{\"@id\":\"https:\/\/www.eveline.hu\/2016\/eveline-kozmetikumok-szepsegapolas\/szepsegapolas\/labapolas\/revitalum-labapolo-krem-borogatas-repedezett-sarkakra-8az1-ben-75ml\/#breadcrumb\"},\"inLanguage\":\"hu\",\"potentialAction\":[{\"@type\":\"ReadAction\",\"target\":[\"https:\/\/www.eveline.hu\/2016\/eveline-kozmetikumok-szepsegapolas\/szepsegapolas\/labapolas\/revitalum-labapolo-krem-borogatas-repedezett-sarkakra-8az1-ben-75ml\/\"]}]},{\"@type\":\"ImageObject\",\"inLanguage\":\"hu\",\"@id\":\"https:\/\/www.eveline.hu\/2016\/eveline-kozmetikumok-szepsegapolas\/szepsegapolas\/labapolas\/revitalum-labapolo-krem-borogatas-repedezett-sarkakra-8az1-ben-75ml\/#primaryimage\",\"url\":\"https:\/\/www.eveline.hu\/2016\/wp-content\/uploads\/2018\/10\/Sarok\u00e1pol\u00f3.png\",\"contentUrl\":\"https:\/\/www.eveline.hu\/2016\/wp-content\/uploads\/2018\/10\/Sarok\u00e1pol\u00f3.png\",\"width\":750,\"height\":750},{\"@type\":\"BreadcrumbList\",\"@id\":\"https:\/\/www.eveline.hu\/2016\/eveline-kozmetikumok-szepsegapolas\/szepsegapolas\/labapolas\/revitalum-labapolo-krem-borogatas-repedezett-sarkakra-8az1-ben-75ml\/#breadcrumb\",\"itemListElement\":[{\"@type\":\"ListItem\",\"position\":1,\"name\":\"Home\",\"item\":\"https:\/\/www.eveline.hu\/2016\/\"},{\"@type\":\"ListItem\",\"position\":2,\"name\":\"Term\u00e9kek\",\"item\":\"https:\/\/www.eveline.hu\/2016\/shop\/\"},{\"@type\":\"ListItem\",\"position\":3,\"name\":\"Revitalum l\u00e1b\u00e1pol\u00f3 kr\u00e9m-borogat\u00e1s repedezett sarkakra 8az1-ben 75ml\"}]},{\"@type\":\"WebSite\",\"@id\":\"https:\/\/www.eveline.hu\/2016\/#website\",\"url\":\"https:\/\/www.eveline.hu\/2016\/\",\"name\":\"Eveline Cosmetics Magyarorsz\u00e1g\",\"description\":\"Min\u0151s\u00e9gi kozmetikumok Lengyelorsz\u00e1gb\u00f3l\",\"potentialAction\":[{\"@type\":\"SearchAction\",\"target\":{\"@type\":\"EntryPoint\",\"urlTemplate\":\"https:\/\/www.eveline.hu\/2016\/?s={search_term_string}\"},\"query-input\":\"required name=search_term_string\"}],\"inLanguage\":\"hu\"}]}<\/script>\n<!-- \/ Yoast SEO plugin. -->","yoast_head_json":{"title":"Revitalum l\u00e1b\u00e1pol\u00f3 kr\u00e9m-borogat\u00e1s repedezett sarkakra 8az1-ben 75ml - Eveline Cosmetics Magyarorsz\u00e1g","robots":{"index":"index","follow":"follow","max-snippet":"max-snippet:-1","max-image-preview":"max-image-preview:large","max-video-preview":"max-video-preview:-1"},"canonical":"https:\/\/www.eveline.hu\/2016\/eveline-kozmetikumok-szepsegapolas\/szepsegapolas\/labapolas\/revitalum-labapolo-krem-borogatas-repedezett-sarkakra-8az1-ben-75ml\/","og_locale":"hu_HU","og_type":"article","og_title":"Revitalum l\u00e1b\u00e1pol\u00f3 kr\u00e9m-borogat\u00e1s repedezett sarkakra 8az1-ben 75ml - Eveline Cosmetics Magyarorsz\u00e1g","og_description":"75ml ( 14533 Ft\/l )","og_url":"https:\/\/www.eveline.hu\/2016\/eveline-kozmetikumok-szepsegapolas\/szepsegapolas\/labapolas\/revitalum-labapolo-krem-borogatas-repedezett-sarkakra-8az1-ben-75ml\/","og_site_name":"Eveline Cosmetics Magyarorsz\u00e1g","article_modified_time":"2022-12-09T14:39:39+00:00","og_image":[{"width":750,"height":750,"url":"https:\/\/www.eveline.hu\/2016\/wp-content\/uploads\/2018\/10\/Sarok\u00e1pol\u00f3.png","type":"image\/png"}],"twitter_card":"summary_large_image","twitter_misc":{"Becs\u00fclt olvas\u00e1si id\u0151":"1 perc"},"schema":{"@context":"https:\/\/schema.org","@graph":[{"@type":"WebPage","@id":"https:\/\/www.eveline.hu\/2016\/eveline-kozmetikumok-szepsegapolas\/szepsegapolas\/labapolas\/revitalum-labapolo-krem-borogatas-repedezett-sarkakra-8az1-ben-75ml\/","url":"https:\/\/www.eveline.hu\/2016\/eveline-kozmetikumok-szepsegapolas\/szepsegapolas\/labapolas\/revitalum-labapolo-krem-borogatas-repedezett-sarkakra-8az1-ben-75ml\/","name":"Revitalum l\u00e1b\u00e1pol\u00f3 kr\u00e9m-borogat\u00e1s repedezett sarkakra 8az1-ben 75ml - Eveline Cosmetics Magyarorsz\u00e1g","isPartOf":{"@id":"https:\/\/www.eveline.hu\/2016\/#website"},"primaryImageOfPage":{"@id":"https:\/\/www.eveline.hu\/2016\/eveline-kozmetikumok-szepsegapolas\/szepsegapolas\/labapolas\/revitalum-labapolo-krem-borogatas-repedezett-sarkakra-8az1-ben-75ml\/#primaryimage"},"image":{"@id":"https:\/\/www.eveline.hu\/2016\/eveline-kozmetikumok-szepsegapolas\/szepsegapolas\/labapolas\/revitalum-labapolo-krem-borogatas-repedezett-sarkakra-8az1-ben-75ml\/#primaryimage"},"thumbnailUrl":"https:\/\/www.eveline.hu\/2016\/wp-content\/uploads\/2018\/10\/Sarok\u00e1pol\u00f3.png","datePublished":"2018-10-17T18:08:54+00:00","dateModified":"2022-12-09T14:39:39+00:00","breadcrumb":{"@id":"https:\/\/www.eveline.hu\/2016\/eveline-kozmetikumok-szepsegapolas\/szepsegapolas\/labapolas\/revitalum-labapolo-krem-borogatas-repedezett-sarkakra-8az1-ben-75ml\/#breadcrumb"},"inLanguage":"hu","potentialAction":[{"@type":"ReadAction","target":["https:\/\/www.eveline.hu\/2016\/eveline-kozmetikumok-szepsegapolas\/szepsegapolas\/labapolas\/revitalum-labapolo-krem-borogatas-repedezett-sarkakra-8az1-ben-75ml\/"]}]},{"@type":"ImageObject","inLanguage":"hu","@id":"https:\/\/www.eveline.hu\/2016\/eveline-kozmetikumok-szepsegapolas\/szepsegapolas\/labapolas\/revitalum-labapolo-krem-borogatas-repedezett-sarkakra-8az1-ben-75ml\/#primaryimage","url":"https:\/\/www.eveline.hu\/2016\/wp-content\/uploads\/2018\/10\/Sarok\u00e1pol\u00f3.png","contentUrl":"https:\/\/www.eveline.hu\/2016\/wp-content\/uploads\/2018\/10\/Sarok\u00e1pol\u00f3.png","width":750,"height":750},{"@type":"BreadcrumbList","@id":"https:\/\/www.eveline.hu\/2016\/eveline-kozmetikumok-szepsegapolas\/szepsegapolas\/labapolas\/revitalum-labapolo-krem-borogatas-repedezett-sarkakra-8az1-ben-75ml\/#breadcrumb","itemListElement":[{"@type":"ListItem","position":1,"name":"Home","item":"https:\/\/www.eveline.hu\/2016\/"},{"@type":"ListItem","position":2,"name":"Term\u00e9kek","item":"https:\/\/www.eveline.hu\/2016\/shop\/"},{"@type":"ListItem","position":3,"name":"Revitalum l\u00e1b\u00e1pol\u00f3 kr\u00e9m-borogat\u00e1s repedezett sarkakra 8az1-ben 75ml"}]},{"@type":"WebSite","@id":"https:\/\/www.eveline.hu\/2016\/#website","url":"https:\/\/www.eveline.hu\/2016\/","name":"Eveline Cosmetics Magyarorsz\u00e1g","description":"Min\u0151s\u00e9gi kozmetikumok Lengyelorsz\u00e1gb\u00f3l","potentialAction":[{"@type":"SearchAction","target":{"@type":"EntryPoint","urlTemplate":"https:\/\/www.eveline.hu\/2016\/?s={search_term_string}"},"query-input":"required name=search_term_string"}],"inLanguage":"hu"}]}},"_links":{"self":[{"href":"https:\/\/www.eveline.hu\/2016\/wp-json\/wp\/v2\/product\/23415"}],"collection":[{"href":"https:\/\/www.eveline.hu\/2016\/wp-json\/wp\/v2\/product"}],"about":[{"href":"https:\/\/www.eveline.hu\/2016\/wp-json\/wp\/v2\/types\/product"}],"replies":[{"embeddable":true,"href":"https:\/\/www.eveline.hu\/2016\/wp-json\/wp\/v2\/comments?post=23415"}],"wp:featuredmedia":[{"embeddable":true,"href":"https:\/\/www.eveline.hu\/2016\/wp-json\/wp\/v2\/media\/23416"}],"wp:attachment":[{"href":"https:\/\/www.eveline.hu\/2016\/wp-json\/wp\/v2\/media?parent=23415"}],"wp:term":[{"taxonomy":"product_cat","embeddable":true,"href":"https:\/\/www.eveline.hu\/2016\/wp-json\/wp\/v2\/product_cat?post=23415"},{"taxonomy":"product_tag","embeddable":true,"href":"https:\/\/www.eveline.hu\/2016\/wp-json\/wp\/v2\/product_tag?post=23415"}],"curies":[{"name":"wp","href":"https:\/\/api.w.org\/{rel}","templated":true}]}}