{"id":23113,"date":"2018-06-23T13:08:33","date_gmt":"2018-06-23T11:08:33","guid":{"rendered":"http:\/\/www.eveline.hu\/2016\/?post_type=product&#038;p=23113"},"modified":"2025-06-10T08:21:32","modified_gmt":"2025-06-10T06:21:32","slug":"koromapolo-feherito-12ml","status":"publish","type":"product","link":"https:\/\/www.eveline.hu\/2016\/eveline-kozmetikumok-szepsegapolas\/smink\/korom\/koromerositok\/koromapolo-feherito-12ml\/","title":{"rendered":"K\u00f6r\u00f6m\u00e1pol\u00f3 Feh\u00e9r\u00edt\u0151 12ml"},"content":{"rendered":"<p>Feh\u00e9r\u00edt\u0151 k\u00f6r\u00f6m\u00e1pol\u00f3.<\/p>\n<p>Elimin\u00e1lja az elsz\u00ednez\u0151d\u00e9seket, bes\u00e1rgul\u00e1s ellen hat, v\u00e9d\u0151alap a k\u00f6r\u00f6mlakk al\u00e1.<\/p>\n<p>A citrom kivonatnak \u00e9s az UV sz\u0171r\u0151knek k\u00f6sz\u00f6nhet\u0151en kivil\u00e1gos\u00edtja a k\u00f6rm\u00f6ket \u00e9s kik\u00fcsz\u00f6b\u00f6li a k\u00f6r\u00f6mlemez kisz\u00e1rad\u00e1sa \u00e9s a k\u00f6r\u00f6mlakk haszn\u00e1lat okozta elsz\u00ednez\u0151d\u00e9seket. Alapk\u00e9nt a k\u00f6r\u00f6mlakk alatt, v\u00e9d\u0151 r\u00e9teget k\u00e9pez a term\u00e9szetes k\u00f6r\u00f6mlemez bes\u00e1rgul\u00e1sa ellen. Meghosszabb\u00edtja a k\u00f6r\u00f6mlakk tart\u00f3ss\u00e1g\u00e1t, megg\u00e1tolja lepattog\u00e1s\u00e1t \u00e9s megk\u00f6nny\u00edti k\u00e9s\u0151bbi\u00a0lemos\u00e1s\u00e1t. K\u00fcl\u00f6n\u00f6sen aj\u00e1nlott s\u00f6t\u00e9t \u00e9s csill\u00e1mlakkok al\u00e1. 10 nap haszn\u00e1lat ut\u00e1n a sz\u00fcrke, s\u00e1rg\u00e1s, matt k\u00f6rm\u00f6k visszanyerik f\u00e9ny\u00fcket.<\/p>\n<p>&nbsp;<\/p>\n<p>\u00f6sszetev\u0151k: Butyl Acetate, Ethyl Acetate, Nirtocellulose, Acetyl Tributyl Citrate, Phthalic Anhydride\/Trimellitic Anhydride\/Glycols Copolymer, Isopropyl Alcohol, Stearalkonium Hectorite, Adipic Acid\/Fumaric Acid\/Phthalic Acid\/Tricyclodecane Dimethanol Copolymer, Silica, Bis (t-Butyl Benzoxazolyl) Thiophene, Propylene Glycol, Paraffin, Citric Acid, Hydrogenated Microcrystalline Wax, Citrus Limon Fruit Extract, CI 77891.<\/p>\n","protected":false},"excerpt":{"rendered":"<p>Feh\u00e9r\u00edt\u0151 k\u00f6r\u00f6m\u00e1pol\u00f3. Elimin\u00e1lja az elsz\u00ednez\u0151d\u00e9seket, bes\u00e1rgul\u00e1s ellen hat, v\u00e9d\u0151alap a k\u00f6r\u00f6mlakk al\u00e1. A citrom kivonatnak \u00e9s az UV sz\u0171r\u0151knek k\u00f6sz\u00f6nhet\u0151en kivil\u00e1gos\u00edtja a k\u00f6rm\u00f6ket \u00e9s kik\u00fcsz\u00f6b\u00f6li a k\u00f6r\u00f6mlemez kisz\u00e1rad\u00e1sa \u00e9s a k\u00f6r\u00f6mlakk haszn\u00e1lat okozta elsz\u00ednez\u0151d\u00e9seket. Alapk\u00e9nt a k\u00f6r\u00f6mlakk alatt, v\u00e9d\u0151 r\u00e9teget [&hellip;]<\/p>\n","protected":false},"featured_media":23114,"comment_status":"open","ping_status":"closed","template":"","meta":[],"product_cat":[130,156,158,125,129,113],"product_tag":[],"yoast_head":"<!-- This site is optimized with the Yoast SEO plugin v22.2 - https:\/\/yoast.com\/wordpress\/plugins\/seo\/ -->\n<title>K\u00f6r\u00f6m\u00e1pol\u00f3 Feh\u00e9r\u00edt\u0151 12ml - Eveline Cosmetics Magyarorsz\u00e1g<\/title>\n<meta name=\"robots\" content=\"index, follow, max-snippet:-1, max-image-preview:large, max-video-preview:-1\" \/>\n<link rel=\"canonical\" href=\"https:\/\/www.eveline.hu\/2016\/eveline-kozmetikumok-szepsegapolas\/smink\/korom\/koromerositok\/koromapolo-feherito-12ml\/\" \/>\n<meta property=\"og:locale\" content=\"hu_HU\" \/>\n<meta property=\"og:type\" content=\"article\" \/>\n<meta property=\"og:title\" content=\"K\u00f6r\u00f6m\u00e1pol\u00f3 Feh\u00e9r\u00edt\u0151 12ml - Eveline Cosmetics Magyarorsz\u00e1g\" \/>\n<meta property=\"og:description\" content=\"Feh\u00e9r\u00edt\u0151 k\u00f6r\u00f6m\u00e1pol\u00f3. Elimin\u00e1lja az elsz\u00ednez\u0151d\u00e9seket, bes\u00e1rgul\u00e1s ellen hat, v\u00e9d\u0151alap a k\u00f6r\u00f6mlakk al\u00e1. A citrom kivonatnak \u00e9s az UV sz\u0171r\u0151knek k\u00f6sz\u00f6nhet\u0151en kivil\u00e1gos\u00edtja a k\u00f6rm\u00f6ket \u00e9s kik\u00fcsz\u00f6b\u00f6li a k\u00f6r\u00f6mlemez kisz\u00e1rad\u00e1sa \u00e9s a k\u00f6r\u00f6mlakk haszn\u00e1lat okozta elsz\u00ednez\u0151d\u00e9seket. Alapk\u00e9nt a k\u00f6r\u00f6mlakk alatt, v\u00e9d\u0151 r\u00e9teget [&hellip;]\" \/>\n<meta property=\"og:url\" content=\"https:\/\/www.eveline.hu\/2016\/eveline-kozmetikumok-szepsegapolas\/smink\/korom\/koromerositok\/koromapolo-feherito-12ml\/\" \/>\n<meta property=\"og:site_name\" content=\"Eveline Cosmetics Magyarorsz\u00e1g\" \/>\n<meta property=\"article:modified_time\" content=\"2025-06-10T06:21:32+00:00\" \/>\n<meta property=\"og:image\" content=\"https:\/\/www.eveline.hu\/2016\/wp-content\/uploads\/2018\/06\/K\u00f6r\u00f6m\u00e1pol\u00f3-Feh\u00e9r\u00edt\u0151.png\" \/>\n\t<meta property=\"og:image:width\" content=\"750\" \/>\n\t<meta property=\"og:image:height\" content=\"750\" \/>\n\t<meta property=\"og:image:type\" content=\"image\/png\" \/>\n<meta name=\"twitter:card\" content=\"summary_large_image\" \/>\n<meta name=\"twitter:label1\" content=\"Becs\u00fclt olvas\u00e1si id\u0151\" \/>\n\t<meta name=\"twitter:data1\" content=\"1 perc\" \/>\n<script type=\"application\/ld+json\" class=\"yoast-schema-graph\">{\"@context\":\"https:\/\/schema.org\",\"@graph\":[{\"@type\":\"WebPage\",\"@id\":\"https:\/\/www.eveline.hu\/2016\/eveline-kozmetikumok-szepsegapolas\/smink\/korom\/koromerositok\/koromapolo-feherito-12ml\/\",\"url\":\"https:\/\/www.eveline.hu\/2016\/eveline-kozmetikumok-szepsegapolas\/smink\/korom\/koromerositok\/koromapolo-feherito-12ml\/\",\"name\":\"K\u00f6r\u00f6m\u00e1pol\u00f3 Feh\u00e9r\u00edt\u0151 12ml - Eveline Cosmetics Magyarorsz\u00e1g\",\"isPartOf\":{\"@id\":\"https:\/\/www.eveline.hu\/2016\/#website\"},\"primaryImageOfPage\":{\"@id\":\"https:\/\/www.eveline.hu\/2016\/eveline-kozmetikumok-szepsegapolas\/smink\/korom\/koromerositok\/koromapolo-feherito-12ml\/#primaryimage\"},\"image\":{\"@id\":\"https:\/\/www.eveline.hu\/2016\/eveline-kozmetikumok-szepsegapolas\/smink\/korom\/koromerositok\/koromapolo-feherito-12ml\/#primaryimage\"},\"thumbnailUrl\":\"https:\/\/www.eveline.hu\/2016\/wp-content\/uploads\/2018\/06\/K\u00f6r\u00f6m\u00e1pol\u00f3-Feh\u00e9r\u00edt\u0151.png\",\"datePublished\":\"2018-06-23T11:08:33+00:00\",\"dateModified\":\"2025-06-10T06:21:32+00:00\",\"breadcrumb\":{\"@id\":\"https:\/\/www.eveline.hu\/2016\/eveline-kozmetikumok-szepsegapolas\/smink\/korom\/koromerositok\/koromapolo-feherito-12ml\/#breadcrumb\"},\"inLanguage\":\"hu\",\"potentialAction\":[{\"@type\":\"ReadAction\",\"target\":[\"https:\/\/www.eveline.hu\/2016\/eveline-kozmetikumok-szepsegapolas\/smink\/korom\/koromerositok\/koromapolo-feherito-12ml\/\"]}]},{\"@type\":\"ImageObject\",\"inLanguage\":\"hu\",\"@id\":\"https:\/\/www.eveline.hu\/2016\/eveline-kozmetikumok-szepsegapolas\/smink\/korom\/koromerositok\/koromapolo-feherito-12ml\/#primaryimage\",\"url\":\"https:\/\/www.eveline.hu\/2016\/wp-content\/uploads\/2018\/06\/K\u00f6r\u00f6m\u00e1pol\u00f3-Feh\u00e9r\u00edt\u0151.png\",\"contentUrl\":\"https:\/\/www.eveline.hu\/2016\/wp-content\/uploads\/2018\/06\/K\u00f6r\u00f6m\u00e1pol\u00f3-Feh\u00e9r\u00edt\u0151.png\",\"width\":750,\"height\":750},{\"@type\":\"BreadcrumbList\",\"@id\":\"https:\/\/www.eveline.hu\/2016\/eveline-kozmetikumok-szepsegapolas\/smink\/korom\/koromerositok\/koromapolo-feherito-12ml\/#breadcrumb\",\"itemListElement\":[{\"@type\":\"ListItem\",\"position\":1,\"name\":\"Home\",\"item\":\"https:\/\/www.eveline.hu\/2016\/\"},{\"@type\":\"ListItem\",\"position\":2,\"name\":\"Term\u00e9kek\",\"item\":\"https:\/\/www.eveline.hu\/2016\/shop\/\"},{\"@type\":\"ListItem\",\"position\":3,\"name\":\"K\u00f6r\u00f6m\u00e1pol\u00f3 Feh\u00e9r\u00edt\u0151 12ml\"}]},{\"@type\":\"WebSite\",\"@id\":\"https:\/\/www.eveline.hu\/2016\/#website\",\"url\":\"https:\/\/www.eveline.hu\/2016\/\",\"name\":\"Eveline Cosmetics Magyarorsz\u00e1g\",\"description\":\"Min\u0151s\u00e9gi kozmetikumok Lengyelorsz\u00e1gb\u00f3l\",\"potentialAction\":[{\"@type\":\"SearchAction\",\"target\":{\"@type\":\"EntryPoint\",\"urlTemplate\":\"https:\/\/www.eveline.hu\/2016\/?s={search_term_string}\"},\"query-input\":\"required name=search_term_string\"}],\"inLanguage\":\"hu\"}]}<\/script>\n<!-- \/ Yoast SEO plugin. -->","yoast_head_json":{"title":"K\u00f6r\u00f6m\u00e1pol\u00f3 Feh\u00e9r\u00edt\u0151 12ml - Eveline Cosmetics Magyarorsz\u00e1g","robots":{"index":"index","follow":"follow","max-snippet":"max-snippet:-1","max-image-preview":"max-image-preview:large","max-video-preview":"max-video-preview:-1"},"canonical":"https:\/\/www.eveline.hu\/2016\/eveline-kozmetikumok-szepsegapolas\/smink\/korom\/koromerositok\/koromapolo-feherito-12ml\/","og_locale":"hu_HU","og_type":"article","og_title":"K\u00f6r\u00f6m\u00e1pol\u00f3 Feh\u00e9r\u00edt\u0151 12ml - Eveline Cosmetics Magyarorsz\u00e1g","og_description":"Feh\u00e9r\u00edt\u0151 k\u00f6r\u00f6m\u00e1pol\u00f3. Elimin\u00e1lja az elsz\u00ednez\u0151d\u00e9seket, bes\u00e1rgul\u00e1s ellen hat, v\u00e9d\u0151alap a k\u00f6r\u00f6mlakk al\u00e1. A citrom kivonatnak \u00e9s az UV sz\u0171r\u0151knek k\u00f6sz\u00f6nhet\u0151en kivil\u00e1gos\u00edtja a k\u00f6rm\u00f6ket \u00e9s kik\u00fcsz\u00f6b\u00f6li a k\u00f6r\u00f6mlemez kisz\u00e1rad\u00e1sa \u00e9s a k\u00f6r\u00f6mlakk haszn\u00e1lat okozta elsz\u00ednez\u0151d\u00e9seket. Alapk\u00e9nt a k\u00f6r\u00f6mlakk alatt, v\u00e9d\u0151 r\u00e9teget [&hellip;]","og_url":"https:\/\/www.eveline.hu\/2016\/eveline-kozmetikumok-szepsegapolas\/smink\/korom\/koromerositok\/koromapolo-feherito-12ml\/","og_site_name":"Eveline Cosmetics Magyarorsz\u00e1g","article_modified_time":"2025-06-10T06:21:32+00:00","og_image":[{"width":750,"height":750,"url":"https:\/\/www.eveline.hu\/2016\/wp-content\/uploads\/2018\/06\/K\u00f6r\u00f6m\u00e1pol\u00f3-Feh\u00e9r\u00edt\u0151.png","type":"image\/png"}],"twitter_card":"summary_large_image","twitter_misc":{"Becs\u00fclt olvas\u00e1si id\u0151":"1 perc"},"schema":{"@context":"https:\/\/schema.org","@graph":[{"@type":"WebPage","@id":"https:\/\/www.eveline.hu\/2016\/eveline-kozmetikumok-szepsegapolas\/smink\/korom\/koromerositok\/koromapolo-feherito-12ml\/","url":"https:\/\/www.eveline.hu\/2016\/eveline-kozmetikumok-szepsegapolas\/smink\/korom\/koromerositok\/koromapolo-feherito-12ml\/","name":"K\u00f6r\u00f6m\u00e1pol\u00f3 Feh\u00e9r\u00edt\u0151 12ml - Eveline Cosmetics Magyarorsz\u00e1g","isPartOf":{"@id":"https:\/\/www.eveline.hu\/2016\/#website"},"primaryImageOfPage":{"@id":"https:\/\/www.eveline.hu\/2016\/eveline-kozmetikumok-szepsegapolas\/smink\/korom\/koromerositok\/koromapolo-feherito-12ml\/#primaryimage"},"image":{"@id":"https:\/\/www.eveline.hu\/2016\/eveline-kozmetikumok-szepsegapolas\/smink\/korom\/koromerositok\/koromapolo-feherito-12ml\/#primaryimage"},"thumbnailUrl":"https:\/\/www.eveline.hu\/2016\/wp-content\/uploads\/2018\/06\/K\u00f6r\u00f6m\u00e1pol\u00f3-Feh\u00e9r\u00edt\u0151.png","datePublished":"2018-06-23T11:08:33+00:00","dateModified":"2025-06-10T06:21:32+00:00","breadcrumb":{"@id":"https:\/\/www.eveline.hu\/2016\/eveline-kozmetikumok-szepsegapolas\/smink\/korom\/koromerositok\/koromapolo-feherito-12ml\/#breadcrumb"},"inLanguage":"hu","potentialAction":[{"@type":"ReadAction","target":["https:\/\/www.eveline.hu\/2016\/eveline-kozmetikumok-szepsegapolas\/smink\/korom\/koromerositok\/koromapolo-feherito-12ml\/"]}]},{"@type":"ImageObject","inLanguage":"hu","@id":"https:\/\/www.eveline.hu\/2016\/eveline-kozmetikumok-szepsegapolas\/smink\/korom\/koromerositok\/koromapolo-feherito-12ml\/#primaryimage","url":"https:\/\/www.eveline.hu\/2016\/wp-content\/uploads\/2018\/06\/K\u00f6r\u00f6m\u00e1pol\u00f3-Feh\u00e9r\u00edt\u0151.png","contentUrl":"https:\/\/www.eveline.hu\/2016\/wp-content\/uploads\/2018\/06\/K\u00f6r\u00f6m\u00e1pol\u00f3-Feh\u00e9r\u00edt\u0151.png","width":750,"height":750},{"@type":"BreadcrumbList","@id":"https:\/\/www.eveline.hu\/2016\/eveline-kozmetikumok-szepsegapolas\/smink\/korom\/koromerositok\/koromapolo-feherito-12ml\/#breadcrumb","itemListElement":[{"@type":"ListItem","position":1,"name":"Home","item":"https:\/\/www.eveline.hu\/2016\/"},{"@type":"ListItem","position":2,"name":"Term\u00e9kek","item":"https:\/\/www.eveline.hu\/2016\/shop\/"},{"@type":"ListItem","position":3,"name":"K\u00f6r\u00f6m\u00e1pol\u00f3 Feh\u00e9r\u00edt\u0151 12ml"}]},{"@type":"WebSite","@id":"https:\/\/www.eveline.hu\/2016\/#website","url":"https:\/\/www.eveline.hu\/2016\/","name":"Eveline Cosmetics Magyarorsz\u00e1g","description":"Min\u0151s\u00e9gi kozmetikumok Lengyelorsz\u00e1gb\u00f3l","potentialAction":[{"@type":"SearchAction","target":{"@type":"EntryPoint","urlTemplate":"https:\/\/www.eveline.hu\/2016\/?s={search_term_string}"},"query-input":"required name=search_term_string"}],"inLanguage":"hu"}]}},"_links":{"self":[{"href":"https:\/\/www.eveline.hu\/2016\/wp-json\/wp\/v2\/product\/23113"}],"collection":[{"href":"https:\/\/www.eveline.hu\/2016\/wp-json\/wp\/v2\/product"}],"about":[{"href":"https:\/\/www.eveline.hu\/2016\/wp-json\/wp\/v2\/types\/product"}],"replies":[{"embeddable":true,"href":"https:\/\/www.eveline.hu\/2016\/wp-json\/wp\/v2\/comments?post=23113"}],"wp:featuredmedia":[{"embeddable":true,"href":"https:\/\/www.eveline.hu\/2016\/wp-json\/wp\/v2\/media\/23114"}],"wp:attachment":[{"href":"https:\/\/www.eveline.hu\/2016\/wp-json\/wp\/v2\/media?parent=23113"}],"wp:term":[{"taxonomy":"product_cat","embeddable":true,"href":"https:\/\/www.eveline.hu\/2016\/wp-json\/wp\/v2\/product_cat?post=23113"},{"taxonomy":"product_tag","embeddable":true,"href":"https:\/\/www.eveline.hu\/2016\/wp-json\/wp\/v2\/product_tag?post=23113"}],"curies":[{"name":"wp","href":"https:\/\/api.w.org\/{rel}","templated":true}]}}