{"id":22929,"date":"2018-04-06T10:14:27","date_gmt":"2018-04-06T08:14:27","guid":{"rendered":"http:\/\/www.eveline.hu\/2016\/?post_type=product&#038;p=22929"},"modified":"2022-12-26T20:28:08","modified_gmt":"2022-12-26T19:28:08","slug":"szortelenito-krem-aloe-vera-e-vitamin-3az1-ben-125ml","status":"publish","type":"product","link":"https:\/\/www.eveline.hu\/2016\/eveline-kozmetikumok-szepsegapolas\/szepsegapolas\/szortelenites\/szortelenito-krem-aloe-vera-e-vitamin-3az1-ben-125ml\/","title":{"rendered":"Sz\u0151rtelen\u00edt\u0151 kr\u00e9m Aloe Vera + E vitamin 3az1-ben 125ml"},"content":{"rendered":"<p><strong>H\u00d3NALJ, KAR, BIKINI, \u00e9rz\u00e9keny b\u0151r <\/strong><\/p>\n<p>Gyors hat\u00e1s. K\u00e9slelteti a sz\u0151rn\u00f6veked\u00e9st. Er\u0151s hidrat\u00e1l\u00e1s \u00e9s regener\u00e1l\u00e1s.<\/p>\n<p><strong>Haszn\u00e1lati utas\u00edt\u00e1s<\/strong>:\u00a0 A kr\u00e9met egyenletesen kenje sz\u00e9t a sz\u0151rtelen\u00edteni k\u00edv\u00e1nt ter\u00fcleteken a spatula haszn\u00e1lat\u00e1val. Ne d\u00f6rzs\u00f6lje bele a b\u0151rbe.\u00a0 Hagyja a b\u0151r\u00f6n 3 percig, majd a spatula seg\u00edts\u00e9g\u00e9vel \u00f3vatosan t\u00e1vol\u00edtsa el a kr\u00e9met egy kis ter\u00fcletr\u0151l. Ha a sz\u0151rzet k\u00f6nnyen elt\u00e1vol\u00edthat\u00f3, a marad\u00e9k kr\u00e9met is t\u00e1vol\u00edtsa el a spatul\u00e1val, a sz\u0151r ir\u00e1ny\u00e1ba. Ha a sz\u0151rzetet nem k\u00f6nny\u0171 elt\u00e1vol\u00edtani, hagyja a kr\u00e9met a b\u0151r\u00f6n, de ne teljen el t\u00f6bb 10 percn\u00e9l a sz\u0151rtelen\u00edt\u00e9s megkezd\u00e9s\u00e9t\u0151l.\u00a0 A megmaradt kr\u00e9met nedves szivaccsal elt\u00e1vol\u00edthatja, majd alaposan mossa le a b\u0151rt langyos v\u00edzzel (szappan n\u00e9lk\u00fcl) t\u00f6r\u00f6lje sz\u00e1razra.<\/p>\n<p><strong><u>Figyelmeztet\u00e9sek<\/u>: <\/strong><\/p>\n<p>Els\u0151 haszn\u00e1lata el\u0151tt v\u00e9gezzen allergia tesztet: haszn\u00e1lja a b\u0151rfel\u00fclet kis r\u00e9sz\u00e9n, v\u00e1rjon n\u00e9h\u00e1ny percet \u00e9s mossa le. Amennyiben 24 \u00f3r\u00e1n bel\u00fcl a kezelt b\u0151rfel\u00fcleten nem jelentkezik allergi\u00e1s reakci\u00f3, haszn\u00e1lhatja a kr\u00e9met. A haszn\u00e1lata ut\u00e1ni 24 \u00f3r\u00e1ban a kezelt b\u0151rfel\u00fcleten ne haszn\u00e1ljon dezodort vagy izzad\u00e1sg\u00e1tl\u00f3t. Ker\u00fclje a napoz\u00e1st. Tioglikol\u00e1tot \u00e9s egy alkaliz\u00e1l\u00f3szert tartalmaz.<\/p>\n<p>Szembe ne ker\u00fclj\u00f6n! Szembe ker\u00fcl\u00e9se eset\u00e9n azonnal b\u0151 v\u00edzzel \u00f6bl\u00edtse ki \u00e9s forduljon orvoshoz!<\/p>\n<p>Tartsa be a haszn\u00e1lati \u00fatmutat\u00f3 el\u0151\u00edr\u00e1sait!<\/p>\n<p>ER\u0150S HAT\u00c1S\u00da K\u00c9SZ\u00cdTM\u00c9NY. \u00a0GYERMEKEKT\u0150L ELZ\u00c1RVA TARTAND\u00d3!<\/p>\n<p>ARC SZ\u0150RTELEN\u00cdT\u00c9SRE NE HASZN\u00c1LJA!<\/p>\n<p>NE DOBJA EL A CSOMAGOL\u00c1ST! (KARTONDOBOZ)<\/p>\n<p>&nbsp;<\/p>\n<p>\u00f6sszetev\u0151k: Aqua (Water) Cetearyl Alcohol Calcium Hydroxide Thioglycolic Acid Potassium Hydroxide Ceteareth-20 Propylene Glycol Glyceryl Stearate SE Parfum (Fragrance) Ethylhexyl Stearate Paraffinum Liquidum Butylene Glycol Glycerin Larrea Divaricata Extract Lecithin Aloe Barbadensis Leaf Extract Hydrolyzed Silk Extract Tocopherol Potassium Sorbate Sodium Metabisulfite Hydroxycitronellal Geraniol Hydroxyisohexyl 3-Cyclohexene Carboxaldehyde Butylphenyl Methylpropional Citronellol Hexyl Cinnamal.<\/p>\n","protected":false},"excerpt":{"rendered":"<p>125ml ( 9192 Ft\/l )<\/p>\n<p>H\u00d3NALJ, KAR, BIKINI, \u00e9rz\u00e9keny b\u0151r<\/p>\n","protected":false},"featured_media":22930,"comment_status":"open","ping_status":"closed","template":"","meta":[],"product_cat":[125,139,101],"product_tag":[],"yoast_head":"<!-- This site is optimized with the Yoast SEO plugin v22.2 - https:\/\/yoast.com\/wordpress\/plugins\/seo\/ -->\n<title>Sz\u0151rtelen\u00edt\u0151 kr\u00e9m Aloe Vera + E vitamin 3az1-ben 125ml - Eveline Cosmetics Magyarorsz\u00e1g<\/title>\n<meta name=\"robots\" content=\"index, follow, max-snippet:-1, max-image-preview:large, max-video-preview:-1\" \/>\n<link rel=\"canonical\" href=\"https:\/\/www.eveline.hu\/2016\/eveline-kozmetikumok-szepsegapolas\/szepsegapolas\/szortelenites\/szortelenito-krem-aloe-vera-e-vitamin-3az1-ben-125ml\/\" \/>\n<meta property=\"og:locale\" content=\"hu_HU\" \/>\n<meta property=\"og:type\" content=\"article\" \/>\n<meta property=\"og:title\" content=\"Sz\u0151rtelen\u00edt\u0151 kr\u00e9m Aloe Vera + E vitamin 3az1-ben 125ml - Eveline Cosmetics Magyarorsz\u00e1g\" \/>\n<meta property=\"og:description\" content=\"125ml ( 9192 Ft\/l )  H\u00d3NALJ, KAR, BIKINI, \u00e9rz\u00e9keny b\u0151r\" \/>\n<meta property=\"og:url\" content=\"https:\/\/www.eveline.hu\/2016\/eveline-kozmetikumok-szepsegapolas\/szepsegapolas\/szortelenites\/szortelenito-krem-aloe-vera-e-vitamin-3az1-ben-125ml\/\" \/>\n<meta property=\"og:site_name\" content=\"Eveline Cosmetics Magyarorsz\u00e1g\" \/>\n<meta property=\"article:modified_time\" content=\"2022-12-26T19:28:08+00:00\" \/>\n<meta property=\"og:image\" content=\"https:\/\/www.eveline.hu\/2016\/wp-content\/uploads\/2018\/04\/Active-Aloe-Vera-sz\u0151rtelen\u00edt\u0151.png\" \/>\n\t<meta property=\"og:image:width\" content=\"750\" \/>\n\t<meta property=\"og:image:height\" content=\"750\" \/>\n\t<meta property=\"og:image:type\" content=\"image\/png\" \/>\n<meta name=\"twitter:card\" content=\"summary_large_image\" \/>\n<meta name=\"twitter:label1\" content=\"Becs\u00fclt olvas\u00e1si id\u0151\" \/>\n\t<meta name=\"twitter:data1\" content=\"2 perc\" \/>\n<script type=\"application\/ld+json\" class=\"yoast-schema-graph\">{\"@context\":\"https:\/\/schema.org\",\"@graph\":[{\"@type\":\"WebPage\",\"@id\":\"https:\/\/www.eveline.hu\/2016\/eveline-kozmetikumok-szepsegapolas\/szepsegapolas\/szortelenites\/szortelenito-krem-aloe-vera-e-vitamin-3az1-ben-125ml\/\",\"url\":\"https:\/\/www.eveline.hu\/2016\/eveline-kozmetikumok-szepsegapolas\/szepsegapolas\/szortelenites\/szortelenito-krem-aloe-vera-e-vitamin-3az1-ben-125ml\/\",\"name\":\"Sz\u0151rtelen\u00edt\u0151 kr\u00e9m Aloe Vera + E vitamin 3az1-ben 125ml - Eveline Cosmetics Magyarorsz\u00e1g\",\"isPartOf\":{\"@id\":\"https:\/\/www.eveline.hu\/2016\/#website\"},\"primaryImageOfPage\":{\"@id\":\"https:\/\/www.eveline.hu\/2016\/eveline-kozmetikumok-szepsegapolas\/szepsegapolas\/szortelenites\/szortelenito-krem-aloe-vera-e-vitamin-3az1-ben-125ml\/#primaryimage\"},\"image\":{\"@id\":\"https:\/\/www.eveline.hu\/2016\/eveline-kozmetikumok-szepsegapolas\/szepsegapolas\/szortelenites\/szortelenito-krem-aloe-vera-e-vitamin-3az1-ben-125ml\/#primaryimage\"},\"thumbnailUrl\":\"https:\/\/www.eveline.hu\/2016\/wp-content\/uploads\/2018\/04\/Active-Aloe-Vera-sz\u0151rtelen\u00edt\u0151.png\",\"datePublished\":\"2018-04-06T08:14:27+00:00\",\"dateModified\":\"2022-12-26T19:28:08+00:00\",\"breadcrumb\":{\"@id\":\"https:\/\/www.eveline.hu\/2016\/eveline-kozmetikumok-szepsegapolas\/szepsegapolas\/szortelenites\/szortelenito-krem-aloe-vera-e-vitamin-3az1-ben-125ml\/#breadcrumb\"},\"inLanguage\":\"hu\",\"potentialAction\":[{\"@type\":\"ReadAction\",\"target\":[\"https:\/\/www.eveline.hu\/2016\/eveline-kozmetikumok-szepsegapolas\/szepsegapolas\/szortelenites\/szortelenito-krem-aloe-vera-e-vitamin-3az1-ben-125ml\/\"]}]},{\"@type\":\"ImageObject\",\"inLanguage\":\"hu\",\"@id\":\"https:\/\/www.eveline.hu\/2016\/eveline-kozmetikumok-szepsegapolas\/szepsegapolas\/szortelenites\/szortelenito-krem-aloe-vera-e-vitamin-3az1-ben-125ml\/#primaryimage\",\"url\":\"https:\/\/www.eveline.hu\/2016\/wp-content\/uploads\/2018\/04\/Active-Aloe-Vera-sz\u0151rtelen\u00edt\u0151.png\",\"contentUrl\":\"https:\/\/www.eveline.hu\/2016\/wp-content\/uploads\/2018\/04\/Active-Aloe-Vera-sz\u0151rtelen\u00edt\u0151.png\",\"width\":750,\"height\":750},{\"@type\":\"BreadcrumbList\",\"@id\":\"https:\/\/www.eveline.hu\/2016\/eveline-kozmetikumok-szepsegapolas\/szepsegapolas\/szortelenites\/szortelenito-krem-aloe-vera-e-vitamin-3az1-ben-125ml\/#breadcrumb\",\"itemListElement\":[{\"@type\":\"ListItem\",\"position\":1,\"name\":\"Home\",\"item\":\"https:\/\/www.eveline.hu\/2016\/\"},{\"@type\":\"ListItem\",\"position\":2,\"name\":\"Term\u00e9kek\",\"item\":\"https:\/\/www.eveline.hu\/2016\/shop\/\"},{\"@type\":\"ListItem\",\"position\":3,\"name\":\"Sz\u0151rtelen\u00edt\u0151 kr\u00e9m Aloe Vera + E vitamin 3az1-ben 125ml\"}]},{\"@type\":\"WebSite\",\"@id\":\"https:\/\/www.eveline.hu\/2016\/#website\",\"url\":\"https:\/\/www.eveline.hu\/2016\/\",\"name\":\"Eveline Cosmetics Magyarorsz\u00e1g\",\"description\":\"Min\u0151s\u00e9gi kozmetikumok Lengyelorsz\u00e1gb\u00f3l\",\"potentialAction\":[{\"@type\":\"SearchAction\",\"target\":{\"@type\":\"EntryPoint\",\"urlTemplate\":\"https:\/\/www.eveline.hu\/2016\/?s={search_term_string}\"},\"query-input\":\"required name=search_term_string\"}],\"inLanguage\":\"hu\"}]}<\/script>\n<!-- \/ Yoast SEO plugin. -->","yoast_head_json":{"title":"Sz\u0151rtelen\u00edt\u0151 kr\u00e9m Aloe Vera + E vitamin 3az1-ben 125ml - Eveline Cosmetics Magyarorsz\u00e1g","robots":{"index":"index","follow":"follow","max-snippet":"max-snippet:-1","max-image-preview":"max-image-preview:large","max-video-preview":"max-video-preview:-1"},"canonical":"https:\/\/www.eveline.hu\/2016\/eveline-kozmetikumok-szepsegapolas\/szepsegapolas\/szortelenites\/szortelenito-krem-aloe-vera-e-vitamin-3az1-ben-125ml\/","og_locale":"hu_HU","og_type":"article","og_title":"Sz\u0151rtelen\u00edt\u0151 kr\u00e9m Aloe Vera + E vitamin 3az1-ben 125ml - Eveline Cosmetics Magyarorsz\u00e1g","og_description":"125ml ( 9192 Ft\/l )  H\u00d3NALJ, KAR, BIKINI, \u00e9rz\u00e9keny b\u0151r","og_url":"https:\/\/www.eveline.hu\/2016\/eveline-kozmetikumok-szepsegapolas\/szepsegapolas\/szortelenites\/szortelenito-krem-aloe-vera-e-vitamin-3az1-ben-125ml\/","og_site_name":"Eveline Cosmetics Magyarorsz\u00e1g","article_modified_time":"2022-12-26T19:28:08+00:00","og_image":[{"width":750,"height":750,"url":"https:\/\/www.eveline.hu\/2016\/wp-content\/uploads\/2018\/04\/Active-Aloe-Vera-sz\u0151rtelen\u00edt\u0151.png","type":"image\/png"}],"twitter_card":"summary_large_image","twitter_misc":{"Becs\u00fclt olvas\u00e1si id\u0151":"2 perc"},"schema":{"@context":"https:\/\/schema.org","@graph":[{"@type":"WebPage","@id":"https:\/\/www.eveline.hu\/2016\/eveline-kozmetikumok-szepsegapolas\/szepsegapolas\/szortelenites\/szortelenito-krem-aloe-vera-e-vitamin-3az1-ben-125ml\/","url":"https:\/\/www.eveline.hu\/2016\/eveline-kozmetikumok-szepsegapolas\/szepsegapolas\/szortelenites\/szortelenito-krem-aloe-vera-e-vitamin-3az1-ben-125ml\/","name":"Sz\u0151rtelen\u00edt\u0151 kr\u00e9m Aloe Vera + E vitamin 3az1-ben 125ml - Eveline Cosmetics Magyarorsz\u00e1g","isPartOf":{"@id":"https:\/\/www.eveline.hu\/2016\/#website"},"primaryImageOfPage":{"@id":"https:\/\/www.eveline.hu\/2016\/eveline-kozmetikumok-szepsegapolas\/szepsegapolas\/szortelenites\/szortelenito-krem-aloe-vera-e-vitamin-3az1-ben-125ml\/#primaryimage"},"image":{"@id":"https:\/\/www.eveline.hu\/2016\/eveline-kozmetikumok-szepsegapolas\/szepsegapolas\/szortelenites\/szortelenito-krem-aloe-vera-e-vitamin-3az1-ben-125ml\/#primaryimage"},"thumbnailUrl":"https:\/\/www.eveline.hu\/2016\/wp-content\/uploads\/2018\/04\/Active-Aloe-Vera-sz\u0151rtelen\u00edt\u0151.png","datePublished":"2018-04-06T08:14:27+00:00","dateModified":"2022-12-26T19:28:08+00:00","breadcrumb":{"@id":"https:\/\/www.eveline.hu\/2016\/eveline-kozmetikumok-szepsegapolas\/szepsegapolas\/szortelenites\/szortelenito-krem-aloe-vera-e-vitamin-3az1-ben-125ml\/#breadcrumb"},"inLanguage":"hu","potentialAction":[{"@type":"ReadAction","target":["https:\/\/www.eveline.hu\/2016\/eveline-kozmetikumok-szepsegapolas\/szepsegapolas\/szortelenites\/szortelenito-krem-aloe-vera-e-vitamin-3az1-ben-125ml\/"]}]},{"@type":"ImageObject","inLanguage":"hu","@id":"https:\/\/www.eveline.hu\/2016\/eveline-kozmetikumok-szepsegapolas\/szepsegapolas\/szortelenites\/szortelenito-krem-aloe-vera-e-vitamin-3az1-ben-125ml\/#primaryimage","url":"https:\/\/www.eveline.hu\/2016\/wp-content\/uploads\/2018\/04\/Active-Aloe-Vera-sz\u0151rtelen\u00edt\u0151.png","contentUrl":"https:\/\/www.eveline.hu\/2016\/wp-content\/uploads\/2018\/04\/Active-Aloe-Vera-sz\u0151rtelen\u00edt\u0151.png","width":750,"height":750},{"@type":"BreadcrumbList","@id":"https:\/\/www.eveline.hu\/2016\/eveline-kozmetikumok-szepsegapolas\/szepsegapolas\/szortelenites\/szortelenito-krem-aloe-vera-e-vitamin-3az1-ben-125ml\/#breadcrumb","itemListElement":[{"@type":"ListItem","position":1,"name":"Home","item":"https:\/\/www.eveline.hu\/2016\/"},{"@type":"ListItem","position":2,"name":"Term\u00e9kek","item":"https:\/\/www.eveline.hu\/2016\/shop\/"},{"@type":"ListItem","position":3,"name":"Sz\u0151rtelen\u00edt\u0151 kr\u00e9m Aloe Vera + E vitamin 3az1-ben 125ml"}]},{"@type":"WebSite","@id":"https:\/\/www.eveline.hu\/2016\/#website","url":"https:\/\/www.eveline.hu\/2016\/","name":"Eveline Cosmetics Magyarorsz\u00e1g","description":"Min\u0151s\u00e9gi kozmetikumok Lengyelorsz\u00e1gb\u00f3l","potentialAction":[{"@type":"SearchAction","target":{"@type":"EntryPoint","urlTemplate":"https:\/\/www.eveline.hu\/2016\/?s={search_term_string}"},"query-input":"required name=search_term_string"}],"inLanguage":"hu"}]}},"_links":{"self":[{"href":"https:\/\/www.eveline.hu\/2016\/wp-json\/wp\/v2\/product\/22929"}],"collection":[{"href":"https:\/\/www.eveline.hu\/2016\/wp-json\/wp\/v2\/product"}],"about":[{"href":"https:\/\/www.eveline.hu\/2016\/wp-json\/wp\/v2\/types\/product"}],"replies":[{"embeddable":true,"href":"https:\/\/www.eveline.hu\/2016\/wp-json\/wp\/v2\/comments?post=22929"}],"wp:featuredmedia":[{"embeddable":true,"href":"https:\/\/www.eveline.hu\/2016\/wp-json\/wp\/v2\/media\/22930"}],"wp:attachment":[{"href":"https:\/\/www.eveline.hu\/2016\/wp-json\/wp\/v2\/media?parent=22929"}],"wp:term":[{"taxonomy":"product_cat","embeddable":true,"href":"https:\/\/www.eveline.hu\/2016\/wp-json\/wp\/v2\/product_cat?post=22929"},{"taxonomy":"product_tag","embeddable":true,"href":"https:\/\/www.eveline.hu\/2016\/wp-json\/wp\/v2\/product_tag?post=22929"}],"curies":[{"name":"wp","href":"https:\/\/api.w.org\/{rel}","templated":true}]}}