{"id":22908,"date":"2018-03-30T16:53:12","date_gmt":"2018-03-30T14:53:12","guid":{"rendered":"http:\/\/www.eveline.hu\/2016\/?post_type=product&#038;p=22908"},"modified":"2026-03-26T07:32:50","modified_gmt":"2026-03-26T06:32:50","slug":"facemed-hialuronsavas-arclemoso-gel-3az1-ben-150ml","status":"publish","type":"product","link":"https:\/\/www.eveline.hu\/2016\/eveline-kozmetikumok-szepsegapolas\/szepsegapolas\/arcapolas\/facemed-hialuronsavas-arclemoso-gel-3az1-ben-150ml\/","title":{"rendered":"Facemed+ Hialuronsavas arclemos\u00f3 g\u00e9l 3az1-ben 150ml"},"content":{"rendered":"<p><strong>Facemed+ Hialuronsavas arclemos\u00f3 g\u00e9l 3az1-ben<\/strong><\/p>\n<p>Minden b\u0151rt\u00edpusra, \u00e9rz\u00e9keny \u00e9s rosace\u00e1ra hajlamos b\u0151rre is.<\/p>\n<p>Tiszt\u00edt \u00e9s felfriss\u00edt. Hidrat\u00e1l \u00e9s t\u00e1pl\u00e1l. Nyugtatja az irrit\u00e1ci\u00f3t.<\/p>\n<p>Alaposan tiszt\u00edt, t\u00f6k\u00e9letesen elt\u00e1vol\u00edtja a sminket, m\u00e9lyen hidrat\u00e1l \u00e9s revitaliz\u00e1l.<\/p>\n<p>Az allergi\u00e1s rizik\u00f3 minimaliz\u00e1l\u00e1s\u00e1ra kifejlesztve.\u00a0Alkoholmentes, fiziol\u00f3giai pH.<\/p>\n<p><strong>Akt\u00edv hat\u00f3anyagok<\/strong>: Hialuronsav + AQUAXYL\u2122 Hydraconcept 3D\u2122,\u00a0Technology, d-panthenol \u00e9s allantoin.<\/p>\n<p>\u00f6sszetev\u0151k: Aqua (Water), Sodium Laureth Sulfate, Cocamide DEA, Cocamidopropyl Betaine, PEG-6 Caprylic\/Capric Glycerides, Sodium Chloride, Lauroyl\/Myristoyl Methyl Glucamide, Coco-Betaine, Glycereth-26, Parfum (Fragrance), Sodium Benzoate, Citric Acid, Polyquaternium-10, Potassium Sorbate, Allantoin, Disodium EDTA, Panthenol, Sodium Hyaluronate, Xylitylglucoside, Anhydroxylitol, Xylitol, Glucose, Propylene Glycol, Acacia Seyal Gum Extract, Phenoxyethanol, Ethylhexylglycerin, Methylparaben, Ethylparaben, Propylparaben, CI 16255, CI 17200.<\/p>\n","protected":false},"excerpt":{"rendered":"<p>150ml ( 8993 Ft\/l )<\/p>\n<p>Tiszt\u00edt \u00e9s felfriss\u00edt&#8230;<\/p>\n","protected":false},"featured_media":22909,"comment_status":"open","ping_status":"closed","template":"","meta":[],"product_cat":[302,217,125,126,80],"product_tag":[],"yoast_head":"<!-- This site is optimized with the Yoast SEO plugin v22.2 - https:\/\/yoast.com\/wordpress\/plugins\/seo\/ -->\n<title>Facemed+ Hialuronsavas arclemos\u00f3 g\u00e9l 3az1-ben 150ml - Eveline Cosmetics Magyarorsz\u00e1g<\/title>\n<meta name=\"robots\" content=\"index, follow, max-snippet:-1, max-image-preview:large, max-video-preview:-1\" \/>\n<link rel=\"canonical\" href=\"https:\/\/www.eveline.hu\/2016\/eveline-kozmetikumok-szepsegapolas\/szepsegapolas\/arcapolas\/facemed-hialuronsavas-arclemoso-gel-3az1-ben-150ml\/\" \/>\n<meta property=\"og:locale\" content=\"hu_HU\" \/>\n<meta property=\"og:type\" content=\"article\" \/>\n<meta property=\"og:title\" content=\"Facemed+ Hialuronsavas arclemos\u00f3 g\u00e9l 3az1-ben 150ml - Eveline Cosmetics Magyarorsz\u00e1g\" \/>\n<meta property=\"og:description\" content=\"150ml ( 8993 Ft\/l )  Tiszt\u00edt \u00e9s felfriss\u00edt...\" \/>\n<meta property=\"og:url\" content=\"https:\/\/www.eveline.hu\/2016\/eveline-kozmetikumok-szepsegapolas\/szepsegapolas\/arcapolas\/facemed-hialuronsavas-arclemoso-gel-3az1-ben-150ml\/\" \/>\n<meta property=\"og:site_name\" content=\"Eveline Cosmetics Magyarorsz\u00e1g\" \/>\n<meta property=\"article:modified_time\" content=\"2026-03-26T06:32:50+00:00\" \/>\n<meta property=\"og:image\" content=\"https:\/\/www.eveline.hu\/2016\/wp-content\/uploads\/2018\/03\/Hialuronsavas-lemos\u00f3-g\u00e9l-150ml.png\" \/>\n\t<meta property=\"og:image:width\" content=\"750\" \/>\n\t<meta property=\"og:image:height\" content=\"750\" \/>\n\t<meta property=\"og:image:type\" content=\"image\/png\" \/>\n<meta name=\"twitter:card\" content=\"summary_large_image\" \/>\n<meta name=\"twitter:label1\" content=\"Becs\u00fclt olvas\u00e1si id\u0151\" \/>\n\t<meta name=\"twitter:data1\" content=\"1 perc\" \/>\n<script type=\"application\/ld+json\" class=\"yoast-schema-graph\">{\"@context\":\"https:\/\/schema.org\",\"@graph\":[{\"@type\":\"WebPage\",\"@id\":\"https:\/\/www.eveline.hu\/2016\/eveline-kozmetikumok-szepsegapolas\/szepsegapolas\/arcapolas\/facemed-hialuronsavas-arclemoso-gel-3az1-ben-150ml\/\",\"url\":\"https:\/\/www.eveline.hu\/2016\/eveline-kozmetikumok-szepsegapolas\/szepsegapolas\/arcapolas\/facemed-hialuronsavas-arclemoso-gel-3az1-ben-150ml\/\",\"name\":\"Facemed+ Hialuronsavas arclemos\u00f3 g\u00e9l 3az1-ben 150ml - Eveline Cosmetics Magyarorsz\u00e1g\",\"isPartOf\":{\"@id\":\"https:\/\/www.eveline.hu\/2016\/#website\"},\"primaryImageOfPage\":{\"@id\":\"https:\/\/www.eveline.hu\/2016\/eveline-kozmetikumok-szepsegapolas\/szepsegapolas\/arcapolas\/facemed-hialuronsavas-arclemoso-gel-3az1-ben-150ml\/#primaryimage\"},\"image\":{\"@id\":\"https:\/\/www.eveline.hu\/2016\/eveline-kozmetikumok-szepsegapolas\/szepsegapolas\/arcapolas\/facemed-hialuronsavas-arclemoso-gel-3az1-ben-150ml\/#primaryimage\"},\"thumbnailUrl\":\"https:\/\/www.eveline.hu\/2016\/wp-content\/uploads\/2018\/03\/Hialuronsavas-lemos\u00f3-g\u00e9l-150ml.png\",\"datePublished\":\"2018-03-30T14:53:12+00:00\",\"dateModified\":\"2026-03-26T06:32:50+00:00\",\"breadcrumb\":{\"@id\":\"https:\/\/www.eveline.hu\/2016\/eveline-kozmetikumok-szepsegapolas\/szepsegapolas\/arcapolas\/facemed-hialuronsavas-arclemoso-gel-3az1-ben-150ml\/#breadcrumb\"},\"inLanguage\":\"hu\",\"potentialAction\":[{\"@type\":\"ReadAction\",\"target\":[\"https:\/\/www.eveline.hu\/2016\/eveline-kozmetikumok-szepsegapolas\/szepsegapolas\/arcapolas\/facemed-hialuronsavas-arclemoso-gel-3az1-ben-150ml\/\"]}]},{\"@type\":\"ImageObject\",\"inLanguage\":\"hu\",\"@id\":\"https:\/\/www.eveline.hu\/2016\/eveline-kozmetikumok-szepsegapolas\/szepsegapolas\/arcapolas\/facemed-hialuronsavas-arclemoso-gel-3az1-ben-150ml\/#primaryimage\",\"url\":\"https:\/\/www.eveline.hu\/2016\/wp-content\/uploads\/2018\/03\/Hialuronsavas-lemos\u00f3-g\u00e9l-150ml.png\",\"contentUrl\":\"https:\/\/www.eveline.hu\/2016\/wp-content\/uploads\/2018\/03\/Hialuronsavas-lemos\u00f3-g\u00e9l-150ml.png\",\"width\":750,\"height\":750},{\"@type\":\"BreadcrumbList\",\"@id\":\"https:\/\/www.eveline.hu\/2016\/eveline-kozmetikumok-szepsegapolas\/szepsegapolas\/arcapolas\/facemed-hialuronsavas-arclemoso-gel-3az1-ben-150ml\/#breadcrumb\",\"itemListElement\":[{\"@type\":\"ListItem\",\"position\":1,\"name\":\"Home\",\"item\":\"https:\/\/www.eveline.hu\/2016\/\"},{\"@type\":\"ListItem\",\"position\":2,\"name\":\"Term\u00e9kek\",\"item\":\"https:\/\/www.eveline.hu\/2016\/shop\/\"},{\"@type\":\"ListItem\",\"position\":3,\"name\":\"Facemed+ Hialuronsavas arclemos\u00f3 g\u00e9l 3az1-ben 150ml\"}]},{\"@type\":\"WebSite\",\"@id\":\"https:\/\/www.eveline.hu\/2016\/#website\",\"url\":\"https:\/\/www.eveline.hu\/2016\/\",\"name\":\"Eveline Cosmetics Magyarorsz\u00e1g\",\"description\":\"Min\u0151s\u00e9gi kozmetikumok Lengyelorsz\u00e1gb\u00f3l\",\"potentialAction\":[{\"@type\":\"SearchAction\",\"target\":{\"@type\":\"EntryPoint\",\"urlTemplate\":\"https:\/\/www.eveline.hu\/2016\/?s={search_term_string}\"},\"query-input\":\"required name=search_term_string\"}],\"inLanguage\":\"hu\"}]}<\/script>\n<!-- \/ Yoast SEO plugin. -->","yoast_head_json":{"title":"Facemed+ Hialuronsavas arclemos\u00f3 g\u00e9l 3az1-ben 150ml - Eveline Cosmetics Magyarorsz\u00e1g","robots":{"index":"index","follow":"follow","max-snippet":"max-snippet:-1","max-image-preview":"max-image-preview:large","max-video-preview":"max-video-preview:-1"},"canonical":"https:\/\/www.eveline.hu\/2016\/eveline-kozmetikumok-szepsegapolas\/szepsegapolas\/arcapolas\/facemed-hialuronsavas-arclemoso-gel-3az1-ben-150ml\/","og_locale":"hu_HU","og_type":"article","og_title":"Facemed+ Hialuronsavas arclemos\u00f3 g\u00e9l 3az1-ben 150ml - Eveline Cosmetics Magyarorsz\u00e1g","og_description":"150ml ( 8993 Ft\/l )  Tiszt\u00edt \u00e9s felfriss\u00edt...","og_url":"https:\/\/www.eveline.hu\/2016\/eveline-kozmetikumok-szepsegapolas\/szepsegapolas\/arcapolas\/facemed-hialuronsavas-arclemoso-gel-3az1-ben-150ml\/","og_site_name":"Eveline Cosmetics Magyarorsz\u00e1g","article_modified_time":"2026-03-26T06:32:50+00:00","og_image":[{"width":750,"height":750,"url":"https:\/\/www.eveline.hu\/2016\/wp-content\/uploads\/2018\/03\/Hialuronsavas-lemos\u00f3-g\u00e9l-150ml.png","type":"image\/png"}],"twitter_card":"summary_large_image","twitter_misc":{"Becs\u00fclt olvas\u00e1si id\u0151":"1 perc"},"schema":{"@context":"https:\/\/schema.org","@graph":[{"@type":"WebPage","@id":"https:\/\/www.eveline.hu\/2016\/eveline-kozmetikumok-szepsegapolas\/szepsegapolas\/arcapolas\/facemed-hialuronsavas-arclemoso-gel-3az1-ben-150ml\/","url":"https:\/\/www.eveline.hu\/2016\/eveline-kozmetikumok-szepsegapolas\/szepsegapolas\/arcapolas\/facemed-hialuronsavas-arclemoso-gel-3az1-ben-150ml\/","name":"Facemed+ Hialuronsavas arclemos\u00f3 g\u00e9l 3az1-ben 150ml - Eveline Cosmetics Magyarorsz\u00e1g","isPartOf":{"@id":"https:\/\/www.eveline.hu\/2016\/#website"},"primaryImageOfPage":{"@id":"https:\/\/www.eveline.hu\/2016\/eveline-kozmetikumok-szepsegapolas\/szepsegapolas\/arcapolas\/facemed-hialuronsavas-arclemoso-gel-3az1-ben-150ml\/#primaryimage"},"image":{"@id":"https:\/\/www.eveline.hu\/2016\/eveline-kozmetikumok-szepsegapolas\/szepsegapolas\/arcapolas\/facemed-hialuronsavas-arclemoso-gel-3az1-ben-150ml\/#primaryimage"},"thumbnailUrl":"https:\/\/www.eveline.hu\/2016\/wp-content\/uploads\/2018\/03\/Hialuronsavas-lemos\u00f3-g\u00e9l-150ml.png","datePublished":"2018-03-30T14:53:12+00:00","dateModified":"2026-03-26T06:32:50+00:00","breadcrumb":{"@id":"https:\/\/www.eveline.hu\/2016\/eveline-kozmetikumok-szepsegapolas\/szepsegapolas\/arcapolas\/facemed-hialuronsavas-arclemoso-gel-3az1-ben-150ml\/#breadcrumb"},"inLanguage":"hu","potentialAction":[{"@type":"ReadAction","target":["https:\/\/www.eveline.hu\/2016\/eveline-kozmetikumok-szepsegapolas\/szepsegapolas\/arcapolas\/facemed-hialuronsavas-arclemoso-gel-3az1-ben-150ml\/"]}]},{"@type":"ImageObject","inLanguage":"hu","@id":"https:\/\/www.eveline.hu\/2016\/eveline-kozmetikumok-szepsegapolas\/szepsegapolas\/arcapolas\/facemed-hialuronsavas-arclemoso-gel-3az1-ben-150ml\/#primaryimage","url":"https:\/\/www.eveline.hu\/2016\/wp-content\/uploads\/2018\/03\/Hialuronsavas-lemos\u00f3-g\u00e9l-150ml.png","contentUrl":"https:\/\/www.eveline.hu\/2016\/wp-content\/uploads\/2018\/03\/Hialuronsavas-lemos\u00f3-g\u00e9l-150ml.png","width":750,"height":750},{"@type":"BreadcrumbList","@id":"https:\/\/www.eveline.hu\/2016\/eveline-kozmetikumok-szepsegapolas\/szepsegapolas\/arcapolas\/facemed-hialuronsavas-arclemoso-gel-3az1-ben-150ml\/#breadcrumb","itemListElement":[{"@type":"ListItem","position":1,"name":"Home","item":"https:\/\/www.eveline.hu\/2016\/"},{"@type":"ListItem","position":2,"name":"Term\u00e9kek","item":"https:\/\/www.eveline.hu\/2016\/shop\/"},{"@type":"ListItem","position":3,"name":"Facemed+ Hialuronsavas arclemos\u00f3 g\u00e9l 3az1-ben 150ml"}]},{"@type":"WebSite","@id":"https:\/\/www.eveline.hu\/2016\/#website","url":"https:\/\/www.eveline.hu\/2016\/","name":"Eveline Cosmetics Magyarorsz\u00e1g","description":"Min\u0151s\u00e9gi kozmetikumok Lengyelorsz\u00e1gb\u00f3l","potentialAction":[{"@type":"SearchAction","target":{"@type":"EntryPoint","urlTemplate":"https:\/\/www.eveline.hu\/2016\/?s={search_term_string}"},"query-input":"required name=search_term_string"}],"inLanguage":"hu"}]}},"_links":{"self":[{"href":"https:\/\/www.eveline.hu\/2016\/wp-json\/wp\/v2\/product\/22908"}],"collection":[{"href":"https:\/\/www.eveline.hu\/2016\/wp-json\/wp\/v2\/product"}],"about":[{"href":"https:\/\/www.eveline.hu\/2016\/wp-json\/wp\/v2\/types\/product"}],"replies":[{"embeddable":true,"href":"https:\/\/www.eveline.hu\/2016\/wp-json\/wp\/v2\/comments?post=22908"}],"wp:featuredmedia":[{"embeddable":true,"href":"https:\/\/www.eveline.hu\/2016\/wp-json\/wp\/v2\/media\/22909"}],"wp:attachment":[{"href":"https:\/\/www.eveline.hu\/2016\/wp-json\/wp\/v2\/media?parent=22908"}],"wp:term":[{"taxonomy":"product_cat","embeddable":true,"href":"https:\/\/www.eveline.hu\/2016\/wp-json\/wp\/v2\/product_cat?post=22908"},{"taxonomy":"product_tag","embeddable":true,"href":"https:\/\/www.eveline.hu\/2016\/wp-json\/wp\/v2\/product_tag?post=22908"}],"curies":[{"name":"wp","href":"https:\/\/api.w.org\/{rel}","templated":true}]}}