{"id":22906,"date":"2018-03-30T12:10:42","date_gmt":"2018-03-30T10:10:42","guid":{"rendered":"http:\/\/www.eveline.hu\/2016\/?post_type=product&#038;p=22906"},"modified":"2023-10-19T16:58:54","modified_gmt":"2023-10-19T14:58:54","slug":"facemed-tisztito-es-mattito-aktiv-szen-arcmaszk-8az1-ben-2-x-5ml","status":"publish","type":"product","link":"https:\/\/www.eveline.hu\/2016\/eveline-kozmetikumok-szepsegapolas\/szepsegapolas\/arcapolas\/facemed-tisztito-es-mattito-aktiv-szen-arcmaszk-8az1-ben-2-x-5ml\/","title":{"rendered":"Facemed+ Tiszt\u00edt\u00f3 \u00e9s Matt\u00edt\u00f3 Akt\u00edv Sz\u00e9n Arcmaszk 8az1-ben 2 x 5ml"},"content":{"rendered":"<p><strong>Facemed+ Tiszt\u00edt\u00f3 \u00e9s Matt\u00edt\u00f3 Akt\u00edv Sz\u00e9n Arcmaszk 8az1-ben<\/strong><\/p>\n<p>zs\u00edros \u00e9s kombin\u00e1lt b\u0151rre<\/p>\n<ol>\n<li>Tiszt\u00edt 2. M\u00e9regtelen\u00edt \u00a0\u00a0\u00a03. Matt\u00edt \u00a0\u00a0\u00a0\u00a04. \u00d6sszeh\u00fazza a p\u00f3rusokat\u00a0 5.Felfriss\u00edt 6. Normaliz\u00e1l \u00a07. Kisim\u00edt \u00a0\u00a08. Reduk\u00e1lja a t\u00f6k\u00e9letlens\u00e9geket<\/li>\n<\/ol>\n<p>Hat\u00e9konyan felfriss\u00edt, \u00f6sszeh\u00fazza a p\u00f3rusokat \u00e9s cs\u00f6kkenti a t\u00f6k\u00e9letlens\u00e9geket,\u00a0amit\u0151l a b\u0151r ide\u00e1lisan sima \u00e9s matt lesz.<\/p>\n<p><strong>Akt\u00edv hat\u00f3anyagok<\/strong>: akt\u00edv sz\u00e9n, z\u00f6ld agyag, Evermat\u2122<strong>, <\/strong>Matrixyl\u00ae3000<\/p>\n<p>\u00f6sszetev\u0151k: Aqua (Water), Magnesium Aluminum Silicate, Charcoal Powder, Kaolin, Propylene Glycol, Glyceryl Stearates, Paranum Liquidum, Glyceryl Stearate, PEG-100 Stearate, Polysorbate 20, Polyacrylate Crosspolymer-6, Illite, Enantia Chlorantha Bark Extract, Butylene Glycol, Phenoxyethanol, Palmitoyl Tripeptide-1, Palmitoyl Tetrapeptide-7, DMDM Hydantoin, Methylparaben, Butylparaben, Ethylparaben, Disodium EDTA, Glycerin, Propylparaben, Carbomer, Sodium Lactate, Oleanolic Acid, Parfum (Fragrance), Butylphenyl Methylpropional, Hydroxycitronellal.<\/p>\n","protected":false},"excerpt":{"rendered":"<p>cs\u00f6kkenti a t\u00f6k\u00e9letlens\u00e9geket&#8230;<\/p>\n","protected":false},"featured_media":22907,"comment_status":"open","ping_status":"closed","template":"","meta":[],"product_cat":[217,125,126,80,87],"product_tag":[],"yoast_head":"<!-- This site is optimized with the Yoast SEO plugin v22.2 - https:\/\/yoast.com\/wordpress\/plugins\/seo\/ -->\n<title>Facemed+ Tiszt\u00edt\u00f3 \u00e9s Matt\u00edt\u00f3 Akt\u00edv Sz\u00e9n Arcmaszk 8az1-ben 2 x 5ml - Eveline Cosmetics Magyarorsz\u00e1g<\/title>\n<meta name=\"robots\" content=\"index, follow, max-snippet:-1, max-image-preview:large, max-video-preview:-1\" \/>\n<link rel=\"canonical\" href=\"https:\/\/www.eveline.hu\/2016\/eveline-kozmetikumok-szepsegapolas\/szepsegapolas\/arcapolas\/facemed-tisztito-es-mattito-aktiv-szen-arcmaszk-8az1-ben-2-x-5ml\/\" \/>\n<meta property=\"og:locale\" content=\"hu_HU\" \/>\n<meta property=\"og:type\" content=\"article\" \/>\n<meta property=\"og:title\" content=\"Facemed+ Tiszt\u00edt\u00f3 \u00e9s Matt\u00edt\u00f3 Akt\u00edv Sz\u00e9n Arcmaszk 8az1-ben 2 x 5ml - Eveline Cosmetics Magyarorsz\u00e1g\" \/>\n<meta property=\"og:description\" content=\"cs\u00f6kkenti a t\u00f6k\u00e9letlens\u00e9geket...\" \/>\n<meta property=\"og:url\" content=\"https:\/\/www.eveline.hu\/2016\/eveline-kozmetikumok-szepsegapolas\/szepsegapolas\/arcapolas\/facemed-tisztito-es-mattito-aktiv-szen-arcmaszk-8az1-ben-2-x-5ml\/\" \/>\n<meta property=\"og:site_name\" content=\"Eveline Cosmetics Magyarorsz\u00e1g\" \/>\n<meta property=\"article:modified_time\" content=\"2023-10-19T14:58:54+00:00\" \/>\n<meta property=\"og:image\" content=\"https:\/\/www.eveline.hu\/2016\/wp-content\/uploads\/2018\/03\/Matt-Detox-maszk-2x5ml.png\" \/>\n\t<meta property=\"og:image:width\" content=\"750\" \/>\n\t<meta property=\"og:image:height\" content=\"750\" \/>\n\t<meta property=\"og:image:type\" content=\"image\/png\" \/>\n<meta name=\"twitter:card\" content=\"summary_large_image\" \/>\n<meta name=\"twitter:label1\" content=\"Becs\u00fclt olvas\u00e1si id\u0151\" \/>\n\t<meta name=\"twitter:data1\" content=\"1 perc\" \/>\n<script type=\"application\/ld+json\" class=\"yoast-schema-graph\">{\"@context\":\"https:\/\/schema.org\",\"@graph\":[{\"@type\":\"WebPage\",\"@id\":\"https:\/\/www.eveline.hu\/2016\/eveline-kozmetikumok-szepsegapolas\/szepsegapolas\/arcapolas\/facemed-tisztito-es-mattito-aktiv-szen-arcmaszk-8az1-ben-2-x-5ml\/\",\"url\":\"https:\/\/www.eveline.hu\/2016\/eveline-kozmetikumok-szepsegapolas\/szepsegapolas\/arcapolas\/facemed-tisztito-es-mattito-aktiv-szen-arcmaszk-8az1-ben-2-x-5ml\/\",\"name\":\"Facemed+ Tiszt\u00edt\u00f3 \u00e9s Matt\u00edt\u00f3 Akt\u00edv Sz\u00e9n Arcmaszk 8az1-ben 2 x 5ml - Eveline Cosmetics Magyarorsz\u00e1g\",\"isPartOf\":{\"@id\":\"https:\/\/www.eveline.hu\/2016\/#website\"},\"primaryImageOfPage\":{\"@id\":\"https:\/\/www.eveline.hu\/2016\/eveline-kozmetikumok-szepsegapolas\/szepsegapolas\/arcapolas\/facemed-tisztito-es-mattito-aktiv-szen-arcmaszk-8az1-ben-2-x-5ml\/#primaryimage\"},\"image\":{\"@id\":\"https:\/\/www.eveline.hu\/2016\/eveline-kozmetikumok-szepsegapolas\/szepsegapolas\/arcapolas\/facemed-tisztito-es-mattito-aktiv-szen-arcmaszk-8az1-ben-2-x-5ml\/#primaryimage\"},\"thumbnailUrl\":\"https:\/\/www.eveline.hu\/2016\/wp-content\/uploads\/2018\/03\/Matt-Detox-maszk-2x5ml.png\",\"datePublished\":\"2018-03-30T10:10:42+00:00\",\"dateModified\":\"2023-10-19T14:58:54+00:00\",\"breadcrumb\":{\"@id\":\"https:\/\/www.eveline.hu\/2016\/eveline-kozmetikumok-szepsegapolas\/szepsegapolas\/arcapolas\/facemed-tisztito-es-mattito-aktiv-szen-arcmaszk-8az1-ben-2-x-5ml\/#breadcrumb\"},\"inLanguage\":\"hu\",\"potentialAction\":[{\"@type\":\"ReadAction\",\"target\":[\"https:\/\/www.eveline.hu\/2016\/eveline-kozmetikumok-szepsegapolas\/szepsegapolas\/arcapolas\/facemed-tisztito-es-mattito-aktiv-szen-arcmaszk-8az1-ben-2-x-5ml\/\"]}]},{\"@type\":\"ImageObject\",\"inLanguage\":\"hu\",\"@id\":\"https:\/\/www.eveline.hu\/2016\/eveline-kozmetikumok-szepsegapolas\/szepsegapolas\/arcapolas\/facemed-tisztito-es-mattito-aktiv-szen-arcmaszk-8az1-ben-2-x-5ml\/#primaryimage\",\"url\":\"https:\/\/www.eveline.hu\/2016\/wp-content\/uploads\/2018\/03\/Matt-Detox-maszk-2x5ml.png\",\"contentUrl\":\"https:\/\/www.eveline.hu\/2016\/wp-content\/uploads\/2018\/03\/Matt-Detox-maszk-2x5ml.png\",\"width\":750,\"height\":750},{\"@type\":\"BreadcrumbList\",\"@id\":\"https:\/\/www.eveline.hu\/2016\/eveline-kozmetikumok-szepsegapolas\/szepsegapolas\/arcapolas\/facemed-tisztito-es-mattito-aktiv-szen-arcmaszk-8az1-ben-2-x-5ml\/#breadcrumb\",\"itemListElement\":[{\"@type\":\"ListItem\",\"position\":1,\"name\":\"Home\",\"item\":\"https:\/\/www.eveline.hu\/2016\/\"},{\"@type\":\"ListItem\",\"position\":2,\"name\":\"Term\u00e9kek\",\"item\":\"https:\/\/www.eveline.hu\/2016\/shop\/\"},{\"@type\":\"ListItem\",\"position\":3,\"name\":\"Facemed+ Tiszt\u00edt\u00f3 \u00e9s Matt\u00edt\u00f3 Akt\u00edv Sz\u00e9n Arcmaszk 8az1-ben 2 x 5ml\"}]},{\"@type\":\"WebSite\",\"@id\":\"https:\/\/www.eveline.hu\/2016\/#website\",\"url\":\"https:\/\/www.eveline.hu\/2016\/\",\"name\":\"Eveline Cosmetics Magyarorsz\u00e1g\",\"description\":\"Min\u0151s\u00e9gi kozmetikumok Lengyelorsz\u00e1gb\u00f3l\",\"potentialAction\":[{\"@type\":\"SearchAction\",\"target\":{\"@type\":\"EntryPoint\",\"urlTemplate\":\"https:\/\/www.eveline.hu\/2016\/?s={search_term_string}\"},\"query-input\":\"required name=search_term_string\"}],\"inLanguage\":\"hu\"}]}<\/script>\n<!-- \/ Yoast SEO plugin. -->","yoast_head_json":{"title":"Facemed+ Tiszt\u00edt\u00f3 \u00e9s Matt\u00edt\u00f3 Akt\u00edv Sz\u00e9n Arcmaszk 8az1-ben 2 x 5ml - Eveline Cosmetics Magyarorsz\u00e1g","robots":{"index":"index","follow":"follow","max-snippet":"max-snippet:-1","max-image-preview":"max-image-preview:large","max-video-preview":"max-video-preview:-1"},"canonical":"https:\/\/www.eveline.hu\/2016\/eveline-kozmetikumok-szepsegapolas\/szepsegapolas\/arcapolas\/facemed-tisztito-es-mattito-aktiv-szen-arcmaszk-8az1-ben-2-x-5ml\/","og_locale":"hu_HU","og_type":"article","og_title":"Facemed+ Tiszt\u00edt\u00f3 \u00e9s Matt\u00edt\u00f3 Akt\u00edv Sz\u00e9n Arcmaszk 8az1-ben 2 x 5ml - Eveline Cosmetics Magyarorsz\u00e1g","og_description":"cs\u00f6kkenti a t\u00f6k\u00e9letlens\u00e9geket...","og_url":"https:\/\/www.eveline.hu\/2016\/eveline-kozmetikumok-szepsegapolas\/szepsegapolas\/arcapolas\/facemed-tisztito-es-mattito-aktiv-szen-arcmaszk-8az1-ben-2-x-5ml\/","og_site_name":"Eveline Cosmetics Magyarorsz\u00e1g","article_modified_time":"2023-10-19T14:58:54+00:00","og_image":[{"width":750,"height":750,"url":"https:\/\/www.eveline.hu\/2016\/wp-content\/uploads\/2018\/03\/Matt-Detox-maszk-2x5ml.png","type":"image\/png"}],"twitter_card":"summary_large_image","twitter_misc":{"Becs\u00fclt olvas\u00e1si id\u0151":"1 perc"},"schema":{"@context":"https:\/\/schema.org","@graph":[{"@type":"WebPage","@id":"https:\/\/www.eveline.hu\/2016\/eveline-kozmetikumok-szepsegapolas\/szepsegapolas\/arcapolas\/facemed-tisztito-es-mattito-aktiv-szen-arcmaszk-8az1-ben-2-x-5ml\/","url":"https:\/\/www.eveline.hu\/2016\/eveline-kozmetikumok-szepsegapolas\/szepsegapolas\/arcapolas\/facemed-tisztito-es-mattito-aktiv-szen-arcmaszk-8az1-ben-2-x-5ml\/","name":"Facemed+ Tiszt\u00edt\u00f3 \u00e9s Matt\u00edt\u00f3 Akt\u00edv Sz\u00e9n Arcmaszk 8az1-ben 2 x 5ml - Eveline Cosmetics Magyarorsz\u00e1g","isPartOf":{"@id":"https:\/\/www.eveline.hu\/2016\/#website"},"primaryImageOfPage":{"@id":"https:\/\/www.eveline.hu\/2016\/eveline-kozmetikumok-szepsegapolas\/szepsegapolas\/arcapolas\/facemed-tisztito-es-mattito-aktiv-szen-arcmaszk-8az1-ben-2-x-5ml\/#primaryimage"},"image":{"@id":"https:\/\/www.eveline.hu\/2016\/eveline-kozmetikumok-szepsegapolas\/szepsegapolas\/arcapolas\/facemed-tisztito-es-mattito-aktiv-szen-arcmaszk-8az1-ben-2-x-5ml\/#primaryimage"},"thumbnailUrl":"https:\/\/www.eveline.hu\/2016\/wp-content\/uploads\/2018\/03\/Matt-Detox-maszk-2x5ml.png","datePublished":"2018-03-30T10:10:42+00:00","dateModified":"2023-10-19T14:58:54+00:00","breadcrumb":{"@id":"https:\/\/www.eveline.hu\/2016\/eveline-kozmetikumok-szepsegapolas\/szepsegapolas\/arcapolas\/facemed-tisztito-es-mattito-aktiv-szen-arcmaszk-8az1-ben-2-x-5ml\/#breadcrumb"},"inLanguage":"hu","potentialAction":[{"@type":"ReadAction","target":["https:\/\/www.eveline.hu\/2016\/eveline-kozmetikumok-szepsegapolas\/szepsegapolas\/arcapolas\/facemed-tisztito-es-mattito-aktiv-szen-arcmaszk-8az1-ben-2-x-5ml\/"]}]},{"@type":"ImageObject","inLanguage":"hu","@id":"https:\/\/www.eveline.hu\/2016\/eveline-kozmetikumok-szepsegapolas\/szepsegapolas\/arcapolas\/facemed-tisztito-es-mattito-aktiv-szen-arcmaszk-8az1-ben-2-x-5ml\/#primaryimage","url":"https:\/\/www.eveline.hu\/2016\/wp-content\/uploads\/2018\/03\/Matt-Detox-maszk-2x5ml.png","contentUrl":"https:\/\/www.eveline.hu\/2016\/wp-content\/uploads\/2018\/03\/Matt-Detox-maszk-2x5ml.png","width":750,"height":750},{"@type":"BreadcrumbList","@id":"https:\/\/www.eveline.hu\/2016\/eveline-kozmetikumok-szepsegapolas\/szepsegapolas\/arcapolas\/facemed-tisztito-es-mattito-aktiv-szen-arcmaszk-8az1-ben-2-x-5ml\/#breadcrumb","itemListElement":[{"@type":"ListItem","position":1,"name":"Home","item":"https:\/\/www.eveline.hu\/2016\/"},{"@type":"ListItem","position":2,"name":"Term\u00e9kek","item":"https:\/\/www.eveline.hu\/2016\/shop\/"},{"@type":"ListItem","position":3,"name":"Facemed+ Tiszt\u00edt\u00f3 \u00e9s Matt\u00edt\u00f3 Akt\u00edv Sz\u00e9n Arcmaszk 8az1-ben 2 x 5ml"}]},{"@type":"WebSite","@id":"https:\/\/www.eveline.hu\/2016\/#website","url":"https:\/\/www.eveline.hu\/2016\/","name":"Eveline Cosmetics Magyarorsz\u00e1g","description":"Min\u0151s\u00e9gi kozmetikumok Lengyelorsz\u00e1gb\u00f3l","potentialAction":[{"@type":"SearchAction","target":{"@type":"EntryPoint","urlTemplate":"https:\/\/www.eveline.hu\/2016\/?s={search_term_string}"},"query-input":"required name=search_term_string"}],"inLanguage":"hu"}]}},"_links":{"self":[{"href":"https:\/\/www.eveline.hu\/2016\/wp-json\/wp\/v2\/product\/22906"}],"collection":[{"href":"https:\/\/www.eveline.hu\/2016\/wp-json\/wp\/v2\/product"}],"about":[{"href":"https:\/\/www.eveline.hu\/2016\/wp-json\/wp\/v2\/types\/product"}],"replies":[{"embeddable":true,"href":"https:\/\/www.eveline.hu\/2016\/wp-json\/wp\/v2\/comments?post=22906"}],"wp:featuredmedia":[{"embeddable":true,"href":"https:\/\/www.eveline.hu\/2016\/wp-json\/wp\/v2\/media\/22907"}],"wp:attachment":[{"href":"https:\/\/www.eveline.hu\/2016\/wp-json\/wp\/v2\/media?parent=22906"}],"wp:term":[{"taxonomy":"product_cat","embeddable":true,"href":"https:\/\/www.eveline.hu\/2016\/wp-json\/wp\/v2\/product_cat?post=22906"},{"taxonomy":"product_tag","embeddable":true,"href":"https:\/\/www.eveline.hu\/2016\/wp-json\/wp\/v2\/product_tag?post=22906"}],"curies":[{"name":"wp","href":"https:\/\/api.w.org\/{rel}","templated":true}]}}