{"id":22733,"date":"2018-01-21T15:45:16","date_gmt":"2018-01-21T14:45:16","guid":{"rendered":"http:\/\/www.eveline.hu\/2016\/?post_type=product&#038;p=22733"},"modified":"2024-12-18T18:00:09","modified_gmt":"2024-12-18T17:00:09","slug":"koromapolo-8az1-ben-total-action-sensitive-12ml","status":"publish","type":"product","link":"https:\/\/www.eveline.hu\/2016\/eveline-kozmetikumok-szepsegapolas\/smink\/korom\/koromerositok\/koromapolo-8az1-ben-total-action-sensitive-12ml\/","title":{"rendered":"K\u00f6r\u00f6m\u00e1pol\u00f3 8az1-ben TOTAL ACTION  Sensitive 12ml"},"content":{"rendered":"<p>A bestseller 8in1 Total Action k\u00f6r\u00f6m\u00e1pol\u00f3 \u00e9rz\u00e9keny v\u00e1ltozat\u00e1t t\u00f6r\u00e9keny k\u00f6rm\u00f6kre sz\u00e1nt\u00e1k. A kvarccal d\u00fas\u00edtott formul\u00e1t kifejezetten az\u00e9rt fejlesztett\u00e9k ki, hogy garant\u00e1lja a gyeng\u00e9d, de hat\u00e9kony hat\u00e1st a k\u00f6r\u00f6m\u00e1pol\u00e1sban, m\u00e9g a t\u00f6r\u00e9keny k\u00f6rm\u00f6kre is.<\/p>\n<p>A forradalmi \u00e9s egyed\u00fcl\u00e1ll\u00f3 formula m\u00e9lyen \u00e1thatol a k\u00f6r\u00f6mlemezbe, hogy azt hat\u00e9konyan regener\u00e1lja \u00e9s rekonstru\u00e1lja. Merev\u00edti, maxim\u00e1lisan kem\u00e9ny\u00edti \u00e9s seg\u00edti n\u00f6veked\u00e9s\u00e9t. Jav\u00edtja a rugalmass\u00e1got, \u00edgy a k\u00f6rm\u00f6k jobban ellen\u00e1llnak a mechanikai s\u00e9r\u00fcl\u00e9seknek. V\u00e9d a repedez\u00e9s, t\u00f6redez\u00e9s \u00e9s kett\u00e9hasad\u00e1ssal szemben. Seg\u00edt helyre\u00e1ll\u00edtani a s\u00e9r\u00fclt \u00e9s matt k\u00f6rm\u00f6k, sima fel\u00fclet\u00e9t \u00e9s f\u00e9ny\u00e9t. V\u00e9delmi r\u00e9teget hoz l\u00e9tre, amely ellen\u00e1ll a kop\u00e1snak \u00e9s elhaszn\u00e1l\u00f3d\u00e1snak. K\u00f6r\u00f6mlakk al\u00e1 haszn\u00e1lva, er\u0151s\u00edti annak sz\u00edn\u00e9t \u00e9s meghosszabb\u00edtja tart\u00f3ss\u00e1g\u00e1t.<\/p>\n<p>100% Veg\u00e1n.<\/p>\n<p><strong>Alkalmaz\u00e1s<\/strong>: Kezel\u00e9sk\u00e9nt: vigye fel k\u00f6zvetlen\u00fcl a megtiszt\u00edtott k\u00f6r\u00f6mlemezre. Naponta adjon hozz\u00e1 egy \u00fajabb r\u00e9teget 3-4 napon kereszt\u00fcl. Azut\u00e1n mossa le k\u00f6r\u00f6mlakklemos\u00f3val. Mint alap k\u00f6r\u00f6mlakk al\u00e1, vigyen fel 1 r\u00e9teget a k\u00f6r\u00f6mlemezre, majd kenje r\u00e1 a kiv\u00e1lasztott sz\u00ednt.<\/p>\n<p>Haszn\u00e1lat: Naponta az els\u0151 3 napban, majd hetente 2-3-szor a megtiszt\u00edtott k\u00f6r\u00f6mlemezen. A rendszeres haszn\u00e1lat biztos\u00edtja a k\u00f6r\u00f6mlemez maxim\u00e1lis meger\u0151s\u00edt\u00e9s\u00e9t.<\/p>\n<p>\u00f6sszetev\u0151k: Ethyl Acetate, Butyl Acetate, Nitrocellulose, Adipic Acid\/Neopentyl Glycol\/Trimellitic Anhydride Copolymer, Acetyl Tributyl Citrate, Isopropyl Alcohol, Etocrylene, Trimethylpentanediyl Dibenzoate, Polyvinyl Butyral, Silica, N-Butyl Alcohol, Citral, Titanium Dioxide, CI 60725, Aluminum Hydroxide, Methicone, Propylene Glycol, Quartz, Aqua.<\/p>\n","protected":false},"excerpt":{"rendered":"<p>\u00c9rz\u00e9keny k\u00f6rm\u00f6kre&#8230;<\/p>\n","protected":false},"featured_media":26748,"comment_status":"open","ping_status":"closed","template":"","meta":[],"product_cat":[302,156,158,80,113],"product_tag":[],"yoast_head":"<!-- This site is optimized with the Yoast SEO plugin v22.2 - https:\/\/yoast.com\/wordpress\/plugins\/seo\/ -->\n<title>K\u00f6r\u00f6m\u00e1pol\u00f3 8az1-ben TOTAL ACTION Sensitive 12ml - Eveline Cosmetics Magyarorsz\u00e1g<\/title>\n<meta name=\"robots\" content=\"index, follow, max-snippet:-1, max-image-preview:large, max-video-preview:-1\" \/>\n<link rel=\"canonical\" href=\"https:\/\/www.eveline.hu\/2016\/eveline-kozmetikumok-szepsegapolas\/smink\/korom\/koromerositok\/koromapolo-8az1-ben-total-action-sensitive-12ml\/\" \/>\n<meta property=\"og:locale\" content=\"hu_HU\" \/>\n<meta property=\"og:type\" content=\"article\" \/>\n<meta property=\"og:title\" content=\"K\u00f6r\u00f6m\u00e1pol\u00f3 8az1-ben TOTAL ACTION Sensitive 12ml - Eveline Cosmetics Magyarorsz\u00e1g\" \/>\n<meta property=\"og:description\" content=\"\u00c9rz\u00e9keny k\u00f6rm\u00f6kre...\" \/>\n<meta property=\"og:url\" content=\"https:\/\/www.eveline.hu\/2016\/eveline-kozmetikumok-szepsegapolas\/smink\/korom\/koromerositok\/koromapolo-8az1-ben-total-action-sensitive-12ml\/\" \/>\n<meta property=\"og:site_name\" content=\"Eveline Cosmetics Magyarorsz\u00e1g\" \/>\n<meta property=\"article:modified_time\" content=\"2024-12-18T17:00:09+00:00\" \/>\n<meta property=\"og:image\" content=\"https:\/\/www.eveline.hu\/2016\/wp-content\/uploads\/2018\/01\/K\u00f6r\u00f6m\u00e1pol\u00f3-8-in-1-sensitive-NEW-w.png\" \/>\n\t<meta property=\"og:image:width\" content=\"750\" \/>\n\t<meta property=\"og:image:height\" content=\"750\" \/>\n\t<meta property=\"og:image:type\" content=\"image\/png\" \/>\n<meta name=\"twitter:card\" content=\"summary_large_image\" \/>\n<meta name=\"twitter:label1\" content=\"Becs\u00fclt olvas\u00e1si id\u0151\" \/>\n\t<meta name=\"twitter:data1\" content=\"2 perc\" \/>\n<script type=\"application\/ld+json\" class=\"yoast-schema-graph\">{\"@context\":\"https:\/\/schema.org\",\"@graph\":[{\"@type\":\"WebPage\",\"@id\":\"https:\/\/www.eveline.hu\/2016\/eveline-kozmetikumok-szepsegapolas\/smink\/korom\/koromerositok\/koromapolo-8az1-ben-total-action-sensitive-12ml\/\",\"url\":\"https:\/\/www.eveline.hu\/2016\/eveline-kozmetikumok-szepsegapolas\/smink\/korom\/koromerositok\/koromapolo-8az1-ben-total-action-sensitive-12ml\/\",\"name\":\"K\u00f6r\u00f6m\u00e1pol\u00f3 8az1-ben TOTAL ACTION Sensitive 12ml - Eveline Cosmetics Magyarorsz\u00e1g\",\"isPartOf\":{\"@id\":\"https:\/\/www.eveline.hu\/2016\/#website\"},\"primaryImageOfPage\":{\"@id\":\"https:\/\/www.eveline.hu\/2016\/eveline-kozmetikumok-szepsegapolas\/smink\/korom\/koromerositok\/koromapolo-8az1-ben-total-action-sensitive-12ml\/#primaryimage\"},\"image\":{\"@id\":\"https:\/\/www.eveline.hu\/2016\/eveline-kozmetikumok-szepsegapolas\/smink\/korom\/koromerositok\/koromapolo-8az1-ben-total-action-sensitive-12ml\/#primaryimage\"},\"thumbnailUrl\":\"https:\/\/www.eveline.hu\/2016\/wp-content\/uploads\/2018\/01\/K\u00f6r\u00f6m\u00e1pol\u00f3-8-in-1-sensitive-NEW-w.png\",\"datePublished\":\"2018-01-21T14:45:16+00:00\",\"dateModified\":\"2024-12-18T17:00:09+00:00\",\"breadcrumb\":{\"@id\":\"https:\/\/www.eveline.hu\/2016\/eveline-kozmetikumok-szepsegapolas\/smink\/korom\/koromerositok\/koromapolo-8az1-ben-total-action-sensitive-12ml\/#breadcrumb\"},\"inLanguage\":\"hu\",\"potentialAction\":[{\"@type\":\"ReadAction\",\"target\":[\"https:\/\/www.eveline.hu\/2016\/eveline-kozmetikumok-szepsegapolas\/smink\/korom\/koromerositok\/koromapolo-8az1-ben-total-action-sensitive-12ml\/\"]}]},{\"@type\":\"ImageObject\",\"inLanguage\":\"hu\",\"@id\":\"https:\/\/www.eveline.hu\/2016\/eveline-kozmetikumok-szepsegapolas\/smink\/korom\/koromerositok\/koromapolo-8az1-ben-total-action-sensitive-12ml\/#primaryimage\",\"url\":\"https:\/\/www.eveline.hu\/2016\/wp-content\/uploads\/2018\/01\/K\u00f6r\u00f6m\u00e1pol\u00f3-8-in-1-sensitive-NEW-w.png\",\"contentUrl\":\"https:\/\/www.eveline.hu\/2016\/wp-content\/uploads\/2018\/01\/K\u00f6r\u00f6m\u00e1pol\u00f3-8-in-1-sensitive-NEW-w.png\",\"width\":750,\"height\":750},{\"@type\":\"BreadcrumbList\",\"@id\":\"https:\/\/www.eveline.hu\/2016\/eveline-kozmetikumok-szepsegapolas\/smink\/korom\/koromerositok\/koromapolo-8az1-ben-total-action-sensitive-12ml\/#breadcrumb\",\"itemListElement\":[{\"@type\":\"ListItem\",\"position\":1,\"name\":\"Home\",\"item\":\"https:\/\/www.eveline.hu\/2016\/\"},{\"@type\":\"ListItem\",\"position\":2,\"name\":\"Term\u00e9kek\",\"item\":\"https:\/\/www.eveline.hu\/2016\/shop\/\"},{\"@type\":\"ListItem\",\"position\":3,\"name\":\"K\u00f6r\u00f6m\u00e1pol\u00f3 8az1-ben TOTAL ACTION Sensitive 12ml\"}]},{\"@type\":\"WebSite\",\"@id\":\"https:\/\/www.eveline.hu\/2016\/#website\",\"url\":\"https:\/\/www.eveline.hu\/2016\/\",\"name\":\"Eveline Cosmetics Magyarorsz\u00e1g\",\"description\":\"Min\u0151s\u00e9gi kozmetikumok Lengyelorsz\u00e1gb\u00f3l\",\"potentialAction\":[{\"@type\":\"SearchAction\",\"target\":{\"@type\":\"EntryPoint\",\"urlTemplate\":\"https:\/\/www.eveline.hu\/2016\/?s={search_term_string}\"},\"query-input\":\"required name=search_term_string\"}],\"inLanguage\":\"hu\"}]}<\/script>\n<!-- \/ Yoast SEO plugin. -->","yoast_head_json":{"title":"K\u00f6r\u00f6m\u00e1pol\u00f3 8az1-ben TOTAL ACTION Sensitive 12ml - Eveline Cosmetics Magyarorsz\u00e1g","robots":{"index":"index","follow":"follow","max-snippet":"max-snippet:-1","max-image-preview":"max-image-preview:large","max-video-preview":"max-video-preview:-1"},"canonical":"https:\/\/www.eveline.hu\/2016\/eveline-kozmetikumok-szepsegapolas\/smink\/korom\/koromerositok\/koromapolo-8az1-ben-total-action-sensitive-12ml\/","og_locale":"hu_HU","og_type":"article","og_title":"K\u00f6r\u00f6m\u00e1pol\u00f3 8az1-ben TOTAL ACTION Sensitive 12ml - Eveline Cosmetics Magyarorsz\u00e1g","og_description":"\u00c9rz\u00e9keny k\u00f6rm\u00f6kre...","og_url":"https:\/\/www.eveline.hu\/2016\/eveline-kozmetikumok-szepsegapolas\/smink\/korom\/koromerositok\/koromapolo-8az1-ben-total-action-sensitive-12ml\/","og_site_name":"Eveline Cosmetics Magyarorsz\u00e1g","article_modified_time":"2024-12-18T17:00:09+00:00","og_image":[{"width":750,"height":750,"url":"https:\/\/www.eveline.hu\/2016\/wp-content\/uploads\/2018\/01\/K\u00f6r\u00f6m\u00e1pol\u00f3-8-in-1-sensitive-NEW-w.png","type":"image\/png"}],"twitter_card":"summary_large_image","twitter_misc":{"Becs\u00fclt olvas\u00e1si id\u0151":"2 perc"},"schema":{"@context":"https:\/\/schema.org","@graph":[{"@type":"WebPage","@id":"https:\/\/www.eveline.hu\/2016\/eveline-kozmetikumok-szepsegapolas\/smink\/korom\/koromerositok\/koromapolo-8az1-ben-total-action-sensitive-12ml\/","url":"https:\/\/www.eveline.hu\/2016\/eveline-kozmetikumok-szepsegapolas\/smink\/korom\/koromerositok\/koromapolo-8az1-ben-total-action-sensitive-12ml\/","name":"K\u00f6r\u00f6m\u00e1pol\u00f3 8az1-ben TOTAL ACTION Sensitive 12ml - Eveline Cosmetics Magyarorsz\u00e1g","isPartOf":{"@id":"https:\/\/www.eveline.hu\/2016\/#website"},"primaryImageOfPage":{"@id":"https:\/\/www.eveline.hu\/2016\/eveline-kozmetikumok-szepsegapolas\/smink\/korom\/koromerositok\/koromapolo-8az1-ben-total-action-sensitive-12ml\/#primaryimage"},"image":{"@id":"https:\/\/www.eveline.hu\/2016\/eveline-kozmetikumok-szepsegapolas\/smink\/korom\/koromerositok\/koromapolo-8az1-ben-total-action-sensitive-12ml\/#primaryimage"},"thumbnailUrl":"https:\/\/www.eveline.hu\/2016\/wp-content\/uploads\/2018\/01\/K\u00f6r\u00f6m\u00e1pol\u00f3-8-in-1-sensitive-NEW-w.png","datePublished":"2018-01-21T14:45:16+00:00","dateModified":"2024-12-18T17:00:09+00:00","breadcrumb":{"@id":"https:\/\/www.eveline.hu\/2016\/eveline-kozmetikumok-szepsegapolas\/smink\/korom\/koromerositok\/koromapolo-8az1-ben-total-action-sensitive-12ml\/#breadcrumb"},"inLanguage":"hu","potentialAction":[{"@type":"ReadAction","target":["https:\/\/www.eveline.hu\/2016\/eveline-kozmetikumok-szepsegapolas\/smink\/korom\/koromerositok\/koromapolo-8az1-ben-total-action-sensitive-12ml\/"]}]},{"@type":"ImageObject","inLanguage":"hu","@id":"https:\/\/www.eveline.hu\/2016\/eveline-kozmetikumok-szepsegapolas\/smink\/korom\/koromerositok\/koromapolo-8az1-ben-total-action-sensitive-12ml\/#primaryimage","url":"https:\/\/www.eveline.hu\/2016\/wp-content\/uploads\/2018\/01\/K\u00f6r\u00f6m\u00e1pol\u00f3-8-in-1-sensitive-NEW-w.png","contentUrl":"https:\/\/www.eveline.hu\/2016\/wp-content\/uploads\/2018\/01\/K\u00f6r\u00f6m\u00e1pol\u00f3-8-in-1-sensitive-NEW-w.png","width":750,"height":750},{"@type":"BreadcrumbList","@id":"https:\/\/www.eveline.hu\/2016\/eveline-kozmetikumok-szepsegapolas\/smink\/korom\/koromerositok\/koromapolo-8az1-ben-total-action-sensitive-12ml\/#breadcrumb","itemListElement":[{"@type":"ListItem","position":1,"name":"Home","item":"https:\/\/www.eveline.hu\/2016\/"},{"@type":"ListItem","position":2,"name":"Term\u00e9kek","item":"https:\/\/www.eveline.hu\/2016\/shop\/"},{"@type":"ListItem","position":3,"name":"K\u00f6r\u00f6m\u00e1pol\u00f3 8az1-ben TOTAL ACTION Sensitive 12ml"}]},{"@type":"WebSite","@id":"https:\/\/www.eveline.hu\/2016\/#website","url":"https:\/\/www.eveline.hu\/2016\/","name":"Eveline Cosmetics Magyarorsz\u00e1g","description":"Min\u0151s\u00e9gi kozmetikumok Lengyelorsz\u00e1gb\u00f3l","potentialAction":[{"@type":"SearchAction","target":{"@type":"EntryPoint","urlTemplate":"https:\/\/www.eveline.hu\/2016\/?s={search_term_string}"},"query-input":"required name=search_term_string"}],"inLanguage":"hu"}]}},"_links":{"self":[{"href":"https:\/\/www.eveline.hu\/2016\/wp-json\/wp\/v2\/product\/22733"}],"collection":[{"href":"https:\/\/www.eveline.hu\/2016\/wp-json\/wp\/v2\/product"}],"about":[{"href":"https:\/\/www.eveline.hu\/2016\/wp-json\/wp\/v2\/types\/product"}],"replies":[{"embeddable":true,"href":"https:\/\/www.eveline.hu\/2016\/wp-json\/wp\/v2\/comments?post=22733"}],"wp:featuredmedia":[{"embeddable":true,"href":"https:\/\/www.eveline.hu\/2016\/wp-json\/wp\/v2\/media\/26748"}],"wp:attachment":[{"href":"https:\/\/www.eveline.hu\/2016\/wp-json\/wp\/v2\/media?parent=22733"}],"wp:term":[{"taxonomy":"product_cat","embeddable":true,"href":"https:\/\/www.eveline.hu\/2016\/wp-json\/wp\/v2\/product_cat?post=22733"},{"taxonomy":"product_tag","embeddable":true,"href":"https:\/\/www.eveline.hu\/2016\/wp-json\/wp\/v2\/product_tag?post=22733"}],"curies":[{"name":"wp","href":"https:\/\/api.w.org\/{rel}","templated":true}]}}