{"id":22729,"date":"2018-01-21T15:34:47","date_gmt":"2018-01-21T14:34:47","guid":{"rendered":"http:\/\/www.eveline.hu\/2016\/?post_type=product&#038;p=22729"},"modified":"2025-07-30T16:15:00","modified_gmt":"2025-07-30T14:15:00","slug":"koromapolo-labra-kormok-gombasodasa-elleni-terapia-12ml","status":"publish","type":"product","link":"https:\/\/www.eveline.hu\/2016\/eveline-kozmetikumok-szepsegapolas\/smink\/korom\/koromerositok\/koromapolo-labra-kormok-gombasodasa-elleni-terapia-12ml\/","title":{"rendered":"K\u00f6r\u00f6m\u00e1pol\u00f3 l\u00e1bra, k\u00f6rm\u00f6k gomb\u00e1sod\u00e1sa elleni ter\u00e1pia 12ml"},"content":{"rendered":"<p><strong>L\u00e1b k\u00f6r\u00f6m\u00e1pol\u00f3 k\u00f6rm\u00f6k gomb\u00e1sod\u00e1sa elleni ter\u00e1pia<\/strong><\/p>\n<p>Aj\u00e1nlott a k\u00f6r\u00f6m gomb\u00e1s fert\u0151z\u00e9seinek kezel\u00e9s\u00e9re \u00e9s megel\u0151z\u00e9s\u00e9re.<\/p>\n<p>Az akt\u00edv \u00f6sszetev\u0151k m\u00e9lyen behatolnak a k\u00f6rm\u00f6kbe, hogy megg\u00e1tolj\u00e1k a mikroorganizmusok fejl\u0151d\u00e9s\u00e9t \u00e9s hat\u00e9konyan v\u00e9dj\u00e9k a mycosis ellen. A k\u00e9sz\u00edtm\u00e9ny \u00fajj\u00e1\u00e9p\u00edti a k\u00f6r\u00f6mlemezt, felgyors\u00edtja regener\u00e1l\u00f3d\u00e1s\u00e1t. Azonnal biztos\u00edtja a k\u00f6rm\u00f6k eg\u00e9szs\u00e9ges megjelen\u00e9s\u00e9t \u00e9s vil\u00e1gos\u00edtja a k\u00f6r\u00f6mlemezt. Rendszeresen haszn\u00e1lva er\u0151s v\u00e9delmi pajzs minden t\u00edpus\u00fa\u00a0fert\u0151z\u00e9s ellen.<\/p>\n<p><strong>Haszn\u00e1lat<\/strong>: Festetlen, megtiszt\u00edtott \u00e9s sz\u00e1raz k\u00f6rm\u00f6k\u00f6n haszn\u00e1lja. Mint gomb\u00e1sod\u00e1s elleni kezel\u00e9st t\u00e1mogat\u00f3 ter\u00e1pia \u2013 naponta vigyen fel egy r\u00e9teget 4 napon \u00e1t, majd mossa le aceton mentes k\u00f6r\u00f6mlakklemos\u00f3val. Ezut\u00e1n ism\u00e9telje meg a kezel\u00e9st. Mint v\u00e9d\u0151 k\u00e9sz\u00edtm\u00e9ny \u2013 vigyen fel egy r\u00e9teget, mint sz\u00ednes k\u00f6r\u00f6mlakk alap.<\/p>\n<p><strong>Nem biocid term\u00e9k gomb\u00e1sod\u00e1s ellen<\/strong>.<\/p>\n<p>&nbsp;<\/p>\n<p>\u00f6sszetev\u0151k: Butyl Acetate, Ethyl Acetate, Nitrocellulose, Adipic Acid\/Neopentyl Glycol\/Trimellitic Anhydride Copolymer, Acetyl Tributyl Citrate, Isopropyl Alcohol, Stearalkonium Bentonite, Acrylates Copolymer, Adipic Acid\/Fumaric Acid\/ Tricyclodecane Dimethanol Copolymer, Mica, Phthalic Anhydride\/Trimellitic Anhydride\/Glycols Copolymer, Melaleuca Alternifolia Leaf Oil, Tocopheryl Acetate, Propylene Glycol, Lithothamnium Calcareum Powder, Mannitol, Phosphoric Acid, Stearalkonium Hectorite, Diatomaceous Earth, Aqua, Citrus Limon Fruit Extract, Tin Oxide, Zinc Sulfate, Calcium Pantothenate , CI 77891.<\/p>\n","protected":false},"excerpt":{"rendered":"<p>Aj\u00e1nlott a k\u00f6r\u00f6m gomb\u00e1s fert\u0151z\u00e9seinek kezel\u00e9s\u00e9re \u00e9s megel\u0151z\u00e9s\u00e9re.<\/p>\n","protected":false},"featured_media":22730,"comment_status":"open","ping_status":"closed","template":"","meta":[],"product_cat":[156,158,137],"product_tag":[],"yoast_head":"<!-- This site is optimized with the Yoast SEO plugin v22.2 - https:\/\/yoast.com\/wordpress\/plugins\/seo\/ -->\n<title>K\u00f6r\u00f6m\u00e1pol\u00f3 l\u00e1bra, k\u00f6rm\u00f6k gomb\u00e1sod\u00e1sa elleni ter\u00e1pia 12ml - Eveline Cosmetics Magyarorsz\u00e1g<\/title>\n<meta name=\"robots\" content=\"index, follow, max-snippet:-1, max-image-preview:large, max-video-preview:-1\" \/>\n<link rel=\"canonical\" href=\"https:\/\/www.eveline.hu\/2016\/eveline-kozmetikumok-szepsegapolas\/smink\/korom\/koromerositok\/koromapolo-labra-kormok-gombasodasa-elleni-terapia-12ml\/\" \/>\n<meta property=\"og:locale\" content=\"hu_HU\" \/>\n<meta property=\"og:type\" content=\"article\" \/>\n<meta property=\"og:title\" content=\"K\u00f6r\u00f6m\u00e1pol\u00f3 l\u00e1bra, k\u00f6rm\u00f6k gomb\u00e1sod\u00e1sa elleni ter\u00e1pia 12ml - Eveline Cosmetics Magyarorsz\u00e1g\" \/>\n<meta property=\"og:description\" content=\"Aj\u00e1nlott a k\u00f6r\u00f6m gomb\u00e1s fert\u0151z\u00e9seinek kezel\u00e9s\u00e9re \u00e9s megel\u0151z\u00e9s\u00e9re.\" \/>\n<meta property=\"og:url\" content=\"https:\/\/www.eveline.hu\/2016\/eveline-kozmetikumok-szepsegapolas\/smink\/korom\/koromerositok\/koromapolo-labra-kormok-gombasodasa-elleni-terapia-12ml\/\" \/>\n<meta property=\"og:site_name\" content=\"Eveline Cosmetics Magyarorsz\u00e1g\" \/>\n<meta property=\"article:modified_time\" content=\"2025-07-30T14:15:00+00:00\" \/>\n<meta property=\"og:image\" content=\"https:\/\/www.eveline.hu\/2016\/wp-content\/uploads\/2018\/01\/K\u00f6r\u00f6m\u00e1pol\u00f3-l\u00e1b-gomba-ellen.png\" \/>\n\t<meta property=\"og:image:width\" content=\"750\" \/>\n\t<meta property=\"og:image:height\" content=\"750\" \/>\n\t<meta property=\"og:image:type\" content=\"image\/png\" \/>\n<meta name=\"twitter:card\" content=\"summary_large_image\" \/>\n<meta name=\"twitter:label1\" content=\"Becs\u00fclt olvas\u00e1si id\u0151\" \/>\n\t<meta name=\"twitter:data1\" content=\"2 perc\" \/>\n<script type=\"application\/ld+json\" class=\"yoast-schema-graph\">{\"@context\":\"https:\/\/schema.org\",\"@graph\":[{\"@type\":\"WebPage\",\"@id\":\"https:\/\/www.eveline.hu\/2016\/eveline-kozmetikumok-szepsegapolas\/smink\/korom\/koromerositok\/koromapolo-labra-kormok-gombasodasa-elleni-terapia-12ml\/\",\"url\":\"https:\/\/www.eveline.hu\/2016\/eveline-kozmetikumok-szepsegapolas\/smink\/korom\/koromerositok\/koromapolo-labra-kormok-gombasodasa-elleni-terapia-12ml\/\",\"name\":\"K\u00f6r\u00f6m\u00e1pol\u00f3 l\u00e1bra, k\u00f6rm\u00f6k gomb\u00e1sod\u00e1sa elleni ter\u00e1pia 12ml - Eveline Cosmetics Magyarorsz\u00e1g\",\"isPartOf\":{\"@id\":\"https:\/\/www.eveline.hu\/2016\/#website\"},\"primaryImageOfPage\":{\"@id\":\"https:\/\/www.eveline.hu\/2016\/eveline-kozmetikumok-szepsegapolas\/smink\/korom\/koromerositok\/koromapolo-labra-kormok-gombasodasa-elleni-terapia-12ml\/#primaryimage\"},\"image\":{\"@id\":\"https:\/\/www.eveline.hu\/2016\/eveline-kozmetikumok-szepsegapolas\/smink\/korom\/koromerositok\/koromapolo-labra-kormok-gombasodasa-elleni-terapia-12ml\/#primaryimage\"},\"thumbnailUrl\":\"https:\/\/www.eveline.hu\/2016\/wp-content\/uploads\/2018\/01\/K\u00f6r\u00f6m\u00e1pol\u00f3-l\u00e1b-gomba-ellen.png\",\"datePublished\":\"2018-01-21T14:34:47+00:00\",\"dateModified\":\"2025-07-30T14:15:00+00:00\",\"breadcrumb\":{\"@id\":\"https:\/\/www.eveline.hu\/2016\/eveline-kozmetikumok-szepsegapolas\/smink\/korom\/koromerositok\/koromapolo-labra-kormok-gombasodasa-elleni-terapia-12ml\/#breadcrumb\"},\"inLanguage\":\"hu\",\"potentialAction\":[{\"@type\":\"ReadAction\",\"target\":[\"https:\/\/www.eveline.hu\/2016\/eveline-kozmetikumok-szepsegapolas\/smink\/korom\/koromerositok\/koromapolo-labra-kormok-gombasodasa-elleni-terapia-12ml\/\"]}]},{\"@type\":\"ImageObject\",\"inLanguage\":\"hu\",\"@id\":\"https:\/\/www.eveline.hu\/2016\/eveline-kozmetikumok-szepsegapolas\/smink\/korom\/koromerositok\/koromapolo-labra-kormok-gombasodasa-elleni-terapia-12ml\/#primaryimage\",\"url\":\"https:\/\/www.eveline.hu\/2016\/wp-content\/uploads\/2018\/01\/K\u00f6r\u00f6m\u00e1pol\u00f3-l\u00e1b-gomba-ellen.png\",\"contentUrl\":\"https:\/\/www.eveline.hu\/2016\/wp-content\/uploads\/2018\/01\/K\u00f6r\u00f6m\u00e1pol\u00f3-l\u00e1b-gomba-ellen.png\",\"width\":750,\"height\":750},{\"@type\":\"BreadcrumbList\",\"@id\":\"https:\/\/www.eveline.hu\/2016\/eveline-kozmetikumok-szepsegapolas\/smink\/korom\/koromerositok\/koromapolo-labra-kormok-gombasodasa-elleni-terapia-12ml\/#breadcrumb\",\"itemListElement\":[{\"@type\":\"ListItem\",\"position\":1,\"name\":\"Home\",\"item\":\"https:\/\/www.eveline.hu\/2016\/\"},{\"@type\":\"ListItem\",\"position\":2,\"name\":\"Term\u00e9kek\",\"item\":\"https:\/\/www.eveline.hu\/2016\/shop\/\"},{\"@type\":\"ListItem\",\"position\":3,\"name\":\"K\u00f6r\u00f6m\u00e1pol\u00f3 l\u00e1bra, k\u00f6rm\u00f6k gomb\u00e1sod\u00e1sa elleni ter\u00e1pia 12ml\"}]},{\"@type\":\"WebSite\",\"@id\":\"https:\/\/www.eveline.hu\/2016\/#website\",\"url\":\"https:\/\/www.eveline.hu\/2016\/\",\"name\":\"Eveline Cosmetics Magyarorsz\u00e1g\",\"description\":\"Min\u0151s\u00e9gi kozmetikumok Lengyelorsz\u00e1gb\u00f3l\",\"potentialAction\":[{\"@type\":\"SearchAction\",\"target\":{\"@type\":\"EntryPoint\",\"urlTemplate\":\"https:\/\/www.eveline.hu\/2016\/?s={search_term_string}\"},\"query-input\":\"required name=search_term_string\"}],\"inLanguage\":\"hu\"}]}<\/script>\n<!-- \/ Yoast SEO plugin. -->","yoast_head_json":{"title":"K\u00f6r\u00f6m\u00e1pol\u00f3 l\u00e1bra, k\u00f6rm\u00f6k gomb\u00e1sod\u00e1sa elleni ter\u00e1pia 12ml - Eveline Cosmetics Magyarorsz\u00e1g","robots":{"index":"index","follow":"follow","max-snippet":"max-snippet:-1","max-image-preview":"max-image-preview:large","max-video-preview":"max-video-preview:-1"},"canonical":"https:\/\/www.eveline.hu\/2016\/eveline-kozmetikumok-szepsegapolas\/smink\/korom\/koromerositok\/koromapolo-labra-kormok-gombasodasa-elleni-terapia-12ml\/","og_locale":"hu_HU","og_type":"article","og_title":"K\u00f6r\u00f6m\u00e1pol\u00f3 l\u00e1bra, k\u00f6rm\u00f6k gomb\u00e1sod\u00e1sa elleni ter\u00e1pia 12ml - Eveline Cosmetics Magyarorsz\u00e1g","og_description":"Aj\u00e1nlott a k\u00f6r\u00f6m gomb\u00e1s fert\u0151z\u00e9seinek kezel\u00e9s\u00e9re \u00e9s megel\u0151z\u00e9s\u00e9re.","og_url":"https:\/\/www.eveline.hu\/2016\/eveline-kozmetikumok-szepsegapolas\/smink\/korom\/koromerositok\/koromapolo-labra-kormok-gombasodasa-elleni-terapia-12ml\/","og_site_name":"Eveline Cosmetics Magyarorsz\u00e1g","article_modified_time":"2025-07-30T14:15:00+00:00","og_image":[{"width":750,"height":750,"url":"https:\/\/www.eveline.hu\/2016\/wp-content\/uploads\/2018\/01\/K\u00f6r\u00f6m\u00e1pol\u00f3-l\u00e1b-gomba-ellen.png","type":"image\/png"}],"twitter_card":"summary_large_image","twitter_misc":{"Becs\u00fclt olvas\u00e1si id\u0151":"2 perc"},"schema":{"@context":"https:\/\/schema.org","@graph":[{"@type":"WebPage","@id":"https:\/\/www.eveline.hu\/2016\/eveline-kozmetikumok-szepsegapolas\/smink\/korom\/koromerositok\/koromapolo-labra-kormok-gombasodasa-elleni-terapia-12ml\/","url":"https:\/\/www.eveline.hu\/2016\/eveline-kozmetikumok-szepsegapolas\/smink\/korom\/koromerositok\/koromapolo-labra-kormok-gombasodasa-elleni-terapia-12ml\/","name":"K\u00f6r\u00f6m\u00e1pol\u00f3 l\u00e1bra, k\u00f6rm\u00f6k gomb\u00e1sod\u00e1sa elleni ter\u00e1pia 12ml - Eveline Cosmetics Magyarorsz\u00e1g","isPartOf":{"@id":"https:\/\/www.eveline.hu\/2016\/#website"},"primaryImageOfPage":{"@id":"https:\/\/www.eveline.hu\/2016\/eveline-kozmetikumok-szepsegapolas\/smink\/korom\/koromerositok\/koromapolo-labra-kormok-gombasodasa-elleni-terapia-12ml\/#primaryimage"},"image":{"@id":"https:\/\/www.eveline.hu\/2016\/eveline-kozmetikumok-szepsegapolas\/smink\/korom\/koromerositok\/koromapolo-labra-kormok-gombasodasa-elleni-terapia-12ml\/#primaryimage"},"thumbnailUrl":"https:\/\/www.eveline.hu\/2016\/wp-content\/uploads\/2018\/01\/K\u00f6r\u00f6m\u00e1pol\u00f3-l\u00e1b-gomba-ellen.png","datePublished":"2018-01-21T14:34:47+00:00","dateModified":"2025-07-30T14:15:00+00:00","breadcrumb":{"@id":"https:\/\/www.eveline.hu\/2016\/eveline-kozmetikumok-szepsegapolas\/smink\/korom\/koromerositok\/koromapolo-labra-kormok-gombasodasa-elleni-terapia-12ml\/#breadcrumb"},"inLanguage":"hu","potentialAction":[{"@type":"ReadAction","target":["https:\/\/www.eveline.hu\/2016\/eveline-kozmetikumok-szepsegapolas\/smink\/korom\/koromerositok\/koromapolo-labra-kormok-gombasodasa-elleni-terapia-12ml\/"]}]},{"@type":"ImageObject","inLanguage":"hu","@id":"https:\/\/www.eveline.hu\/2016\/eveline-kozmetikumok-szepsegapolas\/smink\/korom\/koromerositok\/koromapolo-labra-kormok-gombasodasa-elleni-terapia-12ml\/#primaryimage","url":"https:\/\/www.eveline.hu\/2016\/wp-content\/uploads\/2018\/01\/K\u00f6r\u00f6m\u00e1pol\u00f3-l\u00e1b-gomba-ellen.png","contentUrl":"https:\/\/www.eveline.hu\/2016\/wp-content\/uploads\/2018\/01\/K\u00f6r\u00f6m\u00e1pol\u00f3-l\u00e1b-gomba-ellen.png","width":750,"height":750},{"@type":"BreadcrumbList","@id":"https:\/\/www.eveline.hu\/2016\/eveline-kozmetikumok-szepsegapolas\/smink\/korom\/koromerositok\/koromapolo-labra-kormok-gombasodasa-elleni-terapia-12ml\/#breadcrumb","itemListElement":[{"@type":"ListItem","position":1,"name":"Home","item":"https:\/\/www.eveline.hu\/2016\/"},{"@type":"ListItem","position":2,"name":"Term\u00e9kek","item":"https:\/\/www.eveline.hu\/2016\/shop\/"},{"@type":"ListItem","position":3,"name":"K\u00f6r\u00f6m\u00e1pol\u00f3 l\u00e1bra, k\u00f6rm\u00f6k gomb\u00e1sod\u00e1sa elleni ter\u00e1pia 12ml"}]},{"@type":"WebSite","@id":"https:\/\/www.eveline.hu\/2016\/#website","url":"https:\/\/www.eveline.hu\/2016\/","name":"Eveline Cosmetics Magyarorsz\u00e1g","description":"Min\u0151s\u00e9gi kozmetikumok Lengyelorsz\u00e1gb\u00f3l","potentialAction":[{"@type":"SearchAction","target":{"@type":"EntryPoint","urlTemplate":"https:\/\/www.eveline.hu\/2016\/?s={search_term_string}"},"query-input":"required name=search_term_string"}],"inLanguage":"hu"}]}},"_links":{"self":[{"href":"https:\/\/www.eveline.hu\/2016\/wp-json\/wp\/v2\/product\/22729"}],"collection":[{"href":"https:\/\/www.eveline.hu\/2016\/wp-json\/wp\/v2\/product"}],"about":[{"href":"https:\/\/www.eveline.hu\/2016\/wp-json\/wp\/v2\/types\/product"}],"replies":[{"embeddable":true,"href":"https:\/\/www.eveline.hu\/2016\/wp-json\/wp\/v2\/comments?post=22729"}],"wp:featuredmedia":[{"embeddable":true,"href":"https:\/\/www.eveline.hu\/2016\/wp-json\/wp\/v2\/media\/22730"}],"wp:attachment":[{"href":"https:\/\/www.eveline.hu\/2016\/wp-json\/wp\/v2\/media?parent=22729"}],"wp:term":[{"taxonomy":"product_cat","embeddable":true,"href":"https:\/\/www.eveline.hu\/2016\/wp-json\/wp\/v2\/product_cat?post=22729"},{"taxonomy":"product_tag","embeddable":true,"href":"https:\/\/www.eveline.hu\/2016\/wp-json\/wp\/v2\/product_tag?post=22729"}],"curies":[{"name":"wp","href":"https:\/\/api.w.org\/{rel}","templated":true}]}}