{"id":22505,"date":"2017-09-29T11:27:31","date_gmt":"2017-09-29T09:27:31","guid":{"rendered":"http:\/\/www.eveline.hu\/2016\/?post_type=product&#038;p=22505"},"modified":"2022-11-30T13:20:57","modified_gmt":"2022-11-30T12:20:57","slug":"facemed-tisztito-arcmaszk-aktiv-szennel-3az1-ben-2-x-5-ml","status":"publish","type":"product","link":"https:\/\/www.eveline.hu\/2016\/eveline-kozmetikumok-szepsegapolas\/szepsegapolas\/arcapolas\/facemed-tisztito-arcmaszk-aktiv-szennel-3az1-ben-2-x-5-ml\/","title":{"rendered":"Facemed+ Tiszt\u00edt\u00f3 arcmaszk akt\u00edv sz\u00e9nnel 3az1-ben 2 x 5 ml"},"content":{"rendered":"<p><strong>Facemed+ Tiszt\u00edt\u00f3 arcmaszk akt\u00edv sz\u00e9nnel 3az1-ben<\/strong><\/p>\n<p>AKT\u00cdV DETOXIK\u00c1L\u00c1S. A b\u0151r t\u00f6k\u00e9letlens\u00e9gei ellen.<\/p>\n<p>Kombin\u00e1lt, zs\u00edros \u00e9s pattan\u00e1sokra hajlamos b\u0151rre.<\/p>\n<p>M\u00e9lyen tiszt\u00edt. Cs\u00f6kkenti a p\u00f3rusok l\u00e1that\u00f3s\u00e1g\u00e1t. Elnyeli a sebumot, matt\u00edt.<\/p>\n<p>Alaposan elt\u00e1vol\u00edtja a szennyez\u0151d\u00e9seket \u00e9s toxinokat, normaliz\u00e1lja a\u00a0faggy\u00fakiv\u00e1laszt\u00e1st, felfriss\u00edt \u00e9s kisim\u00edt.<\/p>\n<p><strong>Akt\u00edv hat\u00f3anyagok<\/strong>: SZ\u00c9N, VULKANIKUS AGYAG, KAOLIN, EVERMAT\u2122<\/p>\n","protected":false},"excerpt":{"rendered":"<p>M\u00e9lyen tiszt\u00edt&#8230;<\/p>\n","protected":false},"featured_media":22506,"comment_status":"open","ping_status":"closed","template":"","meta":[],"product_cat":[217,125,126,87],"product_tag":[],"yoast_head":"<!-- This site is optimized with the Yoast SEO plugin v22.2 - https:\/\/yoast.com\/wordpress\/plugins\/seo\/ -->\n<title>Facemed+ Tiszt\u00edt\u00f3 arcmaszk akt\u00edv sz\u00e9nnel 3az1-ben 2 x 5 ml - Eveline Cosmetics Magyarorsz\u00e1g<\/title>\n<meta name=\"robots\" content=\"index, follow, max-snippet:-1, max-image-preview:large, max-video-preview:-1\" \/>\n<link rel=\"canonical\" href=\"https:\/\/www.eveline.hu\/2016\/eveline-kozmetikumok-szepsegapolas\/szepsegapolas\/arcapolas\/facemed-tisztito-arcmaszk-aktiv-szennel-3az1-ben-2-x-5-ml\/\" \/>\n<meta property=\"og:locale\" content=\"hu_HU\" \/>\n<meta property=\"og:type\" content=\"article\" \/>\n<meta property=\"og:title\" content=\"Facemed+ Tiszt\u00edt\u00f3 arcmaszk akt\u00edv sz\u00e9nnel 3az1-ben 2 x 5 ml - Eveline Cosmetics Magyarorsz\u00e1g\" \/>\n<meta property=\"og:description\" content=\"M\u00e9lyen tiszt\u00edt...\" \/>\n<meta property=\"og:url\" content=\"https:\/\/www.eveline.hu\/2016\/eveline-kozmetikumok-szepsegapolas\/szepsegapolas\/arcapolas\/facemed-tisztito-arcmaszk-aktiv-szennel-3az1-ben-2-x-5-ml\/\" \/>\n<meta property=\"og:site_name\" content=\"Eveline Cosmetics Magyarorsz\u00e1g\" \/>\n<meta property=\"article:modified_time\" content=\"2022-11-30T12:20:57+00:00\" \/>\n<meta property=\"og:image\" content=\"https:\/\/www.eveline.hu\/2016\/wp-content\/uploads\/2017\/09\/sz\u00e9n-maszk-2_5ml.png\" \/>\n\t<meta property=\"og:image:width\" content=\"750\" \/>\n\t<meta property=\"og:image:height\" content=\"750\" \/>\n\t<meta property=\"og:image:type\" content=\"image\/png\" \/>\n<meta name=\"twitter:card\" content=\"summary_large_image\" \/>\n<script type=\"application\/ld+json\" class=\"yoast-schema-graph\">{\"@context\":\"https:\/\/schema.org\",\"@graph\":[{\"@type\":\"WebPage\",\"@id\":\"https:\/\/www.eveline.hu\/2016\/eveline-kozmetikumok-szepsegapolas\/szepsegapolas\/arcapolas\/facemed-tisztito-arcmaszk-aktiv-szennel-3az1-ben-2-x-5-ml\/\",\"url\":\"https:\/\/www.eveline.hu\/2016\/eveline-kozmetikumok-szepsegapolas\/szepsegapolas\/arcapolas\/facemed-tisztito-arcmaszk-aktiv-szennel-3az1-ben-2-x-5-ml\/\",\"name\":\"Facemed+ Tiszt\u00edt\u00f3 arcmaszk akt\u00edv sz\u00e9nnel 3az1-ben 2 x 5 ml - Eveline Cosmetics Magyarorsz\u00e1g\",\"isPartOf\":{\"@id\":\"https:\/\/www.eveline.hu\/2016\/#website\"},\"primaryImageOfPage\":{\"@id\":\"https:\/\/www.eveline.hu\/2016\/eveline-kozmetikumok-szepsegapolas\/szepsegapolas\/arcapolas\/facemed-tisztito-arcmaszk-aktiv-szennel-3az1-ben-2-x-5-ml\/#primaryimage\"},\"image\":{\"@id\":\"https:\/\/www.eveline.hu\/2016\/eveline-kozmetikumok-szepsegapolas\/szepsegapolas\/arcapolas\/facemed-tisztito-arcmaszk-aktiv-szennel-3az1-ben-2-x-5-ml\/#primaryimage\"},\"thumbnailUrl\":\"https:\/\/www.eveline.hu\/2016\/wp-content\/uploads\/2017\/09\/sz\u00e9n-maszk-2_5ml.png\",\"datePublished\":\"2017-09-29T09:27:31+00:00\",\"dateModified\":\"2022-11-30T12:20:57+00:00\",\"breadcrumb\":{\"@id\":\"https:\/\/www.eveline.hu\/2016\/eveline-kozmetikumok-szepsegapolas\/szepsegapolas\/arcapolas\/facemed-tisztito-arcmaszk-aktiv-szennel-3az1-ben-2-x-5-ml\/#breadcrumb\"},\"inLanguage\":\"hu\",\"potentialAction\":[{\"@type\":\"ReadAction\",\"target\":[\"https:\/\/www.eveline.hu\/2016\/eveline-kozmetikumok-szepsegapolas\/szepsegapolas\/arcapolas\/facemed-tisztito-arcmaszk-aktiv-szennel-3az1-ben-2-x-5-ml\/\"]}]},{\"@type\":\"ImageObject\",\"inLanguage\":\"hu\",\"@id\":\"https:\/\/www.eveline.hu\/2016\/eveline-kozmetikumok-szepsegapolas\/szepsegapolas\/arcapolas\/facemed-tisztito-arcmaszk-aktiv-szennel-3az1-ben-2-x-5-ml\/#primaryimage\",\"url\":\"https:\/\/www.eveline.hu\/2016\/wp-content\/uploads\/2017\/09\/sz\u00e9n-maszk-2_5ml.png\",\"contentUrl\":\"https:\/\/www.eveline.hu\/2016\/wp-content\/uploads\/2017\/09\/sz\u00e9n-maszk-2_5ml.png\",\"width\":750,\"height\":750},{\"@type\":\"BreadcrumbList\",\"@id\":\"https:\/\/www.eveline.hu\/2016\/eveline-kozmetikumok-szepsegapolas\/szepsegapolas\/arcapolas\/facemed-tisztito-arcmaszk-aktiv-szennel-3az1-ben-2-x-5-ml\/#breadcrumb\",\"itemListElement\":[{\"@type\":\"ListItem\",\"position\":1,\"name\":\"Home\",\"item\":\"https:\/\/www.eveline.hu\/2016\/\"},{\"@type\":\"ListItem\",\"position\":2,\"name\":\"Term\u00e9kek\",\"item\":\"https:\/\/www.eveline.hu\/2016\/shop\/\"},{\"@type\":\"ListItem\",\"position\":3,\"name\":\"Facemed+ Tiszt\u00edt\u00f3 arcmaszk akt\u00edv sz\u00e9nnel 3az1-ben 2 x 5 ml\"}]},{\"@type\":\"WebSite\",\"@id\":\"https:\/\/www.eveline.hu\/2016\/#website\",\"url\":\"https:\/\/www.eveline.hu\/2016\/\",\"name\":\"Eveline Cosmetics Magyarorsz\u00e1g\",\"description\":\"Min\u0151s\u00e9gi kozmetikumok Lengyelorsz\u00e1gb\u00f3l\",\"potentialAction\":[{\"@type\":\"SearchAction\",\"target\":{\"@type\":\"EntryPoint\",\"urlTemplate\":\"https:\/\/www.eveline.hu\/2016\/?s={search_term_string}\"},\"query-input\":\"required name=search_term_string\"}],\"inLanguage\":\"hu\"}]}<\/script>\n<!-- \/ Yoast SEO plugin. -->","yoast_head_json":{"title":"Facemed+ Tiszt\u00edt\u00f3 arcmaszk akt\u00edv sz\u00e9nnel 3az1-ben 2 x 5 ml - Eveline Cosmetics Magyarorsz\u00e1g","robots":{"index":"index","follow":"follow","max-snippet":"max-snippet:-1","max-image-preview":"max-image-preview:large","max-video-preview":"max-video-preview:-1"},"canonical":"https:\/\/www.eveline.hu\/2016\/eveline-kozmetikumok-szepsegapolas\/szepsegapolas\/arcapolas\/facemed-tisztito-arcmaszk-aktiv-szennel-3az1-ben-2-x-5-ml\/","og_locale":"hu_HU","og_type":"article","og_title":"Facemed+ Tiszt\u00edt\u00f3 arcmaszk akt\u00edv sz\u00e9nnel 3az1-ben 2 x 5 ml - Eveline Cosmetics Magyarorsz\u00e1g","og_description":"M\u00e9lyen tiszt\u00edt...","og_url":"https:\/\/www.eveline.hu\/2016\/eveline-kozmetikumok-szepsegapolas\/szepsegapolas\/arcapolas\/facemed-tisztito-arcmaszk-aktiv-szennel-3az1-ben-2-x-5-ml\/","og_site_name":"Eveline Cosmetics Magyarorsz\u00e1g","article_modified_time":"2022-11-30T12:20:57+00:00","og_image":[{"width":750,"height":750,"url":"https:\/\/www.eveline.hu\/2016\/wp-content\/uploads\/2017\/09\/sz\u00e9n-maszk-2_5ml.png","type":"image\/png"}],"twitter_card":"summary_large_image","schema":{"@context":"https:\/\/schema.org","@graph":[{"@type":"WebPage","@id":"https:\/\/www.eveline.hu\/2016\/eveline-kozmetikumok-szepsegapolas\/szepsegapolas\/arcapolas\/facemed-tisztito-arcmaszk-aktiv-szennel-3az1-ben-2-x-5-ml\/","url":"https:\/\/www.eveline.hu\/2016\/eveline-kozmetikumok-szepsegapolas\/szepsegapolas\/arcapolas\/facemed-tisztito-arcmaszk-aktiv-szennel-3az1-ben-2-x-5-ml\/","name":"Facemed+ Tiszt\u00edt\u00f3 arcmaszk akt\u00edv sz\u00e9nnel 3az1-ben 2 x 5 ml - Eveline Cosmetics Magyarorsz\u00e1g","isPartOf":{"@id":"https:\/\/www.eveline.hu\/2016\/#website"},"primaryImageOfPage":{"@id":"https:\/\/www.eveline.hu\/2016\/eveline-kozmetikumok-szepsegapolas\/szepsegapolas\/arcapolas\/facemed-tisztito-arcmaszk-aktiv-szennel-3az1-ben-2-x-5-ml\/#primaryimage"},"image":{"@id":"https:\/\/www.eveline.hu\/2016\/eveline-kozmetikumok-szepsegapolas\/szepsegapolas\/arcapolas\/facemed-tisztito-arcmaszk-aktiv-szennel-3az1-ben-2-x-5-ml\/#primaryimage"},"thumbnailUrl":"https:\/\/www.eveline.hu\/2016\/wp-content\/uploads\/2017\/09\/sz\u00e9n-maszk-2_5ml.png","datePublished":"2017-09-29T09:27:31+00:00","dateModified":"2022-11-30T12:20:57+00:00","breadcrumb":{"@id":"https:\/\/www.eveline.hu\/2016\/eveline-kozmetikumok-szepsegapolas\/szepsegapolas\/arcapolas\/facemed-tisztito-arcmaszk-aktiv-szennel-3az1-ben-2-x-5-ml\/#breadcrumb"},"inLanguage":"hu","potentialAction":[{"@type":"ReadAction","target":["https:\/\/www.eveline.hu\/2016\/eveline-kozmetikumok-szepsegapolas\/szepsegapolas\/arcapolas\/facemed-tisztito-arcmaszk-aktiv-szennel-3az1-ben-2-x-5-ml\/"]}]},{"@type":"ImageObject","inLanguage":"hu","@id":"https:\/\/www.eveline.hu\/2016\/eveline-kozmetikumok-szepsegapolas\/szepsegapolas\/arcapolas\/facemed-tisztito-arcmaszk-aktiv-szennel-3az1-ben-2-x-5-ml\/#primaryimage","url":"https:\/\/www.eveline.hu\/2016\/wp-content\/uploads\/2017\/09\/sz\u00e9n-maszk-2_5ml.png","contentUrl":"https:\/\/www.eveline.hu\/2016\/wp-content\/uploads\/2017\/09\/sz\u00e9n-maszk-2_5ml.png","width":750,"height":750},{"@type":"BreadcrumbList","@id":"https:\/\/www.eveline.hu\/2016\/eveline-kozmetikumok-szepsegapolas\/szepsegapolas\/arcapolas\/facemed-tisztito-arcmaszk-aktiv-szennel-3az1-ben-2-x-5-ml\/#breadcrumb","itemListElement":[{"@type":"ListItem","position":1,"name":"Home","item":"https:\/\/www.eveline.hu\/2016\/"},{"@type":"ListItem","position":2,"name":"Term\u00e9kek","item":"https:\/\/www.eveline.hu\/2016\/shop\/"},{"@type":"ListItem","position":3,"name":"Facemed+ Tiszt\u00edt\u00f3 arcmaszk akt\u00edv sz\u00e9nnel 3az1-ben 2 x 5 ml"}]},{"@type":"WebSite","@id":"https:\/\/www.eveline.hu\/2016\/#website","url":"https:\/\/www.eveline.hu\/2016\/","name":"Eveline Cosmetics Magyarorsz\u00e1g","description":"Min\u0151s\u00e9gi kozmetikumok Lengyelorsz\u00e1gb\u00f3l","potentialAction":[{"@type":"SearchAction","target":{"@type":"EntryPoint","urlTemplate":"https:\/\/www.eveline.hu\/2016\/?s={search_term_string}"},"query-input":"required name=search_term_string"}],"inLanguage":"hu"}]}},"_links":{"self":[{"href":"https:\/\/www.eveline.hu\/2016\/wp-json\/wp\/v2\/product\/22505"}],"collection":[{"href":"https:\/\/www.eveline.hu\/2016\/wp-json\/wp\/v2\/product"}],"about":[{"href":"https:\/\/www.eveline.hu\/2016\/wp-json\/wp\/v2\/types\/product"}],"replies":[{"embeddable":true,"href":"https:\/\/www.eveline.hu\/2016\/wp-json\/wp\/v2\/comments?post=22505"}],"wp:featuredmedia":[{"embeddable":true,"href":"https:\/\/www.eveline.hu\/2016\/wp-json\/wp\/v2\/media\/22506"}],"wp:attachment":[{"href":"https:\/\/www.eveline.hu\/2016\/wp-json\/wp\/v2\/media?parent=22505"}],"wp:term":[{"taxonomy":"product_cat","embeddable":true,"href":"https:\/\/www.eveline.hu\/2016\/wp-json\/wp\/v2\/product_cat?post=22505"},{"taxonomy":"product_tag","embeddable":true,"href":"https:\/\/www.eveline.hu\/2016\/wp-json\/wp\/v2\/product_tag?post=22505"}],"curies":[{"name":"wp","href":"https:\/\/api.w.org\/{rel}","templated":true}]}}