{"id":22460,"date":"2017-09-06T15:05:52","date_gmt":"2017-09-06T13:05:52","guid":{"rendered":"http:\/\/www.eveline.hu\/2016\/?post_type=product&#038;p=22460"},"modified":"2023-05-19T13:13:56","modified_gmt":"2023-05-19T11:13:56","slug":"botanic-expert-5-ertekes-olaj-ultra-taplalo-testapolo-350ml","status":"publish","type":"product","link":"https:\/\/www.eveline.hu\/2016\/eveline-kozmetikumok-szepsegapolas\/szepsegapolas\/testapolas\/botanic-expert-5-ertekes-olaj-ultra-taplalo-testapolo-350ml\/","title":{"rendered":"Botanic Expert 5 \u00c9rt\u00e9kes olaj Ultra-T\u00e1pl\u00e1l\u00f3 Test\u00e1pol\u00f3 350ml"},"content":{"rendered":"<p>sz\u00e1raz, petyh\u00fcdt b\u0151rre<\/p>\n<p>48 \u00f3ra intenz\u00edv regener\u00e1l\u00e1s \u00e9s kisim\u00edt\u00e1s.<\/p>\n<p>Egyed\u00fcl\u00e1ll\u00f3 akt\u00edv <strong>body glow<\/strong> formul\u00e1ja l\u00e1tv\u00e1nyosan feszes\u00edt \u00e9s visszaadja a b\u0151r ragyog\u00e1s\u00e1t.<\/p>\n<p>Formul\u00e1j\u00e1nak tartalma: r\u00f3zsaolaj, makad\u00e1mia olaj, arg\u00e1nolaj, marula olaj, kukui olaj, hialuronsav,<\/p>\n<p>ratanhia \u00e9s kaka\u00f3 term\u00e9szetes komplex.<\/p>\n<p>&nbsp;<\/p>\n<p>\u00f6sszetev\u0151k: Aqua (Water), Glycerin, Glyceryl Stearate SE, Olea Europaea Fruit Oil, Paranum Liquidum, Dimethicone, Aleurites Moluccana Seed Oil, Argania Spinosa Kernel Oil, Macadamia Ternifolia Seed Oil, Sclerocarya Birrea Seed Oil, Rosa Damascena Flower Oil, Olus Oil, Theobroma Cacao Seed Butter, Krameria Triandra Root Extract, Rosa Gallica Flower Extract, Sodium Hyaluronate, Urea, Tocopheryl Acetate, Tocopherol, Propylene Glycol, Sodium Polyacrylate, Parfum (Fragrance), Acrylates\/C10-30 Alkyl Acrylate Crosspolymer, Triethanolamine, Phenoxyethanol, Methylparaben, Ethylparaben, Propylparaben, Butylparaben, DMDM Hydantoin, Potassium Sorbate, Disodium EDTA, Sorbic Acid, Limonene.<\/p>\n","protected":false},"excerpt":{"rendered":"<p>350ml ( 5426 Ft\/l )<\/p>\n<p>48 \u00f3ra intenz\u00edv regener\u00e1l\u00e1s \u00e9s kisim\u00edt\u00e1s<\/p>\n","protected":false},"featured_media":29626,"comment_status":"open","ping_status":"closed","template":"","meta":[],"product_cat":[219,125,127,80],"product_tag":[],"yoast_head":"<!-- This site is optimized with the Yoast SEO plugin v22.2 - https:\/\/yoast.com\/wordpress\/plugins\/seo\/ -->\n<title>Botanic Expert 5 \u00c9rt\u00e9kes olaj Ultra-T\u00e1pl\u00e1l\u00f3 Test\u00e1pol\u00f3 350ml - Eveline Cosmetics Magyarorsz\u00e1g<\/title>\n<meta name=\"robots\" content=\"index, follow, max-snippet:-1, max-image-preview:large, max-video-preview:-1\" \/>\n<link rel=\"canonical\" href=\"https:\/\/www.eveline.hu\/2016\/eveline-kozmetikumok-szepsegapolas\/szepsegapolas\/testapolas\/botanic-expert-5-ertekes-olaj-ultra-taplalo-testapolo-350ml\/\" \/>\n<meta property=\"og:locale\" content=\"hu_HU\" \/>\n<meta property=\"og:type\" content=\"article\" \/>\n<meta property=\"og:title\" content=\"Botanic Expert 5 \u00c9rt\u00e9kes olaj Ultra-T\u00e1pl\u00e1l\u00f3 Test\u00e1pol\u00f3 350ml - Eveline Cosmetics Magyarorsz\u00e1g\" \/>\n<meta property=\"og:description\" content=\"350ml ( 5426 Ft\/l )  48 \u00f3ra intenz\u00edv regener\u00e1l\u00e1s \u00e9s kisim\u00edt\u00e1s\" \/>\n<meta property=\"og:url\" content=\"https:\/\/www.eveline.hu\/2016\/eveline-kozmetikumok-szepsegapolas\/szepsegapolas\/testapolas\/botanic-expert-5-ertekes-olaj-ultra-taplalo-testapolo-350ml\/\" \/>\n<meta property=\"og:site_name\" content=\"Eveline Cosmetics Magyarorsz\u00e1g\" \/>\n<meta property=\"article:modified_time\" content=\"2023-05-19T11:13:56+00:00\" \/>\n<meta property=\"og:image\" content=\"https:\/\/www.eveline.hu\/2016\/wp-content\/uploads\/2017\/09\/5-olaj-Test\u00e1p-w-2.png\" \/>\n\t<meta property=\"og:image:width\" content=\"750\" \/>\n\t<meta property=\"og:image:height\" content=\"750\" \/>\n\t<meta property=\"og:image:type\" content=\"image\/png\" \/>\n<meta name=\"twitter:card\" content=\"summary_large_image\" \/>\n<meta name=\"twitter:label1\" content=\"Becs\u00fclt olvas\u00e1si id\u0151\" \/>\n\t<meta name=\"twitter:data1\" content=\"1 perc\" \/>\n<script type=\"application\/ld+json\" class=\"yoast-schema-graph\">{\"@context\":\"https:\/\/schema.org\",\"@graph\":[{\"@type\":\"WebPage\",\"@id\":\"https:\/\/www.eveline.hu\/2016\/eveline-kozmetikumok-szepsegapolas\/szepsegapolas\/testapolas\/botanic-expert-5-ertekes-olaj-ultra-taplalo-testapolo-350ml\/\",\"url\":\"https:\/\/www.eveline.hu\/2016\/eveline-kozmetikumok-szepsegapolas\/szepsegapolas\/testapolas\/botanic-expert-5-ertekes-olaj-ultra-taplalo-testapolo-350ml\/\",\"name\":\"Botanic Expert 5 \u00c9rt\u00e9kes olaj Ultra-T\u00e1pl\u00e1l\u00f3 Test\u00e1pol\u00f3 350ml - Eveline Cosmetics Magyarorsz\u00e1g\",\"isPartOf\":{\"@id\":\"https:\/\/www.eveline.hu\/2016\/#website\"},\"primaryImageOfPage\":{\"@id\":\"https:\/\/www.eveline.hu\/2016\/eveline-kozmetikumok-szepsegapolas\/szepsegapolas\/testapolas\/botanic-expert-5-ertekes-olaj-ultra-taplalo-testapolo-350ml\/#primaryimage\"},\"image\":{\"@id\":\"https:\/\/www.eveline.hu\/2016\/eveline-kozmetikumok-szepsegapolas\/szepsegapolas\/testapolas\/botanic-expert-5-ertekes-olaj-ultra-taplalo-testapolo-350ml\/#primaryimage\"},\"thumbnailUrl\":\"https:\/\/www.eveline.hu\/2016\/wp-content\/uploads\/2017\/09\/5-olaj-Test\u00e1p-w-2.png\",\"datePublished\":\"2017-09-06T13:05:52+00:00\",\"dateModified\":\"2023-05-19T11:13:56+00:00\",\"breadcrumb\":{\"@id\":\"https:\/\/www.eveline.hu\/2016\/eveline-kozmetikumok-szepsegapolas\/szepsegapolas\/testapolas\/botanic-expert-5-ertekes-olaj-ultra-taplalo-testapolo-350ml\/#breadcrumb\"},\"inLanguage\":\"hu\",\"potentialAction\":[{\"@type\":\"ReadAction\",\"target\":[\"https:\/\/www.eveline.hu\/2016\/eveline-kozmetikumok-szepsegapolas\/szepsegapolas\/testapolas\/botanic-expert-5-ertekes-olaj-ultra-taplalo-testapolo-350ml\/\"]}]},{\"@type\":\"ImageObject\",\"inLanguage\":\"hu\",\"@id\":\"https:\/\/www.eveline.hu\/2016\/eveline-kozmetikumok-szepsegapolas\/szepsegapolas\/testapolas\/botanic-expert-5-ertekes-olaj-ultra-taplalo-testapolo-350ml\/#primaryimage\",\"url\":\"https:\/\/www.eveline.hu\/2016\/wp-content\/uploads\/2017\/09\/5-olaj-Test\u00e1p-w-2.png\",\"contentUrl\":\"https:\/\/www.eveline.hu\/2016\/wp-content\/uploads\/2017\/09\/5-olaj-Test\u00e1p-w-2.png\",\"width\":750,\"height\":750},{\"@type\":\"BreadcrumbList\",\"@id\":\"https:\/\/www.eveline.hu\/2016\/eveline-kozmetikumok-szepsegapolas\/szepsegapolas\/testapolas\/botanic-expert-5-ertekes-olaj-ultra-taplalo-testapolo-350ml\/#breadcrumb\",\"itemListElement\":[{\"@type\":\"ListItem\",\"position\":1,\"name\":\"Home\",\"item\":\"https:\/\/www.eveline.hu\/2016\/\"},{\"@type\":\"ListItem\",\"position\":2,\"name\":\"Term\u00e9kek\",\"item\":\"https:\/\/www.eveline.hu\/2016\/shop\/\"},{\"@type\":\"ListItem\",\"position\":3,\"name\":\"Botanic Expert 5 \u00c9rt\u00e9kes olaj Ultra-T\u00e1pl\u00e1l\u00f3 Test\u00e1pol\u00f3 350ml\"}]},{\"@type\":\"WebSite\",\"@id\":\"https:\/\/www.eveline.hu\/2016\/#website\",\"url\":\"https:\/\/www.eveline.hu\/2016\/\",\"name\":\"Eveline Cosmetics Magyarorsz\u00e1g\",\"description\":\"Min\u0151s\u00e9gi kozmetikumok Lengyelorsz\u00e1gb\u00f3l\",\"potentialAction\":[{\"@type\":\"SearchAction\",\"target\":{\"@type\":\"EntryPoint\",\"urlTemplate\":\"https:\/\/www.eveline.hu\/2016\/?s={search_term_string}\"},\"query-input\":\"required name=search_term_string\"}],\"inLanguage\":\"hu\"}]}<\/script>\n<!-- \/ Yoast SEO plugin. -->","yoast_head_json":{"title":"Botanic Expert 5 \u00c9rt\u00e9kes olaj Ultra-T\u00e1pl\u00e1l\u00f3 Test\u00e1pol\u00f3 350ml - Eveline Cosmetics Magyarorsz\u00e1g","robots":{"index":"index","follow":"follow","max-snippet":"max-snippet:-1","max-image-preview":"max-image-preview:large","max-video-preview":"max-video-preview:-1"},"canonical":"https:\/\/www.eveline.hu\/2016\/eveline-kozmetikumok-szepsegapolas\/szepsegapolas\/testapolas\/botanic-expert-5-ertekes-olaj-ultra-taplalo-testapolo-350ml\/","og_locale":"hu_HU","og_type":"article","og_title":"Botanic Expert 5 \u00c9rt\u00e9kes olaj Ultra-T\u00e1pl\u00e1l\u00f3 Test\u00e1pol\u00f3 350ml - Eveline Cosmetics Magyarorsz\u00e1g","og_description":"350ml ( 5426 Ft\/l )  48 \u00f3ra intenz\u00edv regener\u00e1l\u00e1s \u00e9s kisim\u00edt\u00e1s","og_url":"https:\/\/www.eveline.hu\/2016\/eveline-kozmetikumok-szepsegapolas\/szepsegapolas\/testapolas\/botanic-expert-5-ertekes-olaj-ultra-taplalo-testapolo-350ml\/","og_site_name":"Eveline Cosmetics Magyarorsz\u00e1g","article_modified_time":"2023-05-19T11:13:56+00:00","og_image":[{"width":750,"height":750,"url":"https:\/\/www.eveline.hu\/2016\/wp-content\/uploads\/2017\/09\/5-olaj-Test\u00e1p-w-2.png","type":"image\/png"}],"twitter_card":"summary_large_image","twitter_misc":{"Becs\u00fclt olvas\u00e1si id\u0151":"1 perc"},"schema":{"@context":"https:\/\/schema.org","@graph":[{"@type":"WebPage","@id":"https:\/\/www.eveline.hu\/2016\/eveline-kozmetikumok-szepsegapolas\/szepsegapolas\/testapolas\/botanic-expert-5-ertekes-olaj-ultra-taplalo-testapolo-350ml\/","url":"https:\/\/www.eveline.hu\/2016\/eveline-kozmetikumok-szepsegapolas\/szepsegapolas\/testapolas\/botanic-expert-5-ertekes-olaj-ultra-taplalo-testapolo-350ml\/","name":"Botanic Expert 5 \u00c9rt\u00e9kes olaj Ultra-T\u00e1pl\u00e1l\u00f3 Test\u00e1pol\u00f3 350ml - Eveline Cosmetics Magyarorsz\u00e1g","isPartOf":{"@id":"https:\/\/www.eveline.hu\/2016\/#website"},"primaryImageOfPage":{"@id":"https:\/\/www.eveline.hu\/2016\/eveline-kozmetikumok-szepsegapolas\/szepsegapolas\/testapolas\/botanic-expert-5-ertekes-olaj-ultra-taplalo-testapolo-350ml\/#primaryimage"},"image":{"@id":"https:\/\/www.eveline.hu\/2016\/eveline-kozmetikumok-szepsegapolas\/szepsegapolas\/testapolas\/botanic-expert-5-ertekes-olaj-ultra-taplalo-testapolo-350ml\/#primaryimage"},"thumbnailUrl":"https:\/\/www.eveline.hu\/2016\/wp-content\/uploads\/2017\/09\/5-olaj-Test\u00e1p-w-2.png","datePublished":"2017-09-06T13:05:52+00:00","dateModified":"2023-05-19T11:13:56+00:00","breadcrumb":{"@id":"https:\/\/www.eveline.hu\/2016\/eveline-kozmetikumok-szepsegapolas\/szepsegapolas\/testapolas\/botanic-expert-5-ertekes-olaj-ultra-taplalo-testapolo-350ml\/#breadcrumb"},"inLanguage":"hu","potentialAction":[{"@type":"ReadAction","target":["https:\/\/www.eveline.hu\/2016\/eveline-kozmetikumok-szepsegapolas\/szepsegapolas\/testapolas\/botanic-expert-5-ertekes-olaj-ultra-taplalo-testapolo-350ml\/"]}]},{"@type":"ImageObject","inLanguage":"hu","@id":"https:\/\/www.eveline.hu\/2016\/eveline-kozmetikumok-szepsegapolas\/szepsegapolas\/testapolas\/botanic-expert-5-ertekes-olaj-ultra-taplalo-testapolo-350ml\/#primaryimage","url":"https:\/\/www.eveline.hu\/2016\/wp-content\/uploads\/2017\/09\/5-olaj-Test\u00e1p-w-2.png","contentUrl":"https:\/\/www.eveline.hu\/2016\/wp-content\/uploads\/2017\/09\/5-olaj-Test\u00e1p-w-2.png","width":750,"height":750},{"@type":"BreadcrumbList","@id":"https:\/\/www.eveline.hu\/2016\/eveline-kozmetikumok-szepsegapolas\/szepsegapolas\/testapolas\/botanic-expert-5-ertekes-olaj-ultra-taplalo-testapolo-350ml\/#breadcrumb","itemListElement":[{"@type":"ListItem","position":1,"name":"Home","item":"https:\/\/www.eveline.hu\/2016\/"},{"@type":"ListItem","position":2,"name":"Term\u00e9kek","item":"https:\/\/www.eveline.hu\/2016\/shop\/"},{"@type":"ListItem","position":3,"name":"Botanic Expert 5 \u00c9rt\u00e9kes olaj Ultra-T\u00e1pl\u00e1l\u00f3 Test\u00e1pol\u00f3 350ml"}]},{"@type":"WebSite","@id":"https:\/\/www.eveline.hu\/2016\/#website","url":"https:\/\/www.eveline.hu\/2016\/","name":"Eveline Cosmetics Magyarorsz\u00e1g","description":"Min\u0151s\u00e9gi kozmetikumok Lengyelorsz\u00e1gb\u00f3l","potentialAction":[{"@type":"SearchAction","target":{"@type":"EntryPoint","urlTemplate":"https:\/\/www.eveline.hu\/2016\/?s={search_term_string}"},"query-input":"required name=search_term_string"}],"inLanguage":"hu"}]}},"_links":{"self":[{"href":"https:\/\/www.eveline.hu\/2016\/wp-json\/wp\/v2\/product\/22460"}],"collection":[{"href":"https:\/\/www.eveline.hu\/2016\/wp-json\/wp\/v2\/product"}],"about":[{"href":"https:\/\/www.eveline.hu\/2016\/wp-json\/wp\/v2\/types\/product"}],"replies":[{"embeddable":true,"href":"https:\/\/www.eveline.hu\/2016\/wp-json\/wp\/v2\/comments?post=22460"}],"wp:featuredmedia":[{"embeddable":true,"href":"https:\/\/www.eveline.hu\/2016\/wp-json\/wp\/v2\/media\/29626"}],"wp:attachment":[{"href":"https:\/\/www.eveline.hu\/2016\/wp-json\/wp\/v2\/media?parent=22460"}],"wp:term":[{"taxonomy":"product_cat","embeddable":true,"href":"https:\/\/www.eveline.hu\/2016\/wp-json\/wp\/v2\/product_cat?post=22460"},{"taxonomy":"product_tag","embeddable":true,"href":"https:\/\/www.eveline.hu\/2016\/wp-json\/wp\/v2\/product_tag?post=22460"}],"curies":[{"name":"wp","href":"https:\/\/api.w.org\/{rel}","templated":true}]}}