{"id":22381,"date":"2017-07-22T09:14:57","date_gmt":"2017-07-22T07:14:57","guid":{"rendered":"http:\/\/www.eveline.hu\/2016\/?post_type=product&#038;p=22381"},"modified":"2025-01-20T08:41:55","modified_gmt":"2025-01-20T07:41:55","slug":"eye-max-automata-szemceruza-szivaccsal-szurke","status":"publish","type":"product","link":"https:\/\/www.eveline.hu\/2016\/eveline-kozmetikumok-szepsegapolas\/smink\/szem\/szemceruzak\/eye-max-automata-szemceruza-szivaccsal-szurke\/","title":{"rendered":"Eye Max automata szemceruza szivaccsal sz\u00fcrke"},"content":{"rendered":"<p>A 24 \u00f3r\u00e1s Long Lastic Effect formula az \u00e1sv\u00e1nyi pigmentekkel egy\u00fcttesen ide\u00e1lis sminket biztos\u00edt eg\u00e9sz napra.<\/p>\n<p>A ceruza el\u00e9g puha ahhoz, hogy t\u00f6k\u00e9letesen megh\u00fazd a vonalat az als\u00f3 \u00e9s fels\u0151 szemh\u00e9jon, egyidej\u0171leg el\u00e9g kem\u00e9ny, hogy ne hagyjon csom\u00f3kat a szempill\u00e1k k\u00f6zt.<\/p>\n<p>&nbsp;<\/p>\n<p>\u00f6sszetev\u0151k: Cera Alba, Copernicia Cerifera Cera, Ozokerite, Ethylhexyl Palmitate, Ricinus Communis Seed Oil, Phenoxyethanol, Sorbic Acid. May contain (+\/-): CI 77891, CI 77491, CI 77492, CI 77499, CI 77019, CI 19140, CI 16035, CI 77510, CI 77288, CI 77742.<\/p>\n","protected":false},"excerpt":{"rendered":"<p>ide\u00e1lis smink eg\u00e9sz nap<\/p>\n","protected":false},"featured_media":22382,"comment_status":"open","ping_status":"closed","template":"","meta":[],"product_cat":[130,132,150],"product_tag":[],"yoast_head":"<!-- This site is optimized with the Yoast SEO plugin v22.2 - https:\/\/yoast.com\/wordpress\/plugins\/seo\/ -->\n<title>Eye Max automata szemceruza szivaccsal sz\u00fcrke - Eveline Cosmetics Magyarorsz\u00e1g<\/title>\n<meta name=\"robots\" content=\"index, follow, max-snippet:-1, max-image-preview:large, max-video-preview:-1\" \/>\n<link rel=\"canonical\" href=\"https:\/\/www.eveline.hu\/2016\/eveline-kozmetikumok-szepsegapolas\/smink\/szem\/szemceruzak\/eye-max-automata-szemceruza-szivaccsal-szurke\/\" \/>\n<meta property=\"og:locale\" content=\"hu_HU\" \/>\n<meta property=\"og:type\" content=\"article\" \/>\n<meta property=\"og:title\" content=\"Eye Max automata szemceruza szivaccsal sz\u00fcrke - Eveline Cosmetics Magyarorsz\u00e1g\" \/>\n<meta property=\"og:description\" content=\"ide\u00e1lis smink eg\u00e9sz nap\" \/>\n<meta property=\"og:url\" content=\"https:\/\/www.eveline.hu\/2016\/eveline-kozmetikumok-szepsegapolas\/smink\/szem\/szemceruzak\/eye-max-automata-szemceruza-szivaccsal-szurke\/\" \/>\n<meta property=\"og:site_name\" content=\"Eveline Cosmetics Magyarorsz\u00e1g\" \/>\n<meta property=\"article:modified_time\" content=\"2025-01-20T07:41:55+00:00\" \/>\n<meta property=\"og:image\" content=\"https:\/\/www.eveline.hu\/2016\/wp-content\/uploads\/2017\/07\/eye-max-sz\u00fcrke.png\" \/>\n\t<meta property=\"og:image:width\" content=\"750\" \/>\n\t<meta property=\"og:image:height\" content=\"750\" \/>\n\t<meta property=\"og:image:type\" content=\"image\/png\" \/>\n<meta name=\"twitter:card\" content=\"summary_large_image\" \/>\n<script type=\"application\/ld+json\" class=\"yoast-schema-graph\">{\"@context\":\"https:\/\/schema.org\",\"@graph\":[{\"@type\":\"WebPage\",\"@id\":\"https:\/\/www.eveline.hu\/2016\/eveline-kozmetikumok-szepsegapolas\/smink\/szem\/szemceruzak\/eye-max-automata-szemceruza-szivaccsal-szurke\/\",\"url\":\"https:\/\/www.eveline.hu\/2016\/eveline-kozmetikumok-szepsegapolas\/smink\/szem\/szemceruzak\/eye-max-automata-szemceruza-szivaccsal-szurke\/\",\"name\":\"Eye Max automata szemceruza szivaccsal sz\u00fcrke - Eveline Cosmetics Magyarorsz\u00e1g\",\"isPartOf\":{\"@id\":\"https:\/\/www.eveline.hu\/2016\/#website\"},\"primaryImageOfPage\":{\"@id\":\"https:\/\/www.eveline.hu\/2016\/eveline-kozmetikumok-szepsegapolas\/smink\/szem\/szemceruzak\/eye-max-automata-szemceruza-szivaccsal-szurke\/#primaryimage\"},\"image\":{\"@id\":\"https:\/\/www.eveline.hu\/2016\/eveline-kozmetikumok-szepsegapolas\/smink\/szem\/szemceruzak\/eye-max-automata-szemceruza-szivaccsal-szurke\/#primaryimage\"},\"thumbnailUrl\":\"https:\/\/www.eveline.hu\/2016\/wp-content\/uploads\/2017\/07\/eye-max-sz\u00fcrke.png\",\"datePublished\":\"2017-07-22T07:14:57+00:00\",\"dateModified\":\"2025-01-20T07:41:55+00:00\",\"breadcrumb\":{\"@id\":\"https:\/\/www.eveline.hu\/2016\/eveline-kozmetikumok-szepsegapolas\/smink\/szem\/szemceruzak\/eye-max-automata-szemceruza-szivaccsal-szurke\/#breadcrumb\"},\"inLanguage\":\"hu\",\"potentialAction\":[{\"@type\":\"ReadAction\",\"target\":[\"https:\/\/www.eveline.hu\/2016\/eveline-kozmetikumok-szepsegapolas\/smink\/szem\/szemceruzak\/eye-max-automata-szemceruza-szivaccsal-szurke\/\"]}]},{\"@type\":\"ImageObject\",\"inLanguage\":\"hu\",\"@id\":\"https:\/\/www.eveline.hu\/2016\/eveline-kozmetikumok-szepsegapolas\/smink\/szem\/szemceruzak\/eye-max-automata-szemceruza-szivaccsal-szurke\/#primaryimage\",\"url\":\"https:\/\/www.eveline.hu\/2016\/wp-content\/uploads\/2017\/07\/eye-max-sz\u00fcrke.png\",\"contentUrl\":\"https:\/\/www.eveline.hu\/2016\/wp-content\/uploads\/2017\/07\/eye-max-sz\u00fcrke.png\",\"width\":750,\"height\":750},{\"@type\":\"BreadcrumbList\",\"@id\":\"https:\/\/www.eveline.hu\/2016\/eveline-kozmetikumok-szepsegapolas\/smink\/szem\/szemceruzak\/eye-max-automata-szemceruza-szivaccsal-szurke\/#breadcrumb\",\"itemListElement\":[{\"@type\":\"ListItem\",\"position\":1,\"name\":\"Home\",\"item\":\"https:\/\/www.eveline.hu\/2016\/\"},{\"@type\":\"ListItem\",\"position\":2,\"name\":\"Term\u00e9kek\",\"item\":\"https:\/\/www.eveline.hu\/2016\/shop\/\"},{\"@type\":\"ListItem\",\"position\":3,\"name\":\"Eye Max automata szemceruza szivaccsal sz\u00fcrke\"}]},{\"@type\":\"WebSite\",\"@id\":\"https:\/\/www.eveline.hu\/2016\/#website\",\"url\":\"https:\/\/www.eveline.hu\/2016\/\",\"name\":\"Eveline Cosmetics Magyarorsz\u00e1g\",\"description\":\"Min\u0151s\u00e9gi kozmetikumok Lengyelorsz\u00e1gb\u00f3l\",\"potentialAction\":[{\"@type\":\"SearchAction\",\"target\":{\"@type\":\"EntryPoint\",\"urlTemplate\":\"https:\/\/www.eveline.hu\/2016\/?s={search_term_string}\"},\"query-input\":\"required name=search_term_string\"}],\"inLanguage\":\"hu\"}]}<\/script>\n<!-- \/ Yoast SEO plugin. -->","yoast_head_json":{"title":"Eye Max automata szemceruza szivaccsal sz\u00fcrke - Eveline Cosmetics Magyarorsz\u00e1g","robots":{"index":"index","follow":"follow","max-snippet":"max-snippet:-1","max-image-preview":"max-image-preview:large","max-video-preview":"max-video-preview:-1"},"canonical":"https:\/\/www.eveline.hu\/2016\/eveline-kozmetikumok-szepsegapolas\/smink\/szem\/szemceruzak\/eye-max-automata-szemceruza-szivaccsal-szurke\/","og_locale":"hu_HU","og_type":"article","og_title":"Eye Max automata szemceruza szivaccsal sz\u00fcrke - Eveline Cosmetics Magyarorsz\u00e1g","og_description":"ide\u00e1lis smink eg\u00e9sz nap","og_url":"https:\/\/www.eveline.hu\/2016\/eveline-kozmetikumok-szepsegapolas\/smink\/szem\/szemceruzak\/eye-max-automata-szemceruza-szivaccsal-szurke\/","og_site_name":"Eveline Cosmetics Magyarorsz\u00e1g","article_modified_time":"2025-01-20T07:41:55+00:00","og_image":[{"width":750,"height":750,"url":"https:\/\/www.eveline.hu\/2016\/wp-content\/uploads\/2017\/07\/eye-max-sz\u00fcrke.png","type":"image\/png"}],"twitter_card":"summary_large_image","schema":{"@context":"https:\/\/schema.org","@graph":[{"@type":"WebPage","@id":"https:\/\/www.eveline.hu\/2016\/eveline-kozmetikumok-szepsegapolas\/smink\/szem\/szemceruzak\/eye-max-automata-szemceruza-szivaccsal-szurke\/","url":"https:\/\/www.eveline.hu\/2016\/eveline-kozmetikumok-szepsegapolas\/smink\/szem\/szemceruzak\/eye-max-automata-szemceruza-szivaccsal-szurke\/","name":"Eye Max automata szemceruza szivaccsal sz\u00fcrke - Eveline Cosmetics Magyarorsz\u00e1g","isPartOf":{"@id":"https:\/\/www.eveline.hu\/2016\/#website"},"primaryImageOfPage":{"@id":"https:\/\/www.eveline.hu\/2016\/eveline-kozmetikumok-szepsegapolas\/smink\/szem\/szemceruzak\/eye-max-automata-szemceruza-szivaccsal-szurke\/#primaryimage"},"image":{"@id":"https:\/\/www.eveline.hu\/2016\/eveline-kozmetikumok-szepsegapolas\/smink\/szem\/szemceruzak\/eye-max-automata-szemceruza-szivaccsal-szurke\/#primaryimage"},"thumbnailUrl":"https:\/\/www.eveline.hu\/2016\/wp-content\/uploads\/2017\/07\/eye-max-sz\u00fcrke.png","datePublished":"2017-07-22T07:14:57+00:00","dateModified":"2025-01-20T07:41:55+00:00","breadcrumb":{"@id":"https:\/\/www.eveline.hu\/2016\/eveline-kozmetikumok-szepsegapolas\/smink\/szem\/szemceruzak\/eye-max-automata-szemceruza-szivaccsal-szurke\/#breadcrumb"},"inLanguage":"hu","potentialAction":[{"@type":"ReadAction","target":["https:\/\/www.eveline.hu\/2016\/eveline-kozmetikumok-szepsegapolas\/smink\/szem\/szemceruzak\/eye-max-automata-szemceruza-szivaccsal-szurke\/"]}]},{"@type":"ImageObject","inLanguage":"hu","@id":"https:\/\/www.eveline.hu\/2016\/eveline-kozmetikumok-szepsegapolas\/smink\/szem\/szemceruzak\/eye-max-automata-szemceruza-szivaccsal-szurke\/#primaryimage","url":"https:\/\/www.eveline.hu\/2016\/wp-content\/uploads\/2017\/07\/eye-max-sz\u00fcrke.png","contentUrl":"https:\/\/www.eveline.hu\/2016\/wp-content\/uploads\/2017\/07\/eye-max-sz\u00fcrke.png","width":750,"height":750},{"@type":"BreadcrumbList","@id":"https:\/\/www.eveline.hu\/2016\/eveline-kozmetikumok-szepsegapolas\/smink\/szem\/szemceruzak\/eye-max-automata-szemceruza-szivaccsal-szurke\/#breadcrumb","itemListElement":[{"@type":"ListItem","position":1,"name":"Home","item":"https:\/\/www.eveline.hu\/2016\/"},{"@type":"ListItem","position":2,"name":"Term\u00e9kek","item":"https:\/\/www.eveline.hu\/2016\/shop\/"},{"@type":"ListItem","position":3,"name":"Eye Max automata szemceruza szivaccsal sz\u00fcrke"}]},{"@type":"WebSite","@id":"https:\/\/www.eveline.hu\/2016\/#website","url":"https:\/\/www.eveline.hu\/2016\/","name":"Eveline Cosmetics Magyarorsz\u00e1g","description":"Min\u0151s\u00e9gi kozmetikumok Lengyelorsz\u00e1gb\u00f3l","potentialAction":[{"@type":"SearchAction","target":{"@type":"EntryPoint","urlTemplate":"https:\/\/www.eveline.hu\/2016\/?s={search_term_string}"},"query-input":"required name=search_term_string"}],"inLanguage":"hu"}]}},"_links":{"self":[{"href":"https:\/\/www.eveline.hu\/2016\/wp-json\/wp\/v2\/product\/22381"}],"collection":[{"href":"https:\/\/www.eveline.hu\/2016\/wp-json\/wp\/v2\/product"}],"about":[{"href":"https:\/\/www.eveline.hu\/2016\/wp-json\/wp\/v2\/types\/product"}],"replies":[{"embeddable":true,"href":"https:\/\/www.eveline.hu\/2016\/wp-json\/wp\/v2\/comments?post=22381"}],"wp:featuredmedia":[{"embeddable":true,"href":"https:\/\/www.eveline.hu\/2016\/wp-json\/wp\/v2\/media\/22382"}],"wp:attachment":[{"href":"https:\/\/www.eveline.hu\/2016\/wp-json\/wp\/v2\/media?parent=22381"}],"wp:term":[{"taxonomy":"product_cat","embeddable":true,"href":"https:\/\/www.eveline.hu\/2016\/wp-json\/wp\/v2\/product_cat?post=22381"},{"taxonomy":"product_tag","embeddable":true,"href":"https:\/\/www.eveline.hu\/2016\/wp-json\/wp\/v2\/product_tag?post=22381"}],"curies":[{"name":"wp","href":"https:\/\/api.w.org\/{rel}","templated":true}]}}