{"id":22343,"date":"2017-07-10T20:26:14","date_gmt":"2017-07-10T18:26:14","guid":{"rendered":"http:\/\/www.eveline.hu\/2016\/?post_type=product&#038;p=22343"},"modified":"2024-03-09T14:53:16","modified_gmt":"2024-03-09T13:53:16","slug":"bioaktiv-c-vitamin-aktiv-fiatalito-vilagosito-nappali-es-ejszakai-krem-50ml","status":"publish","type":"product","link":"https:\/\/www.eveline.hu\/2016\/eveline-kozmetikumok-szepsegapolas\/szepsegapolas\/arcapolas\/bioaktiv-c-vitamin-aktiv-fiatalito-vilagosito-nappali-es-ejszakai-krem-50ml\/","title":{"rendered":"Bioakt\u00edv C vitamin Akt\u00edv fiatal\u00edt\u00f3 vil\u00e1gos\u00edt\u00f3 nappali \u00e9s \u00e9jszakai kr\u00e9m 50ml"},"content":{"rendered":"<p><strong>Bioakt\u00edv C vitamin <\/strong><strong>Akt\u00edv fiatal\u00edt\u00f3 vil\u00e1gos\u00edt\u00f3 nappali \u00e9s \u00e9jszakai kr\u00e9m<\/strong><\/p>\n<p>f\u00e1radt, f\u00e9nytelen b\u0151rre<\/p>\n<p>A term\u00e9szetes \u00e9s a technol\u00f3giailag fejlett \u00f6sszetev\u0151k innovat\u00edv kombin\u00e1ci\u00f3ja, amely a f\u00e1radt \u00e9s f\u00e9nytelen b\u0151r ig\u00e9nyeihez igazodva gondosan lett kiv\u00e1lasztva, hogy biztos\u00edtsa az eg\u00e9szs\u00e9ges \u00e9s fiatalos b\u0151r megjelen\u00e9s\u00e9t.<\/p>\n<p><strong>MULTI-GLOW EFFECT\u2122<\/strong><\/p>\n<p>A gondosan kiv\u00e1lasztott akt\u00edv \u00f6sszetev\u0151k \u00e9s a fokozatos felszabadul\u00e1s fejlett technol\u00f3gi\u00e1j\u00e1nak kombin\u00e1ci\u00f3ja a formul\u00e1t megb\u00edzhat\u00f3v\u00e1 \u00e9s magas hat\u00e9konys\u00e1g\u00fav\u00e1 teszi:\u00a0 MULTI-GLOW EFFECT\u2122 az ide\u00e1lisan sima \u00e9s ragyog\u00f3 b\u0151r hat\u00e1sa. Az arcb\u0151r napr\u00f3l napra visszanyeri term\u00e9szetes fiatals\u00e1g\u00e1t \u00e9s eg\u00e9szs\u00e9ges kin\u00e9zet\u00e9t.<\/p>\n<p><strong>Bioakt\u00edv C vitamin: <\/strong>az egyik leger\u0151sebb antioxid\u00e1ns, sokoldal\u00fa fiatal\u00edt\u00f3 \u00e9s r\u00e1nctalan\u00edt\u00f3 hat\u00e1s\u00fa. L\u00e1tv\u00e1nyosan jav\u00edtja a b\u0151r kond\u00edci\u00f3j\u00e1t \u00e9s kin\u00e9zet\u00e9t \u2013 ragyog\u00f3bb\u00e1, frissebb\u00e9 \u00e9s sim\u00e1bb\u00e1 teszi.<\/p>\n<p><strong>\u00dajgener\u00e1ci\u00f3s hialuronsav<\/strong>: aktiv\u00e1lja a fiatal\u00edt\u00f3 mechanizmusokat a b\u0151r m\u00e9lyebb r\u00e9tegeiben.<\/p>\n<p>L\u00e1that\u00f3an n\u00f6veli a hidrat\u00e1l\u00e1st \u00e9s helyre\u00e1ll\u00edtja az arcb\u0151r b\u00e1rsonyos simas\u00e1g\u00e1t.<\/p>\n<p>+ 6 x akt\u00edv kisim\u00edt\u00f3 \u00f6sszetev\u0151k:<\/p>\n<p><strong>Lumiskin\u2122 \u2022 rizsolaj \u2022 Aquabase\u2122 \u2022 Hialactiv\u2122 \u2022 ActiGen 3A\u2122 \u2022 v\u00f6r\u00f6s alg\u00e1k<\/strong><\/p>\n","protected":false},"excerpt":{"rendered":"<p>Az arcb\u0151r napr\u00f3l napra visszanyeri term\u00e9szetes fiatals\u00e1g\u00e1t \u00e9s eg\u00e9szs\u00e9ges kin\u00e9zet\u00e9t.<\/p>\n","protected":false},"featured_media":22344,"comment_status":"open","ping_status":"closed","template":"","meta":[],"product_cat":[125,126,80,84],"product_tag":[],"yoast_head":"<!-- This site is optimized with the Yoast SEO plugin v22.2 - https:\/\/yoast.com\/wordpress\/plugins\/seo\/ -->\n<title>Bioakt\u00edv C vitamin Akt\u00edv fiatal\u00edt\u00f3 vil\u00e1gos\u00edt\u00f3 nappali \u00e9s \u00e9jszakai kr\u00e9m 50ml - Eveline Cosmetics Magyarorsz\u00e1g<\/title>\n<meta name=\"robots\" content=\"index, follow, max-snippet:-1, max-image-preview:large, max-video-preview:-1\" \/>\n<link rel=\"canonical\" href=\"https:\/\/www.eveline.hu\/2016\/eveline-kozmetikumok-szepsegapolas\/szepsegapolas\/arcapolas\/bioaktiv-c-vitamin-aktiv-fiatalito-vilagosito-nappali-es-ejszakai-krem-50ml\/\" \/>\n<meta property=\"og:locale\" content=\"hu_HU\" \/>\n<meta property=\"og:type\" content=\"article\" \/>\n<meta property=\"og:title\" content=\"Bioakt\u00edv C vitamin Akt\u00edv fiatal\u00edt\u00f3 vil\u00e1gos\u00edt\u00f3 nappali \u00e9s \u00e9jszakai kr\u00e9m 50ml - Eveline Cosmetics Magyarorsz\u00e1g\" \/>\n<meta property=\"og:description\" content=\"Az arcb\u0151r napr\u00f3l napra visszanyeri term\u00e9szetes fiatals\u00e1g\u00e1t \u00e9s eg\u00e9szs\u00e9ges kin\u00e9zet\u00e9t.\" \/>\n<meta property=\"og:url\" content=\"https:\/\/www.eveline.hu\/2016\/eveline-kozmetikumok-szepsegapolas\/szepsegapolas\/arcapolas\/bioaktiv-c-vitamin-aktiv-fiatalito-vilagosito-nappali-es-ejszakai-krem-50ml\/\" \/>\n<meta property=\"og:site_name\" content=\"Eveline Cosmetics Magyarorsz\u00e1g\" \/>\n<meta property=\"article:modified_time\" content=\"2024-03-09T13:53:16+00:00\" \/>\n<meta property=\"og:image\" content=\"https:\/\/www.eveline.hu\/2016\/wp-content\/uploads\/2017\/07\/bioakt\u00edv-C-vitamin.png\" \/>\n\t<meta property=\"og:image:width\" content=\"750\" \/>\n\t<meta property=\"og:image:height\" content=\"750\" \/>\n\t<meta property=\"og:image:type\" content=\"image\/png\" \/>\n<meta name=\"twitter:card\" content=\"summary_large_image\" \/>\n<meta name=\"twitter:label1\" content=\"Becs\u00fclt olvas\u00e1si id\u0151\" \/>\n\t<meta name=\"twitter:data1\" content=\"1 perc\" \/>\n<script type=\"application\/ld+json\" class=\"yoast-schema-graph\">{\"@context\":\"https:\/\/schema.org\",\"@graph\":[{\"@type\":\"WebPage\",\"@id\":\"https:\/\/www.eveline.hu\/2016\/eveline-kozmetikumok-szepsegapolas\/szepsegapolas\/arcapolas\/bioaktiv-c-vitamin-aktiv-fiatalito-vilagosito-nappali-es-ejszakai-krem-50ml\/\",\"url\":\"https:\/\/www.eveline.hu\/2016\/eveline-kozmetikumok-szepsegapolas\/szepsegapolas\/arcapolas\/bioaktiv-c-vitamin-aktiv-fiatalito-vilagosito-nappali-es-ejszakai-krem-50ml\/\",\"name\":\"Bioakt\u00edv C vitamin Akt\u00edv fiatal\u00edt\u00f3 vil\u00e1gos\u00edt\u00f3 nappali \u00e9s \u00e9jszakai kr\u00e9m 50ml - Eveline Cosmetics Magyarorsz\u00e1g\",\"isPartOf\":{\"@id\":\"https:\/\/www.eveline.hu\/2016\/#website\"},\"primaryImageOfPage\":{\"@id\":\"https:\/\/www.eveline.hu\/2016\/eveline-kozmetikumok-szepsegapolas\/szepsegapolas\/arcapolas\/bioaktiv-c-vitamin-aktiv-fiatalito-vilagosito-nappali-es-ejszakai-krem-50ml\/#primaryimage\"},\"image\":{\"@id\":\"https:\/\/www.eveline.hu\/2016\/eveline-kozmetikumok-szepsegapolas\/szepsegapolas\/arcapolas\/bioaktiv-c-vitamin-aktiv-fiatalito-vilagosito-nappali-es-ejszakai-krem-50ml\/#primaryimage\"},\"thumbnailUrl\":\"https:\/\/www.eveline.hu\/2016\/wp-content\/uploads\/2017\/07\/bioakt\u00edv-C-vitamin.png\",\"datePublished\":\"2017-07-10T18:26:14+00:00\",\"dateModified\":\"2024-03-09T13:53:16+00:00\",\"breadcrumb\":{\"@id\":\"https:\/\/www.eveline.hu\/2016\/eveline-kozmetikumok-szepsegapolas\/szepsegapolas\/arcapolas\/bioaktiv-c-vitamin-aktiv-fiatalito-vilagosito-nappali-es-ejszakai-krem-50ml\/#breadcrumb\"},\"inLanguage\":\"hu\",\"potentialAction\":[{\"@type\":\"ReadAction\",\"target\":[\"https:\/\/www.eveline.hu\/2016\/eveline-kozmetikumok-szepsegapolas\/szepsegapolas\/arcapolas\/bioaktiv-c-vitamin-aktiv-fiatalito-vilagosito-nappali-es-ejszakai-krem-50ml\/\"]}]},{\"@type\":\"ImageObject\",\"inLanguage\":\"hu\",\"@id\":\"https:\/\/www.eveline.hu\/2016\/eveline-kozmetikumok-szepsegapolas\/szepsegapolas\/arcapolas\/bioaktiv-c-vitamin-aktiv-fiatalito-vilagosito-nappali-es-ejszakai-krem-50ml\/#primaryimage\",\"url\":\"https:\/\/www.eveline.hu\/2016\/wp-content\/uploads\/2017\/07\/bioakt\u00edv-C-vitamin.png\",\"contentUrl\":\"https:\/\/www.eveline.hu\/2016\/wp-content\/uploads\/2017\/07\/bioakt\u00edv-C-vitamin.png\",\"width\":750,\"height\":750},{\"@type\":\"BreadcrumbList\",\"@id\":\"https:\/\/www.eveline.hu\/2016\/eveline-kozmetikumok-szepsegapolas\/szepsegapolas\/arcapolas\/bioaktiv-c-vitamin-aktiv-fiatalito-vilagosito-nappali-es-ejszakai-krem-50ml\/#breadcrumb\",\"itemListElement\":[{\"@type\":\"ListItem\",\"position\":1,\"name\":\"Home\",\"item\":\"https:\/\/www.eveline.hu\/2016\/\"},{\"@type\":\"ListItem\",\"position\":2,\"name\":\"Term\u00e9kek\",\"item\":\"https:\/\/www.eveline.hu\/2016\/shop\/\"},{\"@type\":\"ListItem\",\"position\":3,\"name\":\"Bioakt\u00edv C vitamin Akt\u00edv fiatal\u00edt\u00f3 vil\u00e1gos\u00edt\u00f3 nappali \u00e9s \u00e9jszakai kr\u00e9m 50ml\"}]},{\"@type\":\"WebSite\",\"@id\":\"https:\/\/www.eveline.hu\/2016\/#website\",\"url\":\"https:\/\/www.eveline.hu\/2016\/\",\"name\":\"Eveline Cosmetics Magyarorsz\u00e1g\",\"description\":\"Min\u0151s\u00e9gi kozmetikumok Lengyelorsz\u00e1gb\u00f3l\",\"potentialAction\":[{\"@type\":\"SearchAction\",\"target\":{\"@type\":\"EntryPoint\",\"urlTemplate\":\"https:\/\/www.eveline.hu\/2016\/?s={search_term_string}\"},\"query-input\":\"required name=search_term_string\"}],\"inLanguage\":\"hu\"}]}<\/script>\n<!-- \/ Yoast SEO plugin. -->","yoast_head_json":{"title":"Bioakt\u00edv C vitamin Akt\u00edv fiatal\u00edt\u00f3 vil\u00e1gos\u00edt\u00f3 nappali \u00e9s \u00e9jszakai kr\u00e9m 50ml - Eveline Cosmetics Magyarorsz\u00e1g","robots":{"index":"index","follow":"follow","max-snippet":"max-snippet:-1","max-image-preview":"max-image-preview:large","max-video-preview":"max-video-preview:-1"},"canonical":"https:\/\/www.eveline.hu\/2016\/eveline-kozmetikumok-szepsegapolas\/szepsegapolas\/arcapolas\/bioaktiv-c-vitamin-aktiv-fiatalito-vilagosito-nappali-es-ejszakai-krem-50ml\/","og_locale":"hu_HU","og_type":"article","og_title":"Bioakt\u00edv C vitamin Akt\u00edv fiatal\u00edt\u00f3 vil\u00e1gos\u00edt\u00f3 nappali \u00e9s \u00e9jszakai kr\u00e9m 50ml - Eveline Cosmetics Magyarorsz\u00e1g","og_description":"Az arcb\u0151r napr\u00f3l napra visszanyeri term\u00e9szetes fiatals\u00e1g\u00e1t \u00e9s eg\u00e9szs\u00e9ges kin\u00e9zet\u00e9t.","og_url":"https:\/\/www.eveline.hu\/2016\/eveline-kozmetikumok-szepsegapolas\/szepsegapolas\/arcapolas\/bioaktiv-c-vitamin-aktiv-fiatalito-vilagosito-nappali-es-ejszakai-krem-50ml\/","og_site_name":"Eveline Cosmetics Magyarorsz\u00e1g","article_modified_time":"2024-03-09T13:53:16+00:00","og_image":[{"width":750,"height":750,"url":"https:\/\/www.eveline.hu\/2016\/wp-content\/uploads\/2017\/07\/bioakt\u00edv-C-vitamin.png","type":"image\/png"}],"twitter_card":"summary_large_image","twitter_misc":{"Becs\u00fclt olvas\u00e1si id\u0151":"1 perc"},"schema":{"@context":"https:\/\/schema.org","@graph":[{"@type":"WebPage","@id":"https:\/\/www.eveline.hu\/2016\/eveline-kozmetikumok-szepsegapolas\/szepsegapolas\/arcapolas\/bioaktiv-c-vitamin-aktiv-fiatalito-vilagosito-nappali-es-ejszakai-krem-50ml\/","url":"https:\/\/www.eveline.hu\/2016\/eveline-kozmetikumok-szepsegapolas\/szepsegapolas\/arcapolas\/bioaktiv-c-vitamin-aktiv-fiatalito-vilagosito-nappali-es-ejszakai-krem-50ml\/","name":"Bioakt\u00edv C vitamin Akt\u00edv fiatal\u00edt\u00f3 vil\u00e1gos\u00edt\u00f3 nappali \u00e9s \u00e9jszakai kr\u00e9m 50ml - Eveline Cosmetics Magyarorsz\u00e1g","isPartOf":{"@id":"https:\/\/www.eveline.hu\/2016\/#website"},"primaryImageOfPage":{"@id":"https:\/\/www.eveline.hu\/2016\/eveline-kozmetikumok-szepsegapolas\/szepsegapolas\/arcapolas\/bioaktiv-c-vitamin-aktiv-fiatalito-vilagosito-nappali-es-ejszakai-krem-50ml\/#primaryimage"},"image":{"@id":"https:\/\/www.eveline.hu\/2016\/eveline-kozmetikumok-szepsegapolas\/szepsegapolas\/arcapolas\/bioaktiv-c-vitamin-aktiv-fiatalito-vilagosito-nappali-es-ejszakai-krem-50ml\/#primaryimage"},"thumbnailUrl":"https:\/\/www.eveline.hu\/2016\/wp-content\/uploads\/2017\/07\/bioakt\u00edv-C-vitamin.png","datePublished":"2017-07-10T18:26:14+00:00","dateModified":"2024-03-09T13:53:16+00:00","breadcrumb":{"@id":"https:\/\/www.eveline.hu\/2016\/eveline-kozmetikumok-szepsegapolas\/szepsegapolas\/arcapolas\/bioaktiv-c-vitamin-aktiv-fiatalito-vilagosito-nappali-es-ejszakai-krem-50ml\/#breadcrumb"},"inLanguage":"hu","potentialAction":[{"@type":"ReadAction","target":["https:\/\/www.eveline.hu\/2016\/eveline-kozmetikumok-szepsegapolas\/szepsegapolas\/arcapolas\/bioaktiv-c-vitamin-aktiv-fiatalito-vilagosito-nappali-es-ejszakai-krem-50ml\/"]}]},{"@type":"ImageObject","inLanguage":"hu","@id":"https:\/\/www.eveline.hu\/2016\/eveline-kozmetikumok-szepsegapolas\/szepsegapolas\/arcapolas\/bioaktiv-c-vitamin-aktiv-fiatalito-vilagosito-nappali-es-ejszakai-krem-50ml\/#primaryimage","url":"https:\/\/www.eveline.hu\/2016\/wp-content\/uploads\/2017\/07\/bioakt\u00edv-C-vitamin.png","contentUrl":"https:\/\/www.eveline.hu\/2016\/wp-content\/uploads\/2017\/07\/bioakt\u00edv-C-vitamin.png","width":750,"height":750},{"@type":"BreadcrumbList","@id":"https:\/\/www.eveline.hu\/2016\/eveline-kozmetikumok-szepsegapolas\/szepsegapolas\/arcapolas\/bioaktiv-c-vitamin-aktiv-fiatalito-vilagosito-nappali-es-ejszakai-krem-50ml\/#breadcrumb","itemListElement":[{"@type":"ListItem","position":1,"name":"Home","item":"https:\/\/www.eveline.hu\/2016\/"},{"@type":"ListItem","position":2,"name":"Term\u00e9kek","item":"https:\/\/www.eveline.hu\/2016\/shop\/"},{"@type":"ListItem","position":3,"name":"Bioakt\u00edv C vitamin Akt\u00edv fiatal\u00edt\u00f3 vil\u00e1gos\u00edt\u00f3 nappali \u00e9s \u00e9jszakai kr\u00e9m 50ml"}]},{"@type":"WebSite","@id":"https:\/\/www.eveline.hu\/2016\/#website","url":"https:\/\/www.eveline.hu\/2016\/","name":"Eveline Cosmetics Magyarorsz\u00e1g","description":"Min\u0151s\u00e9gi kozmetikumok Lengyelorsz\u00e1gb\u00f3l","potentialAction":[{"@type":"SearchAction","target":{"@type":"EntryPoint","urlTemplate":"https:\/\/www.eveline.hu\/2016\/?s={search_term_string}"},"query-input":"required name=search_term_string"}],"inLanguage":"hu"}]}},"_links":{"self":[{"href":"https:\/\/www.eveline.hu\/2016\/wp-json\/wp\/v2\/product\/22343"}],"collection":[{"href":"https:\/\/www.eveline.hu\/2016\/wp-json\/wp\/v2\/product"}],"about":[{"href":"https:\/\/www.eveline.hu\/2016\/wp-json\/wp\/v2\/types\/product"}],"replies":[{"embeddable":true,"href":"https:\/\/www.eveline.hu\/2016\/wp-json\/wp\/v2\/comments?post=22343"}],"wp:featuredmedia":[{"embeddable":true,"href":"https:\/\/www.eveline.hu\/2016\/wp-json\/wp\/v2\/media\/22344"}],"wp:attachment":[{"href":"https:\/\/www.eveline.hu\/2016\/wp-json\/wp\/v2\/media?parent=22343"}],"wp:term":[{"taxonomy":"product_cat","embeddable":true,"href":"https:\/\/www.eveline.hu\/2016\/wp-json\/wp\/v2\/product_cat?post=22343"},{"taxonomy":"product_tag","embeddable":true,"href":"https:\/\/www.eveline.hu\/2016\/wp-json\/wp\/v2\/product_tag?post=22343"}],"curies":[{"name":"wp","href":"https:\/\/api.w.org\/{rel}","templated":true}]}}