{"id":22299,"date":"2017-06-15T10:16:32","date_gmt":"2017-06-15T08:16:32","guid":{"rendered":"http:\/\/www.eveline.hu\/2016\/?post_type=product&#038;p=22299"},"modified":"2022-11-30T13:12:38","modified_gmt":"2022-11-30T12:12:38","slug":"tisztito-micellas-viz-3az1-ben-400ml","status":"publish","type":"product","link":"https:\/\/www.eveline.hu\/2016\/eveline-kozmetikumok-szepsegapolas\/szepsegapolas\/arcapolas\/tisztito-micellas-viz-3az1-ben-400ml\/","title":{"rendered":"Facemed+ Tiszt\u00edt\u00f3 micell\u00e1s v\u00edz 3az1-ben 400ml"},"content":{"rendered":"<p><strong>Facemed+ Tiszt\u00edt\u00f3 micell\u00e1s v\u00edz 3az1-ben<\/strong><\/p>\n<p>norm\u00e1l \u00e9s vegyes b\u0151r<\/p>\n<p>F\u00e9nyl\u00e9sre \u00e9s a \u00a0t\u00f6k\u00e9letlens\u00e9gek\u00a0megjelen\u00e9s\u00e9re hajlamos b\u0151rre.<\/p>\n<p>Az allergi\u00e1s rizik\u00f3 minimaliz\u00e1l\u00e1s\u00e1ra.<\/p>\n<p>Alkoholmentes, fiziol\u00f3gi\u00e1s ph.<\/p>\n<p>Elt\u00e1vol\u00edtja a v\u00edz\u00e1ll\u00f3 sminket, m\u00e9lyen tiszt\u00edt, matt\u00edtja a b\u0151rt.<\/p>\n<p>Akt\u00edv \u00f6sszetev\u0151k: Phycosaccharide\u00ae AC akt\u00edv biokomplex (Laminaria Digitata Algae + anti-bacterial zinc), Hialuronsav + AQUAXYL\u2122 komplex (Hydraconcept 3D\u2122 Technology), Cucumis Sativus gy\u00fcm\u00f6lcs kivonat.<\/p>\n<p>\u00f6sszetev\u0151k: Aqua, PEG-6 Caprylic\/Capric Glycerides, Propanediol, Niacinamide, Propylene Glycol, Cucumis Sativus Fruit Extract, Parfum, Panthenol, Cetrimonium Bromide, Disodium EDTA, Xylitylglucoside, Anhydroxylitol, Xylitol, Glucose, Glycerin, Hydrolyzed Algin, Zinc Sulfate, Sodium Hydroxide.<\/p>\n","protected":false},"excerpt":{"rendered":"<p>400ml ( 4122 Ft\/l )<\/p>\n<p>Elt\u00e1vol\u00edtja a v\u00edz\u00e1ll\u00f3 sminket, m\u00e9lyen tiszt\u00edt, matt\u00edtja a b\u0151rt.<\/p>\n","protected":false},"featured_media":22295,"comment_status":"open","ping_status":"closed","template":"","meta":[],"product_cat":[217,125,126,80],"product_tag":[],"yoast_head":"<!-- This site is optimized with the Yoast SEO plugin v22.2 - https:\/\/yoast.com\/wordpress\/plugins\/seo\/ -->\n<title>Facemed+ Tiszt\u00edt\u00f3 micell\u00e1s v\u00edz 3az1-ben 400ml - Eveline Cosmetics Magyarorsz\u00e1g<\/title>\n<meta name=\"robots\" content=\"index, follow, max-snippet:-1, max-image-preview:large, max-video-preview:-1\" \/>\n<link rel=\"canonical\" href=\"https:\/\/www.eveline.hu\/2016\/eveline-kozmetikumok-szepsegapolas\/szepsegapolas\/arcapolas\/tisztito-micellas-viz-3az1-ben-400ml\/\" \/>\n<meta property=\"og:locale\" content=\"hu_HU\" \/>\n<meta property=\"og:type\" content=\"article\" \/>\n<meta property=\"og:title\" content=\"Facemed+ Tiszt\u00edt\u00f3 micell\u00e1s v\u00edz 3az1-ben 400ml - Eveline Cosmetics Magyarorsz\u00e1g\" \/>\n<meta property=\"og:description\" content=\"400ml ( 4122 Ft\/l )  Elt\u00e1vol\u00edtja a v\u00edz\u00e1ll\u00f3 sminket, m\u00e9lyen tiszt\u00edt, matt\u00edtja a b\u0151rt.\" \/>\n<meta property=\"og:url\" content=\"https:\/\/www.eveline.hu\/2016\/eveline-kozmetikumok-szepsegapolas\/szepsegapolas\/arcapolas\/tisztito-micellas-viz-3az1-ben-400ml\/\" \/>\n<meta property=\"og:site_name\" content=\"Eveline Cosmetics Magyarorsz\u00e1g\" \/>\n<meta property=\"article:modified_time\" content=\"2022-11-30T12:12:38+00:00\" \/>\n<meta property=\"og:image\" content=\"https:\/\/www.eveline.hu\/2016\/wp-content\/uploads\/2017\/06\/tiszt\u00edt\u00f3-mic-v\u00edz.png\" \/>\n\t<meta property=\"og:image:width\" content=\"750\" \/>\n\t<meta property=\"og:image:height\" content=\"750\" \/>\n\t<meta property=\"og:image:type\" content=\"image\/png\" \/>\n<meta name=\"twitter:card\" content=\"summary_large_image\" \/>\n<meta name=\"twitter:label1\" content=\"Becs\u00fclt olvas\u00e1si id\u0151\" \/>\n\t<meta name=\"twitter:data1\" content=\"1 perc\" \/>\n<script type=\"application\/ld+json\" class=\"yoast-schema-graph\">{\"@context\":\"https:\/\/schema.org\",\"@graph\":[{\"@type\":\"WebPage\",\"@id\":\"https:\/\/www.eveline.hu\/2016\/eveline-kozmetikumok-szepsegapolas\/szepsegapolas\/arcapolas\/tisztito-micellas-viz-3az1-ben-400ml\/\",\"url\":\"https:\/\/www.eveline.hu\/2016\/eveline-kozmetikumok-szepsegapolas\/szepsegapolas\/arcapolas\/tisztito-micellas-viz-3az1-ben-400ml\/\",\"name\":\"Facemed+ Tiszt\u00edt\u00f3 micell\u00e1s v\u00edz 3az1-ben 400ml - Eveline Cosmetics Magyarorsz\u00e1g\",\"isPartOf\":{\"@id\":\"https:\/\/www.eveline.hu\/2016\/#website\"},\"primaryImageOfPage\":{\"@id\":\"https:\/\/www.eveline.hu\/2016\/eveline-kozmetikumok-szepsegapolas\/szepsegapolas\/arcapolas\/tisztito-micellas-viz-3az1-ben-400ml\/#primaryimage\"},\"image\":{\"@id\":\"https:\/\/www.eveline.hu\/2016\/eveline-kozmetikumok-szepsegapolas\/szepsegapolas\/arcapolas\/tisztito-micellas-viz-3az1-ben-400ml\/#primaryimage\"},\"thumbnailUrl\":\"https:\/\/www.eveline.hu\/2016\/wp-content\/uploads\/2017\/06\/tiszt\u00edt\u00f3-mic-v\u00edz.png\",\"datePublished\":\"2017-06-15T08:16:32+00:00\",\"dateModified\":\"2022-11-30T12:12:38+00:00\",\"breadcrumb\":{\"@id\":\"https:\/\/www.eveline.hu\/2016\/eveline-kozmetikumok-szepsegapolas\/szepsegapolas\/arcapolas\/tisztito-micellas-viz-3az1-ben-400ml\/#breadcrumb\"},\"inLanguage\":\"hu\",\"potentialAction\":[{\"@type\":\"ReadAction\",\"target\":[\"https:\/\/www.eveline.hu\/2016\/eveline-kozmetikumok-szepsegapolas\/szepsegapolas\/arcapolas\/tisztito-micellas-viz-3az1-ben-400ml\/\"]}]},{\"@type\":\"ImageObject\",\"inLanguage\":\"hu\",\"@id\":\"https:\/\/www.eveline.hu\/2016\/eveline-kozmetikumok-szepsegapolas\/szepsegapolas\/arcapolas\/tisztito-micellas-viz-3az1-ben-400ml\/#primaryimage\",\"url\":\"https:\/\/www.eveline.hu\/2016\/wp-content\/uploads\/2017\/06\/tiszt\u00edt\u00f3-mic-v\u00edz.png\",\"contentUrl\":\"https:\/\/www.eveline.hu\/2016\/wp-content\/uploads\/2017\/06\/tiszt\u00edt\u00f3-mic-v\u00edz.png\",\"width\":750,\"height\":750},{\"@type\":\"BreadcrumbList\",\"@id\":\"https:\/\/www.eveline.hu\/2016\/eveline-kozmetikumok-szepsegapolas\/szepsegapolas\/arcapolas\/tisztito-micellas-viz-3az1-ben-400ml\/#breadcrumb\",\"itemListElement\":[{\"@type\":\"ListItem\",\"position\":1,\"name\":\"Home\",\"item\":\"https:\/\/www.eveline.hu\/2016\/\"},{\"@type\":\"ListItem\",\"position\":2,\"name\":\"Term\u00e9kek\",\"item\":\"https:\/\/www.eveline.hu\/2016\/shop\/\"},{\"@type\":\"ListItem\",\"position\":3,\"name\":\"Facemed+ Tiszt\u00edt\u00f3 micell\u00e1s v\u00edz 3az1-ben 400ml\"}]},{\"@type\":\"WebSite\",\"@id\":\"https:\/\/www.eveline.hu\/2016\/#website\",\"url\":\"https:\/\/www.eveline.hu\/2016\/\",\"name\":\"Eveline Cosmetics Magyarorsz\u00e1g\",\"description\":\"Min\u0151s\u00e9gi kozmetikumok Lengyelorsz\u00e1gb\u00f3l\",\"potentialAction\":[{\"@type\":\"SearchAction\",\"target\":{\"@type\":\"EntryPoint\",\"urlTemplate\":\"https:\/\/www.eveline.hu\/2016\/?s={search_term_string}\"},\"query-input\":\"required name=search_term_string\"}],\"inLanguage\":\"hu\"}]}<\/script>\n<!-- \/ Yoast SEO plugin. -->","yoast_head_json":{"title":"Facemed+ Tiszt\u00edt\u00f3 micell\u00e1s v\u00edz 3az1-ben 400ml - Eveline Cosmetics Magyarorsz\u00e1g","robots":{"index":"index","follow":"follow","max-snippet":"max-snippet:-1","max-image-preview":"max-image-preview:large","max-video-preview":"max-video-preview:-1"},"canonical":"https:\/\/www.eveline.hu\/2016\/eveline-kozmetikumok-szepsegapolas\/szepsegapolas\/arcapolas\/tisztito-micellas-viz-3az1-ben-400ml\/","og_locale":"hu_HU","og_type":"article","og_title":"Facemed+ Tiszt\u00edt\u00f3 micell\u00e1s v\u00edz 3az1-ben 400ml - Eveline Cosmetics Magyarorsz\u00e1g","og_description":"400ml ( 4122 Ft\/l )  Elt\u00e1vol\u00edtja a v\u00edz\u00e1ll\u00f3 sminket, m\u00e9lyen tiszt\u00edt, matt\u00edtja a b\u0151rt.","og_url":"https:\/\/www.eveline.hu\/2016\/eveline-kozmetikumok-szepsegapolas\/szepsegapolas\/arcapolas\/tisztito-micellas-viz-3az1-ben-400ml\/","og_site_name":"Eveline Cosmetics Magyarorsz\u00e1g","article_modified_time":"2022-11-30T12:12:38+00:00","og_image":[{"width":750,"height":750,"url":"https:\/\/www.eveline.hu\/2016\/wp-content\/uploads\/2017\/06\/tiszt\u00edt\u00f3-mic-v\u00edz.png","type":"image\/png"}],"twitter_card":"summary_large_image","twitter_misc":{"Becs\u00fclt olvas\u00e1si id\u0151":"1 perc"},"schema":{"@context":"https:\/\/schema.org","@graph":[{"@type":"WebPage","@id":"https:\/\/www.eveline.hu\/2016\/eveline-kozmetikumok-szepsegapolas\/szepsegapolas\/arcapolas\/tisztito-micellas-viz-3az1-ben-400ml\/","url":"https:\/\/www.eveline.hu\/2016\/eveline-kozmetikumok-szepsegapolas\/szepsegapolas\/arcapolas\/tisztito-micellas-viz-3az1-ben-400ml\/","name":"Facemed+ Tiszt\u00edt\u00f3 micell\u00e1s v\u00edz 3az1-ben 400ml - Eveline Cosmetics Magyarorsz\u00e1g","isPartOf":{"@id":"https:\/\/www.eveline.hu\/2016\/#website"},"primaryImageOfPage":{"@id":"https:\/\/www.eveline.hu\/2016\/eveline-kozmetikumok-szepsegapolas\/szepsegapolas\/arcapolas\/tisztito-micellas-viz-3az1-ben-400ml\/#primaryimage"},"image":{"@id":"https:\/\/www.eveline.hu\/2016\/eveline-kozmetikumok-szepsegapolas\/szepsegapolas\/arcapolas\/tisztito-micellas-viz-3az1-ben-400ml\/#primaryimage"},"thumbnailUrl":"https:\/\/www.eveline.hu\/2016\/wp-content\/uploads\/2017\/06\/tiszt\u00edt\u00f3-mic-v\u00edz.png","datePublished":"2017-06-15T08:16:32+00:00","dateModified":"2022-11-30T12:12:38+00:00","breadcrumb":{"@id":"https:\/\/www.eveline.hu\/2016\/eveline-kozmetikumok-szepsegapolas\/szepsegapolas\/arcapolas\/tisztito-micellas-viz-3az1-ben-400ml\/#breadcrumb"},"inLanguage":"hu","potentialAction":[{"@type":"ReadAction","target":["https:\/\/www.eveline.hu\/2016\/eveline-kozmetikumok-szepsegapolas\/szepsegapolas\/arcapolas\/tisztito-micellas-viz-3az1-ben-400ml\/"]}]},{"@type":"ImageObject","inLanguage":"hu","@id":"https:\/\/www.eveline.hu\/2016\/eveline-kozmetikumok-szepsegapolas\/szepsegapolas\/arcapolas\/tisztito-micellas-viz-3az1-ben-400ml\/#primaryimage","url":"https:\/\/www.eveline.hu\/2016\/wp-content\/uploads\/2017\/06\/tiszt\u00edt\u00f3-mic-v\u00edz.png","contentUrl":"https:\/\/www.eveline.hu\/2016\/wp-content\/uploads\/2017\/06\/tiszt\u00edt\u00f3-mic-v\u00edz.png","width":750,"height":750},{"@type":"BreadcrumbList","@id":"https:\/\/www.eveline.hu\/2016\/eveline-kozmetikumok-szepsegapolas\/szepsegapolas\/arcapolas\/tisztito-micellas-viz-3az1-ben-400ml\/#breadcrumb","itemListElement":[{"@type":"ListItem","position":1,"name":"Home","item":"https:\/\/www.eveline.hu\/2016\/"},{"@type":"ListItem","position":2,"name":"Term\u00e9kek","item":"https:\/\/www.eveline.hu\/2016\/shop\/"},{"@type":"ListItem","position":3,"name":"Facemed+ Tiszt\u00edt\u00f3 micell\u00e1s v\u00edz 3az1-ben 400ml"}]},{"@type":"WebSite","@id":"https:\/\/www.eveline.hu\/2016\/#website","url":"https:\/\/www.eveline.hu\/2016\/","name":"Eveline Cosmetics Magyarorsz\u00e1g","description":"Min\u0151s\u00e9gi kozmetikumok Lengyelorsz\u00e1gb\u00f3l","potentialAction":[{"@type":"SearchAction","target":{"@type":"EntryPoint","urlTemplate":"https:\/\/www.eveline.hu\/2016\/?s={search_term_string}"},"query-input":"required name=search_term_string"}],"inLanguage":"hu"}]}},"_links":{"self":[{"href":"https:\/\/www.eveline.hu\/2016\/wp-json\/wp\/v2\/product\/22299"}],"collection":[{"href":"https:\/\/www.eveline.hu\/2016\/wp-json\/wp\/v2\/product"}],"about":[{"href":"https:\/\/www.eveline.hu\/2016\/wp-json\/wp\/v2\/types\/product"}],"replies":[{"embeddable":true,"href":"https:\/\/www.eveline.hu\/2016\/wp-json\/wp\/v2\/comments?post=22299"}],"wp:featuredmedia":[{"embeddable":true,"href":"https:\/\/www.eveline.hu\/2016\/wp-json\/wp\/v2\/media\/22295"}],"wp:attachment":[{"href":"https:\/\/www.eveline.hu\/2016\/wp-json\/wp\/v2\/media?parent=22299"}],"wp:term":[{"taxonomy":"product_cat","embeddable":true,"href":"https:\/\/www.eveline.hu\/2016\/wp-json\/wp\/v2\/product_cat?post=22299"},{"taxonomy":"product_tag","embeddable":true,"href":"https:\/\/www.eveline.hu\/2016\/wp-json\/wp\/v2\/product_tag?post=22299"}],"curies":[{"name":"wp","href":"https:\/\/api.w.org\/{rel}","templated":true}]}}