{"id":22290,"date":"2017-06-14T13:50:27","date_gmt":"2017-06-14T11:50:27","guid":{"rendered":"http:\/\/www.eveline.hu\/2016\/?post_type=product&#038;p=22290"},"modified":"2025-11-08T08:45:42","modified_gmt":"2025-11-08T07:45:42","slug":"fiatalsag-aktivator-vitamin-szerum-injekcio-ejszakai-18ml","status":"publish","type":"product","link":"https:\/\/www.eveline.hu\/2016\/eveline-kozmetikumok-szepsegapolas\/szepsegapolas\/arcapolas\/fiatalsag-aktivator-vitamin-szerum-injekcio-ejszakai-18ml\/","title":{"rendered":"1 Fiatals\u00e1g Aktiv\u00e1tor Vitamin-sz\u00e9rum injekci\u00f3 \u00e9jszakai 18ml"},"content":{"rendered":"<p>&nbsp;<\/p>\n<p><strong>Intenz\u00edv \u00e9jszakai kezel\u00e9s<\/strong>, Akt\u00edv 12% C vitamin<\/p>\n<p>minden b\u0151rt\u00edpusra, sz\u00e1raz \u00e9s \u00e9rz\u00e9kenyre is<\/p>\n<p>Formul\u00e1ja gazdag a C vitamin 3 bioakt\u00edv form\u00e1j\u00e1ban, nagyon magas, rendk\u00edv\u00fcl hat\u00e1sos,<\/p>\n<p>12%-os koncentr\u00e1ci\u00f3ban, cs\u00f6kkenti a f\u00e1radts\u00e1g t\u00fcneteit, l\u00e1that\u00f3an reduk\u00e1lja a r\u00e1ncokat, elsz\u00ednez\u0151d\u00e9seket \u00e9s a pigment\u00e1ci\u00f3s foltokat.<\/p>\n<p>Egyedi formul\u00e1j\u00e1nak alapja a\u00a0 TRI-HYBRID VITAMIN C TECHNOLOGY\u2122, v\u00e9di a b\u0151rsejtek DNS-\u00e9t, m\u00e9lyen hidrat\u00e1l \u00e9s regener\u00e1l.<\/p>\n<p>Akt\u00edv \u00f6sszetev\u0151k:<\/p>\n<p><strong>EXPERT C\u2122 COMPLEX \u2013 <\/strong>er\u0151s koncentr\u00e1ci\u00f3j\u00fa C-vitamin, stimul\u00e1lja a kollag\u00e9n rostok szint\u00e9zis\u00e9t, reduk\u00e1lja a f\u00e1radts\u00e1g t\u00fcneteit \u00e9s k\u00e9slelteti a b\u0151r \u00f6reged\u00e9si folyamatait.<\/p>\n<p><strong>Vadr\u00f3zsa \u00e9s citrom kivonat, <\/strong>gazdag a fiatals\u00e1g term\u00e9szetes vitaminjaiban \u00e9s antioxid\u00e1nsokban, fokozza a ceramidok bioszint\u00e9zis\u00e9t a felh\u00e1mban, aminek k\u00f6sz\u00f6nhet\u0151en b\u00e1rsonyosan sima \u00e9s rugalmas lesz.<\/p>\n<p><strong>Hialuronsav<\/strong> &#8211; kit\u00f6lti a r\u00e1ncokat \u00e9s mimikai vonalakat, b\u00e1rsonyos puhas\u00e1got ny\u00fajt a b\u0151rnek \u00e9s v\u00e9di a kisz\u00e1rad\u00e1st\u00f3l, megakad\u00e1lyozza a r\u00e1ncok kialakul\u00e1s\u00e1t.<\/p>\n<p>&nbsp;<\/p>\n<p>\u00f6sszetev\u0151k: Aqua (Water), Rosa Canina Fruit Extract, Propylene Glycol, PEG-40 Hydrogenated Castor Oil, Glycerin, Citrus Aurantifolia Extract, Chelidonium Majus Extract, Cucumis Sativus Extract, Hippophae Rhamnoides Extract, Ascorbyl Tetraisopalmitate, Sodium Hyaluronate, Parfum (Fragrance), Xanthan Gum, Cyclohexasiloxane, Cyclopentasiloxane, Phenoxyethanol, Methylparaben, Butylparaben, Ethylparaben, Propylparaben, DMDM Hydantoin, Disodium EDTA, Alpha-Isomethyl Ionone, Benzyl Benzoate, Benzyl Salicylate, Butylphenyl Methylpropional, Citronellol, Geraniol, Hydroxycitronellal, Hexyl Cinnamal, Hydroxyisohexyl 3-Cyclohexene Carboxaldehyde, Linalool.<\/p>\n","protected":false},"excerpt":{"rendered":"<p>cs\u00f6kkenti a f\u00e1radts\u00e1g t\u00fcneteit, l\u00e1that\u00f3an reduk\u00e1lja a r\u00e1ncokat, elsz\u00ednez\u0151d\u00e9seket&#8230;<\/p>\n","protected":false},"featured_media":22291,"comment_status":"open","ping_status":"closed","template":"","meta":[],"product_cat":[216,125,126,80],"product_tag":[],"yoast_head":"<!-- This site is optimized with the Yoast SEO plugin v22.2 - https:\/\/yoast.com\/wordpress\/plugins\/seo\/ -->\n<title>1 Fiatals\u00e1g Aktiv\u00e1tor Vitamin-sz\u00e9rum injekci\u00f3 \u00e9jszakai 18ml - Eveline Cosmetics Magyarorsz\u00e1g<\/title>\n<meta name=\"robots\" content=\"index, follow, max-snippet:-1, max-image-preview:large, max-video-preview:-1\" \/>\n<link rel=\"canonical\" href=\"https:\/\/www.eveline.hu\/2016\/eveline-kozmetikumok-szepsegapolas\/szepsegapolas\/arcapolas\/fiatalsag-aktivator-vitamin-szerum-injekcio-ejszakai-18ml\/\" \/>\n<meta property=\"og:locale\" content=\"hu_HU\" \/>\n<meta property=\"og:type\" content=\"article\" \/>\n<meta property=\"og:title\" content=\"1 Fiatals\u00e1g Aktiv\u00e1tor Vitamin-sz\u00e9rum injekci\u00f3 \u00e9jszakai 18ml - Eveline Cosmetics Magyarorsz\u00e1g\" \/>\n<meta property=\"og:description\" content=\"cs\u00f6kkenti a f\u00e1radts\u00e1g t\u00fcneteit, l\u00e1that\u00f3an reduk\u00e1lja a r\u00e1ncokat, elsz\u00ednez\u0151d\u00e9seket...\" \/>\n<meta property=\"og:url\" content=\"https:\/\/www.eveline.hu\/2016\/eveline-kozmetikumok-szepsegapolas\/szepsegapolas\/arcapolas\/fiatalsag-aktivator-vitamin-szerum-injekcio-ejszakai-18ml\/\" \/>\n<meta property=\"og:site_name\" content=\"Eveline Cosmetics Magyarorsz\u00e1g\" \/>\n<meta property=\"article:modified_time\" content=\"2025-11-08T07:45:42+00:00\" \/>\n<meta property=\"og:image\" content=\"https:\/\/www.eveline.hu\/2016\/wp-content\/uploads\/2017\/06\/serum-injekci\u00f3.png\" \/>\n\t<meta property=\"og:image:width\" content=\"750\" \/>\n\t<meta property=\"og:image:height\" content=\"750\" \/>\n\t<meta property=\"og:image:type\" content=\"image\/png\" \/>\n<meta name=\"twitter:card\" content=\"summary_large_image\" \/>\n<meta name=\"twitter:label1\" content=\"Becs\u00fclt olvas\u00e1si id\u0151\" \/>\n\t<meta name=\"twitter:data1\" content=\"2 perc\" \/>\n<script type=\"application\/ld+json\" class=\"yoast-schema-graph\">{\"@context\":\"https:\/\/schema.org\",\"@graph\":[{\"@type\":\"WebPage\",\"@id\":\"https:\/\/www.eveline.hu\/2016\/eveline-kozmetikumok-szepsegapolas\/szepsegapolas\/arcapolas\/fiatalsag-aktivator-vitamin-szerum-injekcio-ejszakai-18ml\/\",\"url\":\"https:\/\/www.eveline.hu\/2016\/eveline-kozmetikumok-szepsegapolas\/szepsegapolas\/arcapolas\/fiatalsag-aktivator-vitamin-szerum-injekcio-ejszakai-18ml\/\",\"name\":\"1 Fiatals\u00e1g Aktiv\u00e1tor Vitamin-sz\u00e9rum injekci\u00f3 \u00e9jszakai 18ml - Eveline Cosmetics Magyarorsz\u00e1g\",\"isPartOf\":{\"@id\":\"https:\/\/www.eveline.hu\/2016\/#website\"},\"primaryImageOfPage\":{\"@id\":\"https:\/\/www.eveline.hu\/2016\/eveline-kozmetikumok-szepsegapolas\/szepsegapolas\/arcapolas\/fiatalsag-aktivator-vitamin-szerum-injekcio-ejszakai-18ml\/#primaryimage\"},\"image\":{\"@id\":\"https:\/\/www.eveline.hu\/2016\/eveline-kozmetikumok-szepsegapolas\/szepsegapolas\/arcapolas\/fiatalsag-aktivator-vitamin-szerum-injekcio-ejszakai-18ml\/#primaryimage\"},\"thumbnailUrl\":\"https:\/\/www.eveline.hu\/2016\/wp-content\/uploads\/2017\/06\/serum-injekci\u00f3.png\",\"datePublished\":\"2017-06-14T11:50:27+00:00\",\"dateModified\":\"2025-11-08T07:45:42+00:00\",\"breadcrumb\":{\"@id\":\"https:\/\/www.eveline.hu\/2016\/eveline-kozmetikumok-szepsegapolas\/szepsegapolas\/arcapolas\/fiatalsag-aktivator-vitamin-szerum-injekcio-ejszakai-18ml\/#breadcrumb\"},\"inLanguage\":\"hu\",\"potentialAction\":[{\"@type\":\"ReadAction\",\"target\":[\"https:\/\/www.eveline.hu\/2016\/eveline-kozmetikumok-szepsegapolas\/szepsegapolas\/arcapolas\/fiatalsag-aktivator-vitamin-szerum-injekcio-ejszakai-18ml\/\"]}]},{\"@type\":\"ImageObject\",\"inLanguage\":\"hu\",\"@id\":\"https:\/\/www.eveline.hu\/2016\/eveline-kozmetikumok-szepsegapolas\/szepsegapolas\/arcapolas\/fiatalsag-aktivator-vitamin-szerum-injekcio-ejszakai-18ml\/#primaryimage\",\"url\":\"https:\/\/www.eveline.hu\/2016\/wp-content\/uploads\/2017\/06\/serum-injekci\u00f3.png\",\"contentUrl\":\"https:\/\/www.eveline.hu\/2016\/wp-content\/uploads\/2017\/06\/serum-injekci\u00f3.png\",\"width\":750,\"height\":750},{\"@type\":\"BreadcrumbList\",\"@id\":\"https:\/\/www.eveline.hu\/2016\/eveline-kozmetikumok-szepsegapolas\/szepsegapolas\/arcapolas\/fiatalsag-aktivator-vitamin-szerum-injekcio-ejszakai-18ml\/#breadcrumb\",\"itemListElement\":[{\"@type\":\"ListItem\",\"position\":1,\"name\":\"Home\",\"item\":\"https:\/\/www.eveline.hu\/2016\/\"},{\"@type\":\"ListItem\",\"position\":2,\"name\":\"Term\u00e9kek\",\"item\":\"https:\/\/www.eveline.hu\/2016\/shop\/\"},{\"@type\":\"ListItem\",\"position\":3,\"name\":\"1 Fiatals\u00e1g Aktiv\u00e1tor Vitamin-sz\u00e9rum injekci\u00f3 \u00e9jszakai 18ml\"}]},{\"@type\":\"WebSite\",\"@id\":\"https:\/\/www.eveline.hu\/2016\/#website\",\"url\":\"https:\/\/www.eveline.hu\/2016\/\",\"name\":\"Eveline Cosmetics Magyarorsz\u00e1g\",\"description\":\"Min\u0151s\u00e9gi kozmetikumok Lengyelorsz\u00e1gb\u00f3l\",\"potentialAction\":[{\"@type\":\"SearchAction\",\"target\":{\"@type\":\"EntryPoint\",\"urlTemplate\":\"https:\/\/www.eveline.hu\/2016\/?s={search_term_string}\"},\"query-input\":\"required name=search_term_string\"}],\"inLanguage\":\"hu\"}]}<\/script>\n<!-- \/ Yoast SEO plugin. -->","yoast_head_json":{"title":"1 Fiatals\u00e1g Aktiv\u00e1tor Vitamin-sz\u00e9rum injekci\u00f3 \u00e9jszakai 18ml - Eveline Cosmetics Magyarorsz\u00e1g","robots":{"index":"index","follow":"follow","max-snippet":"max-snippet:-1","max-image-preview":"max-image-preview:large","max-video-preview":"max-video-preview:-1"},"canonical":"https:\/\/www.eveline.hu\/2016\/eveline-kozmetikumok-szepsegapolas\/szepsegapolas\/arcapolas\/fiatalsag-aktivator-vitamin-szerum-injekcio-ejszakai-18ml\/","og_locale":"hu_HU","og_type":"article","og_title":"1 Fiatals\u00e1g Aktiv\u00e1tor Vitamin-sz\u00e9rum injekci\u00f3 \u00e9jszakai 18ml - Eveline Cosmetics Magyarorsz\u00e1g","og_description":"cs\u00f6kkenti a f\u00e1radts\u00e1g t\u00fcneteit, l\u00e1that\u00f3an reduk\u00e1lja a r\u00e1ncokat, elsz\u00ednez\u0151d\u00e9seket...","og_url":"https:\/\/www.eveline.hu\/2016\/eveline-kozmetikumok-szepsegapolas\/szepsegapolas\/arcapolas\/fiatalsag-aktivator-vitamin-szerum-injekcio-ejszakai-18ml\/","og_site_name":"Eveline Cosmetics Magyarorsz\u00e1g","article_modified_time":"2025-11-08T07:45:42+00:00","og_image":[{"width":750,"height":750,"url":"https:\/\/www.eveline.hu\/2016\/wp-content\/uploads\/2017\/06\/serum-injekci\u00f3.png","type":"image\/png"}],"twitter_card":"summary_large_image","twitter_misc":{"Becs\u00fclt olvas\u00e1si id\u0151":"2 perc"},"schema":{"@context":"https:\/\/schema.org","@graph":[{"@type":"WebPage","@id":"https:\/\/www.eveline.hu\/2016\/eveline-kozmetikumok-szepsegapolas\/szepsegapolas\/arcapolas\/fiatalsag-aktivator-vitamin-szerum-injekcio-ejszakai-18ml\/","url":"https:\/\/www.eveline.hu\/2016\/eveline-kozmetikumok-szepsegapolas\/szepsegapolas\/arcapolas\/fiatalsag-aktivator-vitamin-szerum-injekcio-ejszakai-18ml\/","name":"1 Fiatals\u00e1g Aktiv\u00e1tor Vitamin-sz\u00e9rum injekci\u00f3 \u00e9jszakai 18ml - Eveline Cosmetics Magyarorsz\u00e1g","isPartOf":{"@id":"https:\/\/www.eveline.hu\/2016\/#website"},"primaryImageOfPage":{"@id":"https:\/\/www.eveline.hu\/2016\/eveline-kozmetikumok-szepsegapolas\/szepsegapolas\/arcapolas\/fiatalsag-aktivator-vitamin-szerum-injekcio-ejszakai-18ml\/#primaryimage"},"image":{"@id":"https:\/\/www.eveline.hu\/2016\/eveline-kozmetikumok-szepsegapolas\/szepsegapolas\/arcapolas\/fiatalsag-aktivator-vitamin-szerum-injekcio-ejszakai-18ml\/#primaryimage"},"thumbnailUrl":"https:\/\/www.eveline.hu\/2016\/wp-content\/uploads\/2017\/06\/serum-injekci\u00f3.png","datePublished":"2017-06-14T11:50:27+00:00","dateModified":"2025-11-08T07:45:42+00:00","breadcrumb":{"@id":"https:\/\/www.eveline.hu\/2016\/eveline-kozmetikumok-szepsegapolas\/szepsegapolas\/arcapolas\/fiatalsag-aktivator-vitamin-szerum-injekcio-ejszakai-18ml\/#breadcrumb"},"inLanguage":"hu","potentialAction":[{"@type":"ReadAction","target":["https:\/\/www.eveline.hu\/2016\/eveline-kozmetikumok-szepsegapolas\/szepsegapolas\/arcapolas\/fiatalsag-aktivator-vitamin-szerum-injekcio-ejszakai-18ml\/"]}]},{"@type":"ImageObject","inLanguage":"hu","@id":"https:\/\/www.eveline.hu\/2016\/eveline-kozmetikumok-szepsegapolas\/szepsegapolas\/arcapolas\/fiatalsag-aktivator-vitamin-szerum-injekcio-ejszakai-18ml\/#primaryimage","url":"https:\/\/www.eveline.hu\/2016\/wp-content\/uploads\/2017\/06\/serum-injekci\u00f3.png","contentUrl":"https:\/\/www.eveline.hu\/2016\/wp-content\/uploads\/2017\/06\/serum-injekci\u00f3.png","width":750,"height":750},{"@type":"BreadcrumbList","@id":"https:\/\/www.eveline.hu\/2016\/eveline-kozmetikumok-szepsegapolas\/szepsegapolas\/arcapolas\/fiatalsag-aktivator-vitamin-szerum-injekcio-ejszakai-18ml\/#breadcrumb","itemListElement":[{"@type":"ListItem","position":1,"name":"Home","item":"https:\/\/www.eveline.hu\/2016\/"},{"@type":"ListItem","position":2,"name":"Term\u00e9kek","item":"https:\/\/www.eveline.hu\/2016\/shop\/"},{"@type":"ListItem","position":3,"name":"1 Fiatals\u00e1g Aktiv\u00e1tor Vitamin-sz\u00e9rum injekci\u00f3 \u00e9jszakai 18ml"}]},{"@type":"WebSite","@id":"https:\/\/www.eveline.hu\/2016\/#website","url":"https:\/\/www.eveline.hu\/2016\/","name":"Eveline Cosmetics Magyarorsz\u00e1g","description":"Min\u0151s\u00e9gi kozmetikumok Lengyelorsz\u00e1gb\u00f3l","potentialAction":[{"@type":"SearchAction","target":{"@type":"EntryPoint","urlTemplate":"https:\/\/www.eveline.hu\/2016\/?s={search_term_string}"},"query-input":"required name=search_term_string"}],"inLanguage":"hu"}]}},"_links":{"self":[{"href":"https:\/\/www.eveline.hu\/2016\/wp-json\/wp\/v2\/product\/22290"}],"collection":[{"href":"https:\/\/www.eveline.hu\/2016\/wp-json\/wp\/v2\/product"}],"about":[{"href":"https:\/\/www.eveline.hu\/2016\/wp-json\/wp\/v2\/types\/product"}],"replies":[{"embeddable":true,"href":"https:\/\/www.eveline.hu\/2016\/wp-json\/wp\/v2\/comments?post=22290"}],"wp:featuredmedia":[{"embeddable":true,"href":"https:\/\/www.eveline.hu\/2016\/wp-json\/wp\/v2\/media\/22291"}],"wp:attachment":[{"href":"https:\/\/www.eveline.hu\/2016\/wp-json\/wp\/v2\/media?parent=22290"}],"wp:term":[{"taxonomy":"product_cat","embeddable":true,"href":"https:\/\/www.eveline.hu\/2016\/wp-json\/wp\/v2\/product_cat?post=22290"},{"taxonomy":"product_tag","embeddable":true,"href":"https:\/\/www.eveline.hu\/2016\/wp-json\/wp\/v2\/product_tag?post=22290"}],"curies":[{"name":"wp","href":"https:\/\/api.w.org\/{rel}","templated":true}]}}