{"id":22182,"date":"2017-04-08T19:22:47","date_gmt":"2017-04-08T17:22:47","guid":{"rendered":"http:\/\/www.eveline.hu\/2016\/?post_type=product&#038;p=22182"},"modified":"2024-08-13T17:51:51","modified_gmt":"2024-08-13T15:51:51","slug":"slim-extreme-4d-kozmetikai-zsirleszivas-intenziv-karcsusito-formazo-szerum-250ml","status":"publish","type":"product","link":"https:\/\/www.eveline.hu\/2016\/eveline-kozmetikumok-szepsegapolas\/szepsegapolas\/testapolas\/slim-extreme-4d-kozmetikai-zsirleszivas-intenziv-karcsusito-formazo-szerum-250ml\/","title":{"rendered":"Slim Extreme 4D Kozmetikai zs\u00edrlesz\u00edv\u00e1s Intenz\u00edv Karcs\u00fas\u00edt\u00f3&#038;Form\u00e1z\u00f3 Sz\u00e9rum 250ml"},"content":{"rendered":"<p><strong>Kozmetikai zs\u00edrlesz\u00edv\u00e1s <\/strong><strong>Intenz\u00edv Karcs\u00fas\u00edt\u00f3 \u00a0+ Form\u00e1z\u00f3 Sz\u00e9rum<\/strong><\/p>\n<p>H\u0171s\u00edt\u0151 formula. Akad\u00e1lyozza a zs\u00edrsz\u00f6vet n\u00f6veked\u00e9st.<\/p>\n<p>A zs\u00edrlesz\u00edv\u00e1st tartj\u00e1k az eszt\u00e9tikai orvosi kezel\u00e9s leghat\u00e9konyabb sziluett karcs\u00fas\u00edt\u00f3 m\u00f3dszer\u00e9nek. Ez mag\u00e1ba foglalja a felhalmoz\u00f3dott zs\u00edr v\u00e9gleges elt\u00e1vol\u00edt\u00e1s\u00e1t a test azon r\u00e9szeir\u0151l , mely hajlamos annak \u00f6sszegy\u0171jt\u00e9s\u00e9re (cs\u00edp\u0151, comb, has, fen\u00e9k).<\/p>\n<p>A <strong>LIPOCELL-SLIM\u2122 komplexen<\/strong>,<strong> ENERGISOMES Q10 <\/strong>\u00e9s<strong> L-karnitin<\/strong> \u00f6sszetev\u0151k\u00f6n alapul\u00f3, forradalmi \u00a0<strong>LIPO-DRILL 4D TECHNOLOGY\u2122 <\/strong>technol\u00f3gia, az invaz\u00edv mentes\u00a0 zs\u00edrlesz\u00edv\u00e1snak l\u00e1tv\u00e1nyos karcs\u00fas\u00edt\u00f3 m\u0171k\u00f6d\u00e9st biztos\u00edt.<\/p>\n<p><strong>Akt\u00edv \u00f6sszetev\u0151k<\/strong>:<\/p>\n<p>LIPOCELL-SLIM<strong>\u2122<\/strong>\u00a0 * ISOCELL SLIM COMPLEX = h\u00e1rmas koncentr\u00e1ci\u00f3j\u00fa koffein + repk\u00e9ny kivonat + centella asiatica * \u00a0L-karnitin * energisomes Q10 + ginko biloba kivonat * kollag\u00e9n + elasztin + laminaria alga.<\/p>\n<p>&nbsp;<\/p>\n<p>\u00f6sszetev\u0151k: Aqua (Water), Glycerin, Butylene Glycol, Centella Asiatica Leaf Extract, Glycine Soja Oil, Cetyl Alcohol, Alcohol Denat., Laminaria Hyperborea Extract, Propylene Glycol, Ginkgo Biloba Leaf Extract, Hedera Helix Leaf Extract, Caffeine, Glyceryl Stearate Se, Dimethicone, Sodium Polyacrylate, Sodium Salicylate, Lecithin, Silica, Collagen, Hydrolyzed Elastin, Imidazolidinyl Urea, Phenoxyethanol, Ethylhexylglycerin, Citric Acid, Sodium Benzoate, Sodium Citrate, Potassium Sorbate, Sorbic Acid, Carnitine, Ubiquinone, Tocopherol, Trisodium Edta, Menthol, Maris Sal, Dmdm Hydantoin, Methylparaben, Butylparaben, Ethylparaben, Propylparaben, Parfum (Fragrance).<\/p>\n","protected":false},"excerpt":{"rendered":"<p>250ml ( 9996 Ft\/l )<\/p>\n<p>forradalmi \u00a0<strong>LIPO-DRILL 4D TECHNOLOGY\u2122 <\/strong>technol\u00f3gia, az invaz\u00edv mentes\u00a0 zs\u00edrlesz\u00edv\u00e1snak l\u00e1tv\u00e1nyos karcs\u00fas\u00edt\u00f3 m\u0171k\u00f6d\u00e9st biztos\u00edt&#8230;<\/p>\n","protected":false},"featured_media":22184,"comment_status":"open","ping_status":"closed","template":"","meta":[],"product_cat":[125,127,104],"product_tag":[],"yoast_head":"<!-- This site is optimized with the Yoast SEO plugin v22.2 - https:\/\/yoast.com\/wordpress\/plugins\/seo\/ -->\n<title>Slim Extreme 4D Kozmetikai zs\u00edrlesz\u00edv\u00e1s Intenz\u00edv Karcs\u00fas\u00edt\u00f3&amp;Form\u00e1z\u00f3 Sz\u00e9rum 250ml - Eveline Cosmetics Magyarorsz\u00e1g<\/title>\n<meta name=\"robots\" content=\"index, follow, max-snippet:-1, max-image-preview:large, max-video-preview:-1\" \/>\n<link rel=\"canonical\" href=\"https:\/\/www.eveline.hu\/2016\/eveline-kozmetikumok-szepsegapolas\/szepsegapolas\/testapolas\/slim-extreme-4d-kozmetikai-zsirleszivas-intenziv-karcsusito-formazo-szerum-250ml\/\" \/>\n<meta property=\"og:locale\" content=\"hu_HU\" \/>\n<meta property=\"og:type\" content=\"article\" \/>\n<meta property=\"og:title\" content=\"Slim Extreme 4D Kozmetikai zs\u00edrlesz\u00edv\u00e1s Intenz\u00edv Karcs\u00fas\u00edt\u00f3&amp;Form\u00e1z\u00f3 Sz\u00e9rum 250ml - Eveline Cosmetics Magyarorsz\u00e1g\" \/>\n<meta property=\"og:description\" content=\"250ml ( 9996 Ft\/l )  forradalmi \u00a0LIPO-DRILL 4D TECHNOLOGY\u2122 technol\u00f3gia, az invaz\u00edv mentes\u00a0 zs\u00edrlesz\u00edv\u00e1snak l\u00e1tv\u00e1nyos karcs\u00fas\u00edt\u00f3 m\u0171k\u00f6d\u00e9st biztos\u00edt...\" \/>\n<meta property=\"og:url\" content=\"https:\/\/www.eveline.hu\/2016\/eveline-kozmetikumok-szepsegapolas\/szepsegapolas\/testapolas\/slim-extreme-4d-kozmetikai-zsirleszivas-intenziv-karcsusito-formazo-szerum-250ml\/\" \/>\n<meta property=\"og:site_name\" content=\"Eveline Cosmetics Magyarorsz\u00e1g\" \/>\n<meta property=\"article:modified_time\" content=\"2024-08-13T15:51:51+00:00\" \/>\n<meta property=\"og:image\" content=\"https:\/\/www.eveline.hu\/2016\/wp-content\/uploads\/2017\/04\/Slim-liposuction.png\" \/>\n\t<meta property=\"og:image:width\" content=\"750\" \/>\n\t<meta property=\"og:image:height\" content=\"750\" \/>\n\t<meta property=\"og:image:type\" content=\"image\/png\" \/>\n<meta name=\"twitter:card\" content=\"summary_large_image\" \/>\n<meta name=\"twitter:label1\" content=\"Becs\u00fclt olvas\u00e1si id\u0151\" \/>\n\t<meta name=\"twitter:data1\" content=\"1 perc\" \/>\n<script type=\"application\/ld+json\" class=\"yoast-schema-graph\">{\"@context\":\"https:\/\/schema.org\",\"@graph\":[{\"@type\":\"WebPage\",\"@id\":\"https:\/\/www.eveline.hu\/2016\/eveline-kozmetikumok-szepsegapolas\/szepsegapolas\/testapolas\/slim-extreme-4d-kozmetikai-zsirleszivas-intenziv-karcsusito-formazo-szerum-250ml\/\",\"url\":\"https:\/\/www.eveline.hu\/2016\/eveline-kozmetikumok-szepsegapolas\/szepsegapolas\/testapolas\/slim-extreme-4d-kozmetikai-zsirleszivas-intenziv-karcsusito-formazo-szerum-250ml\/\",\"name\":\"Slim Extreme 4D Kozmetikai zs\u00edrlesz\u00edv\u00e1s Intenz\u00edv Karcs\u00fas\u00edt\u00f3&Form\u00e1z\u00f3 Sz\u00e9rum 250ml - Eveline Cosmetics Magyarorsz\u00e1g\",\"isPartOf\":{\"@id\":\"https:\/\/www.eveline.hu\/2016\/#website\"},\"primaryImageOfPage\":{\"@id\":\"https:\/\/www.eveline.hu\/2016\/eveline-kozmetikumok-szepsegapolas\/szepsegapolas\/testapolas\/slim-extreme-4d-kozmetikai-zsirleszivas-intenziv-karcsusito-formazo-szerum-250ml\/#primaryimage\"},\"image\":{\"@id\":\"https:\/\/www.eveline.hu\/2016\/eveline-kozmetikumok-szepsegapolas\/szepsegapolas\/testapolas\/slim-extreme-4d-kozmetikai-zsirleszivas-intenziv-karcsusito-formazo-szerum-250ml\/#primaryimage\"},\"thumbnailUrl\":\"https:\/\/www.eveline.hu\/2016\/wp-content\/uploads\/2017\/04\/Slim-liposuction.png\",\"datePublished\":\"2017-04-08T17:22:47+00:00\",\"dateModified\":\"2024-08-13T15:51:51+00:00\",\"breadcrumb\":{\"@id\":\"https:\/\/www.eveline.hu\/2016\/eveline-kozmetikumok-szepsegapolas\/szepsegapolas\/testapolas\/slim-extreme-4d-kozmetikai-zsirleszivas-intenziv-karcsusito-formazo-szerum-250ml\/#breadcrumb\"},\"inLanguage\":\"hu\",\"potentialAction\":[{\"@type\":\"ReadAction\",\"target\":[\"https:\/\/www.eveline.hu\/2016\/eveline-kozmetikumok-szepsegapolas\/szepsegapolas\/testapolas\/slim-extreme-4d-kozmetikai-zsirleszivas-intenziv-karcsusito-formazo-szerum-250ml\/\"]}]},{\"@type\":\"ImageObject\",\"inLanguage\":\"hu\",\"@id\":\"https:\/\/www.eveline.hu\/2016\/eveline-kozmetikumok-szepsegapolas\/szepsegapolas\/testapolas\/slim-extreme-4d-kozmetikai-zsirleszivas-intenziv-karcsusito-formazo-szerum-250ml\/#primaryimage\",\"url\":\"https:\/\/www.eveline.hu\/2016\/wp-content\/uploads\/2017\/04\/Slim-liposuction.png\",\"contentUrl\":\"https:\/\/www.eveline.hu\/2016\/wp-content\/uploads\/2017\/04\/Slim-liposuction.png\",\"width\":750,\"height\":750},{\"@type\":\"BreadcrumbList\",\"@id\":\"https:\/\/www.eveline.hu\/2016\/eveline-kozmetikumok-szepsegapolas\/szepsegapolas\/testapolas\/slim-extreme-4d-kozmetikai-zsirleszivas-intenziv-karcsusito-formazo-szerum-250ml\/#breadcrumb\",\"itemListElement\":[{\"@type\":\"ListItem\",\"position\":1,\"name\":\"Home\",\"item\":\"https:\/\/www.eveline.hu\/2016\/\"},{\"@type\":\"ListItem\",\"position\":2,\"name\":\"Term\u00e9kek\",\"item\":\"https:\/\/www.eveline.hu\/2016\/shop\/\"},{\"@type\":\"ListItem\",\"position\":3,\"name\":\"Slim Extreme 4D Kozmetikai zs\u00edrlesz\u00edv\u00e1s Intenz\u00edv Karcs\u00fas\u00edt\u00f3&#038;Form\u00e1z\u00f3 Sz\u00e9rum 250ml\"}]},{\"@type\":\"WebSite\",\"@id\":\"https:\/\/www.eveline.hu\/2016\/#website\",\"url\":\"https:\/\/www.eveline.hu\/2016\/\",\"name\":\"Eveline Cosmetics Magyarorsz\u00e1g\",\"description\":\"Min\u0151s\u00e9gi kozmetikumok Lengyelorsz\u00e1gb\u00f3l\",\"potentialAction\":[{\"@type\":\"SearchAction\",\"target\":{\"@type\":\"EntryPoint\",\"urlTemplate\":\"https:\/\/www.eveline.hu\/2016\/?s={search_term_string}\"},\"query-input\":\"required name=search_term_string\"}],\"inLanguage\":\"hu\"}]}<\/script>\n<!-- \/ Yoast SEO plugin. -->","yoast_head_json":{"title":"Slim Extreme 4D Kozmetikai zs\u00edrlesz\u00edv\u00e1s Intenz\u00edv Karcs\u00fas\u00edt\u00f3&Form\u00e1z\u00f3 Sz\u00e9rum 250ml - Eveline Cosmetics Magyarorsz\u00e1g","robots":{"index":"index","follow":"follow","max-snippet":"max-snippet:-1","max-image-preview":"max-image-preview:large","max-video-preview":"max-video-preview:-1"},"canonical":"https:\/\/www.eveline.hu\/2016\/eveline-kozmetikumok-szepsegapolas\/szepsegapolas\/testapolas\/slim-extreme-4d-kozmetikai-zsirleszivas-intenziv-karcsusito-formazo-szerum-250ml\/","og_locale":"hu_HU","og_type":"article","og_title":"Slim Extreme 4D Kozmetikai zs\u00edrlesz\u00edv\u00e1s Intenz\u00edv Karcs\u00fas\u00edt\u00f3&Form\u00e1z\u00f3 Sz\u00e9rum 250ml - Eveline Cosmetics Magyarorsz\u00e1g","og_description":"250ml ( 9996 Ft\/l )  forradalmi \u00a0LIPO-DRILL 4D TECHNOLOGY\u2122 technol\u00f3gia, az invaz\u00edv mentes\u00a0 zs\u00edrlesz\u00edv\u00e1snak l\u00e1tv\u00e1nyos karcs\u00fas\u00edt\u00f3 m\u0171k\u00f6d\u00e9st biztos\u00edt...","og_url":"https:\/\/www.eveline.hu\/2016\/eveline-kozmetikumok-szepsegapolas\/szepsegapolas\/testapolas\/slim-extreme-4d-kozmetikai-zsirleszivas-intenziv-karcsusito-formazo-szerum-250ml\/","og_site_name":"Eveline Cosmetics Magyarorsz\u00e1g","article_modified_time":"2024-08-13T15:51:51+00:00","og_image":[{"width":750,"height":750,"url":"https:\/\/www.eveline.hu\/2016\/wp-content\/uploads\/2017\/04\/Slim-liposuction.png","type":"image\/png"}],"twitter_card":"summary_large_image","twitter_misc":{"Becs\u00fclt olvas\u00e1si id\u0151":"1 perc"},"schema":{"@context":"https:\/\/schema.org","@graph":[{"@type":"WebPage","@id":"https:\/\/www.eveline.hu\/2016\/eveline-kozmetikumok-szepsegapolas\/szepsegapolas\/testapolas\/slim-extreme-4d-kozmetikai-zsirleszivas-intenziv-karcsusito-formazo-szerum-250ml\/","url":"https:\/\/www.eveline.hu\/2016\/eveline-kozmetikumok-szepsegapolas\/szepsegapolas\/testapolas\/slim-extreme-4d-kozmetikai-zsirleszivas-intenziv-karcsusito-formazo-szerum-250ml\/","name":"Slim Extreme 4D Kozmetikai zs\u00edrlesz\u00edv\u00e1s Intenz\u00edv Karcs\u00fas\u00edt\u00f3&Form\u00e1z\u00f3 Sz\u00e9rum 250ml - Eveline Cosmetics Magyarorsz\u00e1g","isPartOf":{"@id":"https:\/\/www.eveline.hu\/2016\/#website"},"primaryImageOfPage":{"@id":"https:\/\/www.eveline.hu\/2016\/eveline-kozmetikumok-szepsegapolas\/szepsegapolas\/testapolas\/slim-extreme-4d-kozmetikai-zsirleszivas-intenziv-karcsusito-formazo-szerum-250ml\/#primaryimage"},"image":{"@id":"https:\/\/www.eveline.hu\/2016\/eveline-kozmetikumok-szepsegapolas\/szepsegapolas\/testapolas\/slim-extreme-4d-kozmetikai-zsirleszivas-intenziv-karcsusito-formazo-szerum-250ml\/#primaryimage"},"thumbnailUrl":"https:\/\/www.eveline.hu\/2016\/wp-content\/uploads\/2017\/04\/Slim-liposuction.png","datePublished":"2017-04-08T17:22:47+00:00","dateModified":"2024-08-13T15:51:51+00:00","breadcrumb":{"@id":"https:\/\/www.eveline.hu\/2016\/eveline-kozmetikumok-szepsegapolas\/szepsegapolas\/testapolas\/slim-extreme-4d-kozmetikai-zsirleszivas-intenziv-karcsusito-formazo-szerum-250ml\/#breadcrumb"},"inLanguage":"hu","potentialAction":[{"@type":"ReadAction","target":["https:\/\/www.eveline.hu\/2016\/eveline-kozmetikumok-szepsegapolas\/szepsegapolas\/testapolas\/slim-extreme-4d-kozmetikai-zsirleszivas-intenziv-karcsusito-formazo-szerum-250ml\/"]}]},{"@type":"ImageObject","inLanguage":"hu","@id":"https:\/\/www.eveline.hu\/2016\/eveline-kozmetikumok-szepsegapolas\/szepsegapolas\/testapolas\/slim-extreme-4d-kozmetikai-zsirleszivas-intenziv-karcsusito-formazo-szerum-250ml\/#primaryimage","url":"https:\/\/www.eveline.hu\/2016\/wp-content\/uploads\/2017\/04\/Slim-liposuction.png","contentUrl":"https:\/\/www.eveline.hu\/2016\/wp-content\/uploads\/2017\/04\/Slim-liposuction.png","width":750,"height":750},{"@type":"BreadcrumbList","@id":"https:\/\/www.eveline.hu\/2016\/eveline-kozmetikumok-szepsegapolas\/szepsegapolas\/testapolas\/slim-extreme-4d-kozmetikai-zsirleszivas-intenziv-karcsusito-formazo-szerum-250ml\/#breadcrumb","itemListElement":[{"@type":"ListItem","position":1,"name":"Home","item":"https:\/\/www.eveline.hu\/2016\/"},{"@type":"ListItem","position":2,"name":"Term\u00e9kek","item":"https:\/\/www.eveline.hu\/2016\/shop\/"},{"@type":"ListItem","position":3,"name":"Slim Extreme 4D Kozmetikai zs\u00edrlesz\u00edv\u00e1s Intenz\u00edv Karcs\u00fas\u00edt\u00f3&#038;Form\u00e1z\u00f3 Sz\u00e9rum 250ml"}]},{"@type":"WebSite","@id":"https:\/\/www.eveline.hu\/2016\/#website","url":"https:\/\/www.eveline.hu\/2016\/","name":"Eveline Cosmetics Magyarorsz\u00e1g","description":"Min\u0151s\u00e9gi kozmetikumok Lengyelorsz\u00e1gb\u00f3l","potentialAction":[{"@type":"SearchAction","target":{"@type":"EntryPoint","urlTemplate":"https:\/\/www.eveline.hu\/2016\/?s={search_term_string}"},"query-input":"required name=search_term_string"}],"inLanguage":"hu"}]}},"_links":{"self":[{"href":"https:\/\/www.eveline.hu\/2016\/wp-json\/wp\/v2\/product\/22182"}],"collection":[{"href":"https:\/\/www.eveline.hu\/2016\/wp-json\/wp\/v2\/product"}],"about":[{"href":"https:\/\/www.eveline.hu\/2016\/wp-json\/wp\/v2\/types\/product"}],"replies":[{"embeddable":true,"href":"https:\/\/www.eveline.hu\/2016\/wp-json\/wp\/v2\/comments?post=22182"}],"wp:featuredmedia":[{"embeddable":true,"href":"https:\/\/www.eveline.hu\/2016\/wp-json\/wp\/v2\/media\/22184"}],"wp:attachment":[{"href":"https:\/\/www.eveline.hu\/2016\/wp-json\/wp\/v2\/media?parent=22182"}],"wp:term":[{"taxonomy":"product_cat","embeddable":true,"href":"https:\/\/www.eveline.hu\/2016\/wp-json\/wp\/v2\/product_cat?post=22182"},{"taxonomy":"product_tag","embeddable":true,"href":"https:\/\/www.eveline.hu\/2016\/wp-json\/wp\/v2\/product_tag?post=22182"}],"curies":[{"name":"wp","href":"https:\/\/api.w.org\/{rel}","templated":true}]}}