{"id":22170,"date":"2017-03-31T08:19:59","date_gmt":"2017-03-31T06:19:59","guid":{"rendered":"http:\/\/www.eveline.hu\/2016\/?post_type=product&#038;p=22170"},"modified":"2025-04-14T10:39:38","modified_gmt":"2025-04-14T08:39:38","slug":"big-volume-lash-revelashes-szempillaspiral-10ml","status":"publish","type":"product","link":"https:\/\/www.eveline.hu\/2016\/eveline-kozmetikumok-szepsegapolas\/smink\/szem\/szempillaspiralok\/big-volume-lash-revelashes-szempillaspiral-10ml\/","title":{"rendered":"BIG VOLUME LASH REVELASHES szempillaspir\u00e1l 10ml"},"content":{"rendered":"<p>Az \u00faj szempillaspir\u00e1l \u00f6tv\u00f6zi a speci\u00e1lis formul\u00e1t \u00e9s a bizony\u00edtott hat\u00e9konys\u00e1g\u00fa forradalmian kialak\u00edtott szilikonos kef\u00e9t, amely igazi m\u0171szempilla hat\u00e1st biztos\u00edt!<\/p>\n<p>Kr\u00e9mes \u00e1llaga gazdag\u00edtva lett B5 proteinnel \u00e9s term\u00e9szetes viaszokkal. \u00a0A karnauba vastag\u00edtja a szemill\u00e1kat, a t\u0151v\u00e9t\u0151l a v\u00e9g\u00e9ig.<\/p>\n<p>Hosszan tart\u00f3 formul\u00e1ja biztos\u00edtja, az eg\u00e9sz napos, elken\u0151d\u00e9s n\u00e9lk\u00fcli sminket.<\/p>\n<p>&nbsp;<\/p>\n<p>\u00f6sszetev\u0151k: Aqua, Synthetic Beeswax, Paraffin, Acacia Senegal Gum, Stearic Acid, Triethanolamine, Palmitic Acid, Butylene Glycol, Copernicia Cerifera Cera, Glyceryl Stearate, Polybutene, VP\/Eicosene Copolymer, Oryza Sativa Cera, Hydroxyethylcellulose, Myristic Acid, Arachidic Acid, Behenic Acid, Oleic Acid, Phenoxyethanol, Methylparaben, Propylparaben, CI 77499.<\/p>\n","protected":false},"excerpt":{"rendered":"<p>m\u0171szempilla hat\u00e1s<\/p>\n","protected":false},"featured_media":22171,"comment_status":"open","ping_status":"closed","template":"","meta":[],"product_cat":[130,132,149],"product_tag":[],"yoast_head":"<!-- This site is optimized with the Yoast SEO plugin v22.2 - https:\/\/yoast.com\/wordpress\/plugins\/seo\/ -->\n<title>BIG VOLUME LASH REVELASHES szempillaspir\u00e1l 10ml - Eveline Cosmetics Magyarorsz\u00e1g<\/title>\n<meta name=\"robots\" content=\"index, follow, max-snippet:-1, max-image-preview:large, max-video-preview:-1\" \/>\n<link rel=\"canonical\" href=\"https:\/\/www.eveline.hu\/2016\/eveline-kozmetikumok-szepsegapolas\/smink\/szem\/szempillaspiralok\/big-volume-lash-revelashes-szempillaspiral-10ml\/\" \/>\n<meta property=\"og:locale\" content=\"hu_HU\" \/>\n<meta property=\"og:type\" content=\"article\" \/>\n<meta property=\"og:title\" content=\"BIG VOLUME LASH REVELASHES szempillaspir\u00e1l 10ml - Eveline Cosmetics Magyarorsz\u00e1g\" \/>\n<meta property=\"og:description\" content=\"m\u0171szempilla hat\u00e1s\" \/>\n<meta property=\"og:url\" content=\"https:\/\/www.eveline.hu\/2016\/eveline-kozmetikumok-szepsegapolas\/smink\/szem\/szempillaspiralok\/big-volume-lash-revelashes-szempillaspiral-10ml\/\" \/>\n<meta property=\"og:site_name\" content=\"Eveline Cosmetics Magyarorsz\u00e1g\" \/>\n<meta property=\"article:modified_time\" content=\"2025-04-14T08:39:38+00:00\" \/>\n<meta property=\"og:image\" content=\"https:\/\/www.eveline.hu\/2016\/wp-content\/uploads\/2017\/03\/Spir\u00e1l_BIG-Volume-revelashes.png\" \/>\n\t<meta property=\"og:image:width\" content=\"750\" \/>\n\t<meta property=\"og:image:height\" content=\"750\" \/>\n\t<meta property=\"og:image:type\" content=\"image\/png\" \/>\n<meta name=\"twitter:card\" content=\"summary_large_image\" \/>\n<meta name=\"twitter:label1\" content=\"Becs\u00fclt olvas\u00e1si id\u0151\" \/>\n\t<meta name=\"twitter:data1\" content=\"1 perc\" \/>\n<script type=\"application\/ld+json\" class=\"yoast-schema-graph\">{\"@context\":\"https:\/\/schema.org\",\"@graph\":[{\"@type\":\"WebPage\",\"@id\":\"https:\/\/www.eveline.hu\/2016\/eveline-kozmetikumok-szepsegapolas\/smink\/szem\/szempillaspiralok\/big-volume-lash-revelashes-szempillaspiral-10ml\/\",\"url\":\"https:\/\/www.eveline.hu\/2016\/eveline-kozmetikumok-szepsegapolas\/smink\/szem\/szempillaspiralok\/big-volume-lash-revelashes-szempillaspiral-10ml\/\",\"name\":\"BIG VOLUME LASH REVELASHES szempillaspir\u00e1l 10ml - Eveline Cosmetics Magyarorsz\u00e1g\",\"isPartOf\":{\"@id\":\"https:\/\/www.eveline.hu\/2016\/#website\"},\"primaryImageOfPage\":{\"@id\":\"https:\/\/www.eveline.hu\/2016\/eveline-kozmetikumok-szepsegapolas\/smink\/szem\/szempillaspiralok\/big-volume-lash-revelashes-szempillaspiral-10ml\/#primaryimage\"},\"image\":{\"@id\":\"https:\/\/www.eveline.hu\/2016\/eveline-kozmetikumok-szepsegapolas\/smink\/szem\/szempillaspiralok\/big-volume-lash-revelashes-szempillaspiral-10ml\/#primaryimage\"},\"thumbnailUrl\":\"https:\/\/www.eveline.hu\/2016\/wp-content\/uploads\/2017\/03\/Spir\u00e1l_BIG-Volume-revelashes.png\",\"datePublished\":\"2017-03-31T06:19:59+00:00\",\"dateModified\":\"2025-04-14T08:39:38+00:00\",\"breadcrumb\":{\"@id\":\"https:\/\/www.eveline.hu\/2016\/eveline-kozmetikumok-szepsegapolas\/smink\/szem\/szempillaspiralok\/big-volume-lash-revelashes-szempillaspiral-10ml\/#breadcrumb\"},\"inLanguage\":\"hu\",\"potentialAction\":[{\"@type\":\"ReadAction\",\"target\":[\"https:\/\/www.eveline.hu\/2016\/eveline-kozmetikumok-szepsegapolas\/smink\/szem\/szempillaspiralok\/big-volume-lash-revelashes-szempillaspiral-10ml\/\"]}]},{\"@type\":\"ImageObject\",\"inLanguage\":\"hu\",\"@id\":\"https:\/\/www.eveline.hu\/2016\/eveline-kozmetikumok-szepsegapolas\/smink\/szem\/szempillaspiralok\/big-volume-lash-revelashes-szempillaspiral-10ml\/#primaryimage\",\"url\":\"https:\/\/www.eveline.hu\/2016\/wp-content\/uploads\/2017\/03\/Spir\u00e1l_BIG-Volume-revelashes.png\",\"contentUrl\":\"https:\/\/www.eveline.hu\/2016\/wp-content\/uploads\/2017\/03\/Spir\u00e1l_BIG-Volume-revelashes.png\",\"width\":750,\"height\":750},{\"@type\":\"BreadcrumbList\",\"@id\":\"https:\/\/www.eveline.hu\/2016\/eveline-kozmetikumok-szepsegapolas\/smink\/szem\/szempillaspiralok\/big-volume-lash-revelashes-szempillaspiral-10ml\/#breadcrumb\",\"itemListElement\":[{\"@type\":\"ListItem\",\"position\":1,\"name\":\"Home\",\"item\":\"https:\/\/www.eveline.hu\/2016\/\"},{\"@type\":\"ListItem\",\"position\":2,\"name\":\"Term\u00e9kek\",\"item\":\"https:\/\/www.eveline.hu\/2016\/shop\/\"},{\"@type\":\"ListItem\",\"position\":3,\"name\":\"BIG VOLUME LASH REVELASHES szempillaspir\u00e1l 10ml\"}]},{\"@type\":\"WebSite\",\"@id\":\"https:\/\/www.eveline.hu\/2016\/#website\",\"url\":\"https:\/\/www.eveline.hu\/2016\/\",\"name\":\"Eveline Cosmetics Magyarorsz\u00e1g\",\"description\":\"Min\u0151s\u00e9gi kozmetikumok Lengyelorsz\u00e1gb\u00f3l\",\"potentialAction\":[{\"@type\":\"SearchAction\",\"target\":{\"@type\":\"EntryPoint\",\"urlTemplate\":\"https:\/\/www.eveline.hu\/2016\/?s={search_term_string}\"},\"query-input\":\"required name=search_term_string\"}],\"inLanguage\":\"hu\"}]}<\/script>\n<!-- \/ Yoast SEO plugin. -->","yoast_head_json":{"title":"BIG VOLUME LASH REVELASHES szempillaspir\u00e1l 10ml - Eveline Cosmetics Magyarorsz\u00e1g","robots":{"index":"index","follow":"follow","max-snippet":"max-snippet:-1","max-image-preview":"max-image-preview:large","max-video-preview":"max-video-preview:-1"},"canonical":"https:\/\/www.eveline.hu\/2016\/eveline-kozmetikumok-szepsegapolas\/smink\/szem\/szempillaspiralok\/big-volume-lash-revelashes-szempillaspiral-10ml\/","og_locale":"hu_HU","og_type":"article","og_title":"BIG VOLUME LASH REVELASHES szempillaspir\u00e1l 10ml - Eveline Cosmetics Magyarorsz\u00e1g","og_description":"m\u0171szempilla hat\u00e1s","og_url":"https:\/\/www.eveline.hu\/2016\/eveline-kozmetikumok-szepsegapolas\/smink\/szem\/szempillaspiralok\/big-volume-lash-revelashes-szempillaspiral-10ml\/","og_site_name":"Eveline Cosmetics Magyarorsz\u00e1g","article_modified_time":"2025-04-14T08:39:38+00:00","og_image":[{"width":750,"height":750,"url":"https:\/\/www.eveline.hu\/2016\/wp-content\/uploads\/2017\/03\/Spir\u00e1l_BIG-Volume-revelashes.png","type":"image\/png"}],"twitter_card":"summary_large_image","twitter_misc":{"Becs\u00fclt olvas\u00e1si id\u0151":"1 perc"},"schema":{"@context":"https:\/\/schema.org","@graph":[{"@type":"WebPage","@id":"https:\/\/www.eveline.hu\/2016\/eveline-kozmetikumok-szepsegapolas\/smink\/szem\/szempillaspiralok\/big-volume-lash-revelashes-szempillaspiral-10ml\/","url":"https:\/\/www.eveline.hu\/2016\/eveline-kozmetikumok-szepsegapolas\/smink\/szem\/szempillaspiralok\/big-volume-lash-revelashes-szempillaspiral-10ml\/","name":"BIG VOLUME LASH REVELASHES szempillaspir\u00e1l 10ml - Eveline Cosmetics Magyarorsz\u00e1g","isPartOf":{"@id":"https:\/\/www.eveline.hu\/2016\/#website"},"primaryImageOfPage":{"@id":"https:\/\/www.eveline.hu\/2016\/eveline-kozmetikumok-szepsegapolas\/smink\/szem\/szempillaspiralok\/big-volume-lash-revelashes-szempillaspiral-10ml\/#primaryimage"},"image":{"@id":"https:\/\/www.eveline.hu\/2016\/eveline-kozmetikumok-szepsegapolas\/smink\/szem\/szempillaspiralok\/big-volume-lash-revelashes-szempillaspiral-10ml\/#primaryimage"},"thumbnailUrl":"https:\/\/www.eveline.hu\/2016\/wp-content\/uploads\/2017\/03\/Spir\u00e1l_BIG-Volume-revelashes.png","datePublished":"2017-03-31T06:19:59+00:00","dateModified":"2025-04-14T08:39:38+00:00","breadcrumb":{"@id":"https:\/\/www.eveline.hu\/2016\/eveline-kozmetikumok-szepsegapolas\/smink\/szem\/szempillaspiralok\/big-volume-lash-revelashes-szempillaspiral-10ml\/#breadcrumb"},"inLanguage":"hu","potentialAction":[{"@type":"ReadAction","target":["https:\/\/www.eveline.hu\/2016\/eveline-kozmetikumok-szepsegapolas\/smink\/szem\/szempillaspiralok\/big-volume-lash-revelashes-szempillaspiral-10ml\/"]}]},{"@type":"ImageObject","inLanguage":"hu","@id":"https:\/\/www.eveline.hu\/2016\/eveline-kozmetikumok-szepsegapolas\/smink\/szem\/szempillaspiralok\/big-volume-lash-revelashes-szempillaspiral-10ml\/#primaryimage","url":"https:\/\/www.eveline.hu\/2016\/wp-content\/uploads\/2017\/03\/Spir\u00e1l_BIG-Volume-revelashes.png","contentUrl":"https:\/\/www.eveline.hu\/2016\/wp-content\/uploads\/2017\/03\/Spir\u00e1l_BIG-Volume-revelashes.png","width":750,"height":750},{"@type":"BreadcrumbList","@id":"https:\/\/www.eveline.hu\/2016\/eveline-kozmetikumok-szepsegapolas\/smink\/szem\/szempillaspiralok\/big-volume-lash-revelashes-szempillaspiral-10ml\/#breadcrumb","itemListElement":[{"@type":"ListItem","position":1,"name":"Home","item":"https:\/\/www.eveline.hu\/2016\/"},{"@type":"ListItem","position":2,"name":"Term\u00e9kek","item":"https:\/\/www.eveline.hu\/2016\/shop\/"},{"@type":"ListItem","position":3,"name":"BIG VOLUME LASH REVELASHES szempillaspir\u00e1l 10ml"}]},{"@type":"WebSite","@id":"https:\/\/www.eveline.hu\/2016\/#website","url":"https:\/\/www.eveline.hu\/2016\/","name":"Eveline Cosmetics Magyarorsz\u00e1g","description":"Min\u0151s\u00e9gi kozmetikumok Lengyelorsz\u00e1gb\u00f3l","potentialAction":[{"@type":"SearchAction","target":{"@type":"EntryPoint","urlTemplate":"https:\/\/www.eveline.hu\/2016\/?s={search_term_string}"},"query-input":"required name=search_term_string"}],"inLanguage":"hu"}]}},"_links":{"self":[{"href":"https:\/\/www.eveline.hu\/2016\/wp-json\/wp\/v2\/product\/22170"}],"collection":[{"href":"https:\/\/www.eveline.hu\/2016\/wp-json\/wp\/v2\/product"}],"about":[{"href":"https:\/\/www.eveline.hu\/2016\/wp-json\/wp\/v2\/types\/product"}],"replies":[{"embeddable":true,"href":"https:\/\/www.eveline.hu\/2016\/wp-json\/wp\/v2\/comments?post=22170"}],"wp:featuredmedia":[{"embeddable":true,"href":"https:\/\/www.eveline.hu\/2016\/wp-json\/wp\/v2\/media\/22171"}],"wp:attachment":[{"href":"https:\/\/www.eveline.hu\/2016\/wp-json\/wp\/v2\/media?parent=22170"}],"wp:term":[{"taxonomy":"product_cat","embeddable":true,"href":"https:\/\/www.eveline.hu\/2016\/wp-json\/wp\/v2\/product_cat?post=22170"},{"taxonomy":"product_tag","embeddable":true,"href":"https:\/\/www.eveline.hu\/2016\/wp-json\/wp\/v2\/product_tag?post=22170"}],"curies":[{"name":"wp","href":"https:\/\/api.w.org\/{rel}","templated":true}]}}