{"id":22069,"date":"2017-02-02T18:43:28","date_gmt":"2017-02-02T17:43:28","guid":{"rendered":"http:\/\/www.eveline.hu\/2016\/?post_type=product&#038;p=22069"},"modified":"2022-11-30T16:24:47","modified_gmt":"2022-11-30T15:24:47","slug":"gold-lift-expert-luxus-szemkornyekapolo-krem-24k-arannyal-spf8-15ml","status":"publish","type":"product","link":"https:\/\/www.eveline.hu\/2016\/eveline-kozmetikumok-szepsegapolas\/szepsegapolas\/arcapolas\/gold-lift-expert-luxus-szemkornyekapolo-krem-24k-arannyal-spf8-15ml\/","title":{"rendered":"Gold Lift Expert Luxus Szemk\u00f6rny\u00e9k\u00e1pol\u00f3  kr\u00e9m 24k arannyal SPF8 15ml"},"content":{"rendered":"<p>Az aranyc\u00e9rna arc-lifting kezel\u00e9s, vitathatatlanul az els\u0151 sz\u00e1m\u00fa alternat\u00edv\u00e1ja az eszt\u00e9tikai orvosi klinik\u00e1k invaz\u00edv seb\u00e9szeti elj\u00e1r\u00e1sainak. A lifting aranyc\u00e9rn\u00e1k rendk\u00edv\u00fclien hat\u00e9konyak az arc fiatal\u00edt\u00e1sban \u00e9s kont\u00faroz\u00e1sban. Az \u00e9lvonalbeli 24k Gold Therapy 4D\u2122<\/p>\n<p>technol\u00f3gi\u00e1nak k\u00f6sz\u00f6nhet\u0151en, a kr\u00e9mek egyedi, 24k kolloid arannyal gazdag\u00edtott formul\u00e1ja,<\/p>\n<p>sokoldal\u00fa fiatal\u00edt\u00f3 hat\u00e1st biztos\u00edt: reduk\u00e1lja a r\u00f6gz\u00fclt r\u00e1ncokat, visszaadja a b\u0151r megfelel\u0151\u00a0t\u00f6m\u00f6rs\u00e9g\u00e9t, a lifting hat\u00e1s\u00fa c\u00e9rn\u00e1khoz hasonl\u00f3an.<\/p>\n<p><strong>24k tiszta arany szemcs\u00e9k<\/strong> lifting hat\u00e1st ny\u00fajtanak a b\u0151rnek, azonnal a haszn\u00e1lat ut\u00e1n. Serkenti az intenz\u00edv kollag\u00e9n szint\u00e9zist, amely lehet\u0151v\u00e9 teszi az arc meg\u00fajul\u00e1s\u00e1t \u00e9s a l\u00e1that\u00f3 r\u00e1nccs\u00f6kkent\u00e9st. Az arany er\u0151s\u00edti az ANTI-AGE komplex hat\u00e1sait, lass\u00edtja a melanin termel\u00e9st \u00e9s visszaadja az arc term\u00e9szetes ragyog\u00e1s\u00e1t.<\/p>\n<p><strong>Argatensyl\u2122 <\/strong>n\u00f6veli a b\u0151r feszess\u00e9g\u00e9tazonnal a haszn\u00e1lat ut\u00e1n. Rendszeres haszn\u00e1latn\u00e1l, garant\u00e1lja a hosszan tart\u00f3 feszes\u00edt\u0151, kisim\u00edt\u00f3 \u00e9s sz\u00edn korrig\u00e1l\u00f3 hat\u00e1st.<\/p>\n<p><strong>Hialuronsav<\/strong> azonnal behatol a b\u0151rbe \u00e9s mikro r\u00e9tegeket hoz l\u00e9tre, melyek bel\u00fclr\u0151l t\u00f6ltik fel a r\u00e1ncokat. Intenz\u00edven hidrat\u00e1lja a b\u0151rt, helyre\u00e1ll\u00edtja b\u00e1rsonyos simas\u00e1g\u00e1t \u00e9s puhas\u00e1g\u00e1t.<\/p>\n<p><strong>Akt\u00edv \u00f6sszetev\u0151k<\/strong>: Koncentr\u00e1lt Koffein, Laminaria Algae, Gesztenye lev\u00e9l kivonat, Szemvid\u00edt\u00f3f\u0171 \u00e9s ezerj\u00f3f\u0171 kivonat, Inca Inchi olaj<\/p>\n<p>&nbsp;<\/p>\n<p>\u00f6sszetev\u0151k: Aqua (Water), Isopropyl Myristate, Cetearyl Alcohol, Ethylhexyl Methoxycinnamate, Para#num Liquidum, Glycerin, Petrolatum, Ceteareth-20, Propylene Glycol, Glyceryl Stearate SE, Ca#eine, Glycine Soja Oil, Centaurea Cyanus Flower Extract, Laminaria Hyperborea Extract, Prunus Amygdalus Dulcis Oil, Plukenetia Volubilis Seed Oil, Macadamia Ternifolia Seed Oil, Olus Oil, Argania Spinosa Kernel Extract, Aesculus Hippocastanum Seed Extract, Cholesterol, Glucose, Urea, Hydrolyzed Soy Protein, Tocopheryl Acetate, Tocopherol, Linoleic Acid, Sodium Hyaluronate, Gold, Retinyl Palmitate, Phenoxyethanol, Methylparaben, Ethylparaben, Butylparaben, Propylparaben, DMDM Hydantoin, Potassium Sorbate, Acrylates\/C10-30 Alkyl Acrylate Crosspolymer, Triethanolamine, Butylene Glycol, Polysorbate 20, Sodium Cocoyl Glutamate, PEG-20 Glyceryl Laurate, Carbomer, Sorbic Acid, Caprylic\/Capric Triglyceride, Diethylhexyl Syringylidenemalonate, Disodium EDTA, BHT, CI 77820.<\/p>\n","protected":false},"excerpt":{"rendered":"<p>visszaadja a b\u0151r megfelel\u0151\u00a0t\u00f6m\u00f6rs\u00e9g\u00e9t&#8230;<\/p>\n","protected":false},"featured_media":22070,"comment_status":"open","ping_status":"closed","template":"","meta":[],"product_cat":[213,125,126,80],"product_tag":[],"yoast_head":"<!-- This site is optimized with the Yoast SEO plugin v22.2 - https:\/\/yoast.com\/wordpress\/plugins\/seo\/ -->\n<title>Gold Lift Expert Luxus Szemk\u00f6rny\u00e9k\u00e1pol\u00f3 kr\u00e9m 24k arannyal SPF8 15ml - Eveline Cosmetics Magyarorsz\u00e1g<\/title>\n<meta name=\"robots\" content=\"index, follow, max-snippet:-1, max-image-preview:large, max-video-preview:-1\" \/>\n<link rel=\"canonical\" href=\"https:\/\/www.eveline.hu\/2016\/eveline-kozmetikumok-szepsegapolas\/szepsegapolas\/arcapolas\/gold-lift-expert-luxus-szemkornyekapolo-krem-24k-arannyal-spf8-15ml\/\" \/>\n<meta property=\"og:locale\" content=\"hu_HU\" \/>\n<meta property=\"og:type\" content=\"article\" \/>\n<meta property=\"og:title\" content=\"Gold Lift Expert Luxus Szemk\u00f6rny\u00e9k\u00e1pol\u00f3 kr\u00e9m 24k arannyal SPF8 15ml - Eveline Cosmetics Magyarorsz\u00e1g\" \/>\n<meta property=\"og:description\" content=\"visszaadja a b\u0151r megfelel\u0151\u00a0t\u00f6m\u00f6rs\u00e9g\u00e9t...\" \/>\n<meta property=\"og:url\" content=\"https:\/\/www.eveline.hu\/2016\/eveline-kozmetikumok-szepsegapolas\/szepsegapolas\/arcapolas\/gold-lift-expert-luxus-szemkornyekapolo-krem-24k-arannyal-spf8-15ml\/\" \/>\n<meta property=\"og:site_name\" content=\"Eveline Cosmetics Magyarorsz\u00e1g\" \/>\n<meta property=\"article:modified_time\" content=\"2022-11-30T15:24:47+00:00\" \/>\n<meta property=\"og:image\" content=\"https:\/\/www.eveline.hu\/2016\/wp-content\/uploads\/2017\/02\/Gold-Lift-Expert-szemkr.-.png\" \/>\n\t<meta property=\"og:image:width\" content=\"750\" \/>\n\t<meta property=\"og:image:height\" content=\"750\" \/>\n\t<meta property=\"og:image:type\" content=\"image\/png\" \/>\n<meta name=\"twitter:card\" content=\"summary_large_image\" \/>\n<meta name=\"twitter:label1\" content=\"Becs\u00fclt olvas\u00e1si id\u0151\" \/>\n\t<meta name=\"twitter:data1\" content=\"2 perc\" \/>\n<script type=\"application\/ld+json\" class=\"yoast-schema-graph\">{\"@context\":\"https:\/\/schema.org\",\"@graph\":[{\"@type\":\"WebPage\",\"@id\":\"https:\/\/www.eveline.hu\/2016\/eveline-kozmetikumok-szepsegapolas\/szepsegapolas\/arcapolas\/gold-lift-expert-luxus-szemkornyekapolo-krem-24k-arannyal-spf8-15ml\/\",\"url\":\"https:\/\/www.eveline.hu\/2016\/eveline-kozmetikumok-szepsegapolas\/szepsegapolas\/arcapolas\/gold-lift-expert-luxus-szemkornyekapolo-krem-24k-arannyal-spf8-15ml\/\",\"name\":\"Gold Lift Expert Luxus Szemk\u00f6rny\u00e9k\u00e1pol\u00f3 kr\u00e9m 24k arannyal SPF8 15ml - Eveline Cosmetics Magyarorsz\u00e1g\",\"isPartOf\":{\"@id\":\"https:\/\/www.eveline.hu\/2016\/#website\"},\"primaryImageOfPage\":{\"@id\":\"https:\/\/www.eveline.hu\/2016\/eveline-kozmetikumok-szepsegapolas\/szepsegapolas\/arcapolas\/gold-lift-expert-luxus-szemkornyekapolo-krem-24k-arannyal-spf8-15ml\/#primaryimage\"},\"image\":{\"@id\":\"https:\/\/www.eveline.hu\/2016\/eveline-kozmetikumok-szepsegapolas\/szepsegapolas\/arcapolas\/gold-lift-expert-luxus-szemkornyekapolo-krem-24k-arannyal-spf8-15ml\/#primaryimage\"},\"thumbnailUrl\":\"https:\/\/www.eveline.hu\/2016\/wp-content\/uploads\/2017\/02\/Gold-Lift-Expert-szemkr.-.png\",\"datePublished\":\"2017-02-02T17:43:28+00:00\",\"dateModified\":\"2022-11-30T15:24:47+00:00\",\"breadcrumb\":{\"@id\":\"https:\/\/www.eveline.hu\/2016\/eveline-kozmetikumok-szepsegapolas\/szepsegapolas\/arcapolas\/gold-lift-expert-luxus-szemkornyekapolo-krem-24k-arannyal-spf8-15ml\/#breadcrumb\"},\"inLanguage\":\"hu\",\"potentialAction\":[{\"@type\":\"ReadAction\",\"target\":[\"https:\/\/www.eveline.hu\/2016\/eveline-kozmetikumok-szepsegapolas\/szepsegapolas\/arcapolas\/gold-lift-expert-luxus-szemkornyekapolo-krem-24k-arannyal-spf8-15ml\/\"]}]},{\"@type\":\"ImageObject\",\"inLanguage\":\"hu\",\"@id\":\"https:\/\/www.eveline.hu\/2016\/eveline-kozmetikumok-szepsegapolas\/szepsegapolas\/arcapolas\/gold-lift-expert-luxus-szemkornyekapolo-krem-24k-arannyal-spf8-15ml\/#primaryimage\",\"url\":\"https:\/\/www.eveline.hu\/2016\/wp-content\/uploads\/2017\/02\/Gold-Lift-Expert-szemkr.-.png\",\"contentUrl\":\"https:\/\/www.eveline.hu\/2016\/wp-content\/uploads\/2017\/02\/Gold-Lift-Expert-szemkr.-.png\",\"width\":750,\"height\":750},{\"@type\":\"BreadcrumbList\",\"@id\":\"https:\/\/www.eveline.hu\/2016\/eveline-kozmetikumok-szepsegapolas\/szepsegapolas\/arcapolas\/gold-lift-expert-luxus-szemkornyekapolo-krem-24k-arannyal-spf8-15ml\/#breadcrumb\",\"itemListElement\":[{\"@type\":\"ListItem\",\"position\":1,\"name\":\"Home\",\"item\":\"https:\/\/www.eveline.hu\/2016\/\"},{\"@type\":\"ListItem\",\"position\":2,\"name\":\"Term\u00e9kek\",\"item\":\"https:\/\/www.eveline.hu\/2016\/shop\/\"},{\"@type\":\"ListItem\",\"position\":3,\"name\":\"Gold Lift Expert Luxus Szemk\u00f6rny\u00e9k\u00e1pol\u00f3 kr\u00e9m 24k arannyal SPF8 15ml\"}]},{\"@type\":\"WebSite\",\"@id\":\"https:\/\/www.eveline.hu\/2016\/#website\",\"url\":\"https:\/\/www.eveline.hu\/2016\/\",\"name\":\"Eveline Cosmetics Magyarorsz\u00e1g\",\"description\":\"Min\u0151s\u00e9gi kozmetikumok Lengyelorsz\u00e1gb\u00f3l\",\"potentialAction\":[{\"@type\":\"SearchAction\",\"target\":{\"@type\":\"EntryPoint\",\"urlTemplate\":\"https:\/\/www.eveline.hu\/2016\/?s={search_term_string}\"},\"query-input\":\"required name=search_term_string\"}],\"inLanguage\":\"hu\"}]}<\/script>\n<!-- \/ Yoast SEO plugin. -->","yoast_head_json":{"title":"Gold Lift Expert Luxus Szemk\u00f6rny\u00e9k\u00e1pol\u00f3 kr\u00e9m 24k arannyal SPF8 15ml - Eveline Cosmetics Magyarorsz\u00e1g","robots":{"index":"index","follow":"follow","max-snippet":"max-snippet:-1","max-image-preview":"max-image-preview:large","max-video-preview":"max-video-preview:-1"},"canonical":"https:\/\/www.eveline.hu\/2016\/eveline-kozmetikumok-szepsegapolas\/szepsegapolas\/arcapolas\/gold-lift-expert-luxus-szemkornyekapolo-krem-24k-arannyal-spf8-15ml\/","og_locale":"hu_HU","og_type":"article","og_title":"Gold Lift Expert Luxus Szemk\u00f6rny\u00e9k\u00e1pol\u00f3 kr\u00e9m 24k arannyal SPF8 15ml - Eveline Cosmetics Magyarorsz\u00e1g","og_description":"visszaadja a b\u0151r megfelel\u0151\u00a0t\u00f6m\u00f6rs\u00e9g\u00e9t...","og_url":"https:\/\/www.eveline.hu\/2016\/eveline-kozmetikumok-szepsegapolas\/szepsegapolas\/arcapolas\/gold-lift-expert-luxus-szemkornyekapolo-krem-24k-arannyal-spf8-15ml\/","og_site_name":"Eveline Cosmetics Magyarorsz\u00e1g","article_modified_time":"2022-11-30T15:24:47+00:00","og_image":[{"width":750,"height":750,"url":"https:\/\/www.eveline.hu\/2016\/wp-content\/uploads\/2017\/02\/Gold-Lift-Expert-szemkr.-.png","type":"image\/png"}],"twitter_card":"summary_large_image","twitter_misc":{"Becs\u00fclt olvas\u00e1si id\u0151":"2 perc"},"schema":{"@context":"https:\/\/schema.org","@graph":[{"@type":"WebPage","@id":"https:\/\/www.eveline.hu\/2016\/eveline-kozmetikumok-szepsegapolas\/szepsegapolas\/arcapolas\/gold-lift-expert-luxus-szemkornyekapolo-krem-24k-arannyal-spf8-15ml\/","url":"https:\/\/www.eveline.hu\/2016\/eveline-kozmetikumok-szepsegapolas\/szepsegapolas\/arcapolas\/gold-lift-expert-luxus-szemkornyekapolo-krem-24k-arannyal-spf8-15ml\/","name":"Gold Lift Expert Luxus Szemk\u00f6rny\u00e9k\u00e1pol\u00f3 kr\u00e9m 24k arannyal SPF8 15ml - Eveline Cosmetics Magyarorsz\u00e1g","isPartOf":{"@id":"https:\/\/www.eveline.hu\/2016\/#website"},"primaryImageOfPage":{"@id":"https:\/\/www.eveline.hu\/2016\/eveline-kozmetikumok-szepsegapolas\/szepsegapolas\/arcapolas\/gold-lift-expert-luxus-szemkornyekapolo-krem-24k-arannyal-spf8-15ml\/#primaryimage"},"image":{"@id":"https:\/\/www.eveline.hu\/2016\/eveline-kozmetikumok-szepsegapolas\/szepsegapolas\/arcapolas\/gold-lift-expert-luxus-szemkornyekapolo-krem-24k-arannyal-spf8-15ml\/#primaryimage"},"thumbnailUrl":"https:\/\/www.eveline.hu\/2016\/wp-content\/uploads\/2017\/02\/Gold-Lift-Expert-szemkr.-.png","datePublished":"2017-02-02T17:43:28+00:00","dateModified":"2022-11-30T15:24:47+00:00","breadcrumb":{"@id":"https:\/\/www.eveline.hu\/2016\/eveline-kozmetikumok-szepsegapolas\/szepsegapolas\/arcapolas\/gold-lift-expert-luxus-szemkornyekapolo-krem-24k-arannyal-spf8-15ml\/#breadcrumb"},"inLanguage":"hu","potentialAction":[{"@type":"ReadAction","target":["https:\/\/www.eveline.hu\/2016\/eveline-kozmetikumok-szepsegapolas\/szepsegapolas\/arcapolas\/gold-lift-expert-luxus-szemkornyekapolo-krem-24k-arannyal-spf8-15ml\/"]}]},{"@type":"ImageObject","inLanguage":"hu","@id":"https:\/\/www.eveline.hu\/2016\/eveline-kozmetikumok-szepsegapolas\/szepsegapolas\/arcapolas\/gold-lift-expert-luxus-szemkornyekapolo-krem-24k-arannyal-spf8-15ml\/#primaryimage","url":"https:\/\/www.eveline.hu\/2016\/wp-content\/uploads\/2017\/02\/Gold-Lift-Expert-szemkr.-.png","contentUrl":"https:\/\/www.eveline.hu\/2016\/wp-content\/uploads\/2017\/02\/Gold-Lift-Expert-szemkr.-.png","width":750,"height":750},{"@type":"BreadcrumbList","@id":"https:\/\/www.eveline.hu\/2016\/eveline-kozmetikumok-szepsegapolas\/szepsegapolas\/arcapolas\/gold-lift-expert-luxus-szemkornyekapolo-krem-24k-arannyal-spf8-15ml\/#breadcrumb","itemListElement":[{"@type":"ListItem","position":1,"name":"Home","item":"https:\/\/www.eveline.hu\/2016\/"},{"@type":"ListItem","position":2,"name":"Term\u00e9kek","item":"https:\/\/www.eveline.hu\/2016\/shop\/"},{"@type":"ListItem","position":3,"name":"Gold Lift Expert Luxus Szemk\u00f6rny\u00e9k\u00e1pol\u00f3 kr\u00e9m 24k arannyal SPF8 15ml"}]},{"@type":"WebSite","@id":"https:\/\/www.eveline.hu\/2016\/#website","url":"https:\/\/www.eveline.hu\/2016\/","name":"Eveline Cosmetics Magyarorsz\u00e1g","description":"Min\u0151s\u00e9gi kozmetikumok Lengyelorsz\u00e1gb\u00f3l","potentialAction":[{"@type":"SearchAction","target":{"@type":"EntryPoint","urlTemplate":"https:\/\/www.eveline.hu\/2016\/?s={search_term_string}"},"query-input":"required name=search_term_string"}],"inLanguage":"hu"}]}},"_links":{"self":[{"href":"https:\/\/www.eveline.hu\/2016\/wp-json\/wp\/v2\/product\/22069"}],"collection":[{"href":"https:\/\/www.eveline.hu\/2016\/wp-json\/wp\/v2\/product"}],"about":[{"href":"https:\/\/www.eveline.hu\/2016\/wp-json\/wp\/v2\/types\/product"}],"replies":[{"embeddable":true,"href":"https:\/\/www.eveline.hu\/2016\/wp-json\/wp\/v2\/comments?post=22069"}],"wp:featuredmedia":[{"embeddable":true,"href":"https:\/\/www.eveline.hu\/2016\/wp-json\/wp\/v2\/media\/22070"}],"wp:attachment":[{"href":"https:\/\/www.eveline.hu\/2016\/wp-json\/wp\/v2\/media?parent=22069"}],"wp:term":[{"taxonomy":"product_cat","embeddable":true,"href":"https:\/\/www.eveline.hu\/2016\/wp-json\/wp\/v2\/product_cat?post=22069"},{"taxonomy":"product_tag","embeddable":true,"href":"https:\/\/www.eveline.hu\/2016\/wp-json\/wp\/v2\/product_tag?post=22069"}],"curies":[{"name":"wp","href":"https:\/\/api.w.org\/{rel}","templated":true}]}}