{"id":22066,"date":"2017-02-02T18:34:49","date_gmt":"2017-02-02T17:34:49","guid":{"rendered":"http:\/\/www.eveline.hu\/2016\/?post_type=product&#038;p=22066"},"modified":"2022-12-29T04:23:24","modified_gmt":"2022-12-29T03:23:24","slug":"gold-lift-expert-50-luxus-multi-taplalo-nappali-es-ejszakai-krem-szerum-24k-arannyal-50ml","status":"publish","type":"product","link":"https:\/\/www.eveline.hu\/2016\/eveline-kozmetikumok-szepsegapolas\/szepsegapolas\/arcapolas\/gold-lift-expert-50-luxus-multi-taplalo-nappali-es-ejszakai-krem-szerum-24k-arannyal-50ml\/","title":{"rendered":"Gold Lift Expert 50+ Luxus Multi-T\u00e1pl\u00e1l\u00f3 nappali \u00e9s \u00e9jszakai  kr\u00e9m-sz\u00e9rum 24k arannyal 50ml1799"},"content":{"rendered":"<p>\u00e9rett, sz\u00e1raz \u00e9s \u00e9rz\u00e9keny b\u0151rre<\/p>\n<p>Az aranyc\u00e9rna arc-lifting kezel\u00e9s, vitathatatlanul az els\u0151 sz\u00e1m\u00fa alternat\u00edv\u00e1ja az eszt\u00e9tikai orvosi klinik\u00e1k invaz\u00edv seb\u00e9szeti elj\u00e1r\u00e1sainak. A lifting aranyc\u00e9rn\u00e1k rendk\u00edv\u00fclien hat\u00e9konyak az arc fiatal\u00edt\u00e1sban \u00e9s kont\u00faroz\u00e1sban.<\/p>\n<p>Az \u00e9lvonalbeli 24k Gold Therapy 4D\u2122 technol\u00f3gi\u00e1nak k\u00f6sz\u00f6nhet\u0151en, a kr\u00e9mek egyedi, 24k kolloid arannyal gazdag\u00edtott formul\u00e1ja, sokoldal\u00fa fiatal\u00edt\u00f3 hat\u00e1st biztos\u00edt: reduk\u00e1lja a r\u00f6gz\u00fclt r\u00e1ncokat, visszaadja a b\u0151r megfelel\u0151 t\u00f6m\u00f6rs\u00e9g\u00e9t, a lifting hat\u00e1s\u00fa c\u00e9rn\u00e1khoz hasonl\u00f3an.<\/p>\n<p><strong>24k tiszta arany szemcs\u00e9k<\/strong> lifting hat\u00e1st ny\u00fajtanak a b\u0151rnek, azonnal a haszn\u00e1lat ut\u00e1n. Serkenti az intenz\u00edv kollag\u00e9n szint\u00e9zist, amely lehet\u0151v\u00e9 teszi az arckont\u00far fiatal\u00edt\u00e1s\u00e1t \u00e9s a l\u00e1that\u00f3 r\u00e1nccs\u00f6kkent\u00e9st. Az arany er\u0151s\u00edti az ANTI-AGE komplex hat\u00e1sait, lass\u00edtja a melanin termel\u00e9st \u00e9s visszaadja az arc term\u00e9szetes ragyog\u00e1s\u00e1t.<\/p>\n<p><strong>Matrixil\u00ae 3000<\/strong> \u2013 a legkorszer\u0171bb peptid, amely garant\u00e1lja a b\u0151r t\u00f3nus\u00e1nak \u00e9s rugalmass\u00e1g\u00e1nak l\u00e1tv\u00e1nyos javul\u00e1s\u00e1t, kisim\u00edtja a m\u00e9ly r\u00e1ncokat \u00e9s megsz\u00fcnteti a b\u0151r \u00e9rdess\u00e9g\u00e9t.<\/p>\n<p><strong>PhytoCellTec\u2122<\/strong> &#8211; n\u00f6v\u00e9nyi \u0151ssejtek, amelyek vissza adj\u00e1k a b\u0151r biol\u00f3giai fiatals\u00e1g\u00e1t.<\/p>\n<p>N\u00f6velik a b\u0151rsejtek vitalit\u00e1s\u00e1t \u00e9s serkentik az intenz\u00edv regener\u00e1l\u00f3d\u00e1st.<\/p>\n<p><strong>Akt\u00edv \u00f6sszetev\u0151k<\/strong>: Collasurge LQ\u2122, Pro-Retinol A, Arg\u00e1nolaj, Makad\u00e1mia olaj, \u00a0Kukui di\u00f3 olaj.<\/p>\n<p>&nbsp;<\/p>\n<p>\u00f6sszetev\u0151k: Aqua (Water), Betaine, Cetyl Alcohol, Glyceryl Stearate, PEG-75 Stearate, Ceteth-20, Steareth-20, Cetearyl Alcohol, Caprylic\/Capric Triglyceride, Glycerin, Dimethicone, Butyrospermum Parkii Butter, Sodium Hyaluronate, Phenoxyethanol, Ethylparaben, Methylparaben, Propylparaben, Butylparaben, Butylene Glycol, Laminaria Hyperborea Extract, Potassium Sorbate, Sorbic Acid, Collagen Amino Acids, Ethylhexylglycerin, Argania Spinosa Kernel Oil, Aleurites Moluccana Seed Oil, Macadamia Ternifolia Seed Oil, Olus Oil, Tocopherol, DMDM Hydantoin, Propylene Glycol, Maris Limus Extract, Ostrea Shell Extract, Xanthan Gum, Parfum (Fragrance), Tocopheryl Acetate, Acrylates\/C10-30 Alkyl Acrylate Crosspolymer, Panthenol, Triethanolamine, Ethylhexyl Methoxycinnamate, BHT, Retinyl Palmitate, PEG-6 Caprylic\/Capric Glycerides, Malus Domestica Fruit Cell Culture Extract, Lecithin, Carbomer, Palmitoyl Oligopeptide, Palmitoyl Tetrapeptide-7, Polysorbate 20, Sodium Lactate, Gold, Limonene, Linalool, Benzyl Salicylate, Citronellol, Hydroxycitronellal, Coumarin, Hexyl Cinnamal.<\/p>\n","protected":false},"excerpt":{"rendered":"<p>50ml (55980 Ft\/L)<\/p>\n","protected":false},"featured_media":22062,"comment_status":"open","ping_status":"closed","template":"","meta":[],"product_cat":[213,125,126,80],"product_tag":[],"yoast_head":"<!-- This site is optimized with the Yoast SEO plugin v22.2 - https:\/\/yoast.com\/wordpress\/plugins\/seo\/ -->\n<title>Gold Lift Expert 50+ Luxus Multi-T\u00e1pl\u00e1l\u00f3 nappali \u00e9s \u00e9jszakai kr\u00e9m-sz\u00e9rum 24k arannyal 50ml1799 - Eveline Cosmetics Magyarorsz\u00e1g<\/title>\n<meta name=\"robots\" content=\"index, follow, max-snippet:-1, max-image-preview:large, max-video-preview:-1\" \/>\n<link rel=\"canonical\" href=\"https:\/\/www.eveline.hu\/2016\/eveline-kozmetikumok-szepsegapolas\/szepsegapolas\/arcapolas\/gold-lift-expert-50-luxus-multi-taplalo-nappali-es-ejszakai-krem-szerum-24k-arannyal-50ml\/\" \/>\n<meta property=\"og:locale\" content=\"hu_HU\" \/>\n<meta property=\"og:type\" content=\"article\" \/>\n<meta property=\"og:title\" content=\"Gold Lift Expert 50+ Luxus Multi-T\u00e1pl\u00e1l\u00f3 nappali \u00e9s \u00e9jszakai kr\u00e9m-sz\u00e9rum 24k arannyal 50ml1799 - Eveline Cosmetics Magyarorsz\u00e1g\" \/>\n<meta property=\"og:description\" content=\"50ml (55980 Ft\/L)\" \/>\n<meta property=\"og:url\" content=\"https:\/\/www.eveline.hu\/2016\/eveline-kozmetikumok-szepsegapolas\/szepsegapolas\/arcapolas\/gold-lift-expert-50-luxus-multi-taplalo-nappali-es-ejszakai-krem-szerum-24k-arannyal-50ml\/\" \/>\n<meta property=\"og:site_name\" content=\"Eveline Cosmetics Magyarorsz\u00e1g\" \/>\n<meta property=\"article:modified_time\" content=\"2022-12-29T03:23:24+00:00\" \/>\n<meta property=\"og:image\" content=\"https:\/\/www.eveline.hu\/2016\/wp-content\/uploads\/2017\/02\/Gold-Lift-Expert-kr.-50.png\" \/>\n\t<meta property=\"og:image:width\" content=\"750\" \/>\n\t<meta property=\"og:image:height\" content=\"750\" \/>\n\t<meta property=\"og:image:type\" content=\"image\/png\" \/>\n<meta name=\"twitter:card\" content=\"summary_large_image\" \/>\n<meta name=\"twitter:label1\" content=\"Becs\u00fclt olvas\u00e1si id\u0151\" \/>\n\t<meta name=\"twitter:data1\" content=\"2 perc\" \/>\n<script type=\"application\/ld+json\" class=\"yoast-schema-graph\">{\"@context\":\"https:\/\/schema.org\",\"@graph\":[{\"@type\":\"WebPage\",\"@id\":\"https:\/\/www.eveline.hu\/2016\/eveline-kozmetikumok-szepsegapolas\/szepsegapolas\/arcapolas\/gold-lift-expert-50-luxus-multi-taplalo-nappali-es-ejszakai-krem-szerum-24k-arannyal-50ml\/\",\"url\":\"https:\/\/www.eveline.hu\/2016\/eveline-kozmetikumok-szepsegapolas\/szepsegapolas\/arcapolas\/gold-lift-expert-50-luxus-multi-taplalo-nappali-es-ejszakai-krem-szerum-24k-arannyal-50ml\/\",\"name\":\"Gold Lift Expert 50+ Luxus Multi-T\u00e1pl\u00e1l\u00f3 nappali \u00e9s \u00e9jszakai kr\u00e9m-sz\u00e9rum 24k arannyal 50ml1799 - Eveline Cosmetics Magyarorsz\u00e1g\",\"isPartOf\":{\"@id\":\"https:\/\/www.eveline.hu\/2016\/#website\"},\"primaryImageOfPage\":{\"@id\":\"https:\/\/www.eveline.hu\/2016\/eveline-kozmetikumok-szepsegapolas\/szepsegapolas\/arcapolas\/gold-lift-expert-50-luxus-multi-taplalo-nappali-es-ejszakai-krem-szerum-24k-arannyal-50ml\/#primaryimage\"},\"image\":{\"@id\":\"https:\/\/www.eveline.hu\/2016\/eveline-kozmetikumok-szepsegapolas\/szepsegapolas\/arcapolas\/gold-lift-expert-50-luxus-multi-taplalo-nappali-es-ejszakai-krem-szerum-24k-arannyal-50ml\/#primaryimage\"},\"thumbnailUrl\":\"https:\/\/www.eveline.hu\/2016\/wp-content\/uploads\/2017\/02\/Gold-Lift-Expert-kr.-50.png\",\"datePublished\":\"2017-02-02T17:34:49+00:00\",\"dateModified\":\"2022-12-29T03:23:24+00:00\",\"breadcrumb\":{\"@id\":\"https:\/\/www.eveline.hu\/2016\/eveline-kozmetikumok-szepsegapolas\/szepsegapolas\/arcapolas\/gold-lift-expert-50-luxus-multi-taplalo-nappali-es-ejszakai-krem-szerum-24k-arannyal-50ml\/#breadcrumb\"},\"inLanguage\":\"hu\",\"potentialAction\":[{\"@type\":\"ReadAction\",\"target\":[\"https:\/\/www.eveline.hu\/2016\/eveline-kozmetikumok-szepsegapolas\/szepsegapolas\/arcapolas\/gold-lift-expert-50-luxus-multi-taplalo-nappali-es-ejszakai-krem-szerum-24k-arannyal-50ml\/\"]}]},{\"@type\":\"ImageObject\",\"inLanguage\":\"hu\",\"@id\":\"https:\/\/www.eveline.hu\/2016\/eveline-kozmetikumok-szepsegapolas\/szepsegapolas\/arcapolas\/gold-lift-expert-50-luxus-multi-taplalo-nappali-es-ejszakai-krem-szerum-24k-arannyal-50ml\/#primaryimage\",\"url\":\"https:\/\/www.eveline.hu\/2016\/wp-content\/uploads\/2017\/02\/Gold-Lift-Expert-kr.-50.png\",\"contentUrl\":\"https:\/\/www.eveline.hu\/2016\/wp-content\/uploads\/2017\/02\/Gold-Lift-Expert-kr.-50.png\",\"width\":750,\"height\":750},{\"@type\":\"BreadcrumbList\",\"@id\":\"https:\/\/www.eveline.hu\/2016\/eveline-kozmetikumok-szepsegapolas\/szepsegapolas\/arcapolas\/gold-lift-expert-50-luxus-multi-taplalo-nappali-es-ejszakai-krem-szerum-24k-arannyal-50ml\/#breadcrumb\",\"itemListElement\":[{\"@type\":\"ListItem\",\"position\":1,\"name\":\"Home\",\"item\":\"https:\/\/www.eveline.hu\/2016\/\"},{\"@type\":\"ListItem\",\"position\":2,\"name\":\"Term\u00e9kek\",\"item\":\"https:\/\/www.eveline.hu\/2016\/shop\/\"},{\"@type\":\"ListItem\",\"position\":3,\"name\":\"Gold Lift Expert 50+ Luxus Multi-T\u00e1pl\u00e1l\u00f3 nappali \u00e9s \u00e9jszakai kr\u00e9m-sz\u00e9rum 24k arannyal 50ml1799\"}]},{\"@type\":\"WebSite\",\"@id\":\"https:\/\/www.eveline.hu\/2016\/#website\",\"url\":\"https:\/\/www.eveline.hu\/2016\/\",\"name\":\"Eveline Cosmetics Magyarorsz\u00e1g\",\"description\":\"Min\u0151s\u00e9gi kozmetikumok Lengyelorsz\u00e1gb\u00f3l\",\"potentialAction\":[{\"@type\":\"SearchAction\",\"target\":{\"@type\":\"EntryPoint\",\"urlTemplate\":\"https:\/\/www.eveline.hu\/2016\/?s={search_term_string}\"},\"query-input\":\"required name=search_term_string\"}],\"inLanguage\":\"hu\"}]}<\/script>\n<!-- \/ Yoast SEO plugin. -->","yoast_head_json":{"title":"Gold Lift Expert 50+ Luxus Multi-T\u00e1pl\u00e1l\u00f3 nappali \u00e9s \u00e9jszakai kr\u00e9m-sz\u00e9rum 24k arannyal 50ml1799 - Eveline Cosmetics Magyarorsz\u00e1g","robots":{"index":"index","follow":"follow","max-snippet":"max-snippet:-1","max-image-preview":"max-image-preview:large","max-video-preview":"max-video-preview:-1"},"canonical":"https:\/\/www.eveline.hu\/2016\/eveline-kozmetikumok-szepsegapolas\/szepsegapolas\/arcapolas\/gold-lift-expert-50-luxus-multi-taplalo-nappali-es-ejszakai-krem-szerum-24k-arannyal-50ml\/","og_locale":"hu_HU","og_type":"article","og_title":"Gold Lift Expert 50+ Luxus Multi-T\u00e1pl\u00e1l\u00f3 nappali \u00e9s \u00e9jszakai kr\u00e9m-sz\u00e9rum 24k arannyal 50ml1799 - Eveline Cosmetics Magyarorsz\u00e1g","og_description":"50ml (55980 Ft\/L)","og_url":"https:\/\/www.eveline.hu\/2016\/eveline-kozmetikumok-szepsegapolas\/szepsegapolas\/arcapolas\/gold-lift-expert-50-luxus-multi-taplalo-nappali-es-ejszakai-krem-szerum-24k-arannyal-50ml\/","og_site_name":"Eveline Cosmetics Magyarorsz\u00e1g","article_modified_time":"2022-12-29T03:23:24+00:00","og_image":[{"width":750,"height":750,"url":"https:\/\/www.eveline.hu\/2016\/wp-content\/uploads\/2017\/02\/Gold-Lift-Expert-kr.-50.png","type":"image\/png"}],"twitter_card":"summary_large_image","twitter_misc":{"Becs\u00fclt olvas\u00e1si id\u0151":"2 perc"},"schema":{"@context":"https:\/\/schema.org","@graph":[{"@type":"WebPage","@id":"https:\/\/www.eveline.hu\/2016\/eveline-kozmetikumok-szepsegapolas\/szepsegapolas\/arcapolas\/gold-lift-expert-50-luxus-multi-taplalo-nappali-es-ejszakai-krem-szerum-24k-arannyal-50ml\/","url":"https:\/\/www.eveline.hu\/2016\/eveline-kozmetikumok-szepsegapolas\/szepsegapolas\/arcapolas\/gold-lift-expert-50-luxus-multi-taplalo-nappali-es-ejszakai-krem-szerum-24k-arannyal-50ml\/","name":"Gold Lift Expert 50+ Luxus Multi-T\u00e1pl\u00e1l\u00f3 nappali \u00e9s \u00e9jszakai kr\u00e9m-sz\u00e9rum 24k arannyal 50ml1799 - Eveline Cosmetics Magyarorsz\u00e1g","isPartOf":{"@id":"https:\/\/www.eveline.hu\/2016\/#website"},"primaryImageOfPage":{"@id":"https:\/\/www.eveline.hu\/2016\/eveline-kozmetikumok-szepsegapolas\/szepsegapolas\/arcapolas\/gold-lift-expert-50-luxus-multi-taplalo-nappali-es-ejszakai-krem-szerum-24k-arannyal-50ml\/#primaryimage"},"image":{"@id":"https:\/\/www.eveline.hu\/2016\/eveline-kozmetikumok-szepsegapolas\/szepsegapolas\/arcapolas\/gold-lift-expert-50-luxus-multi-taplalo-nappali-es-ejszakai-krem-szerum-24k-arannyal-50ml\/#primaryimage"},"thumbnailUrl":"https:\/\/www.eveline.hu\/2016\/wp-content\/uploads\/2017\/02\/Gold-Lift-Expert-kr.-50.png","datePublished":"2017-02-02T17:34:49+00:00","dateModified":"2022-12-29T03:23:24+00:00","breadcrumb":{"@id":"https:\/\/www.eveline.hu\/2016\/eveline-kozmetikumok-szepsegapolas\/szepsegapolas\/arcapolas\/gold-lift-expert-50-luxus-multi-taplalo-nappali-es-ejszakai-krem-szerum-24k-arannyal-50ml\/#breadcrumb"},"inLanguage":"hu","potentialAction":[{"@type":"ReadAction","target":["https:\/\/www.eveline.hu\/2016\/eveline-kozmetikumok-szepsegapolas\/szepsegapolas\/arcapolas\/gold-lift-expert-50-luxus-multi-taplalo-nappali-es-ejszakai-krem-szerum-24k-arannyal-50ml\/"]}]},{"@type":"ImageObject","inLanguage":"hu","@id":"https:\/\/www.eveline.hu\/2016\/eveline-kozmetikumok-szepsegapolas\/szepsegapolas\/arcapolas\/gold-lift-expert-50-luxus-multi-taplalo-nappali-es-ejszakai-krem-szerum-24k-arannyal-50ml\/#primaryimage","url":"https:\/\/www.eveline.hu\/2016\/wp-content\/uploads\/2017\/02\/Gold-Lift-Expert-kr.-50.png","contentUrl":"https:\/\/www.eveline.hu\/2016\/wp-content\/uploads\/2017\/02\/Gold-Lift-Expert-kr.-50.png","width":750,"height":750},{"@type":"BreadcrumbList","@id":"https:\/\/www.eveline.hu\/2016\/eveline-kozmetikumok-szepsegapolas\/szepsegapolas\/arcapolas\/gold-lift-expert-50-luxus-multi-taplalo-nappali-es-ejszakai-krem-szerum-24k-arannyal-50ml\/#breadcrumb","itemListElement":[{"@type":"ListItem","position":1,"name":"Home","item":"https:\/\/www.eveline.hu\/2016\/"},{"@type":"ListItem","position":2,"name":"Term\u00e9kek","item":"https:\/\/www.eveline.hu\/2016\/shop\/"},{"@type":"ListItem","position":3,"name":"Gold Lift Expert 50+ Luxus Multi-T\u00e1pl\u00e1l\u00f3 nappali \u00e9s \u00e9jszakai kr\u00e9m-sz\u00e9rum 24k arannyal 50ml1799"}]},{"@type":"WebSite","@id":"https:\/\/www.eveline.hu\/2016\/#website","url":"https:\/\/www.eveline.hu\/2016\/","name":"Eveline Cosmetics Magyarorsz\u00e1g","description":"Min\u0151s\u00e9gi kozmetikumok Lengyelorsz\u00e1gb\u00f3l","potentialAction":[{"@type":"SearchAction","target":{"@type":"EntryPoint","urlTemplate":"https:\/\/www.eveline.hu\/2016\/?s={search_term_string}"},"query-input":"required name=search_term_string"}],"inLanguage":"hu"}]}},"_links":{"self":[{"href":"https:\/\/www.eveline.hu\/2016\/wp-json\/wp\/v2\/product\/22066"}],"collection":[{"href":"https:\/\/www.eveline.hu\/2016\/wp-json\/wp\/v2\/product"}],"about":[{"href":"https:\/\/www.eveline.hu\/2016\/wp-json\/wp\/v2\/types\/product"}],"replies":[{"embeddable":true,"href":"https:\/\/www.eveline.hu\/2016\/wp-json\/wp\/v2\/comments?post=22066"}],"wp:featuredmedia":[{"embeddable":true,"href":"https:\/\/www.eveline.hu\/2016\/wp-json\/wp\/v2\/media\/22062"}],"wp:attachment":[{"href":"https:\/\/www.eveline.hu\/2016\/wp-json\/wp\/v2\/media?parent=22066"}],"wp:term":[{"taxonomy":"product_cat","embeddable":true,"href":"https:\/\/www.eveline.hu\/2016\/wp-json\/wp\/v2\/product_cat?post=22066"},{"taxonomy":"product_tag","embeddable":true,"href":"https:\/\/www.eveline.hu\/2016\/wp-json\/wp\/v2\/product_tag?post=22066"}],"curies":[{"name":"wp","href":"https:\/\/api.w.org\/{rel}","templated":true}]}}