{"id":22064,"date":"2017-02-02T18:30:53","date_gmt":"2017-02-02T17:30:53","guid":{"rendered":"http:\/\/www.eveline.hu\/2016\/?post_type=product&#038;p=22064"},"modified":"2024-03-09T16:10:06","modified_gmt":"2024-03-09T15:10:06","slug":"gold-lift-expert-40-luxus-feszesito-nappali-es-ejszakai-krem-szerum-24k-arannyal-50ml","status":"publish","type":"product","link":"https:\/\/www.eveline.hu\/2016\/eveline-kozmetikumok-szepsegapolas\/szepsegapolas\/arcapolas\/gold-lift-expert-40-luxus-feszesito-nappali-es-ejszakai-krem-szerum-24k-arannyal-50ml\/","title":{"rendered":"Gold Lift Expert 40+ Luxus Feszes\u00edt\u0151 nappali \u00e9s \u00e9jszakai  kr\u00e9m-sz\u00e9rum 24k arannyal 50ml"},"content":{"rendered":"<p>\u00e9rett, sz\u00e1raz \u00e9s \u00e9rz\u00e9keny b\u0151rre<\/p>\n<p>Az aranyc\u00e9rna arc-lifting kezel\u00e9s, vitathatatlanul az els\u0151 sz\u00e1m\u00fa alternat\u00edv\u00e1ja az eszt\u00e9tikai orvosi klinik\u00e1k invaz\u00edv seb\u00e9szeti elj\u00e1r\u00e1sainak. A lifting aranyc\u00e9rn\u00e1k rendk\u00edv\u00fclien hat\u00e9konyak az arc fiatal\u00edt\u00e1sban \u00e9s kont\u00faroz\u00e1sban.<\/p>\n<p>Az \u00e9lvonalbeli 24k Gold Therapy 4D\u2122 technol\u00f3gi\u00e1nak k\u00f6sz\u00f6nhet\u0151en, a kr\u00e9mek egyedi, 24k kolloid arannyal gazdag\u00edtott formul\u00e1ja, sokoldal\u00fa fiatal\u00edt\u00f3 hat\u00e1st biztos\u00edt: reduk\u00e1lja a r\u00f6gz\u00fclt r\u00e1ncokat, visszaadja a b\u0151r megfelel\u0151 t\u00f6m\u00f6rs\u00e9g\u00e9t, a lifting hat\u00e1s\u00fa c\u00e9rn\u00e1khoz hasonl\u00f3an.<\/p>\n<p><strong>24k tiszta arany szemcs\u00e9k<\/strong> lifting hat\u00e1st ny\u00fajtanak a b\u0151rnek, azonnal a haszn\u00e1lat ut\u00e1n. Serkenti az intenz\u00edv kollag\u00e9n szint\u00e9zist, amely lehet\u0151v\u00e9 teszi az arckont\u00far fiatal\u00edt\u00e1s\u00e1t \u00e9s a l\u00e1that\u00f3 r\u00e1nccs\u00f6kkent\u00e9st. Az arany er\u0151s\u00edti az ANTI-AGE komplex hat\u00e1sait, lass\u00edtja a melanin termel\u00e9st \u00e9s visszaadja az arc term\u00e9szetes ragyog\u00e1s\u00e1t.<\/p>\n<p><strong>Kombuchka\u2122<\/strong> &#8211; a hossz\u00fa \u00e9let elix\u00edrjek\u00e9nt ismert, felt\u00f6lti a r\u00e1ncokat, korrig\u00e1lja az arcvonalakat, g\u00e1tolja a stresszel, k\u00e1ros k\u00fcls\u0151 t\u00e9nyez\u0151kkel \u00e9s az \u00e9vekkel egy\u00fctt j\u00e1r\u00f3 sejt degrad\u00e1l\u00e1st.<\/p>\n<p><strong>Hialuronsav<\/strong> alacsony molekulat\u00f6meggel, azonnal behatol a b\u0151rbe \u00e9s mikro r\u00e9tegeket hoz l\u00e9tre, melyek bel\u00fclr\u0151l t\u00f6ltik fel a r\u00e1ncokat. Intenz\u00edven hidrat\u00e1lja, valamint jav\u00edtja a b\u0151r ruganyoss\u00e1g\u00e1t \u00e9s rugalmass\u00e1g\u00e1t.<\/p>\n<p><strong>Akt\u00edv \u00f6sszetev\u0151k<\/strong>: Centella Asiatica, Laminaria Algae, Inca Inchi olaj, Makad\u00e1mia olaj, \u00a0Mandula olaj.<\/p>\n<p>&nbsp;<\/p>\n<p>\u00f6sszetev\u0151k: Aqua (Water), Cetyl Alcohol, Glyceryl Stearate, PEG-75 Stearate, Ceteth-20, Steareth-20, Caprylic\/Capric Triglyceride, Cetearyl Alcohol, Dimethicone, Glycerin, C10-18 Triglycerides, Prunus Amygdalus Dulcis Oil, Macadamia Ternifolia Seed Oil, Olus Oil, Tocopherol, Sodium Hyaluronate, Phenoxyethanol, Ethylparaben, Methylparaben, Propylparaben, Butylparaben, Butylene Glycol, Centella Asiatica Leaf Extract, Citric Acid, Sodium Benzoate, Sodium Citrate, Laminaria Hyperborea Extract, Potassium Sorbate, Sorbic Acid, DMDM Hydantoin, Maltooligosyl Glucoside, Hydrogenated Starch Hydrolysate, Xanthan Gum, Plukenetia Volubilis Seed Oil, Tocopheryl Acetate, Saccharomyces\/Xylinum\/Black Tea Ferment, Hydroxyethylcellulose, Parfum (Fragrance), Acrylates\/C10-30 Alkyl Acrylate Crosspolymer, Triethanolamine, Ethylhexyl Methoxycinnamate, BHT, Panthenol, Allantoin, Gold, Benzyl Salicylate, Linalool, Limonene, Citronellol, Hexyl Cinnamal, Hydroxycitronellal.<\/p>\n","protected":false},"excerpt":{"rendered":"<p>50ml (55980 Ft\/L)<\/p>\n","protected":false},"featured_media":22065,"comment_status":"open","ping_status":"closed","template":"","meta":[],"product_cat":[213,125,126,80],"product_tag":[],"yoast_head":"<!-- This site is optimized with the Yoast SEO plugin v22.2 - https:\/\/yoast.com\/wordpress\/plugins\/seo\/ -->\n<title>Gold Lift Expert 40+ Luxus Feszes\u00edt\u0151 nappali \u00e9s \u00e9jszakai kr\u00e9m-sz\u00e9rum 24k arannyal 50ml - Eveline Cosmetics Magyarorsz\u00e1g<\/title>\n<meta name=\"robots\" content=\"index, follow, max-snippet:-1, max-image-preview:large, max-video-preview:-1\" \/>\n<link rel=\"canonical\" href=\"https:\/\/www.eveline.hu\/2016\/eveline-kozmetikumok-szepsegapolas\/szepsegapolas\/arcapolas\/gold-lift-expert-40-luxus-feszesito-nappali-es-ejszakai-krem-szerum-24k-arannyal-50ml\/\" \/>\n<meta property=\"og:locale\" content=\"hu_HU\" \/>\n<meta property=\"og:type\" content=\"article\" \/>\n<meta property=\"og:title\" content=\"Gold Lift Expert 40+ Luxus Feszes\u00edt\u0151 nappali \u00e9s \u00e9jszakai kr\u00e9m-sz\u00e9rum 24k arannyal 50ml - Eveline Cosmetics Magyarorsz\u00e1g\" \/>\n<meta property=\"og:description\" content=\"50ml (55980 Ft\/L)\" \/>\n<meta property=\"og:url\" content=\"https:\/\/www.eveline.hu\/2016\/eveline-kozmetikumok-szepsegapolas\/szepsegapolas\/arcapolas\/gold-lift-expert-40-luxus-feszesito-nappali-es-ejszakai-krem-szerum-24k-arannyal-50ml\/\" \/>\n<meta property=\"og:site_name\" content=\"Eveline Cosmetics Magyarorsz\u00e1g\" \/>\n<meta property=\"article:modified_time\" content=\"2024-03-09T15:10:06+00:00\" \/>\n<meta property=\"og:image\" content=\"https:\/\/www.eveline.hu\/2016\/wp-content\/uploads\/2017\/02\/Gold-Lift-Expert-kr.-40.png\" \/>\n\t<meta property=\"og:image:width\" content=\"750\" \/>\n\t<meta property=\"og:image:height\" content=\"750\" \/>\n\t<meta property=\"og:image:type\" content=\"image\/png\" \/>\n<meta name=\"twitter:card\" content=\"summary_large_image\" \/>\n<meta name=\"twitter:label1\" content=\"Becs\u00fclt olvas\u00e1si id\u0151\" \/>\n\t<meta name=\"twitter:data1\" content=\"2 perc\" \/>\n<script type=\"application\/ld+json\" class=\"yoast-schema-graph\">{\"@context\":\"https:\/\/schema.org\",\"@graph\":[{\"@type\":\"WebPage\",\"@id\":\"https:\/\/www.eveline.hu\/2016\/eveline-kozmetikumok-szepsegapolas\/szepsegapolas\/arcapolas\/gold-lift-expert-40-luxus-feszesito-nappali-es-ejszakai-krem-szerum-24k-arannyal-50ml\/\",\"url\":\"https:\/\/www.eveline.hu\/2016\/eveline-kozmetikumok-szepsegapolas\/szepsegapolas\/arcapolas\/gold-lift-expert-40-luxus-feszesito-nappali-es-ejszakai-krem-szerum-24k-arannyal-50ml\/\",\"name\":\"Gold Lift Expert 40+ Luxus Feszes\u00edt\u0151 nappali \u00e9s \u00e9jszakai kr\u00e9m-sz\u00e9rum 24k arannyal 50ml - Eveline Cosmetics Magyarorsz\u00e1g\",\"isPartOf\":{\"@id\":\"https:\/\/www.eveline.hu\/2016\/#website\"},\"primaryImageOfPage\":{\"@id\":\"https:\/\/www.eveline.hu\/2016\/eveline-kozmetikumok-szepsegapolas\/szepsegapolas\/arcapolas\/gold-lift-expert-40-luxus-feszesito-nappali-es-ejszakai-krem-szerum-24k-arannyal-50ml\/#primaryimage\"},\"image\":{\"@id\":\"https:\/\/www.eveline.hu\/2016\/eveline-kozmetikumok-szepsegapolas\/szepsegapolas\/arcapolas\/gold-lift-expert-40-luxus-feszesito-nappali-es-ejszakai-krem-szerum-24k-arannyal-50ml\/#primaryimage\"},\"thumbnailUrl\":\"https:\/\/www.eveline.hu\/2016\/wp-content\/uploads\/2017\/02\/Gold-Lift-Expert-kr.-40.png\",\"datePublished\":\"2017-02-02T17:30:53+00:00\",\"dateModified\":\"2024-03-09T15:10:06+00:00\",\"breadcrumb\":{\"@id\":\"https:\/\/www.eveline.hu\/2016\/eveline-kozmetikumok-szepsegapolas\/szepsegapolas\/arcapolas\/gold-lift-expert-40-luxus-feszesito-nappali-es-ejszakai-krem-szerum-24k-arannyal-50ml\/#breadcrumb\"},\"inLanguage\":\"hu\",\"potentialAction\":[{\"@type\":\"ReadAction\",\"target\":[\"https:\/\/www.eveline.hu\/2016\/eveline-kozmetikumok-szepsegapolas\/szepsegapolas\/arcapolas\/gold-lift-expert-40-luxus-feszesito-nappali-es-ejszakai-krem-szerum-24k-arannyal-50ml\/\"]}]},{\"@type\":\"ImageObject\",\"inLanguage\":\"hu\",\"@id\":\"https:\/\/www.eveline.hu\/2016\/eveline-kozmetikumok-szepsegapolas\/szepsegapolas\/arcapolas\/gold-lift-expert-40-luxus-feszesito-nappali-es-ejszakai-krem-szerum-24k-arannyal-50ml\/#primaryimage\",\"url\":\"https:\/\/www.eveline.hu\/2016\/wp-content\/uploads\/2017\/02\/Gold-Lift-Expert-kr.-40.png\",\"contentUrl\":\"https:\/\/www.eveline.hu\/2016\/wp-content\/uploads\/2017\/02\/Gold-Lift-Expert-kr.-40.png\",\"width\":750,\"height\":750},{\"@type\":\"BreadcrumbList\",\"@id\":\"https:\/\/www.eveline.hu\/2016\/eveline-kozmetikumok-szepsegapolas\/szepsegapolas\/arcapolas\/gold-lift-expert-40-luxus-feszesito-nappali-es-ejszakai-krem-szerum-24k-arannyal-50ml\/#breadcrumb\",\"itemListElement\":[{\"@type\":\"ListItem\",\"position\":1,\"name\":\"Home\",\"item\":\"https:\/\/www.eveline.hu\/2016\/\"},{\"@type\":\"ListItem\",\"position\":2,\"name\":\"Term\u00e9kek\",\"item\":\"https:\/\/www.eveline.hu\/2016\/shop\/\"},{\"@type\":\"ListItem\",\"position\":3,\"name\":\"Gold Lift Expert 40+ Luxus Feszes\u00edt\u0151 nappali \u00e9s \u00e9jszakai kr\u00e9m-sz\u00e9rum 24k arannyal 50ml\"}]},{\"@type\":\"WebSite\",\"@id\":\"https:\/\/www.eveline.hu\/2016\/#website\",\"url\":\"https:\/\/www.eveline.hu\/2016\/\",\"name\":\"Eveline Cosmetics Magyarorsz\u00e1g\",\"description\":\"Min\u0151s\u00e9gi kozmetikumok Lengyelorsz\u00e1gb\u00f3l\",\"potentialAction\":[{\"@type\":\"SearchAction\",\"target\":{\"@type\":\"EntryPoint\",\"urlTemplate\":\"https:\/\/www.eveline.hu\/2016\/?s={search_term_string}\"},\"query-input\":\"required name=search_term_string\"}],\"inLanguage\":\"hu\"}]}<\/script>\n<!-- \/ Yoast SEO plugin. -->","yoast_head_json":{"title":"Gold Lift Expert 40+ Luxus Feszes\u00edt\u0151 nappali \u00e9s \u00e9jszakai kr\u00e9m-sz\u00e9rum 24k arannyal 50ml - Eveline Cosmetics Magyarorsz\u00e1g","robots":{"index":"index","follow":"follow","max-snippet":"max-snippet:-1","max-image-preview":"max-image-preview:large","max-video-preview":"max-video-preview:-1"},"canonical":"https:\/\/www.eveline.hu\/2016\/eveline-kozmetikumok-szepsegapolas\/szepsegapolas\/arcapolas\/gold-lift-expert-40-luxus-feszesito-nappali-es-ejszakai-krem-szerum-24k-arannyal-50ml\/","og_locale":"hu_HU","og_type":"article","og_title":"Gold Lift Expert 40+ Luxus Feszes\u00edt\u0151 nappali \u00e9s \u00e9jszakai kr\u00e9m-sz\u00e9rum 24k arannyal 50ml - Eveline Cosmetics Magyarorsz\u00e1g","og_description":"50ml (55980 Ft\/L)","og_url":"https:\/\/www.eveline.hu\/2016\/eveline-kozmetikumok-szepsegapolas\/szepsegapolas\/arcapolas\/gold-lift-expert-40-luxus-feszesito-nappali-es-ejszakai-krem-szerum-24k-arannyal-50ml\/","og_site_name":"Eveline Cosmetics Magyarorsz\u00e1g","article_modified_time":"2024-03-09T15:10:06+00:00","og_image":[{"width":750,"height":750,"url":"https:\/\/www.eveline.hu\/2016\/wp-content\/uploads\/2017\/02\/Gold-Lift-Expert-kr.-40.png","type":"image\/png"}],"twitter_card":"summary_large_image","twitter_misc":{"Becs\u00fclt olvas\u00e1si id\u0151":"2 perc"},"schema":{"@context":"https:\/\/schema.org","@graph":[{"@type":"WebPage","@id":"https:\/\/www.eveline.hu\/2016\/eveline-kozmetikumok-szepsegapolas\/szepsegapolas\/arcapolas\/gold-lift-expert-40-luxus-feszesito-nappali-es-ejszakai-krem-szerum-24k-arannyal-50ml\/","url":"https:\/\/www.eveline.hu\/2016\/eveline-kozmetikumok-szepsegapolas\/szepsegapolas\/arcapolas\/gold-lift-expert-40-luxus-feszesito-nappali-es-ejszakai-krem-szerum-24k-arannyal-50ml\/","name":"Gold Lift Expert 40+ Luxus Feszes\u00edt\u0151 nappali \u00e9s \u00e9jszakai kr\u00e9m-sz\u00e9rum 24k arannyal 50ml - Eveline Cosmetics Magyarorsz\u00e1g","isPartOf":{"@id":"https:\/\/www.eveline.hu\/2016\/#website"},"primaryImageOfPage":{"@id":"https:\/\/www.eveline.hu\/2016\/eveline-kozmetikumok-szepsegapolas\/szepsegapolas\/arcapolas\/gold-lift-expert-40-luxus-feszesito-nappali-es-ejszakai-krem-szerum-24k-arannyal-50ml\/#primaryimage"},"image":{"@id":"https:\/\/www.eveline.hu\/2016\/eveline-kozmetikumok-szepsegapolas\/szepsegapolas\/arcapolas\/gold-lift-expert-40-luxus-feszesito-nappali-es-ejszakai-krem-szerum-24k-arannyal-50ml\/#primaryimage"},"thumbnailUrl":"https:\/\/www.eveline.hu\/2016\/wp-content\/uploads\/2017\/02\/Gold-Lift-Expert-kr.-40.png","datePublished":"2017-02-02T17:30:53+00:00","dateModified":"2024-03-09T15:10:06+00:00","breadcrumb":{"@id":"https:\/\/www.eveline.hu\/2016\/eveline-kozmetikumok-szepsegapolas\/szepsegapolas\/arcapolas\/gold-lift-expert-40-luxus-feszesito-nappali-es-ejszakai-krem-szerum-24k-arannyal-50ml\/#breadcrumb"},"inLanguage":"hu","potentialAction":[{"@type":"ReadAction","target":["https:\/\/www.eveline.hu\/2016\/eveline-kozmetikumok-szepsegapolas\/szepsegapolas\/arcapolas\/gold-lift-expert-40-luxus-feszesito-nappali-es-ejszakai-krem-szerum-24k-arannyal-50ml\/"]}]},{"@type":"ImageObject","inLanguage":"hu","@id":"https:\/\/www.eveline.hu\/2016\/eveline-kozmetikumok-szepsegapolas\/szepsegapolas\/arcapolas\/gold-lift-expert-40-luxus-feszesito-nappali-es-ejszakai-krem-szerum-24k-arannyal-50ml\/#primaryimage","url":"https:\/\/www.eveline.hu\/2016\/wp-content\/uploads\/2017\/02\/Gold-Lift-Expert-kr.-40.png","contentUrl":"https:\/\/www.eveline.hu\/2016\/wp-content\/uploads\/2017\/02\/Gold-Lift-Expert-kr.-40.png","width":750,"height":750},{"@type":"BreadcrumbList","@id":"https:\/\/www.eveline.hu\/2016\/eveline-kozmetikumok-szepsegapolas\/szepsegapolas\/arcapolas\/gold-lift-expert-40-luxus-feszesito-nappali-es-ejszakai-krem-szerum-24k-arannyal-50ml\/#breadcrumb","itemListElement":[{"@type":"ListItem","position":1,"name":"Home","item":"https:\/\/www.eveline.hu\/2016\/"},{"@type":"ListItem","position":2,"name":"Term\u00e9kek","item":"https:\/\/www.eveline.hu\/2016\/shop\/"},{"@type":"ListItem","position":3,"name":"Gold Lift Expert 40+ Luxus Feszes\u00edt\u0151 nappali \u00e9s \u00e9jszakai kr\u00e9m-sz\u00e9rum 24k arannyal 50ml"}]},{"@type":"WebSite","@id":"https:\/\/www.eveline.hu\/2016\/#website","url":"https:\/\/www.eveline.hu\/2016\/","name":"Eveline Cosmetics Magyarorsz\u00e1g","description":"Min\u0151s\u00e9gi kozmetikumok Lengyelorsz\u00e1gb\u00f3l","potentialAction":[{"@type":"SearchAction","target":{"@type":"EntryPoint","urlTemplate":"https:\/\/www.eveline.hu\/2016\/?s={search_term_string}"},"query-input":"required name=search_term_string"}],"inLanguage":"hu"}]}},"_links":{"self":[{"href":"https:\/\/www.eveline.hu\/2016\/wp-json\/wp\/v2\/product\/22064"}],"collection":[{"href":"https:\/\/www.eveline.hu\/2016\/wp-json\/wp\/v2\/product"}],"about":[{"href":"https:\/\/www.eveline.hu\/2016\/wp-json\/wp\/v2\/types\/product"}],"replies":[{"embeddable":true,"href":"https:\/\/www.eveline.hu\/2016\/wp-json\/wp\/v2\/comments?post=22064"}],"wp:featuredmedia":[{"embeddable":true,"href":"https:\/\/www.eveline.hu\/2016\/wp-json\/wp\/v2\/media\/22065"}],"wp:attachment":[{"href":"https:\/\/www.eveline.hu\/2016\/wp-json\/wp\/v2\/media?parent=22064"}],"wp:term":[{"taxonomy":"product_cat","embeddable":true,"href":"https:\/\/www.eveline.hu\/2016\/wp-json\/wp\/v2\/product_cat?post=22064"},{"taxonomy":"product_tag","embeddable":true,"href":"https:\/\/www.eveline.hu\/2016\/wp-json\/wp\/v2\/product_tag?post=22064"}],"curies":[{"name":"wp","href":"https:\/\/api.w.org\/{rel}","templated":true}]}}