{"id":22034,"date":"2017-01-13T10:50:31","date_gmt":"2017-01-13T09:50:31","guid":{"rendered":"http:\/\/www.eveline.hu\/2016\/?post_type=product&#038;p=22034"},"modified":"2024-04-17T16:21:05","modified_gmt":"2024-04-17T14:21:05","slug":"new-hyaluron-40-feszesito-rancfeltolto-nappali-es-ejszakai-krem-50ml","status":"publish","type":"product","link":"https:\/\/www.eveline.hu\/2016\/eveline-kozmetikumok-szepsegapolas\/szepsegapolas\/arcapolas\/new-hyaluron-40-feszesito-rancfeltolto-nappali-es-ejszakai-krem-50ml\/","title":{"rendered":"HYALURON CLINIC R\u00e1nctalan\u00edt\u00f3 kr\u00e9m 40+ nappali \u00e9s \u00e9jszakai 50ml"},"content":{"rendered":"<p><strong>HYALURON CLINIC<\/strong> <strong>Intenz\u00edv Feszes\u00edt\u0151 R\u00e1nctalan\u00edt\u00f3 kr\u00e9m 40+<\/strong><\/p>\n<p>Nappali \u00e9s \u00c9jszakai. Minden b\u0151rt\u00edpusra, \u00e9rz\u00e9kenyre is.<\/p>\n<p>A HYALURON CLINIC term\u00e9kcsal\u00e1d a PRO-VITAMIN B5 szinergikus hat\u00e1s\u00e1ra \u00e9s a hialuronsav \u00f6t fajt\u00e1j\u00e1ra \u00e9p\u00fcl: 8% LAB HIALURON, t\u00e9rh\u00e1l\u00f3s hialuronsav, t\u00e9rfogatn\u00f6vel\u0151 HA mikrog\u00f6mb\u00f6k, GLYCOHYAL LW \u00e9s PatcH2O. Egy\u00fctt h\u00e1romdimenzi\u00f3s b\u0151rfeszes\u00edt\u0151 m\u00e1trixot k\u00e9peznek, amely biztos\u00edtja a TELJES FIATAL\u00cdT\u00d3 hat\u00e1st.<\/p>\n<p>A r\u00e1nctalan\u00edt\u00f3 kr\u00e9m a gondosan kiv\u00e1lasztott hat\u00f3anyagok k\u00f6lcs\u00f6nhat\u00e1s\u00e1nak \u00e9s hat\u00e9konys\u00e1g\u00e1nak k\u00f6sz\u00f6nhet\u0151en seg\u00edt a b\u0151r\u00f6reged\u00e9s jeleinek lek\u00fczd\u00e9s\u00e9ben, t\u00f6bbir\u00e1ny\u00fa helyre\u00e1ll\u00edt\u00e1si elj\u00e1r\u00e1son kereszt\u00fcl: A HIALURONSAV \u00d6T FAJT\u00c1J\u00c1NAK EGYES\u00cdT\u00c9S\u00c9VEL a b\u0151r hidrat\u00e1ltabb lesz \u00e9s cs\u00f6kkennek a r\u00e1ncok.<\/p>\n<p>A CENTELLA ASIATICA nyugtat\u00f3, antioxid\u00e1l\u00f3 \u00e9s b\u0151rfiatal\u00edt\u00f3 tulajdons\u00e1gokkal rendelkezik, feszes\u00edti \u00e9s kisim\u00edtja a b\u0151rt. A FIRMING 3D COMPLEX\u00ae megemeli \u00e9s kisim\u00edtja a b\u0151rt, helyre\u00e1ll\u00edtja fiatalos megjelen\u00e9s\u00e9t. A PURIDETOX\u00ae v\u00e9delmet ny\u00fajt a leveg\u0151szennyez\u00e9s \u00e9s a szabad gy\u00f6k\u00f6k k\u00e1ros hat\u00e1sai ellen. A PRO-VITAMIN B5 intenz\u00edven regener\u00e1lja \u00e9s nyugtatja az \u00e9rz\u00e9keny b\u0151rt.<\/p>\n<p>\u00f6sszetev\u0151k: Aqua (Water), Dimethicone, Glycerin, Glyceryl Stearate, PEG-100 Stearate, Cetearyl Alcohol, Propylene Glycol, Isopropyl Myristate, Ethylhexyl Stearate, Dicaprylyl Ether, Myristyl Myristate, Betaine, Butyrospermum Parkii Butter, Glycine Soja Oil, Sodium Hyaluronate Crosspolymer, Sodium Hyaluronate, Hyaluronic Acid, Hydrolyzed Glycosaminoglycans, Acetyl Hexapeptide-8, Centella Asiatica Leaf Extract, Enantia Chlorantha Bark Extract, Moringa Oleifera Seed Extract, Serine, Tocopheryl Acetate, Pullulan, Trehalose, Urea, Tocopherol, Algin, Panthenol, Parfum (Fragrance), Phenoxyethanol, Methylparaben, Ethylparaben, Butylparaben, Propylparaben, DMDM Hydantoin, Potassium Sorbate, Chlorphenesin, Ethylhexylglycerin, Polysilicone-11, Polyacrylamide, C13-14 Isoparaffin, Sodium Polyacrylate, Pentylene Glycol, Butylene Glycol, Caprylyl Glycol, Hexylene Glycol, Laureth-7, Sucrose Palmitate, Glyceryl Linoleate, Decyl Glucoside, Disodium Phosphate, Glyceryl Polyacrylate, Sodium Benzoate, Sodium Citrate, Potassium Phosphate, Oleanolic Acid, Citric Acid, Disodium EDTA, Benzyl Salicylate, Citronellol, Limonene, Linalool.<\/p>\n","protected":false},"excerpt":{"rendered":"<p>seg\u00edt a b\u0151r\u00f6reged\u00e9s jeleinek lek\u00fczd\u00e9s\u00e9ben&#8230;<\/p>\n","protected":false},"featured_media":23457,"comment_status":"open","ping_status":"closed","template":"","meta":[],"product_cat":[125,126,199],"product_tag":[],"yoast_head":"<!-- This site is optimized with the Yoast SEO plugin v22.2 - https:\/\/yoast.com\/wordpress\/plugins\/seo\/ -->\n<title>HYALURON CLINIC R\u00e1nctalan\u00edt\u00f3 kr\u00e9m 40+ nappali \u00e9s \u00e9jszakai 50ml - Eveline Cosmetics Magyarorsz\u00e1g<\/title>\n<meta name=\"robots\" content=\"index, follow, max-snippet:-1, max-image-preview:large, max-video-preview:-1\" \/>\n<link rel=\"canonical\" href=\"https:\/\/www.eveline.hu\/2016\/eveline-kozmetikumok-szepsegapolas\/szepsegapolas\/arcapolas\/new-hyaluron-40-feszesito-rancfeltolto-nappali-es-ejszakai-krem-50ml\/\" \/>\n<meta property=\"og:locale\" content=\"hu_HU\" \/>\n<meta property=\"og:type\" content=\"article\" \/>\n<meta property=\"og:title\" content=\"HYALURON CLINIC R\u00e1nctalan\u00edt\u00f3 kr\u00e9m 40+ nappali \u00e9s \u00e9jszakai 50ml - Eveline Cosmetics Magyarorsz\u00e1g\" \/>\n<meta property=\"og:description\" content=\"seg\u00edt a b\u0151r\u00f6reged\u00e9s jeleinek lek\u00fczd\u00e9s\u00e9ben...\" \/>\n<meta property=\"og:url\" content=\"https:\/\/www.eveline.hu\/2016\/eveline-kozmetikumok-szepsegapolas\/szepsegapolas\/arcapolas\/new-hyaluron-40-feszesito-rancfeltolto-nappali-es-ejszakai-krem-50ml\/\" \/>\n<meta property=\"og:site_name\" content=\"Eveline Cosmetics Magyarorsz\u00e1g\" \/>\n<meta property=\"article:modified_time\" content=\"2024-04-17T14:21:05+00:00\" \/>\n<meta property=\"og:image\" content=\"https:\/\/www.eveline.hu\/2016\/wp-content\/uploads\/2017\/01\/Hyaluron-Clinic-40-web.png\" \/>\n\t<meta property=\"og:image:width\" content=\"750\" \/>\n\t<meta property=\"og:image:height\" content=\"750\" \/>\n\t<meta property=\"og:image:type\" content=\"image\/png\" \/>\n<meta name=\"twitter:card\" content=\"summary_large_image\" \/>\n<meta name=\"twitter:label1\" content=\"Becs\u00fclt olvas\u00e1si id\u0151\" \/>\n\t<meta name=\"twitter:data1\" content=\"2 perc\" \/>\n<script type=\"application\/ld+json\" class=\"yoast-schema-graph\">{\"@context\":\"https:\/\/schema.org\",\"@graph\":[{\"@type\":\"WebPage\",\"@id\":\"https:\/\/www.eveline.hu\/2016\/eveline-kozmetikumok-szepsegapolas\/szepsegapolas\/arcapolas\/new-hyaluron-40-feszesito-rancfeltolto-nappali-es-ejszakai-krem-50ml\/\",\"url\":\"https:\/\/www.eveline.hu\/2016\/eveline-kozmetikumok-szepsegapolas\/szepsegapolas\/arcapolas\/new-hyaluron-40-feszesito-rancfeltolto-nappali-es-ejszakai-krem-50ml\/\",\"name\":\"HYALURON CLINIC R\u00e1nctalan\u00edt\u00f3 kr\u00e9m 40+ nappali \u00e9s \u00e9jszakai 50ml - Eveline Cosmetics Magyarorsz\u00e1g\",\"isPartOf\":{\"@id\":\"https:\/\/www.eveline.hu\/2016\/#website\"},\"primaryImageOfPage\":{\"@id\":\"https:\/\/www.eveline.hu\/2016\/eveline-kozmetikumok-szepsegapolas\/szepsegapolas\/arcapolas\/new-hyaluron-40-feszesito-rancfeltolto-nappali-es-ejszakai-krem-50ml\/#primaryimage\"},\"image\":{\"@id\":\"https:\/\/www.eveline.hu\/2016\/eveline-kozmetikumok-szepsegapolas\/szepsegapolas\/arcapolas\/new-hyaluron-40-feszesito-rancfeltolto-nappali-es-ejszakai-krem-50ml\/#primaryimage\"},\"thumbnailUrl\":\"https:\/\/www.eveline.hu\/2016\/wp-content\/uploads\/2017\/01\/Hyaluron-Clinic-40-web.png\",\"datePublished\":\"2017-01-13T09:50:31+00:00\",\"dateModified\":\"2024-04-17T14:21:05+00:00\",\"breadcrumb\":{\"@id\":\"https:\/\/www.eveline.hu\/2016\/eveline-kozmetikumok-szepsegapolas\/szepsegapolas\/arcapolas\/new-hyaluron-40-feszesito-rancfeltolto-nappali-es-ejszakai-krem-50ml\/#breadcrumb\"},\"inLanguage\":\"hu\",\"potentialAction\":[{\"@type\":\"ReadAction\",\"target\":[\"https:\/\/www.eveline.hu\/2016\/eveline-kozmetikumok-szepsegapolas\/szepsegapolas\/arcapolas\/new-hyaluron-40-feszesito-rancfeltolto-nappali-es-ejszakai-krem-50ml\/\"]}]},{\"@type\":\"ImageObject\",\"inLanguage\":\"hu\",\"@id\":\"https:\/\/www.eveline.hu\/2016\/eveline-kozmetikumok-szepsegapolas\/szepsegapolas\/arcapolas\/new-hyaluron-40-feszesito-rancfeltolto-nappali-es-ejszakai-krem-50ml\/#primaryimage\",\"url\":\"https:\/\/www.eveline.hu\/2016\/wp-content\/uploads\/2017\/01\/Hyaluron-Clinic-40-web.png\",\"contentUrl\":\"https:\/\/www.eveline.hu\/2016\/wp-content\/uploads\/2017\/01\/Hyaluron-Clinic-40-web.png\",\"width\":750,\"height\":750},{\"@type\":\"BreadcrumbList\",\"@id\":\"https:\/\/www.eveline.hu\/2016\/eveline-kozmetikumok-szepsegapolas\/szepsegapolas\/arcapolas\/new-hyaluron-40-feszesito-rancfeltolto-nappali-es-ejszakai-krem-50ml\/#breadcrumb\",\"itemListElement\":[{\"@type\":\"ListItem\",\"position\":1,\"name\":\"Home\",\"item\":\"https:\/\/www.eveline.hu\/2016\/\"},{\"@type\":\"ListItem\",\"position\":2,\"name\":\"Term\u00e9kek\",\"item\":\"https:\/\/www.eveline.hu\/2016\/shop\/\"},{\"@type\":\"ListItem\",\"position\":3,\"name\":\"HYALURON CLINIC R\u00e1nctalan\u00edt\u00f3 kr\u00e9m 40+ nappali \u00e9s \u00e9jszakai 50ml\"}]},{\"@type\":\"WebSite\",\"@id\":\"https:\/\/www.eveline.hu\/2016\/#website\",\"url\":\"https:\/\/www.eveline.hu\/2016\/\",\"name\":\"Eveline Cosmetics Magyarorsz\u00e1g\",\"description\":\"Min\u0151s\u00e9gi kozmetikumok Lengyelorsz\u00e1gb\u00f3l\",\"potentialAction\":[{\"@type\":\"SearchAction\",\"target\":{\"@type\":\"EntryPoint\",\"urlTemplate\":\"https:\/\/www.eveline.hu\/2016\/?s={search_term_string}\"},\"query-input\":\"required name=search_term_string\"}],\"inLanguage\":\"hu\"}]}<\/script>\n<!-- \/ Yoast SEO plugin. -->","yoast_head_json":{"title":"HYALURON CLINIC R\u00e1nctalan\u00edt\u00f3 kr\u00e9m 40+ nappali \u00e9s \u00e9jszakai 50ml - Eveline Cosmetics Magyarorsz\u00e1g","robots":{"index":"index","follow":"follow","max-snippet":"max-snippet:-1","max-image-preview":"max-image-preview:large","max-video-preview":"max-video-preview:-1"},"canonical":"https:\/\/www.eveline.hu\/2016\/eveline-kozmetikumok-szepsegapolas\/szepsegapolas\/arcapolas\/new-hyaluron-40-feszesito-rancfeltolto-nappali-es-ejszakai-krem-50ml\/","og_locale":"hu_HU","og_type":"article","og_title":"HYALURON CLINIC R\u00e1nctalan\u00edt\u00f3 kr\u00e9m 40+ nappali \u00e9s \u00e9jszakai 50ml - Eveline Cosmetics Magyarorsz\u00e1g","og_description":"seg\u00edt a b\u0151r\u00f6reged\u00e9s jeleinek lek\u00fczd\u00e9s\u00e9ben...","og_url":"https:\/\/www.eveline.hu\/2016\/eveline-kozmetikumok-szepsegapolas\/szepsegapolas\/arcapolas\/new-hyaluron-40-feszesito-rancfeltolto-nappali-es-ejszakai-krem-50ml\/","og_site_name":"Eveline Cosmetics Magyarorsz\u00e1g","article_modified_time":"2024-04-17T14:21:05+00:00","og_image":[{"width":750,"height":750,"url":"https:\/\/www.eveline.hu\/2016\/wp-content\/uploads\/2017\/01\/Hyaluron-Clinic-40-web.png","type":"image\/png"}],"twitter_card":"summary_large_image","twitter_misc":{"Becs\u00fclt olvas\u00e1si id\u0151":"2 perc"},"schema":{"@context":"https:\/\/schema.org","@graph":[{"@type":"WebPage","@id":"https:\/\/www.eveline.hu\/2016\/eveline-kozmetikumok-szepsegapolas\/szepsegapolas\/arcapolas\/new-hyaluron-40-feszesito-rancfeltolto-nappali-es-ejszakai-krem-50ml\/","url":"https:\/\/www.eveline.hu\/2016\/eveline-kozmetikumok-szepsegapolas\/szepsegapolas\/arcapolas\/new-hyaluron-40-feszesito-rancfeltolto-nappali-es-ejszakai-krem-50ml\/","name":"HYALURON CLINIC R\u00e1nctalan\u00edt\u00f3 kr\u00e9m 40+ nappali \u00e9s \u00e9jszakai 50ml - Eveline Cosmetics Magyarorsz\u00e1g","isPartOf":{"@id":"https:\/\/www.eveline.hu\/2016\/#website"},"primaryImageOfPage":{"@id":"https:\/\/www.eveline.hu\/2016\/eveline-kozmetikumok-szepsegapolas\/szepsegapolas\/arcapolas\/new-hyaluron-40-feszesito-rancfeltolto-nappali-es-ejszakai-krem-50ml\/#primaryimage"},"image":{"@id":"https:\/\/www.eveline.hu\/2016\/eveline-kozmetikumok-szepsegapolas\/szepsegapolas\/arcapolas\/new-hyaluron-40-feszesito-rancfeltolto-nappali-es-ejszakai-krem-50ml\/#primaryimage"},"thumbnailUrl":"https:\/\/www.eveline.hu\/2016\/wp-content\/uploads\/2017\/01\/Hyaluron-Clinic-40-web.png","datePublished":"2017-01-13T09:50:31+00:00","dateModified":"2024-04-17T14:21:05+00:00","breadcrumb":{"@id":"https:\/\/www.eveline.hu\/2016\/eveline-kozmetikumok-szepsegapolas\/szepsegapolas\/arcapolas\/new-hyaluron-40-feszesito-rancfeltolto-nappali-es-ejszakai-krem-50ml\/#breadcrumb"},"inLanguage":"hu","potentialAction":[{"@type":"ReadAction","target":["https:\/\/www.eveline.hu\/2016\/eveline-kozmetikumok-szepsegapolas\/szepsegapolas\/arcapolas\/new-hyaluron-40-feszesito-rancfeltolto-nappali-es-ejszakai-krem-50ml\/"]}]},{"@type":"ImageObject","inLanguage":"hu","@id":"https:\/\/www.eveline.hu\/2016\/eveline-kozmetikumok-szepsegapolas\/szepsegapolas\/arcapolas\/new-hyaluron-40-feszesito-rancfeltolto-nappali-es-ejszakai-krem-50ml\/#primaryimage","url":"https:\/\/www.eveline.hu\/2016\/wp-content\/uploads\/2017\/01\/Hyaluron-Clinic-40-web.png","contentUrl":"https:\/\/www.eveline.hu\/2016\/wp-content\/uploads\/2017\/01\/Hyaluron-Clinic-40-web.png","width":750,"height":750},{"@type":"BreadcrumbList","@id":"https:\/\/www.eveline.hu\/2016\/eveline-kozmetikumok-szepsegapolas\/szepsegapolas\/arcapolas\/new-hyaluron-40-feszesito-rancfeltolto-nappali-es-ejszakai-krem-50ml\/#breadcrumb","itemListElement":[{"@type":"ListItem","position":1,"name":"Home","item":"https:\/\/www.eveline.hu\/2016\/"},{"@type":"ListItem","position":2,"name":"Term\u00e9kek","item":"https:\/\/www.eveline.hu\/2016\/shop\/"},{"@type":"ListItem","position":3,"name":"HYALURON CLINIC R\u00e1nctalan\u00edt\u00f3 kr\u00e9m 40+ nappali \u00e9s \u00e9jszakai 50ml"}]},{"@type":"WebSite","@id":"https:\/\/www.eveline.hu\/2016\/#website","url":"https:\/\/www.eveline.hu\/2016\/","name":"Eveline Cosmetics Magyarorsz\u00e1g","description":"Min\u0151s\u00e9gi kozmetikumok Lengyelorsz\u00e1gb\u00f3l","potentialAction":[{"@type":"SearchAction","target":{"@type":"EntryPoint","urlTemplate":"https:\/\/www.eveline.hu\/2016\/?s={search_term_string}"},"query-input":"required name=search_term_string"}],"inLanguage":"hu"}]}},"_links":{"self":[{"href":"https:\/\/www.eveline.hu\/2016\/wp-json\/wp\/v2\/product\/22034"}],"collection":[{"href":"https:\/\/www.eveline.hu\/2016\/wp-json\/wp\/v2\/product"}],"about":[{"href":"https:\/\/www.eveline.hu\/2016\/wp-json\/wp\/v2\/types\/product"}],"replies":[{"embeddable":true,"href":"https:\/\/www.eveline.hu\/2016\/wp-json\/wp\/v2\/comments?post=22034"}],"wp:featuredmedia":[{"embeddable":true,"href":"https:\/\/www.eveline.hu\/2016\/wp-json\/wp\/v2\/media\/23457"}],"wp:attachment":[{"href":"https:\/\/www.eveline.hu\/2016\/wp-json\/wp\/v2\/media?parent=22034"}],"wp:term":[{"taxonomy":"product_cat","embeddable":true,"href":"https:\/\/www.eveline.hu\/2016\/wp-json\/wp\/v2\/product_cat?post=22034"},{"taxonomy":"product_tag","embeddable":true,"href":"https:\/\/www.eveline.hu\/2016\/wp-json\/wp\/v2\/product_tag?post=22034"}],"curies":[{"name":"wp","href":"https:\/\/api.w.org\/{rel}","templated":true}]}}