{"id":21921,"date":"2016-10-16T19:40:06","date_gmt":"2016-10-16T17:40:06","guid":{"rendered":"http:\/\/www.eveline.hu\/2016\/?post_type=product&#038;p=21921"},"modified":"2022-11-14T19:36:00","modified_gmt":"2022-11-14T18:36:00","slug":"new-hyaluron-30-hidratalo-nappali-es-ejszakai-krem-elso-rancokra-50ml","status":"publish","type":"product","link":"https:\/\/www.eveline.hu\/2016\/eveline-kozmetikumok-szepsegapolas\/szepsegapolas\/arcapolas\/new-hyaluron-30-hidratalo-nappali-es-ejszakai-krem-elso-rancokra-50ml\/","title":{"rendered":"HYALURON CLINIC 30+ M\u00e9lyen hidrat\u00e1l\u00f3 nappali \u00e9s \u00e9jszakai kr\u00e9m 50ml"},"content":{"rendered":"<p><strong>HYALURON CLINIC<\/strong> <strong>M\u00e9lyen hidrat\u00e1l\u00f3 kr\u00e9m az els\u0151 r\u00e1ncokra<\/strong><strong> 30+<\/strong><\/p>\n<p>Nappali \u00e9s \u00c9jszakai. Minden b\u0151rt\u00edpusra, \u00e9rz\u00e9kenyre is.<\/p>\n<p>A HYALURON CLINIC term\u00e9kcsal\u00e1d a PRO-VITAMIN B5 szinergikus hat\u00e1s\u00e1ra \u00e9s a hialuronsav \u00f6t fajt\u00e1j\u00e1ra \u00e9p\u00fcl: 5% LAB HIALURON, t\u00e9rh\u00e1l\u00f3s hialuronsav, t\u00e9rfogatn\u00f6vel\u0151 HA mikrog\u00f6mb\u00f6k, GLYCOHYAL LW \u00e9s PatcH2O. Egy\u00fctt h\u00e1romdimenzi\u00f3s b\u0151rtiszt\u00edt\u00f3 m\u00e1trixot k\u00e9peznek, amely biztos\u00edtja a TELJES FIATAL\u00cdT\u00d3 hat\u00e1st.<\/p>\n<p>A m\u00e9lyen hidrat\u00e1l\u00f3 kr\u00e9m az els\u0151 r\u00e1ncokra 30+ gondosan kiv\u00e1lasztott hat\u00f3anyagok hat\u00e9konys\u00e1g\u00e1nak k\u00f6sz\u00f6nhet\u0151en biztos\u00edtja a t\u00f6bbir\u00e1ny\u00fa \u00f6reged\u00e9sg\u00e1tl\u00f3 hat\u00e1st:<\/p>\n<p>ARGIRELINE\u00a0laz\u00edtja a mimikai vonalakat, cs\u00f6kkenti a r\u00e1ncok m\u00e9lys\u00e9g\u00e9t \u00e9s hossz\u00e1t. A HIALURONSAV \u00d6T FAJT\u00c1J\u00c1NAK EGYES\u00cdT\u00c9S\u00c9VEL biztos\u00edtja a b\u0151r intenz\u00edv hidrat\u00e1l\u00e1s\u00e1t \u00e9s helyre\u00e1ll\u00edtja simas\u00e1g\u00e1t. Cs\u00f6kkenti a mimikai vonalakat \u00e9s a megl\u00e9v\u0151 r\u00e1ncokat. A B5 PRO-VITAMIN stimul\u00e1lja a regener\u00e1ci\u00f3s mechanizmusokat, m\u00edg a\u00a0 PURIDETOX v\u00e9d a l\u00e9gszennyez\u00e9s \u00e9s szabad gy\u00f6k\u00f6k k\u00e1ros hat\u00e1sait\u00f3l.<\/p>\n<p>\u00f6sszetev\u0151k: Aqua (Water), Glycerin, Caprylic\/Capric Triglyceride, Propylene Glycol, Coco-Caprylate, Propanediol, Dimethicone, Butyrospermum Parkii Butter, Helianthus Annuus Seed Oil, Prunus Amygdalus Dulcis Oil, Vitis Vinifera Seed Oil, Olus Oil, Betaine, Moringa Oleifera Seed Extract, Enantia Chlorantha Bark Extract, Sodium Hyaluronate Crosspolymer, Sodium Hyaluronate, Hyaluronic Acid, Acetyl Hexapeptide-8, Panthenol, Tocopheryl Acetate, Pullulan, Hydrolyzed Glycosaminoglycans, Serine, Trehalose, Urea, Tocopherol, Algin, Acrylates\/C10-30 Alkyl Acrylate Crosspolymer, Triethanolamine, Sodium Polyacrylate, Parfum (Fragrance), Phenoxyethanol, Methylparaben, Ethylparaben, Propylparaben, Ethylhexylglycerin, Chlorphenesin, Hydroxyacetophenone, Potassium Sorbate, Butylene Glycol, Polysilicone-11, Sucrose Palmitate, Decyl Glucoside, Pentylene Glycol, Caprylyl Glycol, Glyceryl Linoleate, Hexylene Glycol, Oleanolic Acid, Disodium Phosphate, Glyceryl Polyacrylate, Potassium Phosphate, Citric Acid, Disodium EDTA, Benzyl Salicylate, Citronellol, Limonene, Linalool.<\/p>\n","protected":false},"excerpt":{"rendered":"<p>HYALURON CLINIC M\u00e9lyen hidrat\u00e1l\u00f3 kr\u00e9m az els\u0151 r\u00e1ncokra 30+ Nappali \u00e9s \u00c9jszakai. Minden b\u0151rt\u00edpusra, \u00e9rz\u00e9kenyre is. A HYALURON CLINIC term\u00e9kcsal\u00e1d a PRO-VITAMIN B5 szinergikus hat\u00e1s\u00e1ra \u00e9s a hialuronsav \u00f6t fajt\u00e1j\u00e1ra \u00e9p\u00fcl: 5% LAB HIALURON, t\u00e9rh\u00e1l\u00f3s hialuronsav, t\u00e9rfogatn\u00f6vel\u0151 HA mikrog\u00f6mb\u00f6k, GLYCOHYAL [&hellip;]<\/p>\n","protected":false},"featured_media":23621,"comment_status":"open","ping_status":"closed","template":"","meta":[],"product_cat":[125,126,80,199],"product_tag":[],"yoast_head":"<!-- This site is optimized with the Yoast SEO plugin v22.2 - https:\/\/yoast.com\/wordpress\/plugins\/seo\/ -->\n<title>HYALURON CLINIC 30+ M\u00e9lyen hidrat\u00e1l\u00f3 nappali \u00e9s \u00e9jszakai kr\u00e9m 50ml - Eveline Cosmetics Magyarorsz\u00e1g<\/title>\n<meta name=\"robots\" content=\"index, follow, max-snippet:-1, max-image-preview:large, max-video-preview:-1\" \/>\n<link rel=\"canonical\" href=\"https:\/\/www.eveline.hu\/2016\/eveline-kozmetikumok-szepsegapolas\/szepsegapolas\/arcapolas\/new-hyaluron-30-hidratalo-nappali-es-ejszakai-krem-elso-rancokra-50ml\/\" \/>\n<meta property=\"og:locale\" content=\"hu_HU\" \/>\n<meta property=\"og:type\" content=\"article\" \/>\n<meta property=\"og:title\" content=\"HYALURON CLINIC 30+ M\u00e9lyen hidrat\u00e1l\u00f3 nappali \u00e9s \u00e9jszakai kr\u00e9m 50ml - Eveline Cosmetics Magyarorsz\u00e1g\" \/>\n<meta property=\"og:description\" content=\"HYALURON CLINIC M\u00e9lyen hidrat\u00e1l\u00f3 kr\u00e9m az els\u0151 r\u00e1ncokra 30+ Nappali \u00e9s \u00c9jszakai. Minden b\u0151rt\u00edpusra, \u00e9rz\u00e9kenyre is. A HYALURON CLINIC term\u00e9kcsal\u00e1d a PRO-VITAMIN B5 szinergikus hat\u00e1s\u00e1ra \u00e9s a hialuronsav \u00f6t fajt\u00e1j\u00e1ra \u00e9p\u00fcl: 5% LAB HIALURON, t\u00e9rh\u00e1l\u00f3s hialuronsav, t\u00e9rfogatn\u00f6vel\u0151 HA mikrog\u00f6mb\u00f6k, GLYCOHYAL [&hellip;]\" \/>\n<meta property=\"og:url\" content=\"https:\/\/www.eveline.hu\/2016\/eveline-kozmetikumok-szepsegapolas\/szepsegapolas\/arcapolas\/new-hyaluron-30-hidratalo-nappali-es-ejszakai-krem-elso-rancokra-50ml\/\" \/>\n<meta property=\"og:site_name\" content=\"Eveline Cosmetics Magyarorsz\u00e1g\" \/>\n<meta property=\"article:modified_time\" content=\"2022-11-14T18:36:00+00:00\" \/>\n<meta property=\"og:image\" content=\"https:\/\/www.eveline.hu\/2016\/wp-content\/uploads\/2016\/10\/Hyaluron-Clinic-30kr\u00e9m-web.png\" \/>\n\t<meta property=\"og:image:width\" content=\"750\" \/>\n\t<meta property=\"og:image:height\" content=\"750\" \/>\n\t<meta property=\"og:image:type\" content=\"image\/png\" \/>\n<meta name=\"twitter:card\" content=\"summary_large_image\" \/>\n<meta name=\"twitter:label1\" content=\"Becs\u00fclt olvas\u00e1si id\u0151\" \/>\n\t<meta name=\"twitter:data1\" content=\"2 perc\" \/>\n<script type=\"application\/ld+json\" class=\"yoast-schema-graph\">{\"@context\":\"https:\/\/schema.org\",\"@graph\":[{\"@type\":\"WebPage\",\"@id\":\"https:\/\/www.eveline.hu\/2016\/eveline-kozmetikumok-szepsegapolas\/szepsegapolas\/arcapolas\/new-hyaluron-30-hidratalo-nappali-es-ejszakai-krem-elso-rancokra-50ml\/\",\"url\":\"https:\/\/www.eveline.hu\/2016\/eveline-kozmetikumok-szepsegapolas\/szepsegapolas\/arcapolas\/new-hyaluron-30-hidratalo-nappali-es-ejszakai-krem-elso-rancokra-50ml\/\",\"name\":\"HYALURON CLINIC 30+ M\u00e9lyen hidrat\u00e1l\u00f3 nappali \u00e9s \u00e9jszakai kr\u00e9m 50ml - Eveline Cosmetics Magyarorsz\u00e1g\",\"isPartOf\":{\"@id\":\"https:\/\/www.eveline.hu\/2016\/#website\"},\"primaryImageOfPage\":{\"@id\":\"https:\/\/www.eveline.hu\/2016\/eveline-kozmetikumok-szepsegapolas\/szepsegapolas\/arcapolas\/new-hyaluron-30-hidratalo-nappali-es-ejszakai-krem-elso-rancokra-50ml\/#primaryimage\"},\"image\":{\"@id\":\"https:\/\/www.eveline.hu\/2016\/eveline-kozmetikumok-szepsegapolas\/szepsegapolas\/arcapolas\/new-hyaluron-30-hidratalo-nappali-es-ejszakai-krem-elso-rancokra-50ml\/#primaryimage\"},\"thumbnailUrl\":\"https:\/\/www.eveline.hu\/2016\/wp-content\/uploads\/2016\/10\/Hyaluron-Clinic-30kr\u00e9m-web.png\",\"datePublished\":\"2016-10-16T17:40:06+00:00\",\"dateModified\":\"2022-11-14T18:36:00+00:00\",\"breadcrumb\":{\"@id\":\"https:\/\/www.eveline.hu\/2016\/eveline-kozmetikumok-szepsegapolas\/szepsegapolas\/arcapolas\/new-hyaluron-30-hidratalo-nappali-es-ejszakai-krem-elso-rancokra-50ml\/#breadcrumb\"},\"inLanguage\":\"hu\",\"potentialAction\":[{\"@type\":\"ReadAction\",\"target\":[\"https:\/\/www.eveline.hu\/2016\/eveline-kozmetikumok-szepsegapolas\/szepsegapolas\/arcapolas\/new-hyaluron-30-hidratalo-nappali-es-ejszakai-krem-elso-rancokra-50ml\/\"]}]},{\"@type\":\"ImageObject\",\"inLanguage\":\"hu\",\"@id\":\"https:\/\/www.eveline.hu\/2016\/eveline-kozmetikumok-szepsegapolas\/szepsegapolas\/arcapolas\/new-hyaluron-30-hidratalo-nappali-es-ejszakai-krem-elso-rancokra-50ml\/#primaryimage\",\"url\":\"https:\/\/www.eveline.hu\/2016\/wp-content\/uploads\/2016\/10\/Hyaluron-Clinic-30kr\u00e9m-web.png\",\"contentUrl\":\"https:\/\/www.eveline.hu\/2016\/wp-content\/uploads\/2016\/10\/Hyaluron-Clinic-30kr\u00e9m-web.png\",\"width\":750,\"height\":750},{\"@type\":\"BreadcrumbList\",\"@id\":\"https:\/\/www.eveline.hu\/2016\/eveline-kozmetikumok-szepsegapolas\/szepsegapolas\/arcapolas\/new-hyaluron-30-hidratalo-nappali-es-ejszakai-krem-elso-rancokra-50ml\/#breadcrumb\",\"itemListElement\":[{\"@type\":\"ListItem\",\"position\":1,\"name\":\"Home\",\"item\":\"https:\/\/www.eveline.hu\/2016\/\"},{\"@type\":\"ListItem\",\"position\":2,\"name\":\"Term\u00e9kek\",\"item\":\"https:\/\/www.eveline.hu\/2016\/shop\/\"},{\"@type\":\"ListItem\",\"position\":3,\"name\":\"HYALURON CLINIC 30+ M\u00e9lyen hidrat\u00e1l\u00f3 nappali \u00e9s \u00e9jszakai kr\u00e9m 50ml\"}]},{\"@type\":\"WebSite\",\"@id\":\"https:\/\/www.eveline.hu\/2016\/#website\",\"url\":\"https:\/\/www.eveline.hu\/2016\/\",\"name\":\"Eveline Cosmetics Magyarorsz\u00e1g\",\"description\":\"Min\u0151s\u00e9gi kozmetikumok Lengyelorsz\u00e1gb\u00f3l\",\"potentialAction\":[{\"@type\":\"SearchAction\",\"target\":{\"@type\":\"EntryPoint\",\"urlTemplate\":\"https:\/\/www.eveline.hu\/2016\/?s={search_term_string}\"},\"query-input\":\"required name=search_term_string\"}],\"inLanguage\":\"hu\"}]}<\/script>\n<!-- \/ Yoast SEO plugin. -->","yoast_head_json":{"title":"HYALURON CLINIC 30+ M\u00e9lyen hidrat\u00e1l\u00f3 nappali \u00e9s \u00e9jszakai kr\u00e9m 50ml - Eveline Cosmetics Magyarorsz\u00e1g","robots":{"index":"index","follow":"follow","max-snippet":"max-snippet:-1","max-image-preview":"max-image-preview:large","max-video-preview":"max-video-preview:-1"},"canonical":"https:\/\/www.eveline.hu\/2016\/eveline-kozmetikumok-szepsegapolas\/szepsegapolas\/arcapolas\/new-hyaluron-30-hidratalo-nappali-es-ejszakai-krem-elso-rancokra-50ml\/","og_locale":"hu_HU","og_type":"article","og_title":"HYALURON CLINIC 30+ M\u00e9lyen hidrat\u00e1l\u00f3 nappali \u00e9s \u00e9jszakai kr\u00e9m 50ml - Eveline Cosmetics Magyarorsz\u00e1g","og_description":"HYALURON CLINIC M\u00e9lyen hidrat\u00e1l\u00f3 kr\u00e9m az els\u0151 r\u00e1ncokra 30+ Nappali \u00e9s \u00c9jszakai. Minden b\u0151rt\u00edpusra, \u00e9rz\u00e9kenyre is. A HYALURON CLINIC term\u00e9kcsal\u00e1d a PRO-VITAMIN B5 szinergikus hat\u00e1s\u00e1ra \u00e9s a hialuronsav \u00f6t fajt\u00e1j\u00e1ra \u00e9p\u00fcl: 5% LAB HIALURON, t\u00e9rh\u00e1l\u00f3s hialuronsav, t\u00e9rfogatn\u00f6vel\u0151 HA mikrog\u00f6mb\u00f6k, GLYCOHYAL [&hellip;]","og_url":"https:\/\/www.eveline.hu\/2016\/eveline-kozmetikumok-szepsegapolas\/szepsegapolas\/arcapolas\/new-hyaluron-30-hidratalo-nappali-es-ejszakai-krem-elso-rancokra-50ml\/","og_site_name":"Eveline Cosmetics Magyarorsz\u00e1g","article_modified_time":"2022-11-14T18:36:00+00:00","og_image":[{"width":750,"height":750,"url":"https:\/\/www.eveline.hu\/2016\/wp-content\/uploads\/2016\/10\/Hyaluron-Clinic-30kr\u00e9m-web.png","type":"image\/png"}],"twitter_card":"summary_large_image","twitter_misc":{"Becs\u00fclt olvas\u00e1si id\u0151":"2 perc"},"schema":{"@context":"https:\/\/schema.org","@graph":[{"@type":"WebPage","@id":"https:\/\/www.eveline.hu\/2016\/eveline-kozmetikumok-szepsegapolas\/szepsegapolas\/arcapolas\/new-hyaluron-30-hidratalo-nappali-es-ejszakai-krem-elso-rancokra-50ml\/","url":"https:\/\/www.eveline.hu\/2016\/eveline-kozmetikumok-szepsegapolas\/szepsegapolas\/arcapolas\/new-hyaluron-30-hidratalo-nappali-es-ejszakai-krem-elso-rancokra-50ml\/","name":"HYALURON CLINIC 30+ M\u00e9lyen hidrat\u00e1l\u00f3 nappali \u00e9s \u00e9jszakai kr\u00e9m 50ml - Eveline Cosmetics Magyarorsz\u00e1g","isPartOf":{"@id":"https:\/\/www.eveline.hu\/2016\/#website"},"primaryImageOfPage":{"@id":"https:\/\/www.eveline.hu\/2016\/eveline-kozmetikumok-szepsegapolas\/szepsegapolas\/arcapolas\/new-hyaluron-30-hidratalo-nappali-es-ejszakai-krem-elso-rancokra-50ml\/#primaryimage"},"image":{"@id":"https:\/\/www.eveline.hu\/2016\/eveline-kozmetikumok-szepsegapolas\/szepsegapolas\/arcapolas\/new-hyaluron-30-hidratalo-nappali-es-ejszakai-krem-elso-rancokra-50ml\/#primaryimage"},"thumbnailUrl":"https:\/\/www.eveline.hu\/2016\/wp-content\/uploads\/2016\/10\/Hyaluron-Clinic-30kr\u00e9m-web.png","datePublished":"2016-10-16T17:40:06+00:00","dateModified":"2022-11-14T18:36:00+00:00","breadcrumb":{"@id":"https:\/\/www.eveline.hu\/2016\/eveline-kozmetikumok-szepsegapolas\/szepsegapolas\/arcapolas\/new-hyaluron-30-hidratalo-nappali-es-ejszakai-krem-elso-rancokra-50ml\/#breadcrumb"},"inLanguage":"hu","potentialAction":[{"@type":"ReadAction","target":["https:\/\/www.eveline.hu\/2016\/eveline-kozmetikumok-szepsegapolas\/szepsegapolas\/arcapolas\/new-hyaluron-30-hidratalo-nappali-es-ejszakai-krem-elso-rancokra-50ml\/"]}]},{"@type":"ImageObject","inLanguage":"hu","@id":"https:\/\/www.eveline.hu\/2016\/eveline-kozmetikumok-szepsegapolas\/szepsegapolas\/arcapolas\/new-hyaluron-30-hidratalo-nappali-es-ejszakai-krem-elso-rancokra-50ml\/#primaryimage","url":"https:\/\/www.eveline.hu\/2016\/wp-content\/uploads\/2016\/10\/Hyaluron-Clinic-30kr\u00e9m-web.png","contentUrl":"https:\/\/www.eveline.hu\/2016\/wp-content\/uploads\/2016\/10\/Hyaluron-Clinic-30kr\u00e9m-web.png","width":750,"height":750},{"@type":"BreadcrumbList","@id":"https:\/\/www.eveline.hu\/2016\/eveline-kozmetikumok-szepsegapolas\/szepsegapolas\/arcapolas\/new-hyaluron-30-hidratalo-nappali-es-ejszakai-krem-elso-rancokra-50ml\/#breadcrumb","itemListElement":[{"@type":"ListItem","position":1,"name":"Home","item":"https:\/\/www.eveline.hu\/2016\/"},{"@type":"ListItem","position":2,"name":"Term\u00e9kek","item":"https:\/\/www.eveline.hu\/2016\/shop\/"},{"@type":"ListItem","position":3,"name":"HYALURON CLINIC 30+ M\u00e9lyen hidrat\u00e1l\u00f3 nappali \u00e9s \u00e9jszakai kr\u00e9m 50ml"}]},{"@type":"WebSite","@id":"https:\/\/www.eveline.hu\/2016\/#website","url":"https:\/\/www.eveline.hu\/2016\/","name":"Eveline Cosmetics Magyarorsz\u00e1g","description":"Min\u0151s\u00e9gi kozmetikumok Lengyelorsz\u00e1gb\u00f3l","potentialAction":[{"@type":"SearchAction","target":{"@type":"EntryPoint","urlTemplate":"https:\/\/www.eveline.hu\/2016\/?s={search_term_string}"},"query-input":"required name=search_term_string"}],"inLanguage":"hu"}]}},"_links":{"self":[{"href":"https:\/\/www.eveline.hu\/2016\/wp-json\/wp\/v2\/product\/21921"}],"collection":[{"href":"https:\/\/www.eveline.hu\/2016\/wp-json\/wp\/v2\/product"}],"about":[{"href":"https:\/\/www.eveline.hu\/2016\/wp-json\/wp\/v2\/types\/product"}],"replies":[{"embeddable":true,"href":"https:\/\/www.eveline.hu\/2016\/wp-json\/wp\/v2\/comments?post=21921"}],"wp:featuredmedia":[{"embeddable":true,"href":"https:\/\/www.eveline.hu\/2016\/wp-json\/wp\/v2\/media\/23621"}],"wp:attachment":[{"href":"https:\/\/www.eveline.hu\/2016\/wp-json\/wp\/v2\/media?parent=21921"}],"wp:term":[{"taxonomy":"product_cat","embeddable":true,"href":"https:\/\/www.eveline.hu\/2016\/wp-json\/wp\/v2\/product_cat?post=21921"},{"taxonomy":"product_tag","embeddable":true,"href":"https:\/\/www.eveline.hu\/2016\/wp-json\/wp\/v2\/product_tag?post=21921"}],"curies":[{"name":"wp","href":"https:\/\/api.w.org\/{rel}","templated":true}]}}