{"id":21827,"date":"2016-07-28T20:18:42","date_gmt":"2016-07-28T18:18:42","guid":{"rendered":"http:\/\/www.eveline.hu\/2016\/?post_type=product&#038;p=21827"},"modified":"2022-12-27T21:19:27","modified_gmt":"2022-12-27T20:19:27","slug":"total-action-8az1-ben-koncentralt-szerum-szempillara","status":"publish","type":"product","link":"https:\/\/www.eveline.hu\/2016\/eveline-kozmetikumok-szepsegapolas\/smink\/szem\/szempillaspiralok\/total-action-8az1-ben-koncentralt-szerum-szempillara\/","title":{"rendered":"Total Action 8az1-ben koncentr\u00e1lt sz\u00e9rum szempill\u00e1ra 10ml"},"content":{"rendered":"<p>A D-panthenol, sz\u00f3ja proteinek, hialuronsav, arg\u00e1nolaj hat\u00e9konyan regener\u00e1lj\u00e1k, v\u00e9dik a szempill\u00e1kat, seg\u00edtik annak \u00fajj\u00e1\u00e9p\u00edt\u00e9s\u00e9t \u00e9s n\u00f6veked\u00e9s\u00e9t, valamint megg\u00e1tolj\u00e1k t\u00f6redez\u00e9s\u00e9t \u00e9s kies\u00e9s\u00e9t.<\/p>\n<p>A szempill\u00e1k visszanyerik rugalmass\u00e1guk \u00e9s f\u00e9ny\u00fck.<\/p>\n<p>Haszn\u00e1lat: A legjobb hat\u00e1s \u00e9rdek\u00e9ben haszn\u00e1ld a sz\u00e9rumot eg\u00e9sz nap 3-4 h\u00e9ten \u00e1t.<\/p>\n<p>1.Alapk\u00e9nt, vidd fel a spir\u00e1l haszn\u00e1lata el\u0151tt a megtiszt\u00edtott \u00e9s sz\u00e1raz szempill\u00e1kra.<\/p>\n<ol start=\"2\">\n<li>\u00dajj\u00e1\u00e9p\u00edt\u0151 sz\u00e9rumk\u00e9nt, elalv\u00e1s el\u0151tt vidd fel a megtiszt\u00edtott \u00e9s sz\u00e1raz szempill\u00e1kra.<\/li>\n<\/ol>\n<p>Nem tartalmaz illatanyagokat. Kontaktlencse visel\u0151k \u00e9s \u00e9rz\u00e9keny szem\u0171ek is haszn\u00e1lhatj\u00e1k.<\/p>\n<p>&nbsp;<\/p>\n<p>\u00f6sszetev\u0151k: Aqua (Water), Paraffin, Bis-Diglyceryl Polyacyladipate-2, Copernicia Cerifera Cera, Stearic Acid, Bis-PEG-12 Dimethicone Beeswax, Propylene Glycol, Glyceryl Behenate, Cetearyl Alcohol, Triethanolamine, Phenoxyethanol, Hydroxyethylcellulose, Ceteareth-20, DMDM Hydantoin, Argania Spinosa Kernel Oil, Panthenol, Hydrolyzed Soy Protein, Methylparaben, Ethylparaben, Butylparaben, Butylene Glycol, Propylparaben, Sodium Nitrate, Hydrated Silica, Potassium Sorbate, Trisodium EDTA, Disodium EDTA, Sodium Hyaluronate.<\/p>\n","protected":false},"excerpt":{"rendered":"<p>A D-panthenol, sz\u00f3ja proteinek, hialuronsav, arg\u00e1nolaj hat\u00e9konyan regener\u00e1lj\u00e1k, v\u00e9dik a szempill\u00e1kat, seg\u00edtik annak \u00fajj\u00e1\u00e9p\u00edt\u00e9s\u00e9t \u00e9s n\u00f6veked\u00e9s\u00e9t, valamint megg\u00e1tolj\u00e1k t\u00f6redez\u00e9s\u00e9t \u00e9s kies\u00e9s\u00e9t. A szempill\u00e1k visszanyerik rugalmass\u00e1guk \u00e9s f\u00e9ny\u00fck. Haszn\u00e1lat: A legjobb hat\u00e1s \u00e9rdek\u00e9ben haszn\u00e1ld a sz\u00e9rumot eg\u00e9sz nap 3-4 h\u00e9ten \u00e1t. [&hellip;]<\/p>\n","protected":false},"featured_media":21828,"comment_status":"open","ping_status":"closed","template":"","meta":[],"product_cat":[130,132,149],"product_tag":[],"yoast_head":"<!-- This site is optimized with the Yoast SEO plugin v22.2 - https:\/\/yoast.com\/wordpress\/plugins\/seo\/ -->\n<title>Total Action 8az1-ben koncentr\u00e1lt sz\u00e9rum szempill\u00e1ra 10ml - Eveline Cosmetics Magyarorsz\u00e1g<\/title>\n<meta name=\"robots\" content=\"index, follow, max-snippet:-1, max-image-preview:large, max-video-preview:-1\" \/>\n<link rel=\"canonical\" href=\"https:\/\/www.eveline.hu\/2016\/eveline-kozmetikumok-szepsegapolas\/smink\/szem\/szempillaspiralok\/total-action-8az1-ben-koncentralt-szerum-szempillara\/\" \/>\n<meta property=\"og:locale\" content=\"hu_HU\" \/>\n<meta property=\"og:type\" content=\"article\" \/>\n<meta property=\"og:title\" content=\"Total Action 8az1-ben koncentr\u00e1lt sz\u00e9rum szempill\u00e1ra 10ml - Eveline Cosmetics Magyarorsz\u00e1g\" \/>\n<meta property=\"og:description\" content=\"A D-panthenol, sz\u00f3ja proteinek, hialuronsav, arg\u00e1nolaj hat\u00e9konyan regener\u00e1lj\u00e1k, v\u00e9dik a szempill\u00e1kat, seg\u00edtik annak \u00fajj\u00e1\u00e9p\u00edt\u00e9s\u00e9t \u00e9s n\u00f6veked\u00e9s\u00e9t, valamint megg\u00e1tolj\u00e1k t\u00f6redez\u00e9s\u00e9t \u00e9s kies\u00e9s\u00e9t. A szempill\u00e1k visszanyerik rugalmass\u00e1guk \u00e9s f\u00e9ny\u00fck. Haszn\u00e1lat: A legjobb hat\u00e1s \u00e9rdek\u00e9ben haszn\u00e1ld a sz\u00e9rumot eg\u00e9sz nap 3-4 h\u00e9ten \u00e1t. [&hellip;]\" \/>\n<meta property=\"og:url\" content=\"https:\/\/www.eveline.hu\/2016\/eveline-kozmetikumok-szepsegapolas\/smink\/szem\/szempillaspiralok\/total-action-8az1-ben-koncentralt-szerum-szempillara\/\" \/>\n<meta property=\"og:site_name\" content=\"Eveline Cosmetics Magyarorsz\u00e1g\" \/>\n<meta property=\"article:modified_time\" content=\"2022-12-27T20:19:27+00:00\" \/>\n<meta property=\"og:image\" content=\"https:\/\/www.eveline.hu\/2016\/wp-content\/uploads\/2016\/07\/szempilla_8in1.png\" \/>\n\t<meta property=\"og:image:width\" content=\"753\" \/>\n\t<meta property=\"og:image:height\" content=\"753\" \/>\n\t<meta property=\"og:image:type\" content=\"image\/png\" \/>\n<meta name=\"twitter:card\" content=\"summary_large_image\" \/>\n<meta name=\"twitter:label1\" content=\"Becs\u00fclt olvas\u00e1si id\u0151\" \/>\n\t<meta name=\"twitter:data1\" content=\"1 perc\" \/>\n<script type=\"application\/ld+json\" class=\"yoast-schema-graph\">{\"@context\":\"https:\/\/schema.org\",\"@graph\":[{\"@type\":\"WebPage\",\"@id\":\"https:\/\/www.eveline.hu\/2016\/eveline-kozmetikumok-szepsegapolas\/smink\/szem\/szempillaspiralok\/total-action-8az1-ben-koncentralt-szerum-szempillara\/\",\"url\":\"https:\/\/www.eveline.hu\/2016\/eveline-kozmetikumok-szepsegapolas\/smink\/szem\/szempillaspiralok\/total-action-8az1-ben-koncentralt-szerum-szempillara\/\",\"name\":\"Total Action 8az1-ben koncentr\u00e1lt sz\u00e9rum szempill\u00e1ra 10ml - Eveline Cosmetics Magyarorsz\u00e1g\",\"isPartOf\":{\"@id\":\"https:\/\/www.eveline.hu\/2016\/#website\"},\"primaryImageOfPage\":{\"@id\":\"https:\/\/www.eveline.hu\/2016\/eveline-kozmetikumok-szepsegapolas\/smink\/szem\/szempillaspiralok\/total-action-8az1-ben-koncentralt-szerum-szempillara\/#primaryimage\"},\"image\":{\"@id\":\"https:\/\/www.eveline.hu\/2016\/eveline-kozmetikumok-szepsegapolas\/smink\/szem\/szempillaspiralok\/total-action-8az1-ben-koncentralt-szerum-szempillara\/#primaryimage\"},\"thumbnailUrl\":\"https:\/\/www.eveline.hu\/2016\/wp-content\/uploads\/2016\/07\/szempilla_8in1.png\",\"datePublished\":\"2016-07-28T18:18:42+00:00\",\"dateModified\":\"2022-12-27T20:19:27+00:00\",\"breadcrumb\":{\"@id\":\"https:\/\/www.eveline.hu\/2016\/eveline-kozmetikumok-szepsegapolas\/smink\/szem\/szempillaspiralok\/total-action-8az1-ben-koncentralt-szerum-szempillara\/#breadcrumb\"},\"inLanguage\":\"hu\",\"potentialAction\":[{\"@type\":\"ReadAction\",\"target\":[\"https:\/\/www.eveline.hu\/2016\/eveline-kozmetikumok-szepsegapolas\/smink\/szem\/szempillaspiralok\/total-action-8az1-ben-koncentralt-szerum-szempillara\/\"]}]},{\"@type\":\"ImageObject\",\"inLanguage\":\"hu\",\"@id\":\"https:\/\/www.eveline.hu\/2016\/eveline-kozmetikumok-szepsegapolas\/smink\/szem\/szempillaspiralok\/total-action-8az1-ben-koncentralt-szerum-szempillara\/#primaryimage\",\"url\":\"https:\/\/www.eveline.hu\/2016\/wp-content\/uploads\/2016\/07\/szempilla_8in1.png\",\"contentUrl\":\"https:\/\/www.eveline.hu\/2016\/wp-content\/uploads\/2016\/07\/szempilla_8in1.png\",\"width\":753,\"height\":753},{\"@type\":\"BreadcrumbList\",\"@id\":\"https:\/\/www.eveline.hu\/2016\/eveline-kozmetikumok-szepsegapolas\/smink\/szem\/szempillaspiralok\/total-action-8az1-ben-koncentralt-szerum-szempillara\/#breadcrumb\",\"itemListElement\":[{\"@type\":\"ListItem\",\"position\":1,\"name\":\"Home\",\"item\":\"https:\/\/www.eveline.hu\/2016\/\"},{\"@type\":\"ListItem\",\"position\":2,\"name\":\"Term\u00e9kek\",\"item\":\"https:\/\/www.eveline.hu\/2016\/shop\/\"},{\"@type\":\"ListItem\",\"position\":3,\"name\":\"Total Action 8az1-ben koncentr\u00e1lt sz\u00e9rum szempill\u00e1ra 10ml\"}]},{\"@type\":\"WebSite\",\"@id\":\"https:\/\/www.eveline.hu\/2016\/#website\",\"url\":\"https:\/\/www.eveline.hu\/2016\/\",\"name\":\"Eveline Cosmetics Magyarorsz\u00e1g\",\"description\":\"Min\u0151s\u00e9gi kozmetikumok Lengyelorsz\u00e1gb\u00f3l\",\"potentialAction\":[{\"@type\":\"SearchAction\",\"target\":{\"@type\":\"EntryPoint\",\"urlTemplate\":\"https:\/\/www.eveline.hu\/2016\/?s={search_term_string}\"},\"query-input\":\"required name=search_term_string\"}],\"inLanguage\":\"hu\"}]}<\/script>\n<!-- \/ Yoast SEO plugin. -->","yoast_head_json":{"title":"Total Action 8az1-ben koncentr\u00e1lt sz\u00e9rum szempill\u00e1ra 10ml - Eveline Cosmetics Magyarorsz\u00e1g","robots":{"index":"index","follow":"follow","max-snippet":"max-snippet:-1","max-image-preview":"max-image-preview:large","max-video-preview":"max-video-preview:-1"},"canonical":"https:\/\/www.eveline.hu\/2016\/eveline-kozmetikumok-szepsegapolas\/smink\/szem\/szempillaspiralok\/total-action-8az1-ben-koncentralt-szerum-szempillara\/","og_locale":"hu_HU","og_type":"article","og_title":"Total Action 8az1-ben koncentr\u00e1lt sz\u00e9rum szempill\u00e1ra 10ml - Eveline Cosmetics Magyarorsz\u00e1g","og_description":"A D-panthenol, sz\u00f3ja proteinek, hialuronsav, arg\u00e1nolaj hat\u00e9konyan regener\u00e1lj\u00e1k, v\u00e9dik a szempill\u00e1kat, seg\u00edtik annak \u00fajj\u00e1\u00e9p\u00edt\u00e9s\u00e9t \u00e9s n\u00f6veked\u00e9s\u00e9t, valamint megg\u00e1tolj\u00e1k t\u00f6redez\u00e9s\u00e9t \u00e9s kies\u00e9s\u00e9t. A szempill\u00e1k visszanyerik rugalmass\u00e1guk \u00e9s f\u00e9ny\u00fck. Haszn\u00e1lat: A legjobb hat\u00e1s \u00e9rdek\u00e9ben haszn\u00e1ld a sz\u00e9rumot eg\u00e9sz nap 3-4 h\u00e9ten \u00e1t. [&hellip;]","og_url":"https:\/\/www.eveline.hu\/2016\/eveline-kozmetikumok-szepsegapolas\/smink\/szem\/szempillaspiralok\/total-action-8az1-ben-koncentralt-szerum-szempillara\/","og_site_name":"Eveline Cosmetics Magyarorsz\u00e1g","article_modified_time":"2022-12-27T20:19:27+00:00","og_image":[{"width":753,"height":753,"url":"https:\/\/www.eveline.hu\/2016\/wp-content\/uploads\/2016\/07\/szempilla_8in1.png","type":"image\/png"}],"twitter_card":"summary_large_image","twitter_misc":{"Becs\u00fclt olvas\u00e1si id\u0151":"1 perc"},"schema":{"@context":"https:\/\/schema.org","@graph":[{"@type":"WebPage","@id":"https:\/\/www.eveline.hu\/2016\/eveline-kozmetikumok-szepsegapolas\/smink\/szem\/szempillaspiralok\/total-action-8az1-ben-koncentralt-szerum-szempillara\/","url":"https:\/\/www.eveline.hu\/2016\/eveline-kozmetikumok-szepsegapolas\/smink\/szem\/szempillaspiralok\/total-action-8az1-ben-koncentralt-szerum-szempillara\/","name":"Total Action 8az1-ben koncentr\u00e1lt sz\u00e9rum szempill\u00e1ra 10ml - Eveline Cosmetics Magyarorsz\u00e1g","isPartOf":{"@id":"https:\/\/www.eveline.hu\/2016\/#website"},"primaryImageOfPage":{"@id":"https:\/\/www.eveline.hu\/2016\/eveline-kozmetikumok-szepsegapolas\/smink\/szem\/szempillaspiralok\/total-action-8az1-ben-koncentralt-szerum-szempillara\/#primaryimage"},"image":{"@id":"https:\/\/www.eveline.hu\/2016\/eveline-kozmetikumok-szepsegapolas\/smink\/szem\/szempillaspiralok\/total-action-8az1-ben-koncentralt-szerum-szempillara\/#primaryimage"},"thumbnailUrl":"https:\/\/www.eveline.hu\/2016\/wp-content\/uploads\/2016\/07\/szempilla_8in1.png","datePublished":"2016-07-28T18:18:42+00:00","dateModified":"2022-12-27T20:19:27+00:00","breadcrumb":{"@id":"https:\/\/www.eveline.hu\/2016\/eveline-kozmetikumok-szepsegapolas\/smink\/szem\/szempillaspiralok\/total-action-8az1-ben-koncentralt-szerum-szempillara\/#breadcrumb"},"inLanguage":"hu","potentialAction":[{"@type":"ReadAction","target":["https:\/\/www.eveline.hu\/2016\/eveline-kozmetikumok-szepsegapolas\/smink\/szem\/szempillaspiralok\/total-action-8az1-ben-koncentralt-szerum-szempillara\/"]}]},{"@type":"ImageObject","inLanguage":"hu","@id":"https:\/\/www.eveline.hu\/2016\/eveline-kozmetikumok-szepsegapolas\/smink\/szem\/szempillaspiralok\/total-action-8az1-ben-koncentralt-szerum-szempillara\/#primaryimage","url":"https:\/\/www.eveline.hu\/2016\/wp-content\/uploads\/2016\/07\/szempilla_8in1.png","contentUrl":"https:\/\/www.eveline.hu\/2016\/wp-content\/uploads\/2016\/07\/szempilla_8in1.png","width":753,"height":753},{"@type":"BreadcrumbList","@id":"https:\/\/www.eveline.hu\/2016\/eveline-kozmetikumok-szepsegapolas\/smink\/szem\/szempillaspiralok\/total-action-8az1-ben-koncentralt-szerum-szempillara\/#breadcrumb","itemListElement":[{"@type":"ListItem","position":1,"name":"Home","item":"https:\/\/www.eveline.hu\/2016\/"},{"@type":"ListItem","position":2,"name":"Term\u00e9kek","item":"https:\/\/www.eveline.hu\/2016\/shop\/"},{"@type":"ListItem","position":3,"name":"Total Action 8az1-ben koncentr\u00e1lt sz\u00e9rum szempill\u00e1ra 10ml"}]},{"@type":"WebSite","@id":"https:\/\/www.eveline.hu\/2016\/#website","url":"https:\/\/www.eveline.hu\/2016\/","name":"Eveline Cosmetics Magyarorsz\u00e1g","description":"Min\u0151s\u00e9gi kozmetikumok Lengyelorsz\u00e1gb\u00f3l","potentialAction":[{"@type":"SearchAction","target":{"@type":"EntryPoint","urlTemplate":"https:\/\/www.eveline.hu\/2016\/?s={search_term_string}"},"query-input":"required name=search_term_string"}],"inLanguage":"hu"}]}},"_links":{"self":[{"href":"https:\/\/www.eveline.hu\/2016\/wp-json\/wp\/v2\/product\/21827"}],"collection":[{"href":"https:\/\/www.eveline.hu\/2016\/wp-json\/wp\/v2\/product"}],"about":[{"href":"https:\/\/www.eveline.hu\/2016\/wp-json\/wp\/v2\/types\/product"}],"replies":[{"embeddable":true,"href":"https:\/\/www.eveline.hu\/2016\/wp-json\/wp\/v2\/comments?post=21827"}],"wp:featuredmedia":[{"embeddable":true,"href":"https:\/\/www.eveline.hu\/2016\/wp-json\/wp\/v2\/media\/21828"}],"wp:attachment":[{"href":"https:\/\/www.eveline.hu\/2016\/wp-json\/wp\/v2\/media?parent=21827"}],"wp:term":[{"taxonomy":"product_cat","embeddable":true,"href":"https:\/\/www.eveline.hu\/2016\/wp-json\/wp\/v2\/product_cat?post=21827"},{"taxonomy":"product_tag","embeddable":true,"href":"https:\/\/www.eveline.hu\/2016\/wp-json\/wp\/v2\/product_tag?post=21827"}],"curies":[{"name":"wp","href":"https:\/\/api.w.org\/{rel}","templated":true}]}}