{"id":21825,"date":"2016-07-28T20:10:38","date_gmt":"2016-07-28T18:10:38","guid":{"rendered":"http:\/\/www.eveline.hu\/2016\/?post_type=product&#038;p=21825"},"modified":"2022-12-27T21:17:53","modified_gmt":"2022-12-27T20:17:53","slug":"szempilla-multifunkcios-szerum-5in1","status":"publish","type":"product","link":"https:\/\/www.eveline.hu\/2016\/eveline-kozmetikumok-szepsegapolas\/smink\/szem\/szempillaspiralok\/szempilla-multifunkcios-szerum-5in1\/","title":{"rendered":"Szempilla multifunkci\u00f3s sz\u00e9rum 5in1 10ml"},"content":{"rendered":"<p>Megdupl\u00e1zza a szempilla volumen\u00e9t.<\/p>\n<p>Meghosszabb\u00edtja \u00e9s meger\u0151s\u00edti.<\/p>\n<p>T\u00e1pl\u00e1l \u00e9s regener\u00e1l.<\/p>\n<p>Gyors\u00edtja n\u00f6veked\u00e9s\u00e9t.<\/p>\n<p>Megg\u00e1tolja kies\u00e9s\u00e9t..<\/p>\n<p>Haszn\u00e1lat:<\/p>\n<ol>\n<li>Alapk\u00e9nt, vigye fel a spir\u00e1l haszn\u00e1lata el\u0151tt a megtiszt\u00edtott \u00e9s sz\u00e1raz szempill\u00e1kra.<\/li>\n<li>\u00dajj\u00e1\u00e9p\u00edt\u0151 sz\u00e9rumk\u00e9nt, elalv\u00e1s el\u0151tt vigye fel a megtiszt\u00edtott \u00e9s sz\u00e1raz szempill\u00e1kra.<\/li>\n<\/ol>\n<p>\u00f6sszetev\u0151k: Aqua (Water), Paraffin, Bis-Diglyceryl Polyacyladipate-2, Copernicia Cerifera Cera, Stearic Acid, Bis-PEG-12 Dimethicone Beeswax, Propylene Glycol, Glyceryl Behenate, Cetearyl Alcohol, Triethanolamine, Phenoxyethanol, Hydroxyethylcellulose, Ceteareth-20, DMDM Hydantoin, Argania Spinosa Kernel Oil, Panthenol, Hydrolyzed Soy Protein, Methylparaben, Ethylparaben, Butylparaben, Butylene Glycol, Propylparaben, Sodium Hyaluronate , Sodium Nitrate, Hydrated Silica, Potassium Sorbate, Trisodium EDTA, Disodium EDTA.<\/p>\n","protected":false},"excerpt":{"rendered":"<p>Megdupl\u00e1zza a szempilla volumen\u00e9t. Meghosszabb\u00edtja \u00e9s meger\u0151s\u00edti. T\u00e1pl\u00e1l \u00e9s regener\u00e1l. Gyors\u00edtja n\u00f6veked\u00e9s\u00e9t. Megg\u00e1tolja kies\u00e9s\u00e9t.. Haszn\u00e1lat: Alapk\u00e9nt, vigye fel a spir\u00e1l haszn\u00e1lata el\u0151tt a megtiszt\u00edtott \u00e9s sz\u00e1raz szempill\u00e1kra. \u00dajj\u00e1\u00e9p\u00edt\u0151 sz\u00e9rumk\u00e9nt, elalv\u00e1s el\u0151tt vigye fel a megtiszt\u00edtott \u00e9s sz\u00e1raz szempill\u00e1kra. \u00f6sszetev\u0151k: Aqua [&hellip;]<\/p>\n","protected":false},"featured_media":21830,"comment_status":"open","ping_status":"closed","template":"","meta":[],"product_cat":[130,132,149],"product_tag":[],"yoast_head":"<!-- This site is optimized with the Yoast SEO plugin v22.2 - https:\/\/yoast.com\/wordpress\/plugins\/seo\/ -->\n<title>Szempilla multifunkci\u00f3s sz\u00e9rum 5in1 10ml - Eveline Cosmetics Magyarorsz\u00e1g<\/title>\n<meta name=\"robots\" content=\"index, follow, max-snippet:-1, max-image-preview:large, max-video-preview:-1\" \/>\n<link rel=\"canonical\" href=\"https:\/\/www.eveline.hu\/2016\/eveline-kozmetikumok-szepsegapolas\/smink\/szem\/szempillaspiralok\/szempilla-multifunkcios-szerum-5in1\/\" \/>\n<meta property=\"og:locale\" content=\"hu_HU\" \/>\n<meta property=\"og:type\" content=\"article\" \/>\n<meta property=\"og:title\" content=\"Szempilla multifunkci\u00f3s sz\u00e9rum 5in1 10ml - Eveline Cosmetics Magyarorsz\u00e1g\" \/>\n<meta property=\"og:description\" content=\"Megdupl\u00e1zza a szempilla volumen\u00e9t. Meghosszabb\u00edtja \u00e9s meger\u0151s\u00edti. T\u00e1pl\u00e1l \u00e9s regener\u00e1l. Gyors\u00edtja n\u00f6veked\u00e9s\u00e9t. Megg\u00e1tolja kies\u00e9s\u00e9t.. Haszn\u00e1lat: Alapk\u00e9nt, vigye fel a spir\u00e1l haszn\u00e1lata el\u0151tt a megtiszt\u00edtott \u00e9s sz\u00e1raz szempill\u00e1kra. \u00dajj\u00e1\u00e9p\u00edt\u0151 sz\u00e9rumk\u00e9nt, elalv\u00e1s el\u0151tt vigye fel a megtiszt\u00edtott \u00e9s sz\u00e1raz szempill\u00e1kra. \u00f6sszetev\u0151k: Aqua [&hellip;]\" \/>\n<meta property=\"og:url\" content=\"https:\/\/www.eveline.hu\/2016\/eveline-kozmetikumok-szepsegapolas\/smink\/szem\/szempillaspiralok\/szempilla-multifunkcios-szerum-5in1\/\" \/>\n<meta property=\"og:site_name\" content=\"Eveline Cosmetics Magyarorsz\u00e1g\" \/>\n<meta property=\"article:modified_time\" content=\"2022-12-27T20:17:53+00:00\" \/>\n<meta property=\"og:image\" content=\"https:\/\/www.eveline.hu\/2016\/wp-content\/uploads\/2016\/07\/szempilla_SOS_5in1_2.png\" \/>\n\t<meta property=\"og:image:width\" content=\"750\" \/>\n\t<meta property=\"og:image:height\" content=\"750\" \/>\n\t<meta property=\"og:image:type\" content=\"image\/png\" \/>\n<meta name=\"twitter:card\" content=\"summary_large_image\" \/>\n<meta name=\"twitter:label1\" content=\"Becs\u00fclt olvas\u00e1si id\u0151\" \/>\n\t<meta name=\"twitter:data1\" content=\"1 perc\" \/>\n<script type=\"application\/ld+json\" class=\"yoast-schema-graph\">{\"@context\":\"https:\/\/schema.org\",\"@graph\":[{\"@type\":\"WebPage\",\"@id\":\"https:\/\/www.eveline.hu\/2016\/eveline-kozmetikumok-szepsegapolas\/smink\/szem\/szempillaspiralok\/szempilla-multifunkcios-szerum-5in1\/\",\"url\":\"https:\/\/www.eveline.hu\/2016\/eveline-kozmetikumok-szepsegapolas\/smink\/szem\/szempillaspiralok\/szempilla-multifunkcios-szerum-5in1\/\",\"name\":\"Szempilla multifunkci\u00f3s sz\u00e9rum 5in1 10ml - Eveline Cosmetics Magyarorsz\u00e1g\",\"isPartOf\":{\"@id\":\"https:\/\/www.eveline.hu\/2016\/#website\"},\"primaryImageOfPage\":{\"@id\":\"https:\/\/www.eveline.hu\/2016\/eveline-kozmetikumok-szepsegapolas\/smink\/szem\/szempillaspiralok\/szempilla-multifunkcios-szerum-5in1\/#primaryimage\"},\"image\":{\"@id\":\"https:\/\/www.eveline.hu\/2016\/eveline-kozmetikumok-szepsegapolas\/smink\/szem\/szempillaspiralok\/szempilla-multifunkcios-szerum-5in1\/#primaryimage\"},\"thumbnailUrl\":\"https:\/\/www.eveline.hu\/2016\/wp-content\/uploads\/2016\/07\/szempilla_SOS_5in1_2.png\",\"datePublished\":\"2016-07-28T18:10:38+00:00\",\"dateModified\":\"2022-12-27T20:17:53+00:00\",\"breadcrumb\":{\"@id\":\"https:\/\/www.eveline.hu\/2016\/eveline-kozmetikumok-szepsegapolas\/smink\/szem\/szempillaspiralok\/szempilla-multifunkcios-szerum-5in1\/#breadcrumb\"},\"inLanguage\":\"hu\",\"potentialAction\":[{\"@type\":\"ReadAction\",\"target\":[\"https:\/\/www.eveline.hu\/2016\/eveline-kozmetikumok-szepsegapolas\/smink\/szem\/szempillaspiralok\/szempilla-multifunkcios-szerum-5in1\/\"]}]},{\"@type\":\"ImageObject\",\"inLanguage\":\"hu\",\"@id\":\"https:\/\/www.eveline.hu\/2016\/eveline-kozmetikumok-szepsegapolas\/smink\/szem\/szempillaspiralok\/szempilla-multifunkcios-szerum-5in1\/#primaryimage\",\"url\":\"https:\/\/www.eveline.hu\/2016\/wp-content\/uploads\/2016\/07\/szempilla_SOS_5in1_2.png\",\"contentUrl\":\"https:\/\/www.eveline.hu\/2016\/wp-content\/uploads\/2016\/07\/szempilla_SOS_5in1_2.png\",\"width\":750,\"height\":750},{\"@type\":\"BreadcrumbList\",\"@id\":\"https:\/\/www.eveline.hu\/2016\/eveline-kozmetikumok-szepsegapolas\/smink\/szem\/szempillaspiralok\/szempilla-multifunkcios-szerum-5in1\/#breadcrumb\",\"itemListElement\":[{\"@type\":\"ListItem\",\"position\":1,\"name\":\"Home\",\"item\":\"https:\/\/www.eveline.hu\/2016\/\"},{\"@type\":\"ListItem\",\"position\":2,\"name\":\"Term\u00e9kek\",\"item\":\"https:\/\/www.eveline.hu\/2016\/shop\/\"},{\"@type\":\"ListItem\",\"position\":3,\"name\":\"Szempilla multifunkci\u00f3s sz\u00e9rum 5in1 10ml\"}]},{\"@type\":\"WebSite\",\"@id\":\"https:\/\/www.eveline.hu\/2016\/#website\",\"url\":\"https:\/\/www.eveline.hu\/2016\/\",\"name\":\"Eveline Cosmetics Magyarorsz\u00e1g\",\"description\":\"Min\u0151s\u00e9gi kozmetikumok Lengyelorsz\u00e1gb\u00f3l\",\"potentialAction\":[{\"@type\":\"SearchAction\",\"target\":{\"@type\":\"EntryPoint\",\"urlTemplate\":\"https:\/\/www.eveline.hu\/2016\/?s={search_term_string}\"},\"query-input\":\"required name=search_term_string\"}],\"inLanguage\":\"hu\"}]}<\/script>\n<!-- \/ Yoast SEO plugin. -->","yoast_head_json":{"title":"Szempilla multifunkci\u00f3s sz\u00e9rum 5in1 10ml - Eveline Cosmetics Magyarorsz\u00e1g","robots":{"index":"index","follow":"follow","max-snippet":"max-snippet:-1","max-image-preview":"max-image-preview:large","max-video-preview":"max-video-preview:-1"},"canonical":"https:\/\/www.eveline.hu\/2016\/eveline-kozmetikumok-szepsegapolas\/smink\/szem\/szempillaspiralok\/szempilla-multifunkcios-szerum-5in1\/","og_locale":"hu_HU","og_type":"article","og_title":"Szempilla multifunkci\u00f3s sz\u00e9rum 5in1 10ml - Eveline Cosmetics Magyarorsz\u00e1g","og_description":"Megdupl\u00e1zza a szempilla volumen\u00e9t. Meghosszabb\u00edtja \u00e9s meger\u0151s\u00edti. T\u00e1pl\u00e1l \u00e9s regener\u00e1l. Gyors\u00edtja n\u00f6veked\u00e9s\u00e9t. Megg\u00e1tolja kies\u00e9s\u00e9t.. Haszn\u00e1lat: Alapk\u00e9nt, vigye fel a spir\u00e1l haszn\u00e1lata el\u0151tt a megtiszt\u00edtott \u00e9s sz\u00e1raz szempill\u00e1kra. \u00dajj\u00e1\u00e9p\u00edt\u0151 sz\u00e9rumk\u00e9nt, elalv\u00e1s el\u0151tt vigye fel a megtiszt\u00edtott \u00e9s sz\u00e1raz szempill\u00e1kra. \u00f6sszetev\u0151k: Aqua [&hellip;]","og_url":"https:\/\/www.eveline.hu\/2016\/eveline-kozmetikumok-szepsegapolas\/smink\/szem\/szempillaspiralok\/szempilla-multifunkcios-szerum-5in1\/","og_site_name":"Eveline Cosmetics Magyarorsz\u00e1g","article_modified_time":"2022-12-27T20:17:53+00:00","og_image":[{"width":750,"height":750,"url":"https:\/\/www.eveline.hu\/2016\/wp-content\/uploads\/2016\/07\/szempilla_SOS_5in1_2.png","type":"image\/png"}],"twitter_card":"summary_large_image","twitter_misc":{"Becs\u00fclt olvas\u00e1si id\u0151":"1 perc"},"schema":{"@context":"https:\/\/schema.org","@graph":[{"@type":"WebPage","@id":"https:\/\/www.eveline.hu\/2016\/eveline-kozmetikumok-szepsegapolas\/smink\/szem\/szempillaspiralok\/szempilla-multifunkcios-szerum-5in1\/","url":"https:\/\/www.eveline.hu\/2016\/eveline-kozmetikumok-szepsegapolas\/smink\/szem\/szempillaspiralok\/szempilla-multifunkcios-szerum-5in1\/","name":"Szempilla multifunkci\u00f3s sz\u00e9rum 5in1 10ml - Eveline Cosmetics Magyarorsz\u00e1g","isPartOf":{"@id":"https:\/\/www.eveline.hu\/2016\/#website"},"primaryImageOfPage":{"@id":"https:\/\/www.eveline.hu\/2016\/eveline-kozmetikumok-szepsegapolas\/smink\/szem\/szempillaspiralok\/szempilla-multifunkcios-szerum-5in1\/#primaryimage"},"image":{"@id":"https:\/\/www.eveline.hu\/2016\/eveline-kozmetikumok-szepsegapolas\/smink\/szem\/szempillaspiralok\/szempilla-multifunkcios-szerum-5in1\/#primaryimage"},"thumbnailUrl":"https:\/\/www.eveline.hu\/2016\/wp-content\/uploads\/2016\/07\/szempilla_SOS_5in1_2.png","datePublished":"2016-07-28T18:10:38+00:00","dateModified":"2022-12-27T20:17:53+00:00","breadcrumb":{"@id":"https:\/\/www.eveline.hu\/2016\/eveline-kozmetikumok-szepsegapolas\/smink\/szem\/szempillaspiralok\/szempilla-multifunkcios-szerum-5in1\/#breadcrumb"},"inLanguage":"hu","potentialAction":[{"@type":"ReadAction","target":["https:\/\/www.eveline.hu\/2016\/eveline-kozmetikumok-szepsegapolas\/smink\/szem\/szempillaspiralok\/szempilla-multifunkcios-szerum-5in1\/"]}]},{"@type":"ImageObject","inLanguage":"hu","@id":"https:\/\/www.eveline.hu\/2016\/eveline-kozmetikumok-szepsegapolas\/smink\/szem\/szempillaspiralok\/szempilla-multifunkcios-szerum-5in1\/#primaryimage","url":"https:\/\/www.eveline.hu\/2016\/wp-content\/uploads\/2016\/07\/szempilla_SOS_5in1_2.png","contentUrl":"https:\/\/www.eveline.hu\/2016\/wp-content\/uploads\/2016\/07\/szempilla_SOS_5in1_2.png","width":750,"height":750},{"@type":"BreadcrumbList","@id":"https:\/\/www.eveline.hu\/2016\/eveline-kozmetikumok-szepsegapolas\/smink\/szem\/szempillaspiralok\/szempilla-multifunkcios-szerum-5in1\/#breadcrumb","itemListElement":[{"@type":"ListItem","position":1,"name":"Home","item":"https:\/\/www.eveline.hu\/2016\/"},{"@type":"ListItem","position":2,"name":"Term\u00e9kek","item":"https:\/\/www.eveline.hu\/2016\/shop\/"},{"@type":"ListItem","position":3,"name":"Szempilla multifunkci\u00f3s sz\u00e9rum 5in1 10ml"}]},{"@type":"WebSite","@id":"https:\/\/www.eveline.hu\/2016\/#website","url":"https:\/\/www.eveline.hu\/2016\/","name":"Eveline Cosmetics Magyarorsz\u00e1g","description":"Min\u0151s\u00e9gi kozmetikumok Lengyelorsz\u00e1gb\u00f3l","potentialAction":[{"@type":"SearchAction","target":{"@type":"EntryPoint","urlTemplate":"https:\/\/www.eveline.hu\/2016\/?s={search_term_string}"},"query-input":"required name=search_term_string"}],"inLanguage":"hu"}]}},"_links":{"self":[{"href":"https:\/\/www.eveline.hu\/2016\/wp-json\/wp\/v2\/product\/21825"}],"collection":[{"href":"https:\/\/www.eveline.hu\/2016\/wp-json\/wp\/v2\/product"}],"about":[{"href":"https:\/\/www.eveline.hu\/2016\/wp-json\/wp\/v2\/types\/product"}],"replies":[{"embeddable":true,"href":"https:\/\/www.eveline.hu\/2016\/wp-json\/wp\/v2\/comments?post=21825"}],"wp:featuredmedia":[{"embeddable":true,"href":"https:\/\/www.eveline.hu\/2016\/wp-json\/wp\/v2\/media\/21830"}],"wp:attachment":[{"href":"https:\/\/www.eveline.hu\/2016\/wp-json\/wp\/v2\/media?parent=21825"}],"wp:term":[{"taxonomy":"product_cat","embeddable":true,"href":"https:\/\/www.eveline.hu\/2016\/wp-json\/wp\/v2\/product_cat?post=21825"},{"taxonomy":"product_tag","embeddable":true,"href":"https:\/\/www.eveline.hu\/2016\/wp-json\/wp\/v2\/product_tag?post=21825"}],"curies":[{"name":"wp","href":"https:\/\/api.w.org\/{rel}","templated":true}]}}