{"id":21823,"date":"2016-07-28T20:06:15","date_gmt":"2016-07-28T18:06:15","guid":{"rendered":"http:\/\/www.eveline.hu\/2016\/?post_type=product&#038;p=21823"},"modified":"2025-08-27T08:23:23","modified_gmt":"2025-08-27T06:23:23","slug":"szempilla-aktivator-3az1-ben","status":"publish","type":"product","link":"https:\/\/www.eveline.hu\/2016\/eveline-kozmetikumok-szepsegapolas\/smink\/szem\/szempillaspiralok\/szempilla-aktivator-3az1-ben\/","title":{"rendered":"Szempilla aktiv\u00e1tor 3az1-ben 10ml"},"content":{"rendered":"<p>Mag\u00e1ba foglalja a szempilla \u00fajj\u00e1\u00e9p\u00edt\u0151 sz\u00e9rum, a n\u00f6veked\u00e9s serkent\u0151 aktiv\u00e1tor \u00e9s a spir\u00e1l el\u0151tti alap tulajdons\u00e1gait.<\/p>\n<p>Term\u00e9szetes \u00f6sszetev\u0151k:\u00a0\u00a0\u00a0\u00a0\u00a0\u00a0\u00a0\u00a0\u00a0\u00a0\u00a0\u00a0\u00a0\u00a0\u00a0\u00a0\u00a0\u00a0\u00a0\u00a0\u00a0\u00a0\u00a0\u00a0\u00a0\u00a0\u00a0\u00a0\u00a0\u00a0\u00a0\u00a0\u00a0\u00a0\u00a0\u00a0\u00a0\u00a0\u00a0\u00a0\u00a0\u00a0\u00a0\u00a0\u00a0\u00a0\u00a0\u00a0\u00a0\u00a0\u00a0\u00a0\u00a0\u00a0\u00a0\u00a0\u00a0\u00a0\u00a0\u00a0\u00a0\u00a0\u00a0\u00a0\u00a0\u00a0\u00a0\u00a0\u00a0\u00a0\u00a0\u00a0\u00a0\u00a0\u00a0\u00a0\u00a0\u00a0\u00a0\u00a0\u00a0\u00a0\u00a0\u00a0\u00a0\u00a0\u00a0\u00a0\u00a0\u00a0\u00a0\u00a0\u00a0\u00a0\u00a0\u00a0\u00a0\u00a0\u00a0\u00a0\u00a0\u00a0\u00a0\u00a0\u00a0\u00a0\u00a0\u00a0\u00a0\u00a0\u00a0\u00a0\u00a0\u00a0\u00a0\u00a0\u00a0\u00a0\u00a0\u00a0\u00a0\u00a0\u00a0\u00a0\u00a0\u00a0\u00a0\u00a0\u00a0\u00a0\u00a0\u00a0\u00a0\u00a0\u00a0\u00a0\u00a0\u00a0\u00a0\u00a0\u00a0\u00a0\u00a0\u00a0\u00a0\u00a0\u00a0\u00a0\u00a0\u00a0\u00a0\u00a0\u00a0\u00a0\u00a0\u00a0\u00a0\u00a0\u00a0\u00a0\u00a0\u00a0\u00a0\u00a0\u00a0\u00a0\u00a0\u00a0\u00a0\u00a0\u00a0\u00a0\u00a0\u00a0\u00a0\u00a0\u00a0\u00a0\u00a0\u00a0\u00a0\u00a0\u00a0\u00a0\u00a0\u00a0\u00a0\u00a0\u00a0\u00a0\u00a0\u00a0\u00a0\u00a0\u00a0\u00a0\u00a0\u00a0\u00a0\u00a0\u00a0\u00a0\u00a0\u00a0\u00a0\u00a0\u00a0\u00a0\u00a0\u00a0\u00a0\u00a0\u00a0\u00a0\u00a0 <strong>bio Restore Complex\u2122<\/strong> &#8211; besz\u00edv\u00f3dik a szempilla m\u00e9ly\u00e9be v\u00e9dve annak strukt\u00far\u00e1j\u00e1t.<\/p>\n<p><strong>Hialuronsav<\/strong> &#8211; hidrat\u00e1l, revitaliz\u00e1l, stimul\u00e1lja a szempilla n\u00f6veked\u00e9st.<\/p>\n<p><strong>D-panthenol<\/strong> &#8211; rugalmass\u00e1 teszi \u00e9s t\u00e1pl\u00e1lja a szempill\u00e1kat.<\/p>\n<p>Haszn\u00e1lat:<\/p>\n<ol>\n<li>Alapk\u00e9nt, vigye fel a spir\u00e1l haszn\u00e1lata el\u0151tt a megtiszt\u00edtott \u00e9s sz\u00e1raz szempill\u00e1kra.<\/li>\n<li>\u00dajj\u00e1\u00e9p\u00edt\u0151 sz\u00e9rumk\u00e9nt, elalv\u00e1s el\u0151tt vigye fel a megtiszt\u00edtott \u00e9s sz\u00e1raz szempill\u00e1kra.<\/li>\n<\/ol>\n<p>\u00f6sszetev\u0151k: Aqua (Water), Paraffin Wax, Bis-Diglyceryl Polyacyladipate-2, Camauba Wax, Stearic Acid, Bis-PEG- 12 Dimethicone Beeswax, Propylene Glycol, Triethanolamine, Glyceryl Dibehenate\/Tribehenin\/Glyceryl Behenate, Cetearyl Alkohol, Ceteareth-20, Hyaluronic Acid, Hydroxyethylcellulose, Phenoxyethanol, Methylparaben, Ethylparaben, Butylparaben, Propulparaben, Hydrolyzed Soy Protein, DMDM Hydantoin, Panthenol, EDTA.<\/p>\n","protected":false},"excerpt":{"rendered":"<p>Mag\u00e1ba foglalja a szempilla \u00fajj\u00e1\u00e9p\u00edt\u0151 sz\u00e9rum, a n\u00f6veked\u00e9s serkent\u0151 aktiv\u00e1tor \u00e9s a spir\u00e1l el\u0151tti alap tulajdons\u00e1gait.<\/p>\n","protected":false},"featured_media":21824,"comment_status":"open","ping_status":"closed","template":"","meta":[],"product_cat":[130,132,149],"product_tag":[],"yoast_head":"<!-- This site is optimized with the Yoast SEO plugin v22.2 - https:\/\/yoast.com\/wordpress\/plugins\/seo\/ -->\n<title>Szempilla aktiv\u00e1tor 3az1-ben 10ml - Eveline Cosmetics Magyarorsz\u00e1g<\/title>\n<meta name=\"robots\" content=\"index, follow, max-snippet:-1, max-image-preview:large, max-video-preview:-1\" \/>\n<link rel=\"canonical\" href=\"https:\/\/www.eveline.hu\/2016\/eveline-kozmetikumok-szepsegapolas\/smink\/szem\/szempillaspiralok\/szempilla-aktivator-3az1-ben\/\" \/>\n<meta property=\"og:locale\" content=\"hu_HU\" \/>\n<meta property=\"og:type\" content=\"article\" \/>\n<meta property=\"og:title\" content=\"Szempilla aktiv\u00e1tor 3az1-ben 10ml - Eveline Cosmetics Magyarorsz\u00e1g\" \/>\n<meta property=\"og:description\" content=\"Mag\u00e1ba foglalja a szempilla \u00fajj\u00e1\u00e9p\u00edt\u0151 sz\u00e9rum, a n\u00f6veked\u00e9s serkent\u0151 aktiv\u00e1tor \u00e9s a spir\u00e1l el\u0151tti alap tulajdons\u00e1gait.\" \/>\n<meta property=\"og:url\" content=\"https:\/\/www.eveline.hu\/2016\/eveline-kozmetikumok-szepsegapolas\/smink\/szem\/szempillaspiralok\/szempilla-aktivator-3az1-ben\/\" \/>\n<meta property=\"og:site_name\" content=\"Eveline Cosmetics Magyarorsz\u00e1g\" \/>\n<meta property=\"article:modified_time\" content=\"2025-08-27T06:23:23+00:00\" \/>\n<meta property=\"og:image\" content=\"https:\/\/www.eveline.hu\/2016\/wp-content\/uploads\/2016\/07\/advance_volumiere.png\" \/>\n\t<meta property=\"og:image:width\" content=\"750\" \/>\n\t<meta property=\"og:image:height\" content=\"750\" \/>\n\t<meta property=\"og:image:type\" content=\"image\/png\" \/>\n<meta name=\"twitter:card\" content=\"summary_large_image\" \/>\n<meta name=\"twitter:label1\" content=\"Becs\u00fclt olvas\u00e1si id\u0151\" \/>\n\t<meta name=\"twitter:data1\" content=\"1 perc\" \/>\n<script type=\"application\/ld+json\" class=\"yoast-schema-graph\">{\"@context\":\"https:\/\/schema.org\",\"@graph\":[{\"@type\":\"WebPage\",\"@id\":\"https:\/\/www.eveline.hu\/2016\/eveline-kozmetikumok-szepsegapolas\/smink\/szem\/szempillaspiralok\/szempilla-aktivator-3az1-ben\/\",\"url\":\"https:\/\/www.eveline.hu\/2016\/eveline-kozmetikumok-szepsegapolas\/smink\/szem\/szempillaspiralok\/szempilla-aktivator-3az1-ben\/\",\"name\":\"Szempilla aktiv\u00e1tor 3az1-ben 10ml - Eveline Cosmetics Magyarorsz\u00e1g\",\"isPartOf\":{\"@id\":\"https:\/\/www.eveline.hu\/2016\/#website\"},\"primaryImageOfPage\":{\"@id\":\"https:\/\/www.eveline.hu\/2016\/eveline-kozmetikumok-szepsegapolas\/smink\/szem\/szempillaspiralok\/szempilla-aktivator-3az1-ben\/#primaryimage\"},\"image\":{\"@id\":\"https:\/\/www.eveline.hu\/2016\/eveline-kozmetikumok-szepsegapolas\/smink\/szem\/szempillaspiralok\/szempilla-aktivator-3az1-ben\/#primaryimage\"},\"thumbnailUrl\":\"https:\/\/www.eveline.hu\/2016\/wp-content\/uploads\/2016\/07\/advance_volumiere.png\",\"datePublished\":\"2016-07-28T18:06:15+00:00\",\"dateModified\":\"2025-08-27T06:23:23+00:00\",\"breadcrumb\":{\"@id\":\"https:\/\/www.eveline.hu\/2016\/eveline-kozmetikumok-szepsegapolas\/smink\/szem\/szempillaspiralok\/szempilla-aktivator-3az1-ben\/#breadcrumb\"},\"inLanguage\":\"hu\",\"potentialAction\":[{\"@type\":\"ReadAction\",\"target\":[\"https:\/\/www.eveline.hu\/2016\/eveline-kozmetikumok-szepsegapolas\/smink\/szem\/szempillaspiralok\/szempilla-aktivator-3az1-ben\/\"]}]},{\"@type\":\"ImageObject\",\"inLanguage\":\"hu\",\"@id\":\"https:\/\/www.eveline.hu\/2016\/eveline-kozmetikumok-szepsegapolas\/smink\/szem\/szempillaspiralok\/szempilla-aktivator-3az1-ben\/#primaryimage\",\"url\":\"https:\/\/www.eveline.hu\/2016\/wp-content\/uploads\/2016\/07\/advance_volumiere.png\",\"contentUrl\":\"https:\/\/www.eveline.hu\/2016\/wp-content\/uploads\/2016\/07\/advance_volumiere.png\",\"width\":750,\"height\":750},{\"@type\":\"BreadcrumbList\",\"@id\":\"https:\/\/www.eveline.hu\/2016\/eveline-kozmetikumok-szepsegapolas\/smink\/szem\/szempillaspiralok\/szempilla-aktivator-3az1-ben\/#breadcrumb\",\"itemListElement\":[{\"@type\":\"ListItem\",\"position\":1,\"name\":\"Home\",\"item\":\"https:\/\/www.eveline.hu\/2016\/\"},{\"@type\":\"ListItem\",\"position\":2,\"name\":\"Term\u00e9kek\",\"item\":\"https:\/\/www.eveline.hu\/2016\/shop\/\"},{\"@type\":\"ListItem\",\"position\":3,\"name\":\"Szempilla aktiv\u00e1tor 3az1-ben 10ml\"}]},{\"@type\":\"WebSite\",\"@id\":\"https:\/\/www.eveline.hu\/2016\/#website\",\"url\":\"https:\/\/www.eveline.hu\/2016\/\",\"name\":\"Eveline Cosmetics Magyarorsz\u00e1g\",\"description\":\"Min\u0151s\u00e9gi kozmetikumok Lengyelorsz\u00e1gb\u00f3l\",\"potentialAction\":[{\"@type\":\"SearchAction\",\"target\":{\"@type\":\"EntryPoint\",\"urlTemplate\":\"https:\/\/www.eveline.hu\/2016\/?s={search_term_string}\"},\"query-input\":\"required name=search_term_string\"}],\"inLanguage\":\"hu\"}]}<\/script>\n<!-- \/ Yoast SEO plugin. -->","yoast_head_json":{"title":"Szempilla aktiv\u00e1tor 3az1-ben 10ml - Eveline Cosmetics Magyarorsz\u00e1g","robots":{"index":"index","follow":"follow","max-snippet":"max-snippet:-1","max-image-preview":"max-image-preview:large","max-video-preview":"max-video-preview:-1"},"canonical":"https:\/\/www.eveline.hu\/2016\/eveline-kozmetikumok-szepsegapolas\/smink\/szem\/szempillaspiralok\/szempilla-aktivator-3az1-ben\/","og_locale":"hu_HU","og_type":"article","og_title":"Szempilla aktiv\u00e1tor 3az1-ben 10ml - Eveline Cosmetics Magyarorsz\u00e1g","og_description":"Mag\u00e1ba foglalja a szempilla \u00fajj\u00e1\u00e9p\u00edt\u0151 sz\u00e9rum, a n\u00f6veked\u00e9s serkent\u0151 aktiv\u00e1tor \u00e9s a spir\u00e1l el\u0151tti alap tulajdons\u00e1gait.","og_url":"https:\/\/www.eveline.hu\/2016\/eveline-kozmetikumok-szepsegapolas\/smink\/szem\/szempillaspiralok\/szempilla-aktivator-3az1-ben\/","og_site_name":"Eveline Cosmetics Magyarorsz\u00e1g","article_modified_time":"2025-08-27T06:23:23+00:00","og_image":[{"width":750,"height":750,"url":"https:\/\/www.eveline.hu\/2016\/wp-content\/uploads\/2016\/07\/advance_volumiere.png","type":"image\/png"}],"twitter_card":"summary_large_image","twitter_misc":{"Becs\u00fclt olvas\u00e1si id\u0151":"1 perc"},"schema":{"@context":"https:\/\/schema.org","@graph":[{"@type":"WebPage","@id":"https:\/\/www.eveline.hu\/2016\/eveline-kozmetikumok-szepsegapolas\/smink\/szem\/szempillaspiralok\/szempilla-aktivator-3az1-ben\/","url":"https:\/\/www.eveline.hu\/2016\/eveline-kozmetikumok-szepsegapolas\/smink\/szem\/szempillaspiralok\/szempilla-aktivator-3az1-ben\/","name":"Szempilla aktiv\u00e1tor 3az1-ben 10ml - Eveline Cosmetics Magyarorsz\u00e1g","isPartOf":{"@id":"https:\/\/www.eveline.hu\/2016\/#website"},"primaryImageOfPage":{"@id":"https:\/\/www.eveline.hu\/2016\/eveline-kozmetikumok-szepsegapolas\/smink\/szem\/szempillaspiralok\/szempilla-aktivator-3az1-ben\/#primaryimage"},"image":{"@id":"https:\/\/www.eveline.hu\/2016\/eveline-kozmetikumok-szepsegapolas\/smink\/szem\/szempillaspiralok\/szempilla-aktivator-3az1-ben\/#primaryimage"},"thumbnailUrl":"https:\/\/www.eveline.hu\/2016\/wp-content\/uploads\/2016\/07\/advance_volumiere.png","datePublished":"2016-07-28T18:06:15+00:00","dateModified":"2025-08-27T06:23:23+00:00","breadcrumb":{"@id":"https:\/\/www.eveline.hu\/2016\/eveline-kozmetikumok-szepsegapolas\/smink\/szem\/szempillaspiralok\/szempilla-aktivator-3az1-ben\/#breadcrumb"},"inLanguage":"hu","potentialAction":[{"@type":"ReadAction","target":["https:\/\/www.eveline.hu\/2016\/eveline-kozmetikumok-szepsegapolas\/smink\/szem\/szempillaspiralok\/szempilla-aktivator-3az1-ben\/"]}]},{"@type":"ImageObject","inLanguage":"hu","@id":"https:\/\/www.eveline.hu\/2016\/eveline-kozmetikumok-szepsegapolas\/smink\/szem\/szempillaspiralok\/szempilla-aktivator-3az1-ben\/#primaryimage","url":"https:\/\/www.eveline.hu\/2016\/wp-content\/uploads\/2016\/07\/advance_volumiere.png","contentUrl":"https:\/\/www.eveline.hu\/2016\/wp-content\/uploads\/2016\/07\/advance_volumiere.png","width":750,"height":750},{"@type":"BreadcrumbList","@id":"https:\/\/www.eveline.hu\/2016\/eveline-kozmetikumok-szepsegapolas\/smink\/szem\/szempillaspiralok\/szempilla-aktivator-3az1-ben\/#breadcrumb","itemListElement":[{"@type":"ListItem","position":1,"name":"Home","item":"https:\/\/www.eveline.hu\/2016\/"},{"@type":"ListItem","position":2,"name":"Term\u00e9kek","item":"https:\/\/www.eveline.hu\/2016\/shop\/"},{"@type":"ListItem","position":3,"name":"Szempilla aktiv\u00e1tor 3az1-ben 10ml"}]},{"@type":"WebSite","@id":"https:\/\/www.eveline.hu\/2016\/#website","url":"https:\/\/www.eveline.hu\/2016\/","name":"Eveline Cosmetics Magyarorsz\u00e1g","description":"Min\u0151s\u00e9gi kozmetikumok Lengyelorsz\u00e1gb\u00f3l","potentialAction":[{"@type":"SearchAction","target":{"@type":"EntryPoint","urlTemplate":"https:\/\/www.eveline.hu\/2016\/?s={search_term_string}"},"query-input":"required name=search_term_string"}],"inLanguage":"hu"}]}},"_links":{"self":[{"href":"https:\/\/www.eveline.hu\/2016\/wp-json\/wp\/v2\/product\/21823"}],"collection":[{"href":"https:\/\/www.eveline.hu\/2016\/wp-json\/wp\/v2\/product"}],"about":[{"href":"https:\/\/www.eveline.hu\/2016\/wp-json\/wp\/v2\/types\/product"}],"replies":[{"embeddable":true,"href":"https:\/\/www.eveline.hu\/2016\/wp-json\/wp\/v2\/comments?post=21823"}],"wp:featuredmedia":[{"embeddable":true,"href":"https:\/\/www.eveline.hu\/2016\/wp-json\/wp\/v2\/media\/21824"}],"wp:attachment":[{"href":"https:\/\/www.eveline.hu\/2016\/wp-json\/wp\/v2\/media?parent=21823"}],"wp:term":[{"taxonomy":"product_cat","embeddable":true,"href":"https:\/\/www.eveline.hu\/2016\/wp-json\/wp\/v2\/product_cat?post=21823"},{"taxonomy":"product_tag","embeddable":true,"href":"https:\/\/www.eveline.hu\/2016\/wp-json\/wp\/v2\/product_tag?post=21823"}],"curies":[{"name":"wp","href":"https:\/\/api.w.org\/{rel}","templated":true}]}}