{"id":21697,"date":"2016-05-27T12:59:41","date_gmt":"2016-05-27T10:59:41","guid":{"rendered":"http:\/\/www.eveline.hu\/2016\/?post_type=product&#038;p=21697"},"modified":"2025-07-30T16:03:54","modified_gmt":"2025-07-30T14:03:54","slug":"8in1-total-action-koromapolo-ezust-szemcsekkel-12ml","status":"publish","type":"product","link":"https:\/\/www.eveline.hu\/2016\/eveline-kozmetikumok-szepsegapolas\/smink\/korom\/koromerositok\/8in1-total-action-koromapolo-ezust-szemcsekkel-12ml\/","title":{"rendered":"K\u00f6r\u00f6m\u00e1pol\u00f3 8in1 TOTAL ACTION  ez\u00fcst szemcs\u00e9kkel 12ml"},"content":{"rendered":"<p><strong>8in1 TOTAL ACTION\u00a0 K\u00f6r\u00f6m\u00e1pol\u00f3 ez\u00fcst szemcs\u00e9kkel<\/strong><\/p>\n<p>A luxus k\u00f6r\u00f6mer\u0151s\u00edt\u0151 akt\u00edv Strong Nail** komplexe behatol a k\u00f6r\u00f6mlemez szerkezet\u00e9be, \u00fajj\u00e1\u00e9p\u00edti, regener\u00e1lja valamint serkenti a k\u00f6r\u00f6m n\u00f6veked\u00e9s\u00e9t. Kit\u00f6lti a k\u00f6r\u00f6mlemez mikro\u00fcregeit \u00e9s megkem\u00e9ny\u00edti, egyidej\u0171leg biztos\u00edtja az optim\u00e1lis hidrat\u00e1lts\u00e1gi szintet.<\/p>\n<p>V\u00e9d a repedez\u00e9s, t\u00f6redez\u00e9s \u00e9s kett\u00e9hasad\u00e1ssal szemben, n\u00f6velve az ellen\u00e1ll\u00f3 k\u00e9pess\u00e9get a fizikai s\u00e9r\u00fcl\u00e9sekn\u00e9l. V\u00e9delmi r\u00e9teget hoz l\u00e9tre a k\u00f6rm\u00f6n, a gyeng\u00e9d szemcs\u00e9k pedig csillog\u00f3 ez\u00fcst manik\u0171r hat\u00e1s\u00e1t ny\u00fajtj\u00e1k. M\u00e1r 10 nap kezel\u00e9s ut\u00e1n a k\u00f6rm\u00f6k visszanyerik egys\u00e9ges fel\u00fclet\u00fck \u00e9s f\u00e9ny\u00fck.<\/p>\n<p>&nbsp;<\/p>\n<p>\u00f6sszetev\u0151k: Butyl Acetate, Ethyl Acetate, Nirtocellulose, Isopropyl Alcohol, Phthalic Anhydride\/Trimellitic Anhydride\/Glycols Copolymer, Acetyl Tributyl Citrate, Aqua (Water), Acetyl Triethyl Citrate, Formaldehyde, Silica, N-Butyl Alcohol, Stearalkonium Hectorite, Diamond Powder. May contain (+\/-): Calcium Sodium Borosilicate, Tin Oxide, CI 77891.<\/p>\n<p>*<em>\u00c9len a k\u00f6r\u00f6m\u00e1pol\u00e1si term\u00e9kek elad\u00e1s\u00e1ban Lengyelorsz\u00e1gban -AC Nielsen 2014.05.03<\/em><\/p>\n<p>**<em>tit\u00e1n \u00e9s gy\u00e9m\u00e1nt<\/em><\/p>\n","protected":false},"excerpt":{"rendered":"<p>behatol a k\u00f6r\u00f6mlemez szerkezet\u00e9be, \u00fajj\u00e1\u00e9p\u00edti, regener\u00e1lja&#8230;<\/p>\n","protected":false},"featured_media":21698,"comment_status":"open","ping_status":"closed","template":"","meta":[],"product_cat":[156,158,129,113],"product_tag":[],"yoast_head":"<!-- This site is optimized with the Yoast SEO plugin v22.2 - https:\/\/yoast.com\/wordpress\/plugins\/seo\/ -->\n<title>K\u00f6r\u00f6m\u00e1pol\u00f3 8in1 TOTAL ACTION ez\u00fcst szemcs\u00e9kkel 12ml - Eveline Cosmetics Magyarorsz\u00e1g<\/title>\n<meta name=\"robots\" content=\"index, follow, max-snippet:-1, max-image-preview:large, max-video-preview:-1\" \/>\n<link rel=\"canonical\" href=\"https:\/\/www.eveline.hu\/2016\/eveline-kozmetikumok-szepsegapolas\/smink\/korom\/koromerositok\/8in1-total-action-koromapolo-ezust-szemcsekkel-12ml\/\" \/>\n<meta property=\"og:locale\" content=\"hu_HU\" \/>\n<meta property=\"og:type\" content=\"article\" \/>\n<meta property=\"og:title\" content=\"K\u00f6r\u00f6m\u00e1pol\u00f3 8in1 TOTAL ACTION ez\u00fcst szemcs\u00e9kkel 12ml - Eveline Cosmetics Magyarorsz\u00e1g\" \/>\n<meta property=\"og:description\" content=\"behatol a k\u00f6r\u00f6mlemez szerkezet\u00e9be, \u00fajj\u00e1\u00e9p\u00edti, regener\u00e1lja...\" \/>\n<meta property=\"og:url\" content=\"https:\/\/www.eveline.hu\/2016\/eveline-kozmetikumok-szepsegapolas\/smink\/korom\/koromerositok\/8in1-total-action-koromapolo-ezust-szemcsekkel-12ml\/\" \/>\n<meta property=\"og:site_name\" content=\"Eveline Cosmetics Magyarorsz\u00e1g\" \/>\n<meta property=\"article:modified_time\" content=\"2025-07-30T14:03:54+00:00\" \/>\n<meta property=\"og:image\" content=\"https:\/\/www.eveline.hu\/2016\/wp-content\/uploads\/2016\/05\/p_mak_pazn_nailtherapy_8w1_silver_shine.png\" \/>\n\t<meta property=\"og:image:width\" content=\"750\" \/>\n\t<meta property=\"og:image:height\" content=\"750\" \/>\n\t<meta property=\"og:image:type\" content=\"image\/png\" \/>\n<meta name=\"twitter:card\" content=\"summary_large_image\" \/>\n<meta name=\"twitter:label1\" content=\"Becs\u00fclt olvas\u00e1si id\u0151\" \/>\n\t<meta name=\"twitter:data1\" content=\"1 perc\" \/>\n<script type=\"application\/ld+json\" class=\"yoast-schema-graph\">{\"@context\":\"https:\/\/schema.org\",\"@graph\":[{\"@type\":\"WebPage\",\"@id\":\"https:\/\/www.eveline.hu\/2016\/eveline-kozmetikumok-szepsegapolas\/smink\/korom\/koromerositok\/8in1-total-action-koromapolo-ezust-szemcsekkel-12ml\/\",\"url\":\"https:\/\/www.eveline.hu\/2016\/eveline-kozmetikumok-szepsegapolas\/smink\/korom\/koromerositok\/8in1-total-action-koromapolo-ezust-szemcsekkel-12ml\/\",\"name\":\"K\u00f6r\u00f6m\u00e1pol\u00f3 8in1 TOTAL ACTION ez\u00fcst szemcs\u00e9kkel 12ml - Eveline Cosmetics Magyarorsz\u00e1g\",\"isPartOf\":{\"@id\":\"https:\/\/www.eveline.hu\/2016\/#website\"},\"primaryImageOfPage\":{\"@id\":\"https:\/\/www.eveline.hu\/2016\/eveline-kozmetikumok-szepsegapolas\/smink\/korom\/koromerositok\/8in1-total-action-koromapolo-ezust-szemcsekkel-12ml\/#primaryimage\"},\"image\":{\"@id\":\"https:\/\/www.eveline.hu\/2016\/eveline-kozmetikumok-szepsegapolas\/smink\/korom\/koromerositok\/8in1-total-action-koromapolo-ezust-szemcsekkel-12ml\/#primaryimage\"},\"thumbnailUrl\":\"https:\/\/www.eveline.hu\/2016\/wp-content\/uploads\/2016\/05\/p_mak_pazn_nailtherapy_8w1_silver_shine.png\",\"datePublished\":\"2016-05-27T10:59:41+00:00\",\"dateModified\":\"2025-07-30T14:03:54+00:00\",\"breadcrumb\":{\"@id\":\"https:\/\/www.eveline.hu\/2016\/eveline-kozmetikumok-szepsegapolas\/smink\/korom\/koromerositok\/8in1-total-action-koromapolo-ezust-szemcsekkel-12ml\/#breadcrumb\"},\"inLanguage\":\"hu\",\"potentialAction\":[{\"@type\":\"ReadAction\",\"target\":[\"https:\/\/www.eveline.hu\/2016\/eveline-kozmetikumok-szepsegapolas\/smink\/korom\/koromerositok\/8in1-total-action-koromapolo-ezust-szemcsekkel-12ml\/\"]}]},{\"@type\":\"ImageObject\",\"inLanguage\":\"hu\",\"@id\":\"https:\/\/www.eveline.hu\/2016\/eveline-kozmetikumok-szepsegapolas\/smink\/korom\/koromerositok\/8in1-total-action-koromapolo-ezust-szemcsekkel-12ml\/#primaryimage\",\"url\":\"https:\/\/www.eveline.hu\/2016\/wp-content\/uploads\/2016\/05\/p_mak_pazn_nailtherapy_8w1_silver_shine.png\",\"contentUrl\":\"https:\/\/www.eveline.hu\/2016\/wp-content\/uploads\/2016\/05\/p_mak_pazn_nailtherapy_8w1_silver_shine.png\",\"width\":750,\"height\":750},{\"@type\":\"BreadcrumbList\",\"@id\":\"https:\/\/www.eveline.hu\/2016\/eveline-kozmetikumok-szepsegapolas\/smink\/korom\/koromerositok\/8in1-total-action-koromapolo-ezust-szemcsekkel-12ml\/#breadcrumb\",\"itemListElement\":[{\"@type\":\"ListItem\",\"position\":1,\"name\":\"Home\",\"item\":\"https:\/\/www.eveline.hu\/2016\/\"},{\"@type\":\"ListItem\",\"position\":2,\"name\":\"Term\u00e9kek\",\"item\":\"https:\/\/www.eveline.hu\/2016\/shop\/\"},{\"@type\":\"ListItem\",\"position\":3,\"name\":\"K\u00f6r\u00f6m\u00e1pol\u00f3 8in1 TOTAL ACTION ez\u00fcst szemcs\u00e9kkel 12ml\"}]},{\"@type\":\"WebSite\",\"@id\":\"https:\/\/www.eveline.hu\/2016\/#website\",\"url\":\"https:\/\/www.eveline.hu\/2016\/\",\"name\":\"Eveline Cosmetics Magyarorsz\u00e1g\",\"description\":\"Min\u0151s\u00e9gi kozmetikumok Lengyelorsz\u00e1gb\u00f3l\",\"potentialAction\":[{\"@type\":\"SearchAction\",\"target\":{\"@type\":\"EntryPoint\",\"urlTemplate\":\"https:\/\/www.eveline.hu\/2016\/?s={search_term_string}\"},\"query-input\":\"required name=search_term_string\"}],\"inLanguage\":\"hu\"}]}<\/script>\n<!-- \/ Yoast SEO plugin. -->","yoast_head_json":{"title":"K\u00f6r\u00f6m\u00e1pol\u00f3 8in1 TOTAL ACTION ez\u00fcst szemcs\u00e9kkel 12ml - Eveline Cosmetics Magyarorsz\u00e1g","robots":{"index":"index","follow":"follow","max-snippet":"max-snippet:-1","max-image-preview":"max-image-preview:large","max-video-preview":"max-video-preview:-1"},"canonical":"https:\/\/www.eveline.hu\/2016\/eveline-kozmetikumok-szepsegapolas\/smink\/korom\/koromerositok\/8in1-total-action-koromapolo-ezust-szemcsekkel-12ml\/","og_locale":"hu_HU","og_type":"article","og_title":"K\u00f6r\u00f6m\u00e1pol\u00f3 8in1 TOTAL ACTION ez\u00fcst szemcs\u00e9kkel 12ml - Eveline Cosmetics Magyarorsz\u00e1g","og_description":"behatol a k\u00f6r\u00f6mlemez szerkezet\u00e9be, \u00fajj\u00e1\u00e9p\u00edti, regener\u00e1lja...","og_url":"https:\/\/www.eveline.hu\/2016\/eveline-kozmetikumok-szepsegapolas\/smink\/korom\/koromerositok\/8in1-total-action-koromapolo-ezust-szemcsekkel-12ml\/","og_site_name":"Eveline Cosmetics Magyarorsz\u00e1g","article_modified_time":"2025-07-30T14:03:54+00:00","og_image":[{"width":750,"height":750,"url":"https:\/\/www.eveline.hu\/2016\/wp-content\/uploads\/2016\/05\/p_mak_pazn_nailtherapy_8w1_silver_shine.png","type":"image\/png"}],"twitter_card":"summary_large_image","twitter_misc":{"Becs\u00fclt olvas\u00e1si id\u0151":"1 perc"},"schema":{"@context":"https:\/\/schema.org","@graph":[{"@type":"WebPage","@id":"https:\/\/www.eveline.hu\/2016\/eveline-kozmetikumok-szepsegapolas\/smink\/korom\/koromerositok\/8in1-total-action-koromapolo-ezust-szemcsekkel-12ml\/","url":"https:\/\/www.eveline.hu\/2016\/eveline-kozmetikumok-szepsegapolas\/smink\/korom\/koromerositok\/8in1-total-action-koromapolo-ezust-szemcsekkel-12ml\/","name":"K\u00f6r\u00f6m\u00e1pol\u00f3 8in1 TOTAL ACTION ez\u00fcst szemcs\u00e9kkel 12ml - Eveline Cosmetics Magyarorsz\u00e1g","isPartOf":{"@id":"https:\/\/www.eveline.hu\/2016\/#website"},"primaryImageOfPage":{"@id":"https:\/\/www.eveline.hu\/2016\/eveline-kozmetikumok-szepsegapolas\/smink\/korom\/koromerositok\/8in1-total-action-koromapolo-ezust-szemcsekkel-12ml\/#primaryimage"},"image":{"@id":"https:\/\/www.eveline.hu\/2016\/eveline-kozmetikumok-szepsegapolas\/smink\/korom\/koromerositok\/8in1-total-action-koromapolo-ezust-szemcsekkel-12ml\/#primaryimage"},"thumbnailUrl":"https:\/\/www.eveline.hu\/2016\/wp-content\/uploads\/2016\/05\/p_mak_pazn_nailtherapy_8w1_silver_shine.png","datePublished":"2016-05-27T10:59:41+00:00","dateModified":"2025-07-30T14:03:54+00:00","breadcrumb":{"@id":"https:\/\/www.eveline.hu\/2016\/eveline-kozmetikumok-szepsegapolas\/smink\/korom\/koromerositok\/8in1-total-action-koromapolo-ezust-szemcsekkel-12ml\/#breadcrumb"},"inLanguage":"hu","potentialAction":[{"@type":"ReadAction","target":["https:\/\/www.eveline.hu\/2016\/eveline-kozmetikumok-szepsegapolas\/smink\/korom\/koromerositok\/8in1-total-action-koromapolo-ezust-szemcsekkel-12ml\/"]}]},{"@type":"ImageObject","inLanguage":"hu","@id":"https:\/\/www.eveline.hu\/2016\/eveline-kozmetikumok-szepsegapolas\/smink\/korom\/koromerositok\/8in1-total-action-koromapolo-ezust-szemcsekkel-12ml\/#primaryimage","url":"https:\/\/www.eveline.hu\/2016\/wp-content\/uploads\/2016\/05\/p_mak_pazn_nailtherapy_8w1_silver_shine.png","contentUrl":"https:\/\/www.eveline.hu\/2016\/wp-content\/uploads\/2016\/05\/p_mak_pazn_nailtherapy_8w1_silver_shine.png","width":750,"height":750},{"@type":"BreadcrumbList","@id":"https:\/\/www.eveline.hu\/2016\/eveline-kozmetikumok-szepsegapolas\/smink\/korom\/koromerositok\/8in1-total-action-koromapolo-ezust-szemcsekkel-12ml\/#breadcrumb","itemListElement":[{"@type":"ListItem","position":1,"name":"Home","item":"https:\/\/www.eveline.hu\/2016\/"},{"@type":"ListItem","position":2,"name":"Term\u00e9kek","item":"https:\/\/www.eveline.hu\/2016\/shop\/"},{"@type":"ListItem","position":3,"name":"K\u00f6r\u00f6m\u00e1pol\u00f3 8in1 TOTAL ACTION ez\u00fcst szemcs\u00e9kkel 12ml"}]},{"@type":"WebSite","@id":"https:\/\/www.eveline.hu\/2016\/#website","url":"https:\/\/www.eveline.hu\/2016\/","name":"Eveline Cosmetics Magyarorsz\u00e1g","description":"Min\u0151s\u00e9gi kozmetikumok Lengyelorsz\u00e1gb\u00f3l","potentialAction":[{"@type":"SearchAction","target":{"@type":"EntryPoint","urlTemplate":"https:\/\/www.eveline.hu\/2016\/?s={search_term_string}"},"query-input":"required name=search_term_string"}],"inLanguage":"hu"}]}},"_links":{"self":[{"href":"https:\/\/www.eveline.hu\/2016\/wp-json\/wp\/v2\/product\/21697"}],"collection":[{"href":"https:\/\/www.eveline.hu\/2016\/wp-json\/wp\/v2\/product"}],"about":[{"href":"https:\/\/www.eveline.hu\/2016\/wp-json\/wp\/v2\/types\/product"}],"replies":[{"embeddable":true,"href":"https:\/\/www.eveline.hu\/2016\/wp-json\/wp\/v2\/comments?post=21697"}],"wp:featuredmedia":[{"embeddable":true,"href":"https:\/\/www.eveline.hu\/2016\/wp-json\/wp\/v2\/media\/21698"}],"wp:attachment":[{"href":"https:\/\/www.eveline.hu\/2016\/wp-json\/wp\/v2\/media?parent=21697"}],"wp:term":[{"taxonomy":"product_cat","embeddable":true,"href":"https:\/\/www.eveline.hu\/2016\/wp-json\/wp\/v2\/product_cat?post=21697"},{"taxonomy":"product_tag","embeddable":true,"href":"https:\/\/www.eveline.hu\/2016\/wp-json\/wp\/v2\/product_tag?post=21697"}],"curies":[{"name":"wp","href":"https:\/\/api.w.org\/{rel}","templated":true}]}}