{"id":21695,"date":"2016-05-27T12:56:30","date_gmt":"2016-05-27T10:56:30","guid":{"rendered":"http:\/\/www.eveline.hu\/2016\/?post_type=product&#038;p=21695"},"modified":"2025-07-30T15:59:32","modified_gmt":"2025-07-30T13:59:32","slug":"8in1-total-action-koromapolo-arany-szemcsekkel","status":"publish","type":"product","link":"https:\/\/www.eveline.hu\/2016\/eveline-kozmetikumok-szepsegapolas\/smink\/korom\/koromerositok\/8in1-total-action-koromapolo-arany-szemcsekkel\/","title":{"rendered":"K\u00f6r\u00f6m\u00e1pol\u00f3 8in1 TOTAL ACTION  arany szemcs\u00e9kkel 12ml"},"content":{"rendered":"<p><strong>8in1 TOTAL ACTION\u00a0 k\u00f6r\u00f6m\u00e1pol\u00f3 arany szemcs\u00e9kkel<\/strong><\/p>\n<p>Akt\u00edv Strong Nail <sup>TM<\/sup> komplexet tartalmaz, amely behatol a k\u00f6r\u00f6m szerkezet\u00e9be, \u00fajj\u00e1\u00e9p\u00edti, regener\u00e1lja \u00e9s stimul\u00e1lja n\u00f6veked\u00e9s\u00e9t. T\u00f6m\u00edti a mikro \u00fcregeket \u00e9s kem\u00e9ny\u00edt, egy\u00fattal biztos\u00edtja a hidrat\u00e1l\u00e1s optim\u00e1lis szintj\u00e9t. Megv\u00e9d a repedez\u00e9st\u0151l, t\u00f6redez\u00e9st\u0151l \u00e9s a kett\u00e9hasad\u00e1st\u00f3l, n\u00f6veli a mechanikai s\u00e9r\u00fcl\u00e9sekkel szembeni ellen\u00e1ll\u00e1st. A gyeng\u00e9d szemcs\u00e9k, csill\u00e1mos arany manik\u0171r hat\u00e1s\u00e1t ny\u00fajtj\u00e1k. M\u00e1r 10 napos kezel\u00e9s ut\u00e1n a k\u00f6rm\u00f6k visszanyerik sima fel\u00fclet\u00fcket \u00e9s f\u00e9ny\u00fcket.<\/p>\n","protected":false},"excerpt":{"rendered":"<p>behatol a k\u00f6r\u00f6mlemez szerkezet\u00e9be, \u00fajj\u00e1\u00e9p\u00edti, regener\u00e1lja&#8230;<\/p>\n","protected":false},"featured_media":21696,"comment_status":"open","ping_status":"closed","template":"","meta":[],"product_cat":[156,158,129,113],"product_tag":[],"yoast_head":"<!-- This site is optimized with the Yoast SEO plugin v22.2 - https:\/\/yoast.com\/wordpress\/plugins\/seo\/ -->\n<title>K\u00f6r\u00f6m\u00e1pol\u00f3 8in1 TOTAL ACTION arany szemcs\u00e9kkel 12ml - Eveline Cosmetics Magyarorsz\u00e1g<\/title>\n<meta name=\"robots\" content=\"index, follow, max-snippet:-1, max-image-preview:large, max-video-preview:-1\" \/>\n<link rel=\"canonical\" href=\"https:\/\/www.eveline.hu\/2016\/eveline-kozmetikumok-szepsegapolas\/smink\/korom\/koromerositok\/8in1-total-action-koromapolo-arany-szemcsekkel\/\" \/>\n<meta property=\"og:locale\" content=\"hu_HU\" \/>\n<meta property=\"og:type\" content=\"article\" \/>\n<meta property=\"og:title\" content=\"K\u00f6r\u00f6m\u00e1pol\u00f3 8in1 TOTAL ACTION arany szemcs\u00e9kkel 12ml - Eveline Cosmetics Magyarorsz\u00e1g\" \/>\n<meta property=\"og:description\" content=\"behatol a k\u00f6r\u00f6mlemez szerkezet\u00e9be, \u00fajj\u00e1\u00e9p\u00edti, regener\u00e1lja...\" \/>\n<meta property=\"og:url\" content=\"https:\/\/www.eveline.hu\/2016\/eveline-kozmetikumok-szepsegapolas\/smink\/korom\/koromerositok\/8in1-total-action-koromapolo-arany-szemcsekkel\/\" \/>\n<meta property=\"og:site_name\" content=\"Eveline Cosmetics Magyarorsz\u00e1g\" \/>\n<meta property=\"article:modified_time\" content=\"2025-07-30T13:59:32+00:00\" \/>\n<meta property=\"og:image\" content=\"https:\/\/www.eveline.hu\/2016\/wp-content\/uploads\/2016\/05\/p_mak_pazn_nailtherapy_8w1_golden_shine.png\" \/>\n\t<meta property=\"og:image:width\" content=\"750\" \/>\n\t<meta property=\"og:image:height\" content=\"750\" \/>\n\t<meta property=\"og:image:type\" content=\"image\/png\" \/>\n<meta name=\"twitter:card\" content=\"summary_large_image\" \/>\n<meta name=\"twitter:label1\" content=\"Becs\u00fclt olvas\u00e1si id\u0151\" \/>\n\t<meta name=\"twitter:data1\" content=\"1 perc\" \/>\n<script type=\"application\/ld+json\" class=\"yoast-schema-graph\">{\"@context\":\"https:\/\/schema.org\",\"@graph\":[{\"@type\":\"WebPage\",\"@id\":\"https:\/\/www.eveline.hu\/2016\/eveline-kozmetikumok-szepsegapolas\/smink\/korom\/koromerositok\/8in1-total-action-koromapolo-arany-szemcsekkel\/\",\"url\":\"https:\/\/www.eveline.hu\/2016\/eveline-kozmetikumok-szepsegapolas\/smink\/korom\/koromerositok\/8in1-total-action-koromapolo-arany-szemcsekkel\/\",\"name\":\"K\u00f6r\u00f6m\u00e1pol\u00f3 8in1 TOTAL ACTION arany szemcs\u00e9kkel 12ml - Eveline Cosmetics Magyarorsz\u00e1g\",\"isPartOf\":{\"@id\":\"https:\/\/www.eveline.hu\/2016\/#website\"},\"primaryImageOfPage\":{\"@id\":\"https:\/\/www.eveline.hu\/2016\/eveline-kozmetikumok-szepsegapolas\/smink\/korom\/koromerositok\/8in1-total-action-koromapolo-arany-szemcsekkel\/#primaryimage\"},\"image\":{\"@id\":\"https:\/\/www.eveline.hu\/2016\/eveline-kozmetikumok-szepsegapolas\/smink\/korom\/koromerositok\/8in1-total-action-koromapolo-arany-szemcsekkel\/#primaryimage\"},\"thumbnailUrl\":\"https:\/\/www.eveline.hu\/2016\/wp-content\/uploads\/2016\/05\/p_mak_pazn_nailtherapy_8w1_golden_shine.png\",\"datePublished\":\"2016-05-27T10:56:30+00:00\",\"dateModified\":\"2025-07-30T13:59:32+00:00\",\"breadcrumb\":{\"@id\":\"https:\/\/www.eveline.hu\/2016\/eveline-kozmetikumok-szepsegapolas\/smink\/korom\/koromerositok\/8in1-total-action-koromapolo-arany-szemcsekkel\/#breadcrumb\"},\"inLanguage\":\"hu\",\"potentialAction\":[{\"@type\":\"ReadAction\",\"target\":[\"https:\/\/www.eveline.hu\/2016\/eveline-kozmetikumok-szepsegapolas\/smink\/korom\/koromerositok\/8in1-total-action-koromapolo-arany-szemcsekkel\/\"]}]},{\"@type\":\"ImageObject\",\"inLanguage\":\"hu\",\"@id\":\"https:\/\/www.eveline.hu\/2016\/eveline-kozmetikumok-szepsegapolas\/smink\/korom\/koromerositok\/8in1-total-action-koromapolo-arany-szemcsekkel\/#primaryimage\",\"url\":\"https:\/\/www.eveline.hu\/2016\/wp-content\/uploads\/2016\/05\/p_mak_pazn_nailtherapy_8w1_golden_shine.png\",\"contentUrl\":\"https:\/\/www.eveline.hu\/2016\/wp-content\/uploads\/2016\/05\/p_mak_pazn_nailtherapy_8w1_golden_shine.png\",\"width\":750,\"height\":750},{\"@type\":\"BreadcrumbList\",\"@id\":\"https:\/\/www.eveline.hu\/2016\/eveline-kozmetikumok-szepsegapolas\/smink\/korom\/koromerositok\/8in1-total-action-koromapolo-arany-szemcsekkel\/#breadcrumb\",\"itemListElement\":[{\"@type\":\"ListItem\",\"position\":1,\"name\":\"Home\",\"item\":\"https:\/\/www.eveline.hu\/2016\/\"},{\"@type\":\"ListItem\",\"position\":2,\"name\":\"Term\u00e9kek\",\"item\":\"https:\/\/www.eveline.hu\/2016\/shop\/\"},{\"@type\":\"ListItem\",\"position\":3,\"name\":\"K\u00f6r\u00f6m\u00e1pol\u00f3 8in1 TOTAL ACTION arany szemcs\u00e9kkel 12ml\"}]},{\"@type\":\"WebSite\",\"@id\":\"https:\/\/www.eveline.hu\/2016\/#website\",\"url\":\"https:\/\/www.eveline.hu\/2016\/\",\"name\":\"Eveline Cosmetics Magyarorsz\u00e1g\",\"description\":\"Min\u0151s\u00e9gi kozmetikumok Lengyelorsz\u00e1gb\u00f3l\",\"potentialAction\":[{\"@type\":\"SearchAction\",\"target\":{\"@type\":\"EntryPoint\",\"urlTemplate\":\"https:\/\/www.eveline.hu\/2016\/?s={search_term_string}\"},\"query-input\":\"required name=search_term_string\"}],\"inLanguage\":\"hu\"}]}<\/script>\n<!-- \/ Yoast SEO plugin. -->","yoast_head_json":{"title":"K\u00f6r\u00f6m\u00e1pol\u00f3 8in1 TOTAL ACTION arany szemcs\u00e9kkel 12ml - Eveline Cosmetics Magyarorsz\u00e1g","robots":{"index":"index","follow":"follow","max-snippet":"max-snippet:-1","max-image-preview":"max-image-preview:large","max-video-preview":"max-video-preview:-1"},"canonical":"https:\/\/www.eveline.hu\/2016\/eveline-kozmetikumok-szepsegapolas\/smink\/korom\/koromerositok\/8in1-total-action-koromapolo-arany-szemcsekkel\/","og_locale":"hu_HU","og_type":"article","og_title":"K\u00f6r\u00f6m\u00e1pol\u00f3 8in1 TOTAL ACTION arany szemcs\u00e9kkel 12ml - Eveline Cosmetics Magyarorsz\u00e1g","og_description":"behatol a k\u00f6r\u00f6mlemez szerkezet\u00e9be, \u00fajj\u00e1\u00e9p\u00edti, regener\u00e1lja...","og_url":"https:\/\/www.eveline.hu\/2016\/eveline-kozmetikumok-szepsegapolas\/smink\/korom\/koromerositok\/8in1-total-action-koromapolo-arany-szemcsekkel\/","og_site_name":"Eveline Cosmetics Magyarorsz\u00e1g","article_modified_time":"2025-07-30T13:59:32+00:00","og_image":[{"width":750,"height":750,"url":"https:\/\/www.eveline.hu\/2016\/wp-content\/uploads\/2016\/05\/p_mak_pazn_nailtherapy_8w1_golden_shine.png","type":"image\/png"}],"twitter_card":"summary_large_image","twitter_misc":{"Becs\u00fclt olvas\u00e1si id\u0151":"1 perc"},"schema":{"@context":"https:\/\/schema.org","@graph":[{"@type":"WebPage","@id":"https:\/\/www.eveline.hu\/2016\/eveline-kozmetikumok-szepsegapolas\/smink\/korom\/koromerositok\/8in1-total-action-koromapolo-arany-szemcsekkel\/","url":"https:\/\/www.eveline.hu\/2016\/eveline-kozmetikumok-szepsegapolas\/smink\/korom\/koromerositok\/8in1-total-action-koromapolo-arany-szemcsekkel\/","name":"K\u00f6r\u00f6m\u00e1pol\u00f3 8in1 TOTAL ACTION arany szemcs\u00e9kkel 12ml - Eveline Cosmetics Magyarorsz\u00e1g","isPartOf":{"@id":"https:\/\/www.eveline.hu\/2016\/#website"},"primaryImageOfPage":{"@id":"https:\/\/www.eveline.hu\/2016\/eveline-kozmetikumok-szepsegapolas\/smink\/korom\/koromerositok\/8in1-total-action-koromapolo-arany-szemcsekkel\/#primaryimage"},"image":{"@id":"https:\/\/www.eveline.hu\/2016\/eveline-kozmetikumok-szepsegapolas\/smink\/korom\/koromerositok\/8in1-total-action-koromapolo-arany-szemcsekkel\/#primaryimage"},"thumbnailUrl":"https:\/\/www.eveline.hu\/2016\/wp-content\/uploads\/2016\/05\/p_mak_pazn_nailtherapy_8w1_golden_shine.png","datePublished":"2016-05-27T10:56:30+00:00","dateModified":"2025-07-30T13:59:32+00:00","breadcrumb":{"@id":"https:\/\/www.eveline.hu\/2016\/eveline-kozmetikumok-szepsegapolas\/smink\/korom\/koromerositok\/8in1-total-action-koromapolo-arany-szemcsekkel\/#breadcrumb"},"inLanguage":"hu","potentialAction":[{"@type":"ReadAction","target":["https:\/\/www.eveline.hu\/2016\/eveline-kozmetikumok-szepsegapolas\/smink\/korom\/koromerositok\/8in1-total-action-koromapolo-arany-szemcsekkel\/"]}]},{"@type":"ImageObject","inLanguage":"hu","@id":"https:\/\/www.eveline.hu\/2016\/eveline-kozmetikumok-szepsegapolas\/smink\/korom\/koromerositok\/8in1-total-action-koromapolo-arany-szemcsekkel\/#primaryimage","url":"https:\/\/www.eveline.hu\/2016\/wp-content\/uploads\/2016\/05\/p_mak_pazn_nailtherapy_8w1_golden_shine.png","contentUrl":"https:\/\/www.eveline.hu\/2016\/wp-content\/uploads\/2016\/05\/p_mak_pazn_nailtherapy_8w1_golden_shine.png","width":750,"height":750},{"@type":"BreadcrumbList","@id":"https:\/\/www.eveline.hu\/2016\/eveline-kozmetikumok-szepsegapolas\/smink\/korom\/koromerositok\/8in1-total-action-koromapolo-arany-szemcsekkel\/#breadcrumb","itemListElement":[{"@type":"ListItem","position":1,"name":"Home","item":"https:\/\/www.eveline.hu\/2016\/"},{"@type":"ListItem","position":2,"name":"Term\u00e9kek","item":"https:\/\/www.eveline.hu\/2016\/shop\/"},{"@type":"ListItem","position":3,"name":"K\u00f6r\u00f6m\u00e1pol\u00f3 8in1 TOTAL ACTION arany szemcs\u00e9kkel 12ml"}]},{"@type":"WebSite","@id":"https:\/\/www.eveline.hu\/2016\/#website","url":"https:\/\/www.eveline.hu\/2016\/","name":"Eveline Cosmetics Magyarorsz\u00e1g","description":"Min\u0151s\u00e9gi kozmetikumok Lengyelorsz\u00e1gb\u00f3l","potentialAction":[{"@type":"SearchAction","target":{"@type":"EntryPoint","urlTemplate":"https:\/\/www.eveline.hu\/2016\/?s={search_term_string}"},"query-input":"required name=search_term_string"}],"inLanguage":"hu"}]}},"_links":{"self":[{"href":"https:\/\/www.eveline.hu\/2016\/wp-json\/wp\/v2\/product\/21695"}],"collection":[{"href":"https:\/\/www.eveline.hu\/2016\/wp-json\/wp\/v2\/product"}],"about":[{"href":"https:\/\/www.eveline.hu\/2016\/wp-json\/wp\/v2\/types\/product"}],"replies":[{"embeddable":true,"href":"https:\/\/www.eveline.hu\/2016\/wp-json\/wp\/v2\/comments?post=21695"}],"wp:featuredmedia":[{"embeddable":true,"href":"https:\/\/www.eveline.hu\/2016\/wp-json\/wp\/v2\/media\/21696"}],"wp:attachment":[{"href":"https:\/\/www.eveline.hu\/2016\/wp-json\/wp\/v2\/media?parent=21695"}],"wp:term":[{"taxonomy":"product_cat","embeddable":true,"href":"https:\/\/www.eveline.hu\/2016\/wp-json\/wp\/v2\/product_cat?post=21695"},{"taxonomy":"product_tag","embeddable":true,"href":"https:\/\/www.eveline.hu\/2016\/wp-json\/wp\/v2\/product_tag?post=21695"}],"curies":[{"name":"wp","href":"https:\/\/api.w.org\/{rel}","templated":true}]}}