{"id":21620,"date":"2016-05-06T20:09:49","date_gmt":"2016-05-06T18:09:49","guid":{"rendered":"http:\/\/www.eveline.hu\/2016\/?post_type=product&#038;p=21620"},"modified":"2023-10-27T22:07:51","modified_gmt":"2023-10-27T20:07:51","slug":"new-hyaluron-60-koncentralt-nappali-es-ejszakai-krem-50ml","status":"publish","type":"product","link":"https:\/\/www.eveline.hu\/2016\/eveline-kozmetikumok-szepsegapolas\/szepsegapolas\/arcapolas\/new-hyaluron-60-koncentralt-nappali-es-ejszakai-krem-50ml\/","title":{"rendered":"HYALURON CLINIC 60+ Multi-T\u00e1pl\u00e1l\u00f3 R\u00e1ncfelt\u00f6lt\u0151 kr\u00e9m 50ml"},"content":{"rendered":"<p><strong>HYALURON CLINIC 60+ Multi-T\u00e1pl\u00e1l\u00f3 R\u00e1ncfelt\u00f6lt\u0151 kr\u00e9m\u00a0<\/strong><\/p>\n<p>Nappali \u00e9s \u00c9jszakai. \u00c9rett, sz\u00e1raz \u00e9s \u00e9rz\u00e9keny b\u0151rre.<\/p>\n<p>A HYALURON CLINIC term\u00e9kcsal\u00e1d a PRO-VITAMIN B5 szinergikus hat\u00e1s\u00e1ra \u00e9s a hialuronsav \u00f6t fajt\u00e1j\u00e1ra \u00e9p\u00fcl: 15% LAB HYALURON, t\u00e9rh\u00e1l\u00f3s hialuronsav, t\u00e9rfogatn\u00f6vel\u0151 HA mikrog\u00f6mb\u00f6k, GLYCOHYAL LW \u00e9s PatcH2O. Egy\u00fctt h\u00e1romdimenzi\u00f3s b\u0151rfeszes\u00edt\u0151 m\u00e1trixot k\u00e9peznek, amely biztos\u00edtja a TELJES FIATAL\u00cdT\u00d3 hat\u00e1st.<\/p>\n<p>A R\u00c1NCFELT\u00d6LT\u0150 60+ kr\u00e9m t\u00f6bbir\u00e1ny\u00fa t\u00e1pl\u00e1l\u00f3 \u00e9s feszes\u00edt\u0151 m\u0171k\u00f6d\u00e9sen kereszt\u00fcl, l\u00e1that\u00f3 b\u0151rfiatal\u00edt\u00e1st biztos\u00edt: A HIALURONSAV \u00d6T FAJT\u00c1J\u00c1NAK kombin\u00e1ci\u00f3ja nagy mennyis\u00e9g\u0171 folyad\u00e9kot juttat a b\u0151rbe \u00e9s vissza\u00e1ll\u00edtja annak selymes puhas\u00e1g\u00e1t. A FERULSAV v\u00e9d a foto\u00f6reged\u00e9s ellen, helyre\u00e1ll\u00edtja az epidermisz s\u00e9r\u00fcl\u00e9seit \u00e9s minimaliz\u00e1lja az elsz\u00ednez\u0151d\u00e9seket. A BLUE COLLAGEN \u2122 l\u00e1that\u00f3an kisim\u00edtja \u00e9s feszes\u00edti az epidermiszt, megakad\u00e1lyozza a r\u00e1ncok kialakul\u00e1s\u00e1t a kollag\u00e9n termel\u00e9s serkent\u00e9s\u00e9vel. PRO-retinol teljes fiatal\u00edt\u00f3 folyamatot hajt v\u00e9gre, k\u00e9slelteti a b\u0151r \u00f6reged\u00e9s\u00e9nek folyamat\u00e1t. A PRO-VITAMIN B5 stimul\u00e1lja a regener\u00e1l\u00f3 mechanizmusokat \u00e9s helyre\u00e1ll\u00edtja a b\u0151r fiatalos megjelen\u00e9s\u00e9t.<\/p>\n<p>\u00f6sszetev\u0151k: Aqua (Water), Caprylic\/Capric Triglyceride, Olus Oil, Glycerin, Cetyl Alcohol, Dimethicone, Glyceryl Stearate, Triolein, Cetearyl Alcohol, Prunus Amygdalus Dulcis Oil, C10-18 Triglycerides, PEG-75 Stearate, Hyaluronic Acid, Sodium Hyaluronate Crosspolymer, Sodium Hyaluronate, Collagen Amino Acids, Hydrolyzed Glycosaminoglycans, Tocopheryl Acetate, Allantoin, Linoleic Acid, Panthenol, Ferulic Acid, Tocopherol, Serine, Trehalose, Urea, Retinyl Palmitate, Pullulan, Algin, Glyceryl Dioleate, Polysorbate 20, Parfum (Fragrance), Phenoxyethanol, Methylparaben, Ethylparaben, Propylparaben, Ethylhexylglycerin, Hydroxyacetophenone, Potassium Sorbate, Ceteth-20, Steareth-20, Acrylates\/C10-30 Alkyl Acrylate Crosspolymer, Triethanolamine, PEG-20 Glyceryl Laurate, Sucrose Palmitate, Glyceryl Linoleate, Pentylene Glycol, Diethylhexyl Syringylidenemalonate, Dipropylene Glycol, Hydroxypropyl Cyclodextrin, Polydextrose, 1,2-Hexanediol, Caprylyl Glycol, Disodium Phosphate, Glyceryl Polyacrylate, Potassium Phosphate, Citric Acid, Benzyl Salicylate, Citronellol, Limonene, Linalool.<\/p>\n","protected":false},"excerpt":{"rendered":"<p>k\u00e9slelteti a b\u0151r \u00f6reged\u00e9s\u00e9nek folyamat\u00e1t&#8230;<\/p>\n","protected":false},"featured_media":23748,"comment_status":"open","ping_status":"closed","template":"","meta":[],"product_cat":[125,126,199],"product_tag":[],"yoast_head":"<!-- This site is optimized with the Yoast SEO plugin v22.2 - https:\/\/yoast.com\/wordpress\/plugins\/seo\/ -->\n<title>HYALURON CLINIC 60+ Multi-T\u00e1pl\u00e1l\u00f3 R\u00e1ncfelt\u00f6lt\u0151 kr\u00e9m 50ml - Eveline Cosmetics Magyarorsz\u00e1g<\/title>\n<meta name=\"robots\" content=\"index, follow, max-snippet:-1, max-image-preview:large, max-video-preview:-1\" \/>\n<link rel=\"canonical\" href=\"https:\/\/www.eveline.hu\/2016\/eveline-kozmetikumok-szepsegapolas\/szepsegapolas\/arcapolas\/new-hyaluron-60-koncentralt-nappali-es-ejszakai-krem-50ml\/\" \/>\n<meta property=\"og:locale\" content=\"hu_HU\" \/>\n<meta property=\"og:type\" content=\"article\" \/>\n<meta property=\"og:title\" content=\"HYALURON CLINIC 60+ Multi-T\u00e1pl\u00e1l\u00f3 R\u00e1ncfelt\u00f6lt\u0151 kr\u00e9m 50ml - Eveline Cosmetics Magyarorsz\u00e1g\" \/>\n<meta property=\"og:description\" content=\"k\u00e9slelteti a b\u0151r \u00f6reged\u00e9s\u00e9nek folyamat\u00e1t...\" \/>\n<meta property=\"og:url\" content=\"https:\/\/www.eveline.hu\/2016\/eveline-kozmetikumok-szepsegapolas\/szepsegapolas\/arcapolas\/new-hyaluron-60-koncentralt-nappali-es-ejszakai-krem-50ml\/\" \/>\n<meta property=\"og:site_name\" content=\"Eveline Cosmetics Magyarorsz\u00e1g\" \/>\n<meta property=\"article:modified_time\" content=\"2023-10-27T20:07:51+00:00\" \/>\n<meta property=\"og:image\" content=\"https:\/\/www.eveline.hu\/2016\/wp-content\/uploads\/2016\/05\/Hyaluron-Clinic-60-web.png\" \/>\n\t<meta property=\"og:image:width\" content=\"750\" \/>\n\t<meta property=\"og:image:height\" content=\"750\" \/>\n\t<meta property=\"og:image:type\" content=\"image\/png\" \/>\n<meta name=\"twitter:card\" content=\"summary_large_image\" \/>\n<meta name=\"twitter:label1\" content=\"Becs\u00fclt olvas\u00e1si id\u0151\" \/>\n\t<meta name=\"twitter:data1\" content=\"2 perc\" \/>\n<script type=\"application\/ld+json\" class=\"yoast-schema-graph\">{\"@context\":\"https:\/\/schema.org\",\"@graph\":[{\"@type\":\"WebPage\",\"@id\":\"https:\/\/www.eveline.hu\/2016\/eveline-kozmetikumok-szepsegapolas\/szepsegapolas\/arcapolas\/new-hyaluron-60-koncentralt-nappali-es-ejszakai-krem-50ml\/\",\"url\":\"https:\/\/www.eveline.hu\/2016\/eveline-kozmetikumok-szepsegapolas\/szepsegapolas\/arcapolas\/new-hyaluron-60-koncentralt-nappali-es-ejszakai-krem-50ml\/\",\"name\":\"HYALURON CLINIC 60+ Multi-T\u00e1pl\u00e1l\u00f3 R\u00e1ncfelt\u00f6lt\u0151 kr\u00e9m 50ml - Eveline Cosmetics Magyarorsz\u00e1g\",\"isPartOf\":{\"@id\":\"https:\/\/www.eveline.hu\/2016\/#website\"},\"primaryImageOfPage\":{\"@id\":\"https:\/\/www.eveline.hu\/2016\/eveline-kozmetikumok-szepsegapolas\/szepsegapolas\/arcapolas\/new-hyaluron-60-koncentralt-nappali-es-ejszakai-krem-50ml\/#primaryimage\"},\"image\":{\"@id\":\"https:\/\/www.eveline.hu\/2016\/eveline-kozmetikumok-szepsegapolas\/szepsegapolas\/arcapolas\/new-hyaluron-60-koncentralt-nappali-es-ejszakai-krem-50ml\/#primaryimage\"},\"thumbnailUrl\":\"https:\/\/www.eveline.hu\/2016\/wp-content\/uploads\/2016\/05\/Hyaluron-Clinic-60-web.png\",\"datePublished\":\"2016-05-06T18:09:49+00:00\",\"dateModified\":\"2023-10-27T20:07:51+00:00\",\"breadcrumb\":{\"@id\":\"https:\/\/www.eveline.hu\/2016\/eveline-kozmetikumok-szepsegapolas\/szepsegapolas\/arcapolas\/new-hyaluron-60-koncentralt-nappali-es-ejszakai-krem-50ml\/#breadcrumb\"},\"inLanguage\":\"hu\",\"potentialAction\":[{\"@type\":\"ReadAction\",\"target\":[\"https:\/\/www.eveline.hu\/2016\/eveline-kozmetikumok-szepsegapolas\/szepsegapolas\/arcapolas\/new-hyaluron-60-koncentralt-nappali-es-ejszakai-krem-50ml\/\"]}]},{\"@type\":\"ImageObject\",\"inLanguage\":\"hu\",\"@id\":\"https:\/\/www.eveline.hu\/2016\/eveline-kozmetikumok-szepsegapolas\/szepsegapolas\/arcapolas\/new-hyaluron-60-koncentralt-nappali-es-ejszakai-krem-50ml\/#primaryimage\",\"url\":\"https:\/\/www.eveline.hu\/2016\/wp-content\/uploads\/2016\/05\/Hyaluron-Clinic-60-web.png\",\"contentUrl\":\"https:\/\/www.eveline.hu\/2016\/wp-content\/uploads\/2016\/05\/Hyaluron-Clinic-60-web.png\",\"width\":750,\"height\":750},{\"@type\":\"BreadcrumbList\",\"@id\":\"https:\/\/www.eveline.hu\/2016\/eveline-kozmetikumok-szepsegapolas\/szepsegapolas\/arcapolas\/new-hyaluron-60-koncentralt-nappali-es-ejszakai-krem-50ml\/#breadcrumb\",\"itemListElement\":[{\"@type\":\"ListItem\",\"position\":1,\"name\":\"Home\",\"item\":\"https:\/\/www.eveline.hu\/2016\/\"},{\"@type\":\"ListItem\",\"position\":2,\"name\":\"Term\u00e9kek\",\"item\":\"https:\/\/www.eveline.hu\/2016\/shop\/\"},{\"@type\":\"ListItem\",\"position\":3,\"name\":\"HYALURON CLINIC 60+ Multi-T\u00e1pl\u00e1l\u00f3 R\u00e1ncfelt\u00f6lt\u0151 kr\u00e9m 50ml\"}]},{\"@type\":\"WebSite\",\"@id\":\"https:\/\/www.eveline.hu\/2016\/#website\",\"url\":\"https:\/\/www.eveline.hu\/2016\/\",\"name\":\"Eveline Cosmetics Magyarorsz\u00e1g\",\"description\":\"Min\u0151s\u00e9gi kozmetikumok Lengyelorsz\u00e1gb\u00f3l\",\"potentialAction\":[{\"@type\":\"SearchAction\",\"target\":{\"@type\":\"EntryPoint\",\"urlTemplate\":\"https:\/\/www.eveline.hu\/2016\/?s={search_term_string}\"},\"query-input\":\"required name=search_term_string\"}],\"inLanguage\":\"hu\"}]}<\/script>\n<!-- \/ Yoast SEO plugin. -->","yoast_head_json":{"title":"HYALURON CLINIC 60+ Multi-T\u00e1pl\u00e1l\u00f3 R\u00e1ncfelt\u00f6lt\u0151 kr\u00e9m 50ml - Eveline Cosmetics Magyarorsz\u00e1g","robots":{"index":"index","follow":"follow","max-snippet":"max-snippet:-1","max-image-preview":"max-image-preview:large","max-video-preview":"max-video-preview:-1"},"canonical":"https:\/\/www.eveline.hu\/2016\/eveline-kozmetikumok-szepsegapolas\/szepsegapolas\/arcapolas\/new-hyaluron-60-koncentralt-nappali-es-ejszakai-krem-50ml\/","og_locale":"hu_HU","og_type":"article","og_title":"HYALURON CLINIC 60+ Multi-T\u00e1pl\u00e1l\u00f3 R\u00e1ncfelt\u00f6lt\u0151 kr\u00e9m 50ml - Eveline Cosmetics Magyarorsz\u00e1g","og_description":"k\u00e9slelteti a b\u0151r \u00f6reged\u00e9s\u00e9nek folyamat\u00e1t...","og_url":"https:\/\/www.eveline.hu\/2016\/eveline-kozmetikumok-szepsegapolas\/szepsegapolas\/arcapolas\/new-hyaluron-60-koncentralt-nappali-es-ejszakai-krem-50ml\/","og_site_name":"Eveline Cosmetics Magyarorsz\u00e1g","article_modified_time":"2023-10-27T20:07:51+00:00","og_image":[{"width":750,"height":750,"url":"https:\/\/www.eveline.hu\/2016\/wp-content\/uploads\/2016\/05\/Hyaluron-Clinic-60-web.png","type":"image\/png"}],"twitter_card":"summary_large_image","twitter_misc":{"Becs\u00fclt olvas\u00e1si id\u0151":"2 perc"},"schema":{"@context":"https:\/\/schema.org","@graph":[{"@type":"WebPage","@id":"https:\/\/www.eveline.hu\/2016\/eveline-kozmetikumok-szepsegapolas\/szepsegapolas\/arcapolas\/new-hyaluron-60-koncentralt-nappali-es-ejszakai-krem-50ml\/","url":"https:\/\/www.eveline.hu\/2016\/eveline-kozmetikumok-szepsegapolas\/szepsegapolas\/arcapolas\/new-hyaluron-60-koncentralt-nappali-es-ejszakai-krem-50ml\/","name":"HYALURON CLINIC 60+ Multi-T\u00e1pl\u00e1l\u00f3 R\u00e1ncfelt\u00f6lt\u0151 kr\u00e9m 50ml - Eveline Cosmetics Magyarorsz\u00e1g","isPartOf":{"@id":"https:\/\/www.eveline.hu\/2016\/#website"},"primaryImageOfPage":{"@id":"https:\/\/www.eveline.hu\/2016\/eveline-kozmetikumok-szepsegapolas\/szepsegapolas\/arcapolas\/new-hyaluron-60-koncentralt-nappali-es-ejszakai-krem-50ml\/#primaryimage"},"image":{"@id":"https:\/\/www.eveline.hu\/2016\/eveline-kozmetikumok-szepsegapolas\/szepsegapolas\/arcapolas\/new-hyaluron-60-koncentralt-nappali-es-ejszakai-krem-50ml\/#primaryimage"},"thumbnailUrl":"https:\/\/www.eveline.hu\/2016\/wp-content\/uploads\/2016\/05\/Hyaluron-Clinic-60-web.png","datePublished":"2016-05-06T18:09:49+00:00","dateModified":"2023-10-27T20:07:51+00:00","breadcrumb":{"@id":"https:\/\/www.eveline.hu\/2016\/eveline-kozmetikumok-szepsegapolas\/szepsegapolas\/arcapolas\/new-hyaluron-60-koncentralt-nappali-es-ejszakai-krem-50ml\/#breadcrumb"},"inLanguage":"hu","potentialAction":[{"@type":"ReadAction","target":["https:\/\/www.eveline.hu\/2016\/eveline-kozmetikumok-szepsegapolas\/szepsegapolas\/arcapolas\/new-hyaluron-60-koncentralt-nappali-es-ejszakai-krem-50ml\/"]}]},{"@type":"ImageObject","inLanguage":"hu","@id":"https:\/\/www.eveline.hu\/2016\/eveline-kozmetikumok-szepsegapolas\/szepsegapolas\/arcapolas\/new-hyaluron-60-koncentralt-nappali-es-ejszakai-krem-50ml\/#primaryimage","url":"https:\/\/www.eveline.hu\/2016\/wp-content\/uploads\/2016\/05\/Hyaluron-Clinic-60-web.png","contentUrl":"https:\/\/www.eveline.hu\/2016\/wp-content\/uploads\/2016\/05\/Hyaluron-Clinic-60-web.png","width":750,"height":750},{"@type":"BreadcrumbList","@id":"https:\/\/www.eveline.hu\/2016\/eveline-kozmetikumok-szepsegapolas\/szepsegapolas\/arcapolas\/new-hyaluron-60-koncentralt-nappali-es-ejszakai-krem-50ml\/#breadcrumb","itemListElement":[{"@type":"ListItem","position":1,"name":"Home","item":"https:\/\/www.eveline.hu\/2016\/"},{"@type":"ListItem","position":2,"name":"Term\u00e9kek","item":"https:\/\/www.eveline.hu\/2016\/shop\/"},{"@type":"ListItem","position":3,"name":"HYALURON CLINIC 60+ Multi-T\u00e1pl\u00e1l\u00f3 R\u00e1ncfelt\u00f6lt\u0151 kr\u00e9m 50ml"}]},{"@type":"WebSite","@id":"https:\/\/www.eveline.hu\/2016\/#website","url":"https:\/\/www.eveline.hu\/2016\/","name":"Eveline Cosmetics Magyarorsz\u00e1g","description":"Min\u0151s\u00e9gi kozmetikumok Lengyelorsz\u00e1gb\u00f3l","potentialAction":[{"@type":"SearchAction","target":{"@type":"EntryPoint","urlTemplate":"https:\/\/www.eveline.hu\/2016\/?s={search_term_string}"},"query-input":"required name=search_term_string"}],"inLanguage":"hu"}]}},"_links":{"self":[{"href":"https:\/\/www.eveline.hu\/2016\/wp-json\/wp\/v2\/product\/21620"}],"collection":[{"href":"https:\/\/www.eveline.hu\/2016\/wp-json\/wp\/v2\/product"}],"about":[{"href":"https:\/\/www.eveline.hu\/2016\/wp-json\/wp\/v2\/types\/product"}],"replies":[{"embeddable":true,"href":"https:\/\/www.eveline.hu\/2016\/wp-json\/wp\/v2\/comments?post=21620"}],"wp:featuredmedia":[{"embeddable":true,"href":"https:\/\/www.eveline.hu\/2016\/wp-json\/wp\/v2\/media\/23748"}],"wp:attachment":[{"href":"https:\/\/www.eveline.hu\/2016\/wp-json\/wp\/v2\/media?parent=21620"}],"wp:term":[{"taxonomy":"product_cat","embeddable":true,"href":"https:\/\/www.eveline.hu\/2016\/wp-json\/wp\/v2\/product_cat?post=21620"},{"taxonomy":"product_tag","embeddable":true,"href":"https:\/\/www.eveline.hu\/2016\/wp-json\/wp\/v2\/product_tag?post=21620"}],"curies":[{"name":"wp","href":"https:\/\/api.w.org\/{rel}","templated":true}]}}