{"id":20990,"date":"2016-01-28T18:02:52","date_gmt":"2016-01-28T17:02:52","guid":{"rendered":"http:\/\/www.eveline.hu\/2016\/eveline-kozmetikumok-szepsegapolas\/nem-kategorizalt\/sun-care-naptej-20-faktor-200ml\/"},"modified":"2023-03-22T11:02:44","modified_gmt":"2023-03-22T10:02:44","slug":"sun-care-naptej-20-faktor-200ml","status":"publish","type":"product","link":"https:\/\/www.eveline.hu\/2016\/eveline-kozmetikumok-szepsegapolas\/szepsegapolas\/napvedelem\/sun-care-naptej-20-faktor-200ml\/","title":{"rendered":"Amazing naptej 20 faktor 200ml"},"content":{"rendered":"<p>200ml (11745 Ft\/L)-<\/p>\n<p><strong>NAPTEJ SPF20 UVA + UVB\u00a0 K\u00d6ZEPES V\u00c9DELEM<\/strong><\/p>\n<p>V\u00edz\u00e1ll\u00f3. Homoktasz\u00edt\u00f3 formula.<\/p>\n<p>A WET APPLICATION COMPLEX innovat\u00edv formul\u00e1nak k\u00f6sz\u00f6nhet\u0151en a\u00a0term\u00e9k nedves b\u0151r\u00f6n is alkalmazhat\u00f3. Az ultra v\u00edz\u00e1ll\u00f3 formula gyeng\u00e9d r\u00e9teget\u00a0hoz l\u00e9tre a b\u0151r\u00f6n, ami t\u00f6k\u00e9letes akad\u00e1ly a k\u00e1ros sugaraknak f\u00fcrd\u00e9s k\u00f6zben.<\/p>\n<p>Akt\u00edv \u00f6sszetev\u0151k: makad\u00e1mia olaj, kukui olaj, E-vitamin, B-karotin, DNS komplex,\u00a0D-panthenol.<\/p>\n","protected":false},"excerpt":{"rendered":"<p>200ml ( 9245 Ft\/l )<\/p>\n<p>V\u00edz\u00e1ll\u00f3. K\u00f6zepes v\u00e9delem.<\/p>\n","protected":false},"featured_media":23059,"comment_status":"open","ping_status":"closed","template":"","meta":[],"product_cat":[125,138,106],"product_tag":[],"yoast_head":"<!-- This site is optimized with the Yoast SEO plugin v22.2 - https:\/\/yoast.com\/wordpress\/plugins\/seo\/ -->\n<title>Sun Care naptej 20 faktor 200ml<\/title>\n<meta name=\"description\" content=\"V\u00edzleperget\u00f5, K\u00f6zepes v\u00e9delem\" \/>\n<meta name=\"robots\" content=\"index, follow, max-snippet:-1, max-image-preview:large, max-video-preview:-1\" \/>\n<link rel=\"canonical\" href=\"https:\/\/www.eveline.hu\/2016\/eveline-kozmetikumok-szepsegapolas\/szepsegapolas\/napvedelem\/sun-care-naptej-20-faktor-200ml\/\" \/>\n<meta property=\"og:locale\" content=\"hu_HU\" \/>\n<meta property=\"og:type\" content=\"article\" \/>\n<meta property=\"og:title\" content=\"Eveline kozmetikumok - Sun Care naptej 20 faktor 200ml\" \/>\n<meta property=\"og:description\" content=\"V\u00edzleperget\u00f5, K\u00f6zepes v\u00e9delem\" \/>\n<meta property=\"og:url\" content=\"https:\/\/www.eveline.hu\/2016\/eveline-kozmetikumok-szepsegapolas\/szepsegapolas\/napvedelem\/sun-care-naptej-20-faktor-200ml\/\" \/>\n<meta property=\"og:site_name\" content=\"Eveline Cosmetics Magyarorsz\u00e1g\" \/>\n<meta property=\"article:modified_time\" content=\"2023-03-22T10:02:44+00:00\" \/>\n<meta property=\"og:image\" content=\"https:\/\/www.eveline.hu\/2016\/wp-content\/uploads\/2016\/01\/Sun-Amazing-SPF20.png\" \/>\n\t<meta property=\"og:image:width\" content=\"750\" \/>\n\t<meta property=\"og:image:height\" content=\"750\" \/>\n\t<meta property=\"og:image:type\" content=\"image\/png\" \/>\n<meta name=\"twitter:card\" content=\"summary_large_image\" \/>\n<meta name=\"twitter:title\" content=\"Eveline kozmetikumok - Sun Care naptej 20 faktor 200ml\" \/>\n<script type=\"application\/ld+json\" class=\"yoast-schema-graph\">{\"@context\":\"https:\/\/schema.org\",\"@graph\":[{\"@type\":\"WebPage\",\"@id\":\"https:\/\/www.eveline.hu\/2016\/eveline-kozmetikumok-szepsegapolas\/szepsegapolas\/napvedelem\/sun-care-naptej-20-faktor-200ml\/\",\"url\":\"https:\/\/www.eveline.hu\/2016\/eveline-kozmetikumok-szepsegapolas\/szepsegapolas\/napvedelem\/sun-care-naptej-20-faktor-200ml\/\",\"name\":\"Sun Care naptej 20 faktor 200ml\",\"isPartOf\":{\"@id\":\"https:\/\/www.eveline.hu\/2016\/#website\"},\"primaryImageOfPage\":{\"@id\":\"https:\/\/www.eveline.hu\/2016\/eveline-kozmetikumok-szepsegapolas\/szepsegapolas\/napvedelem\/sun-care-naptej-20-faktor-200ml\/#primaryimage\"},\"image\":{\"@id\":\"https:\/\/www.eveline.hu\/2016\/eveline-kozmetikumok-szepsegapolas\/szepsegapolas\/napvedelem\/sun-care-naptej-20-faktor-200ml\/#primaryimage\"},\"thumbnailUrl\":\"https:\/\/www.eveline.hu\/2016\/wp-content\/uploads\/2016\/01\/Sun-Amazing-SPF20.png\",\"datePublished\":\"2016-01-28T17:02:52+00:00\",\"dateModified\":\"2023-03-22T10:02:44+00:00\",\"description\":\"V\u00edzleperget\u00f5, K\u00f6zepes v\u00e9delem\",\"breadcrumb\":{\"@id\":\"https:\/\/www.eveline.hu\/2016\/eveline-kozmetikumok-szepsegapolas\/szepsegapolas\/napvedelem\/sun-care-naptej-20-faktor-200ml\/#breadcrumb\"},\"inLanguage\":\"hu\",\"potentialAction\":[{\"@type\":\"ReadAction\",\"target\":[\"https:\/\/www.eveline.hu\/2016\/eveline-kozmetikumok-szepsegapolas\/szepsegapolas\/napvedelem\/sun-care-naptej-20-faktor-200ml\/\"]}]},{\"@type\":\"ImageObject\",\"inLanguage\":\"hu\",\"@id\":\"https:\/\/www.eveline.hu\/2016\/eveline-kozmetikumok-szepsegapolas\/szepsegapolas\/napvedelem\/sun-care-naptej-20-faktor-200ml\/#primaryimage\",\"url\":\"https:\/\/www.eveline.hu\/2016\/wp-content\/uploads\/2016\/01\/Sun-Amazing-SPF20.png\",\"contentUrl\":\"https:\/\/www.eveline.hu\/2016\/wp-content\/uploads\/2016\/01\/Sun-Amazing-SPF20.png\",\"width\":750,\"height\":750},{\"@type\":\"BreadcrumbList\",\"@id\":\"https:\/\/www.eveline.hu\/2016\/eveline-kozmetikumok-szepsegapolas\/szepsegapolas\/napvedelem\/sun-care-naptej-20-faktor-200ml\/#breadcrumb\",\"itemListElement\":[{\"@type\":\"ListItem\",\"position\":1,\"name\":\"Home\",\"item\":\"https:\/\/www.eveline.hu\/2016\/\"},{\"@type\":\"ListItem\",\"position\":2,\"name\":\"Term\u00e9kek\",\"item\":\"https:\/\/www.eveline.hu\/2016\/shop\/\"},{\"@type\":\"ListItem\",\"position\":3,\"name\":\"Amazing naptej 20 faktor 200ml\"}]},{\"@type\":\"WebSite\",\"@id\":\"https:\/\/www.eveline.hu\/2016\/#website\",\"url\":\"https:\/\/www.eveline.hu\/2016\/\",\"name\":\"Eveline Cosmetics Magyarorsz\u00e1g\",\"description\":\"Min\u0151s\u00e9gi kozmetikumok Lengyelorsz\u00e1gb\u00f3l\",\"potentialAction\":[{\"@type\":\"SearchAction\",\"target\":{\"@type\":\"EntryPoint\",\"urlTemplate\":\"https:\/\/www.eveline.hu\/2016\/?s={search_term_string}\"},\"query-input\":\"required name=search_term_string\"}],\"inLanguage\":\"hu\"}]}<\/script>\n<!-- \/ Yoast SEO plugin. -->","yoast_head_json":{"title":"Sun Care naptej 20 faktor 200ml","description":"V\u00edzleperget\u00f5, K\u00f6zepes v\u00e9delem","robots":{"index":"index","follow":"follow","max-snippet":"max-snippet:-1","max-image-preview":"max-image-preview:large","max-video-preview":"max-video-preview:-1"},"canonical":"https:\/\/www.eveline.hu\/2016\/eveline-kozmetikumok-szepsegapolas\/szepsegapolas\/napvedelem\/sun-care-naptej-20-faktor-200ml\/","og_locale":"hu_HU","og_type":"article","og_title":"Eveline kozmetikumok - Sun Care naptej 20 faktor 200ml","og_description":"V\u00edzleperget\u00f5, K\u00f6zepes v\u00e9delem","og_url":"https:\/\/www.eveline.hu\/2016\/eveline-kozmetikumok-szepsegapolas\/szepsegapolas\/napvedelem\/sun-care-naptej-20-faktor-200ml\/","og_site_name":"Eveline Cosmetics Magyarorsz\u00e1g","article_modified_time":"2023-03-22T10:02:44+00:00","og_image":[{"width":750,"height":750,"url":"https:\/\/www.eveline.hu\/2016\/wp-content\/uploads\/2016\/01\/Sun-Amazing-SPF20.png","type":"image\/png"}],"twitter_card":"summary_large_image","twitter_title":"Eveline kozmetikumok - Sun Care naptej 20 faktor 200ml","schema":{"@context":"https:\/\/schema.org","@graph":[{"@type":"WebPage","@id":"https:\/\/www.eveline.hu\/2016\/eveline-kozmetikumok-szepsegapolas\/szepsegapolas\/napvedelem\/sun-care-naptej-20-faktor-200ml\/","url":"https:\/\/www.eveline.hu\/2016\/eveline-kozmetikumok-szepsegapolas\/szepsegapolas\/napvedelem\/sun-care-naptej-20-faktor-200ml\/","name":"Sun Care naptej 20 faktor 200ml","isPartOf":{"@id":"https:\/\/www.eveline.hu\/2016\/#website"},"primaryImageOfPage":{"@id":"https:\/\/www.eveline.hu\/2016\/eveline-kozmetikumok-szepsegapolas\/szepsegapolas\/napvedelem\/sun-care-naptej-20-faktor-200ml\/#primaryimage"},"image":{"@id":"https:\/\/www.eveline.hu\/2016\/eveline-kozmetikumok-szepsegapolas\/szepsegapolas\/napvedelem\/sun-care-naptej-20-faktor-200ml\/#primaryimage"},"thumbnailUrl":"https:\/\/www.eveline.hu\/2016\/wp-content\/uploads\/2016\/01\/Sun-Amazing-SPF20.png","datePublished":"2016-01-28T17:02:52+00:00","dateModified":"2023-03-22T10:02:44+00:00","description":"V\u00edzleperget\u00f5, K\u00f6zepes v\u00e9delem","breadcrumb":{"@id":"https:\/\/www.eveline.hu\/2016\/eveline-kozmetikumok-szepsegapolas\/szepsegapolas\/napvedelem\/sun-care-naptej-20-faktor-200ml\/#breadcrumb"},"inLanguage":"hu","potentialAction":[{"@type":"ReadAction","target":["https:\/\/www.eveline.hu\/2016\/eveline-kozmetikumok-szepsegapolas\/szepsegapolas\/napvedelem\/sun-care-naptej-20-faktor-200ml\/"]}]},{"@type":"ImageObject","inLanguage":"hu","@id":"https:\/\/www.eveline.hu\/2016\/eveline-kozmetikumok-szepsegapolas\/szepsegapolas\/napvedelem\/sun-care-naptej-20-faktor-200ml\/#primaryimage","url":"https:\/\/www.eveline.hu\/2016\/wp-content\/uploads\/2016\/01\/Sun-Amazing-SPF20.png","contentUrl":"https:\/\/www.eveline.hu\/2016\/wp-content\/uploads\/2016\/01\/Sun-Amazing-SPF20.png","width":750,"height":750},{"@type":"BreadcrumbList","@id":"https:\/\/www.eveline.hu\/2016\/eveline-kozmetikumok-szepsegapolas\/szepsegapolas\/napvedelem\/sun-care-naptej-20-faktor-200ml\/#breadcrumb","itemListElement":[{"@type":"ListItem","position":1,"name":"Home","item":"https:\/\/www.eveline.hu\/2016\/"},{"@type":"ListItem","position":2,"name":"Term\u00e9kek","item":"https:\/\/www.eveline.hu\/2016\/shop\/"},{"@type":"ListItem","position":3,"name":"Amazing naptej 20 faktor 200ml"}]},{"@type":"WebSite","@id":"https:\/\/www.eveline.hu\/2016\/#website","url":"https:\/\/www.eveline.hu\/2016\/","name":"Eveline Cosmetics Magyarorsz\u00e1g","description":"Min\u0151s\u00e9gi kozmetikumok Lengyelorsz\u00e1gb\u00f3l","potentialAction":[{"@type":"SearchAction","target":{"@type":"EntryPoint","urlTemplate":"https:\/\/www.eveline.hu\/2016\/?s={search_term_string}"},"query-input":"required name=search_term_string"}],"inLanguage":"hu"}]}},"_links":{"self":[{"href":"https:\/\/www.eveline.hu\/2016\/wp-json\/wp\/v2\/product\/20990"}],"collection":[{"href":"https:\/\/www.eveline.hu\/2016\/wp-json\/wp\/v2\/product"}],"about":[{"href":"https:\/\/www.eveline.hu\/2016\/wp-json\/wp\/v2\/types\/product"}],"replies":[{"embeddable":true,"href":"https:\/\/www.eveline.hu\/2016\/wp-json\/wp\/v2\/comments?post=20990"}],"wp:featuredmedia":[{"embeddable":true,"href":"https:\/\/www.eveline.hu\/2016\/wp-json\/wp\/v2\/media\/23059"}],"wp:attachment":[{"href":"https:\/\/www.eveline.hu\/2016\/wp-json\/wp\/v2\/media?parent=20990"}],"wp:term":[{"taxonomy":"product_cat","embeddable":true,"href":"https:\/\/www.eveline.hu\/2016\/wp-json\/wp\/v2\/product_cat?post=20990"},{"taxonomy":"product_tag","embeddable":true,"href":"https:\/\/www.eveline.hu\/2016\/wp-json\/wp\/v2\/product_tag?post=20990"}],"curies":[{"name":"wp","href":"https:\/\/api.w.org\/{rel}","templated":true}]}}