{"id":20989,"date":"2016-01-28T18:02:52","date_gmt":"2016-01-28T17:02:52","guid":{"rendered":"http:\/\/www.eveline.hu\/2016\/eveline-kozmetikumok-szepsegapolas\/nem-kategorizalt\/big-volume-explosion-szempillaspiral\/"},"modified":"2025-07-26T21:45:51","modified_gmt":"2025-07-26T19:45:51","slug":"big-volume-explosion-szempillaspiral","status":"publish","type":"product","link":"https:\/\/www.eveline.hu\/2016\/eveline-kozmetikumok-szepsegapolas\/smink\/szem\/szempillaspiralok\/big-volume-explosion-szempillaspiral\/","title":{"rendered":"BIG VOLUME EXPLOSION szempillaspir\u00e1l 11ml"},"content":{"rendered":"<p>A felhaszn\u00e1lt akt\u00edv \u00f6sszetev\u0151k megg\u00e1tolj\u00e1k a szempill\u00e1k kies\u00e9s\u00e9t \u00e9s t\u00f6redez\u00e9s\u00e9t.<br \/>\nT\u00f6k\u00e9letesen er\u0151s\u00edti \u00e9s t\u00e1pl\u00e1lja a szempill\u00e1kat.<br \/>\nAz \u00e1sv\u00e1nyi pigmentek \u00e9s a karnaubaviasz serkentik a szempill\u00e1k n\u00f6veked\u00e9s\u00e9t,\u00a0 megg\u00e1tolj\u00e1k\u00a0 kies\u00e9s\u00fcket \u00e9s t\u00f6redez\u00e9s\u00fcket.<br \/>\nA D-panthenol \u00fajj\u00e1\u00e9p\u00edti a szempilla strukt\u00far\u00e1j\u00e1t, l\u00e1that\u00f3an vastag\u00edtja.<br \/>\nA jojoba olaj \u00e9s az A,F \u00e9s E vitaminok m\u00e9lyen hidrat\u00e1lj\u00e1k \u00e9s er\u0151s\u00edtik a szempill\u00e1kat.<\/p>\n<p>&nbsp;<\/p>\n<p>\u00f6sszetev\u0151k: Aqua, Synthetic Beeswax, Paraffin, Acacia Senegal Gum, Stearic Acid, Triethanolamine, Palmitic Acid, Butylene Glycol, Copernicia Cerifera Cera, Glyceryl Stearate, Polybutene, VP\/Eicosene Copolymer, Oryza Sativa Cera, Hydroxyethylcellulose, Myristic Acid, Arachidic Acid, Behenic Acid, Oleic Acid, Phenoxyethanol, Methylparaben, Propylparaben, CI 77499.<\/p>\n","protected":false},"excerpt":{"rendered":"<p>T\u00f6k\u00e9letesen takar minden szempill\u00e1t. Prec\u00edzen sz\u00e9tv\u00e1lasztja a szempill\u00e1kat. M\u00e9ly fekete sz\u00edn. G\u00f6nd\u00f6r\u00edt.<br \/>\nEg\u00e9sz napos tart\u00f3ss\u00e1g. Nem ragad \u00f6ssze.<\/p>\n","protected":false},"featured_media":21375,"comment_status":"open","ping_status":"closed","template":"","meta":[],"product_cat":[130,132,149],"product_tag":[],"yoast_head":"<!-- This site is optimized with the Yoast SEO plugin v22.2 - https:\/\/yoast.com\/wordpress\/plugins\/seo\/ -->\n<title>BIG VOLUME EXPLOSION szempillaspir\u00e1l<\/title>\n<meta name=\"description\" content=\"T\u00f6k\u00e9letesen takar minden szempill\u00e1t. Prec\u00edzen sz\u00e9tv\u00e1lasztja a szempill\u00e1kat. M\u00e9ly fekete sz\u00edn. G\u00f6nd\u00f6r\u00edt. Eg\u00e9sz napos tart\u00f3ss\u00e1g. Nem ragad \u00f6ssze.\" \/>\n<meta name=\"robots\" content=\"index, follow, max-snippet:-1, max-image-preview:large, max-video-preview:-1\" \/>\n<link rel=\"canonical\" href=\"https:\/\/www.eveline.hu\/2016\/eveline-kozmetikumok-szepsegapolas\/smink\/szem\/szempillaspiralok\/big-volume-explosion-szempillaspiral\/\" \/>\n<meta property=\"og:locale\" content=\"hu_HU\" \/>\n<meta property=\"og:type\" content=\"article\" \/>\n<meta property=\"og:title\" content=\"Eveline kozmetikumok - BIG VOLUME EXPLOSION szempillaspir\u00e1l\" \/>\n<meta property=\"og:description\" content=\"T\u00f6k\u00e9letesen takar minden szempill\u00e1t. Prec\u00edzen sz\u00e9tv\u00e1lasztja a szempill\u00e1kat. M\u00e9ly fekete sz\u00edn. G\u00f6nd\u00f6r\u00edt. Eg\u00e9sz napos tart\u00f3ss\u00e1g. Nem ragad \u00f6ssze.\" \/>\n<meta property=\"og:url\" content=\"https:\/\/www.eveline.hu\/2016\/eveline-kozmetikumok-szepsegapolas\/smink\/szem\/szempillaspiralok\/big-volume-explosion-szempillaspiral\/\" \/>\n<meta property=\"og:site_name\" content=\"Eveline Cosmetics Magyarorsz\u00e1g\" \/>\n<meta property=\"article:modified_time\" content=\"2025-07-26T19:45:51+00:00\" \/>\n<meta property=\"og:image\" content=\"https:\/\/www.eveline.hu\/2016\/wp-content\/uploads\/2016\/01\/0043_eveline_barylka_big_volume_explosion_23-06-14.png\" \/>\n\t<meta property=\"og:image:width\" content=\"750\" \/>\n\t<meta property=\"og:image:height\" content=\"750\" \/>\n\t<meta property=\"og:image:type\" content=\"image\/png\" \/>\n<meta name=\"twitter:card\" content=\"summary_large_image\" \/>\n<meta name=\"twitter:title\" content=\"Eveline kozmetikumok - BIG VOLUME EXPLOSION szempillaspir\u00e1l\" \/>\n<meta name=\"twitter:label1\" content=\"Becs\u00fclt olvas\u00e1si id\u0151\" \/>\n\t<meta name=\"twitter:data1\" content=\"1 perc\" \/>\n<script type=\"application\/ld+json\" class=\"yoast-schema-graph\">{\"@context\":\"https:\/\/schema.org\",\"@graph\":[{\"@type\":\"WebPage\",\"@id\":\"https:\/\/www.eveline.hu\/2016\/eveline-kozmetikumok-szepsegapolas\/smink\/szem\/szempillaspiralok\/big-volume-explosion-szempillaspiral\/\",\"url\":\"https:\/\/www.eveline.hu\/2016\/eveline-kozmetikumok-szepsegapolas\/smink\/szem\/szempillaspiralok\/big-volume-explosion-szempillaspiral\/\",\"name\":\"BIG VOLUME EXPLOSION szempillaspir\u00e1l\",\"isPartOf\":{\"@id\":\"https:\/\/www.eveline.hu\/2016\/#website\"},\"primaryImageOfPage\":{\"@id\":\"https:\/\/www.eveline.hu\/2016\/eveline-kozmetikumok-szepsegapolas\/smink\/szem\/szempillaspiralok\/big-volume-explosion-szempillaspiral\/#primaryimage\"},\"image\":{\"@id\":\"https:\/\/www.eveline.hu\/2016\/eveline-kozmetikumok-szepsegapolas\/smink\/szem\/szempillaspiralok\/big-volume-explosion-szempillaspiral\/#primaryimage\"},\"thumbnailUrl\":\"https:\/\/www.eveline.hu\/2016\/wp-content\/uploads\/2016\/01\/0043_eveline_barylka_big_volume_explosion_23-06-14.png\",\"datePublished\":\"2016-01-28T17:02:52+00:00\",\"dateModified\":\"2025-07-26T19:45:51+00:00\",\"description\":\"T\u00f6k\u00e9letesen takar minden szempill\u00e1t. Prec\u00edzen sz\u00e9tv\u00e1lasztja a szempill\u00e1kat. M\u00e9ly fekete sz\u00edn. G\u00f6nd\u00f6r\u00edt. Eg\u00e9sz napos tart\u00f3ss\u00e1g. Nem ragad \u00f6ssze.\",\"breadcrumb\":{\"@id\":\"https:\/\/www.eveline.hu\/2016\/eveline-kozmetikumok-szepsegapolas\/smink\/szem\/szempillaspiralok\/big-volume-explosion-szempillaspiral\/#breadcrumb\"},\"inLanguage\":\"hu\",\"potentialAction\":[{\"@type\":\"ReadAction\",\"target\":[\"https:\/\/www.eveline.hu\/2016\/eveline-kozmetikumok-szepsegapolas\/smink\/szem\/szempillaspiralok\/big-volume-explosion-szempillaspiral\/\"]}]},{\"@type\":\"ImageObject\",\"inLanguage\":\"hu\",\"@id\":\"https:\/\/www.eveline.hu\/2016\/eveline-kozmetikumok-szepsegapolas\/smink\/szem\/szempillaspiralok\/big-volume-explosion-szempillaspiral\/#primaryimage\",\"url\":\"https:\/\/www.eveline.hu\/2016\/wp-content\/uploads\/2016\/01\/0043_eveline_barylka_big_volume_explosion_23-06-14.png\",\"contentUrl\":\"https:\/\/www.eveline.hu\/2016\/wp-content\/uploads\/2016\/01\/0043_eveline_barylka_big_volume_explosion_23-06-14.png\",\"width\":750,\"height\":750},{\"@type\":\"BreadcrumbList\",\"@id\":\"https:\/\/www.eveline.hu\/2016\/eveline-kozmetikumok-szepsegapolas\/smink\/szem\/szempillaspiralok\/big-volume-explosion-szempillaspiral\/#breadcrumb\",\"itemListElement\":[{\"@type\":\"ListItem\",\"position\":1,\"name\":\"Home\",\"item\":\"https:\/\/www.eveline.hu\/2016\/\"},{\"@type\":\"ListItem\",\"position\":2,\"name\":\"Term\u00e9kek\",\"item\":\"https:\/\/www.eveline.hu\/2016\/shop\/\"},{\"@type\":\"ListItem\",\"position\":3,\"name\":\"BIG VOLUME EXPLOSION szempillaspir\u00e1l 11ml\"}]},{\"@type\":\"WebSite\",\"@id\":\"https:\/\/www.eveline.hu\/2016\/#website\",\"url\":\"https:\/\/www.eveline.hu\/2016\/\",\"name\":\"Eveline Cosmetics Magyarorsz\u00e1g\",\"description\":\"Min\u0151s\u00e9gi kozmetikumok Lengyelorsz\u00e1gb\u00f3l\",\"potentialAction\":[{\"@type\":\"SearchAction\",\"target\":{\"@type\":\"EntryPoint\",\"urlTemplate\":\"https:\/\/www.eveline.hu\/2016\/?s={search_term_string}\"},\"query-input\":\"required name=search_term_string\"}],\"inLanguage\":\"hu\"}]}<\/script>\n<!-- \/ Yoast SEO plugin. -->","yoast_head_json":{"title":"BIG VOLUME EXPLOSION szempillaspir\u00e1l","description":"T\u00f6k\u00e9letesen takar minden szempill\u00e1t. Prec\u00edzen sz\u00e9tv\u00e1lasztja a szempill\u00e1kat. M\u00e9ly fekete sz\u00edn. G\u00f6nd\u00f6r\u00edt. Eg\u00e9sz napos tart\u00f3ss\u00e1g. Nem ragad \u00f6ssze.","robots":{"index":"index","follow":"follow","max-snippet":"max-snippet:-1","max-image-preview":"max-image-preview:large","max-video-preview":"max-video-preview:-1"},"canonical":"https:\/\/www.eveline.hu\/2016\/eveline-kozmetikumok-szepsegapolas\/smink\/szem\/szempillaspiralok\/big-volume-explosion-szempillaspiral\/","og_locale":"hu_HU","og_type":"article","og_title":"Eveline kozmetikumok - BIG VOLUME EXPLOSION szempillaspir\u00e1l","og_description":"T\u00f6k\u00e9letesen takar minden szempill\u00e1t. Prec\u00edzen sz\u00e9tv\u00e1lasztja a szempill\u00e1kat. M\u00e9ly fekete sz\u00edn. G\u00f6nd\u00f6r\u00edt. Eg\u00e9sz napos tart\u00f3ss\u00e1g. Nem ragad \u00f6ssze.","og_url":"https:\/\/www.eveline.hu\/2016\/eveline-kozmetikumok-szepsegapolas\/smink\/szem\/szempillaspiralok\/big-volume-explosion-szempillaspiral\/","og_site_name":"Eveline Cosmetics Magyarorsz\u00e1g","article_modified_time":"2025-07-26T19:45:51+00:00","og_image":[{"width":750,"height":750,"url":"https:\/\/www.eveline.hu\/2016\/wp-content\/uploads\/2016\/01\/0043_eveline_barylka_big_volume_explosion_23-06-14.png","type":"image\/png"}],"twitter_card":"summary_large_image","twitter_title":"Eveline kozmetikumok - BIG VOLUME EXPLOSION szempillaspir\u00e1l","twitter_misc":{"Becs\u00fclt olvas\u00e1si id\u0151":"1 perc"},"schema":{"@context":"https:\/\/schema.org","@graph":[{"@type":"WebPage","@id":"https:\/\/www.eveline.hu\/2016\/eveline-kozmetikumok-szepsegapolas\/smink\/szem\/szempillaspiralok\/big-volume-explosion-szempillaspiral\/","url":"https:\/\/www.eveline.hu\/2016\/eveline-kozmetikumok-szepsegapolas\/smink\/szem\/szempillaspiralok\/big-volume-explosion-szempillaspiral\/","name":"BIG VOLUME EXPLOSION szempillaspir\u00e1l","isPartOf":{"@id":"https:\/\/www.eveline.hu\/2016\/#website"},"primaryImageOfPage":{"@id":"https:\/\/www.eveline.hu\/2016\/eveline-kozmetikumok-szepsegapolas\/smink\/szem\/szempillaspiralok\/big-volume-explosion-szempillaspiral\/#primaryimage"},"image":{"@id":"https:\/\/www.eveline.hu\/2016\/eveline-kozmetikumok-szepsegapolas\/smink\/szem\/szempillaspiralok\/big-volume-explosion-szempillaspiral\/#primaryimage"},"thumbnailUrl":"https:\/\/www.eveline.hu\/2016\/wp-content\/uploads\/2016\/01\/0043_eveline_barylka_big_volume_explosion_23-06-14.png","datePublished":"2016-01-28T17:02:52+00:00","dateModified":"2025-07-26T19:45:51+00:00","description":"T\u00f6k\u00e9letesen takar minden szempill\u00e1t. Prec\u00edzen sz\u00e9tv\u00e1lasztja a szempill\u00e1kat. M\u00e9ly fekete sz\u00edn. G\u00f6nd\u00f6r\u00edt. Eg\u00e9sz napos tart\u00f3ss\u00e1g. Nem ragad \u00f6ssze.","breadcrumb":{"@id":"https:\/\/www.eveline.hu\/2016\/eveline-kozmetikumok-szepsegapolas\/smink\/szem\/szempillaspiralok\/big-volume-explosion-szempillaspiral\/#breadcrumb"},"inLanguage":"hu","potentialAction":[{"@type":"ReadAction","target":["https:\/\/www.eveline.hu\/2016\/eveline-kozmetikumok-szepsegapolas\/smink\/szem\/szempillaspiralok\/big-volume-explosion-szempillaspiral\/"]}]},{"@type":"ImageObject","inLanguage":"hu","@id":"https:\/\/www.eveline.hu\/2016\/eveline-kozmetikumok-szepsegapolas\/smink\/szem\/szempillaspiralok\/big-volume-explosion-szempillaspiral\/#primaryimage","url":"https:\/\/www.eveline.hu\/2016\/wp-content\/uploads\/2016\/01\/0043_eveline_barylka_big_volume_explosion_23-06-14.png","contentUrl":"https:\/\/www.eveline.hu\/2016\/wp-content\/uploads\/2016\/01\/0043_eveline_barylka_big_volume_explosion_23-06-14.png","width":750,"height":750},{"@type":"BreadcrumbList","@id":"https:\/\/www.eveline.hu\/2016\/eveline-kozmetikumok-szepsegapolas\/smink\/szem\/szempillaspiralok\/big-volume-explosion-szempillaspiral\/#breadcrumb","itemListElement":[{"@type":"ListItem","position":1,"name":"Home","item":"https:\/\/www.eveline.hu\/2016\/"},{"@type":"ListItem","position":2,"name":"Term\u00e9kek","item":"https:\/\/www.eveline.hu\/2016\/shop\/"},{"@type":"ListItem","position":3,"name":"BIG VOLUME EXPLOSION szempillaspir\u00e1l 11ml"}]},{"@type":"WebSite","@id":"https:\/\/www.eveline.hu\/2016\/#website","url":"https:\/\/www.eveline.hu\/2016\/","name":"Eveline Cosmetics Magyarorsz\u00e1g","description":"Min\u0151s\u00e9gi kozmetikumok Lengyelorsz\u00e1gb\u00f3l","potentialAction":[{"@type":"SearchAction","target":{"@type":"EntryPoint","urlTemplate":"https:\/\/www.eveline.hu\/2016\/?s={search_term_string}"},"query-input":"required name=search_term_string"}],"inLanguage":"hu"}]}},"_links":{"self":[{"href":"https:\/\/www.eveline.hu\/2016\/wp-json\/wp\/v2\/product\/20989"}],"collection":[{"href":"https:\/\/www.eveline.hu\/2016\/wp-json\/wp\/v2\/product"}],"about":[{"href":"https:\/\/www.eveline.hu\/2016\/wp-json\/wp\/v2\/types\/product"}],"replies":[{"embeddable":true,"href":"https:\/\/www.eveline.hu\/2016\/wp-json\/wp\/v2\/comments?post=20989"}],"wp:featuredmedia":[{"embeddable":true,"href":"https:\/\/www.eveline.hu\/2016\/wp-json\/wp\/v2\/media\/21375"}],"wp:attachment":[{"href":"https:\/\/www.eveline.hu\/2016\/wp-json\/wp\/v2\/media?parent=20989"}],"wp:term":[{"taxonomy":"product_cat","embeddable":true,"href":"https:\/\/www.eveline.hu\/2016\/wp-json\/wp\/v2\/product_cat?post=20989"},{"taxonomy":"product_tag","embeddable":true,"href":"https:\/\/www.eveline.hu\/2016\/wp-json\/wp\/v2\/product_tag?post=20989"}],"curies":[{"name":"wp","href":"https:\/\/api.w.org\/{rel}","templated":true}]}}