{"id":20930,"date":"2016-01-28T18:01:40","date_gmt":"2016-01-28T17:01:40","guid":{"rendered":"http:\/\/www.eveline.hu\/2016\/eveline-kozmetikumok-szepsegapolas\/nem-kategorizalt\/argan-makadamia-feszesito-es-hidratalo-testapolo-350ml\/"},"modified":"2023-05-19T13:07:15","modified_gmt":"2023-05-19T11:07:15","slug":"argan-makadamia-feszesito-es-hidratalo-testapolo-350ml","status":"publish","type":"product","link":"https:\/\/www.eveline.hu\/2016\/eveline-kozmetikumok-szepsegapolas\/szepsegapolas\/testapolas\/argan-makadamia-feszesito-es-hidratalo-testapolo-350ml\/","title":{"rendered":"Arg\u00e1n+Makad\u00e1mia Feszes\u00edt\u0151 \u00e9s Hidrat\u00e1l\u00f3 Test\u00e1pol\u00f3 350ml"},"content":{"rendered":"<p>350ml ( 5711 Ft\/L )<\/p>\n<p><strong>Argan + Macadamia Feszes\u00edt\u0151 \u00e9s Hidrat\u00e1l\u00f3 Test\u00e1pol\u00f3<\/strong><br \/>\n<em>sz\u00e1raz \u00e9s feszess\u00e9g\u00e9t vesztett b\u0151rre<\/em><br \/>\nT\u00f6k\u00e9letesen meger\u0151s\u00edti a b\u0151r strukt\u00far\u00e1j\u00e1t, helyre\u00e1ll\u00edtja t\u00f6m\u00f6rs\u00e9g\u00e9t \u00e9s rugalmass\u00e1g\u00e1t. Ide\u00e1lisan feszes\u00edt, form\u00e1z, hidrat\u00e1l \u00e9s t\u00e1pl\u00e1l, biztos\u00edtva a b\u0151rnek a komplex \u00e1pol\u00e1st. B\u00e1rsonyos formul\u00e1ja k\u00f6nnyen sz\u00e9tkenhet\u0151 \u00e9s gyorsan felsz\u00edv\u00f3dik, feszesebb\u00e9 \u00e9s b\u00e1rsonyosan sim\u00e1v\u00e1 t\u00e9ve a b\u0151rt.<br \/>\n<strong>Arg\u00e1n olaj<\/strong> jav\u00edtja a b\u0151r feszess\u00e9g\u00e9t \u00e9s rugalmass\u00e1g\u00e1t valamint intenz\u00edven t\u00e1pl\u00e1lja \u00e9s regener\u00e1lja.<br \/>\n<strong>Makad\u00e1mia olaj<\/strong> intenz\u00edv feszes\u00edt\u00f5 tulajdons\u00e1g\u00fa, serkenti a mikrokering\u00e9st.<br \/>\n<strong>Hialuronsav<\/strong> hosszantart\u00f3an hidrat\u00e1lja a b\u0151rt, helyre\u00e1ll\u00edtja rugalmass\u00e1g\u00e1t \u00e9s a megfelel\u0151 feszess\u00e9get.<br \/>\n<strong>Shea vaj<\/strong> a retinol term\u00e9szetes forr\u00e1sa, amelynek kiv\u00e1l\u00f3 b\u0151r helyre\u00e1ll\u00edt\u00f3 \u00e9s jav\u00edt\u00f3 tulajdons\u00e1gai vannak.<br \/>\n<strong>Laminaria alg\u00e1k<\/strong> t\u00e1mogatj\u00e1k a kollag\u00e9n szint\u00e9zis\u00e9t, \u00e9s felgyors\u00edtj\u00e1k a sejtek meg\u00fajul\u00e1s\u00e1t.<\/p>\n<p>\u00f6sszetev\u0151k: Aqua (Water) Glycine Soja Oil Glycerin Dimethicone Octyldodecanol Urea Macadamia Ternifolia Seed Oil Argania Spinosa Kernel Oil Butyrospermum Parkii Butter Dicaprylyl Carbonate Centella Asiatica Leaf Extract Equisetum Arvense Leaf Extract Laminaria Hyperborea Extract Sodium Hyaluronate Allantoin Panthenol Glucose Isopropyl Myristate Olus Oil Betaine Acrylates\/C10-30 Alkyl Acrylate Crosspolymer Triethanolamine PEG-75 Lanolin Tocopheryl Acetate Phenoxyethanol DMDM Hydantoin Methylparaben Potassium Sorbate Sodium Benzoate Sodium Citrate Tocopherol Citric Acid Sorbic Acid Propylene Glycol Butylparaben Ethylparaben Butylene Glycol Disodium EDTA Propylparaben Parfum (Fragrance).<\/p>\n","protected":false},"excerpt":{"rendered":"<p>350ml ( 5140 Ft\/l )<\/p>\n<p>T\u00f6k\u00e9letesen meger\u00f5s\u00edti a b\u00f5r strukt\u00far\u00e1j\u00e1t, helyre\u00e1ll\u00edtja t\u00f6m\u00f6rs\u00e9g\u00e9t \u00e9s rugalmass\u00e1g\u00e1t&#8230;<\/p>\n","protected":false},"featured_media":29625,"comment_status":"open","ping_status":"closed","template":"","meta":[],"product_cat":[125,127,81],"product_tag":[],"yoast_head":"<!-- This site is optimized with the Yoast SEO plugin v22.2 - https:\/\/yoast.com\/wordpress\/plugins\/seo\/ -->\n<title>Arg\u00e1n+Makad\u00e1mia Feszes\u00edt\u00f5 \u00e9s Hidrat\u00e1l\u00f3 Test\u00e1pol\u00f3 350ml<\/title>\n<meta name=\"description\" content=\"T\u00f6k\u00e9letesen meger\u00f5s\u00edti a b\u00f5r strukt\u00far\u00e1j\u00e1t, helyre\u00e1ll\u00edtja t\u00f6m\u00f6rs\u00e9g\u00e9t \u00e9s rugalmass\u00e1g\u00e1t...\" \/>\n<meta name=\"robots\" content=\"index, follow, max-snippet:-1, max-image-preview:large, max-video-preview:-1\" \/>\n<link rel=\"canonical\" href=\"https:\/\/www.eveline.hu\/2016\/eveline-kozmetikumok-szepsegapolas\/szepsegapolas\/testapolas\/argan-makadamia-feszesito-es-hidratalo-testapolo-350ml\/\" \/>\n<meta property=\"og:locale\" content=\"hu_HU\" \/>\n<meta property=\"og:type\" content=\"article\" \/>\n<meta property=\"og:title\" content=\"Eveline kozmetikumok - Arg\u00e1n+Makad\u00e1mia Feszes\u00edt\u00f5 \u00e9s Hidrat\u00e1l\u00f3 Test\u00e1pol\u00f3 350ml\" \/>\n<meta property=\"og:description\" content=\"T\u00f6k\u00e9letesen meger\u00f5s\u00edti a b\u00f5r strukt\u00far\u00e1j\u00e1t, helyre\u00e1ll\u00edtja t\u00f6m\u00f6rs\u00e9g\u00e9t \u00e9s rugalmass\u00e1g\u00e1t...\" \/>\n<meta property=\"og:url\" content=\"https:\/\/www.eveline.hu\/2016\/eveline-kozmetikumok-szepsegapolas\/szepsegapolas\/testapolas\/argan-makadamia-feszesito-es-hidratalo-testapolo-350ml\/\" \/>\n<meta property=\"og:site_name\" content=\"Eveline Cosmetics Magyarorsz\u00e1g\" \/>\n<meta property=\"article:modified_time\" content=\"2023-05-19T11:07:15+00:00\" \/>\n<meta property=\"og:image\" content=\"https:\/\/www.eveline.hu\/2016\/wp-content\/uploads\/2016\/01\/Arg\u00e1n-olajoos-test\u00e1p.png\" \/>\n\t<meta property=\"og:image:width\" content=\"750\" \/>\n\t<meta property=\"og:image:height\" content=\"750\" \/>\n\t<meta property=\"og:image:type\" content=\"image\/png\" \/>\n<meta name=\"twitter:card\" content=\"summary_large_image\" \/>\n<meta name=\"twitter:title\" content=\"Eveline kozmetikumok - Arg\u00e1n+Makad\u00e1mia Feszes\u00edt\u00f5 \u00e9s Hidrat\u00e1l\u00f3 Test\u00e1pol\u00f3 350ml\" \/>\n<meta name=\"twitter:label1\" content=\"Becs\u00fclt olvas\u00e1si id\u0151\" \/>\n\t<meta name=\"twitter:data1\" content=\"1 perc\" \/>\n<script type=\"application\/ld+json\" class=\"yoast-schema-graph\">{\"@context\":\"https:\/\/schema.org\",\"@graph\":[{\"@type\":\"WebPage\",\"@id\":\"https:\/\/www.eveline.hu\/2016\/eveline-kozmetikumok-szepsegapolas\/szepsegapolas\/testapolas\/argan-makadamia-feszesito-es-hidratalo-testapolo-350ml\/\",\"url\":\"https:\/\/www.eveline.hu\/2016\/eveline-kozmetikumok-szepsegapolas\/szepsegapolas\/testapolas\/argan-makadamia-feszesito-es-hidratalo-testapolo-350ml\/\",\"name\":\"Arg\u00e1n+Makad\u00e1mia Feszes\u00edt\u00f5 \u00e9s Hidrat\u00e1l\u00f3 Test\u00e1pol\u00f3 350ml\",\"isPartOf\":{\"@id\":\"https:\/\/www.eveline.hu\/2016\/#website\"},\"primaryImageOfPage\":{\"@id\":\"https:\/\/www.eveline.hu\/2016\/eveline-kozmetikumok-szepsegapolas\/szepsegapolas\/testapolas\/argan-makadamia-feszesito-es-hidratalo-testapolo-350ml\/#primaryimage\"},\"image\":{\"@id\":\"https:\/\/www.eveline.hu\/2016\/eveline-kozmetikumok-szepsegapolas\/szepsegapolas\/testapolas\/argan-makadamia-feszesito-es-hidratalo-testapolo-350ml\/#primaryimage\"},\"thumbnailUrl\":\"https:\/\/www.eveline.hu\/2016\/wp-content\/uploads\/2016\/01\/Arg\u00e1n-olajoos-test\u00e1p.png\",\"datePublished\":\"2016-01-28T17:01:40+00:00\",\"dateModified\":\"2023-05-19T11:07:15+00:00\",\"description\":\"T\u00f6k\u00e9letesen meger\u00f5s\u00edti a b\u00f5r strukt\u00far\u00e1j\u00e1t, helyre\u00e1ll\u00edtja t\u00f6m\u00f6rs\u00e9g\u00e9t \u00e9s rugalmass\u00e1g\u00e1t...\",\"breadcrumb\":{\"@id\":\"https:\/\/www.eveline.hu\/2016\/eveline-kozmetikumok-szepsegapolas\/szepsegapolas\/testapolas\/argan-makadamia-feszesito-es-hidratalo-testapolo-350ml\/#breadcrumb\"},\"inLanguage\":\"hu\",\"potentialAction\":[{\"@type\":\"ReadAction\",\"target\":[\"https:\/\/www.eveline.hu\/2016\/eveline-kozmetikumok-szepsegapolas\/szepsegapolas\/testapolas\/argan-makadamia-feszesito-es-hidratalo-testapolo-350ml\/\"]}]},{\"@type\":\"ImageObject\",\"inLanguage\":\"hu\",\"@id\":\"https:\/\/www.eveline.hu\/2016\/eveline-kozmetikumok-szepsegapolas\/szepsegapolas\/testapolas\/argan-makadamia-feszesito-es-hidratalo-testapolo-350ml\/#primaryimage\",\"url\":\"https:\/\/www.eveline.hu\/2016\/wp-content\/uploads\/2016\/01\/Arg\u00e1n-olajoos-test\u00e1p.png\",\"contentUrl\":\"https:\/\/www.eveline.hu\/2016\/wp-content\/uploads\/2016\/01\/Arg\u00e1n-olajoos-test\u00e1p.png\",\"width\":750,\"height\":750},{\"@type\":\"BreadcrumbList\",\"@id\":\"https:\/\/www.eveline.hu\/2016\/eveline-kozmetikumok-szepsegapolas\/szepsegapolas\/testapolas\/argan-makadamia-feszesito-es-hidratalo-testapolo-350ml\/#breadcrumb\",\"itemListElement\":[{\"@type\":\"ListItem\",\"position\":1,\"name\":\"Home\",\"item\":\"https:\/\/www.eveline.hu\/2016\/\"},{\"@type\":\"ListItem\",\"position\":2,\"name\":\"Term\u00e9kek\",\"item\":\"https:\/\/www.eveline.hu\/2016\/shop\/\"},{\"@type\":\"ListItem\",\"position\":3,\"name\":\"Arg\u00e1n+Makad\u00e1mia Feszes\u00edt\u0151 \u00e9s Hidrat\u00e1l\u00f3 Test\u00e1pol\u00f3 350ml\"}]},{\"@type\":\"WebSite\",\"@id\":\"https:\/\/www.eveline.hu\/2016\/#website\",\"url\":\"https:\/\/www.eveline.hu\/2016\/\",\"name\":\"Eveline Cosmetics Magyarorsz\u00e1g\",\"description\":\"Min\u0151s\u00e9gi kozmetikumok Lengyelorsz\u00e1gb\u00f3l\",\"potentialAction\":[{\"@type\":\"SearchAction\",\"target\":{\"@type\":\"EntryPoint\",\"urlTemplate\":\"https:\/\/www.eveline.hu\/2016\/?s={search_term_string}\"},\"query-input\":\"required name=search_term_string\"}],\"inLanguage\":\"hu\"}]}<\/script>\n<!-- \/ Yoast SEO plugin. -->","yoast_head_json":{"title":"Arg\u00e1n+Makad\u00e1mia Feszes\u00edt\u00f5 \u00e9s Hidrat\u00e1l\u00f3 Test\u00e1pol\u00f3 350ml","description":"T\u00f6k\u00e9letesen meger\u00f5s\u00edti a b\u00f5r strukt\u00far\u00e1j\u00e1t, helyre\u00e1ll\u00edtja t\u00f6m\u00f6rs\u00e9g\u00e9t \u00e9s rugalmass\u00e1g\u00e1t...","robots":{"index":"index","follow":"follow","max-snippet":"max-snippet:-1","max-image-preview":"max-image-preview:large","max-video-preview":"max-video-preview:-1"},"canonical":"https:\/\/www.eveline.hu\/2016\/eveline-kozmetikumok-szepsegapolas\/szepsegapolas\/testapolas\/argan-makadamia-feszesito-es-hidratalo-testapolo-350ml\/","og_locale":"hu_HU","og_type":"article","og_title":"Eveline kozmetikumok - Arg\u00e1n+Makad\u00e1mia Feszes\u00edt\u00f5 \u00e9s Hidrat\u00e1l\u00f3 Test\u00e1pol\u00f3 350ml","og_description":"T\u00f6k\u00e9letesen meger\u00f5s\u00edti a b\u00f5r strukt\u00far\u00e1j\u00e1t, helyre\u00e1ll\u00edtja t\u00f6m\u00f6rs\u00e9g\u00e9t \u00e9s rugalmass\u00e1g\u00e1t...","og_url":"https:\/\/www.eveline.hu\/2016\/eveline-kozmetikumok-szepsegapolas\/szepsegapolas\/testapolas\/argan-makadamia-feszesito-es-hidratalo-testapolo-350ml\/","og_site_name":"Eveline Cosmetics Magyarorsz\u00e1g","article_modified_time":"2023-05-19T11:07:15+00:00","og_image":[{"width":750,"height":750,"url":"https:\/\/www.eveline.hu\/2016\/wp-content\/uploads\/2016\/01\/Arg\u00e1n-olajoos-test\u00e1p.png","type":"image\/png"}],"twitter_card":"summary_large_image","twitter_title":"Eveline kozmetikumok - Arg\u00e1n+Makad\u00e1mia Feszes\u00edt\u00f5 \u00e9s Hidrat\u00e1l\u00f3 Test\u00e1pol\u00f3 350ml","twitter_misc":{"Becs\u00fclt olvas\u00e1si id\u0151":"1 perc"},"schema":{"@context":"https:\/\/schema.org","@graph":[{"@type":"WebPage","@id":"https:\/\/www.eveline.hu\/2016\/eveline-kozmetikumok-szepsegapolas\/szepsegapolas\/testapolas\/argan-makadamia-feszesito-es-hidratalo-testapolo-350ml\/","url":"https:\/\/www.eveline.hu\/2016\/eveline-kozmetikumok-szepsegapolas\/szepsegapolas\/testapolas\/argan-makadamia-feszesito-es-hidratalo-testapolo-350ml\/","name":"Arg\u00e1n+Makad\u00e1mia Feszes\u00edt\u00f5 \u00e9s Hidrat\u00e1l\u00f3 Test\u00e1pol\u00f3 350ml","isPartOf":{"@id":"https:\/\/www.eveline.hu\/2016\/#website"},"primaryImageOfPage":{"@id":"https:\/\/www.eveline.hu\/2016\/eveline-kozmetikumok-szepsegapolas\/szepsegapolas\/testapolas\/argan-makadamia-feszesito-es-hidratalo-testapolo-350ml\/#primaryimage"},"image":{"@id":"https:\/\/www.eveline.hu\/2016\/eveline-kozmetikumok-szepsegapolas\/szepsegapolas\/testapolas\/argan-makadamia-feszesito-es-hidratalo-testapolo-350ml\/#primaryimage"},"thumbnailUrl":"https:\/\/www.eveline.hu\/2016\/wp-content\/uploads\/2016\/01\/Arg\u00e1n-olajoos-test\u00e1p.png","datePublished":"2016-01-28T17:01:40+00:00","dateModified":"2023-05-19T11:07:15+00:00","description":"T\u00f6k\u00e9letesen meger\u00f5s\u00edti a b\u00f5r strukt\u00far\u00e1j\u00e1t, helyre\u00e1ll\u00edtja t\u00f6m\u00f6rs\u00e9g\u00e9t \u00e9s rugalmass\u00e1g\u00e1t...","breadcrumb":{"@id":"https:\/\/www.eveline.hu\/2016\/eveline-kozmetikumok-szepsegapolas\/szepsegapolas\/testapolas\/argan-makadamia-feszesito-es-hidratalo-testapolo-350ml\/#breadcrumb"},"inLanguage":"hu","potentialAction":[{"@type":"ReadAction","target":["https:\/\/www.eveline.hu\/2016\/eveline-kozmetikumok-szepsegapolas\/szepsegapolas\/testapolas\/argan-makadamia-feszesito-es-hidratalo-testapolo-350ml\/"]}]},{"@type":"ImageObject","inLanguage":"hu","@id":"https:\/\/www.eveline.hu\/2016\/eveline-kozmetikumok-szepsegapolas\/szepsegapolas\/testapolas\/argan-makadamia-feszesito-es-hidratalo-testapolo-350ml\/#primaryimage","url":"https:\/\/www.eveline.hu\/2016\/wp-content\/uploads\/2016\/01\/Arg\u00e1n-olajoos-test\u00e1p.png","contentUrl":"https:\/\/www.eveline.hu\/2016\/wp-content\/uploads\/2016\/01\/Arg\u00e1n-olajoos-test\u00e1p.png","width":750,"height":750},{"@type":"BreadcrumbList","@id":"https:\/\/www.eveline.hu\/2016\/eveline-kozmetikumok-szepsegapolas\/szepsegapolas\/testapolas\/argan-makadamia-feszesito-es-hidratalo-testapolo-350ml\/#breadcrumb","itemListElement":[{"@type":"ListItem","position":1,"name":"Home","item":"https:\/\/www.eveline.hu\/2016\/"},{"@type":"ListItem","position":2,"name":"Term\u00e9kek","item":"https:\/\/www.eveline.hu\/2016\/shop\/"},{"@type":"ListItem","position":3,"name":"Arg\u00e1n+Makad\u00e1mia Feszes\u00edt\u0151 \u00e9s Hidrat\u00e1l\u00f3 Test\u00e1pol\u00f3 350ml"}]},{"@type":"WebSite","@id":"https:\/\/www.eveline.hu\/2016\/#website","url":"https:\/\/www.eveline.hu\/2016\/","name":"Eveline Cosmetics Magyarorsz\u00e1g","description":"Min\u0151s\u00e9gi kozmetikumok Lengyelorsz\u00e1gb\u00f3l","potentialAction":[{"@type":"SearchAction","target":{"@type":"EntryPoint","urlTemplate":"https:\/\/www.eveline.hu\/2016\/?s={search_term_string}"},"query-input":"required name=search_term_string"}],"inLanguage":"hu"}]}},"_links":{"self":[{"href":"https:\/\/www.eveline.hu\/2016\/wp-json\/wp\/v2\/product\/20930"}],"collection":[{"href":"https:\/\/www.eveline.hu\/2016\/wp-json\/wp\/v2\/product"}],"about":[{"href":"https:\/\/www.eveline.hu\/2016\/wp-json\/wp\/v2\/types\/product"}],"replies":[{"embeddable":true,"href":"https:\/\/www.eveline.hu\/2016\/wp-json\/wp\/v2\/comments?post=20930"}],"wp:featuredmedia":[{"embeddable":true,"href":"https:\/\/www.eveline.hu\/2016\/wp-json\/wp\/v2\/media\/29625"}],"wp:attachment":[{"href":"https:\/\/www.eveline.hu\/2016\/wp-json\/wp\/v2\/media?parent=20930"}],"wp:term":[{"taxonomy":"product_cat","embeddable":true,"href":"https:\/\/www.eveline.hu\/2016\/wp-json\/wp\/v2\/product_cat?post=20930"},{"taxonomy":"product_tag","embeddable":true,"href":"https:\/\/www.eveline.hu\/2016\/wp-json\/wp\/v2\/product_tag?post=20930"}],"curies":[{"name":"wp","href":"https:\/\/api.w.org\/{rel}","templated":true}]}}