{"id":20913,"date":"2016-01-28T18:01:15","date_gmt":"2016-01-28T17:01:15","guid":{"rendered":"http:\/\/www.eveline.hu\/2016\/eveline-kozmetikumok-szepsegapolas\/nem-kategorizalt\/white-prestige-4d-feherito-ejszakai-krem-50ml\/"},"modified":"2022-12-09T11:50:05","modified_gmt":"2022-12-09T10:50:05","slug":"white-prestige-4d-feherito-ejszakai-krem-50ml","status":"publish","type":"product","link":"https:\/\/www.eveline.hu\/2016\/eveline-kozmetikumok-szepsegapolas\/szepsegapolas\/arcapolas\/white-prestige-4d-feherito-ejszakai-krem-50ml\/","title":{"rendered":"White Prestige 4D Feh\u00e9r\u00edt\u0151 \u00c9jszakai kr\u00e9m 50ml"},"content":{"rendered":"<p><strong>White Prestige 4D Feh\u00e9r\u00edt\u0151 \u00e9jszakai kr\u00e9m<\/strong><br \/>\n<em>Vil\u00e1gos\u00edt \u00e9s regener\u00e1l.\u00a0<\/em>K\u00f6nny\u0171 \u00e9s nem zs\u00edros formula.<br \/>\nFeh\u00e9r\u00edt \u00e9s vil\u00e1gos\u00edt: A Feh\u00e9r\u00edt\u0151 \u00e9jszakai kr\u00e9m egyedi <strong>Lumiskin \u0099 4D White Complex<\/strong> technol\u00f3gi\u00e1n alapul, el\u0151seg\u00edti a sejtek meg\u00fajul\u00e1s\u00e1t, k\u00e9slelteti \u00e9s g\u00e1tolja a s\u00f6t\u00e9t foltok kialakul\u00e1s\u00e1t, a b\u0151rt rendben \u00e9s hidrat\u00e1ltan tartja. Az akt\u00edv formula stimul\u00e1lja a term\u00e9szetes mechanizmusokat a b\u0151rben, intenz\u00edv frissess\u00e9get \u00e9s eg\u00e9szs\u00e9ges ragyog\u00e1st adva neki.<br \/>\nA kr\u00e9m k\u00f6nnyen felhordhat\u00f3 \u00e9s gyorsan felsz\u00edv\u00f3dik.<br \/>\n<span style=\"text-decoration: underline;\">Akt\u00edv \u00f6sszetev\u0151k:<\/span> Lumiskin \u0099 &#8211; k\u00e9slelteti\u00a0 a melanin szint\u00e9zist, amely felhalmoz\u00f3dik a hiperpigment\u00e1lt ter\u00fcleteken, vil\u00e1gos\u00edtja az arcb\u0151rt. Hialuronsav \u0096 intenz\u00edven hidrat\u00e1lja a b\u0151rt, puha, rugalmas \u00e9s b\u00e1rsonyosan sima lesz.\u00a0Arg\u00e1n olaj \u0096 csillap\u00edt\u00f3 hat\u00e1s\u00fa \u00e9s seg\u00edt helyre\u00e1ll\u00edtani a b\u0151r hidrolipid r\u00e9teg\u00e9t.<br \/>\nLipomoist \u0099 &#8211; t\u00f6k\u00e9letesen hidrat\u00e1lja \u00e9s megakad\u00e1lyozza a v\u00edzvesztes\u00e9get a b\u0151r legm\u00e9lyebb r\u00e9tegeiben.<\/p>\n","protected":false},"excerpt":{"rendered":"<p>50ml ( 55500 Ft\/ l)<\/p>\n","protected":false},"featured_media":27876,"comment_status":"open","ping_status":"closed","template":"","meta":[],"product_cat":[125,126,94],"product_tag":[],"yoast_head":"<!-- This site is optimized with the Yoast SEO plugin v22.2 - https:\/\/yoast.com\/wordpress\/plugins\/seo\/ -->\n<title>White Prestige 4D Feh\u00e9r\u00edt\u00f5 \u00c9jszakai kr\u00e9m 50ml<\/title>\n<meta name=\"description\" content=\"Vil\u00e1gos\u00edt \u00e9s regener\u00e1l.\" \/>\n<meta name=\"robots\" content=\"index, follow, max-snippet:-1, max-image-preview:large, max-video-preview:-1\" \/>\n<link rel=\"canonical\" href=\"https:\/\/www.eveline.hu\/2016\/eveline-kozmetikumok-szepsegapolas\/szepsegapolas\/arcapolas\/white-prestige-4d-feherito-ejszakai-krem-50ml\/\" \/>\n<meta property=\"og:locale\" content=\"hu_HU\" \/>\n<meta property=\"og:type\" content=\"article\" \/>\n<meta property=\"og:title\" content=\"Eveline kozmetikumok - White Prestige 4D Feh\u00e9r\u00edt\u00f5 \u00c9jszakai kr\u00e9m 50ml\" \/>\n<meta property=\"og:description\" content=\"Vil\u00e1gos\u00edt \u00e9s regener\u00e1l.\" \/>\n<meta property=\"og:url\" content=\"https:\/\/www.eveline.hu\/2016\/eveline-kozmetikumok-szepsegapolas\/szepsegapolas\/arcapolas\/white-prestige-4d-feherito-ejszakai-krem-50ml\/\" \/>\n<meta property=\"og:site_name\" content=\"Eveline Cosmetics Magyarorsz\u00e1g\" \/>\n<meta property=\"article:modified_time\" content=\"2022-12-09T10:50:05+00:00\" \/>\n<meta property=\"og:image\" content=\"https:\/\/www.eveline.hu\/2016\/wp-content\/uploads\/2016\/01\/WHITE-PRESTIGE-4D-NIGHT-CREAM-50-ML-w.png\" \/>\n\t<meta property=\"og:image:width\" content=\"750\" \/>\n\t<meta property=\"og:image:height\" content=\"750\" \/>\n\t<meta property=\"og:image:type\" content=\"image\/png\" \/>\n<meta name=\"twitter:card\" content=\"summary_large_image\" \/>\n<meta name=\"twitter:title\" content=\"Eveline kozmetikumok - White Prestige 4D Feh\u00e9r\u00edt\u00f5 \u00c9jszakai kr\u00e9m 50ml\" \/>\n<meta name=\"twitter:label1\" content=\"Becs\u00fclt olvas\u00e1si id\u0151\" \/>\n\t<meta name=\"twitter:data1\" content=\"1 perc\" \/>\n<script type=\"application\/ld+json\" class=\"yoast-schema-graph\">{\"@context\":\"https:\/\/schema.org\",\"@graph\":[{\"@type\":\"WebPage\",\"@id\":\"https:\/\/www.eveline.hu\/2016\/eveline-kozmetikumok-szepsegapolas\/szepsegapolas\/arcapolas\/white-prestige-4d-feherito-ejszakai-krem-50ml\/\",\"url\":\"https:\/\/www.eveline.hu\/2016\/eveline-kozmetikumok-szepsegapolas\/szepsegapolas\/arcapolas\/white-prestige-4d-feherito-ejszakai-krem-50ml\/\",\"name\":\"White Prestige 4D Feh\u00e9r\u00edt\u00f5 \u00c9jszakai kr\u00e9m 50ml\",\"isPartOf\":{\"@id\":\"https:\/\/www.eveline.hu\/2016\/#website\"},\"primaryImageOfPage\":{\"@id\":\"https:\/\/www.eveline.hu\/2016\/eveline-kozmetikumok-szepsegapolas\/szepsegapolas\/arcapolas\/white-prestige-4d-feherito-ejszakai-krem-50ml\/#primaryimage\"},\"image\":{\"@id\":\"https:\/\/www.eveline.hu\/2016\/eveline-kozmetikumok-szepsegapolas\/szepsegapolas\/arcapolas\/white-prestige-4d-feherito-ejszakai-krem-50ml\/#primaryimage\"},\"thumbnailUrl\":\"https:\/\/www.eveline.hu\/2016\/wp-content\/uploads\/2016\/01\/WHITE-PRESTIGE-4D-NIGHT-CREAM-50-ML-w.png\",\"datePublished\":\"2016-01-28T17:01:15+00:00\",\"dateModified\":\"2022-12-09T10:50:05+00:00\",\"description\":\"Vil\u00e1gos\u00edt \u00e9s regener\u00e1l.\",\"breadcrumb\":{\"@id\":\"https:\/\/www.eveline.hu\/2016\/eveline-kozmetikumok-szepsegapolas\/szepsegapolas\/arcapolas\/white-prestige-4d-feherito-ejszakai-krem-50ml\/#breadcrumb\"},\"inLanguage\":\"hu\",\"potentialAction\":[{\"@type\":\"ReadAction\",\"target\":[\"https:\/\/www.eveline.hu\/2016\/eveline-kozmetikumok-szepsegapolas\/szepsegapolas\/arcapolas\/white-prestige-4d-feherito-ejszakai-krem-50ml\/\"]}]},{\"@type\":\"ImageObject\",\"inLanguage\":\"hu\",\"@id\":\"https:\/\/www.eveline.hu\/2016\/eveline-kozmetikumok-szepsegapolas\/szepsegapolas\/arcapolas\/white-prestige-4d-feherito-ejszakai-krem-50ml\/#primaryimage\",\"url\":\"https:\/\/www.eveline.hu\/2016\/wp-content\/uploads\/2016\/01\/WHITE-PRESTIGE-4D-NIGHT-CREAM-50-ML-w.png\",\"contentUrl\":\"https:\/\/www.eveline.hu\/2016\/wp-content\/uploads\/2016\/01\/WHITE-PRESTIGE-4D-NIGHT-CREAM-50-ML-w.png\",\"width\":750,\"height\":750},{\"@type\":\"BreadcrumbList\",\"@id\":\"https:\/\/www.eveline.hu\/2016\/eveline-kozmetikumok-szepsegapolas\/szepsegapolas\/arcapolas\/white-prestige-4d-feherito-ejszakai-krem-50ml\/#breadcrumb\",\"itemListElement\":[{\"@type\":\"ListItem\",\"position\":1,\"name\":\"Home\",\"item\":\"https:\/\/www.eveline.hu\/2016\/\"},{\"@type\":\"ListItem\",\"position\":2,\"name\":\"Term\u00e9kek\",\"item\":\"https:\/\/www.eveline.hu\/2016\/shop\/\"},{\"@type\":\"ListItem\",\"position\":3,\"name\":\"White Prestige 4D Feh\u00e9r\u00edt\u0151 \u00c9jszakai kr\u00e9m 50ml\"}]},{\"@type\":\"WebSite\",\"@id\":\"https:\/\/www.eveline.hu\/2016\/#website\",\"url\":\"https:\/\/www.eveline.hu\/2016\/\",\"name\":\"Eveline Cosmetics Magyarorsz\u00e1g\",\"description\":\"Min\u0151s\u00e9gi kozmetikumok Lengyelorsz\u00e1gb\u00f3l\",\"potentialAction\":[{\"@type\":\"SearchAction\",\"target\":{\"@type\":\"EntryPoint\",\"urlTemplate\":\"https:\/\/www.eveline.hu\/2016\/?s={search_term_string}\"},\"query-input\":\"required name=search_term_string\"}],\"inLanguage\":\"hu\"}]}<\/script>\n<!-- \/ Yoast SEO plugin. -->","yoast_head_json":{"title":"White Prestige 4D Feh\u00e9r\u00edt\u00f5 \u00c9jszakai kr\u00e9m 50ml","description":"Vil\u00e1gos\u00edt \u00e9s regener\u00e1l.","robots":{"index":"index","follow":"follow","max-snippet":"max-snippet:-1","max-image-preview":"max-image-preview:large","max-video-preview":"max-video-preview:-1"},"canonical":"https:\/\/www.eveline.hu\/2016\/eveline-kozmetikumok-szepsegapolas\/szepsegapolas\/arcapolas\/white-prestige-4d-feherito-ejszakai-krem-50ml\/","og_locale":"hu_HU","og_type":"article","og_title":"Eveline kozmetikumok - White Prestige 4D Feh\u00e9r\u00edt\u00f5 \u00c9jszakai kr\u00e9m 50ml","og_description":"Vil\u00e1gos\u00edt \u00e9s regener\u00e1l.","og_url":"https:\/\/www.eveline.hu\/2016\/eveline-kozmetikumok-szepsegapolas\/szepsegapolas\/arcapolas\/white-prestige-4d-feherito-ejszakai-krem-50ml\/","og_site_name":"Eveline Cosmetics Magyarorsz\u00e1g","article_modified_time":"2022-12-09T10:50:05+00:00","og_image":[{"width":750,"height":750,"url":"https:\/\/www.eveline.hu\/2016\/wp-content\/uploads\/2016\/01\/WHITE-PRESTIGE-4D-NIGHT-CREAM-50-ML-w.png","type":"image\/png"}],"twitter_card":"summary_large_image","twitter_title":"Eveline kozmetikumok - White Prestige 4D Feh\u00e9r\u00edt\u00f5 \u00c9jszakai kr\u00e9m 50ml","twitter_misc":{"Becs\u00fclt olvas\u00e1si id\u0151":"1 perc"},"schema":{"@context":"https:\/\/schema.org","@graph":[{"@type":"WebPage","@id":"https:\/\/www.eveline.hu\/2016\/eveline-kozmetikumok-szepsegapolas\/szepsegapolas\/arcapolas\/white-prestige-4d-feherito-ejszakai-krem-50ml\/","url":"https:\/\/www.eveline.hu\/2016\/eveline-kozmetikumok-szepsegapolas\/szepsegapolas\/arcapolas\/white-prestige-4d-feherito-ejszakai-krem-50ml\/","name":"White Prestige 4D Feh\u00e9r\u00edt\u00f5 \u00c9jszakai kr\u00e9m 50ml","isPartOf":{"@id":"https:\/\/www.eveline.hu\/2016\/#website"},"primaryImageOfPage":{"@id":"https:\/\/www.eveline.hu\/2016\/eveline-kozmetikumok-szepsegapolas\/szepsegapolas\/arcapolas\/white-prestige-4d-feherito-ejszakai-krem-50ml\/#primaryimage"},"image":{"@id":"https:\/\/www.eveline.hu\/2016\/eveline-kozmetikumok-szepsegapolas\/szepsegapolas\/arcapolas\/white-prestige-4d-feherito-ejszakai-krem-50ml\/#primaryimage"},"thumbnailUrl":"https:\/\/www.eveline.hu\/2016\/wp-content\/uploads\/2016\/01\/WHITE-PRESTIGE-4D-NIGHT-CREAM-50-ML-w.png","datePublished":"2016-01-28T17:01:15+00:00","dateModified":"2022-12-09T10:50:05+00:00","description":"Vil\u00e1gos\u00edt \u00e9s regener\u00e1l.","breadcrumb":{"@id":"https:\/\/www.eveline.hu\/2016\/eveline-kozmetikumok-szepsegapolas\/szepsegapolas\/arcapolas\/white-prestige-4d-feherito-ejszakai-krem-50ml\/#breadcrumb"},"inLanguage":"hu","potentialAction":[{"@type":"ReadAction","target":["https:\/\/www.eveline.hu\/2016\/eveline-kozmetikumok-szepsegapolas\/szepsegapolas\/arcapolas\/white-prestige-4d-feherito-ejszakai-krem-50ml\/"]}]},{"@type":"ImageObject","inLanguage":"hu","@id":"https:\/\/www.eveline.hu\/2016\/eveline-kozmetikumok-szepsegapolas\/szepsegapolas\/arcapolas\/white-prestige-4d-feherito-ejszakai-krem-50ml\/#primaryimage","url":"https:\/\/www.eveline.hu\/2016\/wp-content\/uploads\/2016\/01\/WHITE-PRESTIGE-4D-NIGHT-CREAM-50-ML-w.png","contentUrl":"https:\/\/www.eveline.hu\/2016\/wp-content\/uploads\/2016\/01\/WHITE-PRESTIGE-4D-NIGHT-CREAM-50-ML-w.png","width":750,"height":750},{"@type":"BreadcrumbList","@id":"https:\/\/www.eveline.hu\/2016\/eveline-kozmetikumok-szepsegapolas\/szepsegapolas\/arcapolas\/white-prestige-4d-feherito-ejszakai-krem-50ml\/#breadcrumb","itemListElement":[{"@type":"ListItem","position":1,"name":"Home","item":"https:\/\/www.eveline.hu\/2016\/"},{"@type":"ListItem","position":2,"name":"Term\u00e9kek","item":"https:\/\/www.eveline.hu\/2016\/shop\/"},{"@type":"ListItem","position":3,"name":"White Prestige 4D Feh\u00e9r\u00edt\u0151 \u00c9jszakai kr\u00e9m 50ml"}]},{"@type":"WebSite","@id":"https:\/\/www.eveline.hu\/2016\/#website","url":"https:\/\/www.eveline.hu\/2016\/","name":"Eveline Cosmetics Magyarorsz\u00e1g","description":"Min\u0151s\u00e9gi kozmetikumok Lengyelorsz\u00e1gb\u00f3l","potentialAction":[{"@type":"SearchAction","target":{"@type":"EntryPoint","urlTemplate":"https:\/\/www.eveline.hu\/2016\/?s={search_term_string}"},"query-input":"required name=search_term_string"}],"inLanguage":"hu"}]}},"_links":{"self":[{"href":"https:\/\/www.eveline.hu\/2016\/wp-json\/wp\/v2\/product\/20913"}],"collection":[{"href":"https:\/\/www.eveline.hu\/2016\/wp-json\/wp\/v2\/product"}],"about":[{"href":"https:\/\/www.eveline.hu\/2016\/wp-json\/wp\/v2\/types\/product"}],"replies":[{"embeddable":true,"href":"https:\/\/www.eveline.hu\/2016\/wp-json\/wp\/v2\/comments?post=20913"}],"wp:featuredmedia":[{"embeddable":true,"href":"https:\/\/www.eveline.hu\/2016\/wp-json\/wp\/v2\/media\/27876"}],"wp:attachment":[{"href":"https:\/\/www.eveline.hu\/2016\/wp-json\/wp\/v2\/media?parent=20913"}],"wp:term":[{"taxonomy":"product_cat","embeddable":true,"href":"https:\/\/www.eveline.hu\/2016\/wp-json\/wp\/v2\/product_cat?post=20913"},{"taxonomy":"product_tag","embeddable":true,"href":"https:\/\/www.eveline.hu\/2016\/wp-json\/wp\/v2\/product_tag?post=20913"}],"curies":[{"name":"wp","href":"https:\/\/api.w.org\/{rel}","templated":true}]}}