{"id":20895,"date":"2016-01-28T18:00:53","date_gmt":"2016-01-28T17:00:53","guid":{"rendered":"http:\/\/www.eveline.hu\/2016\/eveline-kozmetikumok-szepsegapolas\/nem-kategorizalt\/extrasoft-bioargan-olaj-luxus-krem-200ml\/"},"modified":"2025-08-12T09:11:13","modified_gmt":"2025-08-12T07:11:13","slug":"extrasoft-bioargan-olaj-krem-175ml","status":"publish","type":"product","link":"https:\/\/www.eveline.hu\/2016\/eveline-kozmetikumok-szepsegapolas\/szepsegapolas\/arcapolas\/extrasoft-bioargan-olaj-krem-175ml\/","title":{"rendered":"EXTRA SOFT  bioARG\u00c1N- \u00c9S MANUKA OLAJ arc- \u00e9s test\u00e1pol\u00f3 kr\u00e9m 175ml"},"content":{"rendered":"<p>Akci\u00f3 id\u0151tartama: 2023.01.29.- 02.10.<\/p>\n<p><strong>EXTRA SOFT T\u00c1PL\u00c1L\u00d3 \u00c9S FIATAL\u00cdT\u00d3 ARC- \u00c9S TEST\u00c1POL\u00d3 KR\u00c9M<\/strong><\/p>\n<p><strong>bioARG\u00c1N- \u00c9S MANUKA OLAJ<\/strong><\/p>\n<p>Nagyon sz\u00e1raz, rugalmass\u00e1g\u00e1t vesztett b\u0151rre.<\/p>\n<p>Azonnal n\u00f6veli a b\u0151r feszess\u00e9g\u00e9t, m\u00e9lyen t\u00e1pl\u00e1l \u00e9s intenz\u00edven regener\u00e1l.<\/p>\n<p>24 \u00f3ra m\u00e9ly hidrat\u00e1l\u00e1s.<\/p>\n<p><strong>Akt\u00edv \u00f6sszetev\u0151k:\u00a0 bioARG\u00c1NOLAJ, ZAB n\u00f6v\u00e9nyi kivonat, HONEY&amp;MANUKA NUTRIFIER\u2122, CERAMIDE REPAIR COMPLEX\u2122.<\/strong><\/p>\n<p>&nbsp;<\/p>\n<p>\u00f6sszetev\u0151k: Aqua (Water), Paraffinum Liquidum, Cetearyl Alcohol, Ceteareth-20, Petrolatum, Isopropyl Myristate, Glycerin, Dimethicone, Polybutene, Argania Spinosa Kernel Oil, Mel Extract, Avena Sativa Extract, Leptospermum Scoparium Oil, Sodium Hyaluronate, Ceramide NP, Ceramide AP, Ceramide EOP, Phytosphingosine, Cholesterol, Phenoxyethanol, Methylparaben, Butylparaben, Ethylparaben, Propylparaben, DMDM Hydantoin, Ethylhexylglycerin, Parfum (Fragrance), Acrylates\/C10-30 Alkyl Acrylate Crosspolymer, Triethanolamine, Sodium Lauroyl Lactylate, Carbomer, Xanthan Gum, Propylene Glycol, Disodium EDTA, CI 16255, CI 19140.<\/p>\n","protected":false},"excerpt":{"rendered":"<p>175ml ( 7137 FT\/l )<\/p>\n<p>Regener\u00e1lja \u00e9s t\u00e1pl\u00e1lja a b\u0151rt, fiatal \u00e9s ragyog\u00f3 megjelen\u00e9st adva..<\/p>\n","protected":false},"featured_media":24377,"comment_status":"open","ping_status":"closed","template":"","meta":[],"product_cat":[125,126,127,80,99],"product_tag":[],"yoast_head":"<!-- This site is optimized with the Yoast SEO plugin v22.2 - https:\/\/yoast.com\/wordpress\/plugins\/seo\/ -->\n<title>ExtraSoft bioArg\u00e1n olaj luxus kr\u00e9m 200ml<\/title>\n<meta name=\"description\" content=\"Regener\u00e1lja \u00e9s t\u00e1pl\u00e1lja a b\u00f5rt, fiatal \u00e9s ragyog\u00f3 megjelen\u00e9st adva..\" \/>\n<meta name=\"robots\" content=\"index, follow, max-snippet:-1, max-image-preview:large, max-video-preview:-1\" \/>\n<link rel=\"canonical\" href=\"https:\/\/www.eveline.hu\/2016\/eveline-kozmetikumok-szepsegapolas\/szepsegapolas\/arcapolas\/extrasoft-bioargan-olaj-krem-175ml\/\" \/>\n<meta property=\"og:locale\" content=\"hu_HU\" \/>\n<meta property=\"og:type\" content=\"article\" \/>\n<meta property=\"og:title\" content=\"Eveline kozmetikumok - ExtraSoft bioArg\u00e1n olaj luxus kr\u00e9m 200ml\" \/>\n<meta property=\"og:description\" content=\"Regener\u00e1lja \u00e9s t\u00e1pl\u00e1lja a b\u00f5rt, fiatal \u00e9s ragyog\u00f3 megjelen\u00e9st adva..\" \/>\n<meta property=\"og:url\" content=\"https:\/\/www.eveline.hu\/2016\/eveline-kozmetikumok-szepsegapolas\/szepsegapolas\/arcapolas\/extrasoft-bioargan-olaj-krem-175ml\/\" \/>\n<meta property=\"og:site_name\" content=\"Eveline Cosmetics Magyarorsz\u00e1g\" \/>\n<meta property=\"article:modified_time\" content=\"2025-08-12T07:11:13+00:00\" \/>\n<meta property=\"og:image\" content=\"https:\/\/www.eveline.hu\/2016\/wp-content\/uploads\/2016\/01\/Extra-Soft-Arg\u00e1n-175ml-w.png\" \/>\n\t<meta property=\"og:image:width\" content=\"750\" \/>\n\t<meta property=\"og:image:height\" content=\"750\" \/>\n\t<meta property=\"og:image:type\" content=\"image\/png\" \/>\n<meta name=\"twitter:card\" content=\"summary_large_image\" \/>\n<meta name=\"twitter:title\" content=\"Eveline kozmetikumok - ExtraSoft bioArg\u00e1n olaj luxus kr\u00e9m 200ml\" \/>\n<meta name=\"twitter:label1\" content=\"Becs\u00fclt olvas\u00e1si id\u0151\" \/>\n\t<meta name=\"twitter:data1\" content=\"1 perc\" \/>\n<script type=\"application\/ld+json\" class=\"yoast-schema-graph\">{\"@context\":\"https:\/\/schema.org\",\"@graph\":[{\"@type\":\"WebPage\",\"@id\":\"https:\/\/www.eveline.hu\/2016\/eveline-kozmetikumok-szepsegapolas\/szepsegapolas\/arcapolas\/extrasoft-bioargan-olaj-krem-175ml\/\",\"url\":\"https:\/\/www.eveline.hu\/2016\/eveline-kozmetikumok-szepsegapolas\/szepsegapolas\/arcapolas\/extrasoft-bioargan-olaj-krem-175ml\/\",\"name\":\"ExtraSoft bioArg\u00e1n olaj luxus kr\u00e9m 200ml\",\"isPartOf\":{\"@id\":\"https:\/\/www.eveline.hu\/2016\/#website\"},\"primaryImageOfPage\":{\"@id\":\"https:\/\/www.eveline.hu\/2016\/eveline-kozmetikumok-szepsegapolas\/szepsegapolas\/arcapolas\/extrasoft-bioargan-olaj-krem-175ml\/#primaryimage\"},\"image\":{\"@id\":\"https:\/\/www.eveline.hu\/2016\/eveline-kozmetikumok-szepsegapolas\/szepsegapolas\/arcapolas\/extrasoft-bioargan-olaj-krem-175ml\/#primaryimage\"},\"thumbnailUrl\":\"https:\/\/www.eveline.hu\/2016\/wp-content\/uploads\/2016\/01\/Extra-Soft-Arg\u00e1n-175ml-w.png\",\"datePublished\":\"2016-01-28T17:00:53+00:00\",\"dateModified\":\"2025-08-12T07:11:13+00:00\",\"description\":\"Regener\u00e1lja \u00e9s t\u00e1pl\u00e1lja a b\u00f5rt, fiatal \u00e9s ragyog\u00f3 megjelen\u00e9st adva..\",\"breadcrumb\":{\"@id\":\"https:\/\/www.eveline.hu\/2016\/eveline-kozmetikumok-szepsegapolas\/szepsegapolas\/arcapolas\/extrasoft-bioargan-olaj-krem-175ml\/#breadcrumb\"},\"inLanguage\":\"hu\",\"potentialAction\":[{\"@type\":\"ReadAction\",\"target\":[\"https:\/\/www.eveline.hu\/2016\/eveline-kozmetikumok-szepsegapolas\/szepsegapolas\/arcapolas\/extrasoft-bioargan-olaj-krem-175ml\/\"]}]},{\"@type\":\"ImageObject\",\"inLanguage\":\"hu\",\"@id\":\"https:\/\/www.eveline.hu\/2016\/eveline-kozmetikumok-szepsegapolas\/szepsegapolas\/arcapolas\/extrasoft-bioargan-olaj-krem-175ml\/#primaryimage\",\"url\":\"https:\/\/www.eveline.hu\/2016\/wp-content\/uploads\/2016\/01\/Extra-Soft-Arg\u00e1n-175ml-w.png\",\"contentUrl\":\"https:\/\/www.eveline.hu\/2016\/wp-content\/uploads\/2016\/01\/Extra-Soft-Arg\u00e1n-175ml-w.png\",\"width\":750,\"height\":750},{\"@type\":\"BreadcrumbList\",\"@id\":\"https:\/\/www.eveline.hu\/2016\/eveline-kozmetikumok-szepsegapolas\/szepsegapolas\/arcapolas\/extrasoft-bioargan-olaj-krem-175ml\/#breadcrumb\",\"itemListElement\":[{\"@type\":\"ListItem\",\"position\":1,\"name\":\"Home\",\"item\":\"https:\/\/www.eveline.hu\/2016\/\"},{\"@type\":\"ListItem\",\"position\":2,\"name\":\"Term\u00e9kek\",\"item\":\"https:\/\/www.eveline.hu\/2016\/shop\/\"},{\"@type\":\"ListItem\",\"position\":3,\"name\":\"EXTRA SOFT bioARG\u00c1N- \u00c9S MANUKA OLAJ arc- \u00e9s test\u00e1pol\u00f3 kr\u00e9m 175ml\"}]},{\"@type\":\"WebSite\",\"@id\":\"https:\/\/www.eveline.hu\/2016\/#website\",\"url\":\"https:\/\/www.eveline.hu\/2016\/\",\"name\":\"Eveline Cosmetics Magyarorsz\u00e1g\",\"description\":\"Min\u0151s\u00e9gi kozmetikumok Lengyelorsz\u00e1gb\u00f3l\",\"potentialAction\":[{\"@type\":\"SearchAction\",\"target\":{\"@type\":\"EntryPoint\",\"urlTemplate\":\"https:\/\/www.eveline.hu\/2016\/?s={search_term_string}\"},\"query-input\":\"required name=search_term_string\"}],\"inLanguage\":\"hu\"}]}<\/script>\n<!-- \/ Yoast SEO plugin. -->","yoast_head_json":{"title":"ExtraSoft bioArg\u00e1n olaj luxus kr\u00e9m 200ml","description":"Regener\u00e1lja \u00e9s t\u00e1pl\u00e1lja a b\u00f5rt, fiatal \u00e9s ragyog\u00f3 megjelen\u00e9st adva..","robots":{"index":"index","follow":"follow","max-snippet":"max-snippet:-1","max-image-preview":"max-image-preview:large","max-video-preview":"max-video-preview:-1"},"canonical":"https:\/\/www.eveline.hu\/2016\/eveline-kozmetikumok-szepsegapolas\/szepsegapolas\/arcapolas\/extrasoft-bioargan-olaj-krem-175ml\/","og_locale":"hu_HU","og_type":"article","og_title":"Eveline kozmetikumok - ExtraSoft bioArg\u00e1n olaj luxus kr\u00e9m 200ml","og_description":"Regener\u00e1lja \u00e9s t\u00e1pl\u00e1lja a b\u00f5rt, fiatal \u00e9s ragyog\u00f3 megjelen\u00e9st adva..","og_url":"https:\/\/www.eveline.hu\/2016\/eveline-kozmetikumok-szepsegapolas\/szepsegapolas\/arcapolas\/extrasoft-bioargan-olaj-krem-175ml\/","og_site_name":"Eveline Cosmetics Magyarorsz\u00e1g","article_modified_time":"2025-08-12T07:11:13+00:00","og_image":[{"width":750,"height":750,"url":"https:\/\/www.eveline.hu\/2016\/wp-content\/uploads\/2016\/01\/Extra-Soft-Arg\u00e1n-175ml-w.png","type":"image\/png"}],"twitter_card":"summary_large_image","twitter_title":"Eveline kozmetikumok - ExtraSoft bioArg\u00e1n olaj luxus kr\u00e9m 200ml","twitter_misc":{"Becs\u00fclt olvas\u00e1si id\u0151":"1 perc"},"schema":{"@context":"https:\/\/schema.org","@graph":[{"@type":"WebPage","@id":"https:\/\/www.eveline.hu\/2016\/eveline-kozmetikumok-szepsegapolas\/szepsegapolas\/arcapolas\/extrasoft-bioargan-olaj-krem-175ml\/","url":"https:\/\/www.eveline.hu\/2016\/eveline-kozmetikumok-szepsegapolas\/szepsegapolas\/arcapolas\/extrasoft-bioargan-olaj-krem-175ml\/","name":"ExtraSoft bioArg\u00e1n olaj luxus kr\u00e9m 200ml","isPartOf":{"@id":"https:\/\/www.eveline.hu\/2016\/#website"},"primaryImageOfPage":{"@id":"https:\/\/www.eveline.hu\/2016\/eveline-kozmetikumok-szepsegapolas\/szepsegapolas\/arcapolas\/extrasoft-bioargan-olaj-krem-175ml\/#primaryimage"},"image":{"@id":"https:\/\/www.eveline.hu\/2016\/eveline-kozmetikumok-szepsegapolas\/szepsegapolas\/arcapolas\/extrasoft-bioargan-olaj-krem-175ml\/#primaryimage"},"thumbnailUrl":"https:\/\/www.eveline.hu\/2016\/wp-content\/uploads\/2016\/01\/Extra-Soft-Arg\u00e1n-175ml-w.png","datePublished":"2016-01-28T17:00:53+00:00","dateModified":"2025-08-12T07:11:13+00:00","description":"Regener\u00e1lja \u00e9s t\u00e1pl\u00e1lja a b\u00f5rt, fiatal \u00e9s ragyog\u00f3 megjelen\u00e9st adva..","breadcrumb":{"@id":"https:\/\/www.eveline.hu\/2016\/eveline-kozmetikumok-szepsegapolas\/szepsegapolas\/arcapolas\/extrasoft-bioargan-olaj-krem-175ml\/#breadcrumb"},"inLanguage":"hu","potentialAction":[{"@type":"ReadAction","target":["https:\/\/www.eveline.hu\/2016\/eveline-kozmetikumok-szepsegapolas\/szepsegapolas\/arcapolas\/extrasoft-bioargan-olaj-krem-175ml\/"]}]},{"@type":"ImageObject","inLanguage":"hu","@id":"https:\/\/www.eveline.hu\/2016\/eveline-kozmetikumok-szepsegapolas\/szepsegapolas\/arcapolas\/extrasoft-bioargan-olaj-krem-175ml\/#primaryimage","url":"https:\/\/www.eveline.hu\/2016\/wp-content\/uploads\/2016\/01\/Extra-Soft-Arg\u00e1n-175ml-w.png","contentUrl":"https:\/\/www.eveline.hu\/2016\/wp-content\/uploads\/2016\/01\/Extra-Soft-Arg\u00e1n-175ml-w.png","width":750,"height":750},{"@type":"BreadcrumbList","@id":"https:\/\/www.eveline.hu\/2016\/eveline-kozmetikumok-szepsegapolas\/szepsegapolas\/arcapolas\/extrasoft-bioargan-olaj-krem-175ml\/#breadcrumb","itemListElement":[{"@type":"ListItem","position":1,"name":"Home","item":"https:\/\/www.eveline.hu\/2016\/"},{"@type":"ListItem","position":2,"name":"Term\u00e9kek","item":"https:\/\/www.eveline.hu\/2016\/shop\/"},{"@type":"ListItem","position":3,"name":"EXTRA SOFT bioARG\u00c1N- \u00c9S MANUKA OLAJ arc- \u00e9s test\u00e1pol\u00f3 kr\u00e9m 175ml"}]},{"@type":"WebSite","@id":"https:\/\/www.eveline.hu\/2016\/#website","url":"https:\/\/www.eveline.hu\/2016\/","name":"Eveline Cosmetics Magyarorsz\u00e1g","description":"Min\u0151s\u00e9gi kozmetikumok Lengyelorsz\u00e1gb\u00f3l","potentialAction":[{"@type":"SearchAction","target":{"@type":"EntryPoint","urlTemplate":"https:\/\/www.eveline.hu\/2016\/?s={search_term_string}"},"query-input":"required name=search_term_string"}],"inLanguage":"hu"}]}},"_links":{"self":[{"href":"https:\/\/www.eveline.hu\/2016\/wp-json\/wp\/v2\/product\/20895"}],"collection":[{"href":"https:\/\/www.eveline.hu\/2016\/wp-json\/wp\/v2\/product"}],"about":[{"href":"https:\/\/www.eveline.hu\/2016\/wp-json\/wp\/v2\/types\/product"}],"replies":[{"embeddable":true,"href":"https:\/\/www.eveline.hu\/2016\/wp-json\/wp\/v2\/comments?post=20895"}],"wp:featuredmedia":[{"embeddable":true,"href":"https:\/\/www.eveline.hu\/2016\/wp-json\/wp\/v2\/media\/24377"}],"wp:attachment":[{"href":"https:\/\/www.eveline.hu\/2016\/wp-json\/wp\/v2\/media?parent=20895"}],"wp:term":[{"taxonomy":"product_cat","embeddable":true,"href":"https:\/\/www.eveline.hu\/2016\/wp-json\/wp\/v2\/product_cat?post=20895"},{"taxonomy":"product_tag","embeddable":true,"href":"https:\/\/www.eveline.hu\/2016\/wp-json\/wp\/v2\/product_tag?post=20895"}],"curies":[{"name":"wp","href":"https:\/\/api.w.org\/{rel}","templated":true}]}}