{"id":20894,"date":"2016-01-28T18:00:53","date_gmt":"2016-01-28T17:00:53","guid":{"rendered":"http:\/\/www.eveline.hu\/2016\/eveline-kozmetikumok-szepsegapolas\/nem-kategorizalt\/extrasoft-sos-intenziv-regeneralo-krem-200ml\/"},"modified":"2025-08-12T09:11:56","modified_gmt":"2025-08-12T07:11:56","slug":"extrasoft-sos-intenziv-regeneralo-krem-175ml","status":"publish","type":"product","link":"https:\/\/www.eveline.hu\/2016\/eveline-kozmetikumok-szepsegapolas\/szepsegapolas\/arcapolas\/extrasoft-sos-intenziv-regeneralo-krem-175ml\/","title":{"rendered":"ExtraSoft SOS arc- \u00e9s test\u00e1pol\u00f3 kr\u00e9m 175ml"},"content":{"rendered":"<p>Akci\u00f3 id\u0151tartama: 2023.01.29.- 02.10.<\/p>\n<p><strong>EXTRA SOFT SOS ARC- \u00c9S TEST\u00c1POL\u00d3 KR\u00c9M<\/strong><\/p>\n<p>Nagyon sz\u00e1raz, \u00e9rdes \u00e9s \u00e9rz\u00e9keny b\u0151rre.<\/p>\n<p>Intenz\u00edv regener\u00e1l\u00e1s.<\/p>\n<p>Kifejleszt\u00e9se dermatol\u00f3gussal egy\u00fcttm\u0171k\u00f6dve t\u00f6rt\u00e9nt.<\/p>\n<p>Azonnal helyre\u00e1ll\u00edtja a komfort \u00e9rzetet, cs\u00f6kkenti az \u00e9rdess\u00e9get, a b\u0151r selymesen puha \u00e9s sima lesz.<\/p>\n<p>Akt\u00edv \u00f6sszetev\u0151k:\u00a0 bioHYALURON PLUS COMPLEX\u2122, 10% neoUREA\u2122, \u00a0E, D VITAMINOK, PANTHENOL \u00e9s ALLANTOIN.<\/p>\n<p>&nbsp;<\/p>\n<p>\u00f6sszetev\u0151k: Aqua (Water), Paraffinum Liquidum, Cetearyl Alcohol, Glycerin, Petrolatum, Polybutene, Propylene Glycol, Ceteareth-20, Dimethicone, Olea Europaea Fruit Oil, Isopropyl Myristate, Allantoin, Urea, Sodium Hyaluronate, Hydrolyzed Silk Extract, Hydrolyzed Soy Protein, Tocopheryl Acetate, Panthenol, Phenoxyethanol, Methylparaben, Ethylparaben, Butylparaben, Propylparaben, DMDM Hydantoin, Potassium Sorbate, Parfum (Fragrance), Acrylates\/C10-30 Alkyl Acrylate Crosspolymer, Triethanolamine, Alpha-Isomethyl Ionone, Benzyl Salicylate, Butylphenyl Methylpropional, Citronellol, Hexyl Cinnamal, Hydroxycitronellal, Hydroxyisohexyl 3-Cyclohexene Carboxaldehyde, Limonene, Linalool.<\/p>\n","protected":false},"excerpt":{"rendered":"<p>175ml ( 7137 Ft\/l )<\/p>\n<p>Intenz\u00edv regener\u00e1l\u00f3 kezel\u00e9s a sz\u00e1raz, nagyon sz\u00e1raz \u00e9s \u00e9rz\u00e9keny b\u0151rnek&#8230;<\/p>\n","protected":false},"featured_media":24379,"comment_status":"open","ping_status":"closed","template":"","meta":[],"product_cat":[125,126,127,80,99],"product_tag":[],"yoast_head":"<!-- This site is optimized with the Yoast SEO plugin v22.2 - https:\/\/yoast.com\/wordpress\/plugins\/seo\/ -->\n<title>ExtraSoft SOS Intenz\u00edv regener\u00e1l\u00f3 kr\u00e9m 200ml<\/title>\n<meta name=\"description\" content=\"Intenz\u00edv regener\u00e1l\u00f3 kezel\u00e9s a sz\u00e1raz, nagyon sz\u00e1raz \u00e9s \u00e9rz\u00e9keny b\u00f5rnek...\" \/>\n<meta name=\"robots\" content=\"index, follow, max-snippet:-1, max-image-preview:large, max-video-preview:-1\" \/>\n<link rel=\"canonical\" href=\"https:\/\/www.eveline.hu\/2016\/eveline-kozmetikumok-szepsegapolas\/szepsegapolas\/arcapolas\/extrasoft-sos-intenziv-regeneralo-krem-175ml\/\" \/>\n<meta property=\"og:locale\" content=\"hu_HU\" \/>\n<meta property=\"og:type\" content=\"article\" \/>\n<meta property=\"og:title\" content=\"Eveline kozmetikumok - ExtraSoft SOS Intenz\u00edv regener\u00e1l\u00f3 kr\u00e9m 200ml\" \/>\n<meta property=\"og:description\" content=\"Intenz\u00edv regener\u00e1l\u00f3 kezel\u00e9s a sz\u00e1raz, nagyon sz\u00e1raz \u00e9s \u00e9rz\u00e9keny b\u00f5rnek...\" \/>\n<meta property=\"og:url\" content=\"https:\/\/www.eveline.hu\/2016\/eveline-kozmetikumok-szepsegapolas\/szepsegapolas\/arcapolas\/extrasoft-sos-intenziv-regeneralo-krem-175ml\/\" \/>\n<meta property=\"og:site_name\" content=\"Eveline Cosmetics Magyarorsz\u00e1g\" \/>\n<meta property=\"article:modified_time\" content=\"2025-08-12T07:11:56+00:00\" \/>\n<meta property=\"og:image\" content=\"https:\/\/www.eveline.hu\/2016\/wp-content\/uploads\/2016\/01\/Extra-Soft-SOS-175ml-w.png\" \/>\n\t<meta property=\"og:image:width\" content=\"750\" \/>\n\t<meta property=\"og:image:height\" content=\"750\" \/>\n\t<meta property=\"og:image:type\" content=\"image\/png\" \/>\n<meta name=\"twitter:card\" content=\"summary_large_image\" \/>\n<meta name=\"twitter:title\" content=\"Eveline kozmetikumok - ExtraSoft SOS Intenz\u00edv regener\u00e1l\u00f3 kr\u00e9m 200ml\" \/>\n<meta name=\"twitter:label1\" content=\"Becs\u00fclt olvas\u00e1si id\u0151\" \/>\n\t<meta name=\"twitter:data1\" content=\"1 perc\" \/>\n<script type=\"application\/ld+json\" class=\"yoast-schema-graph\">{\"@context\":\"https:\/\/schema.org\",\"@graph\":[{\"@type\":\"WebPage\",\"@id\":\"https:\/\/www.eveline.hu\/2016\/eveline-kozmetikumok-szepsegapolas\/szepsegapolas\/arcapolas\/extrasoft-sos-intenziv-regeneralo-krem-175ml\/\",\"url\":\"https:\/\/www.eveline.hu\/2016\/eveline-kozmetikumok-szepsegapolas\/szepsegapolas\/arcapolas\/extrasoft-sos-intenziv-regeneralo-krem-175ml\/\",\"name\":\"ExtraSoft SOS Intenz\u00edv regener\u00e1l\u00f3 kr\u00e9m 200ml\",\"isPartOf\":{\"@id\":\"https:\/\/www.eveline.hu\/2016\/#website\"},\"primaryImageOfPage\":{\"@id\":\"https:\/\/www.eveline.hu\/2016\/eveline-kozmetikumok-szepsegapolas\/szepsegapolas\/arcapolas\/extrasoft-sos-intenziv-regeneralo-krem-175ml\/#primaryimage\"},\"image\":{\"@id\":\"https:\/\/www.eveline.hu\/2016\/eveline-kozmetikumok-szepsegapolas\/szepsegapolas\/arcapolas\/extrasoft-sos-intenziv-regeneralo-krem-175ml\/#primaryimage\"},\"thumbnailUrl\":\"https:\/\/www.eveline.hu\/2016\/wp-content\/uploads\/2016\/01\/Extra-Soft-SOS-175ml-w.png\",\"datePublished\":\"2016-01-28T17:00:53+00:00\",\"dateModified\":\"2025-08-12T07:11:56+00:00\",\"description\":\"Intenz\u00edv regener\u00e1l\u00f3 kezel\u00e9s a sz\u00e1raz, nagyon sz\u00e1raz \u00e9s \u00e9rz\u00e9keny b\u00f5rnek...\",\"breadcrumb\":{\"@id\":\"https:\/\/www.eveline.hu\/2016\/eveline-kozmetikumok-szepsegapolas\/szepsegapolas\/arcapolas\/extrasoft-sos-intenziv-regeneralo-krem-175ml\/#breadcrumb\"},\"inLanguage\":\"hu\",\"potentialAction\":[{\"@type\":\"ReadAction\",\"target\":[\"https:\/\/www.eveline.hu\/2016\/eveline-kozmetikumok-szepsegapolas\/szepsegapolas\/arcapolas\/extrasoft-sos-intenziv-regeneralo-krem-175ml\/\"]}]},{\"@type\":\"ImageObject\",\"inLanguage\":\"hu\",\"@id\":\"https:\/\/www.eveline.hu\/2016\/eveline-kozmetikumok-szepsegapolas\/szepsegapolas\/arcapolas\/extrasoft-sos-intenziv-regeneralo-krem-175ml\/#primaryimage\",\"url\":\"https:\/\/www.eveline.hu\/2016\/wp-content\/uploads\/2016\/01\/Extra-Soft-SOS-175ml-w.png\",\"contentUrl\":\"https:\/\/www.eveline.hu\/2016\/wp-content\/uploads\/2016\/01\/Extra-Soft-SOS-175ml-w.png\",\"width\":750,\"height\":750},{\"@type\":\"BreadcrumbList\",\"@id\":\"https:\/\/www.eveline.hu\/2016\/eveline-kozmetikumok-szepsegapolas\/szepsegapolas\/arcapolas\/extrasoft-sos-intenziv-regeneralo-krem-175ml\/#breadcrumb\",\"itemListElement\":[{\"@type\":\"ListItem\",\"position\":1,\"name\":\"Home\",\"item\":\"https:\/\/www.eveline.hu\/2016\/\"},{\"@type\":\"ListItem\",\"position\":2,\"name\":\"Term\u00e9kek\",\"item\":\"https:\/\/www.eveline.hu\/2016\/shop\/\"},{\"@type\":\"ListItem\",\"position\":3,\"name\":\"ExtraSoft SOS arc- \u00e9s test\u00e1pol\u00f3 kr\u00e9m 175ml\"}]},{\"@type\":\"WebSite\",\"@id\":\"https:\/\/www.eveline.hu\/2016\/#website\",\"url\":\"https:\/\/www.eveline.hu\/2016\/\",\"name\":\"Eveline Cosmetics Magyarorsz\u00e1g\",\"description\":\"Min\u0151s\u00e9gi kozmetikumok Lengyelorsz\u00e1gb\u00f3l\",\"potentialAction\":[{\"@type\":\"SearchAction\",\"target\":{\"@type\":\"EntryPoint\",\"urlTemplate\":\"https:\/\/www.eveline.hu\/2016\/?s={search_term_string}\"},\"query-input\":\"required name=search_term_string\"}],\"inLanguage\":\"hu\"}]}<\/script>\n<!-- \/ Yoast SEO plugin. -->","yoast_head_json":{"title":"ExtraSoft SOS Intenz\u00edv regener\u00e1l\u00f3 kr\u00e9m 200ml","description":"Intenz\u00edv regener\u00e1l\u00f3 kezel\u00e9s a sz\u00e1raz, nagyon sz\u00e1raz \u00e9s \u00e9rz\u00e9keny b\u00f5rnek...","robots":{"index":"index","follow":"follow","max-snippet":"max-snippet:-1","max-image-preview":"max-image-preview:large","max-video-preview":"max-video-preview:-1"},"canonical":"https:\/\/www.eveline.hu\/2016\/eveline-kozmetikumok-szepsegapolas\/szepsegapolas\/arcapolas\/extrasoft-sos-intenziv-regeneralo-krem-175ml\/","og_locale":"hu_HU","og_type":"article","og_title":"Eveline kozmetikumok - ExtraSoft SOS Intenz\u00edv regener\u00e1l\u00f3 kr\u00e9m 200ml","og_description":"Intenz\u00edv regener\u00e1l\u00f3 kezel\u00e9s a sz\u00e1raz, nagyon sz\u00e1raz \u00e9s \u00e9rz\u00e9keny b\u00f5rnek...","og_url":"https:\/\/www.eveline.hu\/2016\/eveline-kozmetikumok-szepsegapolas\/szepsegapolas\/arcapolas\/extrasoft-sos-intenziv-regeneralo-krem-175ml\/","og_site_name":"Eveline Cosmetics Magyarorsz\u00e1g","article_modified_time":"2025-08-12T07:11:56+00:00","og_image":[{"width":750,"height":750,"url":"https:\/\/www.eveline.hu\/2016\/wp-content\/uploads\/2016\/01\/Extra-Soft-SOS-175ml-w.png","type":"image\/png"}],"twitter_card":"summary_large_image","twitter_title":"Eveline kozmetikumok - ExtraSoft SOS Intenz\u00edv regener\u00e1l\u00f3 kr\u00e9m 200ml","twitter_misc":{"Becs\u00fclt olvas\u00e1si id\u0151":"1 perc"},"schema":{"@context":"https:\/\/schema.org","@graph":[{"@type":"WebPage","@id":"https:\/\/www.eveline.hu\/2016\/eveline-kozmetikumok-szepsegapolas\/szepsegapolas\/arcapolas\/extrasoft-sos-intenziv-regeneralo-krem-175ml\/","url":"https:\/\/www.eveline.hu\/2016\/eveline-kozmetikumok-szepsegapolas\/szepsegapolas\/arcapolas\/extrasoft-sos-intenziv-regeneralo-krem-175ml\/","name":"ExtraSoft SOS Intenz\u00edv regener\u00e1l\u00f3 kr\u00e9m 200ml","isPartOf":{"@id":"https:\/\/www.eveline.hu\/2016\/#website"},"primaryImageOfPage":{"@id":"https:\/\/www.eveline.hu\/2016\/eveline-kozmetikumok-szepsegapolas\/szepsegapolas\/arcapolas\/extrasoft-sos-intenziv-regeneralo-krem-175ml\/#primaryimage"},"image":{"@id":"https:\/\/www.eveline.hu\/2016\/eveline-kozmetikumok-szepsegapolas\/szepsegapolas\/arcapolas\/extrasoft-sos-intenziv-regeneralo-krem-175ml\/#primaryimage"},"thumbnailUrl":"https:\/\/www.eveline.hu\/2016\/wp-content\/uploads\/2016\/01\/Extra-Soft-SOS-175ml-w.png","datePublished":"2016-01-28T17:00:53+00:00","dateModified":"2025-08-12T07:11:56+00:00","description":"Intenz\u00edv regener\u00e1l\u00f3 kezel\u00e9s a sz\u00e1raz, nagyon sz\u00e1raz \u00e9s \u00e9rz\u00e9keny b\u00f5rnek...","breadcrumb":{"@id":"https:\/\/www.eveline.hu\/2016\/eveline-kozmetikumok-szepsegapolas\/szepsegapolas\/arcapolas\/extrasoft-sos-intenziv-regeneralo-krem-175ml\/#breadcrumb"},"inLanguage":"hu","potentialAction":[{"@type":"ReadAction","target":["https:\/\/www.eveline.hu\/2016\/eveline-kozmetikumok-szepsegapolas\/szepsegapolas\/arcapolas\/extrasoft-sos-intenziv-regeneralo-krem-175ml\/"]}]},{"@type":"ImageObject","inLanguage":"hu","@id":"https:\/\/www.eveline.hu\/2016\/eveline-kozmetikumok-szepsegapolas\/szepsegapolas\/arcapolas\/extrasoft-sos-intenziv-regeneralo-krem-175ml\/#primaryimage","url":"https:\/\/www.eveline.hu\/2016\/wp-content\/uploads\/2016\/01\/Extra-Soft-SOS-175ml-w.png","contentUrl":"https:\/\/www.eveline.hu\/2016\/wp-content\/uploads\/2016\/01\/Extra-Soft-SOS-175ml-w.png","width":750,"height":750},{"@type":"BreadcrumbList","@id":"https:\/\/www.eveline.hu\/2016\/eveline-kozmetikumok-szepsegapolas\/szepsegapolas\/arcapolas\/extrasoft-sos-intenziv-regeneralo-krem-175ml\/#breadcrumb","itemListElement":[{"@type":"ListItem","position":1,"name":"Home","item":"https:\/\/www.eveline.hu\/2016\/"},{"@type":"ListItem","position":2,"name":"Term\u00e9kek","item":"https:\/\/www.eveline.hu\/2016\/shop\/"},{"@type":"ListItem","position":3,"name":"ExtraSoft SOS arc- \u00e9s test\u00e1pol\u00f3 kr\u00e9m 175ml"}]},{"@type":"WebSite","@id":"https:\/\/www.eveline.hu\/2016\/#website","url":"https:\/\/www.eveline.hu\/2016\/","name":"Eveline Cosmetics Magyarorsz\u00e1g","description":"Min\u0151s\u00e9gi kozmetikumok Lengyelorsz\u00e1gb\u00f3l","potentialAction":[{"@type":"SearchAction","target":{"@type":"EntryPoint","urlTemplate":"https:\/\/www.eveline.hu\/2016\/?s={search_term_string}"},"query-input":"required name=search_term_string"}],"inLanguage":"hu"}]}},"_links":{"self":[{"href":"https:\/\/www.eveline.hu\/2016\/wp-json\/wp\/v2\/product\/20894"}],"collection":[{"href":"https:\/\/www.eveline.hu\/2016\/wp-json\/wp\/v2\/product"}],"about":[{"href":"https:\/\/www.eveline.hu\/2016\/wp-json\/wp\/v2\/types\/product"}],"replies":[{"embeddable":true,"href":"https:\/\/www.eveline.hu\/2016\/wp-json\/wp\/v2\/comments?post=20894"}],"wp:featuredmedia":[{"embeddable":true,"href":"https:\/\/www.eveline.hu\/2016\/wp-json\/wp\/v2\/media\/24379"}],"wp:attachment":[{"href":"https:\/\/www.eveline.hu\/2016\/wp-json\/wp\/v2\/media?parent=20894"}],"wp:term":[{"taxonomy":"product_cat","embeddable":true,"href":"https:\/\/www.eveline.hu\/2016\/wp-json\/wp\/v2\/product_cat?post=20894"},{"taxonomy":"product_tag","embeddable":true,"href":"https:\/\/www.eveline.hu\/2016\/wp-json\/wp\/v2\/product_tag?post=20894"}],"curies":[{"name":"wp","href":"https:\/\/api.w.org\/{rel}","templated":true}]}}