{"id":20860,"date":"2016-01-28T18:00:36","date_gmt":"2016-01-28T17:00:36","guid":{"rendered":"http:\/\/www.eveline.hu\/2016\/eveline-kozmetikumok-szepsegapolas\/nem-kategorizalt\/argan-keratin-exkluziv-hajolaj-8in1-150ml\/"},"modified":"2024-03-09T11:05:01","modified_gmt":"2024-03-09T10:05:01","slug":"argan-keratin-exkluziv-hajolaj-8in1-150ml","status":"publish","type":"product","link":"https:\/\/www.eveline.hu\/2016\/eveline-kozmetikumok-szepsegapolas\/szepsegapolas\/hajapolas\/argan-keratin-exkluziv-hajolaj-8in1-150ml\/","title":{"rendered":"Arg\u00e1n+Keratin exkluz\u00edv hajolaj 8in1 150ml"},"content":{"rendered":"<p><strong>Exkluz\u00edv hajolaj 8in1<\/strong><br \/>\n<em>Intenz\u00edv regener\u00e1l\u00e1s + teljesk\u00f6r\u0171 helyre\u00e1ll\u00edt\u00e1s<\/em><br \/>\n<em>minden hajt\u00edpushoz<\/em><br \/>\n<strong>Beauty szalon hat\u00e1s m\u00e1r az els\u0151 haszn\u00e1lat ut\u00e1n.<\/strong><br \/>\nA pro-repair 4D\u0099 technol\u00f3gia azonnali javul\u00e1st biztos\u00edt a haj megjelen\u00e9s\u00e9ben \u00e9s \u00e1llapot\u00e1ban.<br \/>\nA 8az1-ben hajolaj intenz\u00edven regener\u00e1lja m\u00e9g a nagyon k\u00e1rosodott \u00e9s kisz\u00e1radt hajat is.<br \/>\nAz innovat\u00edv formula, amely gazdag, az arg\u00e1n olajjal \u00e9s foly\u00e9kony keratinnal szinergi\u00e1ban m\u0171k\u00f6d\u0151 akt\u00edv \u00f6sszetev\u0151kben, teljesk\u00f6r\u0171 \u00e1pol\u00e1st biztos\u00edt a hajnak a t\u00f6v\u00e9t\u0151l a v\u00e9g\u00e9ig.<br \/>\nHat\u00e9konyan \u00fajj\u00e1\u00e9p\u00edti a s\u00e9r\u00fclt, kisz\u00e1radt \u00e9s festett haj szerkezet\u00e9t. F\u00e9nyt ad, kik\u00fcsz\u00f6b\u00f6li a haj elektromoss\u00e1g\u00e1t \u00e9s bolyhosod\u00e1s\u00e1t. Vissza\u00e1ll\u00edtja rugalmass\u00e1g\u00e1t \u00e9s selymes simas\u00e1g\u00e1t. Haszn\u00e1lata ut\u00e1n, a haj azonnal f\u00e9nyes lesz, puha \u00e9rint\u00e9s\u0171, k\u00f6nnyen f\u00e9s\u00fclhet\u0151. K\u00f6nnyed formul\u00e1ja nem nehez\u00edti \u00e9s nem hagy lerak\u00f3d\u00e1st a hajban.<\/p>\n<p><strong>Komplex hat\u00e1s 8az1-ben<\/strong>:<br \/>\n1.\u00a0\u00a0\u00a0 Haj rostjainak helyre\u00e1ll\u00edt\u00e1sa.<br \/>\n2.\u00a0\u00a0\u00a0 Hidrat\u00e1l\u00e1s \u00e9s kisim\u00edt\u00e1s.<br \/>\n3.\u00a0\u00a0\u00a0 T\u00e1pl\u00e1l\u00e1s \u00e9s er\u0151s\u00edt\u00e9s.<br \/>\n4.\u00a0\u00a0\u00a0 Intenz\u00edv regener\u00e1l\u00e1s.<br \/>\n5.\u00a0\u00a0\u00a0 F\u00e9ny a haj t\u00f6v\u00e9t\u0151l a v\u00e9g\u00e9ig.<br \/>\n6.\u00a0\u00a0\u00a0 Puha \u00e9s rugalmas haj.<br \/>\n7.\u00a0\u00a0\u00a0 K\u00f6nny\u0171 f\u00e9s\u00fclhet\u0151s\u00e9g \u00e9s stiliz\u00e1l\u00e1s.<br \/>\n8.\u00a0\u00a0\u00a0 V\u00e9delem a k\u00e1ros k\u00fcls\u0151 t\u00e9nyez\u0151kt\u0151l.<\/p>\n<p><strong>Innovat\u00edv formula<\/strong><br \/>\n<strong>Arg\u00e1n olaj<\/strong> bel\u00fclr\u0151l regener\u00e1lja a hajat \u00e9s intenz\u00edven kisim\u00edtja strukt\u00far\u00e1j\u00e1t. Er\u0151s\u00edt \u00e9s hidrat\u00e1l, puh\u00edt \u00e9s rugalmass\u00e1 tesz, v\u00e9d a k\u00e1ros k\u00fcls\u0151 t\u00e9nyez\u0151kt\u0151l.<br \/>\n<strong>Keratin<\/strong> a haj alapvet\u0151 \u00e9p\u00edt\u0151je, felel kond\u00edci\u00f3j\u00e1\u00e9rt \u00e9s eg\u00e9szs\u00e9ges kin\u00e9zet\u00e9\u00e9rt. A keratin term\u00e9szetes m\u00f3don \u00fajj\u00e1\u00e9p\u00edti a haj strukt\u00far\u00e1j\u00e1t, m\u00e9lyen t\u00e1pl\u00e1l \u00e9s regener\u00e1l. Kisim\u00edt \u00e9s f\u00e9nyt ad.<br \/>\n<strong>Bojtorj\u00e1n olaj<\/strong> er\u0151s\u00edti a hajhagym\u00e1kat, nyugtatja az irrit\u00e1ci\u00f3kat \u00e9s a fejb\u0151r viszket\u00e9s\u00e9t. T\u00e1pl\u00e1lja a legyeng\u00fclt \u00e9s s\u00e9r\u00fclt hajstrukt\u00far\u00e1t, stimul\u00e1lja a haj n\u00f6veked\u00e9s\u00e9t \u00e9s cs\u00f6kkenti kies\u00e9s\u00e9t. Visszaadja a haj eg\u00e9szs\u00e9ges \u00e9s gy\u00f6ny\u00f6r\u0171 kin\u00e9zet\u00e9t.<br \/>\n<strong>\u0084A\u0094 vitamin<\/strong> hozz\u00e1j\u00e1rul a sz\u00e1raz \u00e9s s\u00e9r\u00fclt haj helyre\u00e1ll\u00edt\u00e1s\u00e1hoz, korp\u00e1sod\u00e1s elleni hat\u00e1s\u00fa, normaliz\u00e1lja a fejb\u0151r hidrolipid egyens\u00faly\u00e1t. A haj er\u0151sebb, rugalmasabb \u00e9s er\u0151teljes lesz.<\/p>\n","protected":false},"excerpt":{"rendered":"<p>150ml ( 17660 Ft\/l )<\/p>\n<p>A pro-repair 4D\u0099 technol\u00f3gia azonnali javul\u00e1st biztos\u00edt a haj megjelen\u00e9s\u00e9ben \u00e9s \u00e1llapot\u00e1ban&#8230;<\/p>\n","protected":false},"featured_media":21257,"comment_status":"open","ping_status":"closed","template":"","meta":[],"product_cat":[125,136,108],"product_tag":[],"yoast_head":"<!-- This site is optimized with the Yoast SEO plugin v22.2 - https:\/\/yoast.com\/wordpress\/plugins\/seo\/ -->\n<title>Arg\u00e1n+Keratin exkluz\u00edv hajolaj 8in1 150ml<\/title>\n<meta name=\"description\" content=\"A pro-repair 4D\u0099 technol\u00f3gia azonnali javul\u00e1st biztos\u00edt a haj megjelen\u00e9s\u00e9ben \u00e9s \u00e1llapot\u00e1ban...\" \/>\n<meta name=\"robots\" content=\"index, follow, max-snippet:-1, max-image-preview:large, max-video-preview:-1\" \/>\n<link rel=\"canonical\" href=\"https:\/\/www.eveline.hu\/2016\/eveline-kozmetikumok-szepsegapolas\/szepsegapolas\/hajapolas\/argan-keratin-exkluziv-hajolaj-8in1-150ml\/\" \/>\n<meta property=\"og:locale\" content=\"hu_HU\" \/>\n<meta property=\"og:type\" content=\"article\" \/>\n<meta property=\"og:title\" content=\"Eveline kozmetikumok - Arg\u00e1n+Keratin exkluz\u00edv hajolaj 8in1 150ml\" \/>\n<meta property=\"og:description\" content=\"A pro-repair 4D\u0099 technol\u00f3gia azonnali javul\u00e1st biztos\u00edt a haj megjelen\u00e9s\u00e9ben \u00e9s \u00e1llapot\u00e1ban...\" \/>\n<meta property=\"og:url\" content=\"https:\/\/www.eveline.hu\/2016\/eveline-kozmetikumok-szepsegapolas\/szepsegapolas\/hajapolas\/argan-keratin-exkluziv-hajolaj-8in1-150ml\/\" \/>\n<meta property=\"og:site_name\" content=\"Eveline Cosmetics Magyarorsz\u00e1g\" \/>\n<meta property=\"article:modified_time\" content=\"2024-03-09T10:05:01+00:00\" \/>\n<meta property=\"og:image\" content=\"https:\/\/www.eveline.hu\/2016\/wp-content\/uploads\/2016\/01\/untitled-134.png\" \/>\n\t<meta property=\"og:image:width\" content=\"750\" \/>\n\t<meta property=\"og:image:height\" content=\"750\" \/>\n\t<meta property=\"og:image:type\" content=\"image\/png\" \/>\n<meta name=\"twitter:card\" content=\"summary_large_image\" \/>\n<meta name=\"twitter:title\" content=\"Eveline kozmetikumok - Arg\u00e1n+Keratin exkluz\u00edv hajolaj 8in1 150ml\" \/>\n<meta name=\"twitter:label1\" content=\"Becs\u00fclt olvas\u00e1si id\u0151\" \/>\n\t<meta name=\"twitter:data1\" content=\"2 perc\" \/>\n<script type=\"application\/ld+json\" class=\"yoast-schema-graph\">{\"@context\":\"https:\/\/schema.org\",\"@graph\":[{\"@type\":\"WebPage\",\"@id\":\"https:\/\/www.eveline.hu\/2016\/eveline-kozmetikumok-szepsegapolas\/szepsegapolas\/hajapolas\/argan-keratin-exkluziv-hajolaj-8in1-150ml\/\",\"url\":\"https:\/\/www.eveline.hu\/2016\/eveline-kozmetikumok-szepsegapolas\/szepsegapolas\/hajapolas\/argan-keratin-exkluziv-hajolaj-8in1-150ml\/\",\"name\":\"Arg\u00e1n+Keratin exkluz\u00edv hajolaj 8in1 150ml\",\"isPartOf\":{\"@id\":\"https:\/\/www.eveline.hu\/2016\/#website\"},\"primaryImageOfPage\":{\"@id\":\"https:\/\/www.eveline.hu\/2016\/eveline-kozmetikumok-szepsegapolas\/szepsegapolas\/hajapolas\/argan-keratin-exkluziv-hajolaj-8in1-150ml\/#primaryimage\"},\"image\":{\"@id\":\"https:\/\/www.eveline.hu\/2016\/eveline-kozmetikumok-szepsegapolas\/szepsegapolas\/hajapolas\/argan-keratin-exkluziv-hajolaj-8in1-150ml\/#primaryimage\"},\"thumbnailUrl\":\"https:\/\/www.eveline.hu\/2016\/wp-content\/uploads\/2016\/01\/untitled-134.png\",\"datePublished\":\"2016-01-28T17:00:36+00:00\",\"dateModified\":\"2024-03-09T10:05:01+00:00\",\"description\":\"A pro-repair 4D\u0099 technol\u00f3gia azonnali javul\u00e1st biztos\u00edt a haj megjelen\u00e9s\u00e9ben \u00e9s \u00e1llapot\u00e1ban...\",\"breadcrumb\":{\"@id\":\"https:\/\/www.eveline.hu\/2016\/eveline-kozmetikumok-szepsegapolas\/szepsegapolas\/hajapolas\/argan-keratin-exkluziv-hajolaj-8in1-150ml\/#breadcrumb\"},\"inLanguage\":\"hu\",\"potentialAction\":[{\"@type\":\"ReadAction\",\"target\":[\"https:\/\/www.eveline.hu\/2016\/eveline-kozmetikumok-szepsegapolas\/szepsegapolas\/hajapolas\/argan-keratin-exkluziv-hajolaj-8in1-150ml\/\"]}]},{\"@type\":\"ImageObject\",\"inLanguage\":\"hu\",\"@id\":\"https:\/\/www.eveline.hu\/2016\/eveline-kozmetikumok-szepsegapolas\/szepsegapolas\/hajapolas\/argan-keratin-exkluziv-hajolaj-8in1-150ml\/#primaryimage\",\"url\":\"https:\/\/www.eveline.hu\/2016\/wp-content\/uploads\/2016\/01\/untitled-134.png\",\"contentUrl\":\"https:\/\/www.eveline.hu\/2016\/wp-content\/uploads\/2016\/01\/untitled-134.png\",\"width\":750,\"height\":750},{\"@type\":\"BreadcrumbList\",\"@id\":\"https:\/\/www.eveline.hu\/2016\/eveline-kozmetikumok-szepsegapolas\/szepsegapolas\/hajapolas\/argan-keratin-exkluziv-hajolaj-8in1-150ml\/#breadcrumb\",\"itemListElement\":[{\"@type\":\"ListItem\",\"position\":1,\"name\":\"Home\",\"item\":\"https:\/\/www.eveline.hu\/2016\/\"},{\"@type\":\"ListItem\",\"position\":2,\"name\":\"Term\u00e9kek\",\"item\":\"https:\/\/www.eveline.hu\/2016\/shop\/\"},{\"@type\":\"ListItem\",\"position\":3,\"name\":\"Arg\u00e1n+Keratin exkluz\u00edv hajolaj 8in1 150ml\"}]},{\"@type\":\"WebSite\",\"@id\":\"https:\/\/www.eveline.hu\/2016\/#website\",\"url\":\"https:\/\/www.eveline.hu\/2016\/\",\"name\":\"Eveline Cosmetics Magyarorsz\u00e1g\",\"description\":\"Min\u0151s\u00e9gi kozmetikumok Lengyelorsz\u00e1gb\u00f3l\",\"potentialAction\":[{\"@type\":\"SearchAction\",\"target\":{\"@type\":\"EntryPoint\",\"urlTemplate\":\"https:\/\/www.eveline.hu\/2016\/?s={search_term_string}\"},\"query-input\":\"required name=search_term_string\"}],\"inLanguage\":\"hu\"}]}<\/script>\n<!-- \/ Yoast SEO plugin. -->","yoast_head_json":{"title":"Arg\u00e1n+Keratin exkluz\u00edv hajolaj 8in1 150ml","description":"A pro-repair 4D\u0099 technol\u00f3gia azonnali javul\u00e1st biztos\u00edt a haj megjelen\u00e9s\u00e9ben \u00e9s \u00e1llapot\u00e1ban...","robots":{"index":"index","follow":"follow","max-snippet":"max-snippet:-1","max-image-preview":"max-image-preview:large","max-video-preview":"max-video-preview:-1"},"canonical":"https:\/\/www.eveline.hu\/2016\/eveline-kozmetikumok-szepsegapolas\/szepsegapolas\/hajapolas\/argan-keratin-exkluziv-hajolaj-8in1-150ml\/","og_locale":"hu_HU","og_type":"article","og_title":"Eveline kozmetikumok - Arg\u00e1n+Keratin exkluz\u00edv hajolaj 8in1 150ml","og_description":"A pro-repair 4D\u0099 technol\u00f3gia azonnali javul\u00e1st biztos\u00edt a haj megjelen\u00e9s\u00e9ben \u00e9s \u00e1llapot\u00e1ban...","og_url":"https:\/\/www.eveline.hu\/2016\/eveline-kozmetikumok-szepsegapolas\/szepsegapolas\/hajapolas\/argan-keratin-exkluziv-hajolaj-8in1-150ml\/","og_site_name":"Eveline Cosmetics Magyarorsz\u00e1g","article_modified_time":"2024-03-09T10:05:01+00:00","og_image":[{"width":750,"height":750,"url":"https:\/\/www.eveline.hu\/2016\/wp-content\/uploads\/2016\/01\/untitled-134.png","type":"image\/png"}],"twitter_card":"summary_large_image","twitter_title":"Eveline kozmetikumok - Arg\u00e1n+Keratin exkluz\u00edv hajolaj 8in1 150ml","twitter_misc":{"Becs\u00fclt olvas\u00e1si id\u0151":"2 perc"},"schema":{"@context":"https:\/\/schema.org","@graph":[{"@type":"WebPage","@id":"https:\/\/www.eveline.hu\/2016\/eveline-kozmetikumok-szepsegapolas\/szepsegapolas\/hajapolas\/argan-keratin-exkluziv-hajolaj-8in1-150ml\/","url":"https:\/\/www.eveline.hu\/2016\/eveline-kozmetikumok-szepsegapolas\/szepsegapolas\/hajapolas\/argan-keratin-exkluziv-hajolaj-8in1-150ml\/","name":"Arg\u00e1n+Keratin exkluz\u00edv hajolaj 8in1 150ml","isPartOf":{"@id":"https:\/\/www.eveline.hu\/2016\/#website"},"primaryImageOfPage":{"@id":"https:\/\/www.eveline.hu\/2016\/eveline-kozmetikumok-szepsegapolas\/szepsegapolas\/hajapolas\/argan-keratin-exkluziv-hajolaj-8in1-150ml\/#primaryimage"},"image":{"@id":"https:\/\/www.eveline.hu\/2016\/eveline-kozmetikumok-szepsegapolas\/szepsegapolas\/hajapolas\/argan-keratin-exkluziv-hajolaj-8in1-150ml\/#primaryimage"},"thumbnailUrl":"https:\/\/www.eveline.hu\/2016\/wp-content\/uploads\/2016\/01\/untitled-134.png","datePublished":"2016-01-28T17:00:36+00:00","dateModified":"2024-03-09T10:05:01+00:00","description":"A pro-repair 4D\u0099 technol\u00f3gia azonnali javul\u00e1st biztos\u00edt a haj megjelen\u00e9s\u00e9ben \u00e9s \u00e1llapot\u00e1ban...","breadcrumb":{"@id":"https:\/\/www.eveline.hu\/2016\/eveline-kozmetikumok-szepsegapolas\/szepsegapolas\/hajapolas\/argan-keratin-exkluziv-hajolaj-8in1-150ml\/#breadcrumb"},"inLanguage":"hu","potentialAction":[{"@type":"ReadAction","target":["https:\/\/www.eveline.hu\/2016\/eveline-kozmetikumok-szepsegapolas\/szepsegapolas\/hajapolas\/argan-keratin-exkluziv-hajolaj-8in1-150ml\/"]}]},{"@type":"ImageObject","inLanguage":"hu","@id":"https:\/\/www.eveline.hu\/2016\/eveline-kozmetikumok-szepsegapolas\/szepsegapolas\/hajapolas\/argan-keratin-exkluziv-hajolaj-8in1-150ml\/#primaryimage","url":"https:\/\/www.eveline.hu\/2016\/wp-content\/uploads\/2016\/01\/untitled-134.png","contentUrl":"https:\/\/www.eveline.hu\/2016\/wp-content\/uploads\/2016\/01\/untitled-134.png","width":750,"height":750},{"@type":"BreadcrumbList","@id":"https:\/\/www.eveline.hu\/2016\/eveline-kozmetikumok-szepsegapolas\/szepsegapolas\/hajapolas\/argan-keratin-exkluziv-hajolaj-8in1-150ml\/#breadcrumb","itemListElement":[{"@type":"ListItem","position":1,"name":"Home","item":"https:\/\/www.eveline.hu\/2016\/"},{"@type":"ListItem","position":2,"name":"Term\u00e9kek","item":"https:\/\/www.eveline.hu\/2016\/shop\/"},{"@type":"ListItem","position":3,"name":"Arg\u00e1n+Keratin exkluz\u00edv hajolaj 8in1 150ml"}]},{"@type":"WebSite","@id":"https:\/\/www.eveline.hu\/2016\/#website","url":"https:\/\/www.eveline.hu\/2016\/","name":"Eveline Cosmetics Magyarorsz\u00e1g","description":"Min\u0151s\u00e9gi kozmetikumok Lengyelorsz\u00e1gb\u00f3l","potentialAction":[{"@type":"SearchAction","target":{"@type":"EntryPoint","urlTemplate":"https:\/\/www.eveline.hu\/2016\/?s={search_term_string}"},"query-input":"required name=search_term_string"}],"inLanguage":"hu"}]}},"_links":{"self":[{"href":"https:\/\/www.eveline.hu\/2016\/wp-json\/wp\/v2\/product\/20860"}],"collection":[{"href":"https:\/\/www.eveline.hu\/2016\/wp-json\/wp\/v2\/product"}],"about":[{"href":"https:\/\/www.eveline.hu\/2016\/wp-json\/wp\/v2\/types\/product"}],"replies":[{"embeddable":true,"href":"https:\/\/www.eveline.hu\/2016\/wp-json\/wp\/v2\/comments?post=20860"}],"wp:featuredmedia":[{"embeddable":true,"href":"https:\/\/www.eveline.hu\/2016\/wp-json\/wp\/v2\/media\/21257"}],"wp:attachment":[{"href":"https:\/\/www.eveline.hu\/2016\/wp-json\/wp\/v2\/media?parent=20860"}],"wp:term":[{"taxonomy":"product_cat","embeddable":true,"href":"https:\/\/www.eveline.hu\/2016\/wp-json\/wp\/v2\/product_cat?post=20860"},{"taxonomy":"product_tag","embeddable":true,"href":"https:\/\/www.eveline.hu\/2016\/wp-json\/wp\/v2\/product_tag?post=20860"}],"curies":[{"name":"wp","href":"https:\/\/api.w.org\/{rel}","templated":true}]}}