{"id":20807,"date":"2016-01-28T17:59:24","date_gmt":"2016-01-28T16:59:24","guid":{"rendered":"http:\/\/www.eveline.hu\/2016\/eveline-kozmetikumok-szepsegapolas\/nem-kategorizalt\/slim-extreme-4d-fitnesz-szerum-250ml\/"},"modified":"2025-07-26T21:36:55","modified_gmt":"2025-07-26T19:36:55","slug":"slim-extreme-4d-fitnesz-szerum-250ml","status":"publish","type":"product","link":"https:\/\/www.eveline.hu\/2016\/eveline-kozmetikumok-szepsegapolas\/szepsegapolas\/testapolas\/slim-extreme-4d-fitnesz-szerum-250ml\/","title":{"rendered":"Slim Extreme 4D Fitnesz sz\u00e9rum 250ml"},"content":{"rendered":"<p><strong>Hat\u00e1sok:<\/strong><br \/>\nA leg\u00fajabb tudom\u00e1nyos eredm\u00e9nyeket kihaszn\u00e1lva, az Eveline Cosmetics laborat\u00f3rium szak\u00e9rt\u0151i olyan innovat\u00edv technol\u00f3giailag fejlett formul\u00e1t alkottak, amely speci\u00e1lis \u00e1pol\u00e1st ny\u00fajt a testnek az azonnali karcs\u00fas\u00edt\u00f3 \u00e9s fogyaszt\u00f3 hat\u00e1s \u00e1ltal. A formula akt\u00edvan t\u00e1mogatja a zs\u00edr\u00e9get\u00e9st \u00e9s rendk\u00edv\u00fcl hat\u00e9konyan cs\u00f6kkenti a cellulitot. A megl\u00e9v\u0151 terhess\u00e9gi cs\u00edkokat kisim\u00edtja, megg\u00e1tolja \u00fajak kialakul\u00e1s\u00e1t. A sz\u00e9rumban felhaszn\u00e1lt leg\u00fajabb gener\u00e1ci\u00f3s \u00f6sszetev\u0151k speci\u00e1lisan a hat\u00e9kony alak karcs\u00fas\u00edt\u00e1s \u00e9s form\u00e1z\u00e1s c\u00e9lj\u00e1b\u00f3l lettek kiv\u00e1lasztva. A term\u00e9k hat\u00e9konyan form\u00e1zza az alakot \u00e9s seg\u00edt el\u00e9rni a l\u00e1tv\u00e1nyos karcs\u00fas\u00edt\u00f3 hat\u00e1st, a fitnesz edz\u00e9shez hasonl\u00f3an.<br \/>\nAz akt\u00edv hat\u00f3anyagok sz\u00e9les v\u00e1laszt\u00e9k\u00e1t tartalmaz\u00f3 formula eljut a legm\u00e9lyebb r\u00e9tegekben l\u00e9v\u0151 zs\u00edrsz\u00f6vetekhez, stimul\u00e1lva a sejteket a zs\u00edr\u00e9get\u00e9sre \u00e9s a cellulit cs\u00f6kkent\u00e9sre.<\/p>\n<p>A legjobb eredm\u00e9ny a sz\u00e9rum testmozg\u00e1s melletti haszn\u00e1lat\u00e1val \u00e9rhet\u0151 el!<\/p>\n<p><strong>Akt\u00edv \u00f6sszetev\u0151k:<\/strong><br \/>\nbioSlim-Fitness Complex\u0099 &#8211; er\u0151s karcs\u00fas\u00edt\u00f3 \u00e9s anticellulit hat\u00e1s\u00fa, er\u0151s\u00edti a t\u00f6bbi alakform\u00e1z\u00f3 \u00f6sszetev\u0151 m\u0171k\u00f6d\u00e9s\u00e9t.<br \/>\nLipocell-Slim\u00ae Complex \u00e9s L-carnitine \u0096 intenz\u00edven stimul\u00e1lj\u00e1k a mikrokering\u00e9st, ez\u00e1ltal t\u00e1mogatva a cellulit \u00e9s zs\u00edrsz\u00f6vet cs\u00f6kkent\u00e9st.<br \/>\nKollag\u00e9n \u00e9s pro-elasztin \u0096 jav\u00edtja a b\u0151r simas\u00e1g\u00e1t, feszess\u00e9g\u00e9t \u00e9s rugalmass\u00e1g\u00e1t.<\/p>\n","protected":false},"excerpt":{"rendered":"<p>250ml ( 9996 Ft\/l )<\/p>\n<p>Speci\u00e1lis \u00e1pol\u00e1st ny\u00fajt a testnek az azonnali karcs\u00fas\u00edt\u00f3 \u00e9s fogyaszt\u00f3 hat\u00e1s \u00e1ltal. A formula akt\u00edvan t\u00e1mogatja a zs\u00edr\u00e9get\u00e9st \u00e9s rendk\u00edv\u00fcl hat\u00e9konyan cs\u00f6kkenti a cellulitot. A megl\u00e9v\u0151 terhess\u00e9gi cs\u00edkokat kisim\u00edtja, megg\u00e1tolja \u00fajak kialakul\u00e1s\u00e1t.<\/p>\n","protected":false},"featured_media":21240,"comment_status":"open","ping_status":"closed","template":"","meta":[],"product_cat":[302,125,135,127,104],"product_tag":[],"yoast_head":"<!-- This site is optimized with the Yoast SEO plugin v22.2 - https:\/\/yoast.com\/wordpress\/plugins\/seo\/ -->\n<title>Slim Extreme 4D Fitnesz sz\u00e9rum 250ml<\/title>\n<meta name=\"description\" content=\"Speci\u00e1lis \u00e1pol\u00e1st ny\u00fajt a testnek az azonnali karcs\u00fas\u00edt\u00f3 \u00e9s fogyaszt\u00f3 hat\u00e1s \u00e1ltal. A formula akt\u00edvan t\u00e1mogatja a zs\u00edr\u00e9get\u00e9st \u00e9s rendk\u00edv\u00fcl hat\u00e9konyan cs\u00f6kkenti a cellulitot. A megl\u00e9v\u00f5 terhess\u00e9gi cs\u00edkokat kisim\u00edtja, megg\u00e1tolja \u00fajak kialakul\u00e1s\u00e1t.\" \/>\n<meta name=\"robots\" content=\"index, follow, max-snippet:-1, max-image-preview:large, max-video-preview:-1\" \/>\n<link rel=\"canonical\" href=\"https:\/\/www.eveline.hu\/2016\/eveline-kozmetikumok-szepsegapolas\/szepsegapolas\/testapolas\/slim-extreme-4d-fitnesz-szerum-250ml\/\" \/>\n<meta property=\"og:locale\" content=\"hu_HU\" \/>\n<meta property=\"og:type\" content=\"article\" \/>\n<meta property=\"og:title\" content=\"Eveline kozmetikumok - Slim Extreme 4D Fitnesz sz\u00e9rum 250ml\" \/>\n<meta property=\"og:description\" content=\"Speci\u00e1lis \u00e1pol\u00e1st ny\u00fajt a testnek az azonnali karcs\u00fas\u00edt\u00f3 \u00e9s fogyaszt\u00f3 hat\u00e1s \u00e1ltal. A formula akt\u00edvan t\u00e1mogatja a zs\u00edr\u00e9get\u00e9st \u00e9s rendk\u00edv\u00fcl hat\u00e9konyan cs\u00f6kkenti a cellulitot. A megl\u00e9v\u00f5 terhess\u00e9gi cs\u00edkokat kisim\u00edtja, megg\u00e1tolja \u00fajak kialakul\u00e1s\u00e1t.\" \/>\n<meta property=\"og:url\" content=\"https:\/\/www.eveline.hu\/2016\/eveline-kozmetikumok-szepsegapolas\/szepsegapolas\/testapolas\/slim-extreme-4d-fitnesz-szerum-250ml\/\" \/>\n<meta property=\"og:site_name\" content=\"Eveline Cosmetics Magyarorsz\u00e1g\" \/>\n<meta property=\"article:modified_time\" content=\"2025-07-26T19:36:55+00:00\" \/>\n<meta property=\"og:image\" content=\"https:\/\/www.eveline.hu\/2016\/wp-content\/uploads\/2016\/01\/0026_e_piel_slim_fitnes.png\" \/>\n\t<meta property=\"og:image:width\" content=\"750\" \/>\n\t<meta property=\"og:image:height\" content=\"750\" \/>\n\t<meta property=\"og:image:type\" content=\"image\/png\" \/>\n<meta name=\"twitter:card\" content=\"summary_large_image\" \/>\n<meta name=\"twitter:title\" content=\"Eveline kozmetikumok - Slim Extreme 4D Fitnesz sz\u00e9rum 250ml\" \/>\n<meta name=\"twitter:label1\" content=\"Becs\u00fclt olvas\u00e1si id\u0151\" \/>\n\t<meta name=\"twitter:data1\" content=\"2 perc\" \/>\n<script type=\"application\/ld+json\" class=\"yoast-schema-graph\">{\"@context\":\"https:\/\/schema.org\",\"@graph\":[{\"@type\":\"WebPage\",\"@id\":\"https:\/\/www.eveline.hu\/2016\/eveline-kozmetikumok-szepsegapolas\/szepsegapolas\/testapolas\/slim-extreme-4d-fitnesz-szerum-250ml\/\",\"url\":\"https:\/\/www.eveline.hu\/2016\/eveline-kozmetikumok-szepsegapolas\/szepsegapolas\/testapolas\/slim-extreme-4d-fitnesz-szerum-250ml\/\",\"name\":\"Slim Extreme 4D Fitnesz sz\u00e9rum 250ml\",\"isPartOf\":{\"@id\":\"https:\/\/www.eveline.hu\/2016\/#website\"},\"primaryImageOfPage\":{\"@id\":\"https:\/\/www.eveline.hu\/2016\/eveline-kozmetikumok-szepsegapolas\/szepsegapolas\/testapolas\/slim-extreme-4d-fitnesz-szerum-250ml\/#primaryimage\"},\"image\":{\"@id\":\"https:\/\/www.eveline.hu\/2016\/eveline-kozmetikumok-szepsegapolas\/szepsegapolas\/testapolas\/slim-extreme-4d-fitnesz-szerum-250ml\/#primaryimage\"},\"thumbnailUrl\":\"https:\/\/www.eveline.hu\/2016\/wp-content\/uploads\/2016\/01\/0026_e_piel_slim_fitnes.png\",\"datePublished\":\"2016-01-28T16:59:24+00:00\",\"dateModified\":\"2025-07-26T19:36:55+00:00\",\"description\":\"Speci\u00e1lis \u00e1pol\u00e1st ny\u00fajt a testnek az azonnali karcs\u00fas\u00edt\u00f3 \u00e9s fogyaszt\u00f3 hat\u00e1s \u00e1ltal. A formula akt\u00edvan t\u00e1mogatja a zs\u00edr\u00e9get\u00e9st \u00e9s rendk\u00edv\u00fcl hat\u00e9konyan cs\u00f6kkenti a cellulitot. A megl\u00e9v\u00f5 terhess\u00e9gi cs\u00edkokat kisim\u00edtja, megg\u00e1tolja \u00fajak kialakul\u00e1s\u00e1t.\",\"breadcrumb\":{\"@id\":\"https:\/\/www.eveline.hu\/2016\/eveline-kozmetikumok-szepsegapolas\/szepsegapolas\/testapolas\/slim-extreme-4d-fitnesz-szerum-250ml\/#breadcrumb\"},\"inLanguage\":\"hu\",\"potentialAction\":[{\"@type\":\"ReadAction\",\"target\":[\"https:\/\/www.eveline.hu\/2016\/eveline-kozmetikumok-szepsegapolas\/szepsegapolas\/testapolas\/slim-extreme-4d-fitnesz-szerum-250ml\/\"]}]},{\"@type\":\"ImageObject\",\"inLanguage\":\"hu\",\"@id\":\"https:\/\/www.eveline.hu\/2016\/eveline-kozmetikumok-szepsegapolas\/szepsegapolas\/testapolas\/slim-extreme-4d-fitnesz-szerum-250ml\/#primaryimage\",\"url\":\"https:\/\/www.eveline.hu\/2016\/wp-content\/uploads\/2016\/01\/0026_e_piel_slim_fitnes.png\",\"contentUrl\":\"https:\/\/www.eveline.hu\/2016\/wp-content\/uploads\/2016\/01\/0026_e_piel_slim_fitnes.png\",\"width\":750,\"height\":750},{\"@type\":\"BreadcrumbList\",\"@id\":\"https:\/\/www.eveline.hu\/2016\/eveline-kozmetikumok-szepsegapolas\/szepsegapolas\/testapolas\/slim-extreme-4d-fitnesz-szerum-250ml\/#breadcrumb\",\"itemListElement\":[{\"@type\":\"ListItem\",\"position\":1,\"name\":\"Home\",\"item\":\"https:\/\/www.eveline.hu\/2016\/\"},{\"@type\":\"ListItem\",\"position\":2,\"name\":\"Term\u00e9kek\",\"item\":\"https:\/\/www.eveline.hu\/2016\/shop\/\"},{\"@type\":\"ListItem\",\"position\":3,\"name\":\"Slim Extreme 4D Fitnesz sz\u00e9rum 250ml\"}]},{\"@type\":\"WebSite\",\"@id\":\"https:\/\/www.eveline.hu\/2016\/#website\",\"url\":\"https:\/\/www.eveline.hu\/2016\/\",\"name\":\"Eveline Cosmetics Magyarorsz\u00e1g\",\"description\":\"Min\u0151s\u00e9gi kozmetikumok Lengyelorsz\u00e1gb\u00f3l\",\"potentialAction\":[{\"@type\":\"SearchAction\",\"target\":{\"@type\":\"EntryPoint\",\"urlTemplate\":\"https:\/\/www.eveline.hu\/2016\/?s={search_term_string}\"},\"query-input\":\"required name=search_term_string\"}],\"inLanguage\":\"hu\"}]}<\/script>\n<!-- \/ Yoast SEO plugin. -->","yoast_head_json":{"title":"Slim Extreme 4D Fitnesz sz\u00e9rum 250ml","description":"Speci\u00e1lis \u00e1pol\u00e1st ny\u00fajt a testnek az azonnali karcs\u00fas\u00edt\u00f3 \u00e9s fogyaszt\u00f3 hat\u00e1s \u00e1ltal. A formula akt\u00edvan t\u00e1mogatja a zs\u00edr\u00e9get\u00e9st \u00e9s rendk\u00edv\u00fcl hat\u00e9konyan cs\u00f6kkenti a cellulitot. A megl\u00e9v\u00f5 terhess\u00e9gi cs\u00edkokat kisim\u00edtja, megg\u00e1tolja \u00fajak kialakul\u00e1s\u00e1t.","robots":{"index":"index","follow":"follow","max-snippet":"max-snippet:-1","max-image-preview":"max-image-preview:large","max-video-preview":"max-video-preview:-1"},"canonical":"https:\/\/www.eveline.hu\/2016\/eveline-kozmetikumok-szepsegapolas\/szepsegapolas\/testapolas\/slim-extreme-4d-fitnesz-szerum-250ml\/","og_locale":"hu_HU","og_type":"article","og_title":"Eveline kozmetikumok - Slim Extreme 4D Fitnesz sz\u00e9rum 250ml","og_description":"Speci\u00e1lis \u00e1pol\u00e1st ny\u00fajt a testnek az azonnali karcs\u00fas\u00edt\u00f3 \u00e9s fogyaszt\u00f3 hat\u00e1s \u00e1ltal. A formula akt\u00edvan t\u00e1mogatja a zs\u00edr\u00e9get\u00e9st \u00e9s rendk\u00edv\u00fcl hat\u00e9konyan cs\u00f6kkenti a cellulitot. A megl\u00e9v\u00f5 terhess\u00e9gi cs\u00edkokat kisim\u00edtja, megg\u00e1tolja \u00fajak kialakul\u00e1s\u00e1t.","og_url":"https:\/\/www.eveline.hu\/2016\/eveline-kozmetikumok-szepsegapolas\/szepsegapolas\/testapolas\/slim-extreme-4d-fitnesz-szerum-250ml\/","og_site_name":"Eveline Cosmetics Magyarorsz\u00e1g","article_modified_time":"2025-07-26T19:36:55+00:00","og_image":[{"width":750,"height":750,"url":"https:\/\/www.eveline.hu\/2016\/wp-content\/uploads\/2016\/01\/0026_e_piel_slim_fitnes.png","type":"image\/png"}],"twitter_card":"summary_large_image","twitter_title":"Eveline kozmetikumok - Slim Extreme 4D Fitnesz sz\u00e9rum 250ml","twitter_misc":{"Becs\u00fclt olvas\u00e1si id\u0151":"2 perc"},"schema":{"@context":"https:\/\/schema.org","@graph":[{"@type":"WebPage","@id":"https:\/\/www.eveline.hu\/2016\/eveline-kozmetikumok-szepsegapolas\/szepsegapolas\/testapolas\/slim-extreme-4d-fitnesz-szerum-250ml\/","url":"https:\/\/www.eveline.hu\/2016\/eveline-kozmetikumok-szepsegapolas\/szepsegapolas\/testapolas\/slim-extreme-4d-fitnesz-szerum-250ml\/","name":"Slim Extreme 4D Fitnesz sz\u00e9rum 250ml","isPartOf":{"@id":"https:\/\/www.eveline.hu\/2016\/#website"},"primaryImageOfPage":{"@id":"https:\/\/www.eveline.hu\/2016\/eveline-kozmetikumok-szepsegapolas\/szepsegapolas\/testapolas\/slim-extreme-4d-fitnesz-szerum-250ml\/#primaryimage"},"image":{"@id":"https:\/\/www.eveline.hu\/2016\/eveline-kozmetikumok-szepsegapolas\/szepsegapolas\/testapolas\/slim-extreme-4d-fitnesz-szerum-250ml\/#primaryimage"},"thumbnailUrl":"https:\/\/www.eveline.hu\/2016\/wp-content\/uploads\/2016\/01\/0026_e_piel_slim_fitnes.png","datePublished":"2016-01-28T16:59:24+00:00","dateModified":"2025-07-26T19:36:55+00:00","description":"Speci\u00e1lis \u00e1pol\u00e1st ny\u00fajt a testnek az azonnali karcs\u00fas\u00edt\u00f3 \u00e9s fogyaszt\u00f3 hat\u00e1s \u00e1ltal. A formula akt\u00edvan t\u00e1mogatja a zs\u00edr\u00e9get\u00e9st \u00e9s rendk\u00edv\u00fcl hat\u00e9konyan cs\u00f6kkenti a cellulitot. A megl\u00e9v\u00f5 terhess\u00e9gi cs\u00edkokat kisim\u00edtja, megg\u00e1tolja \u00fajak kialakul\u00e1s\u00e1t.","breadcrumb":{"@id":"https:\/\/www.eveline.hu\/2016\/eveline-kozmetikumok-szepsegapolas\/szepsegapolas\/testapolas\/slim-extreme-4d-fitnesz-szerum-250ml\/#breadcrumb"},"inLanguage":"hu","potentialAction":[{"@type":"ReadAction","target":["https:\/\/www.eveline.hu\/2016\/eveline-kozmetikumok-szepsegapolas\/szepsegapolas\/testapolas\/slim-extreme-4d-fitnesz-szerum-250ml\/"]}]},{"@type":"ImageObject","inLanguage":"hu","@id":"https:\/\/www.eveline.hu\/2016\/eveline-kozmetikumok-szepsegapolas\/szepsegapolas\/testapolas\/slim-extreme-4d-fitnesz-szerum-250ml\/#primaryimage","url":"https:\/\/www.eveline.hu\/2016\/wp-content\/uploads\/2016\/01\/0026_e_piel_slim_fitnes.png","contentUrl":"https:\/\/www.eveline.hu\/2016\/wp-content\/uploads\/2016\/01\/0026_e_piel_slim_fitnes.png","width":750,"height":750},{"@type":"BreadcrumbList","@id":"https:\/\/www.eveline.hu\/2016\/eveline-kozmetikumok-szepsegapolas\/szepsegapolas\/testapolas\/slim-extreme-4d-fitnesz-szerum-250ml\/#breadcrumb","itemListElement":[{"@type":"ListItem","position":1,"name":"Home","item":"https:\/\/www.eveline.hu\/2016\/"},{"@type":"ListItem","position":2,"name":"Term\u00e9kek","item":"https:\/\/www.eveline.hu\/2016\/shop\/"},{"@type":"ListItem","position":3,"name":"Slim Extreme 4D Fitnesz sz\u00e9rum 250ml"}]},{"@type":"WebSite","@id":"https:\/\/www.eveline.hu\/2016\/#website","url":"https:\/\/www.eveline.hu\/2016\/","name":"Eveline Cosmetics Magyarorsz\u00e1g","description":"Min\u0151s\u00e9gi kozmetikumok Lengyelorsz\u00e1gb\u00f3l","potentialAction":[{"@type":"SearchAction","target":{"@type":"EntryPoint","urlTemplate":"https:\/\/www.eveline.hu\/2016\/?s={search_term_string}"},"query-input":"required name=search_term_string"}],"inLanguage":"hu"}]}},"_links":{"self":[{"href":"https:\/\/www.eveline.hu\/2016\/wp-json\/wp\/v2\/product\/20807"}],"collection":[{"href":"https:\/\/www.eveline.hu\/2016\/wp-json\/wp\/v2\/product"}],"about":[{"href":"https:\/\/www.eveline.hu\/2016\/wp-json\/wp\/v2\/types\/product"}],"replies":[{"embeddable":true,"href":"https:\/\/www.eveline.hu\/2016\/wp-json\/wp\/v2\/comments?post=20807"}],"wp:featuredmedia":[{"embeddable":true,"href":"https:\/\/www.eveline.hu\/2016\/wp-json\/wp\/v2\/media\/21240"}],"wp:attachment":[{"href":"https:\/\/www.eveline.hu\/2016\/wp-json\/wp\/v2\/media?parent=20807"}],"wp:term":[{"taxonomy":"product_cat","embeddable":true,"href":"https:\/\/www.eveline.hu\/2016\/wp-json\/wp\/v2\/product_cat?post=20807"},{"taxonomy":"product_tag","embeddable":true,"href":"https:\/\/www.eveline.hu\/2016\/wp-json\/wp\/v2\/product_tag?post=20807"}],"curies":[{"name":"wp","href":"https:\/\/api.w.org\/{rel}","templated":true}]}}