{"id":20804,"date":"2016-01-28T17:59:24","date_gmt":"2016-01-28T16:59:24","guid":{"rendered":"http:\/\/www.eveline.hu\/2016\/eveline-kozmetikumok-szepsegapolas\/nem-kategorizalt\/slim-extreme-3d-termo-aktiv-karcsusito-szerum-250ml\/"},"modified":"2023-01-28T01:00:12","modified_gmt":"2023-01-28T00:00:12","slug":"slim-extreme-3d-termo-aktiv-karcsusito-szerum-250ml","status":"publish","type":"product","link":"https:\/\/www.eveline.hu\/2016\/eveline-kozmetikumok-szepsegapolas\/szepsegapolas\/testapolas\/slim-extreme-3d-termo-aktiv-karcsusito-szerum-250ml\/","title":{"rendered":"SLIM EXTREME 4D, Zs\u00edr\u00e9get\u0151 Termoaktiv\u00e1tor 250ml"},"content":{"rendered":"<p>Akci\u00f3 id\u0151tartama: 2023.01.17.-01.27.<\/p>\n<p>Az innovat\u00edv formula a tart\u00f3s cellulitisz \u00e9s a felhalmoz\u00f3dott zs\u00edr elleni k\u00fczdelemre \u00f6sszpontos\u00edt, ami seg\u00edt a n\u0151i test alakj\u00e1nak jav\u00edt\u00e1s\u00e1ban. A Thermo Fat Burner \u2122 technol\u00f3giailag kifejlesztett\u00a0 booster, gyeng\u00e9den felmeleg\u00edt \u00e9s lehet\u0151v\u00e9 teszi a zs\u00edrsejtek cs\u00f6kkent\u00e9s\u00e9t.<br \/>\n<strong>Koncentr\u00e1lt akt\u00edv \u00f6sszetev\u0151k<\/strong>: Thermo Fat Burner \u2122, Tabasco kivonat, Intenslim \u2122<br \/>\n<strong>Alkalmaz\u00e1s<\/strong>: a sz\u00e9rumot k\u00f6rk\u00f6r\u00f6s mozdulatokkal vigye fel a test probl\u00e9m\u00e1s ter\u00fcleteire (combok, cs\u00edp\u0151, fen\u00e9k). Haszn\u00e1lat ut\u00e1n mosson kezet. Kellemes meleg\u00edt\u0151 \u00e9rz\u00e9s \u00e9s enyhe b\u0151rp\u00edr alakul ki, ami kb. 30-40 percig tart, garant\u00e1lja az azonnali hat\u00e1st. FIGYELEM! \u00c9rz\u00e9keny b\u0151r\u0171ek, akik hajlamosak a hajsz\u00e1lerek \u00e9s visszerek reped\u00e9s\u00e9re, ne haszn\u00e1lj\u00e1k a k\u00e9sz\u00edtm\u00e9nyt!<\/p>\n<p>&nbsp;<\/p>\n<p>&nbsp;<\/p>\n<p>\u00f6sszetev\u0151k: Aqua (Water), Propylene Glycol, Hedera Helix Leaf Extract, Hydrolyzed Wheat Protein, Butylene Glycol, Centella Asiatica Leaf Extract, Equisetum Arvense Leaf Extract, Laminaria Hyperborea Extract, Caffeine, Glycerin, PEG-40 Hydrogenated Castor Oil, Acrylates\/C10-30 Alkyl Acrylate Crosspolymer, Triethanolamine, Vanillyl Butyl Ether, DMDM Hydantoin, Benzoic Acid, Sorbic Acid, Phenoxyethanol, Parfum (Fragrance), CI 16255, Limonene.<\/p>\n","protected":false},"excerpt":{"rendered":"<p>250ml ( 9196 Ft\/l )<\/p>\n<p>A Thermo Fat Burner \u2122 technol\u00f3giailag kifejlesztett\u00a0 booster, gyeng\u00e9den felmeleg\u00edt \u00e9s lehet\u0151v\u00e9 teszi a zs\u00edrsejtek cs\u00f6kkent\u00e9s\u00e9t.<\/p>\n","protected":false},"featured_media":25976,"comment_status":"open","ping_status":"closed","template":"","meta":[],"product_cat":[125,135,127,104],"product_tag":[],"yoast_head":"<!-- This site is optimized with the Yoast SEO plugin v22.2 - https:\/\/yoast.com\/wordpress\/plugins\/seo\/ -->\n<title>Slim Extreme 3D Termo Akt\u00edv Karcs\u00fas\u00edt\u00f3 Sz\u00e9rum 250ml<\/title>\n<meta name=\"description\" content=\"Termo Akt\u00edv Karcs\u00fas\u00edt\u00f3 Sz\u00e9rum Anticellulit szab\u00e1lyozza a megl\u00e9v\u00f5 zs\u00edrsejtek m\u00e9ret\u00e9t \u00e9s megakad\u00e1lyozza a narancsb\u00f5r megjelen\u00e9s\u00e9t a b\u00f5r\u00f6n. A technol\u00f3giailag kifejlesztett Termo Zs\u00edr\u00e9get\u00f5 formula gyeng\u00e9den felmeleg\u00edti a b\u00f5rt, az akt\u00edv anyagok azonnal behatolnak.\" \/>\n<meta name=\"robots\" content=\"index, follow, max-snippet:-1, max-image-preview:large, max-video-preview:-1\" \/>\n<link rel=\"canonical\" href=\"https:\/\/www.eveline.hu\/2016\/eveline-kozmetikumok-szepsegapolas\/szepsegapolas\/testapolas\/slim-extreme-3d-termo-aktiv-karcsusito-szerum-250ml\/\" \/>\n<meta property=\"og:locale\" content=\"hu_HU\" \/>\n<meta property=\"og:type\" content=\"article\" \/>\n<meta property=\"og:title\" content=\"Eveline kozmetikumok - Slim Extreme 3D Termo Akt\u00edv Karcs\u00fas\u00edt\u00f3 Sz\u00e9rum 250ml\" \/>\n<meta property=\"og:description\" content=\"Termo Akt\u00edv Karcs\u00fas\u00edt\u00f3 Sz\u00e9rum Anticellulit szab\u00e1lyozza a megl\u00e9v\u00f5 zs\u00edrsejtek m\u00e9ret\u00e9t \u00e9s megakad\u00e1lyozza a narancsb\u00f5r megjelen\u00e9s\u00e9t a b\u00f5r\u00f6n. A technol\u00f3giailag kifejlesztett Termo Zs\u00edr\u00e9get\u00f5 formula gyeng\u00e9den felmeleg\u00edti a b\u00f5rt, az akt\u00edv anyagok azonnal behatolnak.\" \/>\n<meta property=\"og:url\" content=\"https:\/\/www.eveline.hu\/2016\/eveline-kozmetikumok-szepsegapolas\/szepsegapolas\/testapolas\/slim-extreme-3d-termo-aktiv-karcsusito-szerum-250ml\/\" \/>\n<meta property=\"og:site_name\" content=\"Eveline Cosmetics Magyarorsz\u00e1g\" \/>\n<meta property=\"article:modified_time\" content=\"2023-01-28T00:00:12+00:00\" \/>\n<meta property=\"og:image\" content=\"https:\/\/www.eveline.hu\/2016\/wp-content\/uploads\/2016\/01\/E_piel_slim_skoncentrowany-termo-aktywator-new-w.png\" \/>\n\t<meta property=\"og:image:width\" content=\"750\" \/>\n\t<meta property=\"og:image:height\" content=\"750\" \/>\n\t<meta property=\"og:image:type\" content=\"image\/png\" \/>\n<meta name=\"twitter:card\" content=\"summary_large_image\" \/>\n<meta name=\"twitter:title\" content=\"Eveline kozmetikumok - Slim Extreme 3D Termo Akt\u00edv Karcs\u00fas\u00edt\u00f3 Sz\u00e9rum 250ml\" \/>\n<meta name=\"twitter:label1\" content=\"Becs\u00fclt olvas\u00e1si id\u0151\" \/>\n\t<meta name=\"twitter:data1\" content=\"1 perc\" \/>\n<script type=\"application\/ld+json\" class=\"yoast-schema-graph\">{\"@context\":\"https:\/\/schema.org\",\"@graph\":[{\"@type\":\"WebPage\",\"@id\":\"https:\/\/www.eveline.hu\/2016\/eveline-kozmetikumok-szepsegapolas\/szepsegapolas\/testapolas\/slim-extreme-3d-termo-aktiv-karcsusito-szerum-250ml\/\",\"url\":\"https:\/\/www.eveline.hu\/2016\/eveline-kozmetikumok-szepsegapolas\/szepsegapolas\/testapolas\/slim-extreme-3d-termo-aktiv-karcsusito-szerum-250ml\/\",\"name\":\"Slim Extreme 3D Termo Akt\u00edv Karcs\u00fas\u00edt\u00f3 Sz\u00e9rum 250ml\",\"isPartOf\":{\"@id\":\"https:\/\/www.eveline.hu\/2016\/#website\"},\"primaryImageOfPage\":{\"@id\":\"https:\/\/www.eveline.hu\/2016\/eveline-kozmetikumok-szepsegapolas\/szepsegapolas\/testapolas\/slim-extreme-3d-termo-aktiv-karcsusito-szerum-250ml\/#primaryimage\"},\"image\":{\"@id\":\"https:\/\/www.eveline.hu\/2016\/eveline-kozmetikumok-szepsegapolas\/szepsegapolas\/testapolas\/slim-extreme-3d-termo-aktiv-karcsusito-szerum-250ml\/#primaryimage\"},\"thumbnailUrl\":\"https:\/\/www.eveline.hu\/2016\/wp-content\/uploads\/2016\/01\/E_piel_slim_skoncentrowany-termo-aktywator-new-w.png\",\"datePublished\":\"2016-01-28T16:59:24+00:00\",\"dateModified\":\"2023-01-28T00:00:12+00:00\",\"description\":\"Termo Akt\u00edv Karcs\u00fas\u00edt\u00f3 Sz\u00e9rum Anticellulit szab\u00e1lyozza a megl\u00e9v\u00f5 zs\u00edrsejtek m\u00e9ret\u00e9t \u00e9s megakad\u00e1lyozza a narancsb\u00f5r megjelen\u00e9s\u00e9t a b\u00f5r\u00f6n. A technol\u00f3giailag kifejlesztett Termo Zs\u00edr\u00e9get\u00f5 formula gyeng\u00e9den felmeleg\u00edti a b\u00f5rt, az akt\u00edv anyagok azonnal behatolnak.\",\"breadcrumb\":{\"@id\":\"https:\/\/www.eveline.hu\/2016\/eveline-kozmetikumok-szepsegapolas\/szepsegapolas\/testapolas\/slim-extreme-3d-termo-aktiv-karcsusito-szerum-250ml\/#breadcrumb\"},\"inLanguage\":\"hu\",\"potentialAction\":[{\"@type\":\"ReadAction\",\"target\":[\"https:\/\/www.eveline.hu\/2016\/eveline-kozmetikumok-szepsegapolas\/szepsegapolas\/testapolas\/slim-extreme-3d-termo-aktiv-karcsusito-szerum-250ml\/\"]}]},{\"@type\":\"ImageObject\",\"inLanguage\":\"hu\",\"@id\":\"https:\/\/www.eveline.hu\/2016\/eveline-kozmetikumok-szepsegapolas\/szepsegapolas\/testapolas\/slim-extreme-3d-termo-aktiv-karcsusito-szerum-250ml\/#primaryimage\",\"url\":\"https:\/\/www.eveline.hu\/2016\/wp-content\/uploads\/2016\/01\/E_piel_slim_skoncentrowany-termo-aktywator-new-w.png\",\"contentUrl\":\"https:\/\/www.eveline.hu\/2016\/wp-content\/uploads\/2016\/01\/E_piel_slim_skoncentrowany-termo-aktywator-new-w.png\",\"width\":750,\"height\":750},{\"@type\":\"BreadcrumbList\",\"@id\":\"https:\/\/www.eveline.hu\/2016\/eveline-kozmetikumok-szepsegapolas\/szepsegapolas\/testapolas\/slim-extreme-3d-termo-aktiv-karcsusito-szerum-250ml\/#breadcrumb\",\"itemListElement\":[{\"@type\":\"ListItem\",\"position\":1,\"name\":\"Home\",\"item\":\"https:\/\/www.eveline.hu\/2016\/\"},{\"@type\":\"ListItem\",\"position\":2,\"name\":\"Term\u00e9kek\",\"item\":\"https:\/\/www.eveline.hu\/2016\/shop\/\"},{\"@type\":\"ListItem\",\"position\":3,\"name\":\"SLIM EXTREME 4D, Zs\u00edr\u00e9get\u0151 Termoaktiv\u00e1tor 250ml\"}]},{\"@type\":\"WebSite\",\"@id\":\"https:\/\/www.eveline.hu\/2016\/#website\",\"url\":\"https:\/\/www.eveline.hu\/2016\/\",\"name\":\"Eveline Cosmetics Magyarorsz\u00e1g\",\"description\":\"Min\u0151s\u00e9gi kozmetikumok Lengyelorsz\u00e1gb\u00f3l\",\"potentialAction\":[{\"@type\":\"SearchAction\",\"target\":{\"@type\":\"EntryPoint\",\"urlTemplate\":\"https:\/\/www.eveline.hu\/2016\/?s={search_term_string}\"},\"query-input\":\"required name=search_term_string\"}],\"inLanguage\":\"hu\"}]}<\/script>\n<!-- \/ Yoast SEO plugin. -->","yoast_head_json":{"title":"Slim Extreme 3D Termo Akt\u00edv Karcs\u00fas\u00edt\u00f3 Sz\u00e9rum 250ml","description":"Termo Akt\u00edv Karcs\u00fas\u00edt\u00f3 Sz\u00e9rum Anticellulit szab\u00e1lyozza a megl\u00e9v\u00f5 zs\u00edrsejtek m\u00e9ret\u00e9t \u00e9s megakad\u00e1lyozza a narancsb\u00f5r megjelen\u00e9s\u00e9t a b\u00f5r\u00f6n. A technol\u00f3giailag kifejlesztett Termo Zs\u00edr\u00e9get\u00f5 formula gyeng\u00e9den felmeleg\u00edti a b\u00f5rt, az akt\u00edv anyagok azonnal behatolnak.","robots":{"index":"index","follow":"follow","max-snippet":"max-snippet:-1","max-image-preview":"max-image-preview:large","max-video-preview":"max-video-preview:-1"},"canonical":"https:\/\/www.eveline.hu\/2016\/eveline-kozmetikumok-szepsegapolas\/szepsegapolas\/testapolas\/slim-extreme-3d-termo-aktiv-karcsusito-szerum-250ml\/","og_locale":"hu_HU","og_type":"article","og_title":"Eveline kozmetikumok - Slim Extreme 3D Termo Akt\u00edv Karcs\u00fas\u00edt\u00f3 Sz\u00e9rum 250ml","og_description":"Termo Akt\u00edv Karcs\u00fas\u00edt\u00f3 Sz\u00e9rum Anticellulit szab\u00e1lyozza a megl\u00e9v\u00f5 zs\u00edrsejtek m\u00e9ret\u00e9t \u00e9s megakad\u00e1lyozza a narancsb\u00f5r megjelen\u00e9s\u00e9t a b\u00f5r\u00f6n. A technol\u00f3giailag kifejlesztett Termo Zs\u00edr\u00e9get\u00f5 formula gyeng\u00e9den felmeleg\u00edti a b\u00f5rt, az akt\u00edv anyagok azonnal behatolnak.","og_url":"https:\/\/www.eveline.hu\/2016\/eveline-kozmetikumok-szepsegapolas\/szepsegapolas\/testapolas\/slim-extreme-3d-termo-aktiv-karcsusito-szerum-250ml\/","og_site_name":"Eveline Cosmetics Magyarorsz\u00e1g","article_modified_time":"2023-01-28T00:00:12+00:00","og_image":[{"width":750,"height":750,"url":"https:\/\/www.eveline.hu\/2016\/wp-content\/uploads\/2016\/01\/E_piel_slim_skoncentrowany-termo-aktywator-new-w.png","type":"image\/png"}],"twitter_card":"summary_large_image","twitter_title":"Eveline kozmetikumok - Slim Extreme 3D Termo Akt\u00edv Karcs\u00fas\u00edt\u00f3 Sz\u00e9rum 250ml","twitter_misc":{"Becs\u00fclt olvas\u00e1si id\u0151":"1 perc"},"schema":{"@context":"https:\/\/schema.org","@graph":[{"@type":"WebPage","@id":"https:\/\/www.eveline.hu\/2016\/eveline-kozmetikumok-szepsegapolas\/szepsegapolas\/testapolas\/slim-extreme-3d-termo-aktiv-karcsusito-szerum-250ml\/","url":"https:\/\/www.eveline.hu\/2016\/eveline-kozmetikumok-szepsegapolas\/szepsegapolas\/testapolas\/slim-extreme-3d-termo-aktiv-karcsusito-szerum-250ml\/","name":"Slim Extreme 3D Termo Akt\u00edv Karcs\u00fas\u00edt\u00f3 Sz\u00e9rum 250ml","isPartOf":{"@id":"https:\/\/www.eveline.hu\/2016\/#website"},"primaryImageOfPage":{"@id":"https:\/\/www.eveline.hu\/2016\/eveline-kozmetikumok-szepsegapolas\/szepsegapolas\/testapolas\/slim-extreme-3d-termo-aktiv-karcsusito-szerum-250ml\/#primaryimage"},"image":{"@id":"https:\/\/www.eveline.hu\/2016\/eveline-kozmetikumok-szepsegapolas\/szepsegapolas\/testapolas\/slim-extreme-3d-termo-aktiv-karcsusito-szerum-250ml\/#primaryimage"},"thumbnailUrl":"https:\/\/www.eveline.hu\/2016\/wp-content\/uploads\/2016\/01\/E_piel_slim_skoncentrowany-termo-aktywator-new-w.png","datePublished":"2016-01-28T16:59:24+00:00","dateModified":"2023-01-28T00:00:12+00:00","description":"Termo Akt\u00edv Karcs\u00fas\u00edt\u00f3 Sz\u00e9rum Anticellulit szab\u00e1lyozza a megl\u00e9v\u00f5 zs\u00edrsejtek m\u00e9ret\u00e9t \u00e9s megakad\u00e1lyozza a narancsb\u00f5r megjelen\u00e9s\u00e9t a b\u00f5r\u00f6n. A technol\u00f3giailag kifejlesztett Termo Zs\u00edr\u00e9get\u00f5 formula gyeng\u00e9den felmeleg\u00edti a b\u00f5rt, az akt\u00edv anyagok azonnal behatolnak.","breadcrumb":{"@id":"https:\/\/www.eveline.hu\/2016\/eveline-kozmetikumok-szepsegapolas\/szepsegapolas\/testapolas\/slim-extreme-3d-termo-aktiv-karcsusito-szerum-250ml\/#breadcrumb"},"inLanguage":"hu","potentialAction":[{"@type":"ReadAction","target":["https:\/\/www.eveline.hu\/2016\/eveline-kozmetikumok-szepsegapolas\/szepsegapolas\/testapolas\/slim-extreme-3d-termo-aktiv-karcsusito-szerum-250ml\/"]}]},{"@type":"ImageObject","inLanguage":"hu","@id":"https:\/\/www.eveline.hu\/2016\/eveline-kozmetikumok-szepsegapolas\/szepsegapolas\/testapolas\/slim-extreme-3d-termo-aktiv-karcsusito-szerum-250ml\/#primaryimage","url":"https:\/\/www.eveline.hu\/2016\/wp-content\/uploads\/2016\/01\/E_piel_slim_skoncentrowany-termo-aktywator-new-w.png","contentUrl":"https:\/\/www.eveline.hu\/2016\/wp-content\/uploads\/2016\/01\/E_piel_slim_skoncentrowany-termo-aktywator-new-w.png","width":750,"height":750},{"@type":"BreadcrumbList","@id":"https:\/\/www.eveline.hu\/2016\/eveline-kozmetikumok-szepsegapolas\/szepsegapolas\/testapolas\/slim-extreme-3d-termo-aktiv-karcsusito-szerum-250ml\/#breadcrumb","itemListElement":[{"@type":"ListItem","position":1,"name":"Home","item":"https:\/\/www.eveline.hu\/2016\/"},{"@type":"ListItem","position":2,"name":"Term\u00e9kek","item":"https:\/\/www.eveline.hu\/2016\/shop\/"},{"@type":"ListItem","position":3,"name":"SLIM EXTREME 4D, Zs\u00edr\u00e9get\u0151 Termoaktiv\u00e1tor 250ml"}]},{"@type":"WebSite","@id":"https:\/\/www.eveline.hu\/2016\/#website","url":"https:\/\/www.eveline.hu\/2016\/","name":"Eveline Cosmetics Magyarorsz\u00e1g","description":"Min\u0151s\u00e9gi kozmetikumok Lengyelorsz\u00e1gb\u00f3l","potentialAction":[{"@type":"SearchAction","target":{"@type":"EntryPoint","urlTemplate":"https:\/\/www.eveline.hu\/2016\/?s={search_term_string}"},"query-input":"required name=search_term_string"}],"inLanguage":"hu"}]}},"_links":{"self":[{"href":"https:\/\/www.eveline.hu\/2016\/wp-json\/wp\/v2\/product\/20804"}],"collection":[{"href":"https:\/\/www.eveline.hu\/2016\/wp-json\/wp\/v2\/product"}],"about":[{"href":"https:\/\/www.eveline.hu\/2016\/wp-json\/wp\/v2\/types\/product"}],"replies":[{"embeddable":true,"href":"https:\/\/www.eveline.hu\/2016\/wp-json\/wp\/v2\/comments?post=20804"}],"wp:featuredmedia":[{"embeddable":true,"href":"https:\/\/www.eveline.hu\/2016\/wp-json\/wp\/v2\/media\/25976"}],"wp:attachment":[{"href":"https:\/\/www.eveline.hu\/2016\/wp-json\/wp\/v2\/media?parent=20804"}],"wp:term":[{"taxonomy":"product_cat","embeddable":true,"href":"https:\/\/www.eveline.hu\/2016\/wp-json\/wp\/v2\/product_cat?post=20804"},{"taxonomy":"product_tag","embeddable":true,"href":"https:\/\/www.eveline.hu\/2016\/wp-json\/wp\/v2\/product_tag?post=20804"}],"curies":[{"name":"wp","href":"https:\/\/api.w.org\/{rel}","templated":true}]}}