{"id":20801,"date":"2016-01-28T17:59:24","date_gmt":"2016-01-28T16:59:24","guid":{"rendered":"http:\/\/www.eveline.hu\/2016\/eveline-kozmetikumok-szepsegapolas\/nem-kategorizalt\/slim-extreme-3d-anticellulit-krem-200-50ml\/"},"modified":"2024-01-06T20:22:45","modified_gmt":"2024-01-06T19:22:45","slug":"slim-extreme-3d-anticellulit-krem-200-50ml","status":"publish","type":"product","link":"https:\/\/www.eveline.hu\/2016\/eveline-kozmetikumok-szepsegapolas\/szepsegapolas\/testapolas\/slim-extreme-3d-anticellulit-krem-200-50ml\/","title":{"rendered":"Slim Extreme 3D Anticellulit Kr\u00e9m 250ml"},"content":{"rendered":"<p><strong>Hat\u00e1sok:<\/strong><br \/>\nAz \u00fajszer\u0171 EVELINE Laborat\u00f3riumban kidolgozott 3D SLIM EXTREME\u00ae Karcs\u00fas\u00edt\u00f3 Kr\u00e9m, szak\u00e9rt\u0151 az \u00d6n alakj\u00e1nak form\u00e1z\u00e1s\u00e1ban. Az L-karnitin tartalomnak k\u00f6sz\u00f6nhet\u0151en gyors\u00edtja a leboml\u00e1st hat\u00e1sosan reduk\u00e1lva a b\u0151r alatti zs\u00edrsz\u00f6vetet.<br \/>\nA term\u00e9kben tal\u00e1lhat\u00f3 Lipocell-Slim\u00ae kiz\u00e1r\u00f3lag a test form\u00e1z\u00e1s, feszes\u00edt\u00e9s \u00e9s fiatal\u00edt\u00e1s \u00e9rdek\u00e9ben lett kidolgozva.<br \/>\nA haszn\u00e1lat sor\u00e1n tapasztalhat\u00f3 kellemes h\u0171s\u00edt\u0151 \u00e9rz\u00e9s garant\u00e1lja a kr\u00e9m azonnali hat\u00e1s\u00e1t.<\/p>\n<p><strong>Akt\u00edv \u00f6sszetev\u0151k:<\/strong><br \/>\n&#8211; Isocell\u00ae Slim, Centella Asiatica, koffein, mentol \u00e9s a borosty\u00e1n kivonat intenz\u00edven stimul\u00e1lj\u00e1k a b\u0151r metab\u00f3likus folyamatait, hat\u00e1sosan megsz\u00fcntetve a \u0093narancsb\u0151r\u0094 szer\u0171 effektust \u00e9s karcs\u00fas\u00edtva az alakot. Meggyors\u00edtj\u00e1k a zs\u00edrsavak \u00e9get\u00e9s\u00e9nek folyamat\u00e1t, blokkolj\u00e1k a zs\u00edrszint\u00e9zist valamint gyors\u00edtj\u00e1k a nyirok t\u00e1voz\u00e1s\u00e1t a zs\u00edrsz\u00f6vetekb\u0151l.<br \/>\n&#8211; A kollag\u00e9n \u00e9s az elasztin maxim\u00e1lisan jav\u00edtj\u00e1k a b\u0151r feszess\u00e9g\u00e9t, simas\u00e1g\u00e1t \u00e9s rugalmass\u00e1g\u00e1t. ?A jap\u00e1n p\u00e1fr\u00e1nyfeny\u0151 \u00e9l\u00e9nk\u00edti a v\u00e9rkering\u00e9st, er\u0151s\u00edti a v\u00e9rereket, kisim\u00edtja a m\u00e1r megl\u00e9v\u0151 \u00e9s megg\u00e1tolja az \u00faj \u0093narancsb\u0151r\u0094 szer\u0171 fel\u00fclet kialakul\u00e1s\u00e1t.<br \/>\n&#8211; A sz\u00e9rum \u00e1pol\u00f3 formul\u00e1ja tartalmazza az \u00e9szak Breton \u00e1rt\u00e9zi vizek \u00e1sv\u00e1nyait valamint a Laminaria alga kivonatot melyek hidrat\u00e1lj\u00e1k \u00e9s t\u00f6k\u00e9letesen friss\u00edtik a b\u0151rt.<\/p>\n","protected":false},"excerpt":{"rendered":"<p>250ml ( 7996 Ft\/l )<\/p>\n<p>Szak\u00e9rt\u0151 az \u00d6n alakj\u00e1nak form\u00e1z\u00e1s\u00e1ban. Az L-karnitin tartalomnak k\u00f6sz\u00f6nhet\u0151en gyors\u00edtja a leboml\u00e1st hat\u00e1sosan reduk\u00e1lva a b\u0151r alatti zs\u00edrsz\u00f6vetet. Minden b\u0151rt\u00edpusra , \u00e9rz\u00e9kenyre is.<\/p>\n","protected":false},"featured_media":21230,"comment_status":"open","ping_status":"closed","template":"","meta":[],"product_cat":[125,127,104],"product_tag":[],"yoast_head":"<!-- This site is optimized with the Yoast SEO plugin v22.2 - https:\/\/yoast.com\/wordpress\/plugins\/seo\/ -->\n<title>Slim Extreme 3D Anticellulit Kr\u00e9m 200+50ml<\/title>\n<meta name=\"description\" content=\"Szak\u00e9rt\u00f5 az \u00d6n alakj\u00e1nak form\u00e1z\u00e1s\u00e1ban. Az L-karnitin tartalomnak k\u00f6sz\u00f6nhet\u00f5en gyors\u00edtja a leboml\u00e1st hat\u00e1sosan reduk\u00e1lva a b\u00f5r alatti zs\u00edrsz\u00f6vetet. Minden b\u00f5rt\u00edpusra , \u00e9rz\u00e9kenyre is.\" \/>\n<meta name=\"robots\" content=\"index, follow, max-snippet:-1, max-image-preview:large, max-video-preview:-1\" \/>\n<link rel=\"canonical\" href=\"https:\/\/www.eveline.hu\/2016\/eveline-kozmetikumok-szepsegapolas\/szepsegapolas\/testapolas\/slim-extreme-3d-anticellulit-krem-200-50ml\/\" \/>\n<meta property=\"og:locale\" content=\"hu_HU\" \/>\n<meta property=\"og:type\" content=\"article\" \/>\n<meta property=\"og:title\" content=\"Eveline kozmetikumok - Slim Extreme 3D Anticellulit Kr\u00e9m 200+50ml\" \/>\n<meta property=\"og:description\" content=\"Szak\u00e9rt\u00f5 az \u00d6n alakj\u00e1nak form\u00e1z\u00e1s\u00e1ban. Az L-karnitin tartalomnak k\u00f6sz\u00f6nhet\u00f5en gyors\u00edtja a leboml\u00e1st hat\u00e1sosan reduk\u00e1lva a b\u00f5r alatti zs\u00edrsz\u00f6vetet. Minden b\u00f5rt\u00edpusra , \u00e9rz\u00e9kenyre is.\" \/>\n<meta property=\"og:url\" content=\"https:\/\/www.eveline.hu\/2016\/eveline-kozmetikumok-szepsegapolas\/szepsegapolas\/testapolas\/slim-extreme-3d-anticellulit-krem-200-50ml\/\" \/>\n<meta property=\"og:site_name\" content=\"Eveline Cosmetics Magyarorsz\u00e1g\" \/>\n<meta property=\"article:modified_time\" content=\"2024-01-06T19:22:45+00:00\" \/>\n<meta property=\"og:image\" content=\"https:\/\/www.eveline.hu\/2016\/wp-content\/uploads\/2016\/01\/0025_e_piel_slim_kre_wysz250.png\" \/>\n\t<meta property=\"og:image:width\" content=\"750\" \/>\n\t<meta property=\"og:image:height\" content=\"750\" \/>\n\t<meta property=\"og:image:type\" content=\"image\/png\" \/>\n<meta name=\"twitter:card\" content=\"summary_large_image\" \/>\n<meta name=\"twitter:title\" content=\"Eveline kozmetikumok - Slim Extreme 3D Anticellulit Kr\u00e9m 200+50ml\" \/>\n<meta name=\"twitter:label1\" content=\"Becs\u00fclt olvas\u00e1si id\u0151\" \/>\n\t<meta name=\"twitter:data1\" content=\"1 perc\" \/>\n<script type=\"application\/ld+json\" class=\"yoast-schema-graph\">{\"@context\":\"https:\/\/schema.org\",\"@graph\":[{\"@type\":\"WebPage\",\"@id\":\"https:\/\/www.eveline.hu\/2016\/eveline-kozmetikumok-szepsegapolas\/szepsegapolas\/testapolas\/slim-extreme-3d-anticellulit-krem-200-50ml\/\",\"url\":\"https:\/\/www.eveline.hu\/2016\/eveline-kozmetikumok-szepsegapolas\/szepsegapolas\/testapolas\/slim-extreme-3d-anticellulit-krem-200-50ml\/\",\"name\":\"Slim Extreme 3D Anticellulit Kr\u00e9m 200+50ml\",\"isPartOf\":{\"@id\":\"https:\/\/www.eveline.hu\/2016\/#website\"},\"primaryImageOfPage\":{\"@id\":\"https:\/\/www.eveline.hu\/2016\/eveline-kozmetikumok-szepsegapolas\/szepsegapolas\/testapolas\/slim-extreme-3d-anticellulit-krem-200-50ml\/#primaryimage\"},\"image\":{\"@id\":\"https:\/\/www.eveline.hu\/2016\/eveline-kozmetikumok-szepsegapolas\/szepsegapolas\/testapolas\/slim-extreme-3d-anticellulit-krem-200-50ml\/#primaryimage\"},\"thumbnailUrl\":\"https:\/\/www.eveline.hu\/2016\/wp-content\/uploads\/2016\/01\/0025_e_piel_slim_kre_wysz250.png\",\"datePublished\":\"2016-01-28T16:59:24+00:00\",\"dateModified\":\"2024-01-06T19:22:45+00:00\",\"description\":\"Szak\u00e9rt\u00f5 az \u00d6n alakj\u00e1nak form\u00e1z\u00e1s\u00e1ban. Az L-karnitin tartalomnak k\u00f6sz\u00f6nhet\u00f5en gyors\u00edtja a leboml\u00e1st hat\u00e1sosan reduk\u00e1lva a b\u00f5r alatti zs\u00edrsz\u00f6vetet. Minden b\u00f5rt\u00edpusra , \u00e9rz\u00e9kenyre is.\",\"breadcrumb\":{\"@id\":\"https:\/\/www.eveline.hu\/2016\/eveline-kozmetikumok-szepsegapolas\/szepsegapolas\/testapolas\/slim-extreme-3d-anticellulit-krem-200-50ml\/#breadcrumb\"},\"inLanguage\":\"hu\",\"potentialAction\":[{\"@type\":\"ReadAction\",\"target\":[\"https:\/\/www.eveline.hu\/2016\/eveline-kozmetikumok-szepsegapolas\/szepsegapolas\/testapolas\/slim-extreme-3d-anticellulit-krem-200-50ml\/\"]}]},{\"@type\":\"ImageObject\",\"inLanguage\":\"hu\",\"@id\":\"https:\/\/www.eveline.hu\/2016\/eveline-kozmetikumok-szepsegapolas\/szepsegapolas\/testapolas\/slim-extreme-3d-anticellulit-krem-200-50ml\/#primaryimage\",\"url\":\"https:\/\/www.eveline.hu\/2016\/wp-content\/uploads\/2016\/01\/0025_e_piel_slim_kre_wysz250.png\",\"contentUrl\":\"https:\/\/www.eveline.hu\/2016\/wp-content\/uploads\/2016\/01\/0025_e_piel_slim_kre_wysz250.png\",\"width\":750,\"height\":750},{\"@type\":\"BreadcrumbList\",\"@id\":\"https:\/\/www.eveline.hu\/2016\/eveline-kozmetikumok-szepsegapolas\/szepsegapolas\/testapolas\/slim-extreme-3d-anticellulit-krem-200-50ml\/#breadcrumb\",\"itemListElement\":[{\"@type\":\"ListItem\",\"position\":1,\"name\":\"Home\",\"item\":\"https:\/\/www.eveline.hu\/2016\/\"},{\"@type\":\"ListItem\",\"position\":2,\"name\":\"Term\u00e9kek\",\"item\":\"https:\/\/www.eveline.hu\/2016\/shop\/\"},{\"@type\":\"ListItem\",\"position\":3,\"name\":\"Slim Extreme 3D Anticellulit Kr\u00e9m 250ml\"}]},{\"@type\":\"WebSite\",\"@id\":\"https:\/\/www.eveline.hu\/2016\/#website\",\"url\":\"https:\/\/www.eveline.hu\/2016\/\",\"name\":\"Eveline Cosmetics Magyarorsz\u00e1g\",\"description\":\"Min\u0151s\u00e9gi kozmetikumok Lengyelorsz\u00e1gb\u00f3l\",\"potentialAction\":[{\"@type\":\"SearchAction\",\"target\":{\"@type\":\"EntryPoint\",\"urlTemplate\":\"https:\/\/www.eveline.hu\/2016\/?s={search_term_string}\"},\"query-input\":\"required name=search_term_string\"}],\"inLanguage\":\"hu\"}]}<\/script>\n<!-- \/ Yoast SEO plugin. -->","yoast_head_json":{"title":"Slim Extreme 3D Anticellulit Kr\u00e9m 200+50ml","description":"Szak\u00e9rt\u00f5 az \u00d6n alakj\u00e1nak form\u00e1z\u00e1s\u00e1ban. Az L-karnitin tartalomnak k\u00f6sz\u00f6nhet\u00f5en gyors\u00edtja a leboml\u00e1st hat\u00e1sosan reduk\u00e1lva a b\u00f5r alatti zs\u00edrsz\u00f6vetet. Minden b\u00f5rt\u00edpusra , \u00e9rz\u00e9kenyre is.","robots":{"index":"index","follow":"follow","max-snippet":"max-snippet:-1","max-image-preview":"max-image-preview:large","max-video-preview":"max-video-preview:-1"},"canonical":"https:\/\/www.eveline.hu\/2016\/eveline-kozmetikumok-szepsegapolas\/szepsegapolas\/testapolas\/slim-extreme-3d-anticellulit-krem-200-50ml\/","og_locale":"hu_HU","og_type":"article","og_title":"Eveline kozmetikumok - Slim Extreme 3D Anticellulit Kr\u00e9m 200+50ml","og_description":"Szak\u00e9rt\u00f5 az \u00d6n alakj\u00e1nak form\u00e1z\u00e1s\u00e1ban. Az L-karnitin tartalomnak k\u00f6sz\u00f6nhet\u00f5en gyors\u00edtja a leboml\u00e1st hat\u00e1sosan reduk\u00e1lva a b\u00f5r alatti zs\u00edrsz\u00f6vetet. Minden b\u00f5rt\u00edpusra , \u00e9rz\u00e9kenyre is.","og_url":"https:\/\/www.eveline.hu\/2016\/eveline-kozmetikumok-szepsegapolas\/szepsegapolas\/testapolas\/slim-extreme-3d-anticellulit-krem-200-50ml\/","og_site_name":"Eveline Cosmetics Magyarorsz\u00e1g","article_modified_time":"2024-01-06T19:22:45+00:00","og_image":[{"width":750,"height":750,"url":"https:\/\/www.eveline.hu\/2016\/wp-content\/uploads\/2016\/01\/0025_e_piel_slim_kre_wysz250.png","type":"image\/png"}],"twitter_card":"summary_large_image","twitter_title":"Eveline kozmetikumok - Slim Extreme 3D Anticellulit Kr\u00e9m 200+50ml","twitter_misc":{"Becs\u00fclt olvas\u00e1si id\u0151":"1 perc"},"schema":{"@context":"https:\/\/schema.org","@graph":[{"@type":"WebPage","@id":"https:\/\/www.eveline.hu\/2016\/eveline-kozmetikumok-szepsegapolas\/szepsegapolas\/testapolas\/slim-extreme-3d-anticellulit-krem-200-50ml\/","url":"https:\/\/www.eveline.hu\/2016\/eveline-kozmetikumok-szepsegapolas\/szepsegapolas\/testapolas\/slim-extreme-3d-anticellulit-krem-200-50ml\/","name":"Slim Extreme 3D Anticellulit Kr\u00e9m 200+50ml","isPartOf":{"@id":"https:\/\/www.eveline.hu\/2016\/#website"},"primaryImageOfPage":{"@id":"https:\/\/www.eveline.hu\/2016\/eveline-kozmetikumok-szepsegapolas\/szepsegapolas\/testapolas\/slim-extreme-3d-anticellulit-krem-200-50ml\/#primaryimage"},"image":{"@id":"https:\/\/www.eveline.hu\/2016\/eveline-kozmetikumok-szepsegapolas\/szepsegapolas\/testapolas\/slim-extreme-3d-anticellulit-krem-200-50ml\/#primaryimage"},"thumbnailUrl":"https:\/\/www.eveline.hu\/2016\/wp-content\/uploads\/2016\/01\/0025_e_piel_slim_kre_wysz250.png","datePublished":"2016-01-28T16:59:24+00:00","dateModified":"2024-01-06T19:22:45+00:00","description":"Szak\u00e9rt\u00f5 az \u00d6n alakj\u00e1nak form\u00e1z\u00e1s\u00e1ban. Az L-karnitin tartalomnak k\u00f6sz\u00f6nhet\u00f5en gyors\u00edtja a leboml\u00e1st hat\u00e1sosan reduk\u00e1lva a b\u00f5r alatti zs\u00edrsz\u00f6vetet. Minden b\u00f5rt\u00edpusra , \u00e9rz\u00e9kenyre is.","breadcrumb":{"@id":"https:\/\/www.eveline.hu\/2016\/eveline-kozmetikumok-szepsegapolas\/szepsegapolas\/testapolas\/slim-extreme-3d-anticellulit-krem-200-50ml\/#breadcrumb"},"inLanguage":"hu","potentialAction":[{"@type":"ReadAction","target":["https:\/\/www.eveline.hu\/2016\/eveline-kozmetikumok-szepsegapolas\/szepsegapolas\/testapolas\/slim-extreme-3d-anticellulit-krem-200-50ml\/"]}]},{"@type":"ImageObject","inLanguage":"hu","@id":"https:\/\/www.eveline.hu\/2016\/eveline-kozmetikumok-szepsegapolas\/szepsegapolas\/testapolas\/slim-extreme-3d-anticellulit-krem-200-50ml\/#primaryimage","url":"https:\/\/www.eveline.hu\/2016\/wp-content\/uploads\/2016\/01\/0025_e_piel_slim_kre_wysz250.png","contentUrl":"https:\/\/www.eveline.hu\/2016\/wp-content\/uploads\/2016\/01\/0025_e_piel_slim_kre_wysz250.png","width":750,"height":750},{"@type":"BreadcrumbList","@id":"https:\/\/www.eveline.hu\/2016\/eveline-kozmetikumok-szepsegapolas\/szepsegapolas\/testapolas\/slim-extreme-3d-anticellulit-krem-200-50ml\/#breadcrumb","itemListElement":[{"@type":"ListItem","position":1,"name":"Home","item":"https:\/\/www.eveline.hu\/2016\/"},{"@type":"ListItem","position":2,"name":"Term\u00e9kek","item":"https:\/\/www.eveline.hu\/2016\/shop\/"},{"@type":"ListItem","position":3,"name":"Slim Extreme 3D Anticellulit Kr\u00e9m 250ml"}]},{"@type":"WebSite","@id":"https:\/\/www.eveline.hu\/2016\/#website","url":"https:\/\/www.eveline.hu\/2016\/","name":"Eveline Cosmetics Magyarorsz\u00e1g","description":"Min\u0151s\u00e9gi kozmetikumok Lengyelorsz\u00e1gb\u00f3l","potentialAction":[{"@type":"SearchAction","target":{"@type":"EntryPoint","urlTemplate":"https:\/\/www.eveline.hu\/2016\/?s={search_term_string}"},"query-input":"required name=search_term_string"}],"inLanguage":"hu"}]}},"_links":{"self":[{"href":"https:\/\/www.eveline.hu\/2016\/wp-json\/wp\/v2\/product\/20801"}],"collection":[{"href":"https:\/\/www.eveline.hu\/2016\/wp-json\/wp\/v2\/product"}],"about":[{"href":"https:\/\/www.eveline.hu\/2016\/wp-json\/wp\/v2\/types\/product"}],"replies":[{"embeddable":true,"href":"https:\/\/www.eveline.hu\/2016\/wp-json\/wp\/v2\/comments?post=20801"}],"wp:featuredmedia":[{"embeddable":true,"href":"https:\/\/www.eveline.hu\/2016\/wp-json\/wp\/v2\/media\/21230"}],"wp:attachment":[{"href":"https:\/\/www.eveline.hu\/2016\/wp-json\/wp\/v2\/media?parent=20801"}],"wp:term":[{"taxonomy":"product_cat","embeddable":true,"href":"https:\/\/www.eveline.hu\/2016\/wp-json\/wp\/v2\/product_cat?post=20801"},{"taxonomy":"product_tag","embeddable":true,"href":"https:\/\/www.eveline.hu\/2016\/wp-json\/wp\/v2\/product_tag?post=20801"}],"curies":[{"name":"wp","href":"https:\/\/api.w.org\/{rel}","templated":true}]}}