{"id":20795,"date":"2016-01-28T17:59:08","date_gmt":"2016-01-28T16:59:08","guid":{"rendered":"http:\/\/www.eveline.hu\/2016\/eveline-kozmetikumok-szepsegapolas\/nem-kategorizalt\/szempillaspiral-volume-celebrity\/"},"modified":"2025-07-30T15:30:18","modified_gmt":"2025-07-30T13:30:18","slug":"szempillaspiral-volume-celebrity","status":"publish","type":"product","link":"https:\/\/www.eveline.hu\/2016\/eveline-kozmetikumok-szepsegapolas\/smink\/szem\/szempillaspiralok\/szempillaspiral-volume-celebrity\/","title":{"rendered":"Szempillaspir\u00e1l Volume Celebrities 9ml"},"content":{"rendered":"<p>A Volume Celebrities szempillaspir\u00e1l egy spir\u00e1l tulajdons\u00e1gain fel\u00fcl \u00fajj\u00e1\u00e9p\u00edt\u0151 sz\u00e9rumot is tartalmaz, amely \u00e1ltal maxim\u00e1lisan hossz\u00fa, k\u00fcl\u00f6nlegesen vastag \u00e9s d\u00fas szempill\u00e1kat \u00e9rhet\u00fcnk el. A k\u00fcl\u00f6nlegesen megform\u00e1lt kefe prec\u00edzen sz\u00e9tv\u00e1lasztja \u00e9s megemeli a szempill\u00e1kat, megg\u00e1tolja a csom\u00f3sod\u00e1st. A hat\u00e1s m\u00e1r az els\u0151 haszn\u00e1lat ut\u00e1n l\u00e1that\u00f3, a tov\u00e1bbi alkalmaz\u00e1s sor\u00e1n a lehet\u0151s\u00e9gek hat\u00e1r\u00e1ig hosszabb\u00edthatjuk \u00e9s vastag\u00edthatjuk a szempill\u00e1kat.<br \/>\nA szempillaspir\u00e1l rendszeres haszn\u00e1lata vitalit\u00e1st \u00e9s rugalmas tart\u00e1st biztos\u00edt szempill\u00e1inak!<\/p>\n<p><strong>Hat\u00e1s:<\/strong><br \/>\n&#8211; 10 x vastag\u00edt\u00e1s, 45\u0092 megemel\u00e9se a szempill\u00e1knak.<br \/>\n&#8211; T\u00f6k\u00e9letes sz\u00e9tv\u00e1laszt\u00e1s \u00e9s semmi csom\u00f3.<br \/>\n&#8211; Gy\u00f6ny\u00f6r\u0171 \u00e9s megkap\u00f3 tekintet.<br \/>\n&#8211; Hat\u00e9kony \u00e1pol\u00e1s a term\u00e9szetes \u00f6sszetev\u0151knek k\u00f6sz\u00f6nhet\u0151en.<br \/>\n&#8211; Term\u00e9szetes n\u00f6veked\u00e9s, vitalit\u00e1s \u00e9s rugalmass\u00e1g.<\/p>\n<p><strong>Akt\u00edv \u00f6sszetev\u0151k:<\/strong><br \/>\n&#8211; \u00c1sv\u00e1nyi pigmentek \u00e9s term\u00e9szetes Carnauba viasz \u0096 serkenti a szempilla n\u00f6veked\u00e9st, megg\u00e1tolja kies\u00e9s\u00fcket \u00e9s t\u00f6redez\u00e9s\u00fcket.<br \/>\n&#8211; D-panthenol \u0096 \u00fajj\u00e1\u00e9p\u00edti a szempilla szerkezet\u00e9t, l\u00e1that\u00f3an vastag\u00edtja \u00e9s s\u0171r\u0171s\u00edti.<br \/>\n&#8211; Jojoba olaj; A, F \u00e9s E vitaminok \u0096 m\u00e9lyen hidrat\u00e1lnak, er\u0151s\u00edtik \u00e9s rugalmass\u00e1 teszik a szempill\u00e1kat.<\/p>\n<p>&nbsp;<\/p>\n<p>\u00f6sszetev\u0151k: Aqua Synthetic Beeswax Paraffin Acacia Senegal Gum Stearic Acid Triethanolamine Palmitic Acid Butylene Glycol Copernicia Cerifera Cera Glyceryl Stearate Polybutene VP\/Eicosene Copolymer Oryza Sativa Cera Hydroxyethylcellulose Myristic Acid Arachidic Acid Behenic Acid Oleic Acid Phenoxyethanol Methylparaben Propylparaben CI 77499.<\/p>\n","protected":false},"excerpt":{"rendered":"<p>Egy spir\u00e1l tulajdons\u00e1gain fel\u00fcl \u00fajj\u00e1\u00e9p\u00edt\u0151 sz\u00e9rumot is tartalmaz, amely \u00e1ltal maxim\u00e1lisan hossz\u00fa, k\u00fcl\u00f6nlegesen vastag \u00e9s d\u00fas szempill\u00e1kat \u00e9rhet\u00fcnk el. A k\u00fcl\u00f6nlegesen megform\u00e1lt kefe prec\u00edzen sz\u00e9tv\u00e1lasztja \u00e9s megemeli a szempill\u00e1kat.<\/p>\n","protected":false},"featured_media":23999,"comment_status":"open","ping_status":"closed","template":"","meta":[],"product_cat":[130,132,149],"product_tag":[],"yoast_head":"<!-- This site is optimized with the Yoast SEO plugin v22.2 - https:\/\/yoast.com\/wordpress\/plugins\/seo\/ -->\n<title>Szempillaspir\u00e1l Volume Celebrity<\/title>\n<meta name=\"description\" content=\"Egy spir\u00e1l tulajdons\u00e1gain fel\u00fcl \u00fajj\u00e1\u00e9p\u00edt\u00f5 sz\u00e9rumot is tartalmaz, amely \u00e1ltal maxim\u00e1lisan hossz\u00fa, k\u00fcl\u00f6nlegesen vastag \u00e9s d\u00fas szempill\u00e1kat \u00e9rhet\u00fcnk el. A k\u00fcl\u00f6nlegesen megform\u00e1lt kefe prec\u00edzen sz\u00e9tv\u00e1lasztja \u00e9s megemeli a szempill\u00e1kat.\" \/>\n<meta name=\"robots\" content=\"index, follow, max-snippet:-1, max-image-preview:large, max-video-preview:-1\" \/>\n<link rel=\"canonical\" href=\"https:\/\/www.eveline.hu\/2016\/eveline-kozmetikumok-szepsegapolas\/smink\/szem\/szempillaspiralok\/szempillaspiral-volume-celebrity\/\" \/>\n<meta property=\"og:locale\" content=\"hu_HU\" \/>\n<meta property=\"og:type\" content=\"article\" \/>\n<meta property=\"og:title\" content=\"Eveline kozmetikumok - Szempillaspir\u00e1l Volume Celebrity\" \/>\n<meta property=\"og:description\" content=\"Egy spir\u00e1l tulajdons\u00e1gain fel\u00fcl \u00fajj\u00e1\u00e9p\u00edt\u00f5 sz\u00e9rumot is tartalmaz, amely \u00e1ltal maxim\u00e1lisan hossz\u00fa, k\u00fcl\u00f6nlegesen vastag \u00e9s d\u00fas szempill\u00e1kat \u00e9rhet\u00fcnk el. A k\u00fcl\u00f6nlegesen megform\u00e1lt kefe prec\u00edzen sz\u00e9tv\u00e1lasztja \u00e9s megemeli a szempill\u00e1kat.\" \/>\n<meta property=\"og:url\" content=\"https:\/\/www.eveline.hu\/2016\/eveline-kozmetikumok-szepsegapolas\/smink\/szem\/szempillaspiralok\/szempillaspiral-volume-celebrity\/\" \/>\n<meta property=\"og:site_name\" content=\"Eveline Cosmetics Magyarorsz\u00e1g\" \/>\n<meta property=\"article:modified_time\" content=\"2025-07-30T13:30:18+00:00\" \/>\n<meta property=\"og:image\" content=\"https:\/\/www.eveline.hu\/2016\/wp-content\/uploads\/2016\/01\/Spir\u00e1l-Celebrity-w.png\" \/>\n\t<meta property=\"og:image:width\" content=\"750\" \/>\n\t<meta property=\"og:image:height\" content=\"750\" \/>\n\t<meta property=\"og:image:type\" content=\"image\/png\" \/>\n<meta name=\"twitter:card\" content=\"summary_large_image\" \/>\n<meta name=\"twitter:title\" content=\"Eveline kozmetikumok - Szempillaspir\u00e1l Volume Celebrity\" \/>\n<meta name=\"twitter:label1\" content=\"Becs\u00fclt olvas\u00e1si id\u0151\" \/>\n\t<meta name=\"twitter:data1\" content=\"2 perc\" \/>\n<script type=\"application\/ld+json\" class=\"yoast-schema-graph\">{\"@context\":\"https:\/\/schema.org\",\"@graph\":[{\"@type\":\"WebPage\",\"@id\":\"https:\/\/www.eveline.hu\/2016\/eveline-kozmetikumok-szepsegapolas\/smink\/szem\/szempillaspiralok\/szempillaspiral-volume-celebrity\/\",\"url\":\"https:\/\/www.eveline.hu\/2016\/eveline-kozmetikumok-szepsegapolas\/smink\/szem\/szempillaspiralok\/szempillaspiral-volume-celebrity\/\",\"name\":\"Szempillaspir\u00e1l Volume Celebrity\",\"isPartOf\":{\"@id\":\"https:\/\/www.eveline.hu\/2016\/#website\"},\"primaryImageOfPage\":{\"@id\":\"https:\/\/www.eveline.hu\/2016\/eveline-kozmetikumok-szepsegapolas\/smink\/szem\/szempillaspiralok\/szempillaspiral-volume-celebrity\/#primaryimage\"},\"image\":{\"@id\":\"https:\/\/www.eveline.hu\/2016\/eveline-kozmetikumok-szepsegapolas\/smink\/szem\/szempillaspiralok\/szempillaspiral-volume-celebrity\/#primaryimage\"},\"thumbnailUrl\":\"https:\/\/www.eveline.hu\/2016\/wp-content\/uploads\/2016\/01\/Spir\u00e1l-Celebrity-w.png\",\"datePublished\":\"2016-01-28T16:59:08+00:00\",\"dateModified\":\"2025-07-30T13:30:18+00:00\",\"description\":\"Egy spir\u00e1l tulajdons\u00e1gain fel\u00fcl \u00fajj\u00e1\u00e9p\u00edt\u00f5 sz\u00e9rumot is tartalmaz, amely \u00e1ltal maxim\u00e1lisan hossz\u00fa, k\u00fcl\u00f6nlegesen vastag \u00e9s d\u00fas szempill\u00e1kat \u00e9rhet\u00fcnk el. A k\u00fcl\u00f6nlegesen megform\u00e1lt kefe prec\u00edzen sz\u00e9tv\u00e1lasztja \u00e9s megemeli a szempill\u00e1kat.\",\"breadcrumb\":{\"@id\":\"https:\/\/www.eveline.hu\/2016\/eveline-kozmetikumok-szepsegapolas\/smink\/szem\/szempillaspiralok\/szempillaspiral-volume-celebrity\/#breadcrumb\"},\"inLanguage\":\"hu\",\"potentialAction\":[{\"@type\":\"ReadAction\",\"target\":[\"https:\/\/www.eveline.hu\/2016\/eveline-kozmetikumok-szepsegapolas\/smink\/szem\/szempillaspiralok\/szempillaspiral-volume-celebrity\/\"]}]},{\"@type\":\"ImageObject\",\"inLanguage\":\"hu\",\"@id\":\"https:\/\/www.eveline.hu\/2016\/eveline-kozmetikumok-szepsegapolas\/smink\/szem\/szempillaspiralok\/szempillaspiral-volume-celebrity\/#primaryimage\",\"url\":\"https:\/\/www.eveline.hu\/2016\/wp-content\/uploads\/2016\/01\/Spir\u00e1l-Celebrity-w.png\",\"contentUrl\":\"https:\/\/www.eveline.hu\/2016\/wp-content\/uploads\/2016\/01\/Spir\u00e1l-Celebrity-w.png\",\"width\":750,\"height\":750},{\"@type\":\"BreadcrumbList\",\"@id\":\"https:\/\/www.eveline.hu\/2016\/eveline-kozmetikumok-szepsegapolas\/smink\/szem\/szempillaspiralok\/szempillaspiral-volume-celebrity\/#breadcrumb\",\"itemListElement\":[{\"@type\":\"ListItem\",\"position\":1,\"name\":\"Home\",\"item\":\"https:\/\/www.eveline.hu\/2016\/\"},{\"@type\":\"ListItem\",\"position\":2,\"name\":\"Term\u00e9kek\",\"item\":\"https:\/\/www.eveline.hu\/2016\/shop\/\"},{\"@type\":\"ListItem\",\"position\":3,\"name\":\"Szempillaspir\u00e1l Volume Celebrities 9ml\"}]},{\"@type\":\"WebSite\",\"@id\":\"https:\/\/www.eveline.hu\/2016\/#website\",\"url\":\"https:\/\/www.eveline.hu\/2016\/\",\"name\":\"Eveline Cosmetics Magyarorsz\u00e1g\",\"description\":\"Min\u0151s\u00e9gi kozmetikumok Lengyelorsz\u00e1gb\u00f3l\",\"potentialAction\":[{\"@type\":\"SearchAction\",\"target\":{\"@type\":\"EntryPoint\",\"urlTemplate\":\"https:\/\/www.eveline.hu\/2016\/?s={search_term_string}\"},\"query-input\":\"required name=search_term_string\"}],\"inLanguage\":\"hu\"}]}<\/script>\n<!-- \/ Yoast SEO plugin. -->","yoast_head_json":{"title":"Szempillaspir\u00e1l Volume Celebrity","description":"Egy spir\u00e1l tulajdons\u00e1gain fel\u00fcl \u00fajj\u00e1\u00e9p\u00edt\u00f5 sz\u00e9rumot is tartalmaz, amely \u00e1ltal maxim\u00e1lisan hossz\u00fa, k\u00fcl\u00f6nlegesen vastag \u00e9s d\u00fas szempill\u00e1kat \u00e9rhet\u00fcnk el. A k\u00fcl\u00f6nlegesen megform\u00e1lt kefe prec\u00edzen sz\u00e9tv\u00e1lasztja \u00e9s megemeli a szempill\u00e1kat.","robots":{"index":"index","follow":"follow","max-snippet":"max-snippet:-1","max-image-preview":"max-image-preview:large","max-video-preview":"max-video-preview:-1"},"canonical":"https:\/\/www.eveline.hu\/2016\/eveline-kozmetikumok-szepsegapolas\/smink\/szem\/szempillaspiralok\/szempillaspiral-volume-celebrity\/","og_locale":"hu_HU","og_type":"article","og_title":"Eveline kozmetikumok - Szempillaspir\u00e1l Volume Celebrity","og_description":"Egy spir\u00e1l tulajdons\u00e1gain fel\u00fcl \u00fajj\u00e1\u00e9p\u00edt\u00f5 sz\u00e9rumot is tartalmaz, amely \u00e1ltal maxim\u00e1lisan hossz\u00fa, k\u00fcl\u00f6nlegesen vastag \u00e9s d\u00fas szempill\u00e1kat \u00e9rhet\u00fcnk el. A k\u00fcl\u00f6nlegesen megform\u00e1lt kefe prec\u00edzen sz\u00e9tv\u00e1lasztja \u00e9s megemeli a szempill\u00e1kat.","og_url":"https:\/\/www.eveline.hu\/2016\/eveline-kozmetikumok-szepsegapolas\/smink\/szem\/szempillaspiralok\/szempillaspiral-volume-celebrity\/","og_site_name":"Eveline Cosmetics Magyarorsz\u00e1g","article_modified_time":"2025-07-30T13:30:18+00:00","og_image":[{"width":750,"height":750,"url":"https:\/\/www.eveline.hu\/2016\/wp-content\/uploads\/2016\/01\/Spir\u00e1l-Celebrity-w.png","type":"image\/png"}],"twitter_card":"summary_large_image","twitter_title":"Eveline kozmetikumok - Szempillaspir\u00e1l Volume Celebrity","twitter_misc":{"Becs\u00fclt olvas\u00e1si id\u0151":"2 perc"},"schema":{"@context":"https:\/\/schema.org","@graph":[{"@type":"WebPage","@id":"https:\/\/www.eveline.hu\/2016\/eveline-kozmetikumok-szepsegapolas\/smink\/szem\/szempillaspiralok\/szempillaspiral-volume-celebrity\/","url":"https:\/\/www.eveline.hu\/2016\/eveline-kozmetikumok-szepsegapolas\/smink\/szem\/szempillaspiralok\/szempillaspiral-volume-celebrity\/","name":"Szempillaspir\u00e1l Volume Celebrity","isPartOf":{"@id":"https:\/\/www.eveline.hu\/2016\/#website"},"primaryImageOfPage":{"@id":"https:\/\/www.eveline.hu\/2016\/eveline-kozmetikumok-szepsegapolas\/smink\/szem\/szempillaspiralok\/szempillaspiral-volume-celebrity\/#primaryimage"},"image":{"@id":"https:\/\/www.eveline.hu\/2016\/eveline-kozmetikumok-szepsegapolas\/smink\/szem\/szempillaspiralok\/szempillaspiral-volume-celebrity\/#primaryimage"},"thumbnailUrl":"https:\/\/www.eveline.hu\/2016\/wp-content\/uploads\/2016\/01\/Spir\u00e1l-Celebrity-w.png","datePublished":"2016-01-28T16:59:08+00:00","dateModified":"2025-07-30T13:30:18+00:00","description":"Egy spir\u00e1l tulajdons\u00e1gain fel\u00fcl \u00fajj\u00e1\u00e9p\u00edt\u00f5 sz\u00e9rumot is tartalmaz, amely \u00e1ltal maxim\u00e1lisan hossz\u00fa, k\u00fcl\u00f6nlegesen vastag \u00e9s d\u00fas szempill\u00e1kat \u00e9rhet\u00fcnk el. A k\u00fcl\u00f6nlegesen megform\u00e1lt kefe prec\u00edzen sz\u00e9tv\u00e1lasztja \u00e9s megemeli a szempill\u00e1kat.","breadcrumb":{"@id":"https:\/\/www.eveline.hu\/2016\/eveline-kozmetikumok-szepsegapolas\/smink\/szem\/szempillaspiralok\/szempillaspiral-volume-celebrity\/#breadcrumb"},"inLanguage":"hu","potentialAction":[{"@type":"ReadAction","target":["https:\/\/www.eveline.hu\/2016\/eveline-kozmetikumok-szepsegapolas\/smink\/szem\/szempillaspiralok\/szempillaspiral-volume-celebrity\/"]}]},{"@type":"ImageObject","inLanguage":"hu","@id":"https:\/\/www.eveline.hu\/2016\/eveline-kozmetikumok-szepsegapolas\/smink\/szem\/szempillaspiralok\/szempillaspiral-volume-celebrity\/#primaryimage","url":"https:\/\/www.eveline.hu\/2016\/wp-content\/uploads\/2016\/01\/Spir\u00e1l-Celebrity-w.png","contentUrl":"https:\/\/www.eveline.hu\/2016\/wp-content\/uploads\/2016\/01\/Spir\u00e1l-Celebrity-w.png","width":750,"height":750},{"@type":"BreadcrumbList","@id":"https:\/\/www.eveline.hu\/2016\/eveline-kozmetikumok-szepsegapolas\/smink\/szem\/szempillaspiralok\/szempillaspiral-volume-celebrity\/#breadcrumb","itemListElement":[{"@type":"ListItem","position":1,"name":"Home","item":"https:\/\/www.eveline.hu\/2016\/"},{"@type":"ListItem","position":2,"name":"Term\u00e9kek","item":"https:\/\/www.eveline.hu\/2016\/shop\/"},{"@type":"ListItem","position":3,"name":"Szempillaspir\u00e1l Volume Celebrities 9ml"}]},{"@type":"WebSite","@id":"https:\/\/www.eveline.hu\/2016\/#website","url":"https:\/\/www.eveline.hu\/2016\/","name":"Eveline Cosmetics Magyarorsz\u00e1g","description":"Min\u0151s\u00e9gi kozmetikumok Lengyelorsz\u00e1gb\u00f3l","potentialAction":[{"@type":"SearchAction","target":{"@type":"EntryPoint","urlTemplate":"https:\/\/www.eveline.hu\/2016\/?s={search_term_string}"},"query-input":"required name=search_term_string"}],"inLanguage":"hu"}]}},"_links":{"self":[{"href":"https:\/\/www.eveline.hu\/2016\/wp-json\/wp\/v2\/product\/20795"}],"collection":[{"href":"https:\/\/www.eveline.hu\/2016\/wp-json\/wp\/v2\/product"}],"about":[{"href":"https:\/\/www.eveline.hu\/2016\/wp-json\/wp\/v2\/types\/product"}],"replies":[{"embeddable":true,"href":"https:\/\/www.eveline.hu\/2016\/wp-json\/wp\/v2\/comments?post=20795"}],"wp:featuredmedia":[{"embeddable":true,"href":"https:\/\/www.eveline.hu\/2016\/wp-json\/wp\/v2\/media\/23999"}],"wp:attachment":[{"href":"https:\/\/www.eveline.hu\/2016\/wp-json\/wp\/v2\/media?parent=20795"}],"wp:term":[{"taxonomy":"product_cat","embeddable":true,"href":"https:\/\/www.eveline.hu\/2016\/wp-json\/wp\/v2\/product_cat?post=20795"},{"taxonomy":"product_tag","embeddable":true,"href":"https:\/\/www.eveline.hu\/2016\/wp-json\/wp\/v2\/product_tag?post=20795"}],"curies":[{"name":"wp","href":"https:\/\/api.w.org\/{rel}","templated":true}]}}