{"id":20765,"date":"2024-05-04T17:58:50","date_gmt":"2024-05-04T15:58:50","guid":{"rendered":"http:\/\/www.eveline.hu\/2016\/eveline-kozmetikumok-szepsegapolas\/nem-kategorizalt\/extrasoft-whitening-200ml\/"},"modified":"2025-08-12T09:13:32","modified_gmt":"2025-08-12T07:13:32","slug":"extrasoft-whitening-200ml","status":"publish","type":"product","link":"https:\/\/www.eveline.hu\/2016\/eveline-kozmetikumok-szepsegapolas\/szepsegapolas\/arcapolas\/extrasoft-whitening-200ml\/","title":{"rendered":"ExtraSoft Whitening 175ml"},"content":{"rendered":"<p><strong>Hat\u00e1sok:<\/strong><br \/>\nAz innovat\u00edv Whitening kr\u00e9m hat\u00e9konyan kiegyenl\u00edti a b\u0151rsz\u00ednt. Formul\u00e1ja vil\u00e1gos\u00edtja az \u00e9vek \u00e9s a nap k\u00e1ros sugarai \u00e1ltal okozta foltokat, mik\u00f6zben v\u00e9di a b\u0151rt az \u00faj elv\u00e1ltoz\u00e1sok megjelen\u00e9s\u00e9t\u0151l. A kiv\u00e1logatott \u00f6sszetev\u0151k \u00f6sszess\u00e9ge maxim\u00e1lis hidrat\u00e1l\u00e1st biztos\u00edt, kisim\u00edtja \u00e9s friss\u00edti a b\u0151rt.<\/p>\n<p><strong>Akt\u00edv \u00f6sszetev\u0151k:<\/strong><br \/>\nUborka kivonat &#8211; gazdag forr\u00e1sa a C vitaminnak \u00e9s szerves savaknak, biztos\u00edtja a pigmentes ter\u00fcletek vil\u00e1gos\u00edt\u00e1s\u00e1t. Nyugtatja, \u00e1sv\u00e1nyos\u00edtja \u00e9s revitaliz\u00e1lja a b\u0151rt.<br \/>\nAvocado olaj- t\u00e1pl\u00e1l \u00e9s m\u00e9lyen regener\u00e1l.<br \/>\nD-panthenol + Allantoin &#8211; nyugtat\u00f3 \u00e9s gyullad\u00e1scs\u00f6kkent\u0151 tulajdons\u00e1g\u00fa, intenz\u00edven hidrat\u00e1l.<\/p>\n","protected":false},"excerpt":{"rendered":"<p>175ml ( 7137 Ft\/l )<\/p>\n<p>Az innovat\u00edv Whitening kr\u00e9m hat\u00e9konyan kiegyenl\u00edti a b\u0151rsz\u00ednt. Formul\u00e1ja vil\u00e1gos\u00edtja az \u00e9vek \u00e9s a nap k\u00e1ros sugarai \u00e1ltal okozta foltokat, mik\u00f6zben v\u00e9di a b\u0151rt az \u00faj elv\u00e1ltoz\u00e1sok megjelen\u00e9s\u00e9t\u0151l.<\/p>\n","protected":false},"featured_media":21208,"comment_status":"open","ping_status":"closed","template":"","meta":[],"product_cat":[125,126,127,99],"product_tag":[],"yoast_head":"<!-- This site is optimized with the Yoast SEO plugin v22.2 - https:\/\/yoast.com\/wordpress\/plugins\/seo\/ -->\n<title>ExtraSoft Whitening 200ml<\/title>\n<meta name=\"description\" content=\"Az innovat\u00edv Whitening kr\u00e9m hat\u00e9konyan kiegyenl\u00edti a b\u00f5rsz\u00ednt. Formul\u00e1ja vil\u00e1gos\u00edtja az \u00e9vek \u00e9s a nap k\u00e1ros sugarai \u00e1ltal okozta foltokat, mik\u00f6zben v\u00e9di a b\u00f5rt az \u00faj elv\u00e1ltoz\u00e1sok megjelen\u00e9s\u00e9t\u00f5l.\" \/>\n<meta name=\"robots\" content=\"index, follow, max-snippet:-1, max-image-preview:large, max-video-preview:-1\" \/>\n<link rel=\"canonical\" href=\"https:\/\/www.eveline.hu\/2016\/eveline-kozmetikumok-szepsegapolas\/szepsegapolas\/arcapolas\/extrasoft-whitening-200ml\/\" \/>\n<meta property=\"og:locale\" content=\"hu_HU\" \/>\n<meta property=\"og:type\" content=\"article\" \/>\n<meta property=\"og:title\" content=\"Eveline kozmetikumok - ExtraSoft Whitening 200ml\" \/>\n<meta property=\"og:description\" content=\"Az innovat\u00edv Whitening kr\u00e9m hat\u00e9konyan kiegyenl\u00edti a b\u00f5rsz\u00ednt. Formul\u00e1ja vil\u00e1gos\u00edtja az \u00e9vek \u00e9s a nap k\u00e1ros sugarai \u00e1ltal okozta foltokat, mik\u00f6zben v\u00e9di a b\u00f5rt az \u00faj elv\u00e1ltoz\u00e1sok megjelen\u00e9s\u00e9t\u00f5l.\" \/>\n<meta property=\"og:url\" content=\"https:\/\/www.eveline.hu\/2016\/eveline-kozmetikumok-szepsegapolas\/szepsegapolas\/arcapolas\/extrasoft-whitening-200ml\/\" \/>\n<meta property=\"og:site_name\" content=\"Eveline Cosmetics Magyarorsz\u00e1g\" \/>\n<meta property=\"article:modified_time\" content=\"2025-08-12T07:13:32+00:00\" \/>\n<meta property=\"og:image\" content=\"https:\/\/www.eveline.hu\/2016\/wp-content\/uploads\/2016\/01\/a.png\" \/>\n\t<meta property=\"og:image:width\" content=\"750\" \/>\n\t<meta property=\"og:image:height\" content=\"750\" \/>\n\t<meta property=\"og:image:type\" content=\"image\/png\" \/>\n<meta name=\"twitter:card\" content=\"summary_large_image\" \/>\n<meta name=\"twitter:title\" content=\"Eveline kozmetikumok - ExtraSoft Whitening 200ml\" \/>\n<meta name=\"twitter:label1\" content=\"Becs\u00fclt olvas\u00e1si id\u0151\" \/>\n\t<meta name=\"twitter:data1\" content=\"1 perc\" \/>\n<script type=\"application\/ld+json\" class=\"yoast-schema-graph\">{\"@context\":\"https:\/\/schema.org\",\"@graph\":[{\"@type\":\"WebPage\",\"@id\":\"https:\/\/www.eveline.hu\/2016\/eveline-kozmetikumok-szepsegapolas\/szepsegapolas\/arcapolas\/extrasoft-whitening-200ml\/\",\"url\":\"https:\/\/www.eveline.hu\/2016\/eveline-kozmetikumok-szepsegapolas\/szepsegapolas\/arcapolas\/extrasoft-whitening-200ml\/\",\"name\":\"ExtraSoft Whitening 200ml\",\"isPartOf\":{\"@id\":\"https:\/\/www.eveline.hu\/2016\/#website\"},\"primaryImageOfPage\":{\"@id\":\"https:\/\/www.eveline.hu\/2016\/eveline-kozmetikumok-szepsegapolas\/szepsegapolas\/arcapolas\/extrasoft-whitening-200ml\/#primaryimage\"},\"image\":{\"@id\":\"https:\/\/www.eveline.hu\/2016\/eveline-kozmetikumok-szepsegapolas\/szepsegapolas\/arcapolas\/extrasoft-whitening-200ml\/#primaryimage\"},\"thumbnailUrl\":\"https:\/\/www.eveline.hu\/2016\/wp-content\/uploads\/2016\/01\/a.png\",\"datePublished\":\"2024-05-04T15:58:50+00:00\",\"dateModified\":\"2025-08-12T07:13:32+00:00\",\"description\":\"Az innovat\u00edv Whitening kr\u00e9m hat\u00e9konyan kiegyenl\u00edti a b\u00f5rsz\u00ednt. Formul\u00e1ja vil\u00e1gos\u00edtja az \u00e9vek \u00e9s a nap k\u00e1ros sugarai \u00e1ltal okozta foltokat, mik\u00f6zben v\u00e9di a b\u00f5rt az \u00faj elv\u00e1ltoz\u00e1sok megjelen\u00e9s\u00e9t\u00f5l.\",\"breadcrumb\":{\"@id\":\"https:\/\/www.eveline.hu\/2016\/eveline-kozmetikumok-szepsegapolas\/szepsegapolas\/arcapolas\/extrasoft-whitening-200ml\/#breadcrumb\"},\"inLanguage\":\"hu\",\"potentialAction\":[{\"@type\":\"ReadAction\",\"target\":[\"https:\/\/www.eveline.hu\/2016\/eveline-kozmetikumok-szepsegapolas\/szepsegapolas\/arcapolas\/extrasoft-whitening-200ml\/\"]}]},{\"@type\":\"ImageObject\",\"inLanguage\":\"hu\",\"@id\":\"https:\/\/www.eveline.hu\/2016\/eveline-kozmetikumok-szepsegapolas\/szepsegapolas\/arcapolas\/extrasoft-whitening-200ml\/#primaryimage\",\"url\":\"https:\/\/www.eveline.hu\/2016\/wp-content\/uploads\/2016\/01\/a.png\",\"contentUrl\":\"https:\/\/www.eveline.hu\/2016\/wp-content\/uploads\/2016\/01\/a.png\",\"width\":750,\"height\":750},{\"@type\":\"BreadcrumbList\",\"@id\":\"https:\/\/www.eveline.hu\/2016\/eveline-kozmetikumok-szepsegapolas\/szepsegapolas\/arcapolas\/extrasoft-whitening-200ml\/#breadcrumb\",\"itemListElement\":[{\"@type\":\"ListItem\",\"position\":1,\"name\":\"Home\",\"item\":\"https:\/\/www.eveline.hu\/2016\/\"},{\"@type\":\"ListItem\",\"position\":2,\"name\":\"Term\u00e9kek\",\"item\":\"https:\/\/www.eveline.hu\/2016\/shop\/\"},{\"@type\":\"ListItem\",\"position\":3,\"name\":\"ExtraSoft Whitening 175ml\"}]},{\"@type\":\"WebSite\",\"@id\":\"https:\/\/www.eveline.hu\/2016\/#website\",\"url\":\"https:\/\/www.eveline.hu\/2016\/\",\"name\":\"Eveline Cosmetics Magyarorsz\u00e1g\",\"description\":\"Min\u0151s\u00e9gi kozmetikumok Lengyelorsz\u00e1gb\u00f3l\",\"potentialAction\":[{\"@type\":\"SearchAction\",\"target\":{\"@type\":\"EntryPoint\",\"urlTemplate\":\"https:\/\/www.eveline.hu\/2016\/?s={search_term_string}\"},\"query-input\":\"required name=search_term_string\"}],\"inLanguage\":\"hu\"}]}<\/script>\n<!-- \/ Yoast SEO plugin. -->","yoast_head_json":{"title":"ExtraSoft Whitening 200ml","description":"Az innovat\u00edv Whitening kr\u00e9m hat\u00e9konyan kiegyenl\u00edti a b\u00f5rsz\u00ednt. Formul\u00e1ja vil\u00e1gos\u00edtja az \u00e9vek \u00e9s a nap k\u00e1ros sugarai \u00e1ltal okozta foltokat, mik\u00f6zben v\u00e9di a b\u00f5rt az \u00faj elv\u00e1ltoz\u00e1sok megjelen\u00e9s\u00e9t\u00f5l.","robots":{"index":"index","follow":"follow","max-snippet":"max-snippet:-1","max-image-preview":"max-image-preview:large","max-video-preview":"max-video-preview:-1"},"canonical":"https:\/\/www.eveline.hu\/2016\/eveline-kozmetikumok-szepsegapolas\/szepsegapolas\/arcapolas\/extrasoft-whitening-200ml\/","og_locale":"hu_HU","og_type":"article","og_title":"Eveline kozmetikumok - ExtraSoft Whitening 200ml","og_description":"Az innovat\u00edv Whitening kr\u00e9m hat\u00e9konyan kiegyenl\u00edti a b\u00f5rsz\u00ednt. Formul\u00e1ja vil\u00e1gos\u00edtja az \u00e9vek \u00e9s a nap k\u00e1ros sugarai \u00e1ltal okozta foltokat, mik\u00f6zben v\u00e9di a b\u00f5rt az \u00faj elv\u00e1ltoz\u00e1sok megjelen\u00e9s\u00e9t\u00f5l.","og_url":"https:\/\/www.eveline.hu\/2016\/eveline-kozmetikumok-szepsegapolas\/szepsegapolas\/arcapolas\/extrasoft-whitening-200ml\/","og_site_name":"Eveline Cosmetics Magyarorsz\u00e1g","article_modified_time":"2025-08-12T07:13:32+00:00","og_image":[{"width":750,"height":750,"url":"https:\/\/www.eveline.hu\/2016\/wp-content\/uploads\/2016\/01\/a.png","type":"image\/png"}],"twitter_card":"summary_large_image","twitter_title":"Eveline kozmetikumok - ExtraSoft Whitening 200ml","twitter_misc":{"Becs\u00fclt olvas\u00e1si id\u0151":"1 perc"},"schema":{"@context":"https:\/\/schema.org","@graph":[{"@type":"WebPage","@id":"https:\/\/www.eveline.hu\/2016\/eveline-kozmetikumok-szepsegapolas\/szepsegapolas\/arcapolas\/extrasoft-whitening-200ml\/","url":"https:\/\/www.eveline.hu\/2016\/eveline-kozmetikumok-szepsegapolas\/szepsegapolas\/arcapolas\/extrasoft-whitening-200ml\/","name":"ExtraSoft Whitening 200ml","isPartOf":{"@id":"https:\/\/www.eveline.hu\/2016\/#website"},"primaryImageOfPage":{"@id":"https:\/\/www.eveline.hu\/2016\/eveline-kozmetikumok-szepsegapolas\/szepsegapolas\/arcapolas\/extrasoft-whitening-200ml\/#primaryimage"},"image":{"@id":"https:\/\/www.eveline.hu\/2016\/eveline-kozmetikumok-szepsegapolas\/szepsegapolas\/arcapolas\/extrasoft-whitening-200ml\/#primaryimage"},"thumbnailUrl":"https:\/\/www.eveline.hu\/2016\/wp-content\/uploads\/2016\/01\/a.png","datePublished":"2024-05-04T15:58:50+00:00","dateModified":"2025-08-12T07:13:32+00:00","description":"Az innovat\u00edv Whitening kr\u00e9m hat\u00e9konyan kiegyenl\u00edti a b\u00f5rsz\u00ednt. Formul\u00e1ja vil\u00e1gos\u00edtja az \u00e9vek \u00e9s a nap k\u00e1ros sugarai \u00e1ltal okozta foltokat, mik\u00f6zben v\u00e9di a b\u00f5rt az \u00faj elv\u00e1ltoz\u00e1sok megjelen\u00e9s\u00e9t\u00f5l.","breadcrumb":{"@id":"https:\/\/www.eveline.hu\/2016\/eveline-kozmetikumok-szepsegapolas\/szepsegapolas\/arcapolas\/extrasoft-whitening-200ml\/#breadcrumb"},"inLanguage":"hu","potentialAction":[{"@type":"ReadAction","target":["https:\/\/www.eveline.hu\/2016\/eveline-kozmetikumok-szepsegapolas\/szepsegapolas\/arcapolas\/extrasoft-whitening-200ml\/"]}]},{"@type":"ImageObject","inLanguage":"hu","@id":"https:\/\/www.eveline.hu\/2016\/eveline-kozmetikumok-szepsegapolas\/szepsegapolas\/arcapolas\/extrasoft-whitening-200ml\/#primaryimage","url":"https:\/\/www.eveline.hu\/2016\/wp-content\/uploads\/2016\/01\/a.png","contentUrl":"https:\/\/www.eveline.hu\/2016\/wp-content\/uploads\/2016\/01\/a.png","width":750,"height":750},{"@type":"BreadcrumbList","@id":"https:\/\/www.eveline.hu\/2016\/eveline-kozmetikumok-szepsegapolas\/szepsegapolas\/arcapolas\/extrasoft-whitening-200ml\/#breadcrumb","itemListElement":[{"@type":"ListItem","position":1,"name":"Home","item":"https:\/\/www.eveline.hu\/2016\/"},{"@type":"ListItem","position":2,"name":"Term\u00e9kek","item":"https:\/\/www.eveline.hu\/2016\/shop\/"},{"@type":"ListItem","position":3,"name":"ExtraSoft Whitening 175ml"}]},{"@type":"WebSite","@id":"https:\/\/www.eveline.hu\/2016\/#website","url":"https:\/\/www.eveline.hu\/2016\/","name":"Eveline Cosmetics Magyarorsz\u00e1g","description":"Min\u0151s\u00e9gi kozmetikumok Lengyelorsz\u00e1gb\u00f3l","potentialAction":[{"@type":"SearchAction","target":{"@type":"EntryPoint","urlTemplate":"https:\/\/www.eveline.hu\/2016\/?s={search_term_string}"},"query-input":"required name=search_term_string"}],"inLanguage":"hu"}]}},"_links":{"self":[{"href":"https:\/\/www.eveline.hu\/2016\/wp-json\/wp\/v2\/product\/20765"}],"collection":[{"href":"https:\/\/www.eveline.hu\/2016\/wp-json\/wp\/v2\/product"}],"about":[{"href":"https:\/\/www.eveline.hu\/2016\/wp-json\/wp\/v2\/types\/product"}],"replies":[{"embeddable":true,"href":"https:\/\/www.eveline.hu\/2016\/wp-json\/wp\/v2\/comments?post=20765"}],"wp:featuredmedia":[{"embeddable":true,"href":"https:\/\/www.eveline.hu\/2016\/wp-json\/wp\/v2\/media\/21208"}],"wp:attachment":[{"href":"https:\/\/www.eveline.hu\/2016\/wp-json\/wp\/v2\/media?parent=20765"}],"wp:term":[{"taxonomy":"product_cat","embeddable":true,"href":"https:\/\/www.eveline.hu\/2016\/wp-json\/wp\/v2\/product_cat?post=20765"},{"taxonomy":"product_tag","embeddable":true,"href":"https:\/\/www.eveline.hu\/2016\/wp-json\/wp\/v2\/product_tag?post=20765"}],"curies":[{"name":"wp","href":"https:\/\/api.w.org\/{rel}","templated":true}]}}