{"id":20743,"date":"2016-01-28T17:58:35","date_gmt":"2016-01-28T16:58:35","guid":{"rendered":"http:\/\/www.eveline.hu\/2016\/eveline-kozmetikumok-szepsegapolas\/nem-kategorizalt\/celebrities-beauty-kopuder-nr-22\/"},"modified":"2023-10-26T21:23:53","modified_gmt":"2023-10-26T19:23:53","slug":"celebrities-beauty-kopuder-nr-22","status":"publish","type":"product","link":"https:\/\/www.eveline.hu\/2016\/eveline-kozmetikumok-szepsegapolas\/smink\/arc\/puderek\/celebrities-beauty-kopuder-nr-22\/","title":{"rendered":"Celebrities Beauty k\u0151p\u00fader t\u00f6bbf\u00e9le"},"content":{"rendered":"<p>\u00f6sszetev\u0151k: Talc, Titanium Dioxide, Mica, Paraffinum Liquidum, Ethylhexyl Hydroxystearate, Zinc Stearate, Theobroma Cacao Seed Butter, Camellia Sinensis Leaf Extract, Phenoxyethanol, Ethylhexylglycerin, Silk Powder. May contain: (+\/-) CI 77491, CI 77492, CI 77499.<\/p>\n","protected":false},"excerpt":{"rendered":"<p>\u00f6sszetev\u0151k: Talc, Titanium Dioxide, Mica, Paraffinum Liquidum, Ethylhexyl Hydroxystearate, Zinc Stearate, Theobroma Cacao Seed Butter, Camellia Sinensis Leaf Extract, Phenoxyethanol, Ethylhexylglycerin, Silk Powder. May contain: (+\/-) CI 77491, CI 77492, CI 77499.<\/p>\n","protected":false},"featured_media":21284,"comment_status":"open","ping_status":"closed","template":"","meta":[],"product_cat":[302,130,131,143,110],"product_tag":[],"yoast_head":"<!-- This site is optimized with the Yoast SEO plugin v22.2 - https:\/\/yoast.com\/wordpress\/plugins\/seo\/ -->\n<title>Celebrities Beauty k\u00f5p\u00fader nr.22.<\/title>\n<meta name=\"robots\" content=\"index, follow, max-snippet:-1, max-image-preview:large, max-video-preview:-1\" \/>\n<link rel=\"canonical\" href=\"https:\/\/www.eveline.hu\/2016\/eveline-kozmetikumok-szepsegapolas\/smink\/arc\/puderek\/celebrities-beauty-kopuder-nr-22\/\" \/>\n<meta property=\"og:locale\" content=\"hu_HU\" \/>\n<meta property=\"og:type\" content=\"article\" \/>\n<meta property=\"og:title\" content=\"Eveline kozmetikumok - Celebrities Beauty k\u00f5p\u00fader nr.22.\" \/>\n<meta property=\"og:description\" content=\"\u00f6sszetev\u0151k: Talc, Titanium Dioxide, Mica, Paraffinum Liquidum, Ethylhexyl Hydroxystearate, Zinc Stearate, Theobroma Cacao Seed Butter, Camellia Sinensis Leaf Extract, Phenoxyethanol, Ethylhexylglycerin, Silk Powder. May contain: (+\/-) CI 77491, CI 77492, CI 77499.\" \/>\n<meta property=\"og:url\" content=\"https:\/\/www.eveline.hu\/2016\/eveline-kozmetikumok-szepsegapolas\/smink\/arc\/puderek\/celebrities-beauty-kopuder-nr-22\/\" \/>\n<meta property=\"og:site_name\" content=\"Eveline Cosmetics Magyarorsz\u00e1g\" \/>\n<meta property=\"article:modified_time\" content=\"2023-10-26T19:23:53+00:00\" \/>\n<meta property=\"og:image\" content=\"https:\/\/www.eveline.hu\/2016\/wp-content\/uploads\/2016\/01\/render20.png\" \/>\n\t<meta property=\"og:image:width\" content=\"750\" \/>\n\t<meta property=\"og:image:height\" content=\"678\" \/>\n\t<meta property=\"og:image:type\" content=\"image\/png\" \/>\n<meta name=\"twitter:card\" content=\"summary_large_image\" \/>\n<meta name=\"twitter:title\" content=\"Eveline kozmetikumok - Celebrities Beauty k\u00f5p\u00fader nr.22.\" \/>\n<script type=\"application\/ld+json\" class=\"yoast-schema-graph\">{\"@context\":\"https:\/\/schema.org\",\"@graph\":[{\"@type\":\"WebPage\",\"@id\":\"https:\/\/www.eveline.hu\/2016\/eveline-kozmetikumok-szepsegapolas\/smink\/arc\/puderek\/celebrities-beauty-kopuder-nr-22\/\",\"url\":\"https:\/\/www.eveline.hu\/2016\/eveline-kozmetikumok-szepsegapolas\/smink\/arc\/puderek\/celebrities-beauty-kopuder-nr-22\/\",\"name\":\"Celebrities Beauty k\u00f5p\u00fader nr.22.\",\"isPartOf\":{\"@id\":\"https:\/\/www.eveline.hu\/2016\/#website\"},\"primaryImageOfPage\":{\"@id\":\"https:\/\/www.eveline.hu\/2016\/eveline-kozmetikumok-szepsegapolas\/smink\/arc\/puderek\/celebrities-beauty-kopuder-nr-22\/#primaryimage\"},\"image\":{\"@id\":\"https:\/\/www.eveline.hu\/2016\/eveline-kozmetikumok-szepsegapolas\/smink\/arc\/puderek\/celebrities-beauty-kopuder-nr-22\/#primaryimage\"},\"thumbnailUrl\":\"https:\/\/www.eveline.hu\/2016\/wp-content\/uploads\/2016\/01\/render20.png\",\"datePublished\":\"2016-01-28T16:58:35+00:00\",\"dateModified\":\"2023-10-26T19:23:53+00:00\",\"breadcrumb\":{\"@id\":\"https:\/\/www.eveline.hu\/2016\/eveline-kozmetikumok-szepsegapolas\/smink\/arc\/puderek\/celebrities-beauty-kopuder-nr-22\/#breadcrumb\"},\"inLanguage\":\"hu\",\"potentialAction\":[{\"@type\":\"ReadAction\",\"target\":[\"https:\/\/www.eveline.hu\/2016\/eveline-kozmetikumok-szepsegapolas\/smink\/arc\/puderek\/celebrities-beauty-kopuder-nr-22\/\"]}]},{\"@type\":\"ImageObject\",\"inLanguage\":\"hu\",\"@id\":\"https:\/\/www.eveline.hu\/2016\/eveline-kozmetikumok-szepsegapolas\/smink\/arc\/puderek\/celebrities-beauty-kopuder-nr-22\/#primaryimage\",\"url\":\"https:\/\/www.eveline.hu\/2016\/wp-content\/uploads\/2016\/01\/render20.png\",\"contentUrl\":\"https:\/\/www.eveline.hu\/2016\/wp-content\/uploads\/2016\/01\/render20.png\",\"width\":750,\"height\":678},{\"@type\":\"BreadcrumbList\",\"@id\":\"https:\/\/www.eveline.hu\/2016\/eveline-kozmetikumok-szepsegapolas\/smink\/arc\/puderek\/celebrities-beauty-kopuder-nr-22\/#breadcrumb\",\"itemListElement\":[{\"@type\":\"ListItem\",\"position\":1,\"name\":\"Home\",\"item\":\"https:\/\/www.eveline.hu\/2016\/\"},{\"@type\":\"ListItem\",\"position\":2,\"name\":\"Term\u00e9kek\",\"item\":\"https:\/\/www.eveline.hu\/2016\/shop\/\"},{\"@type\":\"ListItem\",\"position\":3,\"name\":\"Celebrities Beauty k\u0151p\u00fader t\u00f6bbf\u00e9le\"}]},{\"@type\":\"WebSite\",\"@id\":\"https:\/\/www.eveline.hu\/2016\/#website\",\"url\":\"https:\/\/www.eveline.hu\/2016\/\",\"name\":\"Eveline Cosmetics Magyarorsz\u00e1g\",\"description\":\"Min\u0151s\u00e9gi kozmetikumok Lengyelorsz\u00e1gb\u00f3l\",\"potentialAction\":[{\"@type\":\"SearchAction\",\"target\":{\"@type\":\"EntryPoint\",\"urlTemplate\":\"https:\/\/www.eveline.hu\/2016\/?s={search_term_string}\"},\"query-input\":\"required name=search_term_string\"}],\"inLanguage\":\"hu\"}]}<\/script>\n<!-- \/ Yoast SEO plugin. -->","yoast_head_json":{"title":"Celebrities Beauty k\u00f5p\u00fader nr.22.","robots":{"index":"index","follow":"follow","max-snippet":"max-snippet:-1","max-image-preview":"max-image-preview:large","max-video-preview":"max-video-preview:-1"},"canonical":"https:\/\/www.eveline.hu\/2016\/eveline-kozmetikumok-szepsegapolas\/smink\/arc\/puderek\/celebrities-beauty-kopuder-nr-22\/","og_locale":"hu_HU","og_type":"article","og_title":"Eveline kozmetikumok - Celebrities Beauty k\u00f5p\u00fader nr.22.","og_description":"\u00f6sszetev\u0151k: Talc, Titanium Dioxide, Mica, Paraffinum Liquidum, Ethylhexyl Hydroxystearate, Zinc Stearate, Theobroma Cacao Seed Butter, Camellia Sinensis Leaf Extract, Phenoxyethanol, Ethylhexylglycerin, Silk Powder. May contain: (+\/-) CI 77491, CI 77492, CI 77499.","og_url":"https:\/\/www.eveline.hu\/2016\/eveline-kozmetikumok-szepsegapolas\/smink\/arc\/puderek\/celebrities-beauty-kopuder-nr-22\/","og_site_name":"Eveline Cosmetics Magyarorsz\u00e1g","article_modified_time":"2023-10-26T19:23:53+00:00","og_image":[{"width":750,"height":678,"url":"https:\/\/www.eveline.hu\/2016\/wp-content\/uploads\/2016\/01\/render20.png","type":"image\/png"}],"twitter_card":"summary_large_image","twitter_title":"Eveline kozmetikumok - Celebrities Beauty k\u00f5p\u00fader nr.22.","schema":{"@context":"https:\/\/schema.org","@graph":[{"@type":"WebPage","@id":"https:\/\/www.eveline.hu\/2016\/eveline-kozmetikumok-szepsegapolas\/smink\/arc\/puderek\/celebrities-beauty-kopuder-nr-22\/","url":"https:\/\/www.eveline.hu\/2016\/eveline-kozmetikumok-szepsegapolas\/smink\/arc\/puderek\/celebrities-beauty-kopuder-nr-22\/","name":"Celebrities Beauty k\u00f5p\u00fader nr.22.","isPartOf":{"@id":"https:\/\/www.eveline.hu\/2016\/#website"},"primaryImageOfPage":{"@id":"https:\/\/www.eveline.hu\/2016\/eveline-kozmetikumok-szepsegapolas\/smink\/arc\/puderek\/celebrities-beauty-kopuder-nr-22\/#primaryimage"},"image":{"@id":"https:\/\/www.eveline.hu\/2016\/eveline-kozmetikumok-szepsegapolas\/smink\/arc\/puderek\/celebrities-beauty-kopuder-nr-22\/#primaryimage"},"thumbnailUrl":"https:\/\/www.eveline.hu\/2016\/wp-content\/uploads\/2016\/01\/render20.png","datePublished":"2016-01-28T16:58:35+00:00","dateModified":"2023-10-26T19:23:53+00:00","breadcrumb":{"@id":"https:\/\/www.eveline.hu\/2016\/eveline-kozmetikumok-szepsegapolas\/smink\/arc\/puderek\/celebrities-beauty-kopuder-nr-22\/#breadcrumb"},"inLanguage":"hu","potentialAction":[{"@type":"ReadAction","target":["https:\/\/www.eveline.hu\/2016\/eveline-kozmetikumok-szepsegapolas\/smink\/arc\/puderek\/celebrities-beauty-kopuder-nr-22\/"]}]},{"@type":"ImageObject","inLanguage":"hu","@id":"https:\/\/www.eveline.hu\/2016\/eveline-kozmetikumok-szepsegapolas\/smink\/arc\/puderek\/celebrities-beauty-kopuder-nr-22\/#primaryimage","url":"https:\/\/www.eveline.hu\/2016\/wp-content\/uploads\/2016\/01\/render20.png","contentUrl":"https:\/\/www.eveline.hu\/2016\/wp-content\/uploads\/2016\/01\/render20.png","width":750,"height":678},{"@type":"BreadcrumbList","@id":"https:\/\/www.eveline.hu\/2016\/eveline-kozmetikumok-szepsegapolas\/smink\/arc\/puderek\/celebrities-beauty-kopuder-nr-22\/#breadcrumb","itemListElement":[{"@type":"ListItem","position":1,"name":"Home","item":"https:\/\/www.eveline.hu\/2016\/"},{"@type":"ListItem","position":2,"name":"Term\u00e9kek","item":"https:\/\/www.eveline.hu\/2016\/shop\/"},{"@type":"ListItem","position":3,"name":"Celebrities Beauty k\u0151p\u00fader t\u00f6bbf\u00e9le"}]},{"@type":"WebSite","@id":"https:\/\/www.eveline.hu\/2016\/#website","url":"https:\/\/www.eveline.hu\/2016\/","name":"Eveline Cosmetics Magyarorsz\u00e1g","description":"Min\u0151s\u00e9gi kozmetikumok Lengyelorsz\u00e1gb\u00f3l","potentialAction":[{"@type":"SearchAction","target":{"@type":"EntryPoint","urlTemplate":"https:\/\/www.eveline.hu\/2016\/?s={search_term_string}"},"query-input":"required name=search_term_string"}],"inLanguage":"hu"}]}},"_links":{"self":[{"href":"https:\/\/www.eveline.hu\/2016\/wp-json\/wp\/v2\/product\/20743"}],"collection":[{"href":"https:\/\/www.eveline.hu\/2016\/wp-json\/wp\/v2\/product"}],"about":[{"href":"https:\/\/www.eveline.hu\/2016\/wp-json\/wp\/v2\/types\/product"}],"replies":[{"embeddable":true,"href":"https:\/\/www.eveline.hu\/2016\/wp-json\/wp\/v2\/comments?post=20743"}],"wp:featuredmedia":[{"embeddable":true,"href":"https:\/\/www.eveline.hu\/2016\/wp-json\/wp\/v2\/media\/21284"}],"wp:attachment":[{"href":"https:\/\/www.eveline.hu\/2016\/wp-json\/wp\/v2\/media?parent=20743"}],"wp:term":[{"taxonomy":"product_cat","embeddable":true,"href":"https:\/\/www.eveline.hu\/2016\/wp-json\/wp\/v2\/product_cat?post=20743"},{"taxonomy":"product_tag","embeddable":true,"href":"https:\/\/www.eveline.hu\/2016\/wp-json\/wp\/v2\/product_tag?post=20743"}],"curies":[{"name":"wp","href":"https:\/\/api.w.org\/{rel}","templated":true}]}}