{"id":20741,"date":"2016-01-28T17:58:35","date_gmt":"2016-01-28T16:58:35","guid":{"rendered":"http:\/\/www.eveline.hu\/2016\/eveline-kozmetikumok-szepsegapolas\/nem-kategorizalt\/sos-torekeny-es-repedezett-kormokre-12ml\/"},"modified":"2025-07-30T16:24:12","modified_gmt":"2025-07-30T14:24:12","slug":"sos-torekeny-es-repedezett-kormokre-12ml","status":"publish","type":"product","link":"https:\/\/www.eveline.hu\/2016\/eveline-kozmetikumok-szepsegapolas\/smink\/korom\/koromerositok\/sos-torekeny-es-repedezett-kormokre-12ml\/","title":{"rendered":"K\u00f6r\u00f6m\u00e1pol\u00f3 SOS T\u00f6r\u00e9keny \u00e9s repedezett k\u00f6rm\u00f6kre 12ml"},"content":{"rendered":"<p><strong>Az SOS \u00fajj\u00e1\u00e9p\u00edt\u0151 <\/strong>k\u00f6r\u00f6m kondicion\u00e1l\u00f3 szak\u00e9rt\u0151i seg\u00edts\u00e9g a t\u00f6r\u00e9keny k\u00f6rm\u00f6knek.<br \/>\nEr\u0151s\u00edt\u0151 formul\u00e1ja, kalciumot, kollag\u00e9nt \u00e9s vitaminokat tartalmaz, melyek hat\u00e9konyan be\u00e9p\u00fclnek\u00a0 a meggyeng\u00fclt k\u00f6r\u00f6mlemezbe, emellett er\u0151s\u00edtik, regener\u00e1lj\u00e1k\u00a0 \u00e9s ellen\u00e1ll\u00f3v\u00e1 teszik a k\u00f6rm\u00f6t a s\u00e9r\u00fcl\u00e9sekkel szemben. Semleges\u00edti a k\u00f6r\u00f6m elsz\u00ednez\u0151d\u00e9s\u00e9t \u00e9s s\u00e1rga \u00e1rnyalat\u00e1t. A kezel\u00e9s megv\u00e9di a k\u00f6r\u00f6m \u00e1llapot\u00e1t \u00e9s megjelen\u00e9s\u00e9t a hybrid, akril vagy g\u00e9l lakk hossz\u00fa t\u00e1v\u00fa alkalmaz\u00e1sa ut\u00e1n.<br \/>\nTov\u00e1bb fejlesztett formula: ultrahat\u00e9konys\u00e1g \u00e9s biztons\u00e1g.<br \/>\n<strong>Ultra-Keratin<\/strong>, \u00fajgener\u00e1ci\u00f3s formul\u00e1j\u00e1t klinikai kutat\u00e1sok ihlett\u00e9k, mely stimul\u00e1lja a k\u00f6r\u00f6mlemez kem\u00e9ny keratin r\u00e9teg\u00e9nek \u00fajj\u00e1\u00e9p\u00edt\u00e9s\u00e9t.\u00a0 A ter\u00e1pia kiv\u00e9teles hat\u00e9konys\u00e1g\u00e1t az egyedi er\u0151s\u00edt\u0151 \u00f6sszetev\u0151knek k\u00f6sz\u00f6nheti, melyek a k\u00f6r\u00f6m m\u00e9lyebb r\u00e9tegeibe is behatolnak. A k\u00f6r\u00f6m vastagabb, er\u0151sebb \u00e9s rekonstru\u00e1lt lesz. A ter\u00e1pia radik\u00e1lis javul\u00e1st biztos\u00edt a t\u00f6redez\u0151 k\u00f6rm\u00f6k \u00e1llapot\u00e1ban.<\/p>\n<p><strong>Haszn\u00e1lata<\/strong>: alkalmazza a tiszta k\u00f6r\u00f6mfel\u00fcletre, az els\u0151 3 napban naponta, majd hetente 2-3-szor.<\/p>\n<p>\u00f6sszetev\u0151k: Butyl Acetate , Ethyl Acetate, Isopropyl Alcohol, Nitrocellulose , Cellulose Acetate Butyrate, Phthalic Anhydride\/Trimellitic Anhydride\/Glycols Copolymer, Acetyl Tributyl Citrate, Sucrose Benzoate, Adipic Acid\/Neopentyl Glycol\/Trimellitic Anhydride Copolymer, Acetyl Triethyl Citrate, Silica, N-Butyl Alcohol, Stearalkonium Bentonite, Acrylates Copolymer, Adipic Acid\/Fumaric Acid\/Tricyclodecane Dimethanol Copolymer, Benzotriazolyl Dodecyl p-Cresol, Aqua, Caprylic\/Capric Triglyceride, Dimethyl Oxobenzo Dioxasilane, Tocopheryl Acetate, Alcohol, Pistacia Lentiscus Gum, Hydrolyzed Collagen, Tris(Tetramethylhydroxypiperidinol)Citrate, Phosphoric Acid, Butylene Glycol, Calcium Pantothenate, Phenoxyethanol, Dipropylene Glycol Dibenzoate, CI 15880.<\/p>\n<p>&nbsp;<\/p>\n","protected":false},"excerpt":{"rendered":"<p>T\u00f6bbfunkci\u00f3s extr\u00e9m er\u0151s\u00edt\u0151 hat\u00e1s\u00fa k\u00f6r\u00f6mer\u0151s\u00edt\u0151 folyad\u00e9k vitaminokkal, k\u00e1lciummal \u00e9s kollag\u00e9nnel. Ide\u00e1lis megold\u00e1s a gyenge, t\u00f6r\u00e9keny \u00e9s felrostoz\u00f3dott k\u00f6rm\u00f6k sz\u00e1m\u00e1ra. 10 napos SOS k\u00fara.<\/p>\n","protected":false},"featured_media":25341,"comment_status":"open","ping_status":"closed","template":"","meta":[],"product_cat":[156,158,125,129,113],"product_tag":[],"yoast_head":"<!-- This site is optimized with the Yoast SEO plugin v22.2 - https:\/\/yoast.com\/wordpress\/plugins\/seo\/ -->\n<title>SOS T\u00f6r\u00e9keny \u00e9s repedezett k\u00f6rm\u00f6kre 12ml<\/title>\n<meta name=\"description\" content=\"T\u00f6bbfunkci\u00f3s extr\u00e9m er\u00f5s\u00edt\u00f5 hat\u00e1s\u00fa k\u00f6r\u00f6mer\u00f5s\u00edt\u00f5 folyad\u00e9k vitaminokkal, k\u00e1lciummal \u00e9s kollag\u00e9nnel. Ide\u00e1lis megold\u00e1s a gyenge, t\u00f6r\u00e9keny \u00e9s felrostoz\u00f3dott k\u00f6rm\u00f6k sz\u00e1m\u00e1ra.10 napos SOS k\u00fara.\" \/>\n<meta name=\"robots\" content=\"index, follow, max-snippet:-1, max-image-preview:large, max-video-preview:-1\" \/>\n<link rel=\"canonical\" href=\"https:\/\/www.eveline.hu\/2016\/eveline-kozmetikumok-szepsegapolas\/smink\/korom\/koromerositok\/sos-torekeny-es-repedezett-kormokre-12ml\/\" \/>\n<meta property=\"og:locale\" content=\"hu_HU\" \/>\n<meta property=\"og:type\" content=\"article\" \/>\n<meta property=\"og:title\" content=\"Eveline kozmetikumok - SOS T\u00f6r\u00e9keny \u00e9s repedezett k\u00f6rm\u00f6kre 12ml\" \/>\n<meta property=\"og:description\" content=\"T\u00f6bbfunkci\u00f3s extr\u00e9m er\u00f5s\u00edt\u00f5 hat\u00e1s\u00fa k\u00f6r\u00f6mer\u00f5s\u00edt\u00f5 folyad\u00e9k vitaminokkal, k\u00e1lciummal \u00e9s kollag\u00e9nnel. Ide\u00e1lis megold\u00e1s a gyenge, t\u00f6r\u00e9keny \u00e9s felrostoz\u00f3dott k\u00f6rm\u00f6k sz\u00e1m\u00e1ra.10 napos SOS k\u00fara.\" \/>\n<meta property=\"og:url\" content=\"https:\/\/www.eveline.hu\/2016\/eveline-kozmetikumok-szepsegapolas\/smink\/korom\/koromerositok\/sos-torekeny-es-repedezett-kormokre-12ml\/\" \/>\n<meta property=\"og:site_name\" content=\"Eveline Cosmetics Magyarorsz\u00e1g\" \/>\n<meta property=\"article:modified_time\" content=\"2025-07-30T14:24:12+00:00\" \/>\n<meta property=\"og:image\" content=\"https:\/\/www.eveline.hu\/2016\/wp-content\/uploads\/2016\/01\/K\u00f6r\u00f6m\u00e1pol\u00f3-SOS-\u00daj-w.png\" \/>\n\t<meta property=\"og:image:width\" content=\"750\" \/>\n\t<meta property=\"og:image:height\" content=\"750\" \/>\n\t<meta property=\"og:image:type\" content=\"image\/png\" \/>\n<meta name=\"twitter:card\" content=\"summary_large_image\" \/>\n<meta name=\"twitter:title\" content=\"Eveline kozmetikumok - SOS T\u00f6r\u00e9keny \u00e9s repedezett k\u00f6rm\u00f6kre 12ml\" \/>\n<meta name=\"twitter:label1\" content=\"Becs\u00fclt olvas\u00e1si id\u0151\" \/>\n\t<meta name=\"twitter:data1\" content=\"2 perc\" \/>\n<script type=\"application\/ld+json\" class=\"yoast-schema-graph\">{\"@context\":\"https:\/\/schema.org\",\"@graph\":[{\"@type\":\"WebPage\",\"@id\":\"https:\/\/www.eveline.hu\/2016\/eveline-kozmetikumok-szepsegapolas\/smink\/korom\/koromerositok\/sos-torekeny-es-repedezett-kormokre-12ml\/\",\"url\":\"https:\/\/www.eveline.hu\/2016\/eveline-kozmetikumok-szepsegapolas\/smink\/korom\/koromerositok\/sos-torekeny-es-repedezett-kormokre-12ml\/\",\"name\":\"SOS T\u00f6r\u00e9keny \u00e9s repedezett k\u00f6rm\u00f6kre 12ml\",\"isPartOf\":{\"@id\":\"https:\/\/www.eveline.hu\/2016\/#website\"},\"primaryImageOfPage\":{\"@id\":\"https:\/\/www.eveline.hu\/2016\/eveline-kozmetikumok-szepsegapolas\/smink\/korom\/koromerositok\/sos-torekeny-es-repedezett-kormokre-12ml\/#primaryimage\"},\"image\":{\"@id\":\"https:\/\/www.eveline.hu\/2016\/eveline-kozmetikumok-szepsegapolas\/smink\/korom\/koromerositok\/sos-torekeny-es-repedezett-kormokre-12ml\/#primaryimage\"},\"thumbnailUrl\":\"https:\/\/www.eveline.hu\/2016\/wp-content\/uploads\/2016\/01\/K\u00f6r\u00f6m\u00e1pol\u00f3-SOS-\u00daj-w.png\",\"datePublished\":\"2016-01-28T16:58:35+00:00\",\"dateModified\":\"2025-07-30T14:24:12+00:00\",\"description\":\"T\u00f6bbfunkci\u00f3s extr\u00e9m er\u00f5s\u00edt\u00f5 hat\u00e1s\u00fa k\u00f6r\u00f6mer\u00f5s\u00edt\u00f5 folyad\u00e9k vitaminokkal, k\u00e1lciummal \u00e9s kollag\u00e9nnel. Ide\u00e1lis megold\u00e1s a gyenge, t\u00f6r\u00e9keny \u00e9s felrostoz\u00f3dott k\u00f6rm\u00f6k sz\u00e1m\u00e1ra.10 napos SOS k\u00fara.\",\"breadcrumb\":{\"@id\":\"https:\/\/www.eveline.hu\/2016\/eveline-kozmetikumok-szepsegapolas\/smink\/korom\/koromerositok\/sos-torekeny-es-repedezett-kormokre-12ml\/#breadcrumb\"},\"inLanguage\":\"hu\",\"potentialAction\":[{\"@type\":\"ReadAction\",\"target\":[\"https:\/\/www.eveline.hu\/2016\/eveline-kozmetikumok-szepsegapolas\/smink\/korom\/koromerositok\/sos-torekeny-es-repedezett-kormokre-12ml\/\"]}]},{\"@type\":\"ImageObject\",\"inLanguage\":\"hu\",\"@id\":\"https:\/\/www.eveline.hu\/2016\/eveline-kozmetikumok-szepsegapolas\/smink\/korom\/koromerositok\/sos-torekeny-es-repedezett-kormokre-12ml\/#primaryimage\",\"url\":\"https:\/\/www.eveline.hu\/2016\/wp-content\/uploads\/2016\/01\/K\u00f6r\u00f6m\u00e1pol\u00f3-SOS-\u00daj-w.png\",\"contentUrl\":\"https:\/\/www.eveline.hu\/2016\/wp-content\/uploads\/2016\/01\/K\u00f6r\u00f6m\u00e1pol\u00f3-SOS-\u00daj-w.png\",\"width\":750,\"height\":750},{\"@type\":\"BreadcrumbList\",\"@id\":\"https:\/\/www.eveline.hu\/2016\/eveline-kozmetikumok-szepsegapolas\/smink\/korom\/koromerositok\/sos-torekeny-es-repedezett-kormokre-12ml\/#breadcrumb\",\"itemListElement\":[{\"@type\":\"ListItem\",\"position\":1,\"name\":\"Home\",\"item\":\"https:\/\/www.eveline.hu\/2016\/\"},{\"@type\":\"ListItem\",\"position\":2,\"name\":\"Term\u00e9kek\",\"item\":\"https:\/\/www.eveline.hu\/2016\/shop\/\"},{\"@type\":\"ListItem\",\"position\":3,\"name\":\"K\u00f6r\u00f6m\u00e1pol\u00f3 SOS T\u00f6r\u00e9keny \u00e9s repedezett k\u00f6rm\u00f6kre 12ml\"}]},{\"@type\":\"WebSite\",\"@id\":\"https:\/\/www.eveline.hu\/2016\/#website\",\"url\":\"https:\/\/www.eveline.hu\/2016\/\",\"name\":\"Eveline Cosmetics Magyarorsz\u00e1g\",\"description\":\"Min\u0151s\u00e9gi kozmetikumok Lengyelorsz\u00e1gb\u00f3l\",\"potentialAction\":[{\"@type\":\"SearchAction\",\"target\":{\"@type\":\"EntryPoint\",\"urlTemplate\":\"https:\/\/www.eveline.hu\/2016\/?s={search_term_string}\"},\"query-input\":\"required name=search_term_string\"}],\"inLanguage\":\"hu\"}]}<\/script>\n<!-- \/ Yoast SEO plugin. -->","yoast_head_json":{"title":"SOS T\u00f6r\u00e9keny \u00e9s repedezett k\u00f6rm\u00f6kre 12ml","description":"T\u00f6bbfunkci\u00f3s extr\u00e9m er\u00f5s\u00edt\u00f5 hat\u00e1s\u00fa k\u00f6r\u00f6mer\u00f5s\u00edt\u00f5 folyad\u00e9k vitaminokkal, k\u00e1lciummal \u00e9s kollag\u00e9nnel. Ide\u00e1lis megold\u00e1s a gyenge, t\u00f6r\u00e9keny \u00e9s felrostoz\u00f3dott k\u00f6rm\u00f6k sz\u00e1m\u00e1ra.10 napos SOS k\u00fara.","robots":{"index":"index","follow":"follow","max-snippet":"max-snippet:-1","max-image-preview":"max-image-preview:large","max-video-preview":"max-video-preview:-1"},"canonical":"https:\/\/www.eveline.hu\/2016\/eveline-kozmetikumok-szepsegapolas\/smink\/korom\/koromerositok\/sos-torekeny-es-repedezett-kormokre-12ml\/","og_locale":"hu_HU","og_type":"article","og_title":"Eveline kozmetikumok - SOS T\u00f6r\u00e9keny \u00e9s repedezett k\u00f6rm\u00f6kre 12ml","og_description":"T\u00f6bbfunkci\u00f3s extr\u00e9m er\u00f5s\u00edt\u00f5 hat\u00e1s\u00fa k\u00f6r\u00f6mer\u00f5s\u00edt\u00f5 folyad\u00e9k vitaminokkal, k\u00e1lciummal \u00e9s kollag\u00e9nnel. Ide\u00e1lis megold\u00e1s a gyenge, t\u00f6r\u00e9keny \u00e9s felrostoz\u00f3dott k\u00f6rm\u00f6k sz\u00e1m\u00e1ra.10 napos SOS k\u00fara.","og_url":"https:\/\/www.eveline.hu\/2016\/eveline-kozmetikumok-szepsegapolas\/smink\/korom\/koromerositok\/sos-torekeny-es-repedezett-kormokre-12ml\/","og_site_name":"Eveline Cosmetics Magyarorsz\u00e1g","article_modified_time":"2025-07-30T14:24:12+00:00","og_image":[{"width":750,"height":750,"url":"https:\/\/www.eveline.hu\/2016\/wp-content\/uploads\/2016\/01\/K\u00f6r\u00f6m\u00e1pol\u00f3-SOS-\u00daj-w.png","type":"image\/png"}],"twitter_card":"summary_large_image","twitter_title":"Eveline kozmetikumok - SOS T\u00f6r\u00e9keny \u00e9s repedezett k\u00f6rm\u00f6kre 12ml","twitter_misc":{"Becs\u00fclt olvas\u00e1si id\u0151":"2 perc"},"schema":{"@context":"https:\/\/schema.org","@graph":[{"@type":"WebPage","@id":"https:\/\/www.eveline.hu\/2016\/eveline-kozmetikumok-szepsegapolas\/smink\/korom\/koromerositok\/sos-torekeny-es-repedezett-kormokre-12ml\/","url":"https:\/\/www.eveline.hu\/2016\/eveline-kozmetikumok-szepsegapolas\/smink\/korom\/koromerositok\/sos-torekeny-es-repedezett-kormokre-12ml\/","name":"SOS T\u00f6r\u00e9keny \u00e9s repedezett k\u00f6rm\u00f6kre 12ml","isPartOf":{"@id":"https:\/\/www.eveline.hu\/2016\/#website"},"primaryImageOfPage":{"@id":"https:\/\/www.eveline.hu\/2016\/eveline-kozmetikumok-szepsegapolas\/smink\/korom\/koromerositok\/sos-torekeny-es-repedezett-kormokre-12ml\/#primaryimage"},"image":{"@id":"https:\/\/www.eveline.hu\/2016\/eveline-kozmetikumok-szepsegapolas\/smink\/korom\/koromerositok\/sos-torekeny-es-repedezett-kormokre-12ml\/#primaryimage"},"thumbnailUrl":"https:\/\/www.eveline.hu\/2016\/wp-content\/uploads\/2016\/01\/K\u00f6r\u00f6m\u00e1pol\u00f3-SOS-\u00daj-w.png","datePublished":"2016-01-28T16:58:35+00:00","dateModified":"2025-07-30T14:24:12+00:00","description":"T\u00f6bbfunkci\u00f3s extr\u00e9m er\u00f5s\u00edt\u00f5 hat\u00e1s\u00fa k\u00f6r\u00f6mer\u00f5s\u00edt\u00f5 folyad\u00e9k vitaminokkal, k\u00e1lciummal \u00e9s kollag\u00e9nnel. Ide\u00e1lis megold\u00e1s a gyenge, t\u00f6r\u00e9keny \u00e9s felrostoz\u00f3dott k\u00f6rm\u00f6k sz\u00e1m\u00e1ra.10 napos SOS k\u00fara.","breadcrumb":{"@id":"https:\/\/www.eveline.hu\/2016\/eveline-kozmetikumok-szepsegapolas\/smink\/korom\/koromerositok\/sos-torekeny-es-repedezett-kormokre-12ml\/#breadcrumb"},"inLanguage":"hu","potentialAction":[{"@type":"ReadAction","target":["https:\/\/www.eveline.hu\/2016\/eveline-kozmetikumok-szepsegapolas\/smink\/korom\/koromerositok\/sos-torekeny-es-repedezett-kormokre-12ml\/"]}]},{"@type":"ImageObject","inLanguage":"hu","@id":"https:\/\/www.eveline.hu\/2016\/eveline-kozmetikumok-szepsegapolas\/smink\/korom\/koromerositok\/sos-torekeny-es-repedezett-kormokre-12ml\/#primaryimage","url":"https:\/\/www.eveline.hu\/2016\/wp-content\/uploads\/2016\/01\/K\u00f6r\u00f6m\u00e1pol\u00f3-SOS-\u00daj-w.png","contentUrl":"https:\/\/www.eveline.hu\/2016\/wp-content\/uploads\/2016\/01\/K\u00f6r\u00f6m\u00e1pol\u00f3-SOS-\u00daj-w.png","width":750,"height":750},{"@type":"BreadcrumbList","@id":"https:\/\/www.eveline.hu\/2016\/eveline-kozmetikumok-szepsegapolas\/smink\/korom\/koromerositok\/sos-torekeny-es-repedezett-kormokre-12ml\/#breadcrumb","itemListElement":[{"@type":"ListItem","position":1,"name":"Home","item":"https:\/\/www.eveline.hu\/2016\/"},{"@type":"ListItem","position":2,"name":"Term\u00e9kek","item":"https:\/\/www.eveline.hu\/2016\/shop\/"},{"@type":"ListItem","position":3,"name":"K\u00f6r\u00f6m\u00e1pol\u00f3 SOS T\u00f6r\u00e9keny \u00e9s repedezett k\u00f6rm\u00f6kre 12ml"}]},{"@type":"WebSite","@id":"https:\/\/www.eveline.hu\/2016\/#website","url":"https:\/\/www.eveline.hu\/2016\/","name":"Eveline Cosmetics Magyarorsz\u00e1g","description":"Min\u0151s\u00e9gi kozmetikumok Lengyelorsz\u00e1gb\u00f3l","potentialAction":[{"@type":"SearchAction","target":{"@type":"EntryPoint","urlTemplate":"https:\/\/www.eveline.hu\/2016\/?s={search_term_string}"},"query-input":"required name=search_term_string"}],"inLanguage":"hu"}]}},"_links":{"self":[{"href":"https:\/\/www.eveline.hu\/2016\/wp-json\/wp\/v2\/product\/20741"}],"collection":[{"href":"https:\/\/www.eveline.hu\/2016\/wp-json\/wp\/v2\/product"}],"about":[{"href":"https:\/\/www.eveline.hu\/2016\/wp-json\/wp\/v2\/types\/product"}],"replies":[{"embeddable":true,"href":"https:\/\/www.eveline.hu\/2016\/wp-json\/wp\/v2\/comments?post=20741"}],"wp:featuredmedia":[{"embeddable":true,"href":"https:\/\/www.eveline.hu\/2016\/wp-json\/wp\/v2\/media\/25341"}],"wp:attachment":[{"href":"https:\/\/www.eveline.hu\/2016\/wp-json\/wp\/v2\/media?parent=20741"}],"wp:term":[{"taxonomy":"product_cat","embeddable":true,"href":"https:\/\/www.eveline.hu\/2016\/wp-json\/wp\/v2\/product_cat?post=20741"},{"taxonomy":"product_tag","embeddable":true,"href":"https:\/\/www.eveline.hu\/2016\/wp-json\/wp\/v2\/product_tag?post=20741"}],"curies":[{"name":"wp","href":"https:\/\/api.w.org\/{rel}","templated":true}]}}