{"id":20740,"date":"2016-01-28T17:58:35","date_gmt":"2016-01-28T16:58:35","guid":{"rendered":"http:\/\/www.eveline.hu\/2016\/eveline-kozmetikumok-szepsegapolas\/nem-kategorizalt\/professzionalis-koromagybor-eltavolito-12ml\/"},"modified":"2025-07-30T16:10:42","modified_gmt":"2025-07-30T14:10:42","slug":"professzionalis-koromagybor-eltavolito-12ml","status":"publish","type":"product","link":"https:\/\/www.eveline.hu\/2016\/eveline-kozmetikumok-szepsegapolas\/smink\/korom\/koromerositok\/professzionalis-koromagybor-eltavolito-12ml\/","title":{"rendered":"Nail Therapy Professzion\u00e1lis k\u00f6r\u00f6m\u00e1gyb\u0151r elt\u00e1vol\u00edt\u00f3 12ml"},"content":{"rendered":"<p>Professzion\u00e1lis k\u00f6r\u00f6m\u00e1gyb\u0151r elt\u00e1vol\u00edt\u00f3.<br \/>\nPuha \u00e9s \u00e1polt k\u00f6r\u00f6m\u00e1gy. A k\u00e9sz\u00edtm\u00e9ny gyorsan, k\u00f6nnyen \u00e9s hat\u00e1sosan elt\u00e1vol\u00edtja a sz\u00e1raz, megvastagodott \u00e9s t\u00faln\u0151tt b\u0151rt a k\u00f6r\u00f6m k\u00f6r\u00fcl, a s\u00e9r\u00fcl\u00e9s kock\u00e1zata n\u00e9lk\u00fcl. Megg\u00e1tolja a beszakad\u00e1st, t\u00f6redez\u00e9st \u00e9s a b\u0151r k\u00f6r\u00f6mre val\u00f3 r\u00e1n\u00f6v\u00e9s\u00e9t. Avok\u00e1d\u00f3olajat tartalmaz, amely \u00e1pol, kisim\u00edt \u00e9s intenz\u00edven hidrat\u00e1l.<\/p>\n<p><strong>Haszn\u00e1lat:<\/strong><br \/>\nAlkalmazd a g\u00e9lt a k\u00f6r\u00f6m\u00e1gyb\u0151r\u00f6n \u00e9s hagyd 30mp-ig, majd gyeng\u00e9den told vissza a b\u0151rt a fap\u00e1lcika seg\u00edts\u00e9g\u00e9vel. A kezel\u00e9s ut\u00e1n alaposan mosd meg a kezed A hat\u00e1s megtart\u00e1sa \u00e9rdek\u00e9ben hetente ism\u00e9teld meg az elj\u00e1r\u00e1st.<\/p>\n<p><strong>FIGYELEM:<\/strong><br \/>\nNe alkalmazd s\u00e9r\u00fclt, irrit\u00e1lt b\u0151r\u00f6n. Ne hagyd a b\u0151r\u00f6n 1 percn\u00e9l tov\u00e1bb. Ker\u00fcld a szemmel val\u00f3<br \/>\n\u00e9rintkez\u00e9st. Ne vedd a sz\u00e1dba. Tartsd t\u00e1vol a gyerekekt\u0151l.<\/p>\n<p>&nbsp;<\/p>\n<p>\u00f6sszetev\u0151k: <span data-sheets-value=\"{&quot;1&quot;:2,&quot;2&quot;:&quot;Aqua (Water), Glycerin, Potassium Hydroxide, Carbomer, Potassium Sorbate, Persea Gratissima Oil, CI 77891.&quot;}\" data-sheets-userformat=\"{&quot;2&quot;:769,&quot;3&quot;:{&quot;1&quot;:0},&quot;11&quot;:4,&quot;12&quot;:0}\">Aqua (Water), Glycerin, Potassium Hydroxide, Carbomer, Potassium Sorbate, Persea Gratissima Oil, CI 77891.<\/span><\/p>\n","protected":false},"excerpt":{"rendered":"<p>Professzion\u00e1lis k\u00f6r\u00f6m\u00e1gyb\u0151r elt\u00e1vol\u00edt\u00f3. Puha \u00e9s \u00e1polt k\u00f6r\u00f6m\u00e1gy. A k\u00e9sz\u00edtm\u00e9ny gyorsan, k\u00f6nnyen \u00e9s hat\u00e1sosan elt\u00e1vol\u00edtja a sz\u00e1raz, megvastagodott \u00e9s t\u00faln\u0151tt b\u0151rt a k\u00f6r\u00f6m k\u00f6r\u00fcl, a s\u00e9r\u00fcl\u00e9s kock\u00e1zata n\u00e9lk\u00fcl.<\/p>\n","protected":false},"featured_media":25478,"comment_status":"open","ping_status":"closed","template":"","meta":[],"product_cat":[130,156,158,125,129,113],"product_tag":[],"yoast_head":"<!-- This site is optimized with the Yoast SEO plugin v22.2 - https:\/\/yoast.com\/wordpress\/plugins\/seo\/ -->\n<title>Professzion\u00e1lis k\u00f6r\u00f6m\u00e1gyb\u00f5r elt\u00e1vol\u00edt\u00f3 12ml<\/title>\n<meta name=\"description\" content=\"Professzion\u00e1lis k\u00f6r\u00f6m\u00e1gyb\u00f5r elt\u00e1vol\u00edt\u00f3. Puha \u00e9s \u00e1polt k\u00f6r\u00f6m\u00e1gy. A k\u00e9sz\u00edtm\u00e9ny gyorsan, k\u00f6nnyen \u00e9s hat\u00e1sosan elt\u00e1vol\u00edtja a sz\u00e1raz, megvastagodott \u00e9s t\u00faln\u00f5tt b\u00f5rt a k\u00f6r\u00f6m k\u00f6r\u00fcl, a s\u00e9r\u00fcl\u00e9s kock\u00e1zata n\u00e9lk\u00fcl.\" \/>\n<meta name=\"robots\" content=\"index, follow, max-snippet:-1, max-image-preview:large, max-video-preview:-1\" \/>\n<link rel=\"canonical\" href=\"https:\/\/www.eveline.hu\/2016\/eveline-kozmetikumok-szepsegapolas\/smink\/korom\/koromerositok\/professzionalis-koromagybor-eltavolito-12ml\/\" \/>\n<meta property=\"og:locale\" content=\"hu_HU\" \/>\n<meta property=\"og:type\" content=\"article\" \/>\n<meta property=\"og:title\" content=\"Eveline kozmetikumok - Professzion\u00e1lis k\u00f6r\u00f6m\u00e1gyb\u00f5r elt\u00e1vol\u00edt\u00f3 12ml\" \/>\n<meta property=\"og:description\" content=\"Professzion\u00e1lis k\u00f6r\u00f6m\u00e1gyb\u00f5r elt\u00e1vol\u00edt\u00f3. Puha \u00e9s \u00e1polt k\u00f6r\u00f6m\u00e1gy. A k\u00e9sz\u00edtm\u00e9ny gyorsan, k\u00f6nnyen \u00e9s hat\u00e1sosan elt\u00e1vol\u00edtja a sz\u00e1raz, megvastagodott \u00e9s t\u00faln\u00f5tt b\u00f5rt a k\u00f6r\u00f6m k\u00f6r\u00fcl, a s\u00e9r\u00fcl\u00e9s kock\u00e1zata n\u00e9lk\u00fcl.\" \/>\n<meta property=\"og:url\" content=\"https:\/\/www.eveline.hu\/2016\/eveline-kozmetikumok-szepsegapolas\/smink\/korom\/koromerositok\/professzionalis-koromagybor-eltavolito-12ml\/\" \/>\n<meta property=\"og:site_name\" content=\"Eveline Cosmetics Magyarorsz\u00e1g\" \/>\n<meta property=\"article:modified_time\" content=\"2025-07-30T14:10:42+00:00\" \/>\n<meta property=\"og:image\" content=\"https:\/\/www.eveline.hu\/2016\/wp-content\/uploads\/2016\/01\/JLL12NTSKORN-5907609333506-SPA-NAIL-SOFT-AND-HEALTHY-CUTICLES-12ML-w.png\" \/>\n\t<meta property=\"og:image:width\" content=\"750\" \/>\n\t<meta property=\"og:image:height\" content=\"750\" \/>\n\t<meta property=\"og:image:type\" content=\"image\/png\" \/>\n<meta name=\"twitter:card\" content=\"summary_large_image\" \/>\n<meta name=\"twitter:title\" content=\"Eveline kozmetikumok - Professzion\u00e1lis k\u00f6r\u00f6m\u00e1gyb\u00f5r elt\u00e1vol\u00edt\u00f3 12ml\" \/>\n<meta name=\"twitter:label1\" content=\"Becs\u00fclt olvas\u00e1si id\u0151\" \/>\n\t<meta name=\"twitter:data1\" content=\"1 perc\" \/>\n<script type=\"application\/ld+json\" class=\"yoast-schema-graph\">{\"@context\":\"https:\/\/schema.org\",\"@graph\":[{\"@type\":\"WebPage\",\"@id\":\"https:\/\/www.eveline.hu\/2016\/eveline-kozmetikumok-szepsegapolas\/smink\/korom\/koromerositok\/professzionalis-koromagybor-eltavolito-12ml\/\",\"url\":\"https:\/\/www.eveline.hu\/2016\/eveline-kozmetikumok-szepsegapolas\/smink\/korom\/koromerositok\/professzionalis-koromagybor-eltavolito-12ml\/\",\"name\":\"Professzion\u00e1lis k\u00f6r\u00f6m\u00e1gyb\u00f5r elt\u00e1vol\u00edt\u00f3 12ml\",\"isPartOf\":{\"@id\":\"https:\/\/www.eveline.hu\/2016\/#website\"},\"primaryImageOfPage\":{\"@id\":\"https:\/\/www.eveline.hu\/2016\/eveline-kozmetikumok-szepsegapolas\/smink\/korom\/koromerositok\/professzionalis-koromagybor-eltavolito-12ml\/#primaryimage\"},\"image\":{\"@id\":\"https:\/\/www.eveline.hu\/2016\/eveline-kozmetikumok-szepsegapolas\/smink\/korom\/koromerositok\/professzionalis-koromagybor-eltavolito-12ml\/#primaryimage\"},\"thumbnailUrl\":\"https:\/\/www.eveline.hu\/2016\/wp-content\/uploads\/2016\/01\/JLL12NTSKORN-5907609333506-SPA-NAIL-SOFT-AND-HEALTHY-CUTICLES-12ML-w.png\",\"datePublished\":\"2016-01-28T16:58:35+00:00\",\"dateModified\":\"2025-07-30T14:10:42+00:00\",\"description\":\"Professzion\u00e1lis k\u00f6r\u00f6m\u00e1gyb\u00f5r elt\u00e1vol\u00edt\u00f3. Puha \u00e9s \u00e1polt k\u00f6r\u00f6m\u00e1gy. A k\u00e9sz\u00edtm\u00e9ny gyorsan, k\u00f6nnyen \u00e9s hat\u00e1sosan elt\u00e1vol\u00edtja a sz\u00e1raz, megvastagodott \u00e9s t\u00faln\u00f5tt b\u00f5rt a k\u00f6r\u00f6m k\u00f6r\u00fcl, a s\u00e9r\u00fcl\u00e9s kock\u00e1zata n\u00e9lk\u00fcl.\",\"breadcrumb\":{\"@id\":\"https:\/\/www.eveline.hu\/2016\/eveline-kozmetikumok-szepsegapolas\/smink\/korom\/koromerositok\/professzionalis-koromagybor-eltavolito-12ml\/#breadcrumb\"},\"inLanguage\":\"hu\",\"potentialAction\":[{\"@type\":\"ReadAction\",\"target\":[\"https:\/\/www.eveline.hu\/2016\/eveline-kozmetikumok-szepsegapolas\/smink\/korom\/koromerositok\/professzionalis-koromagybor-eltavolito-12ml\/\"]}]},{\"@type\":\"ImageObject\",\"inLanguage\":\"hu\",\"@id\":\"https:\/\/www.eveline.hu\/2016\/eveline-kozmetikumok-szepsegapolas\/smink\/korom\/koromerositok\/professzionalis-koromagybor-eltavolito-12ml\/#primaryimage\",\"url\":\"https:\/\/www.eveline.hu\/2016\/wp-content\/uploads\/2016\/01\/JLL12NTSKORN-5907609333506-SPA-NAIL-SOFT-AND-HEALTHY-CUTICLES-12ML-w.png\",\"contentUrl\":\"https:\/\/www.eveline.hu\/2016\/wp-content\/uploads\/2016\/01\/JLL12NTSKORN-5907609333506-SPA-NAIL-SOFT-AND-HEALTHY-CUTICLES-12ML-w.png\",\"width\":750,\"height\":750},{\"@type\":\"BreadcrumbList\",\"@id\":\"https:\/\/www.eveline.hu\/2016\/eveline-kozmetikumok-szepsegapolas\/smink\/korom\/koromerositok\/professzionalis-koromagybor-eltavolito-12ml\/#breadcrumb\",\"itemListElement\":[{\"@type\":\"ListItem\",\"position\":1,\"name\":\"Home\",\"item\":\"https:\/\/www.eveline.hu\/2016\/\"},{\"@type\":\"ListItem\",\"position\":2,\"name\":\"Term\u00e9kek\",\"item\":\"https:\/\/www.eveline.hu\/2016\/shop\/\"},{\"@type\":\"ListItem\",\"position\":3,\"name\":\"Nail Therapy Professzion\u00e1lis k\u00f6r\u00f6m\u00e1gyb\u0151r elt\u00e1vol\u00edt\u00f3 12ml\"}]},{\"@type\":\"WebSite\",\"@id\":\"https:\/\/www.eveline.hu\/2016\/#website\",\"url\":\"https:\/\/www.eveline.hu\/2016\/\",\"name\":\"Eveline Cosmetics Magyarorsz\u00e1g\",\"description\":\"Min\u0151s\u00e9gi kozmetikumok Lengyelorsz\u00e1gb\u00f3l\",\"potentialAction\":[{\"@type\":\"SearchAction\",\"target\":{\"@type\":\"EntryPoint\",\"urlTemplate\":\"https:\/\/www.eveline.hu\/2016\/?s={search_term_string}\"},\"query-input\":\"required name=search_term_string\"}],\"inLanguage\":\"hu\"}]}<\/script>\n<!-- \/ Yoast SEO plugin. -->","yoast_head_json":{"title":"Professzion\u00e1lis k\u00f6r\u00f6m\u00e1gyb\u00f5r elt\u00e1vol\u00edt\u00f3 12ml","description":"Professzion\u00e1lis k\u00f6r\u00f6m\u00e1gyb\u00f5r elt\u00e1vol\u00edt\u00f3. Puha \u00e9s \u00e1polt k\u00f6r\u00f6m\u00e1gy. A k\u00e9sz\u00edtm\u00e9ny gyorsan, k\u00f6nnyen \u00e9s hat\u00e1sosan elt\u00e1vol\u00edtja a sz\u00e1raz, megvastagodott \u00e9s t\u00faln\u00f5tt b\u00f5rt a k\u00f6r\u00f6m k\u00f6r\u00fcl, a s\u00e9r\u00fcl\u00e9s kock\u00e1zata n\u00e9lk\u00fcl.","robots":{"index":"index","follow":"follow","max-snippet":"max-snippet:-1","max-image-preview":"max-image-preview:large","max-video-preview":"max-video-preview:-1"},"canonical":"https:\/\/www.eveline.hu\/2016\/eveline-kozmetikumok-szepsegapolas\/smink\/korom\/koromerositok\/professzionalis-koromagybor-eltavolito-12ml\/","og_locale":"hu_HU","og_type":"article","og_title":"Eveline kozmetikumok - Professzion\u00e1lis k\u00f6r\u00f6m\u00e1gyb\u00f5r elt\u00e1vol\u00edt\u00f3 12ml","og_description":"Professzion\u00e1lis k\u00f6r\u00f6m\u00e1gyb\u00f5r elt\u00e1vol\u00edt\u00f3. Puha \u00e9s \u00e1polt k\u00f6r\u00f6m\u00e1gy. A k\u00e9sz\u00edtm\u00e9ny gyorsan, k\u00f6nnyen \u00e9s hat\u00e1sosan elt\u00e1vol\u00edtja a sz\u00e1raz, megvastagodott \u00e9s t\u00faln\u00f5tt b\u00f5rt a k\u00f6r\u00f6m k\u00f6r\u00fcl, a s\u00e9r\u00fcl\u00e9s kock\u00e1zata n\u00e9lk\u00fcl.","og_url":"https:\/\/www.eveline.hu\/2016\/eveline-kozmetikumok-szepsegapolas\/smink\/korom\/koromerositok\/professzionalis-koromagybor-eltavolito-12ml\/","og_site_name":"Eveline Cosmetics Magyarorsz\u00e1g","article_modified_time":"2025-07-30T14:10:42+00:00","og_image":[{"width":750,"height":750,"url":"https:\/\/www.eveline.hu\/2016\/wp-content\/uploads\/2016\/01\/JLL12NTSKORN-5907609333506-SPA-NAIL-SOFT-AND-HEALTHY-CUTICLES-12ML-w.png","type":"image\/png"}],"twitter_card":"summary_large_image","twitter_title":"Eveline kozmetikumok - Professzion\u00e1lis k\u00f6r\u00f6m\u00e1gyb\u00f5r elt\u00e1vol\u00edt\u00f3 12ml","twitter_misc":{"Becs\u00fclt olvas\u00e1si id\u0151":"1 perc"},"schema":{"@context":"https:\/\/schema.org","@graph":[{"@type":"WebPage","@id":"https:\/\/www.eveline.hu\/2016\/eveline-kozmetikumok-szepsegapolas\/smink\/korom\/koromerositok\/professzionalis-koromagybor-eltavolito-12ml\/","url":"https:\/\/www.eveline.hu\/2016\/eveline-kozmetikumok-szepsegapolas\/smink\/korom\/koromerositok\/professzionalis-koromagybor-eltavolito-12ml\/","name":"Professzion\u00e1lis k\u00f6r\u00f6m\u00e1gyb\u00f5r elt\u00e1vol\u00edt\u00f3 12ml","isPartOf":{"@id":"https:\/\/www.eveline.hu\/2016\/#website"},"primaryImageOfPage":{"@id":"https:\/\/www.eveline.hu\/2016\/eveline-kozmetikumok-szepsegapolas\/smink\/korom\/koromerositok\/professzionalis-koromagybor-eltavolito-12ml\/#primaryimage"},"image":{"@id":"https:\/\/www.eveline.hu\/2016\/eveline-kozmetikumok-szepsegapolas\/smink\/korom\/koromerositok\/professzionalis-koromagybor-eltavolito-12ml\/#primaryimage"},"thumbnailUrl":"https:\/\/www.eveline.hu\/2016\/wp-content\/uploads\/2016\/01\/JLL12NTSKORN-5907609333506-SPA-NAIL-SOFT-AND-HEALTHY-CUTICLES-12ML-w.png","datePublished":"2016-01-28T16:58:35+00:00","dateModified":"2025-07-30T14:10:42+00:00","description":"Professzion\u00e1lis k\u00f6r\u00f6m\u00e1gyb\u00f5r elt\u00e1vol\u00edt\u00f3. Puha \u00e9s \u00e1polt k\u00f6r\u00f6m\u00e1gy. A k\u00e9sz\u00edtm\u00e9ny gyorsan, k\u00f6nnyen \u00e9s hat\u00e1sosan elt\u00e1vol\u00edtja a sz\u00e1raz, megvastagodott \u00e9s t\u00faln\u00f5tt b\u00f5rt a k\u00f6r\u00f6m k\u00f6r\u00fcl, a s\u00e9r\u00fcl\u00e9s kock\u00e1zata n\u00e9lk\u00fcl.","breadcrumb":{"@id":"https:\/\/www.eveline.hu\/2016\/eveline-kozmetikumok-szepsegapolas\/smink\/korom\/koromerositok\/professzionalis-koromagybor-eltavolito-12ml\/#breadcrumb"},"inLanguage":"hu","potentialAction":[{"@type":"ReadAction","target":["https:\/\/www.eveline.hu\/2016\/eveline-kozmetikumok-szepsegapolas\/smink\/korom\/koromerositok\/professzionalis-koromagybor-eltavolito-12ml\/"]}]},{"@type":"ImageObject","inLanguage":"hu","@id":"https:\/\/www.eveline.hu\/2016\/eveline-kozmetikumok-szepsegapolas\/smink\/korom\/koromerositok\/professzionalis-koromagybor-eltavolito-12ml\/#primaryimage","url":"https:\/\/www.eveline.hu\/2016\/wp-content\/uploads\/2016\/01\/JLL12NTSKORN-5907609333506-SPA-NAIL-SOFT-AND-HEALTHY-CUTICLES-12ML-w.png","contentUrl":"https:\/\/www.eveline.hu\/2016\/wp-content\/uploads\/2016\/01\/JLL12NTSKORN-5907609333506-SPA-NAIL-SOFT-AND-HEALTHY-CUTICLES-12ML-w.png","width":750,"height":750},{"@type":"BreadcrumbList","@id":"https:\/\/www.eveline.hu\/2016\/eveline-kozmetikumok-szepsegapolas\/smink\/korom\/koromerositok\/professzionalis-koromagybor-eltavolito-12ml\/#breadcrumb","itemListElement":[{"@type":"ListItem","position":1,"name":"Home","item":"https:\/\/www.eveline.hu\/2016\/"},{"@type":"ListItem","position":2,"name":"Term\u00e9kek","item":"https:\/\/www.eveline.hu\/2016\/shop\/"},{"@type":"ListItem","position":3,"name":"Nail Therapy Professzion\u00e1lis k\u00f6r\u00f6m\u00e1gyb\u0151r elt\u00e1vol\u00edt\u00f3 12ml"}]},{"@type":"WebSite","@id":"https:\/\/www.eveline.hu\/2016\/#website","url":"https:\/\/www.eveline.hu\/2016\/","name":"Eveline Cosmetics Magyarorsz\u00e1g","description":"Min\u0151s\u00e9gi kozmetikumok Lengyelorsz\u00e1gb\u00f3l","potentialAction":[{"@type":"SearchAction","target":{"@type":"EntryPoint","urlTemplate":"https:\/\/www.eveline.hu\/2016\/?s={search_term_string}"},"query-input":"required name=search_term_string"}],"inLanguage":"hu"}]}},"_links":{"self":[{"href":"https:\/\/www.eveline.hu\/2016\/wp-json\/wp\/v2\/product\/20740"}],"collection":[{"href":"https:\/\/www.eveline.hu\/2016\/wp-json\/wp\/v2\/product"}],"about":[{"href":"https:\/\/www.eveline.hu\/2016\/wp-json\/wp\/v2\/types\/product"}],"replies":[{"embeddable":true,"href":"https:\/\/www.eveline.hu\/2016\/wp-json\/wp\/v2\/comments?post=20740"}],"wp:featuredmedia":[{"embeddable":true,"href":"https:\/\/www.eveline.hu\/2016\/wp-json\/wp\/v2\/media\/25478"}],"wp:attachment":[{"href":"https:\/\/www.eveline.hu\/2016\/wp-json\/wp\/v2\/media?parent=20740"}],"wp:term":[{"taxonomy":"product_cat","embeddable":true,"href":"https:\/\/www.eveline.hu\/2016\/wp-json\/wp\/v2\/product_cat?post=20740"},{"taxonomy":"product_tag","embeddable":true,"href":"https:\/\/www.eveline.hu\/2016\/wp-json\/wp\/v2\/product_tag?post=20740"}],"curies":[{"name":"wp","href":"https:\/\/api.w.org\/{rel}","templated":true}]}}