{"id":20739,"date":"2016-01-28T17:58:35","date_gmt":"2016-01-28T16:58:35","guid":{"rendered":"http:\/\/www.eveline.hu\/2016\/eveline-kozmetikumok-szepsegapolas\/nem-kategorizalt\/maximalis-koromnovekedes-12ml\/"},"modified":"2025-07-30T16:25:59","modified_gmt":"2025-07-30T14:25:59","slug":"maximalis-koromnovekedes-12ml","status":"publish","type":"product","link":"https:\/\/www.eveline.hu\/2016\/eveline-kozmetikumok-szepsegapolas\/smink\/korom\/koromerositok\/maximalis-koromnovekedes-12ml\/","title":{"rendered":"K\u00f6r\u00f6m\u00e1pol\u00f3 Maxim\u00e1lis k\u00f6r\u00f6mn\u00f6veked\u00e9s 12ml"},"content":{"rendered":"<p>MAXIM\u00c1LIS K\u00d6R\u00d6MN\u00d6VEKED\u00c9S!<br \/>\nHat\u00e9kony k\u00f6r\u00f6mlemez er\u0151s\u00edt\u00e9st \u00e9s maxim\u00e1lis n\u00f6veked\u00e9st biztos\u00edt\u00f3 professzion\u00e1lis program. Olyan selyemproteinekkel gazdag\u00edtott formula, amely prec\u00edz m\u00f3don er\u0151s\u00edti \u00e9s t\u00f6m\u00edti a k\u00f6r\u00f6mlemezt.<br \/>\n10 napos k\u00fara alatt a k\u00f6r\u00f6m hossz\u00fav\u00e1 \u00e9s sz\u00e9pp\u00e9 v\u00e1lik.<\/p>\n<p>Haszn\u00e1lat:<br \/>\nNaponta vigy\u00e9l fel egy r\u00e9teget a k\u00f6rm\u00f6kre. H\u00e1rom nap ut\u00e1n mosd le a felvitt r\u00e9tegeket, majd ism\u00e9teld meg a tev\u00e9kenys\u00e9get. Haszn\u00e1ld addig am\u00edg \u00e9szreveszed, hogy k\u00f6rm\u00f6d gyorsabban n\u0151 \u00e9s er\u0151sebb lett.<\/p>\n<p>FIGYELEM:<br \/>\nHaszn\u00e1lat el\u0151tt v\u00e9dje a b\u0151rt oliv\u00e1val vagy kr\u00e9mmel. Ker\u00fclje a szembe ker\u00fcl\u00e9s\u00e9t. A k\u00e9sz\u00edtm\u00e9ny gy\u00fal\u00e9kony! Ne vegye sz\u00e1jba! Gyerekek el\u0151l z\u00e1rja el! 2% formaldehidet tartalmaz.<\/p>\n","protected":false},"excerpt":{"rendered":"<p>K\u00f6r\u00f6mn\u00f6veked\u00e9st gyors\u00edt\u00f3 k\u00e9sz\u00edtm\u00e9ny. Hat\u00e9kony k\u00f6r\u00f6mlemez er\u0151s\u00edt\u00e9st \u00e9s maxim\u00e1lis n\u00f6veked\u00e9st biztos\u00edt\u00f3 professzion\u00e1lis program. Olyan selyemproteinekkel gazdag\u00edtott formula, amely prec\u00edz m\u00f3don er\u0151s\u00edti \u00e9s t\u00f6m\u00edti a k\u00f6r\u00f6mlemezt.<\/p>\n","protected":false},"featured_media":25340,"comment_status":"open","ping_status":"closed","template":"","meta":[],"product_cat":[130,156,158,125,129,113],"product_tag":[],"yoast_head":"<!-- This site is optimized with the Yoast SEO plugin v22.2 - https:\/\/yoast.com\/wordpress\/plugins\/seo\/ -->\n<title>Maxim\u00e1lis k\u00f6r\u00f6mn\u00f6veked\u00e9s 12ml<\/title>\n<meta name=\"description\" content=\"K\u00f6r\u00f6mn\u00f6veked\u00e9st gyors\u00edt\u00f3 k\u00e9sz\u00edtm\u00e9ny. Hat\u00e9kony k\u00f6r\u00f6mlemez er\u00f5s\u00edt\u00e9st \u00e9s maxim\u00e1lis n\u00f6veked\u00e9st biztos\u00edt\u00f3 professzion\u00e1lis program. Olyan selyemproteinekkel gazdag\u00edtott formula, amely prec\u00edz m\u00f3don er\u00f5s\u00edti \u00e9s t\u00f6m\u00edti a k\u00f6r\u00f6mlemezt.\" \/>\n<meta name=\"robots\" content=\"index, follow, max-snippet:-1, max-image-preview:large, max-video-preview:-1\" \/>\n<link rel=\"canonical\" href=\"https:\/\/www.eveline.hu\/2016\/eveline-kozmetikumok-szepsegapolas\/smink\/korom\/koromerositok\/maximalis-koromnovekedes-12ml\/\" \/>\n<meta property=\"og:locale\" content=\"hu_HU\" \/>\n<meta property=\"og:type\" content=\"article\" \/>\n<meta property=\"og:title\" content=\"Eveline kozmetikumok - Maxim\u00e1lis k\u00f6r\u00f6mn\u00f6veked\u00e9s 12ml\" \/>\n<meta property=\"og:description\" content=\"K\u00f6r\u00f6mn\u00f6veked\u00e9st gyors\u00edt\u00f3 k\u00e9sz\u00edtm\u00e9ny. Hat\u00e9kony k\u00f6r\u00f6mlemez er\u00f5s\u00edt\u00e9st \u00e9s maxim\u00e1lis n\u00f6veked\u00e9st biztos\u00edt\u00f3 professzion\u00e1lis program. Olyan selyemproteinekkel gazdag\u00edtott formula, amely prec\u00edz m\u00f3don er\u00f5s\u00edti \u00e9s t\u00f6m\u00edti a k\u00f6r\u00f6mlemezt.\" \/>\n<meta property=\"og:url\" content=\"https:\/\/www.eveline.hu\/2016\/eveline-kozmetikumok-szepsegapolas\/smink\/korom\/koromerositok\/maximalis-koromnovekedes-12ml\/\" \/>\n<meta property=\"og:site_name\" content=\"Eveline Cosmetics Magyarorsz\u00e1g\" \/>\n<meta property=\"article:modified_time\" content=\"2025-07-30T14:25:59+00:00\" \/>\n<meta property=\"og:image\" content=\"https:\/\/www.eveline.hu\/2016\/wp-content\/uploads\/2016\/01\/K\u00f6r\u00f6m\u00e1pol\u00f3-Maximalis-n\u00f6v.\u00daj-w.png\" \/>\n\t<meta property=\"og:image:width\" content=\"750\" \/>\n\t<meta property=\"og:image:height\" content=\"750\" \/>\n\t<meta property=\"og:image:type\" content=\"image\/png\" \/>\n<meta name=\"twitter:card\" content=\"summary_large_image\" \/>\n<meta name=\"twitter:title\" content=\"Eveline kozmetikumok - Maxim\u00e1lis k\u00f6r\u00f6mn\u00f6veked\u00e9s 12ml\" \/>\n<meta name=\"twitter:label1\" content=\"Becs\u00fclt olvas\u00e1si id\u0151\" \/>\n\t<meta name=\"twitter:data1\" content=\"1 perc\" \/>\n<script type=\"application\/ld+json\" class=\"yoast-schema-graph\">{\"@context\":\"https:\/\/schema.org\",\"@graph\":[{\"@type\":\"WebPage\",\"@id\":\"https:\/\/www.eveline.hu\/2016\/eveline-kozmetikumok-szepsegapolas\/smink\/korom\/koromerositok\/maximalis-koromnovekedes-12ml\/\",\"url\":\"https:\/\/www.eveline.hu\/2016\/eveline-kozmetikumok-szepsegapolas\/smink\/korom\/koromerositok\/maximalis-koromnovekedes-12ml\/\",\"name\":\"Maxim\u00e1lis k\u00f6r\u00f6mn\u00f6veked\u00e9s 12ml\",\"isPartOf\":{\"@id\":\"https:\/\/www.eveline.hu\/2016\/#website\"},\"primaryImageOfPage\":{\"@id\":\"https:\/\/www.eveline.hu\/2016\/eveline-kozmetikumok-szepsegapolas\/smink\/korom\/koromerositok\/maximalis-koromnovekedes-12ml\/#primaryimage\"},\"image\":{\"@id\":\"https:\/\/www.eveline.hu\/2016\/eveline-kozmetikumok-szepsegapolas\/smink\/korom\/koromerositok\/maximalis-koromnovekedes-12ml\/#primaryimage\"},\"thumbnailUrl\":\"https:\/\/www.eveline.hu\/2016\/wp-content\/uploads\/2016\/01\/K\u00f6r\u00f6m\u00e1pol\u00f3-Maximalis-n\u00f6v.\u00daj-w.png\",\"datePublished\":\"2016-01-28T16:58:35+00:00\",\"dateModified\":\"2025-07-30T14:25:59+00:00\",\"description\":\"K\u00f6r\u00f6mn\u00f6veked\u00e9st gyors\u00edt\u00f3 k\u00e9sz\u00edtm\u00e9ny. Hat\u00e9kony k\u00f6r\u00f6mlemez er\u00f5s\u00edt\u00e9st \u00e9s maxim\u00e1lis n\u00f6veked\u00e9st biztos\u00edt\u00f3 professzion\u00e1lis program. Olyan selyemproteinekkel gazdag\u00edtott formula, amely prec\u00edz m\u00f3don er\u00f5s\u00edti \u00e9s t\u00f6m\u00edti a k\u00f6r\u00f6mlemezt.\",\"breadcrumb\":{\"@id\":\"https:\/\/www.eveline.hu\/2016\/eveline-kozmetikumok-szepsegapolas\/smink\/korom\/koromerositok\/maximalis-koromnovekedes-12ml\/#breadcrumb\"},\"inLanguage\":\"hu\",\"potentialAction\":[{\"@type\":\"ReadAction\",\"target\":[\"https:\/\/www.eveline.hu\/2016\/eveline-kozmetikumok-szepsegapolas\/smink\/korom\/koromerositok\/maximalis-koromnovekedes-12ml\/\"]}]},{\"@type\":\"ImageObject\",\"inLanguage\":\"hu\",\"@id\":\"https:\/\/www.eveline.hu\/2016\/eveline-kozmetikumok-szepsegapolas\/smink\/korom\/koromerositok\/maximalis-koromnovekedes-12ml\/#primaryimage\",\"url\":\"https:\/\/www.eveline.hu\/2016\/wp-content\/uploads\/2016\/01\/K\u00f6r\u00f6m\u00e1pol\u00f3-Maximalis-n\u00f6v.\u00daj-w.png\",\"contentUrl\":\"https:\/\/www.eveline.hu\/2016\/wp-content\/uploads\/2016\/01\/K\u00f6r\u00f6m\u00e1pol\u00f3-Maximalis-n\u00f6v.\u00daj-w.png\",\"width\":750,\"height\":750},{\"@type\":\"BreadcrumbList\",\"@id\":\"https:\/\/www.eveline.hu\/2016\/eveline-kozmetikumok-szepsegapolas\/smink\/korom\/koromerositok\/maximalis-koromnovekedes-12ml\/#breadcrumb\",\"itemListElement\":[{\"@type\":\"ListItem\",\"position\":1,\"name\":\"Home\",\"item\":\"https:\/\/www.eveline.hu\/2016\/\"},{\"@type\":\"ListItem\",\"position\":2,\"name\":\"Term\u00e9kek\",\"item\":\"https:\/\/www.eveline.hu\/2016\/shop\/\"},{\"@type\":\"ListItem\",\"position\":3,\"name\":\"K\u00f6r\u00f6m\u00e1pol\u00f3 Maxim\u00e1lis k\u00f6r\u00f6mn\u00f6veked\u00e9s 12ml\"}]},{\"@type\":\"WebSite\",\"@id\":\"https:\/\/www.eveline.hu\/2016\/#website\",\"url\":\"https:\/\/www.eveline.hu\/2016\/\",\"name\":\"Eveline Cosmetics Magyarorsz\u00e1g\",\"description\":\"Min\u0151s\u00e9gi kozmetikumok Lengyelorsz\u00e1gb\u00f3l\",\"potentialAction\":[{\"@type\":\"SearchAction\",\"target\":{\"@type\":\"EntryPoint\",\"urlTemplate\":\"https:\/\/www.eveline.hu\/2016\/?s={search_term_string}\"},\"query-input\":\"required name=search_term_string\"}],\"inLanguage\":\"hu\"}]}<\/script>\n<!-- \/ Yoast SEO plugin. -->","yoast_head_json":{"title":"Maxim\u00e1lis k\u00f6r\u00f6mn\u00f6veked\u00e9s 12ml","description":"K\u00f6r\u00f6mn\u00f6veked\u00e9st gyors\u00edt\u00f3 k\u00e9sz\u00edtm\u00e9ny. Hat\u00e9kony k\u00f6r\u00f6mlemez er\u00f5s\u00edt\u00e9st \u00e9s maxim\u00e1lis n\u00f6veked\u00e9st biztos\u00edt\u00f3 professzion\u00e1lis program. Olyan selyemproteinekkel gazdag\u00edtott formula, amely prec\u00edz m\u00f3don er\u00f5s\u00edti \u00e9s t\u00f6m\u00edti a k\u00f6r\u00f6mlemezt.","robots":{"index":"index","follow":"follow","max-snippet":"max-snippet:-1","max-image-preview":"max-image-preview:large","max-video-preview":"max-video-preview:-1"},"canonical":"https:\/\/www.eveline.hu\/2016\/eveline-kozmetikumok-szepsegapolas\/smink\/korom\/koromerositok\/maximalis-koromnovekedes-12ml\/","og_locale":"hu_HU","og_type":"article","og_title":"Eveline kozmetikumok - Maxim\u00e1lis k\u00f6r\u00f6mn\u00f6veked\u00e9s 12ml","og_description":"K\u00f6r\u00f6mn\u00f6veked\u00e9st gyors\u00edt\u00f3 k\u00e9sz\u00edtm\u00e9ny. Hat\u00e9kony k\u00f6r\u00f6mlemez er\u00f5s\u00edt\u00e9st \u00e9s maxim\u00e1lis n\u00f6veked\u00e9st biztos\u00edt\u00f3 professzion\u00e1lis program. Olyan selyemproteinekkel gazdag\u00edtott formula, amely prec\u00edz m\u00f3don er\u00f5s\u00edti \u00e9s t\u00f6m\u00edti a k\u00f6r\u00f6mlemezt.","og_url":"https:\/\/www.eveline.hu\/2016\/eveline-kozmetikumok-szepsegapolas\/smink\/korom\/koromerositok\/maximalis-koromnovekedes-12ml\/","og_site_name":"Eveline Cosmetics Magyarorsz\u00e1g","article_modified_time":"2025-07-30T14:25:59+00:00","og_image":[{"width":750,"height":750,"url":"https:\/\/www.eveline.hu\/2016\/wp-content\/uploads\/2016\/01\/K\u00f6r\u00f6m\u00e1pol\u00f3-Maximalis-n\u00f6v.\u00daj-w.png","type":"image\/png"}],"twitter_card":"summary_large_image","twitter_title":"Eveline kozmetikumok - Maxim\u00e1lis k\u00f6r\u00f6mn\u00f6veked\u00e9s 12ml","twitter_misc":{"Becs\u00fclt olvas\u00e1si id\u0151":"1 perc"},"schema":{"@context":"https:\/\/schema.org","@graph":[{"@type":"WebPage","@id":"https:\/\/www.eveline.hu\/2016\/eveline-kozmetikumok-szepsegapolas\/smink\/korom\/koromerositok\/maximalis-koromnovekedes-12ml\/","url":"https:\/\/www.eveline.hu\/2016\/eveline-kozmetikumok-szepsegapolas\/smink\/korom\/koromerositok\/maximalis-koromnovekedes-12ml\/","name":"Maxim\u00e1lis k\u00f6r\u00f6mn\u00f6veked\u00e9s 12ml","isPartOf":{"@id":"https:\/\/www.eveline.hu\/2016\/#website"},"primaryImageOfPage":{"@id":"https:\/\/www.eveline.hu\/2016\/eveline-kozmetikumok-szepsegapolas\/smink\/korom\/koromerositok\/maximalis-koromnovekedes-12ml\/#primaryimage"},"image":{"@id":"https:\/\/www.eveline.hu\/2016\/eveline-kozmetikumok-szepsegapolas\/smink\/korom\/koromerositok\/maximalis-koromnovekedes-12ml\/#primaryimage"},"thumbnailUrl":"https:\/\/www.eveline.hu\/2016\/wp-content\/uploads\/2016\/01\/K\u00f6r\u00f6m\u00e1pol\u00f3-Maximalis-n\u00f6v.\u00daj-w.png","datePublished":"2016-01-28T16:58:35+00:00","dateModified":"2025-07-30T14:25:59+00:00","description":"K\u00f6r\u00f6mn\u00f6veked\u00e9st gyors\u00edt\u00f3 k\u00e9sz\u00edtm\u00e9ny. Hat\u00e9kony k\u00f6r\u00f6mlemez er\u00f5s\u00edt\u00e9st \u00e9s maxim\u00e1lis n\u00f6veked\u00e9st biztos\u00edt\u00f3 professzion\u00e1lis program. Olyan selyemproteinekkel gazdag\u00edtott formula, amely prec\u00edz m\u00f3don er\u00f5s\u00edti \u00e9s t\u00f6m\u00edti a k\u00f6r\u00f6mlemezt.","breadcrumb":{"@id":"https:\/\/www.eveline.hu\/2016\/eveline-kozmetikumok-szepsegapolas\/smink\/korom\/koromerositok\/maximalis-koromnovekedes-12ml\/#breadcrumb"},"inLanguage":"hu","potentialAction":[{"@type":"ReadAction","target":["https:\/\/www.eveline.hu\/2016\/eveline-kozmetikumok-szepsegapolas\/smink\/korom\/koromerositok\/maximalis-koromnovekedes-12ml\/"]}]},{"@type":"ImageObject","inLanguage":"hu","@id":"https:\/\/www.eveline.hu\/2016\/eveline-kozmetikumok-szepsegapolas\/smink\/korom\/koromerositok\/maximalis-koromnovekedes-12ml\/#primaryimage","url":"https:\/\/www.eveline.hu\/2016\/wp-content\/uploads\/2016\/01\/K\u00f6r\u00f6m\u00e1pol\u00f3-Maximalis-n\u00f6v.\u00daj-w.png","contentUrl":"https:\/\/www.eveline.hu\/2016\/wp-content\/uploads\/2016\/01\/K\u00f6r\u00f6m\u00e1pol\u00f3-Maximalis-n\u00f6v.\u00daj-w.png","width":750,"height":750},{"@type":"BreadcrumbList","@id":"https:\/\/www.eveline.hu\/2016\/eveline-kozmetikumok-szepsegapolas\/smink\/korom\/koromerositok\/maximalis-koromnovekedes-12ml\/#breadcrumb","itemListElement":[{"@type":"ListItem","position":1,"name":"Home","item":"https:\/\/www.eveline.hu\/2016\/"},{"@type":"ListItem","position":2,"name":"Term\u00e9kek","item":"https:\/\/www.eveline.hu\/2016\/shop\/"},{"@type":"ListItem","position":3,"name":"K\u00f6r\u00f6m\u00e1pol\u00f3 Maxim\u00e1lis k\u00f6r\u00f6mn\u00f6veked\u00e9s 12ml"}]},{"@type":"WebSite","@id":"https:\/\/www.eveline.hu\/2016\/#website","url":"https:\/\/www.eveline.hu\/2016\/","name":"Eveline Cosmetics Magyarorsz\u00e1g","description":"Min\u0151s\u00e9gi kozmetikumok Lengyelorsz\u00e1gb\u00f3l","potentialAction":[{"@type":"SearchAction","target":{"@type":"EntryPoint","urlTemplate":"https:\/\/www.eveline.hu\/2016\/?s={search_term_string}"},"query-input":"required name=search_term_string"}],"inLanguage":"hu"}]}},"_links":{"self":[{"href":"https:\/\/www.eveline.hu\/2016\/wp-json\/wp\/v2\/product\/20739"}],"collection":[{"href":"https:\/\/www.eveline.hu\/2016\/wp-json\/wp\/v2\/product"}],"about":[{"href":"https:\/\/www.eveline.hu\/2016\/wp-json\/wp\/v2\/types\/product"}],"replies":[{"embeddable":true,"href":"https:\/\/www.eveline.hu\/2016\/wp-json\/wp\/v2\/comments?post=20739"}],"wp:featuredmedia":[{"embeddable":true,"href":"https:\/\/www.eveline.hu\/2016\/wp-json\/wp\/v2\/media\/25340"}],"wp:attachment":[{"href":"https:\/\/www.eveline.hu\/2016\/wp-json\/wp\/v2\/media?parent=20739"}],"wp:term":[{"taxonomy":"product_cat","embeddable":true,"href":"https:\/\/www.eveline.hu\/2016\/wp-json\/wp\/v2\/product_cat?post=20739"},{"taxonomy":"product_tag","embeddable":true,"href":"https:\/\/www.eveline.hu\/2016\/wp-json\/wp\/v2\/product_tag?post=20739"}],"curies":[{"name":"wp","href":"https:\/\/api.w.org\/{rel}","templated":true}]}}